{"id":559667,"date":"2014-06-29T03:25:26","date_gmt":"2014-06-29T01:25:26","guid":{"rendered":"http:\/\/diablo3.ingame.de\/?page_id=559667"},"modified":"2023-02-24T18:20:26","modified_gmt":"2023-02-24T16:20:26","slug":"skilltree3","status":"publish","type":"page","link":"https:\/\/planetdiablo.eu\/de\/diablo-2\/die-charaktere\/der-paladin\/paladin\/skilltree3\/","title":{"rendered":"Diablo 2 &#8211; Defensive Auren des Paladins"},"content":{"rendered":"\n<p>Diese Skillbeschreibungen sind f\u00fcr D2 wie D2R gleichermassen n\u00fctzlich. Verlinkt ist jedoch auf den D2R-Skillcalculator weil wesentlich mehr Leute D2R spielen als D2 Legacy. Wer die Skillentwicklung in D2 Legacy verfolgen will, nimmt statt dessen diesen Link zum <a href=\"https:\/\/planetdiablo.eu\/diablo2\/calcs\/skills\/110\/index.php?char=pal&amp;lang=de\">D2 LoD (Legacy) Calc<\/a>.<\/p>\n\n\n<p><img decoding=\"async\" style=\"float: left!important; margin-right: 25px;\" src=\"\/wp-content\/uploads\/2014\/06\/tree3_pala.jpg\" alt=\"Skilltree Defensive Auras \/ Defensive Auras\" usemap=\"#jump\" border=\"0\"><\/p>\n<ul>\n<li><a href=\"#s1\">Gebet \/ Prayer <\/a><\/li>\n<li><a href=\"#s2\">Widerstand gegen Feuer \/ Resist Fire<\/a><\/li>\n<li><a href=\"#s3\">Trotz \/ Defiance<\/a><\/li>\n<li><a href=\"#s4\">Widerstand gegen K\u00e4lte \/ Resist Cold<\/a><\/li>\n<li><a href=\"#s5\">Reinigung \/ Cleansing<\/a><\/li>\n<li><a href=\"#s6\">Widerstand gegen Blitze \/ Resist Lightning<\/a><\/li>\n<li><a href=\"#s7\">Gedeihen \/ Vigor<\/a><\/li>\n<li><a href=\"#s8\">Meditation \/ Meditation<\/a><\/li>\n<li><a href=\"#s9\">R\u00fccknahme \/ Redemtion<\/a><\/li>\n<li><a href=\"#s10\">Errettung \/ Salvation<\/a><\/li>\n<\/ul>\n<div style=\"clear: both;\"><\/div>\n<h2 id=\"s1\">Gebet \/ Prayer<\/h2>\n<p><img loading=\"lazy\" decoding=\"async\" class=\"alignnone size-full wp-image-584997 alignleft\" src=\"https:\/\/planetdiablo.eu\/de\/wp-content\/uploads\/2022\/02\/D2R-Paladin-prayer-pressed_klein.jpg\" alt=\"\" width=\"65\" height=\"65\"><\/p>\n<p><i>Heilt die Party.<br>\n<\/i><br>\nDiese Aura regeneriert bei der gesamten Party in<br>\nregelm\u00e4\u00dfigen Abst\u00e4nden mehrere Lebenspunkte. Diese<br>\nAura, die als einzige Mana verbraucht, ist jedoch<br>\nsp\u00e4testens ab Alptraum wegen der geringen Menge<br>\nregenerierten Lebens nutzlos.<\/p>\n<table>\n<tbody>\n<tr>\n<th colspan=\"2\">Skill-Details<\/th>\n<\/tr>\n<tr>\n<td>Art:<\/td>\n<td>Aura Skill<\/td>\n<\/tr>\n<tr>\n<td>Voraussetzungen:<\/td>\n<td>\n<ul>\n<li>Charakterlevel: 1<\/li>\n<li>Skills: Keine<\/li>\n<\/ul>\n<\/td>\n<\/tr>\n<tr>\n<td>Wirkung:<\/td>\n<td>Heilt Party<\/td>\n<\/tr>\n<tr>\n<td>Skillentwicklung:<\/td>\n<td><a href=\"https:\/\/planetdiablo.eu\/d2dbneu\/calcs\/skills\/d2r\/index.php?lang=de&amp;char=pal\">im Skill-Kalkulator ansehen<\/a><\/td>\n<\/tr>\n<tr>\n<td>Synergie:<\/td>\n<td>keine<\/td>\n<\/tr>\n<tr>\n<td>Casting Delay:<\/td>\n<td>keines<\/td>\n<\/tr>\n<\/tbody>\n<\/table>\n<h2 id=\"s2\">Widerstand gegen Feuer \/ Resist<br>\nFire<\/h2>\n<p><img loading=\"lazy\" decoding=\"async\" class=\"alignnone size-full wp-image-585005 alignleft\" src=\"https:\/\/planetdiablo.eu\/de\/wp-content\/uploads\/2022\/02\/D2R-Paladin-resist-cold-pressed_klein.jpg\" alt=\"\" width=\"65\" height=\"65\"><\/p>\n<p><i>Erh\u00f6ht den<br>\nFeuerwiderstand.<br>\n<\/i>Obwohl die Resistenzerh\u00f6hung dieser Aura in hohen Leveln h\u00f6her als bei <a href=\"#s10\">Errettung<\/a> ist, ist letztere wegen ihrer Flexibilit\u00e4t immer vorzuziehen.Was trotzdem f\u00fcr diese Aura sprechen kann ist die passive Erh\u00f6hung der maximalen Resistenz (selbst<br>\nwenn die Aura nicht aktiv ist!).<\/p>\n<table>\n<tbody>\n<tr>\n<th colspan=\"2\">Skill-Details<\/th>\n<\/tr>\n<tr>\n<td>Art:<\/td>\n<td>Aura Skill<\/td>\n<\/tr>\n<tr>\n<td>Voraussetzungen:<\/td>\n<td>\n<ul>\n<li>Charakterlevel: 1<\/li>\n<li>Skills: Keine<\/li>\n<\/ul>\n<\/td>\n<\/tr>\n<tr>\n<td>Wirkung:<\/td>\n<td>Erh\u00f6ht Feuerresistenz<br>\nund maximale Feuerresistenz der Party \/ maximale<br>\nFeuerresistenzbonus<\/td>\n<\/tr>\n<tr>\n<td>Skillentwicklung:<\/td>\n<td>im Skill-Kalkulator ansehen<\/td>\n<\/tr>\n<tr>\n<td>Synergie:<\/td>\n<td>keine<\/td>\n<\/tr>\n<tr>\n<td>Casting Delay:<\/td>\n<td>keines<\/td>\n<\/tr>\n<\/tbody>\n<\/table>\n<h2 id=\"s3\">Trotz \/ Defiance<\/h2>\n<p><img loading=\"lazy\" decoding=\"async\" class=\"alignnone size-full wp-image-584957 alignleft\" src=\"https:\/\/planetdiablo.eu\/de\/wp-content\/uploads\/2022\/02\/D2R-Paladin-defiance-pressed_klein.jpg\" alt=\"\" width=\"65\" height=\"65\"><\/p>\n<p><i>Erh\u00f6ht die Verteidigung.<br>\n<\/i><br>\nDa Trotz auch den Verteidigungsbonus von Heiligem Schild<br>\nverst\u00e4rkt, kann ein Paladin damit enorm hohe Verteidigungswerte erreichen. F\u00fcr einen Paladin, der m\u00f6glichst selten getroffen werden will, ist diese Aura die erste Wahl.<\/p>\n<table>\n<tbody>\n<tr>\n<th colspan=\"2\">Skill-Details<\/th>\n<\/tr>\n<tr>\n<td>Art:<\/td>\n<td>Aura Skill<\/td>\n<\/tr>\n<tr>\n<td>Voraussetzungen:<\/td>\n<td>\n<ul>\n<li>Charakterlevel: 6<\/li>\n<li>Skills: Keine<\/li>\n<\/ul>\n<\/td>\n<\/tr>\n<tr>\n<td>Wirkung:<\/td>\n<td>Erh\u00f6ht Verteidigung der<br>\nParty<\/td>\n<\/tr>\n<tr>\n<td>Skillentwicklung:<\/td>\n<td><a href=\"https:\/\/planetdiablo.eu\/d2dbneu\/calcs\/skills\/d2r\/index.php?lang=de&amp;char=pal\">im Skill-Kalkulator ansehen<\/a><\/td>\n<\/tr>\n<tr>\n<td>Synergie:<\/td>\n<td>keine<\/td>\n<\/tr>\n<tr>\n<td>Casting Delay:<\/td>\n<td>keines<\/td>\n<\/tr>\n<\/tbody>\n<\/table>\n<h2 id=\"s4\">Widerstand gegen K\u00e4lte \/<br>\nResist Cold<\/h2>\n<p><img loading=\"lazy\" decoding=\"async\" class=\"alignnone size-full wp-image-585005 alignleft\" src=\"https:\/\/planetdiablo.eu\/de\/wp-content\/uploads\/2022\/02\/D2R-Paladin-resist-cold-pressed_klein.jpg\" alt=\"\" width=\"65\" height=\"65\"><\/p>\n<p><i>Erh\u00f6ht den<br>\nK\u00e4ltewiderstand. <\/i><\/p>\n<p>Obwohl die Resistenzerh\u00f6hung dieser Aura in hohen Leveln h\u00f6her als bei <a href=\"#s10\">Errettung<\/a> ist, ist letztere wegen ihrer Flexibilit\u00e4t immer vorzuziehen.Was trotzdem f\u00fcr diese Aura sprechen kann ist die passive Erh\u00f6hung der maximalen Resistenz (selbst<br>\nwenn die Aura nicht aktiv ist!).<\/p>\n<table>\n<tbody>\n<tr>\n<th colspan=\"2\">Skill-Details<\/th>\n<\/tr>\n<tr>\n<td>Art:<\/td>\n<td>Aura Skill<\/td>\n<\/tr>\n<tr>\n<td>Voraussetzungen:<\/td>\n<td>\n<ul>\n<li>Charakterlevel: 6<\/li>\n<li>Skills: Keine<\/li>\n<\/ul>\n<\/td>\n<\/tr>\n<tr>\n<td>Wirkung:<\/td>\n<td>Erh\u00f6ht K\u00e4lteresistenz<br>\nund maximale K\u00e4lteresistenz der Party \/ maximale<br>\nK\u00e4lteresistenzbonus<\/td>\n<\/tr>\n<tr>\n<td>Skillentwicklung:<\/td>\n<td><a href=\"https:\/\/planetdiablo.eu\/d2dbneu\/calcs\/skills\/d2r\/index.php?lang=de&amp;char=pal\">im Skill-Kalkulator ansehen<\/a><\/td>\n<\/tr>\n<tr>\n<td>Synergie:<\/td>\n<td>keine<\/td>\n<\/tr>\n<tr>\n<td>Casting Delay:<\/td>\n<td>keines<\/td>\n<\/tr>\n<\/tbody>\n<\/table>\n<h2 id=\"s5\">Reinigung \/ Cleansing<\/h2>\n<p><img loading=\"lazy\" decoding=\"async\" class=\"alignnone size-full wp-image-584941 alignleft\" src=\"https:\/\/planetdiablo.eu\/de\/wp-content\/uploads\/2022\/02\/D2R-Paladin-cleansing-pressed_klein.jpg\" alt=\"\" width=\"65\" height=\"65\"><\/p>\n<p><i>Reduziert die Dauer von<br>\nVergiftungen und Fl\u00fcchen.<\/i><\/p>\n<p><i> <\/i>Diese Aura ist eine der beiden einzigen M\u00f6glichkeiten in Diablo 2 die Dauer<br>\neines Fluches zu verk\u00fcrzen. Sie ist somit beispielsweise im Chaos Sanktuarium sehr praktisch, falls man selber oder nahk\u00e4mpfende Partymitglieder mit Eiserner Jungfrau<br>\nverflucht sind. Mit entsprechender Synergie l\u00e4sst sisi auch der gleiche Effekt wie bei <a href=\"#s1\">Gebet<\/a> erreichen!<\/p>\n<table>\n<tbody>\n<tr>\n<th colspan=\"2\">Skill-Details<\/th>\n<\/tr>\n<tr>\n<td>Art:<\/td>\n<td>Aura Skill<\/td>\n<\/tr>\n<tr>\n<td>Voraussetzungen:<\/td>\n<td>\n<ul>\n<li>Charakterlevel: 12<\/li>\n<li>Gebet \/ Prayer<\/li>\n<\/ul>\n<\/td>\n<\/tr>\n<tr>\n<td>Wirkung:<\/td>\n<td>verk\u00fcrzt<br>\nVerfluchungsdauer der Party<\/td>\n<\/tr>\n<tr>\n<td>Skillentwicklung:<\/td>\n<td><a href=\"https:\/\/planetdiablo.eu\/d2dbneu\/calcs\/skills\/d2r\/index.php?lang=de&amp;char=pal\">im Skill-Kalkulator ansehen<\/a><\/td>\n<\/tr>\n<tr>\n<td>Synergie:<\/td>\n<td>\n<ul type=\"disc\">\n<li>Gebet<\/li>\n<\/ul>\n<\/td>\n<\/tr>\n<tr>\n<td>Casting Delay:<\/td>\n<td>keines<\/td>\n<\/tr>\n<\/tbody>\n<\/table>\n<h2 id=\"s6\">Widerstand gegen Blitze \/<br>\nResist Lightning<\/h2>\n<p><img loading=\"lazy\" decoding=\"async\" class=\"alignnone size-full wp-image-585013 alignleft\" src=\"https:\/\/planetdiablo.eu\/de\/wp-content\/uploads\/2022\/02\/D2R-Paladin-resist-lightning-pressed_klein.jpg\" alt=\"\" width=\"65\" height=\"65\"><\/p>\n<p><i>Erh\u00f6ht den<br>\nBlitzwiderstand.<\/i><\/p>\n<p><i> <\/i>Obwohl die Resistenzerh\u00f6hung dieser Aura in hohen Leveln h\u00f6her als bei <a href=\"#s10\">Errettung<\/a> ist, ist letztere wegen ihrer Flexibilit\u00e4t immer vorzuziehen.Was trotzdem f\u00fcr diese Aura sprechen kann ist die passive Erh\u00f6hung der maximalen Resistenz (selbst<br>\nwenn die Aura nicht aktiv ist!).<\/p>\n<table>\n<tbody>\n<tr>\n<th colspan=\"2\">Skill-Details<\/th>\n<\/tr>\n<tr>\n<td>Art:<\/td>\n<td>Aura Skill<\/td>\n<\/tr>\n<tr>\n<td>Voraussetzungen:<\/td>\n<td>\n<ul>\n<li>Charakterlevel: 12<\/li>\n<li>Skills: Keine<\/li>\n<\/ul>\n<\/td>\n<\/tr>\n<tr>\n<td>Wirkung:<\/td>\n<td>Erh\u00f6ht Blitzresistenz<br>\nund maximale Blitzresistenz der Party \/ maximale Blitzresistenzbonus<\/td>\n<\/tr>\n<tr>\n<td>Skillentwicklung:<\/td>\n<td><a href=\"https:\/\/planetdiablo.eu\/d2dbneu\/calcs\/skills\/d2r\/index.php?lang=de&amp;char=pal\">im Skill-Kalkulator ansehen<\/a><\/td>\n<\/tr>\n<tr>\n<td>Synergie:<\/td>\n<td>keine<\/td>\n<\/tr>\n<tr>\n<td>Casting Delay:<\/td>\n<td>keines<\/td>\n<\/tr>\n<\/tbody>\n<\/table>\n<h2 id=\"s7\">Gedeihen \/ Vigor<\/h2>\n<p><img loading=\"lazy\" decoding=\"async\" class=\"alignnone size-full wp-image-585044 alignleft\" src=\"https:\/\/planetdiablo.eu\/de\/wp-content\/uploads\/2022\/02\/D2R-Paladin-vigor-pressed_klein.jpg\" alt=\"\" width=\"65\" height=\"65\"><\/p>\n<p><i>Erh\u00f6ht die<br>\nGeschwindigkeit und Ausdauererholungrate.<\/i><\/p>\n<p><i> <\/i>Falls man schnell und weit laufen will, ist diese Aura optimal, da<br>\nsie alle hierf\u00fcr relevanten Charaktereigenschaften steigert.<\/p>\n<table>\n<tbody>\n<tr>\n<th colspan=\"2\">Skill-Details<\/th>\n<\/tr>\n<tr>\n<td>Art:<\/td>\n<td>Aura Skill<\/td>\n<\/tr>\n<tr>\n<td>Voraussetzungen:<\/td>\n<td>\n<ul>\n<li>Charakterlevel: 18<\/li>\n<li>Gebet&nbsp;\/ Prayer<\/li>\n<li>Trotz&nbsp;\/ Defiance<\/li>\n<li>Reinigung&nbsp;\/ Cleansing<\/li>\n<\/ul>\n<\/td>\n<\/tr>\n<tr>\n<td>Wirkung:<\/td>\n<td>Erh\u00f6ht<br>\nLaufgeschwindigkeit und Ausdauererholung der Party<\/td>\n<\/tr>\n<tr>\n<td>Skillentwicklung:<\/td>\n<td><a href=\"https:\/\/planetdiablo.eu\/d2dbneu\/calcs\/skills\/d2r\/index.php?lang=de&amp;char=pal\">im Skill-Kalkulator ansehen<\/a><\/td>\n<\/tr>\n<tr>\n<td>Synergie:<\/td>\n<td>keine<\/td>\n<\/tr>\n<tr>\n<td>Casting Delay:<\/td>\n<td>keines<\/td>\n<\/tr>\n<\/tbody>\n<\/table>\n<h2 id=\"s8\">Meditation \/ Meditation<\/h2>\n<p><img loading=\"lazy\" decoding=\"async\" class=\"alignnone size-full wp-image-584989 alignleft\" src=\"https:\/\/planetdiablo.eu\/de\/wp-content\/uploads\/2022\/02\/D2R-Paladin-meditation-pressed_klein.jpg\" alt=\"\" width=\"65\" height=\"65\"><br>\n<em>Steigert die<br>\nManaerholungsrate der Party.<\/em><\/p>\n<p>Durch den enormen Bonus zur Erholungsrate von Mana ist diese Aura vor allem bei<br>\nzaubernden Chars hilfreich, obwohl hierf\u00fcr auch meist ein investierter Skillpunkt reicht. Mit entsprechender Synergie l\u00e4sst sich auch der gleiche Effekt wie bei <a href=\"#s1\">Gebet<\/a> erreichen!<\/p>\n<table>\n<tbody>\n<tr>\n<th colspan=\"2\">Skill-Details<\/th>\n<\/tr>\n<tr>\n<td>Art:<\/td>\n<td>Aura Skill<\/td>\n<\/tr>\n<tr>\n<td>Voraussetzungen:<\/td>\n<td>\n<ul>\n<li>Charakterlevel: 24<\/li>\n<li>Gebet \/ Prayer<\/li>\n<li>Reinigung \/ Cleansing<\/li>\n<\/ul>\n<\/td>\n<\/tr>\n<tr>\n<td>Wirkung:<\/td>\n<td>Erh\u00f6ht<br>\nManaerholungsrate der Party<\/td>\n<\/tr>\n<tr>\n<td>Skillentwicklung:<\/td>\n<td><a href=\"https:\/\/planetdiablo.eu\/d2dbneu\/calcs\/skills\/d2r\/index.php?lang=de&amp;char=pal\">im Skill-Kalkulator ansehen<\/a><\/td>\n<\/tr>\n<tr>\n<td>Synergie:<\/td>\n<td>\n<ul type=\"disc\">\n<li>Gebet<\/li>\n<\/ul>\n<\/td>\n<\/tr>\n<tr>\n<td>Casting Delay:<\/td>\n<td>keines<\/td>\n<\/tr>\n<\/tbody>\n<\/table>\n<h2 id=\"s9\">R\u00fccknahme \/ Redemption<\/h2>\n<p><img loading=\"lazy\" decoding=\"async\" class=\"alignnone size-full wp-image-585001 alignleft\" src=\"https:\/\/planetdiablo.eu\/de\/wp-content\/uploads\/2022\/02\/D2R-Paladin-redemption-pressed_klein.jpg\" alt=\"\" width=\"65\" height=\"65\"><\/p>\n<p><i>Erl\u00f6st gefallene Feinde<br>\num Leben und Mana zur\u00fcckzugewinnen. <\/i><\/p>\n<p>Diese Aura versucht periodisch Leichen zu erl\u00f6sen, um daraus Leben<br>\nund Mana zu erhalten. Meist wird R\u00fccknahme eingesetzt, um den eigenen Manavorrat schnell (schneller als mit <a href=\"#s8\">Meditation<\/a>) aufzuf\u00fcllen. Sie wirkt jedoch nicht auf Partymitglieder. Da erl\u00f6ste Leichen verschwinden, ist Erl\u00f6sung bei<br>\nTotenbeschw\u00f6rern nicht allzu gern gesehen ;).<\/p>\n<table>\n<tbody>\n<tr>\n<th colspan=\"2\">Skill-Details<\/th>\n<\/tr>\n<tr>\n<td>Art:<\/td>\n<td>Aura Skill<\/td>\n<\/tr>\n<tr>\n<td>Voraussetzungen:<\/td>\n<td>\n<ul>\n<li>Charakterlevel: 30<\/li>\n<li>Gebet&nbsp;\/ Prayer<\/li>\n<li>Trotz&nbsp;\/ Defiance<\/li>\n<li>Reinigung&nbsp;\/ Cleansing<\/li>\n<li>Gedeihen&nbsp;\/ Vigor<\/li>\n<\/ul>\n<\/td>\n<\/tr>\n<tr>\n<td>Wirkung:<\/td>\n<td>Chance auf Lebens und<br>\nMana Regeneration<\/td>\n<\/tr>\n<tr>\n<td>Skillentwicklung:<\/td>\n<td><a href=\"https:\/\/planetdiablo.eu\/d2dbneu\/calcs\/skills\/d2r\/index.php?lang=de&amp;char=pal\">im Skill-Kalkulator ansehen<\/a><\/td>\n<\/tr>\n<tr>\n<td>Synergie:<\/td>\n<td>keine<\/td>\n<\/tr>\n<tr>\n<td>Casting Delay:<\/td>\n<td>keines<\/td>\n<\/tr>\n<\/tbody>\n<\/table>\n<h2 id=\"s10\">Errettung \/ Salvation<\/h2>\n<p><img loading=\"lazy\" decoding=\"async\" class=\"alignnone size-full wp-image-585021 alignleft\" src=\"https:\/\/planetdiablo.eu\/de\/wp-content\/uploads\/2022\/02\/D2R-Paladin-salvation-pressed_klein.jpg\" alt=\"\" width=\"65\" height=\"65\"><\/p>\n<p><i>Erh\u00f6ht die<br>\nElementarwiderst\u00e4nde. <\/i><\/p>\n<p>Durch die gleichzeitige Steigerung der Resistenzen gegen Blitz, Feuer und K\u00e4lte ist diese Aura die ultimative L\u00f6sung ff\u00fc Resistenzprobleme und wegen ihrer brbreitgef\u00e4chert Wirkung besser als die drei Auren mit Boni gegen einzelne<br>\nResistenzen.<\/p>\n<table>\n<tbody>\n<tr>\n<th colspan=\"2\">Skill-Details<\/th>\n<\/tr>\n<tr>\n<td>Art:<\/td>\n<td>Aura Skill<\/td>\n<\/tr>\n<tr>\n<td>Voraussetzungen:<\/td>\n<td>\n<ul>\n<li>Charakterlevel: 30<\/li>\n<li>Skills: Keine<\/li>\n<\/ul>\n<\/td>\n<\/tr>\n<tr>\n<td>Wirkung:<\/td>\n<td>erh\u00f6ht Feuer, K\u00e4lte<br>\nund Blitzresistenz der Party<\/td>\n<\/tr>\n<tr>\n<td>Skillentwicklung:<\/td>\n<td><a href=\"https:\/\/planetdiablo.eu\/d2dbneu\/calcs\/skills\/d2r\/index.php?lang=de&amp;char=pal\">im Skill-Kalkulator ansehen<\/a><\/td>\n<\/tr>\n<tr>\n<td>Synergie:<\/td>\n<td>keine<\/td>\n<\/tr>\n<tr>\n<td>Casting Delay:<\/td>\n<td>keines<\/td>\n<\/tr>\n<\/tbody>\n<\/table>\n<p>Siehe auch :<\/p>\n<ul>\n<li><a href=\"\/diablo-2\/die-charaktere\/der-paladin\/paladin\/\">Skill\u00fcbersicht Paladin<\/a><\/li>\n<li><a href=\"\/diablo-2\/die-charaktere\/der-paladin\/paladin\/skilltree1\/\">Skilltree: Kampffertigkeiten<\/a><\/li>\n<li><a href=\"\/diablo-2\/die-charaktere\/der-paladin\/paladin\/skilltree2\/\">Skilltree: Offensive Auren<\/a><\/li>\n<\/ul>\n<p><i>Inhalt von Lamyron und Heri. Edited by RAMsesist.<\/i><\/p>\n<map name=\"jump\">\n<area alt=\"Gebet \/ Prayer\" coords=\"15,10,65,60\" shape=\"RECT\" href=\"#s1\">\n<area alt=\"Widerstand gegen Feuer \/ Resist Fire\" coords=\"150,10,200,60\" shape=\"RECT\" href=\"#s2\">\n<area alt=\"Trotz \/ Defiance\" coords=\"80,80,130,130\" shape=\"RECT\" href=\"#s3\">\n<area alt=\"Widerstand gegen K\u00e4lte \/ Resist Cold\" coords=\"150,80,200,130\" shape=\"RECT\" href=\"#s4\">\n<area alt=\"Reinigung \/ Cleansing\" coords=\"15,150,65,200\" shape=\"RECT\" href=\"#s5\">\n<area alt=\"Widerstand gegen Blitze \/ Resist Lightning\" coords=\"150,150,200,200\" shape=\"RECT\" href=\"#s6\">\n<area alt=\"Gedeihen \/ Vigor\" coords=\"80,215,130,265\" shape=\"RECT\" href=\"#s7\">\n<area alt=\"Meditation \/ Meditation\" coords=\"15,280,65,330\" shape=\"RECT\" href=\"#s8\">\n<area alt=\"R\u00fccknahme \/ Redemtion\" coords=\"80,350,130,400\" shape=\"RECT\" href=\"#s9\">\n<area alt=\"Errettung \/ Salvation\" coords=\"150,350,200,400\" shape=\"RECT\" href=\"#s10\">\n <\/map>","protected":false},"excerpt":{"rendered":"<p>Diese Skillbeschreibungen sind f\u00fcr D2 wie D2R gleichermassen n\u00fctzlich. Verlinkt ist jedoch auf den D2R-Skillcalculator weil wesentlich mehr Leute D2R spielen als D2 Legacy. Wer die Skillentwicklung in D2 Legacy verfolgen will, nimmt statt dessen diesen Link zum D2 LoD (Legacy) Calc. Gebet \/ Prayer Widerstand gegen Feuer \/ Resist Fire Trotz \/ Defiance Widerstand&hellip; <a class=\"more-link\" href=\"https:\/\/planetdiablo.eu\/de\/diablo-2\/die-charaktere\/der-paladin\/paladin\/skilltree3\/\"><span class=\"screen-reader-text\">Diablo 2 &#8211; Defensive Auren des Paladins<\/span> weiterlesen<\/a><\/p>\n","protected":false},"author":748,"featured_media":0,"parent":559083,"menu_order":0,"comment_status":"closed","ping_status":"open","template":"","meta":{"footnotes":""},"class_list":["post-559667","page","type-page","status-publish","hentry","entry"],"_links":{"self":[{"href":"https:\/\/planetdiablo.eu\/de\/wp-json\/wp\/v2\/pages\/559667","targetHints":{"allow":["GET"]}}],"collection":[{"href":"https:\/\/planetdiablo.eu\/de\/wp-json\/wp\/v2\/pages"}],"about":[{"href":"https:\/\/planetdiablo.eu\/de\/wp-json\/wp\/v2\/types\/page"}],"author":[{"embeddable":true,"href":"https:\/\/planetdiablo.eu\/de\/wp-json\/wp\/v2\/users\/748"}],"replies":[{"embeddable":true,"href":"https:\/\/planetdiablo.eu\/de\/wp-json\/wp\/v2\/comments?post=559667"}],"version-history":[{"count":7,"href":"https:\/\/planetdiablo.eu\/de\/wp-json\/wp\/v2\/pages\/559667\/revisions"}],"predecessor-version":[{"id":586737,"href":"https:\/\/planetdiablo.eu\/de\/wp-json\/wp\/v2\/pages\/559667\/revisions\/586737"}],"up":[{"embeddable":true,"href":"https:\/\/planetdiablo.eu\/de\/wp-json\/wp\/v2\/pages\/559083"}],"wp:attachment":[{"href":"https:\/\/planetdiablo.eu\/de\/wp-json\/wp\/v2\/media?parent=559667"}],"curies":[{"name":"wp","href":"https:\/\/api.w.org\/{rel}","templated":true}]}}