{"id":559681,"date":"2014-06-29T03:40:07","date_gmt":"2014-06-29T01:40:07","guid":{"rendered":"http:\/\/diablo3.ingame.de\/?page_id=559681"},"modified":"2023-02-27T23:00:12","modified_gmt":"2023-02-27T21:00:12","slug":"skilltree2","status":"publish","type":"page","link":"https:\/\/planetdiablo.eu\/de\/diablo-2\/die-charaktere\/die-zauberin\/zauberin\/skilltree2\/","title":{"rendered":"Diablo 2 &#8211; Blitz-Zauber der Zauberin"},"content":{"rendered":"<p><img decoding=\"async\" style=\"float: left!important; margin-right: 25px;\" src=\"\/wp-content\/uploads\/2014\/06\/tree2_sorc.jpg\" alt=\"Skilltree Blitz Zauber\" usemap=\"#jump\" border=\"0\"><\/p>\n<ul>\n<li><a href=\"#s1\">Combo Blitz \/ Charged Bolt<\/a><\/li>\n<li><a href=\"#s2\">Statikfeld \/ Static Field<\/a><\/li>\n<li><a href=\"#s3\">Telekinese \/ Telekinesis<\/a><\/li>\n<li><a href=\"#s4\">Nova \/ Nova<\/a><\/li>\n<li><a href=\"#s5\">Blitzschlag \/ Lightning<\/a><\/li>\n<li><a href=\"#s6\">Kettenblitz \/ Chain Lightning<\/a><\/li>\n<li><a href=\"#s7\">Teleport \/ Teleport<\/a><\/li>\n<li><a href=\"#s8\">Gewitter \/ Thunder Storm<\/a><\/li>\n<li><a href=\"#s9\">Energie Schild \/ Energy Shield<\/a><\/li>\n<li><a href=\"#s10\">Blitzbeherrschung \/ Lightning Mastery<\/a><\/li>\n<\/ul>\n<div style=\"clear: both;\"><\/div>\n<div><span style=\"color: #800000;\">Stand: Patch 2.6<\/span><\/div>\n<h2 id=\"s1\">Comboblitz \/ Charged Bolt<\/h2>\n<p><img loading=\"lazy\" decoding=\"async\" class=\"alignnone size-full wp-image-585064 alignleft\" src=\"https:\/\/planetdiablo.eu\/de\/wp-content\/uploads\/2022\/02\/D2R-Sorceress-charged-bolt-pressed_klein.jpg\" alt=\"\" width=\"65\" height=\"65\"><\/p>\n<p><i>Blitzmaterie sucht sich<br \/>\nihre Feinde selbst.<\/i><\/p>\n<p>Die Zauberin verschie\u00dft Strahlen aus reiner Blitzenergie, die wild und eigenst\u00e4ndig durch die Luft jagen. Mit dem Ziel ihre Energie an einem Feind zu entladen. Je h\u00f6her der Skill gesteigert wird, desto mehr Strahlen werden gecasted.<\/p>\n<table>\n<tbody>\n<tr>\n<th colspan=\"2\">Skill-Details<\/th>\n<\/tr>\n<tr>\n<td>Art:<\/td>\n<td>Angriffs Skill<\/td>\n<\/tr>\n<tr>\n<td>Voraussetzungen:<\/td>\n<td>\n<ul>\n<li>Charakterlevel: 1<\/li>\n<li>Skills: Keine<\/li>\n<\/ul>\n<\/td>\n<\/tr>\n<tr>\n<td>Wirkung:<\/td>\n<td>Blitzschaden \/<br \/>\nFl\u00e4chenschaden<\/td>\n<\/tr>\n<tr>\n<td>Skillentwicklung:<\/td>\n<td><a href=\"https:\/\/planetdiablo.eu\/d2dbneu\/calcs\/skills\/d2r\/index.php?lang=de&amp;char=sor\" target=\"_blank\" rel=\"noopener\">im Skill-Kalkulator ansehen<\/a><\/td>\n<\/tr>\n<tr>\n<td>Synergie:<\/td>\n<td>\n<ul type=\"disc\">\n<li>Blitzschlag (+6% Blitzschaden \/ LvL)<\/li>\n<\/ul>\n<\/td>\n<\/tr>\n<tr>\n<td>Casting Delay:<\/td>\n<td>keines<\/td>\n<\/tr>\n<\/tbody>\n<\/table>\n<h2 id=\"s2\">Statikfeld \/ Static Field<\/h2>\n<p><img loading=\"lazy\" decoding=\"async\" class=\"alignnone size-full wp-image-585155\" src=\"https:\/\/planetdiablo.eu\/de\/wp-content\/uploads\/2022\/02\/D2R-Sorceress-static-field-pressed_klein.jpg\" alt=\"\" width=\"65\" height=\"65\"><i>Verringert die Lebensenergie um 1\/4. <\/i><\/p>\n<p>Einer der m\u00e4chtigsten Spr\u00fcche der Zauberin, sofern er auf ein gewisses Level gesteigert wird. Nur auf hohem Level ist der Radius Gro\u00df genug, um den Spruch Wirkung zeigen zulassen. 10 Punkte sollten mindestens vergeben werden, wenn man mit diesem Spruch arbeiten will. Achtung, das Statikfeld funktioniert nicht<br \/>\ngegen Blitz Immune und im PvP!<\/p>\n<table>\n<tbody>\n<tr>\n<th colspan=\"2\">Skill-Details<\/th>\n<\/tr>\n<tr>\n<td>Art:<\/td>\n<td>Angriffs Skill<\/td>\n<\/tr>\n<tr>\n<td>Voraussetzungen:<\/td>\n<td>\n<ul>\n<li>Charakterlevel: 6<\/li>\n<li>Skills: Keine<\/li>\n<\/ul>\n<\/td>\n<\/tr>\n<tr>\n<td>Wirkung:<\/td>\n<td>Senkt gegnerische<br \/>\nLebenspunkte um 25%<\/td>\n<\/tr>\n<tr>\n<td>Skillentwicklung:<\/td>\n<td><a href=\"https:\/\/planetdiablo.eu\/d2dbneu\/calcs\/skills\/d2r\/index.php?lang=de&amp;char=sor\" target=\"_blank\" rel=\"noopener\">im Skill-Kalkulator ansehen<\/a><\/td>\n<\/tr>\n<tr>\n<td>Synergie:<\/td>\n<td>keine<\/td>\n<\/tr>\n<tr>\n<td>Casting Delay:<\/td>\n<td>keines<\/td>\n<\/tr>\n<\/tbody>\n<\/table>\n<h2 id=\"s3\">Telekinese \/ Telekinesis<\/h2>\n<p><img loading=\"lazy\" decoding=\"async\" class=\"alignnone size-full wp-image-585159 alignleft\" src=\"https:\/\/planetdiablo.eu\/de\/wp-content\/uploads\/2022\/02\/D2R-Sorceress-telekinesis-pressed_klein.jpg\" alt=\"\" width=\"65\" height=\"65\"><\/p>\n<p><i>Verschafft Zugriff auf<br \/>\nentfernte Objekte.<\/i><\/p>\n<p>Dieser Spruch erm\u00f6glicht es der Zauberin, Kisten zu \u00f6ffnen, Schreine zu aktivieren und<br \/>\nGegenst\u00e4nde aufzuheben. Auf einen Gegner angewandt, f\u00fcgt es ihm Blitzschaden zu und es besteht sogar eine Chance darauf den Gegner zur\u00fcckzusto\u00dfen<\/p>\n<table>\n<tbody>\n<tr>\n<th colspan=\"2\">Skill-Details<\/th>\n<\/tr>\n<tr>\n<td>Art:<\/td>\n<td>Angriffs Skill<\/td>\n<\/tr>\n<tr>\n<td>Voraussetzungen:<\/td>\n<td>\n<ul>\n<li>Charakterlevel: 6<\/li>\n<li>Skills: Keine<\/li>\n<\/ul>\n<\/td>\n<\/tr>\n<tr>\n<td>Wirkung:<\/td>\n<td>Blitzschaden \/ Chance<br \/>\nauf Wegsto\u00dfung<\/td>\n<\/tr>\n<tr>\n<td>Skillentwicklung:<\/td>\n<td><a href=\"https:\/\/planetdiablo.eu\/d2dbneu\/calcs\/skills\/d2r\/index.php?lang=de&amp;char=sor\" target=\"_blank\" rel=\"noopener\">im Skill-Kalkulator ansehen<\/a><\/td>\n<\/tr>\n<tr>\n<td>Synergie:<\/td>\n<td>keine<\/td>\n<\/tr>\n<tr>\n<td>Casting Delay:<\/td>\n<td>keines<\/td>\n<\/tr>\n<\/tbody>\n<\/table>\n<h2 id=\"s4\">Nova \/ Nova<\/h2>\n<p><img loading=\"lazy\" decoding=\"async\" class=\"alignnone size-full wp-image-585144 alignleft\" src=\"https:\/\/planetdiablo.eu\/de\/wp-content\/uploads\/2022\/02\/D2R-Sorceress-nova-pressed_klein.jpg\" alt=\"\" width=\"65\" height=\"65\"><\/p>\n<p><i>Welle aus elektrischer Energie.<\/i><\/p>\n<p>Radius: 7.4&nbsp; <a href=\"https:\/\/planetdiablo.eu\/d2dbneu\/itemdb\/d2-lexikon.php#ylink\">Yard \/ Meter<\/a><\/p>\n<p>Der fr\u00fchere Uber Skill richtet seit Patch 1.10 kaum noch nennenswerten Schaden an. Geringe Reichweite und geringer Schaden f\u00fcr riesige Manamengen&#8230;.bestenfalls noch als Durchgangsskill einen Punk wert \ud83d\ude09<\/p>\n<table>\n<tbody>\n<tr>\n<th colspan=\"2\">Skill-Details<\/th>\n<\/tr>\n<tr>\n<td>Art:<\/td>\n<td>Angriffs Skill<\/td>\n<\/tr>\n<tr>\n<td>Voraussetzungen:<\/td>\n<td>\n<ul>\n<li>Charakterlevel: 12<\/li>\n<li>Statikfeld \/ Static Field<\/li>\n<\/ul>\n<\/td>\n<\/tr>\n<tr>\n<td>Wirkung:<\/td>\n<td>Blitzschaden \/<br \/>\nFl\u00e4chenschaden<\/td>\n<\/tr>\n<tr>\n<td>Skillentwicklung:<\/td>\n<td><a href=\"https:\/\/planetdiablo.eu\/d2dbneu\/calcs\/skills\/d2r\/index.php?lang=de&amp;char=sor\" target=\"_blank\" rel=\"noopener\">im Skill-Kalkulator ansehen<\/a><\/td>\n<\/tr>\n<tr>\n<td>Synergie:<\/td>\n<td>Statikfeld: +5% Blitzschaden (5% \/ Lvl)<\/td>\n<\/tr>\n<tr>\n<td>Casting Delay:<\/td>\n<td>keines<\/td>\n<\/tr>\n<\/tbody>\n<\/table>\n<h2 id=\"s5\">Blitzschlag \/ Lightning<\/h2>\n<p><img loading=\"lazy\" decoding=\"async\" class=\"alignnone size-full wp-image-585136 alignleft\" src=\"https:\/\/planetdiablo.eu\/de\/wp-content\/uploads\/2022\/02\/D2R-Sorceress-lightning-pressed_klein.jpg\" alt=\"\" width=\"65\" height=\"65\"><\/p>\n<p><i>Schleudert einen Blitz.<\/i><\/p>\n<p>Auf hohem Skill Level und mit voll ausgebauten Synergien bzw. Mastery richtet dieser Skill durchaus beachtlichen Schaden. Der Blitz durchschl\u00e4gt sein erstes Ziel und trifft auch dahinter gelegene Ziele!<br \/>\nBeachte, dass sowohl bei Blitzschlag, als auch bei Kettenblitz andere FastCast Grenzen zur Geltung kommen, als bei den \u00fcbrigen Sorc Skills. Die genauen Grenzen lassen sich \u00fcber unseren <a href=\"https:\/\/planetdiablo.eu\/d2dbneu\/calcs\/castspeed\/\">D2 Castspeed Calc<\/a> herausfinden!<\/p>\n<table>\n<tbody>\n<tr>\n<th colspan=\"2\">Skill-Details<\/th>\n<\/tr>\n<tr>\n<td>Art:<\/td>\n<td>Angriffs Skill<\/td>\n<\/tr>\n<tr>\n<td>Voraussetzungen:<\/td>\n<td>\n<ul>\n<li>Charakterlevel: 12<\/li>\n<li>Combo Blitz \/ Charged Bolt<\/li>\n<\/ul>\n<\/td>\n<\/tr>\n<tr>\n<td>Wirkung:<\/td>\n<td>Blitzschaden<\/td>\n<\/tr>\n<tr>\n<td>Skillentwicklung:<\/td>\n<td><a href=\"https:\/\/planetdiablo.eu\/d2dbneu\/calcs\/skills\/d2r\/index.php?lang=de&amp;char=sor\" target=\"_blank\" rel=\"noopener\">im Skill-Kalkulator ansehen<\/a><\/td>\n<\/tr>\n<tr>\n<td>Synergie:<\/td>\n<td>\n<ul type=\"disc\">\n<li>Combo Blitz (+8% Blitzschaden \/ LvL)<\/li>\n<li>Kettenblitz (+8% Blitzschaden \/ LvL)<\/li>\n<li>Nova (+8% Blitzschaden \/ LvL)<\/li>\n<\/ul>\n<\/td>\n<\/tr>\n<tr>\n<td>Casting Delay:<\/td>\n<td>keines<\/td>\n<\/tr>\n<\/tbody>\n<\/table>\n<h2 id=\"s6\">Kettenblitz \/ Chain Lightning<\/h2>\n<p><img loading=\"lazy\" decoding=\"async\" class=\"alignnone size-full wp-image-585060 alignleft\" src=\"https:\/\/planetdiablo.eu\/de\/wp-content\/uploads\/2022\/02\/D2R-Sorceress-chain-lightning-pressed_klein.jpg\" alt=\"\" width=\"65\" height=\"65\"><\/p>\n<p><i>Blitzgeschoss, das von Ziel zu Ziel springt.<\/i><\/p>\n<p>Der Kettenblitz springt von Gegner zu Gegner und hinterl\u00e4sst Spuren der Verw\u00fcstung,<br \/>\nwenn seine Energie verbraucht ist. Der Kettenblitz trifft dabei maximal 5 Ziele!<br \/>\nBeachte, dass sowohl bei Blitzschlag, als auch bei Kettenblitz andere FastCast Grenzen zur Geltung kommen, als bei den \u00fcbrigen Sorc Skills. Die genauen Grenzen lassen sich \u00fcber unseren <a href=\"https:\/\/planetdiablo.eu\/d2dbneu\/calcs\/castspeed\/\">Castspeed Calc herausfinden!<\/a><\/p>\n<table>\n<tbody>\n<tr>\n<th colspan=\"2\">Skill-Details<\/th>\n<\/tr>\n<tr>\n<td>Art:<\/td>\n<td>Angriffs Skill<\/td>\n<\/tr>\n<tr>\n<td>Voraussetzungen:<\/td>\n<td>\n<ul>\n<li>Charakterlevel: 18<\/li>\n<li>Combo Blitz \/ Charged Bolt<\/li>\n<li>Blitzschlag \/ Lightning<\/li>\n<\/ul>\n<\/td>\n<\/tr>\n<tr>\n<td>Wirkung:<\/td>\n<td>Blitzschaden \/<br \/>\nFl\u00e4chenschaden<\/td>\n<\/tr>\n<tr>\n<td>Skillentwicklung:<\/td>\n<td><a href=\"https:\/\/planetdiablo.eu\/d2dbneu\/calcs\/skills\/d2r\/index.php?lang=de&amp;char=sor\" target=\"_blank\" rel=\"noopener\">im Skill-Kalkulator ansehen<\/a><\/td>\n<\/tr>\n<tr>\n<td>Synergie:<\/td>\n<td>\n<ul type=\"disc\">\n<li>Combo Blitz (+4% Blitzschaden \/ LvL)<\/li>\n<li>Nova (+4% Blitzschaden \/ LvL)<\/li>\n<li>Blitzschlag (+4% Blitzschaden \/ LvL)<\/li>\n<\/ul>\n<\/td>\n<\/tr>\n<tr>\n<td>Casting Delay:<\/td>\n<td>keines<\/td>\n<\/tr>\n<\/tbody>\n<\/table>\n<h2 id=\"s7\">Teleport \/ Teleport<\/h2>\n<p><img loading=\"lazy\" decoding=\"async\" class=\"alignnone size-full wp-image-585163 alignleft\" src=\"https:\/\/planetdiablo.eu\/de\/wp-content\/uploads\/2022\/02\/D2R-Sorceress-teleport-pressed_klein.jpg\" alt=\"\" width=\"65\" height=\"65\"><\/p>\n<p><i>Versetzt die Zauberin von<br \/>\neiner Stelle direkt zu einer anderen. <\/i><\/p>\n<p>Das einzige was dieser eleganten Fortbewegungsweise im Weg steht, sind<br \/>\ndie Systemressourcen des PCs. Wird das Spiel auf Systemen, die die Minimalanforderungen gerade so erf\u00fcllen gespielt, so tut man sich mit Teleport selten<br \/>\neinen Gefallen, da das Spiel drastisch langsamer wird. Ansonsten ein sehr n\u00fctzlicher Skill, mit dem man Hindernisse &#8222;umgehen&#8220;, sich punktgenau platzieren und auch sehr schnell voran komme kann.<\/p>\n<table>\n<tbody>\n<tr>\n<th colspan=\"2\">Skill-Details<\/th>\n<\/tr>\n<tr>\n<td>Art:<\/td>\n<td>Boost Skill<\/td>\n<\/tr>\n<tr>\n<td>Voraussetzungen:<\/td>\n<td>\n<ul>\n<li>Charakterlevel: 18<\/li>\n<li>Telekinese \/ Telekinesis<\/li>\n<\/ul>\n<\/td>\n<\/tr>\n<tr>\n<td>Wirkung:<\/td>\n<td>Teleport<\/td>\n<\/tr>\n<tr>\n<td>Skillentwicklung:<\/td>\n<td><a href=\"https:\/\/planetdiablo.eu\/d2dbneu\/calcs\/skills\/d2r\/index.php?lang=de&amp;char=sor\" target=\"_blank\" rel=\"noopener\">im Skill-Kalkulator ansehen<\/a><\/td>\n<\/tr>\n<tr>\n<td>Synergie:<\/td>\n<td>keine<\/td>\n<\/tr>\n<tr>\n<td>Casting Delay:<\/td>\n<td>keines<\/td>\n<\/tr>\n<\/tbody>\n<\/table>\n<h2 id=\"s8\">Gewitter \/ Thunder Storm<\/h2>\n<p><img loading=\"lazy\" decoding=\"async\" class=\"alignnone size-full wp-image-585167 alignleft\" src=\"https:\/\/planetdiablo.eu\/de\/wp-content\/uploads\/2022\/02\/D2R-Sorceress-thunderstorm-pressed_klein.jpg\" alt=\"\" width=\"65\" height=\"65\"><\/p>\n<p><i>Erzeugt ein Gewitter. <\/i><\/p>\n<p>Wer jetzt an einen dunklen Himmel denkt, liegt falsch.<br \/>\nOptisch ist das Gewitter nur ein kleiner Kreis, der um die F\u00fc\u00dfe der Zauberin surrt. Die Wirkung aber ist verheerend. In regelm\u00e4\u00dfigen Abst\u00e4nden entl\u00e4dt dieser<br \/>\npassive Skill einen gewaltigen Blitz der vom Himmel zuckt und <b>immer<\/b> trifft.<\/p>\n<table>\n<tbody>\n<tr>\n<th colspan=\"2\">Skill-Details<\/th>\n<\/tr>\n<tr>\n<td>Art:<\/td>\n<td>Boost Skill<\/td>\n<\/tr>\n<tr>\n<td>Voraussetzungen:<\/td>\n<td>\n<ul>\n<li>Charakterlevel: 24<\/li>\n<li>Combo Blitz&nbsp;\/ Charged Bolt<\/li>\n<li>Statikfeld&nbsp;\/ Static Field<\/li>\n<li>Nova&nbsp;\/ Nova<\/li>\n<li>Blitzschlag&nbsp;\/ Lightning<\/li>\n<li>Kettenblitz&nbsp;\/ Chain Lightning<\/li>\n<\/ul>\n<\/td>\n<\/tr>\n<tr>\n<td>Wirkung:<\/td>\n<td>Blitzschaden \/ trifft<br \/>\nalle 1,2sec automatisch<\/td>\n<\/tr>\n<tr>\n<td>Skillentwicklung:<\/td>\n<td><a href=\"https:\/\/planetdiablo.eu\/d2dbneu\/calcs\/skills\/d2r\/index.php?lang=de&amp;char=sor\" target=\"_blank\" rel=\"noopener\">im Skill-Kalkulator ansehen<\/a><\/td>\n<\/tr>\n<tr>\n<td>Synergie:<\/td>\n<td>Statikfeld: +7% Blitzschaden (7% \/ Lvl)<\/td>\n<\/tr>\n<tr>\n<td>Casting Delay:<\/td>\n<td>keines<\/td>\n<\/tr>\n<\/tbody>\n<\/table>\n<h2 id=\"s9\">Energie Schild \/ Energy Shield<\/h2>\n<p><img loading=\"lazy\" decoding=\"async\" class=\"alignnone size-full wp-image-585080 alignleft\" src=\"https:\/\/planetdiablo.eu\/de\/wp-content\/uploads\/2022\/02\/D2R-Sorceress-energy-shield-pressed_klein.jpg\" alt=\"\" width=\"65\" height=\"65\"><\/p>\n<p><i>Kugel aus Energie, die<br \/>\nSchaden absorbiert. <\/i><\/p>\n<p>Allerdings geschieht das auf Kosten von Manapunkten. Ist die Manakugel also einmal<br \/>\nleer, geht der Schaden voll auf die Lebensenergie. Trotzdem ist dieser Skill \u00e4u\u00dferst hilfreich und rettet einem so manchmal das Leben. Ihn zu maximieren ist allerdings nicht unbedingt sinnvoll, da mit h\u00f6herem Level der Absorbbonus nur noch gering ausf\u00e4llt.<\/p>\n<table>\n<tbody>\n<tr>\n<th colspan=\"2\">Skill-Details<\/th>\n<\/tr>\n<tr>\n<td>Art:<\/td>\n<td>Boost Skill<\/td>\n<\/tr>\n<tr>\n<td>Voraussetzungen:<\/td>\n<td>\n<ul>\n<li>Charakterlevel: 24<\/li>\n<li>Combo Blitz \/ Charged Bolt<\/li>\n<li>Telekinese \/ Telekinesis<\/li>\n<li>Blitzschlag \/ Lightning<\/li>\n<li>Kettenblitz \/ Chain Lightning<\/li>\n<li>Teleport \/ Teleport<\/li>\n<\/ul>\n<\/td>\n<\/tr>\n<tr>\n<td>Wirkung:<\/td>\n<td>Schaden wird zu einem<br \/>\nTeil, statt vom Leben, vom Mana abgezogen<\/td>\n<\/tr>\n<tr>\n<td>Skillentwicklung:<\/td>\n<td><a href=\"https:\/\/planetdiablo.eu\/d2dbneu\/calcs\/skills\/d2r\/index.php?lang=de&amp;char=sor\" target=\"_blank\" rel=\"noopener\">im Skill-Kalkulator ansehen<\/a><\/td>\n<\/tr>\n<tr>\n<td>Synergie:<\/td>\n<td>\n<ul>\n<li>Telekinese (-6,25% Absorptionsmultiplikator \/ LvL)<\/li>\n<\/ul>\n<\/td>\n<\/tr>\n<tr>\n<td>Casting Delay:<\/td>\n<td>keines<\/td>\n<\/tr>\n<\/tbody>\n<\/table>\n<h2 id=\"s10\">Blitzbeherrschung \/ Lightning<br \/>\nMastery<\/h2>\n<p><img loading=\"lazy\" decoding=\"async\" class=\"alignnone size-full wp-image-585134 alignleft\" src=\"https:\/\/planetdiablo.eu\/de\/wp-content\/uploads\/2022\/02\/D2R-Sorceress-lightning-mastery-pressed_klein.jpg\" alt=\"\" width=\"65\" height=\"65\"><\/p>\n<p><i>Erh\u00f6ht Blitzschaden. <\/i><\/p>\n<p>Entscheidet man sich f\u00fcr einen Angriffs Skill aus dem Blitzzweig, so<br \/>\nsollte dieser unterst\u00fctzende Skill auf Maximum gebracht werden, da er den Schaden mehr als verdreifacht.<\/p>\n<table>\n<tbody>\n<tr>\n<th colspan=\"2\">Skill-Details<\/th>\n<\/tr>\n<tr>\n<td>Art:<\/td>\n<td>Passiver Skill<\/td>\n<\/tr>\n<tr>\n<td>Voraussetzungen:<\/td>\n<td>\n<ul>\n<li>Charakterlevel: 30<\/li>\n<li>Skills: Keine<\/li>\n<\/ul>\n<\/td>\n<\/tr>\n<tr>\n<td>Wirkung:<\/td>\n<td>Erh\u00f6ht Blitzschaden<\/td>\n<\/tr>\n<tr>\n<td>Skillentwicklung:<\/td>\n<td><a href=\"https:\/\/planetdiablo.eu\/d2dbneu\/calcs\/skills\/d2r\/index.php?lang=de&amp;char=sor\" target=\"_blank\" rel=\"noopener\">im Skill-Kalkulator ansehen<\/a><\/td>\n<\/tr>\n<tr>\n<td>Synergie:<\/td>\n<td>keine<\/td>\n<\/tr>\n<tr>\n<td>Casting Delay:<\/td>\n<td>keines<\/td>\n<\/tr>\n<\/tbody>\n<\/table>\n<p>Siehe auch :<\/p>\n<ul>\n<li><a href=\"\/diablo-2\/die-charaktere\/die-zauberin\/zauberin\/\">Skill\u00fcbersicht Zauberin<\/a><\/li>\n<li><a href=\"\/diablo-2\/die-charaktere\/die-zauberin\/zauberin\/skilltree1\/\">Skilltree: K\u00e4ltezauber<\/a><\/li>\n<li><a href=\"\/diablo-2\/die-charaktere\/die-zauberin\/zauberin\/skilltree3\/\">Skilltree: Feuerzauber<\/a><\/li>\n<\/ul>\n<p><i>Inhalt von snowy22. Edited by RAMsesist.<\/i><\/p>\n<map name=\"jump\">\n<area alt=\"Combo Blitz \/ Charged Bolt\" coords=\"84, 14, 131, 61\" shape=\"RECT\" href=\"#s1\">\n<area alt=\"Statikfeld \/ Static Field\" coords=\"13, 83, 60, 130\" shape=\"RECT\" href=\"#s2\">\n<area alt=\"Telekinese \/ Telekinesis\" coords=\"151, 81, 198, 128\" shape=\"RECT\" href=\"#s3\">\n<area alt=\"Nova \/ Nova\" coords=\"12, 151, 59, 198\" shape=\"RECT\" href=\"#s4\">\n<area alt=\"Blitzschlag \/ Lightning\" coords=\"81, 150, 128, 197\" shape=\"RECT\" href=\"#s5\">\n<area alt=\"Kettenblitz \/ Chain Lightning\" coords=\"82, 217, 129, 264\" shape=\"RECT\" href=\"#s6\">\n<area alt=\"Teleport \/ Teleport\" coords=\"154, 217, 201, 264\" shape=\"RECT\" href=\"#s7\">\n<area alt=\"Gewitter \/ Thunder Storm\" coords=\"15, 288, 62, 335\" shape=\"RECT\" href=\"#s8\">\n<area alt=\"Energie Schild \/ Energy Shield\" coords=\"150, 289, 197, 336\" shape=\"RECT\" href=\"#s9\">\n<area alt=\"Blitzbeherrschung \/ Lightning Mastery\" coords=\"84, 355, 131, 402\" shape=\"RECT\" href=\"#s10\">\n <\/map>\n","protected":false},"excerpt":{"rendered":"<p>Combo Blitz \/ Charged Bolt Statikfeld \/ Static Field Telekinese \/ Telekinesis Nova \/ Nova Blitzschlag \/ Lightning Kettenblitz \/ Chain Lightning Teleport \/ Teleport Gewitter \/ Thunder Storm Energie Schild \/ Energy Shield Blitzbeherrschung \/ Lightning Mastery Stand: Patch 2.6 Comboblitz \/ Charged Bolt Blitzmaterie sucht sich ihre Feinde selbst. Die Zauberin verschie\u00dft Strahlen&hellip; <a class=\"more-link\" href=\"https:\/\/planetdiablo.eu\/de\/diablo-2\/die-charaktere\/die-zauberin\/zauberin\/skilltree2\/\"><span class=\"screen-reader-text\">Diablo 2 &#8211; Blitz-Zauber der Zauberin<\/span> weiterlesen<\/a><\/p>\n","protected":false},"author":748,"featured_media":0,"parent":559087,"menu_order":10,"comment_status":"closed","ping_status":"open","template":"","meta":{"footnotes":""},"class_list":["post-559681","page","type-page","status-publish","hentry","entry"],"_links":{"self":[{"href":"https:\/\/planetdiablo.eu\/de\/wp-json\/wp\/v2\/pages\/559681","targetHints":{"allow":["GET"]}}],"collection":[{"href":"https:\/\/planetdiablo.eu\/de\/wp-json\/wp\/v2\/pages"}],"about":[{"href":"https:\/\/planetdiablo.eu\/de\/wp-json\/wp\/v2\/types\/page"}],"author":[{"embeddable":true,"href":"https:\/\/planetdiablo.eu\/de\/wp-json\/wp\/v2\/users\/748"}],"replies":[{"embeddable":true,"href":"https:\/\/planetdiablo.eu\/de\/wp-json\/wp\/v2\/comments?post=559681"}],"version-history":[{"count":7,"href":"https:\/\/planetdiablo.eu\/de\/wp-json\/wp\/v2\/pages\/559681\/revisions"}],"predecessor-version":[{"id":586871,"href":"https:\/\/planetdiablo.eu\/de\/wp-json\/wp\/v2\/pages\/559681\/revisions\/586871"}],"up":[{"embeddable":true,"href":"https:\/\/planetdiablo.eu\/de\/wp-json\/wp\/v2\/pages\/559087"}],"wp:attachment":[{"href":"https:\/\/planetdiablo.eu\/de\/wp-json\/wp\/v2\/media?parent=559681"}],"curies":[{"name":"wp","href":"https:\/\/api.w.org\/{rel}","templated":true}]}}