{"id":560253,"date":"2014-07-13T14:33:09","date_gmt":"2014-07-13T12:33:09","guid":{"rendered":"http:\/\/diablo3.ingame.de\/?page_id=560253"},"modified":"2023-10-08T14:27:04","modified_gmt":"2023-10-08T12:27:04","slug":"warnlist","status":"publish","type":"page","link":"https:\/\/planetdiablo.eu\/de\/trade\/warnlist\/","title":{"rendered":"Diablo 2 Trade &#8211; Die Warninglist"},"content":{"rendered":"<p>Die planetdiablo.eu LoD Warninglist dient dazu, den Usern einen \u00dcberblick \u00fcber<br \/>\ndie dupegef\u00e4hrdeten <em>Items von Diablo 2 Classic mit LoD<\/em> zu verschaffen. Mit diesen Items darf zwar<br \/>\nbei uns getradet werden, aber es kann dennoch nicht 100% ausgeschlossen<br \/>\nwerden, dass sie geduped wurden.<\/p>\n<table>\n<tbody>\n<tr>\n<th><a name=\"inhalt\"><\/a>Inhalt:<\/th>\n<\/tr>\n<tr>\n<td><a href=\"#sc-warn\">LoD Softcore Ladder Warninglist<\/a><\/td>\n<\/tr>\n<tr>\n<td><a href=\"#hc-warn\">LoD Hardcore Ladder Warninglist<\/a><\/td>\n<\/tr>\n<tr>\n<td><a href=\"#scnl-warn\">LoD Softcore nonLadder Warninglist<\/a><\/td>\n<\/tr>\n<tr>\n<td>( <a href=\"#scnl-rune\" class=\"smallweiss\">Runen<\/a> ) ( <a href=\"#scnl-unis\" class=\"smallweiss\">Uniques<\/a> )<br \/>\n( <a href=\"#scnl-charms\"><span class=\"smallweiss\">Charms<\/span><\/a> ) ( <a href=\"#scnl-juwele\"><span class=\"smallweiss\">Juwele<\/span><\/a><br \/>\n) ( <a href=\"#scnl-magic\"><span class=\"smallweiss\">Magisches<\/span><\/a> )<\/td>\n<\/tr>\n<\/tbody>\n<\/table>\n<p><a name=\"sc-warn\"><\/a><\/p>\n<h4>Warninglist f\u00fcr die LoD<br \/>\nSoftcore Ladder Tradeforen<\/h4>\n<ul>\n<li>keine Eintr\u00e4ge<\/li>\n<\/ul>\n<p><a name=\"hc-warn\"><\/a><\/p>\n<h4>Warninglist f\u00fcr die LoD Hardcore Ladder<br \/>\nTradeforen<\/h4>\n<ul>\n<li>keine Eintr\u00e4ge<\/li>\n<\/ul>\n<div align=\"right\"><a href=\"#inhalt\">Zur\u00fcck zum Inhalt<\/a><\/div>\n<p><a name=\"scnl-warn\"><\/a><\/p>\n<h4>Warninglist f\u00fcr die LoD Softcore nonLadder<br \/>\nTradeforen<\/h4>\n<p><a name=\"scnl-rune\"><\/a><span class=\"big1\">Runen :<\/span><\/p>\n<ul>\n<li class=\"small\">IST<\/li>\n<li class=\"small\">OHM<\/li>\n<li class=\"small\">VEX<\/li>\n<li class=\"small\">LO<\/li>\n<li class=\"small\">SUR<\/li>\n<\/ul>\n<div align=\"right\">\n<p><a href=\"#inhalt\">Zur\u00fcck zum Inhalt<\/a><\/p>\n<\/div>\n<p><a name=\"scnl-unis\"><\/a><span class=\"big1\">Uniques :<\/span><\/p>\n<ul>\n<li class=\"small\">gute Krone der \u00c4onen \/ Crown of Ages (2 Sockel)<\/li>\n<li class=\"small\">sehr guter Klafter des Todes \/ Death&#8217;s Fathom\n<div id=\"zusatz\">(ab 27% K\u00e4lteschaden)<\/div>\n<\/li>\n<li class=\"small\"> sehr gutes Greifenauge \/ Griffon&#8217;s Eye<\/li>\n<li class=\"small\">perfekte upgraded \u00c4therische Titans Rache \/ Titan&#8217;s Revenge\n<div id=\"zusatz\">(ab 190% erh\u00f6htem Schaden)<\/div>\n<\/li>\n<li class=\"small\">Rabenfrost \/ Raven Frost\n<div id=\"zusatz\">(20 Geschicklichkeit \/ 250 Angriffswert)<\/div>\n<\/li>\n<li class=\"small\">sehr guter Vernichtikus \/ Annihilus<\/li>\n<li class=\"small\">sehr gute H\u00f6llenfeuerfackel \/ Hellfire Torch<\/li>\n<li class=\"small\">-5%\/+5% Regenbogenfacetten \/ Rainbow Facet\n<div id=\"zusatz\">(speziell Blitz\/K\u00e4lte)<\/div>\n<\/li>\n<li class=\"small\">perfektes Maras Kaleidoskop \/ Mara&#8217;s Kaleidoscope<\/li>\n<li class=\"small\">alle perfekten upgegradeten Uniques<\/li>\n<li class=\"small\">alle 100% perfekten Items mit sehr vielen variablen Stats<\/li>\n<\/ul>\n<p align=\"justify\"><span class=\"small\">Allgemein gilt: je besser die Stats, desto h\u00f6her die Dupegefahr. <\/span><\/p>\n<div align=\"right\"><a href=\"#inhalt\">Zur\u00fcck zum Inhalt<\/a><\/div>\n<p><a name=\"scnl-charms\"><\/a><span class=\"big1\">Charms :<\/span><\/p>\n<ul>\n<li class=\"small\">1*1 Charms ab 17 Leben \/ 3 max. Schaden \/ xx AR<\/li>\n<li class=\"small\">1*1 Charms mit 3 max. Schaden \/ 5% schneller Rennen und Gehen \/ xx AR<\/li>\n<li class=\"small\">1*1 Charms mit 5% schneller Rennen und Gehen und ab 15 Mana<\/li>\n<li class=\"small\">1*1 Charms mit 5% schneller Rennen und Gehen und ab 10% Resistenzen<\/li>\n<li class=\"small\">1*1 Charms mit 5% schneller Rennen und Gehen und ab 4% alle Resistenzen<\/li>\n<li class=\"small\">1*1 Charms mit Leben und Mana ab einer Summe von 34<\/li>\n<li class=\"small\">1*1 Charms ab 19 Leben und ab 10% Resistenzen (ausgenommen Gift)<\/li>\n<li class=\"small\">1*1 Charms mit 20 Leben und ab 35 AR<\/li>\n<li class=\"small\">1*1 Charms mit mehr als 350 Giftschaden<\/li>\n<li class=\"small\">2*1 mit 35 Leben \/ 6 max. Schaden \/ xx AR<\/li>\n<li class=\"small\">3*1 Charms mit 10 max. Schaden \/ mehr als 36 Leben \/ xx AR<\/li>\n<li class=\"small\">3*1 Skillcharms mit mehr als 34 Leben des Types:\n<div id=\"zusatz\">(Pala-Kampf, Fallen, Gift&amp;Knochen, Feuer, K\u00e4lte, Blitz, Elementar, Kriegsschrei,<br \/>\nJava)<\/div>\n<\/li>\n<\/ul>\n<div align=\"right\"><a href=\"#inhalt\">Zur\u00fcck zum Inhalt<\/a><\/div>\n<p><a name=\"scnl-juwele\"><\/a><span class=\"big1\">Juwele :<\/span><\/p>\n<ul>\n<li class=\"small\">Juwele mit mehr als 35% erh\u00f6htem Schaden \/ 15% erh\u00f6hte Angriffsgeschwindigkeit<\/li>\n<li class=\"small\">Alle Juwele mit max. Schaden \/ erh\u00f6htem Schaden, bei denen<br \/>\ndie Summe aus max. Schaden und erh\u00f6htem Schaden den Wert von 53 erreicht bzw. \u00fcbersteigt<\/p>\n<div id=\"zusatz\">(Beispiel: 39ed\/14max = 53)<\/div>\n<\/li>\n<li class=\"small\">Juwel mit 40% erh\u00f6htem Schaden \/ 20 Leben<\/li>\n<li class=\"small\">Juwel mit 40% erh\u00f6htem Schaden \/ 10 Minimalschaden<\/li>\n<li class=\"small\">Juwel mit 40% erh\u00f6htem Schaden \/ -15% Anforderungen<\/li>\n<li class=\"small\">Juwel mit Leben und Mana ab einer Summe von 36<\/li>\n<li class=\"small\">Juwel mit 30 Maximalschaden<\/li>\n<li class=\"small\">Juwel 7% schnellere Erholung nach Treffer \/ 15% alle Widerst\u00e4nde<\/li>\n<li class=\"small\">rares Juwel mit 9 St\u00e4rke \/ 9 Geschicklichkeit \/ beliebige Adds<\/li>\n<li class=\"small\">spezielle rare Juwele, die Werte von perfekten Magischen \u00fcbersteigen\n<div id=\"zusatz\">(z.B. das bekannte Storm Gyre Dupe)<\/div>\n<\/li>\n<\/ul>\n<div align=\"right\"><a href=\"#inhalt\">Zur\u00fcck zum Inhalt<\/a><\/div>\n<p><a name=\"scnl-magic\"><\/a><span class=\"big1\">Magische und Crafted Items :<\/span><\/p>\n<ul>\n<li class=\"small\">magischer Monarch 4 Sockel \/ 60 Leben<\/li>\n<li class=\"small\">Elite-Palaschild (4 Sockel \/ 4x% alle Widerst\u00e4nde \/ 30\/20 Block oder 60 Leben)<\/li>\n<li class=\"small\">alle magischen &#8222;Reife&#8220; mit 3 Sockeln und mind. 80 Leben oder 20-30% schneller Rennen und Gehen<\/li>\n<li class=\"small\">alle magischen &#8222;Reife&#8220; mit 3 Sockeln und 20% Fastcast<\/li>\n<li class=\"small\">leichte Elite-R\u00fcstungen mit 4 Sockeln und mehr als 85 Leben\n<div id=\"zusatz\">(Typ : D\u00e4mmerschleier, Wyrmleder, Skarab\u00e4usschale, Archon, Drahtvlies)<\/div>\n<\/li>\n<li class=\"small\">Amazonenb\u00f6gen (GMB\/MB) mit sehr guten Stats wie z.B.:\n<ul>\n<li>Grausamer [xxx] der Ausweidung \/ Schnelligkeit<\/li>\n<li>Rare mit \u00fcber 400% erh\u00f6htem Schaden (mit guten Adds)<\/li>\n<\/ul>\n<\/li>\n<\/ul>\n<div align=\"right\"><a href=\"#inhalt\">Zur\u00fcck zum Inhalt<\/a><\/div>\n","protected":false},"excerpt":{"rendered":"<p>Die planetdiablo.eu LoD Warninglist dient dazu, den Usern einen \u00dcberblick \u00fcber die dupegef\u00e4hrdeten Items von Diablo 2 Classic mit LoD zu verschaffen. Mit diesen Items darf zwar bei uns getradet werden, aber es kann dennoch nicht 100% ausgeschlossen werden, dass sie geduped wurden. Inhalt: LoD Softcore Ladder Warninglist LoD Hardcore Ladder Warninglist LoD Softcore nonLadder&hellip; <a class=\"more-link\" href=\"https:\/\/planetdiablo.eu\/de\/trade\/warnlist\/\"><span class=\"screen-reader-text\">Diablo 2 Trade &#8211; Die Warninglist<\/span> weiterlesen<\/a><\/p>\n","protected":false},"author":748,"featured_media":0,"parent":103,"menu_order":0,"comment_status":"closed","ping_status":"open","template":"","meta":{"footnotes":""},"class_list":["post-560253","page","type-page","status-publish","hentry","entry"],"_links":{"self":[{"href":"https:\/\/planetdiablo.eu\/de\/wp-json\/wp\/v2\/pages\/560253","targetHints":{"allow":["GET"]}}],"collection":[{"href":"https:\/\/planetdiablo.eu\/de\/wp-json\/wp\/v2\/pages"}],"about":[{"href":"https:\/\/planetdiablo.eu\/de\/wp-json\/wp\/v2\/types\/page"}],"author":[{"embeddable":true,"href":"https:\/\/planetdiablo.eu\/de\/wp-json\/wp\/v2\/users\/748"}],"replies":[{"embeddable":true,"href":"https:\/\/planetdiablo.eu\/de\/wp-json\/wp\/v2\/comments?post=560253"}],"version-history":[{"count":1,"href":"https:\/\/planetdiablo.eu\/de\/wp-json\/wp\/v2\/pages\/560253\/revisions"}],"predecessor-version":[{"id":581209,"href":"https:\/\/planetdiablo.eu\/de\/wp-json\/wp\/v2\/pages\/560253\/revisions\/581209"}],"up":[{"embeddable":true,"href":"https:\/\/planetdiablo.eu\/de\/wp-json\/wp\/v2\/pages\/103"}],"wp:attachment":[{"href":"https:\/\/planetdiablo.eu\/de\/wp-json\/wp\/v2\/media?parent=560253"}],"curies":[{"name":"wp","href":"https:\/\/api.w.org\/{rel}","templated":true}]}}