{"id":560269,"date":"2014-07-14T01:54:06","date_gmt":"2014-07-13T23:54:06","guid":{"rendered":"http:\/\/diablo3.ingame.de\/?page_id=560269"},"modified":"2023-10-08T14:26:05","modified_gmt":"2023-10-08T12:26:05","slug":"hilfe","status":"publish","type":"page","link":"https:\/\/planetdiablo.eu\/de\/hilfe\/","title":{"rendered":"Hilfe"},"content":{"rendered":"<p>Willkommen in der Hilfe-Sektion von <a href=\"http:\/\/www.indiablo.de\" target=\"_blank\" rel=\"noopener\"><font color=\"#FF5500\">in<\/font><font color=\"#ffffff\">Diablo.de<\/font><\/a><br \/>\nDiese Sektion dient als Hilfestellung bei Problemen mit Diablo II\/LoD &amp; dem Battle.Net. Fragen zu Charakteren, MF und Items k\u00f6nnen in den daf\u00fcr vorgesehenen <a href=\"http:\/\/forum2.ingame.de\/diablo2\/forumdisplay.php?s=&amp;forumid=6\" target=\"_blank\" rel=\"noopener\">Charakter-<\/a> &amp; <a href=\"http:\/\/forum2.ingame.de\/diablo2\/forumdisplay.php?s=&amp;forumid=36\" target=\"_blank\" rel=\"noopener\">Strategieforen<\/a> nachgelesen &amp; gestellt werden. Unser <font color=\"#FF5500\">in<\/font><font color=\"#ffffff\">Diablo.de<\/font> Hilfe-Team k\u00f6nnt ihr im <font color=\"#ffffff\">Hilfe-Forum<\/font> auch direkt fragen, solltet ihr hier keine Antworten finden.<\/p>\n<table>\n<tr>\n<th>&nbsp;<b>Link<\/b>&nbsp;<\/th>\n<th align=\"center\"><b>Thema<\/b><\/th>\n<\/tr>\n<tr>\n<td><a href=\"\/diablo-2\/lexikon\/\" target=\"_blank\" rel=\"noopener\">Das <font color=\"#FF5500\">in<\/font><font color=\"#ffffff\">Diablo.de<\/font> Lexikon<\/a>&nbsp;&nbsp;<\/td>\n<td>Hier findet Ihr Abk\u00fcrzungen und Begriffe aus der Welt von DII (und viele andere) einfach erkl\u00e4rt<\/td>\n<\/tr>\n<tr>\n<td><a href=\"\/hilfe\/anfaengerhilfe\/\" target=\"_blank\" rel=\"noopener\">Die <font color=\"#FF5500\">in<\/font><font color=\"#ffffff\">Diablo.de<\/font> Anf\u00e4ngerhilfe<\/a>&nbsp;&nbsp;<\/td>\n<td>Unser Team f\u00fcr Neueinsteiger &amp; R\u00fcckkehrer, das auch &#8222;live&#8220; im BNet hilft und ebenso Seminare anbietet<\/td>\n<\/tr>\n<tr>\n<td><a href=\"\/hilfe\/bnet\/\" target=\"_blank\" rel=\"noopener\">Die Battle.Net F.A.Q.<\/a>&nbsp;&nbsp;<\/td>\n<td>Alles Wissenswerte \u00fcber das Battle.Net selbst, den Chat, die Commands &amp; die Gefahren im Battle.Net<\/td>\n<\/tr>\n<tr>\n<td><a href=\"\/hilfe\/hackfaq\/\" target=\"_blank\" rel=\"noopener\">Die Hack F.A.Q.<\/a>&nbsp;&nbsp;<\/td>\n<td>Alle Gefahren im BNet &amp; bei Diablo II ausf\u00fchrlich erkl\u00e4rt, worauf man achten und was man lassen sollte<\/td>\n<\/tr>\n<tr>\n<td><a href=\"http:\/\/diablo3.ingame.de\/forum\/forums\/4-Hilfe-Forum\" target=\"_blank\" rel=\"noopener\">Das Hilfe Forum<\/a>&nbsp;&nbsp;<\/td>\n<td>Hier werden deine Fragen von anderen Foren-Mitgliedern und uns beantwortet. Bevor Ihr im Hilfe Forum postet, empfehlen und bitten wir euch unsere Spielregeln incl. des <a href=\"http:\/\/diablo3.ingame.de\/forum\/threads\/888076-Archiv-Wegweiser\" target=\"_blank\" rel=\"noopener\">Wegweisers<\/a> durchzulesen, da speziell im Wegweiser schon sehr viele Antworten gegeben werden<\/td>\n<\/tr>\n<\/table>\n","protected":false},"excerpt":{"rendered":"<p>Willkommen in der Hilfe-Sektion von inDiablo.de Diese Sektion dient als Hilfestellung bei Problemen mit Diablo II\/LoD &amp; dem Battle.Net. Fragen zu Charakteren, MF und Items k\u00f6nnen in den daf\u00fcr vorgesehenen Charakter- &amp; Strategieforen nachgelesen &amp; gestellt werden. Unser inDiablo.de Hilfe-Team k\u00f6nnt ihr im Hilfe-Forum auch direkt fragen, solltet ihr hier keine Antworten finden. &nbsp;Link&nbsp; Thema&hellip; <a class=\"more-link\" href=\"https:\/\/planetdiablo.eu\/de\/hilfe\/\"><span class=\"screen-reader-text\">Hilfe<\/span> weiterlesen<\/a><\/p>\n","protected":false},"author":748,"featured_media":0,"parent":0,"menu_order":92,"comment_status":"closed","ping_status":"open","template":"","meta":{"footnotes":""},"class_list":["post-560269","page","type-page","status-publish","hentry","entry"],"_links":{"self":[{"href":"https:\/\/planetdiablo.eu\/de\/wp-json\/wp\/v2\/pages\/560269","targetHints":{"allow":["GET"]}}],"collection":[{"href":"https:\/\/planetdiablo.eu\/de\/wp-json\/wp\/v2\/pages"}],"about":[{"href":"https:\/\/planetdiablo.eu\/de\/wp-json\/wp\/v2\/types\/page"}],"author":[{"embeddable":true,"href":"https:\/\/planetdiablo.eu\/de\/wp-json\/wp\/v2\/users\/748"}],"replies":[{"embeddable":true,"href":"https:\/\/planetdiablo.eu\/de\/wp-json\/wp\/v2\/comments?post=560269"}],"version-history":[{"count":1,"href":"https:\/\/planetdiablo.eu\/de\/wp-json\/wp\/v2\/pages\/560269\/revisions"}],"predecessor-version":[{"id":588571,"href":"https:\/\/planetdiablo.eu\/de\/wp-json\/wp\/v2\/pages\/560269\/revisions\/588571"}],"wp:attachment":[{"href":"https:\/\/planetdiablo.eu\/de\/wp-json\/wp\/v2\/media?parent=560269"}],"curies":[{"name":"wp","href":"https:\/\/api.w.org\/{rel}","templated":true}]}}