{"id":560323,"date":"2014-07-14T15:42:24","date_gmt":"2014-07-14T13:42:24","guid":{"rendered":"http:\/\/diablo3.ingame.de\/?page_id=560323"},"modified":"2014-07-14T15:42:24","modified_gmt":"2014-07-14T13:42:24","slug":"bnet03","status":"publish","type":"page","link":"https:\/\/planetdiablo.eu\/de\/hilfe\/bnet\/bnet03\/","title":{"rendered":"Diablo 2 &#8211; Battle.net Warnungen und Hinweise"},"content":{"rendered":"<p><a name=\"top\"><\/a><\/p>\n<h2 align=\"center\"><b>Warnungen und Hinweise<\/b><\/h2>\n<p align=\"justify\">Direkt im Battle.net Chat seht ihr auf der rechten Seite in <font color=\"red\">roter<\/font> Schrift Hinweise von Blizzard. Meist<br \/>\nhandelt es sich um Warnungen und Tipps.<\/p>\n<p>\n<center><br \/>\n<img decoding=\"async\" src=\"http:\/\/135.181.204.8\/wordpress\/wp-content\/uploads\/2014\/07\/chat-hinweis.jpg\" alt=\"bnet chat Hinweis\" border=\"0\" width=\"100%\"><\/p>\n<p><b><u>NUR DIESE HINWEISE HABEN GELTUNG!!!<\/u><\/b><\/center><\/p>\n<p align=\"justify\">\nAlles, was euch andere sagen, hat keine Bedeutung, auch wenn diese sich Blizzard Mitarbeiter nennen. Ein beliebter<br \/>\nTrick im Battle.net ist es, sich als Blizzard Mitarbeiter auszugeben und andere Spieler mit falschen Warnungen<br \/>\nin die Irre zu f\u00fchren, so da\u00df diese eben den vermeindlichen Blizzard Offiziellen Passw\u00f6rter oder CD-Key sagen.<br \/>\nBesonders vor neuen Patches kann man diese Art von Betrug immer wieder im Chat beobachten. Deshalb niemals:\n<\/p>\n<ul>\n<li>Account Passw\u00f6rter<\/li>\n<li>CD-Keys<\/li>\n<\/ul>\n<p>weitergeben!<\/p>\n<p>Auch solltet ihr <b>niemals<\/b> sogenannte 3rd Party Programme benutzen. Das sind Programme, die nicht direkt von Blizzard stammen<br \/>\nsondern von irgendwelchen Fans\/Cheatern programmiert wurden. Sie enthalten oft nur Trojaner um euch das Bnet Passwort<br \/>\nzu klauen.<\/p>\n<p><\/p>\n<p align=\"justify\">\nEinige beliebte und uralte Versuche um durch Tricks an ein Account Passwort zu kommen sind:<br \/>\n<\/p>\n<p align=\"justify\">\nDer \/dnd Trick: Der Befehl \/dnd wird sp\u00e4ter erkl\u00e4rt (Thema: Chat). Er hat nichts mit irgendwelchen Passwort-Funktionen zu tun.<br \/>\nHier handelt es sich auch nur um einen Missbrauchsversuch um sich das Passwort zu erschleichen. <\/p>\n<p align=\"justify\"> Der Accountsave Trick: Auch wenn es euch noch so richtig erscheint. Niemals m\u00fcsst ihr euren Account durch<br \/>\nAngabe von Passw\u00f6rtern im Chat sichern. Gerne wird das ganze mit dem Erscheinen von neuen Patches gekoppelt.<br \/>\nDoch lasst euch nicht beirren, weder neue Patches noch sonstige Aktionen mit eurem Passwort w\u00fcrde es jemals<br \/>\ndurch Blizzard geben!<\/p>\n<p align=\"justify\"> Der Rank Trick: Auch gerne benutzt wird dieser Trick. Durch Angabe von Account und Passwort soll euch<br \/>\nder Rank eures Chars auf der Ladder gezeigt werden. Das ist nat\u00fcrlich auch nur Quatsch. Daf\u00fcr gibt es<br \/>\nden Ladder Button und nichts anderes, schon gar nicht mit Angabe des Passwortes!<\/p>\n<p><\/p>\n<p align=\"justify\"><b>Egal welche Farbe eine Warnung oder Meldung im Chat hat, Blizzard w\u00fcrde<br \/>\nNIE verlangen, da\u00df das Passwort mit angegeben wird.<\/b><\/p>\n<p><center><\/p>\n<p><b>Das Passwort eures Accounts braucht ihr NUR zum Login!<\/b><\/p>\n<p><\/center><\/p>\n<p align=\"center\"><a href=\"\/hilfe\/bnet\/bnet02\/\">[zur\u00fcck]<\/a> &#8211; <a href=\"#top\">[top]<\/a> &#8211; <a href=\"\/hilfe\/bnet\/bnet04\/\">[weiter]<\/a><\/p>\n<p align=\"right\">\n<b>MasterJM<\/b><br \/>\nStand: Dezember 2005<\/p>\n","protected":false},"excerpt":{"rendered":"<p>Warnungen und Hinweise Direkt im Battle.net Chat seht ihr auf der rechten Seite in roter Schrift Hinweise von Blizzard. Meist handelt es sich um Warnungen und Tipps. NUR DIESE HINWEISE HABEN GELTUNG!!! Alles, was euch andere sagen, hat keine Bedeutung, auch wenn diese sich Blizzard Mitarbeiter nennen. Ein beliebter Trick im Battle.net ist es, sich&hellip; <a class=\"more-link\" href=\"https:\/\/planetdiablo.eu\/de\/hilfe\/bnet\/bnet03\/\"><span class=\"screen-reader-text\">Diablo 2 &#8211; Battle.net Warnungen und Hinweise<\/span> weiterlesen<\/a><\/p>\n","protected":false},"author":748,"featured_media":0,"parent":560275,"menu_order":0,"comment_status":"open","ping_status":"open","template":"","meta":{"footnotes":""},"class_list":["post-560323","page","type-page","status-publish","hentry","entry"],"_links":{"self":[{"href":"https:\/\/planetdiablo.eu\/de\/wp-json\/wp\/v2\/pages\/560323","targetHints":{"allow":["GET"]}}],"collection":[{"href":"https:\/\/planetdiablo.eu\/de\/wp-json\/wp\/v2\/pages"}],"about":[{"href":"https:\/\/planetdiablo.eu\/de\/wp-json\/wp\/v2\/types\/page"}],"author":[{"embeddable":true,"href":"https:\/\/planetdiablo.eu\/de\/wp-json\/wp\/v2\/users\/748"}],"replies":[{"embeddable":true,"href":"https:\/\/planetdiablo.eu\/de\/wp-json\/wp\/v2\/comments?post=560323"}],"version-history":[{"count":0,"href":"https:\/\/planetdiablo.eu\/de\/wp-json\/wp\/v2\/pages\/560323\/revisions"}],"up":[{"embeddable":true,"href":"https:\/\/planetdiablo.eu\/de\/wp-json\/wp\/v2\/pages\/560275"}],"wp:attachment":[{"href":"https:\/\/planetdiablo.eu\/de\/wp-json\/wp\/v2\/media?parent=560323"}],"curies":[{"name":"wp","href":"https:\/\/api.w.org\/{rel}","templated":true}]}}