{"id":560353,"date":"2014-07-14T15:51:22","date_gmt":"2014-07-14T13:51:22","guid":{"rendered":"http:\/\/diablo3.ingame.de\/?page_id=560353"},"modified":"2021-09-09T08:42:24","modified_gmt":"2021-09-09T06:42:24","slug":"bnet04","status":"publish","type":"page","link":"https:\/\/planetdiablo.eu\/de\/hilfe\/bnet\/bnet04\/","title":{"rendered":"Diablo 2 &#8211; Der Battle.net Chat"},"content":{"rendered":"<p><a name=\"top\"><\/a><\/p>\n<h2 align=\"center\"><b>Der Battle.net Chat<\/b><\/h2>\n<p>&#8230; f\u00fcr D2 Legacy only<\/p>\n<ul>\n<li><a href=\"#01\">Die Figuren und ihre Bedeutung<\/a><\/li>\n<li><a href=\"#02\">Chat Commands (Befehle)<\/a><\/li>\n<li><a href=\"#03\">Friendlist<\/a><\/li>\n<li><a href=\"#04\">Chat Channels &#8211; Public Channels<\/a><\/li>\n<\/ul>\n<p><a name=\"01\"><\/a><\/p>\n<h3>Die Figuren und ihre Bedeutungen<\/h3>\n<table>\n<tbody>\n<tr>\n<td><img loading=\"lazy\" decoding=\"async\" src=\"\/wp-content\/uploads\/2014\/07\/chat1.gif\" alt=\"Charakter\" width=\"100\" height=\"125\"><\/td>\n<td><b>Blizzard-Angestellter:<\/b><br \/>\nEin autorisierter Vertreter von Blizzard Entertainment.<\/td>\n<\/tr>\n<tr>\n<td><img loading=\"lazy\" decoding=\"async\" src=\"\/wp-content\/uploads\/2014\/07\/chat10.gif\" alt=\"Charakter\" width=\"100\" height=\"125\"><\/td>\n<td><b>Battle.net-Systemadministrator:<\/b><br \/>\nEin autorisierter Vertreter von Battle.net.<\/td>\n<\/tr>\n<tr>\n<td><img loading=\"lazy\" decoding=\"async\" src=\"\/wp-content\/uploads\/2014\/07\/chat6.gif\" alt=\"Charakter\" width=\"100\" height=\"125\"><\/td>\n<td><b>Channel-Moderator:<\/b><br \/>\nKann Personen aus einem Channel entfernen oder<br \/>\nverbannen und den n\u00e4chsten Operator des Channels bestimmen, wenn er sich ausklinkt.<\/td>\n<\/tr>\n<tr>\n<td><img loading=\"lazy\" decoding=\"async\" src=\"\/wp-content\/uploads\/2014\/07\/chat8.gif\" alt=\"Charakter\" width=\"100\" height=\"125\"><\/td>\n<td><b>Sprecher:<\/b><br \/>\nKann von jeder Person geh\u00f6rt werden, die in einem moderierten<br \/>\nChannel anwesend ist.<\/td>\n<\/tr>\n<tr>\n<td><img loading=\"lazy\" decoding=\"async\" src=\"\/wp-content\/uploads\/2014\/07\/chat3.gif\" alt=\"Charakter\" width=\"100\" height=\"125\"><\/td>\n<td><b>Battle.net-Chat-Teilnehmer:<\/b><br \/>\nHat sich \u00fcber einen Chat-Client eingeklinkt und<br \/>\nkann Spiele weder starten noch sich darin einklinken.<br \/>\nMeistens handelt es sich hier um einen sogenannten<br \/>\nBot (automatischer Chat-Teilnehmer)<\/td>\n<\/tr>\n<tr>\n<td><img loading=\"lazy\" decoding=\"async\" src=\"\/wp-content\/uploads\/2014\/07\/chat7.gif\" alt=\"Charakter\" width=\"100\" height=\"125\"><\/td>\n<td><b>Blizzard-Schiedsrichter:<\/b><br \/>\nModerator f\u00fcr Turnierspiele, die auf Battle.net<br \/>\nausgetragen werden.<\/td>\n<\/tr>\n<tr>\n<td><img loading=\"lazy\" decoding=\"async\" src=\"\/wp-content\/uploads\/2014\/07\/chat4.gif\" alt=\"Charakter\" width=\"100\" height=\"125\"><\/td>\n<td><b>Figur mit grauer Robe:<\/b><br \/>\nEin toter <i>Diablo II<\/i>-Profi-Charakter.<\/td>\n<\/tr>\n<tr>\n<td><img loading=\"lazy\" decoding=\"async\" src=\"\/wp-content\/uploads\/2014\/07\/chat11.gif\" alt=\"Charakter\" width=\"100\" height=\"125\"><\/td>\n<td><b>Figur mit brauner Robe:<\/b><br \/>\nDer Teilnehmer ist dem Bnet nicht bekannt.<br \/>\nOpen Bnet Chars und Warcraft III Teilnehmer werden z.B. so dargestellt.<\/td>\n<\/tr>\n<tr>\n<td><img loading=\"lazy\" decoding=\"async\" src=\"\/wp-content\/uploads\/2014\/07\/chat5.gif\" alt=\"Charakter\" width=\"100\" height=\"125\"><\/td>\n<td><b><i>Diablo<\/i>-Client:<\/b><br \/>\nHat sich mit dem <i>Diablo<\/i>-Client<br \/>\nin Battle.net eingeklinkt.<\/td>\n<\/tr>\n<tr>\n<td><img loading=\"lazy\" decoding=\"async\" src=\"\/wp-content\/uploads\/2014\/07\/chat12.gif\" alt=\"Charakter\" width=\"100\" height=\"125\"><\/td>\n<td><b><i>WarCraft 2<\/i> Battle.net Edition-Client:<\/b><br \/>\nHat sich mit einem &#8222;<i>Warcraft 2<\/i><br \/>\nBattle.net Edition&#8220;-Client in Battle.net eingeklinkt.<\/td>\n<\/tr>\n<tr>\n<td><img loading=\"lazy\" decoding=\"async\" src=\"\/wp-content\/uploads\/2014\/07\/chat9.gif\" alt=\"Charakter\" width=\"100\" height=\"125\"><\/td>\n<td><b><i>StarCraft<\/i>-Client:<\/b><br \/>\nHat sich mit dem <i>StarCraft<\/i>-Client in Battle.net<br \/>\neingeklinkt.<\/td>\n<\/tr>\n<tr>\n<td><img loading=\"lazy\" decoding=\"async\" src=\"\/wp-content\/uploads\/2014\/07\/chat2.gif\" alt=\"Charakter\" width=\"100\" height=\"125\"><\/td>\n<td><b><i>BroodWar<\/i>-Client:<\/b><br \/>\nHat sich mit dem <i>BroodWar<\/i>-Client in Battle.net<br \/>\neingeklinkt.<\/td>\n<\/tr>\n<\/tbody>\n<\/table>\n<p><center><a href=\"#top\">[top]<\/a><\/center><br \/>\n<a name=\"02\"><\/a><\/p>\n<h3>Chat Commands (Befehle)<\/h3>\n<p>Die folgenden Befehle k\u00f6nnen in allen Battle.net chat-channels benutzt werden. [user] meint hier Name des Charakters.<br \/>\nIm Bnet Chat selber gibt es auch noch eine umfangreiche Hilfe dazu. <a href=\"javascript:puscreen('http:\/\/diablo2.ingame.de\/hilfe\/bnet\/screen\/chat-help.php')\">Screenshot<\/a><\/p>\n<table>\n<tbody>\n<tr>\n<th rowspan=\"2\" width=\"20%\" align=\"left\">\/help<\/th>\n<td width=\"80%\">Beispiel: \/help whisper<\/td>\n<\/tr>\n<tr>\n<td width=\"80%\">Zeigt eine Hilfe an auch zu speziellen Themen (siehe Beispiel).<\/td>\n<\/tr>\n<tr>\n<th rowspan=\"2\" width=\"20%\" align=\"left\">\/whois [User]<\/th>\n<td width=\"80%\">Beispiel: \/whois Tpark<\/td>\n<\/tr>\n<tr>\n<td width=\"80%\">Zeigt generelle Informationen zu einem User an, zum Beispiel ihre Account Nummer.<br \/>\nEs eignet sich gut um zu sehen ob ein Freund eingeloggt ist. siehe auch: \/where \/whereis<\/td>\n<\/tr>\n<tr>\n<th rowspan=\"2\" width=\"20%\" align=\"left\">\/whoami<\/th>\n<td width=\"80%\">Beispiel: \/whoami<\/td>\n<\/tr>\n<tr>\n<td width=\"80%\">Zeigt Informationen zu eurem Account im Battle.net<\/td>\n<\/tr>\n<tr>\n<th rowspan=\"2\" width=\"20%\" align=\"left\">\/w [user]<\/th>\n<td width=\"80%\">Beispiel: \/w JohnS<\/td>\n<\/tr>\n<tr>\n<td width=\"80%\">Sendet eine private Nachricht an den User egal in welchen Channel dieser grade ist.<\/p>\n<p>siehe auch: \/msg \/whisper<\/td>\n<\/tr>\n<tr>\n<th rowspan=\"2\" width=\"20%\" align=\"left\">\/ignore [user]<\/th>\n<td width=\"80%\">Beispiel: \/ignore BFitch<\/td>\n<\/tr>\n<tr>\n<td width=\"80%\">Ignoriert einen User f\u00fcr ankommende Nachrichten. Gut geeignet um sich gegen spam zu sch\u00fctzen.<\/p>\n<p>siehe auch: \/squelch <i>(scheint nicht mehr zu funktionieren siehe deshalb: \/squelch)<\/i><\/td>\n<\/tr>\n<tr>\n<th rowspan=\"2\" width=\"20%\" align=\"left\">\/unignore [user]<\/th>\n<td width=\"80%\">Beispiel: \/unignore BFitch<\/td>\n<\/tr>\n<tr>\n<td width=\"80%\">Ein ignorierter User kann nur wieder normal mit dir chatten.<br \/>\nsiehe auch: \/unsquelch<\/td>\n<\/tr>\n<tr>\n<th rowspan=\"2\" width=\"20%\" align=\"left\">\/away [text]<\/th>\n<td width=\"80%\">Beispiel: \/away essen<\/td>\n<\/tr>\n<tr>\n<td width=\"80%\">Zeigt eine away-Nachricht an, wenn jemand dich whispert. Ideal um zu zeigen das man grade afk<br \/>\n(away from keyboard) ist samt Grund und\/oder Uhrzeit der R\u00fcckkehr. Die away-Nachricht wird auch beim \/whois<br \/>\nauf euren Account angezeigt.<br \/>\nUm die away Nachricht zu l\u00f6schen reicht ein &#8222;\/away&#8220; ohne Grund.<\/td>\n<\/tr>\n<tr>\n<th rowspan=\"2\" width=\"20%\" align=\"left\">\/dnd [text]<\/th>\n<td width=\"80%\">Beispiel: \/dnd sorry spiele grad mit GFraizer<\/td>\n<\/tr>\n<tr>\n<td width=\"80%\">Dnd bedeutet: &#8222;Do Not Disturb&#8220; &#8211; verhindert das <b>alle<\/b> gefl\u00fcsterten Nachrichten bei euch<br \/>\nangzeigt werden. Um es wieder zu deaktivieren reicht ein &#8222;\/dnd&#8220; (vergl. \/away). Auch wenn ihr am spielen seit<br \/>\nund \/dnd Grund setzt erreicht euch keine gefl\u00fcsterte Nachricht mehr. Nur normalen Chat Text k\u00f6nnt ihr dann noch<br \/>\nsehen.<\/td>\n<\/tr>\n<tr>\n<th rowspan=\"2\" width=\"20%\" align=\"left\">\/who [channel]<\/th>\n<td width=\"80%\">Beispiel: \/who Open Tech Support<\/td>\n<\/tr>\n<tr>\n<td width=\"80%\">Listet alle User in dem angegebenen Channel auf.<\/td>\n<\/tr>\n<tr>\n<th rowspan=\"2\" width=\"20%\" align=\"left\">\/stats [user] ID<\/th>\n<td width=\"80%\">Beispiel: \/stats DavidN STAR<\/td>\n<\/tr>\n<tr>\n<td width=\"80%\">Zeigt eine User gewonnen\/verloren\/verbindung verloren Statistik f\u00fcr Normale und Ladder Spiele an.<br \/>\n<i>Damit eher Bedeutung f\u00fcr StarCraft oder Warcraft:<\/i><\/p>\n<table border=\"0\">\n<tbody>\n<tr>\n<td><b>STAR<\/b><\/td>\n<td>StarCraft<\/td>\n<\/tr>\n<tr>\n<td><b>SEXP<\/b><\/td>\n<td>StarCraft Expansion (Brood War)<\/td>\n<\/tr>\n<tr>\n<td><b>W2BNE<\/b><\/td>\n<td>Warcraft II Battle.net Edition<\/td>\n<\/tr>\n<\/tbody>\n<\/table>\n<\/td>\n<\/tr>\n<tr>\n<th width=\"20%\" align=\"left\">\/time<\/th>\n<td width=\"80%\">Zeigt die aktuelle Zeit im Battlenet an (Server Zeit).<\/td>\n<\/tr>\n<tr>\n<th width=\"20%\" align=\"left\">\/users<\/th>\n<td width=\"80%\">Zeigt die aktuelle Anzahl von User im Battle.net an, also wie voll die Server gerade sind.<\/td>\n<\/tr>\n<tr>\n<th rowspan=\"2\" width=\"20%\" align=\"left\">\/r<\/th>\n<td width=\"80%\">Beispiel: \/reply<\/td>\n<\/tr>\n<tr>\n<td width=\"80%\">Reply &#8211; Antworten. So k\u00f6nnt ihr schnell auf eine private Nachricht (whispern) antworten.<\/td>\n<\/tr>\n<\/tbody>\n<\/table>\n<h4>Chat Channel: Befehle<\/h4>\n<p>Die folgeneden Befehle k\u00f6nnt ihr nur in den Chat Channels verwenden.<\/p>\n<table>\n<tbody>\n<tr>\n<th rowspan=\"2\" width=\"20%\" align=\"left\">\/join [channel name]<\/th>\n<td width=\"80%\">Beispiel: \/join Blizzard Tech Support<\/td>\n<\/tr>\n<tr>\n<td width=\"80%\">Ihr wechselt automatisch in den angegebenen Channel.<br \/>\nsiehe auch: \/channel<\/td>\n<\/tr>\n<tr>\n<th rowspan=\"2\" width=\"20%\" align=\"left\">\/me [text]<\/th>\n<td width=\"80%\">Beispiel: \/me is rolling on the floor laughing!<\/td>\n<\/tr>\n<tr>\n<td width=\"80%\">Zeigt einen &#8222;emotion&#8220; Text (eine T\u00e4tigkeit).<\/td>\n<\/tr>\n<\/tbody>\n<\/table>\n<h4>Chat Channel: Operator Befehle<\/h4>\n<p>Die folgenden Befehle k\u00f6nnt ihr nur benutzen, wenn ihr Channel Operator seid.<\/p>\n<table>\n<tbody>\n<tr>\n<th rowspan=\"2\" width=\"20%\" align=\"left\">\/designate [user]<\/th>\n<td width=\"80%\">Beispiel: \/designate AlenL<\/td>\n<\/tr>\n<tr>\n<td width=\"80%\">Sucht den n\u00e4chsten Channel Operator aus. Wenn ihr den Channel oder den ganzen Chat verlassen<br \/>\nw\u00fcrdet w\u00e4re diese Person automatisch der n\u00e4chste Operator im Channel. Wenn ihr ausversehen<br \/>\nmehrere Person &#8222;designated&#8220; hab und den Chat verlasst wird nur der zuletzt selektierte zum Operator.<\/td>\n<\/tr>\n<tr>\n<th rowspan=\"2\" width=\"20%\" align=\"left\">\/resign<\/th>\n<td width=\"80%\">Beispiel: \/resign<\/td>\n<\/tr>\n<tr>\n<td width=\"80%\">Kann benutzt werden um einen vorherigen \/designate Befehl wirksam zu machen.<br \/>\nDamit werdet ihr vom Operator zum User.<\/td>\n<\/tr>\n<tr>\n<th rowspan=\"2\" width=\"20%\" align=\"left\">\/rejoin<\/th>\n<td width=\"80%\">Beispiel: \/rejoin<\/td>\n<\/tr>\n<tr>\n<td width=\"80%\">Ihr rejoint den aktuellen Channel. Das bedeutet verlassen und sofort wieder betreten.<\/td>\n<\/tr>\n<tr>\n<th rowspan=\"2\" width=\"20%\" align=\"left\">\/kick [user]<\/th>\n<td width=\"80%\">Beispiel: \/kick TwainM<\/td>\n<\/tr>\n<tr>\n<td width=\"80%\">Kicked einen User aus dem Channel. Kicken meint rauswerfen.<\/td>\n<\/tr>\n<tr>\n<th rowspan=\"2\" width=\"20%\" align=\"left\">\/ban [user]<\/th>\n<td width=\"80%\">Beispiel: \/ban RobertB<\/td>\n<\/tr>\n<tr>\n<td width=\"80%\">Kicked einen User aus dem Channel und verhindert, da\u00df dieser ihn wieder betreten kann.<br \/>\nWenn der aktuelle Operator den Channel verl\u00e4sst kann wird ein ban unwirksam.<\/td>\n<\/tr>\n<tr>\n<th rowspan=\"2\" width=\"20%\" align=\"left\">\/unban [users]<\/th>\n<td width=\"80%\">Beispiel: \/unban RobertB<\/td>\n<\/tr>\n<tr>\n<td width=\"80%\">Erlaubt einem verbannten User wieder den Channel zu betreten.<\/td>\n<\/tr>\n<\/tbody>\n<\/table>\n<h4>Short Cut Befehle<\/h4>\n<table>\n<tbody>\n<tr>\n<th align=\"left\"><i>CTRL-X<\/i><\/th>\n<td>Diablo, StarCraft, und Warcraft II BNE: markierten Text ausschneiden<\/td>\n<\/tr>\n<tr>\n<th align=\"left\"><i>CTRL-C<\/i><\/th>\n<td>Diablo, StarCraft, und Warcraft II BNE: markierten Text kopieren<\/td>\n<\/tr>\n<tr>\n<th align=\"left\"><i>CTRL-V<\/i><\/th>\n<td>Diablo, StarCraft, und Warcraft II BNE: markierten Text einf\u00fcgen<\/td>\n<\/tr>\n<tr>\n<th align=\"left\"><i>CTRL-A<\/i><\/th>\n<td>Diablo, StarCraft, und Warcraft II BNE: den ganzen Text markieren<\/td>\n<\/tr>\n<tr>\n<th align=\"left\"><i>CTRL-N<\/i><\/th>\n<td>Diablo II: markierten Namen einf\u00fcgen<\/td>\n<\/tr>\n<tr>\n<th align=\"left\"><i>ALT-N<\/i><\/th>\n<td>Diablo, StarCraft, und Warcraft II BNE: markierten Namen einf\u00fcgen<\/td>\n<\/tr>\n<tr>\n<th align=\"left\"><i>ALT-V<\/i><\/th>\n<td>Diablo, StarCraft, und Warcraft II BNE: Schaltet Join\/Part Nachrichten im Channel an\/aus &nbsp;&nbsp;<\/td>\n<\/tr>\n<tr>\n<th align=\"left\"><i>CTRL-M<\/i><\/th>\n<td>Diablo II: Musik im Chat Channel an\/aus.<\/td>\n<\/tr>\n<tr>\n<th align=\"left\"><i>ALT-W<br \/>\nwith user selected &nbsp;&nbsp;<\/i><\/th>\n<td>Diablo, StarCraft, Warcraft II BNE: Fl\u00fcstert dem markierten Nutzer.<br \/>\nsiehe auch: \/w \/msg \/m \/whisper<\/td>\n<\/tr>\n<\/tbody>\n<\/table>\n<table>\n<tbody>\n<tr>\n<th rowspan=\"2\" width=\"20%\" align=\"left\"><i>TAB <\/i><\/th>\n<td width=\"80%\">Diablo II: Wechselt zwischen den letzten 10 benutzen Befehlen<\/td>\n<\/tr>\n<tr>\n<td width=\"80%\">StarCraft: Wechselt zum letzten benutzen Befehl und wechselt dann die User im Channel durch.<\/td>\n<\/tr>\n<tr>\n<th width=\"20%\" align=\"left\">\/d2notify<\/th>\n<td width=\"80%\">Diablo II: Schaltet Join und Parts ein\/aus. (Join = betreten von Channels,<br \/>\nPart = Verlassen von Channels)<\/td>\n<\/tr>\n<\/tbody>\n<\/table>\n<p><center><a href=\"#top\">[top]<\/a><\/center><br \/>\n<a name=\"03\"><\/a><\/p>\n<h3>Friendlist<\/h3>\n<p align=\"justify\">\nWas ist die Friendlist? &#8211; Klassifizierung der Eintr\u00e4ge:<\/p>\n<p>Friend<\/p>\n<p align=\"justify\">\nEin User tr\u00e4gt einen Anderen in seine f-list ein. L\u00e4sst man sich nun seine Friendlist per Befehl anzeigen, bekommt man folgende Informationen: Ob ein Freund online ist, mit welchem Spiel der Freund online ist etc. vergl \/whois<\/p>\n<p>Mutual Friend (oder Close Friend)<br \/>\nWenn man sich gegenseitig auf die f-list setzt, dann sieht man genau, in welchem Spiel oder Channel sich der Andere befindet.<br \/>\nDadurch ist es m\u00f6glich, den Anderen schnell zu finden. Des Weiteren bekommt man eine Notiz wenn ein Mutual Friend online kommt.<br \/>\nDiese sehen z.B. so aus:<\/p>\n<ul>\n<li>Your friend [account] has entered Battle.net.<\/li>\n<li>Your friend [account] has left Battle.net.<\/li>\n<li>Your friend [account] created a [program] game called [game name]<\/li>\n<\/ul>\n<p>Anzahl der Eintr\u00e4ge in der Friendliste: <b>25<\/b> ist derzeit die maximale Anzahl der User, die man eintragen kann.<\/p>\n<p><b>Chat Protection<\/b><br \/>\n<i>\/Options<\/i> (Alias: <i>\/o<\/i>)<\/p>\n<p>Es gibt 3 unterschiedliche Flags, die ihr setzen k\u00f6nnt, um ankommende Nachrichten zu filtern:<br \/>\n<b>Fl\u00fcstern<\/b> &#8211; Wenn gesetzt, werden alle privaten Nachrichten von Leuten, die nicht auf eurer Friendliste stehen, ignoriert.<\/p>\n<table>\n<tbody>\n<tr>\n<th width=\"50%\" align=\"left\">\/options ignorewhispers (alias: \/o igw)<\/th>\n<td width=\"50%\">Ignoriert Fl\u00fcstern, ausser die Leute sind auf eurer Friendlist.<\/td>\n<\/tr>\n<tr>\n<th width=\"50%\" align=\"left\">\/options unignorewhispers (alias: \/o unigw)<\/th>\n<td width=\"50%\">Jede Person kann euch wieder durch Fl\u00fcstern erreichen.<\/td>\n<\/tr>\n<\/tbody>\n<\/table>\n<p><b>Public<\/b> &#8211; Wenn gesetzt, werden alle \u00f6ffentlichen Nachrichten, ausser von Leuten eurer Friendlist, in Public Channels ignoriert.<\/p>\n<table>\n<tbody>\n<tr>\n<th width=\"50%\" align=\"left\">\/options ignorepublic (alias: \/o igpub)<\/th>\n<td width=\"50%\">Ignoriert alle Nachrichten in Public Channels, ausser die Leute befinden sich auf eurer Friendlist.<\/td>\n<\/tr>\n<tr>\n<th width=\"50%\" align=\"left\">\/options unignorepublic (alias: \/o unigpub)<\/th>\n<td width=\"50%\">Alle Nachrichten in Public Channels werden wieder angezeigt.<\/td>\n<\/tr>\n<\/tbody>\n<\/table>\n<p><b>Private<\/b> &#8211; Wenn gesetzt, werden alle Nachrichten, ausser von Leuten eurer Friendlist, in Privaten Channels ignoriert.<\/p>\n<table>\n<tbody>\n<tr>\n<th width=\"50%\" align=\"left\">\/options ignoreprivate (alias: \/o igpriv)<\/th>\n<td width=\"50%\">Ignoriert alle Nachrichten in privaten Channels, ausser die Leute befinden sich auf eurer Friendlist.<\/td>\n<\/tr>\n<tr>\n<th width=\"50%\" align=\"left\">\/options unignoreprivate (alias: \/o unigpriv)<\/th>\n<td width=\"50%\">Alle Nachrichten in privaten Channels werden wieder angezeigt.<\/td>\n<\/tr>\n<\/tbody>\n<\/table>\n<p align=\"justify\">\nDie Chatprotection ist f\u00fcr die User gedacht, die am Spielen und nicht am Chatten interessiert sind. Denn wenn man mit<br \/>\nTexten, Fragen etc zugespammt wird, kann der Spielspass doch leiden.<\/p>\n<p><b>Friends commands<\/b><\/p>\n<table>\n<tbody>\n<tr>\n<th rowspan=\"2\" width=\"25%\" align=\"left\">\/friends<\/th>\n<td width=\"75%\">alias: \/f<\/td>\n<\/tr>\n<tr>\n<td width=\"75%\">Der elementare Befehl f\u00fcr alle Friend Befehle.<br \/>\nNur \/friend zeigt euch eine Hilfe zu den einzelnen Befehlen.<\/td>\n<\/tr>\n<tr>\n<th rowspan=\"2\" width=\"25%\" align=\"left\">\/friends list<\/th>\n<td width=\"75%\">alias: \/friends l oder \/f l<\/td>\n<\/tr>\n<tr>\n<td width=\"75%\">Zeigt euren aktuellen Friendlist Eintr\u00e4ge und<br \/>\neinen kurzen \u00dcberblick was eure Freunde gerade machen (chatten, spielen etc).<\/td>\n<\/tr>\n<tr>\n<th rowspan=\"2\" width=\"25%\" align=\"left\">\/friends add [account]<\/th>\n<td width=\"75%\">alias: \/friends a [account]<\/td>\n<\/tr>\n<tr>\n<td width=\"75%\">Speichert den angegebenen Account in eure Liste. Sollte der Name ung\u00fcltig sein oder<br \/>\neure Liste voll (25 Eintr\u00e4ge), erhaltet ihr eine Fehlernachricht.<\/td>\n<\/tr>\n<tr>\n<th rowspan=\"2\" width=\"25%\" align=\"left\">\/friends remove [account]<\/th>\n<td width=\"75%\">alias: \/friends r [account]<\/td>\n<\/tr>\n<tr>\n<td width=\"75%\">L\u00f6scht den angegebenen Account aus eurer Liste. Sollte der Name gar nicht in der<br \/>\nListe sein erhaltet ihr eine Fehlermessage.<\/td>\n<\/tr>\n<tr>\n<th rowspan=\"2\" width=\"25%\" align=\"left\">\/friends msg [Text]<\/th>\n<td width=\"75%\">alias: \/friends m [Text]<\/td>\n<\/tr>\n<tr>\n<td width=\"75%\">Sendet eine Nachricht an alle in eurer Friendliste.<\/td>\n<\/tr>\n<tr>\n<th rowspan=\"2\" width=\"25%\" align=\"left\">\/friends promote [acc] (pos)<\/th>\n<td width=\"75%\">alias: \/friends p [account] (Position)<\/td>\n<\/tr>\n<tr>\n<td width=\"75%\">Setzt den angegeben Account auf die angegebene Position in eurer Liste.<br \/>\nGebt ihr keine Position oder 0 an, wird der Account um einen Platz h\u00f6her gesetzt.<\/td>\n<\/tr>\n<tr>\n<th rowspan=\"2\" width=\"25%\" align=\"left\">\/friends demote [acc] (pos)<\/th>\n<td width=\"75%\">alias: \/friends d [account] (Position)<\/td>\n<\/tr>\n<tr>\n<td width=\"75%\">Setzt den angegebenen Account auf die angegebene Position in eurer Liste.<br \/>\nWird keine Zahl oder 0 angegeben, so wird der Account um eine Position nach unten gesetzt.<\/td>\n<\/tr>\n<\/tbody>\n<\/table>\n<p><b>Friendslist Alias<\/b><\/p>\n<p align=\"justify\">\nIn allen Battle.net Befehlen k\u00f6nnt ihr die ben\u00f6tigten Accountnamen abk\u00fcrzen, sofern diese in eurer Friendlist stehen.<br \/>\nUm dieses Shortcut zu benutzen schreibt man %f[Nummer]. Die Nummer ist dabei die Position aus der Friendliste. Beispiel:<br \/>\nUm der Position 1 in euere Liste zu whispern (fl\u00fcstern): <i>\/msg %f1 hi du<\/i>.<\/p>\n<p>Andere Informationen:<\/p>\n<p align=\"justify\">\n<ul>\n<li>Wenn \/dnd gesetzt ist werdet ihr keine &#8222;xy ist online&#8220; Notifikationen von Mutual Friends bekommen.<\/li>\n<li>Wenn ihr einen Account in die Flist hinzuf\u00fcgen wollt, der schon vorhanden ist, werdet ihr eine entsprechende Fehlernachricht<br \/>\nerhalten.<\/li>\n<\/ul>\n<p><center><a href=\"#top\">[top]<\/a><\/center><br \/>\n<a name=\"04\"><\/a><\/p>\n<h3>Chat Channels &#8211; Public Channels<\/h3>\n<p align=\"justify\">Es gibt unterschiedliche Arten von Channels im Battle.net. Mit unterschiedlichen Regeln und Eigenschaften:<\/p>\n<p><i>Public Channels<\/i>,<br \/>\nsind dem Bnet ausgewiesene Channel, offizielle Channel wenn man so will. Sie haben keinen Operator, und &#8222;Bad Words&#8220;<br \/>\n(bestimmte W\u00f6rter, wie z.B. Schimpfw\u00f6rter, Nazi Zeug, etc) werden aus dem \u00f6ffentlichen Text gefiltert und somit nicht gezeigt.<br \/>\nZu diesen Channels findet ihr <a href=\"#pc\">hier<\/a> mehr.<\/p>\n<p><i>Private Channels<\/i>,<br \/>\nalle nicht durch das Bnet ausgewiesene Channel sind Private Channel. Hier werden keine &#8222;Bad Words&#8220; gefiltert.<\/p>\n<p><i>Clan Channels<\/i><br \/>\nClan Channels sind ebenfalls Private Channels. Jedoch hat jeder Clan Channel einen ganz genauen Operator.<br \/>\nNur er wird zum OP wenn er den Channel betritt, oder dieser Account muss einen Op &#8222;designaten&#8220; (siehe Chat Befehle).<br \/>\nUm einen Clan Channel zu erstellen geht man genauso vor, wie beim erstellen eines normales Channels, packt aber das Wort &#8222;op&#8220; vor den<br \/>\nNamen des Channels. Der zum Channel Namen passende Account ist in einem Clan Channel automatisch der Operator.<br \/>\nBeispiel: &#8222;\/join op inDiablo.de&#8220;. Dort h\u00e4tte nur der Account &#8222;inDiablo.de&#8220; Operator-Rechte. Ideal f\u00fcr Clans, weil somit nur<br \/>\nLeute, die das Passwort zum jeweiligen Account haben Operator im Channel werden k\u00f6nnen.<\/p>\n<p><b>Channel Einschr\u00e4nkungen<\/b><\/p>\n<p align=\"justify\">\n<i>Diablo<\/i>: User, die sich \u00fcber Diablo1 einw\u00e4hlen k\u00f6nnen, nur Diablo1 Channels, Open Tech Support und Blizzard Tech Support joinen.<br \/>\nDiablo1 Clients k\u00f6nnen keine Privaten Channels joinen oder erstellen.<\/p>\n<p><i>Diablo und StarCraft Shareware<\/i>: Shareware Clients k\u00f6nnen nur Shareware Channels joinen, Open Tech Support und Blizzard Tech Support.<br \/>\nShareware Clients k\u00f6nnen ebenfalls keine Private channels joinen oder erstellen.<\/p>\n<p><i>Telnet Clients + Telnet Bots<\/i>: Teilnehmer, die \u00fcber den Telnet Gateway im Bnet sind k\u00f6nnen nur Open Tech Support,<br \/>\nBlizzard Tech Support und den Public Chat joinen. Telnet Clients\/Bots k\u00f6nnen keine Private Channels joinen oder betreten.<\/p>\n<p><i>Diablo II<\/i>: Diablo II Clients k\u00f6nnen nur in Diablo II Channel auf ihrem Realm. Sie k\u00f6nnen nicht in Diablo II Channels auf einem<br \/>\nanderen Realm<\/p>\n<p><a name=\"pc\"><\/a><\/p>\n<h3>Public Channels<\/h3>\n<p align=\"justify\">\n Wie bereits oben gesagt, haben Public Chans keinen Operator und filtern bestimmte W\u00f6rter in \u00f6ffentlichen Nachrichten.<\/p>\n<p>Einige Public Chans:<\/p>\n<ul>\n<li>Blizzard Chat<\/li>\n<li>Blizzard Tech Support<\/li>\n<li>Open Tech Support<\/li>\n<\/ul>\n<p><i>Diablo II Channels:<\/i><br \/>\n(Open Chars)<\/p>\n<ul>\n<li>Diablo II Europe-1<\/li>\n<li>Starting Strategies<\/li>\n<li>Trading<\/li>\n<li>Barbarian Village<\/li>\n<li>Amazon Camp<\/li>\n<li>Necromancer Crypt<\/li>\n<li>Paladin Temple<\/li>\n<li>Sorceress Tower<\/li>\n<li>Hardcore Players<\/li>\n<li>Cooperative Players<\/li>\n<li>Diablo II PvP<\/li>\n<\/ul>\n<p><i>Realm Characters<\/i><br \/>\nRealm Channels k\u00f6nnen nur von Usern betreten werden, die \u00fcber einen der Realm Server online sind.<\/p>\n<p>Beispiele:<\/p>\n<ul>\n<li>Diablo II Europe-1<\/li>\n<li>Starting Strategies USWEST<\/li>\n<li>Trading USWEST-1<\/li>\n<li>Barbarian Village Europe<\/li>\n<li>Amazon Camp Europe<\/li>\n<li>Necromancer Crypt Europe<\/li>\n<li>Paladin Temple Europe<\/li>\n<li>Sorceress Tower Europe<\/li>\n<li>Hardcore Players Europe<\/li>\n<li>Cooperative Players Europe<\/li>\n<li>Diablo II PvP Europe<\/li>\n<\/ul>\n<p align=\"center\"><a href=\"\/hilfe\/bnet\/bnet03\/\">[zur\u00fcck]<\/a> &#8211; <a href=\"#top\">[top]<\/a> &#8211; <a href=\"\/hilfe\/bnet\/bnet05\/\">[weiter]<\/a><\/p>\n<p align=\"right\">\n<b>MasterJM<\/b><br \/>\nStand: Dezember 2005<\/p>\n","protected":false},"excerpt":{"rendered":"<p>Der Battle.net Chat &#8230; f\u00fcr D2 Legacy only Die Figuren und ihre Bedeutung Chat Commands (Befehle) Friendlist Chat Channels &#8211; Public Channels Die Figuren und ihre Bedeutungen Blizzard-Angestellter: Ein autorisierter Vertreter von Blizzard Entertainment. Battle.net-Systemadministrator: Ein autorisierter Vertreter von Battle.net. Channel-Moderator: Kann Personen aus einem Channel entfernen oder verbannen und den n\u00e4chsten Operator des Channels&hellip; <a class=\"more-link\" href=\"https:\/\/planetdiablo.eu\/de\/hilfe\/bnet\/bnet04\/\"><span class=\"screen-reader-text\">Diablo 2 &#8211; Der Battle.net Chat<\/span> weiterlesen<\/a><\/p>\n","protected":false},"author":748,"featured_media":0,"parent":560275,"menu_order":0,"comment_status":"closed","ping_status":"open","template":"","meta":{"footnotes":""},"class_list":["post-560353","page","type-page","status-publish","hentry","entry"],"_links":{"self":[{"href":"https:\/\/planetdiablo.eu\/de\/wp-json\/wp\/v2\/pages\/560353","targetHints":{"allow":["GET"]}}],"collection":[{"href":"https:\/\/planetdiablo.eu\/de\/wp-json\/wp\/v2\/pages"}],"about":[{"href":"https:\/\/planetdiablo.eu\/de\/wp-json\/wp\/v2\/types\/page"}],"author":[{"embeddable":true,"href":"https:\/\/planetdiablo.eu\/de\/wp-json\/wp\/v2\/users\/748"}],"replies":[{"embeddable":true,"href":"https:\/\/planetdiablo.eu\/de\/wp-json\/wp\/v2\/comments?post=560353"}],"version-history":[{"count":1,"href":"https:\/\/planetdiablo.eu\/de\/wp-json\/wp\/v2\/pages\/560353\/revisions"}],"predecessor-version":[{"id":583366,"href":"https:\/\/planetdiablo.eu\/de\/wp-json\/wp\/v2\/pages\/560353\/revisions\/583366"}],"up":[{"embeddable":true,"href":"https:\/\/planetdiablo.eu\/de\/wp-json\/wp\/v2\/pages\/560275"}],"wp:attachment":[{"href":"https:\/\/planetdiablo.eu\/de\/wp-json\/wp\/v2\/media?parent=560353"}],"curies":[{"name":"wp","href":"https:\/\/api.w.org\/{rel}","templated":true}]}}