{"id":560418,"date":"2014-07-15T15:28:19","date_gmt":"2014-07-15T13:28:19","guid":{"rendered":"http:\/\/diablo3.ingame.de\/?page_id=560418"},"modified":"2021-06-07T15:07:33","modified_gmt":"2021-06-07T13:07:33","slug":"bnet05","status":"publish","type":"page","link":"https:\/\/planetdiablo.eu\/de\/hilfe\/bnet\/bnet05\/","title":{"rendered":"Diablo 2 &#8211; Battle.net Tipps, Tricks und FAQ"},"content":{"rendered":"<p><a name=\"top\"><\/a><\/p>\n<h2 align=\"center\">Tipps &amp; Tricks &#8211; FAQ<\/h2>\n<ul>\n<li><a href=\"#01\">Profil im Battle.net farbig gestalten<\/a><\/li>\n<li><a href=\"#02\">Der Gem \/ Juwel im Chat<\/a><\/li>\n<li><a href=\"#03\">Die Leiter &#8211; Ladder<\/a><\/li>\n<li><a href=\"#04\">Spielen hinter einem Router<\/a><\/li>\n<li><a href=\"#05\">Passwort falsch?<\/a><\/li>\n<li><a href=\"#06\">Tagged CD Key &#8211; &#8222;Welt nicht aktiv&#8220;<\/a><\/li>\n<li><a href=\"#07\">Chatten im Spiel selber<\/a><\/li>\n<li><a href=\"#08\">Gateways reparieren<\/a><\/li>\n<li><a href=\"#09\">N\u00fctzliche Links<\/a><\/li>\n<\/ul>\n<p><a name=\"01\"><\/a><\/p>\n<h3>Profil im Battle.net farbig gestalten<\/h3>\n<p align=\"justify\">Vielleicht habt ihr euch schon einmal gefragt wie manche Nutzer im Bnet ihr Profil (Rechtsklick auf einen Char) farbig bekommen. Das ganze sieht jetzt vielleicht etwas kompliziert aus, doch im Grunde braucht ihr nur ein Sonderzeichen (das \u00ff), etwas Zeit und Geduld. Die Farben erzeugt man mit diesem Sonderzeichen plus c plus Nummer oder Zeichen. Beispiel: \u00ffc3 blauer Text =&gt; <font color=\"#8080FF\"> blauer Text<\/font>. Das Sonderzeichen k\u00f6nnt ihr \u00fcbrigens in einem Text Editor erzeugen, indem die Alt Taste gedr\u00fcckt gehalten wird und nun die Nummernfolge 0255 eingetippt wird, jetzt Alt loslassen.<\/p>\n<p><center>Hier eine \u00dcbersicht \u00fcber momentan m\u00f6gliche Farben:<br \/>\n<img loading=\"lazy\" decoding=\"async\" src=\"http:\/\/135.181.204.8\/wordpress\/wp-content\/uploads\/2014\/07\/bnet_color.jpg\" alt=\"Bnet Profil\" width=\"176\" height=\"404\"><\/center><\/p>\n<p align=\"justify\">Am besten ihr macht euer Profil, samt den Farbcodes, komplett im Text Editor fertig (z.B. Notepad von Windows) und kopiert alles mit Strg+C (kopieren) und Strg+V (einf\u00fcgen) in das Bnet Profil. Dabei sollte man beachten: nicht mehr als 7 Zeilen \u00e1 46 Zeichen. Sollte etwas nicht zu sehen sein nach Strg+V, ist der Text zu lang (k\u00fcrzen). Wie ihr seht ist c6 der Code f\u00fcr Schwarz, diese Farbe sollte man nicht benutzen, da sie nicht gesehen wird. M\u00f6gliche Kombinationen (Stand: 11.03.07) sind: \u00ffc1 \u00ffc2 \u00ffc3 \u00ffc4 \u00ffc5 \u00ffc6 \u00ffc8 \u00ffc9 \u00ffc0 \u00ffc! \u00ffc&#8220; \u00ffc&amp; \u00ffc+ \u00ffc&lt; \u00ffc; \u00ffc: \u00ffc. Wie erw\u00e4hnt ist momentan 6 = Schwarz und 7 = 4. Beachten, das die Farben &#8222;in Natura&#8220; viel besser aussehen, als auf dem Screenshot&#8230; \ud83d\ude09 try it out.<\/p>\n<p><center><a href=\"#top\">[top]<\/a><\/center><\/p>\n<p><a name=\"02\"><\/a><\/p>\n<h3>Der Gem \/ Juwel im Chat<\/h3>\n<p>Im Chatfenster von Diablo2 begegnet euch dieses Bild:<\/p>\n<p><center><img loading=\"lazy\" decoding=\"async\" src=\"http:\/\/diablo3.ingame.de\/files\/2014\/07\/gem.jpg\" alt=\"der Chat Gem\" width=\"79\" height=\"79\"><\/center><\/p>\n<p align=\"justify\">Der sogenannte Gem oder Juwel des Chats. Entgegen aller Behauptungen die man euch vielleicht auftischt oder die ihr euch selber ausdenkt. <b>Der Gem hat keine Bedeutung. Er ist einfach da!<\/b> &#8222;Juwel aktiviert&#8220;, &#8222;Juwel deaktiviert&#8220; und ab und zu&#8220;Perfektes Juwel aktiviert&#8220; haben wirklich keinerlei Bedeutung im Spiel bzw. Chat. Die meisten User nutzen den Gem lediglich alsgut erkennbares Lesezeichen, einmal klicken und man hat ein sch\u00f6nes lila Lesezeichen im Text.<\/p>\n<p><center><a href=\"#top\">[top]<\/a><\/center><\/p>\n<p><a name=\"03\"><\/a><\/p>\n<h3>Die Leiter &#8211; Ladder<\/h3>\n<p align=\"justify\">In die Ladder kommen die h\u00f6chsten Chars des Realms (die mit meisten Erfahrung bzw. h\u00f6chstem Level). Es gibt 4 Ladders: Normal und Profi  und das ganze f\u00fcr LoD und Classic). Nicht alle Chars sind f\u00fcr die Ladder relevant. Von Zeit zu Zeit wird diese resetet und nur Chars, die nach diesem Datum erstellt worden sind, k\u00f6nnen die Ladder st\u00fcrmen. Wann dieser Termine zum Reset sind steht auf der Blizzard Seite oder dann auch bei uns in den News. Einen genauen Plan gibt es also nicht.<br \/>\nStirbt ein Profischar, der sich auf der Ladder befindet, so wird er in einer anderen Farbe (grau) dargestellt und kann nat\u00fcrlich nicht mehr weiter steigen und wird somit meist von Anderen \u00fcberholt. Auf die Ladder k\u00f6nnen nat\u00fcrlich nur Closed Chars (Chars auf Realms)kommen. L\u00f6scht man seinen Ladder Char, so verschwindet er auch von der Ladder. Anschauen k\u00f6nnt ihr euch die Ladder\u00fcber den Button im Chat.<br \/>\nUm rauszufinden welche (oder ob \u00fcberhaupt) euer Char eine Ladderposition hat gibts es beim Klickauf den Char den &#8222;Ladder&#8220; Button. Nur hiermit k\u00f6nnt ihr direkt die Position eures Chars auf einer Ladder finden (sofern er \u00fcberhaupt drauf ist).<br \/>\nHinweis: Ihr k\u00f6nnt ab Patch 1.10 nun im Bnet w\u00e4hlen zwischen Normalen Chars und Ladder Chars.Was das genau heisst, wo der Unterschied ist findet ihr <a href=\"\/diablo-2\/charaktertypen\/\" target=\"_blank\" rel=\"noopener\">hier<\/a>.<\/p>\n<p><center><a href=\"#top\">[top]<\/a><\/center><\/p>\n<p><a name=\"04\"><\/a><\/p>\n<h3>Spielen hinter einem Router<\/h3>\n<p align=\"justify\">Immer mehr Leute nutzen einen Router oder ICS (Internet Connection Sharing) um \u00fcber einen Internet (DSL) Anschluss gleichzeitig mit mehreren Rechnern online sein zu k\u00f6nnen. Diablo2 nutzt f\u00fcr das Spielen im Closed Bnet bzw. Open Bnet bestimmte Ports f\u00fcr den Datenaustausch.<br \/>\nWer im Open Bnet Spiele hosten \/ erstellen m\u00f6chte, der muss seinen Router \/ seine ICS L\u00f6sung dementsprechend konfigurieren. Den Port Forward &#8211; die Port Weiterleitung braucht man aber nur, um im Open Bnet Spiele zu hosten. In der Regel muss man f\u00fcr das reine Spielen im Bnet aber nichts am Router einstellen!<br \/>\nWenn es nicht klappt &#8211; keine Verbindung zum Bnet &#8211; liegt das meist an einer Personal Firewall, Achtung Windows XP und Vista haben so etwas von Haus aus eingebaut! Generelle Hilfe gibt es dazu bei uns im <a href=\"http:\/\/diablo3.ingame.de\/forum\/forums\/4-Hilfe-Forum\" target=\"_blank\" rel=\"noopener\">Hilfe Forum<\/a>. Wie ihr manche ICS L\u00f6sungen konfiguriert oder welche Einstellungen n\u00f6tig sind kann man im Blizzard Support nachlesen, <a href=\"http:\/\/us.blizzard.com\/support\/article.xml?articleId=21086\" target=\"_blank\" rel=\"noopener\">hier<\/a> oder <a href=\"http:\/\/us.blizzard.com\/support\/article.xml?articleId=21109\" target=\"_blank\" rel=\"noopener\">hier<\/a>. <font color=\"red\">Diablo II nutzt die Ports 6112 und 4000 TCP<\/font>.<\/p>\n<p><center><a href=\"#top\">[top]<\/a><\/center><\/p>\n<p><a name=\"05\"><\/a><\/p>\n<h3>Passwort falsch?<\/h3>\n<p align=\"justify\">Ihr wolltet euch gerade einloggen um im Closed Bnet zu spielen und erhaltet die Meldung <i>falsches Passwort<\/i>? Erstmal ruhig bleiben, es gibt eine Reihe von M\u00f6glichkeiten:<\/p>\n<ul>\n<li>Passwort noch einmal ganz in Ruhe eintippen (falls noch nicht versucht) und auf sowas wie Capslock achten.<\/li>\n<li>Seid ihr auf dem richtigen Realm Server?<\/li>\n<li>Ist der Name des Accounts richtig geschrieben?<\/li>\n<li>Ist der Account noch aktiv? Inaktive (lange Zeit nicht genutzte Accounts) werden ja gel\u00f6scht.<\/li>\n<\/ul>\n<p align=\"justify\">Geht es immer noch nicht kann es auch an derzeitigen Problemen mit den Realmservern oder dem Login liegen. Es kann nun aber auch wirklich sein, da\u00df euch der Account <i>gehacked<\/i> wurde. Gerade deshalb solltet ihr die Ratschl\u00e4ge auf diesen Hilfe Seitenbeachten: 1. sicheres Passwort 2. keine 3rd Party Programme! Der erste Schritt sollte nun ein Scan auf Trojaner sein. Software daf\u00fcr gibt es unter:<br \/>\nPC: <a href=\"http:\/\/www.tauscan.com\" target=\"_blank\" rel=\"noopener\">Tauscan<\/a> oder <a href=\"http:\/\/www.moosoft.com\" target=\"_blank\" rel=\"noopener\">Moosoft<\/a><br \/>\nMac: <a href=\"http:\/\/www.symantec.com\/consumer_products\/home-mac.html\" target=\"_blank\" rel=\"noopener\">Symantec Antivirus<\/a> oder <a href=\"http:\/\/www.mcafeeb2b.com\/products\/virex\" target=\"_blank\" rel=\"noopener\">VireX<\/a><\/p>\n<p>Habt ihr eventuelle Trojaner entfernt oder wurden gar keine gefunden kann man versuchen das Account Passwort reseten zu lassen.Meist ist der Account aber eh leerger\u00e4umt oder die Chars gel\u00f6scht. Um das Passwort zu reseten muss man eine eMail an <b>passwordrecovery@blizzard.com<\/b> senden, die folgende Details enth\u00e4lt:<\/p>\n<ul>\n<li>Realm, auf dem sich der Account befindet (Europe, USWest&#8230;)<\/li>\n<li>Name des Accounts<\/li>\n<li>CD Key, mit dem dieser Account erstellt wurde (der normale Diablo2 Key reicht, der LoD Key ist unwichtig)<\/li>\n<li>Spiel, mit dem der Account erstellt wurde (Diablo2, Starcraft, Warcraft&#8230;)<\/li>\n<\/ul>\n<p align=\"justify\">Wahlweise k\u00f6nnt ihr das ganze auch <a href=\"http:\/\/www.blizzard.com\/support\/?id=epassword000\">hier<\/a> eingeben.Ihr erhaltet nach wenigen Tagen eine R\u00fcckinformation, ob das Passwort neu gesetzt werden konnte, oder ob dies nicht der Fall war. Falls nicht, wird Blizzard einen Grund angeben, der z. B. &#8222;falscher Key&#8220; oder &#8222;Account gel\u00f6scht&#8220; heissen k\u00f6nnte. Unter diesen Umst\u00e4nden solltet ihr noch einmal \u00fcberpr\u00fcfen ob eure Angaben korrekt sind und die fehlenden Daten an die genannte Adresse senden.<br \/>\nHinweis: Beachtet die ab Patch 1.10 neue Option f\u00fcr Bnet Accounts direkt Mail Adressen angeben zu k\u00f6nnen. Diese Funktion erleichert das &#8222;Passwort vergessen&#8220; Problem erheblich.<\/p>\n<p><center><a href=\"#top\">[top]<\/a><\/center><\/p>\n<p><a name=\"06\"><\/a><\/p>\n<h3>Tagged CD Key &#8211; &#8222;Welt nicht aktiv&#8220;<\/h3>\n<p align=\"justify\">Es kann folgendes Problem auftauchen:<br \/>\nMan kann mit einem Freund nicht das selbe Public Game joinen, da einer von beiden <i>tagged<\/i> ist. Das bedeutet man kann zusammen nur Passwort Games joinen. Tagged passiert laut Blizzard, wenn man andere Programme im Hintergrund laufen hat. Das k\u00f6nnen z.B Maphack (Cheat!) aber auch simple Virenscanner sein. Tagged tritt sehr unregelm\u00e4\u00dfig auf und meistens wird man aus einem Game gekickt und bekommt danach eine &#8222;Welt nicht aktiv&#8220; Meldung. Das Taggen bezieht sich jeweils auf den CD Key, sprich einen anderen Account nutzen bringt euch nichts. Zeitlich kann das nur eine Stunde dauern, aber auch eine Woche, es gibt keine feste Regel seitens Blizzard.<\/p>\n<p>Wenn man einmal tagged ist kann man ausser warten nicht viel machen (Es sei denn man hat einen 2. CD Key). Vorbeugende Massnahmen w\u00e4renalle im Hintergrund befindliche Programme auszuschalten. Blizzard bedauert zwar, da\u00df es auch durch Programme passieren kann, dienichts direkt mit Diablo2 zu tun haben, m\u00f6chte aber Cheatern kaum M\u00f6glichkeiten bieten und sieht sich deshalb dazu gezwungen.<br \/>\nDeshalb am besten alle im Hintergrund laufenden Programme aus wenn es ins Battle.net geht.<\/p>\n<p><center><a href=\"#top\">[top]<\/a><\/center><\/p>\n<p><a name=\"07\"><\/a><\/p>\n<h3>Chatten im Spiel<\/h3>\n<p align=\"justify\">In Diablo selbst kommt man mit <i>Enter<\/i> in ein transparentes Chat-Fenster. Hier kann man Text schreiben und mit <i>Enter<\/i>abschicken. Der Text erscheint dann oben links auf dem Bildschirm zusammen mit dem Namen ihres Characters. Eine \u00dcbersicht\u00fcber den gesprochenen Text gibt es unter der Taste <i>M<\/i>.<\/p>\n<p>Textb\u00e4nder direkt \u00fcber ihrem Charcter: Vor dem Text einfach noch ein <i>!<\/i> (Ausrufezeichen), z.B. <i>!Hallo<\/i>.Direkt \u00fcber dem Kopf des Characters steht jetzt: &#8222;Hallo&#8220;<\/p>\n<p>Fl\u00fcstern an einen Charakter: Vor den Text einfach ein <i>@<\/i>-Symbol und den Charakternamen eingeben. Z.B. &#8222;<i>@Conan Hallo, kannst du mir helfen?<\/i>&#8220;  Mit dieser Eingabe fl\u00fcstern sie dem Character &#8222;Conan&#8220; den Text zu, nur er kann ihn sehen.<\/p>\n<p>Eingebaute Nachrichten als Sprachausgabe:<br \/>\nAuf dem Ziffernblock, folgende Nummern dr\u00fccken (Num-Lock muss eingeschaltet sein)<\/p>\n<ul>\n<li>0 &#8211; Ihr Character ruft &#8222;Hilfe&#8220;<\/li>\n<li>1 &#8211; &#8222;Folgt mir&#8220;<\/li>\n<li>2 &#8211; &#8222;Ein Geschenk f\u00fcr euch&#8220;<\/li>\n<li>3 &#8211; &#8222;Danke&#8220;<\/li>\n<li>4 &#8211; &#8222;Tut mir Leid&#8220;<\/li>\n<li>5 &#8211; &#8222;Tsch\u00fcss&#8220;<\/li>\n<li>6 &#8211; &#8222;Stirb&#8220;<\/li>\n<li>7 &#8211; &#8222;Lauft&#8220; &#8222;Lauft weg&#8220;<\/li>\n<\/ul>\n<p><center><a href=\"#top\">[top]<\/a><\/center><\/p>\n<p><a name=\"08\"><\/a><\/p>\n<h3>Gateways reparieren<\/h3>\n<p align=\"justify\">Es kann aus unterschiedlichen Gr\u00fcnden (Mod installiert etc) vorkommen, da\u00df die Standard Gateways (Europe, USWest etc) nicht mehr in Diablo2 angezeigt werden. Oft hilft da auch kein Neuinstall, deshalb bieten wir euch <a href=\"http:\/\/www.ingame.de\/filebase\/index.php?action=file&amp;cid=325&amp;fid=1445\" target=\"_blank\" rel=\"noopener\">hier<\/a> die L\u00f6sung in Form eines Registry Eintrages an. Einfach downloaden und auf das File rechtsklicken &#8222;Zusammenf\u00fchren&#8220;. Jetzt sollte alles wiederwie gewohnt laufen.<\/p>\n<p><center><a href=\"#top\">[top]<\/a><\/center><\/p>\n<p><a name=\"09\"><\/a><\/p>\n<h3>N\u00fctzliche Links<\/h3>\n<p align=\"justify\">Der Battle.net Support: <a href=\"http:\/\/www.battle.net\/support.shtml\" target=\"_blank\" rel=\"noopener\">http:\/\/www.battle.net\/support.shtml<\/a><br \/>\nDer Blizzard Support: <a href=\"http:\/\/www.blizzard.com\/support\/\" target=\"_blank\" rel=\"noopener\">http:\/\/www.blizzard.com\/support\/<\/a><br \/>\nDie Battle.net Foren: <a href=\"http:\/\/www.battle.net\/forums.shtml\" target=\"_blank\" rel=\"noopener\">http:\/\/www.battle.net\/forums.shtml<\/a><br \/>\nDas Arreat Summit: <a href=\"http:\/\/www.battle.net\/diablo2exp\/\" target=\"_blank\" rel=\"noopener\">http:\/\/www.battle.net\/diablo2exp\/<\/a><\/p>\n<p align=\"center\"><a href=\"\/hilfe\/bnet\/bnet04\/\">[zur\u00fcck]<\/a> &#8211; <a href=\"#top\">[top]<\/a><\/p>\n<p align=\"right\">\n<b>MasterJM<\/b><br \/>\nStand: Dezember 2005<\/p>\n","protected":false},"excerpt":{"rendered":"<p>Tipps &amp; Tricks &#8211; FAQ Profil im Battle.net farbig gestalten Der Gem \/ Juwel im Chat Die Leiter &#8211; Ladder Spielen hinter einem Router Passwort falsch? Tagged CD Key &#8211; &#8222;Welt nicht aktiv&#8220; Chatten im Spiel selber Gateways reparieren N\u00fctzliche Links Profil im Battle.net farbig gestalten Vielleicht habt ihr euch schon einmal gefragt wie manche&hellip; <a class=\"more-link\" href=\"https:\/\/planetdiablo.eu\/de\/hilfe\/bnet\/bnet05\/\"><span class=\"screen-reader-text\">Diablo 2 &#8211; Battle.net Tipps, Tricks und FAQ<\/span> weiterlesen<\/a><\/p>\n","protected":false},"author":748,"featured_media":0,"parent":560275,"menu_order":0,"comment_status":"closed","ping_status":"open","template":"","meta":{"footnotes":""},"class_list":["post-560418","page","type-page","status-publish","hentry","entry"],"_links":{"self":[{"href":"https:\/\/planetdiablo.eu\/de\/wp-json\/wp\/v2\/pages\/560418","targetHints":{"allow":["GET"]}}],"collection":[{"href":"https:\/\/planetdiablo.eu\/de\/wp-json\/wp\/v2\/pages"}],"about":[{"href":"https:\/\/planetdiablo.eu\/de\/wp-json\/wp\/v2\/types\/page"}],"author":[{"embeddable":true,"href":"https:\/\/planetdiablo.eu\/de\/wp-json\/wp\/v2\/users\/748"}],"replies":[{"embeddable":true,"href":"https:\/\/planetdiablo.eu\/de\/wp-json\/wp\/v2\/comments?post=560418"}],"version-history":[{"count":1,"href":"https:\/\/planetdiablo.eu\/de\/wp-json\/wp\/v2\/pages\/560418\/revisions"}],"predecessor-version":[{"id":582952,"href":"https:\/\/planetdiablo.eu\/de\/wp-json\/wp\/v2\/pages\/560418\/revisions\/582952"}],"up":[{"embeddable":true,"href":"https:\/\/planetdiablo.eu\/de\/wp-json\/wp\/v2\/pages\/560275"}],"wp:attachment":[{"href":"https:\/\/planetdiablo.eu\/de\/wp-json\/wp\/v2\/media?parent=560418"}],"curies":[{"name":"wp","href":"https:\/\/api.w.org\/{rel}","templated":true}]}}