{"id":561049,"date":"2014-07-28T18:11:45","date_gmt":"2014-07-28T16:11:45","guid":{"rendered":"http:\/\/diablo3.ingame.de\/?page_id=561049"},"modified":"2021-12-05T13:25:32","modified_gmt":"2021-12-05T11:25:32","slug":"hackfaq","status":"publish","type":"page","link":"https:\/\/planetdiablo.eu\/de\/hilfe\/hackfaq\/","title":{"rendered":"Diablo 2 Hack-FAQ"},"content":{"rendered":"<p>In Diablo II\/LoD\u00a0 wird oftmals mit unfairen Mitteln gespielt und betrogen.<\/p>\n<p>Die Gr\u00fcnde daf\u00fcr sind vielschichtig, doch ein Hauptgrund ist mit Sicherheit die Itemlastigkeit des Spiels. Dadurch hat sich \u00fcber die Jahre ein betr\u00fcgerisches Umfeld aufgebaut, welches mit vielen Methoden versucht die User um ihre Items zu bringen und sogar ganze Accounts zu klauen. Ebenso trifft das die unerlaubte Vervielf\u00e4ltigung (das Dupen) von Items, wobei &#8222;Legit Items&#8220; gegen Dupes getauscht werden, die oftmals nach kurzer Zeit verschwinden.<\/p>\n<p>Auf den folgenden Seiten werden wir speziell auf einzelne Punkte eingehen und so versuchen euch umfassend \u00fcber die Gefahren im BNet aufzukl\u00e4ren.<\/p>\n<table>\n<tbody>\n<tr>\n<th>Link<\/th>\n<th>Thema<\/th>\n<\/tr>\n<tr>\n<td align=\"center\" bgcolor=\"#45070E\"><a href=\"\/hilfe\/hackfaq\/hack01\/\">Account &#8222;gehackt&#8220;<\/a><\/td>\n<td bgcolor=\"#2E2927\">Der \/dnd-Befehl<br \/>\nCD-Key-Diebstahl<br \/>\nfalsche Blizzard-Mitarbeiter im BNet<br \/>\nBlizzard-Support Mail- &amp; Web-Site Fake<br \/>\nVorsicht bei Clan-Beitritt<br \/>\nAccount verschenken\/kaufen &amp; Levelservices<\/td>\n<\/tr>\n<tr>\n<td align=\"center\" bgcolor=\"#45070E\"><a href=\"\/hilfe\/hackfaq\/hack02\/\">Trade-Betrug<\/a><\/td>\n<td bgcolor=\"#2E2927\">Traden im Trade-Fenster<br \/>\nTraden \u00fcber den Boden<br \/>\nTraden mit unidentifizierten Items<br \/>\nTraden in den <span style=\"color: ff5500;\">planetdiablo.eu<\/span> Tradeforen<br \/>\nDer Dupe-Test<\/td>\n<\/tr>\n<tr>\n<td align=\"center\" bgcolor=\"#45070E\"><a href=\"\/hilfe\/hackfaq\/hack03\/\">die Wohlt\u00e4ter<\/a><\/td>\n<td bgcolor=\"#2E2927\">\u201eO gheeds N gold\u201c<br \/>\n\u201eI dupe 4 you\u201c<br \/>\n\u201efree maphack\u201c<br \/>\n\u201eI give free acc\u201c<br \/>\nu.v.m.<\/td>\n<\/tr>\n<tr>\n<td align=\"center\" bgcolor=\"#45070E\"><a href=\"\/hilfe\/hackfaq\/hack04\/\">Dupes &amp; More<\/a><\/td>\n<td bgcolor=\"#2E2927\">Dupes<br \/>\nMapHack<br \/>\nBots<br \/>\nIth-\/Bugged Items<br \/>\nItemshops<\/td>\n<\/tr>\n<tr>\n<td align=\"center\" bgcolor=\"#45070E\"><a href=\"\/hilfe\/hackfaq\/hack05\/\">Auswirkungen<\/a><\/td>\n<td bgcolor=\"#2E2927\">Welche Auswirkungen haben Dupes\/Cheats\/Hacks auf das Spiel ?<\/td>\n<\/tr>\n<tr>\n<td align=\"center\" bgcolor=\"#45070E\"><a href=\"\/hilfe\/hackfaq\/hack06\/\">Weitere Infos<\/a><\/td>\n<td bgcolor=\"#2E2927\">Gef\u00e4hrliche Downloads<br \/>\nWarden &#8211; Blizzards Rache<br \/>\nDie Ger\u00fcchtek\u00fcche<br \/>\nAllgemeines zum Verhalten im BNet<br \/>\nNeue &#8222;Betrugsmethoden&#8220; melden<\/td>\n<\/tr>\n<\/tbody>\n<\/table>\n<p><center><br \/>\nBesonderen Dank an TearDrops f\u00fcr dieses Werk und die Community\/dem Staff f\u00fcr die Hilfe!<\/p>\n<p><b>\u00a9 HyperGate 2005<\/b><\/p>\n<p><\/center><\/p>\n","protected":false},"excerpt":{"rendered":"<p>In Diablo II\/LoD\u00a0 wird oftmals mit unfairen Mitteln gespielt und betrogen. Die Gr\u00fcnde daf\u00fcr sind vielschichtig, doch ein Hauptgrund ist mit Sicherheit die Itemlastigkeit des Spiels. Dadurch hat sich \u00fcber die Jahre ein betr\u00fcgerisches Umfeld aufgebaut, welches mit vielen Methoden versucht die User um ihre Items zu bringen und sogar ganze Accounts zu klauen. Ebenso&hellip; <a class=\"more-link\" href=\"https:\/\/planetdiablo.eu\/de\/hilfe\/hackfaq\/\"><span class=\"screen-reader-text\">Diablo 2 Hack-FAQ<\/span> weiterlesen<\/a><\/p>\n","protected":false},"author":748,"featured_media":0,"parent":560269,"menu_order":0,"comment_status":"open","ping_status":"open","template":"","meta":{"footnotes":""},"class_list":["post-561049","page","type-page","status-publish","hentry","entry"],"_links":{"self":[{"href":"https:\/\/planetdiablo.eu\/de\/wp-json\/wp\/v2\/pages\/561049","targetHints":{"allow":["GET"]}}],"collection":[{"href":"https:\/\/planetdiablo.eu\/de\/wp-json\/wp\/v2\/pages"}],"about":[{"href":"https:\/\/planetdiablo.eu\/de\/wp-json\/wp\/v2\/types\/page"}],"author":[{"embeddable":true,"href":"https:\/\/planetdiablo.eu\/de\/wp-json\/wp\/v2\/users\/748"}],"replies":[{"embeddable":true,"href":"https:\/\/planetdiablo.eu\/de\/wp-json\/wp\/v2\/comments?post=561049"}],"version-history":[{"count":1,"href":"https:\/\/planetdiablo.eu\/de\/wp-json\/wp\/v2\/pages\/561049\/revisions"}],"predecessor-version":[{"id":583575,"href":"https:\/\/planetdiablo.eu\/de\/wp-json\/wp\/v2\/pages\/561049\/revisions\/583575"}],"up":[{"embeddable":true,"href":"https:\/\/planetdiablo.eu\/de\/wp-json\/wp\/v2\/pages\/560269"}],"wp:attachment":[{"href":"https:\/\/planetdiablo.eu\/de\/wp-json\/wp\/v2\/media?parent=561049"}],"curies":[{"name":"wp","href":"https:\/\/api.w.org\/{rel}","templated":true}]}}