{"id":561055,"date":"2014-07-28T18:27:48","date_gmt":"2014-07-28T16:27:48","guid":{"rendered":"http:\/\/diablo3.ingame.de\/?page_id=561055"},"modified":"2021-06-01T08:42:18","modified_gmt":"2021-06-01T06:42:18","slug":"hack01","status":"publish","type":"page","link":"https:\/\/planetdiablo.eu\/de\/hilfe\/hackfaq\/hack01\/","title":{"rendered":"Diablo 2 Hack-FAQ &#8211; Account\/CD-Key in Gefahr"},"content":{"rendered":"<p><center><b>Hier sind die fiesesten Betrugsmethoden, bei denen man wirklich ALLES und unwiderruflich verlieren kann. Immer geht es darum, den Account oder sogar den CD-Key zu stehlen. Hier ist besondere Vorsicht geboten.<\/b><\/center><\/p>\n<ul>\n<li><a href=\"#dnd\">Der \/dnd-Befehl<\/a><\/li>\n<li><a href=\"#cdkey\">CD-Key-Diebstahl<\/a><\/li>\n<li><a href=\"#fake01\">falsche Blizzard Mitarbeiter im BNet<\/a><\/li>\n<li><a href=\"#fake02\">Blizzard-Support Mail- &amp; Web-Site Fake<\/a><\/li>\n<li><a href=\"#clan\">Vorsicht bei Clan-Beitritt<\/a><\/li>\n<li><a href=\"#acco\">Acc. verschenken \/ Levelservices<\/a><\/li>\n<\/ul>\n<p><a href=\"#top\"><img loading=\"lazy\" decoding=\"async\" src=\"http:\/\/diablo3.ingame.de\/files\/2014\/07\/top.gif\" alt=\"Seitenanfang\" width=\"25\" height=\"18\" border=\"0\" align=\"Right\"><\/a><a name=\"dnd\"><\/a><\/p>\n<h2><center>Der \/dnd -Befehl &#8230; dnd = do not disturb (bitte nicht st\u00f6ren)<\/center><\/h2>\n<p>Dieser Befehl ist das f\u00fcr den Account-Diebstahl am h\u00e4ufigsten eingesetzte Mittel und auch nach 8 Jahren fallen immer wieder unbedarfte Spieler darauf herein, weil dies einer der am wenigsten bekannten <a href=\"\/diablo-2\/konsolenbefehle\/\" target=\"_blank\" rel=\"noopener\">Konsolen-Befehle<\/a> ist. Mit diesem Befehl hinterl\u00e4sst man im BNet, f\u00fcr ALLE die einen anfl\u00fcstern, eine Nachricht und diese Nachricht kann JEDER Spieler im Realm lesen, der einen anfl\u00fcstert.<\/p>\n<p>Wenn man eingibt: <b><span style=\"color:limegreen!important\">\/dnd ist gerade Essen<\/span><\/b><\/p>\n<p>Dann bekommt der, der einen anfl\u00fcstert als Antwort: <b><span style=\"color:limegreen!important\">(Charaktername) ist gerade Essen<\/span><\/b><\/p>\n<p>Der Betr\u00fcger nutzt nun die Unwissenheit des Spielers schamlos aus und bringt ihn dazu, seinen Accountnamen und sein Passwort einzugeben:<\/p>\n<p><b><span style=\"color:limegreen!important\">\/dnd account passwort<\/span><\/b> Beispiel: \/dnd HIIO_Hero 91qw46as<\/p>\n<p>und erh\u00e4lt vom BNet als &#8222;Bitte nicht st\u00f6ren&#8220;-Antwort:<\/p>\n<p><b><span style=\"color:limegreen!important\">(Charaktername) account passwort<\/span><\/b> Beispiel: (Charaktername) HIIO_Hero 91qw46as<\/p>\n<p>Die vorgeschobenen Gr\u00fcnde sind vielf\u00e4ltig, sei es um den &#8222;geheimen, internen BNet-Rang des Charakters&#8220; zu erfahren (so\u00b4n Bl\u00f6dsinn), einen angeblich zu verschenkenden Account des Betr\u00fcgers zu \u00fcbernehmen oder was auch immer&#8230; Dank Unwissen und vor allem Leichtgl\u00e4ubigkeit klappt das in den meisten F\u00e4llen. Beim n\u00e4chsten Anmeldeversuch im BNet braucht man sich dann nicht mehr zu wundern, dass man mit seinem Passwort nicht mehr reinkommt&#8230; Der Betr\u00fcger hat das Passwort l\u00e4ngst ge\u00e4ndert und den Account ausgepl\u00fcndert.<\/p>\n<p>Es kommt auch vor, das der Betr\u00fcger das PW nach erfolgreicher Pl\u00fcnderung wieder in das gewohnte zur\u00fcck\u00e4ndert, sowie es ebenso in seinem Ermessen liegt die Charaktere auf dem Account &#8222;leben&#8220; zu lassen oder zu l\u00f6schen. <b>Blizzard stellt NIE Items oder gel\u00f6schte Charaktere wieder her&#8230; NIE !<\/b> Das einzige, womit man zumindest recht z\u00fcgig das &#8222;verlorene&#8220; PW \u00e4ndern kann bzw. ein vorl\u00e4ufiges neues bekommt und evtl. noch etwas rettet (und wenn\u00b4s nur die nicht gel\u00f6schten Chars sind) ist die -&gt; <a href=\"http:\/\/forum2.ingame.de\/diablo2\/showthread.php?s=&amp;threadid=388271\" target=\"_blank\" rel=\"noopener\">Password-Recovery<\/a><\/p>\n<p><center><span style=\"color:orange!important\"><b><u>Schutz<\/u><\/b><\/span><\/p>\n<p>\/dnd ausschlie\u00dflich f\u00fcr Abwesenheitsmeldungen verwenden, denn nur daf\u00fcr ist der Befehl gedacht. Zudem ist es NIE und an keiner Stelle erforderlich, sein Passwort zu nennen oder einzugeben, au\u00dfer beim eigenen einloggen in\u00b4s BNet.<\/center><\/p>\n<p><center><b><span style=\"color:limegreen!important\">! Das Passwort wird NUR zum Einloggen ins BNet ben\u00f6tigt und sonst NIE !<\/span><\/b><\/center><\/p>\n<p><a href=\"#top\"><img loading=\"lazy\" decoding=\"async\" src=\"http:\/\/diablo3.ingame.de\/files\/2014\/07\/top.gif\" alt=\"Seitenanfang\" width=\"25\" height=\"18\" border=\"0\" align=\"Right\"><\/a><a name=\"cdkey\"><\/a><\/p>\n<h2><center>CD-Key-Diebstahl<\/center><\/h2>\n<p>Es muss nicht unbedingt der Account und das Passwort sein, woran der Betr\u00fcger ein Interesse hat. Genauso gut kann er auch suggerieren, man m\u00fcsse <b>\/dnd <i>CD-Key<\/i><\/b> eingeben. Auf diese Weise erh\u00e4lt er einen g\u00fcltigen CD-Key. Um diesen nutzen zu k\u00f6nnen, schickt er einfach eine Mail an den Blizzard-Support mit Angabe von Accountname, CD-Key, Realm, evtl. noch Charnamen und bittet um ein neues Passwort, weil er es angeblich vergessen hat.<\/p>\n<p>Blizzard geht nicht von einem m\u00f6glichen Betrug aus, da normalerweise niemand seinen CD-Key an andere weitergibt. Dass der Betr\u00fcger anschlie\u00dfend den Account komplett abr\u00e4umt, ist dann wohl kein Wunder mehr. Zus\u00e4tzlich \u00e4rgerlich k\u00f6nnte sein, wenn der Betr\u00fcger den CD-Key an andere einfach weitergibt: Verwenden andere den CD-Key kann man selbst nicht mehr ins BNet rein und man bekommt dann die -&gt; <a href=\"http:\/\/forum2.ingame.de\/diablo2\/showthread.php?s=&amp;threadid=199225\" target=\"_blank\" rel=\"noopener\">&#8222;CD-Key in Use&#8220;-Meldung<\/a>. Man kann dann zwar selbst auch eine Mail an den Support schicken und das Passwort zur\u00fccksetzen lassen, jedoch k\u00f6nnte dieses Spielchen eine Weile hin und her gehen, bis einer genervt aufgibt oder der Key deswegen gesperrt wird.<\/p>\n<p>Ebenso gef\u00e4hrlich kann die <b>Weitergabe von Diablo-Dateien<\/b> an Freunde oder sonst wem sein, weil beispielsweise die CD angeblich defekt ist und die Dateien deshalb nicht kopiert werden k\u00f6nnen oder D2 die Dateien auf der Festplatte nicht lesen kann. Bei installiertem D2 ist n\u00e4mlich in der Datei <b><i>d2sfx.mpq<\/i><\/b> der Classic-Key und in der <b><i>d2char.mpq<\/i><\/b> der LoD-Key gespeichert und NICHT wie viele irrt\u00fcmlich glauben in der Registry.<\/p>\n<p><center><span style=\"color:orange!important\"><b><u>Schutz<\/u><\/b><\/span><\/p>\n<p>Zu keiner Zeit und keinem Zweck muss der CD-Key genannt werden. NIE die oben genannten Dateien an Dritte weitergeben!<\/center><\/p>\n<p><a href=\"#top\"><img loading=\"lazy\" decoding=\"async\" src=\"http:\/\/diablo3.ingame.de\/files\/2014\/07\/top.gif\" alt=\"Seitenanfang\" width=\"25\" height=\"18\" border=\"0\" align=\"Right\"><\/a><a name=\"fake01\"><\/a><\/p>\n<h2><center>falsche Blizzard-Mitarbeiter im BNet<\/center><\/h2>\n<p>Hin und wieder tauchen im BNet vermeintliche Blizzard-Mitarbeiter auf und spammen den Chat mit scheinseri\u00f6sen Messages voll. Es kann auch sein, dass Du von ihnen angefl\u00fcstert wirst. Meist tragen diese Accounts Namen wie <b>Administrator<\/b>, <b>Blizz-Admin<\/b>, <b>Blizz-Support<\/b> oder \u00e4hnliches. Deren Meldungen sind teilweise v\u00f6llig unterschiedlich, zielen aber meist darauf hin ab, dass man irgend etwas downloaden soll, um einen Bug oder \u00e4hnliches zu beheben. Folgende Meldung wurde aktuell im Chat abgesetzt:<\/p>\n<blockquote><p>\nDear Battlenet users we had got some problems with Patch 1.11b and thats why we made an ANTI-REALM-DOWN program for u users to download u can find it on *<i>url zu einer gefakten Blizzard-Homepage<\/i>*<\/p><\/blockquote>\n<p>Wer sich dann dieses Programm runterl\u00e4dt, der braucht sich nicht wundern, dass sein Rechner mit einem Trojaner oder KeyLogger verseucht ist oder dass in k\u00fcrze sein Acc. und\/oder CD-Key gestohlen wird. Blizzard Mitarbeiter sind nahezu NIE im BNet unterwegs und wenn, dann NUR mit den ersten beiden folgenden Avataren, die es sonst nicht gibt: <a href=\"\/hilfe\/bnet\/bnet04\/\" target=\"_blank\" rel=\"noopener\">&#8222;Siehe hier<\/a> und wichtig: Sie fl\u00fcstern euch ebenfalls NIE an.<\/p>\n<p><center><span style=\"color:orange!important\"><b><u>Schutz<\/u><\/b><\/span><\/p>\n<p>Lasst einfach die Finger von solchen Downloads. Blizzard greift niemals zu solchen Methoden und schickt Mitarbeiter ins BNet, um die User auf diese Weise anzusprechen. Offizielle Downloads f\u00fcr das BNet stellt Blizzard ausschlie\u00dflich auf <a href=\"http:\/\/www.battle.net\" target=\"_blank\" rel=\"noopener\">www.battle.net<\/a> zur Verf\u00fcgung.<\/center><\/p>\n<p><a href=\"#top\"><img loading=\"lazy\" decoding=\"async\" src=\"http:\/\/diablo3.ingame.de\/files\/2014\/07\/top.gif\" alt=\"Seitenanfang\" width=\"25\" height=\"18\" border=\"0\" align=\"Right\"><\/a><a name=\"fake02\"><\/a><\/p>\n<h2><center>Blizzard-Support Mail- &amp; Web-Site Fake<\/center><\/h2>\n<p>Es kam bereits vor, dass BNet-Spieler folgende oder auch eine \u00e4hnliche Mail erhielten:<\/p>\n<blockquote><p>\nVon: <a href=\"mailto:noreply@europe.battle.net\">noreply@europe.battle.net<\/a><br \/>\nDatum: 09\/22\/05 16:25:26<br \/>\nAn: Deine Mailadresse<br \/>\nBetreff: Battle.net-Account &#8211; Aktivit\u00e4ts- Kontrolle<\/p>\n<p>Hallo battle.net User,<br \/>\nEs wird ein Aktivit\u00e4tscheck in Diablo 2 LOD durchgef\u00fchrt, der dazu<br \/>\ndient Inaktive User zu l\u00f6schen damit die Serverauslastung wieder sinkt.<br \/>\nSchicken sie dazu bitte alle Daten, sprich Username und Passwort<br \/>\nder Accounts die auf diese E-Mail Adresse angemeldet sind innerhalb der n\u00e4chsten 7 Tage an:<\/p>\n<p><b>europe.battle.net@web.de<\/b><\/p>\n<p>Wir bitten sie um ihr Verst\u00e4ndnis.<\/p>\n<p>Blizzard Entertainment<br \/>\n<a href=\"http:\/\/www.blizzard.com\" target=\"_blank\" rel=\"noopener\">http:\/\/www.blizzard.com<\/a><br \/>\n<a href=\"http:\/\/www.battle.net\" target=\"_blank\" rel=\"noopener\">http:\/\/www.battle.net<\/a><\/p><\/blockquote>\n<p>Wer diese Mail beantwortet, kann sich von seinem Account schon mal verabschieden. Solche Mails dienen ausschlie\u00dflich dazu, Accounts zu stehlen und wer auch immer sich hinter dem Absender verbirgt, niemals ist es Blizzard. Sowohl Passw\u00f6rter, als auch CD-Keys werden NIE auf diese Weise von Blizzard angefragt. Zudem kann man hier sogar erkennen (das geht aber noch besser), das die Adresse auf *@web.de lautet, doch Blizzard hat einen eigenen Mailserver, also: *@blizzard.com<\/p>\n<p>Ebenso kommt es verst\u00e4rkt vor, das man versucht Usern gef\u00e4lschte Blizzard-Sites (z.B.: http:\/\/www.blizzard-news.de.ms\/<br \/>\n) als echte Blizzard-Site unterzujubeln und ihnen dort einen Patch\/Bugfix\/Tool zum download anbietet, welcher nat\u00fcrlich einen Trojaner\/Keylogger enth\u00e4lt und wo der Account ebenso schnell weg ist, wie man ihn erstellt hat. Auch hier die eindringliche Warnung: Die offizielle Site ist <a href=\"http:\/\/www.blizzard.com\" target=\"_blank\" rel=\"noopener\">www.blizzard.com<\/a> und NICHTS anderes, egal wie t\u00e4uschend echt die gefakte Site aussieht.<\/p>\n<p><center><span style=\"color:orange!important\"><b><u>Schutz<\/u><\/b><\/span><\/p>\n<p>Du erwartest keine Mail von Blizzard ? <u>Unaufgefordert wirst Du auch NIE eine bekommen.<\/u> Solche Mails geh\u00f6ren sofort gel\u00f6scht.<\/center><\/p>\n<p><center><b><span style=\"color:limegreen!important\">! Blizzard verlangt niemals die Herausgabe des Passworts oder Keys!<\/span><\/b><\/center><\/p>\n<p><a href=\"#top\"><img loading=\"lazy\" decoding=\"async\" src=\"http:\/\/diablo3.ingame.de\/files\/2014\/07\/top.gif\" alt=\"Seitenanfang\" width=\"25\" height=\"18\" border=\"0\" align=\"Right\"><\/a><a name=\"clan\"><\/a><\/p>\n<h2><center>Vorsicht bei Clan-Beitritt<\/center><\/h2>\n<p>Bevor hier irgendwelche Clans in Verruf geraten: Hinter diesem Betrugsversuch verbirgt sich normalerweise kein &#8222;seri\u00f6ser&#8220; Clan. Der Betr\u00fcger gibt lediglich vor in einem Clan zu sein.<\/p>\n<p>Immer wieder m\u00f6chten Spieler aus den verschiedensten Gr\u00fcnden einem Clan beitreten. Der Betr\u00fcger nutzt dies aus und hat f\u00fcr diesen Zweck auch einen Charakter mit beliebigem Clan-K\u00fcrzel parat (was aber nicht zwingend sein muss). Damit gibt er vor ein Clan-Mitglied zu sein, welches den Spieler anwerben bzw. in den Clan einf\u00fchren will.<\/p>\n<p>Es entsteht ein Gespr\u00e4ch \u00fcber Charaktere, Skillungen, PvP oder \u00e4hnliches, doch am Ende fordert der Betr\u00fcger den Beitrittswilligen immer dazu auf, irgendein Programm von der angeblichen Clan-Homepage runterzuladen und zu installieren oder weist darauf hin, das ein (Browser-)&#8220;PlugIn&#8220; n\u00f6tig ist um dem Clan beizutreten bzw. die Clan-HP korrekt darstellen zu k\u00f6nnen. Oft verlangt der Betr\u00fcger vorher noch, dass man seinen besten Charakter mal ins Spiel holen solle.<\/p>\n<p>Clans werben neue Mitglieder auch oft damit an, dass ihnen bei Anmeldung wertvolle Items geschenkt w\u00fcrden. F\u00fcr die Anmeldung auf der Clan-Seite muss man sich dann mit einem Benutzernamen und einem Passwort registrieren. Nun gibt es leider unseri\u00f6se Clans, die versuchen, sich mit diesem Passwort und dem D2-Account des Registrierten Users ins Battle.net einzuloggen, um den D2-Account abzur\u00e4umen und wer beim Anmelden auf der Clan-Seite dasselbe Passwort benutzt hat, wie bei seinen D2-Accounts, wird seine Items wohl nicht wieder sehen.<\/p>\n<p><center><span style=\"color:orange!important\"><b><u>Schutz<\/u><\/b><\/span><\/p>\n<p>Verwende beim Registrieren auf der Clan-Seite keinesfalls dasselbe Passwort, welches du f\u00fcr deinen D2-Account benutzt.<\/center><\/p>\n<p>Was auch immer der Zweck eines der oben ebenfalls angesprochenen Programme\/PlugIns sein soll, folgendes k\u00f6nnte sich dahinter verbergen:<\/p>\n<p><b><span style=\"color:red!important\">Drop Hack:<\/span><\/b><\/p>\n<p>F\u00fchrt man es aus, droppt der eigene Charakter selbstst\u00e4ndig alle seine Sachen und am Ende wird man vollautomatisch aus dem Spiel geworfen. Keine Chance sich zu wehren oder einzugreifen.<\/p>\n<p><b><span style=\"color:red!important\">Key-Logger:<\/span><\/b><\/p>\n<p>Das &#8222;Programm&#8220; erf\u00fcllt nur scheinbar irgendeine Funktion. Die Hauptaufgabe liegt darin, Tastatureingaben aufzuzeichnen und \u00fcber das Internet dem Betr\u00fcger zu schicken. Auf diese Weise erf\u00e4hrt er das Passwort (den Account kennt er ja bereits) und kann den Account auspl\u00fcndern. Key-Logger werden NICHT von AntiVirensoftware oder Firewalls erkannt.<\/p>\n<p><b><span style=\"color:red!important\">Trojaner:<\/span><\/b><\/p>\n<p>Mit einem Trojaner kann der Betr\u00fcger unter Umst\u00e4nden vollen Zugriff auf den Rechner erhalten und nahezu alles anstellen. Oft bleibt da nur format c:, da es bei heutigen Trojanern sehr aufw\u00e4ndig ist sie so loszuwerden und &#8222;normale&#8220; PC-Nutzer da wenig Chancen haben.<\/p>\n<p>Aber auch &#8222;normale&#8220; <b><span style=\"color:red!important\">Viren<\/span><\/b> oder <b><span style=\"color:red!important\">W\u00fcrmer<\/span><\/b> kann man sich auf diese Weise einhandeln, ebenso wie Kombinationen oben genannter Dinge.<\/p>\n<p><center><span style=\"color:orange!important\"><b><u>Schutz<\/u><\/b><\/span><\/p>\n<p>Sch\u00fctzen kann man sich nur, wenn man sich von vornherein keine unbekannten Programme herunter l\u00e4dt. Ein Clan-Beitritt muss auch ohne solche Aktionen m\u00f6glich sein.<\/center><\/p>\n<p><a href=\"#top\"><img loading=\"lazy\" decoding=\"async\" src=\"http:\/\/diablo3.ingame.de\/files\/2014\/07\/top.gif\" alt=\"Seitenanfang\" width=\"25\" height=\"18\" border=\"0\" align=\"Right\"><\/a><a name=\"acco\"><\/a><\/p>\n<h2><center>Acc.\/Char verschenken\/kaufen &amp; Levelservices<\/center><\/h2>\n<p>Hier wird wirklich ein Account verschenkt oder real im Internet zum Verkauf angeboten und es ist egal ob er einige Items oder welche\/wieviel Chars auch immer enth\u00e4lt&#8230; die Gefahr und der Sinn &amp; Zweck ist der gleiche, wie bei vielen unseri\u00f6sen &#8222;Levelservices&#8220;&#8230; Dich abzuzocken und im Falle vom &#8222;Kauf&#8220; auch zus\u00e4tzlich Dein Geld.<\/p>\n<p>Das WIE ist ganz einfach: Der Account geh\u00f6rt dem, der a) den CD-Key hat und ihn b) per E-Mail beim erstellen registriert hat. Somit wartet der Betr\u00fcger einfach eine gewisse Zeit nachdem er den Account verschenkt\/verkauft hat, guckt evtl. ab und an mal rauf (er hat ihn ja in seiner \/f-List) und wenn er meint die Zeit ist reif&#8230; dann holt er sich den Account zur\u00fcck. Solltest Du das PW ge\u00e4ndert haben, dann nutzt er einfach die PW-Recovery, da nur er die korrekte E-Mail-Addy vom erstellen des Accounts hat und bekommt so ein neues PW oder er kann mittels des CD-Keys den Support davon &#8222;legitim&#8220; \u00fcberzeugen das es sein Account ist. \u00c4hnliches beim Levelservice:<\/p>\n<p>F\u00fcr die folgenden Levelservice-Beispiele gilt:<\/p>\n<ul>\n<li>Trader = Die Person die den Service bezahlt<\/li>\n<li> Leveler = Die Person die den Service erbringt<\/li>\n<\/ul>\n<p><b><span style=\"color:red!important\">Beispiel 1:<\/p>\n<p><\/span><\/b> Der Trader erstellt den Account und gibt das Passwort an den Leveler weiter.<\/p>\n<p>&#8212; Risiken f\u00fcr den Trader:<\/p>\n<ul>\n<li>Der Leveler verwendet den Account zum Dupen oder Botten<\/li>\n<li>Blizzard sperrt den Account oder gar den CD-Key mit dem der Account erstellt wurde.<\/li>\n<\/ul>\n<p>&#8212; Risiken f\u00fcr den Leveler:<\/p>\n<ul>\n<li>Der Trader nutzt die PW-Recovery und holt sich so den Account\/Char zur\u00fcck, incl. der Items auf dem Char.<\/li>\n<\/ul>\n<p><b><span style=\"color:red!important\">Beispiel 2:<\/p>\n<p><\/span><\/b> Der Leveler erstellt den Account erbringt den Service und gibt zum Abschluss das Passwort an den Trader weiter.<\/p>\n<p>&#8212; Risiken f\u00fcr den Trader:<\/p>\n<ul>\n<li>Der Leveler kann jederzeit das Passwort bei Blizzard zur\u00fccksetzen lassen.<\/li>\n<li>Er kann dadurch an die inzwischen auf den Account gemulten Items kommen.<\/li>\n<li>Dem Trader kann der Account verloren gehen, falls der CD-Key des Levelers durch Blizzard aus irgendwelchen Gr\u00fcnden gesperrt wird.<\/li>\n<\/ul>\n<p>&#8212; Risiken f\u00fcr den Leveler:<\/p>\n<ul>\n<li>Der Leveler kann seinen CD-Key verlieren, wenn der Trader nach Abschluss des Trades den Account f\u00fcr Bots oder andere illegale Aktionen mi\u00dfbraucht.<\/li>\n<\/ul>\n<p>Der Levelservice ist also wie man sehen kann ein hohes Risiko, sowohl f\u00fcr den Trader als auch f\u00fcr den Leveler. Dieses Risiko wird einem oft nicht sofort bewusst. Bevor ihr also so ein Angebot annehmt, \u00fcberlegt euch genau ob es euch das Wert ist oder ob ihr nicht lieber die Chars selber hochspielen wollt.<\/p>\n<p><center><span style=\"color:orange!important\"><b><u>Schutz<\/u><\/b><\/span><\/p>\n<p>\u00dcberlege 5x ob Du Dir auf diese Weise den Account\/Char besorgst oder einen als Muli\/Hauptaccount leveln l\u00e4sst. Wenn Du einen Acc. gekauft hast und es Dir nur um die Items ging, solltest Du sie auf einen anderen Acc mulen. Ging es auch um die Chars, notiere die Char-Daten und erstelle (in einem anderen Acc.) den Char einfach neu. Items, Stats und Skillung hast Du jetzt ja.<\/center><\/p>\n<p>Nicht verschwiegen werden soll aber auch, dass es viele seri\u00f6se Clans &amp; Levelservices gibt, die auch eigene Homepages f\u00fchren.<br \/>\nWichtig ist wie immer: Erkundigt euch, lasst euch Zeit und \u00fcberlegt sehr genau, bevor ihr in einem Clan eintretet oder Chars kauft bzw. leveln lasst und wom\u00f6glich doch nur einem Betr\u00fcger in die Arme lauft. Selbst im Clan gilt: Kein PW wird weitergegeben&#8230; nur Dein Misstrauen und Deine Vorsicht kann Dich sch\u00fctzen.<\/p>\n<p align=\"center\"><a href=\"#top\">[nach oben]<\/a> &#8211; <a href=\"\/hilfe\/hackfaq\/hack02\/\">[weiter]<\/a><\/p>\n","protected":false},"excerpt":{"rendered":"<p>Hier sind die fiesesten Betrugsmethoden, bei denen man wirklich ALLES und unwiderruflich verlieren kann. Immer geht es darum, den Account oder sogar den CD-Key zu stehlen. Hier ist besondere Vorsicht geboten. Der \/dnd-Befehl CD-Key-Diebstahl falsche Blizzard Mitarbeiter im BNet Blizzard-Support Mail- &amp; Web-Site Fake Vorsicht bei Clan-Beitritt Acc. verschenken \/ Levelservices Der \/dnd -Befehl &#8230;&hellip; <a class=\"more-link\" href=\"https:\/\/planetdiablo.eu\/de\/hilfe\/hackfaq\/hack01\/\"><span class=\"screen-reader-text\">Diablo 2 Hack-FAQ &#8211; Account\/CD-Key in Gefahr<\/span> weiterlesen<\/a><\/p>\n","protected":false},"author":748,"featured_media":0,"parent":561049,"menu_order":0,"comment_status":"closed","ping_status":"open","template":"","meta":{"footnotes":""},"class_list":["post-561055","page","type-page","status-publish","hentry","entry"],"_links":{"self":[{"href":"https:\/\/planetdiablo.eu\/de\/wp-json\/wp\/v2\/pages\/561055","targetHints":{"allow":["GET"]}}],"collection":[{"href":"https:\/\/planetdiablo.eu\/de\/wp-json\/wp\/v2\/pages"}],"about":[{"href":"https:\/\/planetdiablo.eu\/de\/wp-json\/wp\/v2\/types\/page"}],"author":[{"embeddable":true,"href":"https:\/\/planetdiablo.eu\/de\/wp-json\/wp\/v2\/users\/748"}],"replies":[{"embeddable":true,"href":"https:\/\/planetdiablo.eu\/de\/wp-json\/wp\/v2\/comments?post=561055"}],"version-history":[{"count":1,"href":"https:\/\/planetdiablo.eu\/de\/wp-json\/wp\/v2\/pages\/561055\/revisions"}],"predecessor-version":[{"id":582909,"href":"https:\/\/planetdiablo.eu\/de\/wp-json\/wp\/v2\/pages\/561055\/revisions\/582909"}],"up":[{"embeddable":true,"href":"https:\/\/planetdiablo.eu\/de\/wp-json\/wp\/v2\/pages\/561049"}],"wp:attachment":[{"href":"https:\/\/planetdiablo.eu\/de\/wp-json\/wp\/v2\/media?parent=561055"}],"curies":[{"name":"wp","href":"https:\/\/api.w.org\/{rel}","templated":true}]}}