{"id":561073,"date":"2014-07-28T19:22:05","date_gmt":"2014-07-28T17:22:05","guid":{"rendered":"http:\/\/diablo3.ingame.de\/?page_id=561073"},"modified":"2014-07-28T19:22:05","modified_gmt":"2014-07-28T17:22:05","slug":"hack03","status":"publish","type":"page","link":"https:\/\/planetdiablo.eu\/de\/hilfe\/hackfaq\/hack03\/","title":{"rendered":"Diablo 2 Hack-FAQ &#8211; Die &quot;Wohlt\u00e4ter&quot;"},"content":{"rendered":"<p><center><b>Im BNet tummeln sich immer wieder Spiele\/Spieler herum, die man am besten gleich ignoriert. Nachfolgend wird kurz beschrieben, was in diesen Spielen vor sich geht und die Spieler bezwecken.<\/b><\/center><\/p>\n<ul>\n<li><a href=\"#gold\">&#8222;O gheeds N gold&#8220;<\/a><\/li>\n<li><a href=\"#dupe\">&#8222;I dupe 4 you&#8220;<\/a><\/li>\n<li><a href=\"#maphack\">&#8222;free maphack&#8220;<\/a><\/li>\n<li><a href=\"#acc\">&#8222;I give free acc&#8220;<\/a><\/li>\n<\/ul>\n<p><\/p>\n<p><a href=\"#top\"><img loading=\"lazy\" decoding=\"async\" src=\"http:\/\/diablo3.ingame.de\/files\/2014\/07\/top.gif\" alt=\"Seitenanfang\" align=\"Right\" border=\"0\" height=\"18\" width=\"25\"><\/a><a name=\"gold\"><\/a><\/p>\n<h2><b><center>&#8222;O gheeds N gold&#8220;<\/center><\/b><\/h2>\n<\/p>\n<p>Abgesehen von Gheeds kann auch ein Anni, eine Fackel oder ein beliebiges Highend-Item angeboten werden. Nun, man kann kaum g\u00fcnstiger an ein solch teures Item herankommen, oder? Das einzige was man allerdings erh\u00e4lt ist eine neue Erfahrung. Niemand gibt seinen Gheeds\/Anni\/Torch f\u00fcr Gold her. Der Grund dieses Spiels liegt lediglich darin, einem sein Gold zu stehlen. Wenn man das Gold dropt hebt der Betr\u00fcger es einfach per Telekinese auf. Viele wissen einfach nicht, dass Gold auch in der Stadt per Telekinese aufgehoben werden kann, was der Betr\u00fcger schamlos ausnutzt.<\/p>\n<p><center><span style=\"color:orange!important\"><b><u>Schutz<\/u><\/b><br \/>\n\t<br \/>\nBleibt solchen Spielen einfach fern, wenn ihr euer Gold nicht <i>verschenken<\/i> m\u00f6chtet.<\/span><\/center><\/p>\n<p><\/p>\n<p><a href=\"#top\"><img loading=\"lazy\" decoding=\"async\" src=\"http:\/\/diablo3.ingame.de\/files\/2014\/07\/top.gif\" alt=\"Seitenanfang\" align=\"Right\" border=\"0\" height=\"18\" width=\"25\"><\/a><a name=\"dupe\"><\/a><\/p>\n<h2><b><center>&#8222;I dupe 4 you&#8220;<\/center><\/b><\/h2>\n<\/p>\n<p>Gleich vorweg: Niemand dupt f\u00fcr Dich. Der Spiel-Ersteller ist nur darauf aus, Dir die Items zu stehlen. Dazu bedient er sich verschiedener Methoden.<\/p>\n<p><b><span style=\"color:red!important\">Methode 1 &#8211; gef\u00e4hrliche Tastenkombination:<\/span><\/b><br \/>\n\t<br \/>\nDer Duper sagt, dass man seinen zu dupenden Gegenstand bei\/vor Charsi (Schmiedin in Akt 1) ablegen soll, weil das Dupen angeblich nur dort funktioniert. Der Duper selbst stellt sich weit weg, damit man sich in Sicherheit f\u00fchlt. Dann soll man eine bestimmte Sequenz an Tastenkombinationen dr\u00fccken, um den Gegenstand zu dupen, beispielsweise: Alt+F1, Alt+F1, Alt+F1, Alt+F4. Alle Kombinationen sind belanglos, nur <b><span style=\"color:red!important\">Alt+F4<\/span><\/b> ist eine Windows-Tastenfunktion, die bewirkt dass das aktive Programm sofort beendet wird. In diesem Fall fliegt man aus dem Spiel und D2 wird sofort beendet. Der Duper ist um einen Gegenstand reicher.<\/p>\n<p><b><span style=\"color:red!important\">Methode 2 &#8211; gef\u00e4hrlicher Download:<\/span><\/b><br \/>\n\t<br \/>\nDer Duper nennt eine Internet-Adresse, bei der man sich einen Dupe Hack runterladen kann. Er will einem dann auch direkt erkl\u00e4ren, wie das Programm bedient wird und fordert dazu auf, es nach dem Download auszuf\u00fchren. Wenn dann der eigene Charakter wie von Geisterhand alle seine Gegenst\u00e4nde droppt und man vollautomatisch aus dem Spiel geworfen wird, wei\u00df man, dass man einem Betr\u00fcger mit Drop Hack aufgesessen ist.<\/p>\n<p><b><span style=\"color:red!important\">Methode 3 &#8211; sich freiwillig 16 mal killen lassen:<\/span><\/b><br \/>\n\t<br \/>\nDer Duper verlangt, dass man seinen Char komplett leert, also alles in die Kiste ablegt. Dann soll man sich von ihm 16 Mal killen lassen. Jetzt fordert er dazu auf, den zu dupenden Gegenstand oder die komplette Ausr\u00fcstung wieder anzuziehen. Dann killt er Dich zum 17. Mal erneut. Leider kann Diablo aber nur 16 Leichen verwalten, so dass der Charakter dieses Mal beim Verrecken alle Items droppt die er tr\u00e4gt. Der Duper sammelt sie auf und Du bist sie los.<\/p>\n<p><b><span style=\"color:red!important\">Methode 4 &#8211; W\u00fcrfel droppen bei gef\u00fclltem Inventar:<\/span><\/b><br \/>\n\t<br \/>\nDer Duper fordert Dich dazu auf Dein Inventar komplett aufzuf\u00fcllen, egal mit welchen Items. Das zu dupende Item sollst Du danach in die Kiste in den W\u00fcrfel legen. Dann sollst Du den W\u00fcrfel in die Hand nehmen und mit der <b>Esc<\/b>-Taste die Kiste schlie\u00dfen. Kiste geht zu und Du hast den W\u00fcrfel mit dem Item darin in der Hand. Jetzt sollst Du den W\u00fcrfel droppen. Nun, w\u00e4hrend der W\u00fcrfel zu Boden f\u00e4llt, wird automatisch auch das darin enthaltene Item gedroppt. Normalerweise w\u00fcrde es in Deinem Inventar landen, aber das hast Du vorher ja schon vollgestopft. Folglich kannst Du dein Item jetzt auch nicht mehr aufheben, doch das erledigt sogleich und sehr gerne der Betr\u00fcger f\u00fcr Dich.<\/p>\n<p><b><span style=\"color:red!important\">Methode 5 &#8211; auf Kiste klicken mit Item in der Hand:<\/span><\/b><br \/>\n\t<br \/>\nDu sollst dich m\u00f6glichst nahe an Deine Kiste stellen und dann das zu dupende Item in die Hand nehmen. Damit sollst Du jetzt mehrmals schnell hintereinander auf die Kiste klicken. Was passiert, ist klar. Dein Item wird selbstverst\u00e4ndlich vor der Kiste gedroppt und Du landest durch das schnelle Klicken in der Kiste. Bevor Du da wieder raus bist, um das Item zu retten, hat der Betr\u00fcger es Dir l\u00e4ngst weggeschnappt.<\/p>\n<p><b><span style=\"color:red!important\">Methode 6 &#8211; auf beliebigem NPC klicken mit Item in der Hand:<\/span><\/b><br \/>\n\t<br \/>\nDu sollst dich in der N\u00e4he eines NPCs (NPC = Non Player Character, wie Charsi, Warriv, Cain, &#8230;) stellen, dann das zu dupende Item in die Hand nehmen und damit mehrmals schnell hintereinander auf den NPC klicken. W\u00e4hrend Du dar\u00fcber irritiert bist, dass der NPC dich anquatscht oder das Dialog-Men\u00fc sich \u00f6ffnet, Du dabei wertvolle Schrecksekunden verlierst, sammelt der Betr\u00fcger dein Item auf, welches einfach auf den Boden gefallen ist.<\/p>\n<p><b><span style=\"color:red!important\">Methode 7 &#8211; auf beliebigem WP klicken mit Item in der Hand:<\/span><\/b><br \/>\n\t<br \/>\nSiehe Methoden 5 und 6. Dein Item f\u00e4llt zu Boden und Dir \u00f6ffnet sich das WP-Auswahlmen\u00fc (WP = Wegpunkt\/Way Point). Der Betr\u00fcger nutzt die Schrecksekunde und nimmt das Item einfach vom Boden auf.<\/p>\n<p><center><span style=\"color:orange!important\"><b><u>Schutz<\/u><\/b><br \/>\n\t<br \/>\nEs gibt sicher noch mehr Varianten dieser Masche, doch durch Ignorieren solcher Spiele kann man sich ganz einfach davor sch\u00fctzen.<\/span><\/center><\/p>\n<p><\/p>\n<p><a href=\"#top\"><img loading=\"lazy\" decoding=\"async\" src=\"http:\/\/diablo3.ingame.de\/files\/2014\/07\/top.gif\" alt=\"Seitenanfang\" align=\"Right\" border=\"0\" height=\"18\" width=\"25\"><\/a><a name=\"maphack\"><\/a><\/p>\n<h2><b><center>&#8222;free maphack&#8220;<\/center><\/b><\/h2>\n<\/p>\n<p>Wie bei den Dupe-Spielen geht es hier ausschlie\u00dflich darum jemanden \u00fcber den Tisch zu ziehen. Der freigiebige Spiel-Ersteller nennt eine Internet-Adresse, bei der man das Maphack runterladen kann. Man soll es dann auch gleich starten, damit er einem die Funktion erkl\u00e4ren kann. Macht man dies, startet der sogenannte Drop Hack, der bewirkt, dass der eigene Charakter wie von selbst alle Gegenst\u00e4nde droppt und man am Ende automatisch aus dem Spiel geworfen wird. Der Betr\u00fcger sammelt in aller Ruhe deine Items ein und man ist um eine Erfahrung reicher.<\/p>\n<p><center><span style=\"color:orange!important\"><b><u>Schutz<\/u><\/b><br \/>\n\t<br \/>\nDer sicherste Schutz davor ist, solche Spiele einfach zu ignorieren und NIRGENDS etwas downzuloaden oder zu installieren, bei dem man nicht zu 100% sicher ist, das es &#8222;sauber&#8220; ist.<\/span><\/center><\/p>\n<p><\/p>\n<p><a href=\"#top\"><img loading=\"lazy\" decoding=\"async\" src=\"http:\/\/diablo3.ingame.de\/files\/2014\/07\/top.gif\" alt=\"Seitenanfang\" align=\"Right\" border=\"0\" height=\"18\" width=\"25\"><\/a><a name=\"acc\"><\/a><\/p>\n<h2><b><center>&#8222;I give free acc&#8220;<\/center><\/b><\/h2>\n<\/p>\n<p>In diesen Spielen geht es dem Betr\u00fcger nicht darum, einen Account zu verschenken, sondern Deinen Account oder Deinen CD-Key zu stehlen. Die beliebteste Betrugsvariante ist der Missbrauch des \/dnd-Befehls. Detailliertes hierzu wird im Kapitel <a href=\"http:\/\/diablo2.ingame.de\/hilfe\/hackfaq\/hack01.php\" target=\"_blank\" rel=\"noopener\">Account &#8222;gehackt&#8220;<\/a> beschrieben.<\/p>\n<p>In einer Variante k\u00f6nnte der Betr\u00fcger Dich auch dazu auffordern, ihm ein beliebiges Passwort zu nennen, welches er dem zu verschenkenden Account verpassen soll, damit Du dich gleich mit diesem Passwort und dem neuen Account einloggen kannst. Unn\u00f6tig zu erw\u00e4hnen, dass dieser Account \u00fcberhaupt nicht existiert. Der Betr\u00fcger hofft lediglich darauf, dass das von Dir genannte Passwort mit dem deines aktuellen Accounts \u00fcbereinstimmt. Warst Du tats\u00e4chlich so leichtsinnig, wird der Betr\u00fcger im Handumdrehen Dein Passwort \u00e4ndern und Deinen Account auspl\u00fcndern. Deinen Account kennt er ja bereits, seit du das Spiel betreten hast.<\/p>\n<p>Eine weitere Variante wird in den Channels &#8222;gespielt&#8220;. Jemand fordert dich auf, einen bestimmten Channel zu betreten, wenn du einen Account geschenkt bekommen m\u00f6chtest. Du betrittst den Channel und der Betr\u00fcger fordert dich mit einem beliebigen Vorwand dazu auf, in deinem Profil dein Passwort zu schreiben und auf OK zu klicken. Wenn du dem nachkommst, ist es bereits zu sp\u00e4t, denn jeder kann in deinem Profil lesen. Der Betr\u00fcger gelangt so auf leichte Weise an dein Passwort.<br \/>\nOft steht dem Betr\u00fcger noch ein Helfer bei, der ebenfalls vorgibt, einen Account geschenkt haben zu wollen. Seine Aufgabe ist es aber lediglich, dich in Sicherheit zu wiegen. Der Betr\u00fcger spielt meist ein kleines Fragespielchen oder sonst etwas, in dem du als Gewinner hervorgehen wirst. Schlie\u00dflich sollst du deinen Account verlieren.<\/p>\n<p><center><span style=\"color:orange!important\"><b><u>Schutz<\/u><\/b><br \/>\n\t<br \/>\nSolche Spiele einfach meiden und gebe niemals dein Passwort aus der Hand und wie auch immer der Betrug im Channel variiert wird, schreibe niemals dein Passwort in dein Profil hinein, denn jeder kann Dein Profil einsehen und das Passwort dann lesen.<\/span><\/center><br \/>\n\t<\/p>\n<p><\/p>\n<p align=\"center\"><a href=\"\/hilfe\/hackfaq\/hack02\/\">[zur\u00fcck]<\/a> &#8211; <a href=\"#top\">[nach oben]<\/a> &#8211; <a href=\"\/hilfe\/hackfaq\/hack04\/\">[weiter]<\/a><\/p>\n","protected":false},"excerpt":{"rendered":"<p>Im BNet tummeln sich immer wieder Spiele\/Spieler herum, die man am besten gleich ignoriert. Nachfolgend wird kurz beschrieben, was in diesen Spielen vor sich geht und die Spieler bezwecken. &#8222;O gheeds N gold&#8220; &#8222;I dupe 4 you&#8220; &#8222;free maphack&#8220; &#8222;I give free acc&#8220; &#8222;O gheeds N gold&#8220; Abgesehen von Gheeds kann auch ein Anni, eine&hellip; <a class=\"more-link\" href=\"https:\/\/planetdiablo.eu\/de\/hilfe\/hackfaq\/hack03\/\"><span class=\"screen-reader-text\">Diablo 2 Hack-FAQ &#8211; Die &quot;Wohlt\u00e4ter&quot;<\/span> weiterlesen<\/a><\/p>\n","protected":false},"author":748,"featured_media":0,"parent":561049,"menu_order":0,"comment_status":"open","ping_status":"open","template":"","meta":{"footnotes":""},"class_list":["post-561073","page","type-page","status-publish","hentry","entry"],"_links":{"self":[{"href":"https:\/\/planetdiablo.eu\/de\/wp-json\/wp\/v2\/pages\/561073","targetHints":{"allow":["GET"]}}],"collection":[{"href":"https:\/\/planetdiablo.eu\/de\/wp-json\/wp\/v2\/pages"}],"about":[{"href":"https:\/\/planetdiablo.eu\/de\/wp-json\/wp\/v2\/types\/page"}],"author":[{"embeddable":true,"href":"https:\/\/planetdiablo.eu\/de\/wp-json\/wp\/v2\/users\/748"}],"replies":[{"embeddable":true,"href":"https:\/\/planetdiablo.eu\/de\/wp-json\/wp\/v2\/comments?post=561073"}],"version-history":[{"count":0,"href":"https:\/\/planetdiablo.eu\/de\/wp-json\/wp\/v2\/pages\/561073\/revisions"}],"up":[{"embeddable":true,"href":"https:\/\/planetdiablo.eu\/de\/wp-json\/wp\/v2\/pages\/561049"}],"wp:attachment":[{"href":"https:\/\/planetdiablo.eu\/de\/wp-json\/wp\/v2\/media?parent=561073"}],"curies":[{"name":"wp","href":"https:\/\/api.w.org\/{rel}","templated":true}]}}