{"id":561113,"date":"2014-08-27T03:28:40","date_gmt":"2014-08-27T01:28:40","guid":{"rendered":"http:\/\/diablo3.ingame.de\/?page_id=561113"},"modified":"2022-03-01T11:53:30","modified_gmt":"2022-03-01T09:53:30","slug":"seasons","status":"publish","type":"page","link":"https:\/\/planetdiablo.eu\/de\/diablo-3\/seasons\/","title":{"rendered":"Diablo 3 Seasons"},"content":{"rendered":"<p><img loading=\"lazy\" decoding=\"async\" class=\"alignright size-full wp-image-561749 newsimage\" src=\"http:\/\/diablo3.ingame.de\/files\/2014\/08\/Seasons-2.jpg\" alt=\"Diablo 3 Seasons\" width=\"362\" height=\"174\"><br \/>\nHier k\u00f6nnt ihr alles \u00fcber die mit Patch 2.1.0 eingef\u00fchrten <strong>Diablo 3 Seasons<\/strong> in Erfahrung bringen.<\/p>\n<h2>Inhaltsverzeichnis:<\/h2>\n<ul>\n<li><a href=\"#Seasoncharerstellen\">Seasonchar erstellen<\/a><\/li>\n<li><a href=\"#Profil\u00fcbersicht\">Profil\u00fcbersicht<\/a><\/li>\n<li><a href=\"#Bestenlisten\">Bestenlisten<\/a><\/li>\n<li><a href=\"#Seasonsnmm\">Seasons &#8230; nicht mit mir!<\/a><\/li>\n<li><a href=\"#Leveln\">Leveln<\/a><\/li>\n<li><a href=\"#Seasonreise\">Seasonreise<\/a><\/li>\n<li><a href=\"#Seasonende\">Seasonende<\/a><\/li>\n<li><a href=\"#\u00dcberblick\">Seasons im \u00dcberblick<\/a><\/li>\n<\/ul>\n<p>Die Diablo 3 Seasons bieten den Spielern die Gelegenheit, mit Ihren Charakteren in regelm\u00e4\u00dfigen Abst\u00e4nden von vorne zu beginnnen. In den Seasons m\u00fcssen die Handwerker neu ausgebildet werden, Pl\u00e4ne neu gefunden werden und auch die Truhe ist anfangs noch winzig und leer und mag vergr\u00f6\u00dfert und gef\u00fcllt werden. Auch der Goldvorrat und die Blutsplitter stehen auf 0 und die Paragonstufen m\u00fcssen neu erk\u00e4mpft werden. Die gewonnene Paragonerfahrung sowie das gesammelte Gold werden am Ende der Season auf das Konto der Nichtseasoncharaktere transferiert und gehen somit nicht verloren.<br \/>\nDie Teilnahme an den Seasons ist optional und wird durch seasonsspezifische Belohnungen in Form von Errungenschaften und speziellen Transmogrifizierungssets (f\u00fcr die Teilnahme an der Season), Portraitrahmen oder Begleiter honoriert. Wer den Wettkampf liebt, kann sich in den Bestenlisten mit anderen Spielern messen und neuen Ansporn f\u00fcr das Rennen auf Platz 1 beziehen.<br \/>\n<a name=\"Seasoncharerstellen\"><\/a><\/p>\n<h2>Seasonchar erstellen<\/h2>\n<p>&nbsp;<br \/>\nUm einen Seasonchar zu erstellen muss man beim Erstellen eines neuen Helden einen Haken in das entsprechende K\u00e4stchen setzen (\u00e4hnlich wie bei der Erstellung von HC-Chars) und schon kann es los gehen. Die Anzahl an verf\u00fcgbaren Helden wird durch die Seasons nicht erweitert. Solltet Ihr also bereits alle Charakterslots belegt haben, m\u00fc\u00dft ihr zuerst einen Charakter l\u00f6schen, um einen Seasoncharakter erstellen zu k\u00f6nnen oder einen alten Charakter reinkarnieren.<br \/>\nHat man keinen Charakterslot mehr frei oder hat man seinen Charakter so lieb gewonnen, dass man diesen mit in die Season nehmen will, kann man einen Charakter reinkarnieren.<br \/>\n<img loading=\"lazy\" decoding=\"async\" class=\"aligncenter size-medium wp-image-576316\" src=\"http:\/\/diablo3.ingame.de\/files\/2016\/10\/Reinkarnation-500x236.jpg\" alt=\"reinkarnation\" width=\"500\" height=\"236\"><br \/>\nDazu muss in der Charakterauswahl ein bestehender Charakter ausgew\u00e4hlt und der Button Reikarnation angeklickt werden.<br \/>\nNun erfolgt der Hinweis, dass der Charakter zum Seasonchar umgewandelt und auf Charakterlevel 1 zur\u00fcck gesetzt wird. Die Gegenst\u00e4nde, welche der Charakter tr\u00e4gt werden per Postsystem an Nonseason verschickt und m\u00fcssen innerhalb von 30 Tagen abgeholt werden, andernfalls werden die Gegenst\u00e4nde gel\u00f6scht.<br \/>\nNat\u00fcrlich ist es auch m\u00f6glich, einen Hardcore-Season-Char zu erstellen. Dazu einfach beide H\u00e4kchen setzen.<br \/>\n<img loading=\"lazy\" decoding=\"async\" class=\"aligncenter size-large wp-image-560921 newsimage\" src=\"http:\/\/diablo3.ingame.de\/files\/2014\/07\/PTR-Season-517x318.jpg\" alt=\"Diablo 3 Patch 2.1 PTR Season\" width=\"517\" height=\"318\"><br \/>\nOb man mit dem neu erstellten Helden nun die Kampagne durchschreitet oder direkt mit dem Adventuremode loslegt, bleibt dem Spieler selbst \u00fcberlassen. Den Zugang zum Abenteuermodus muss man nicht erneut durch das Beenden der Kampagne oder ein bestimmtes Charlevel freischalten, vorausgesetzt man hat dies bereits mit einem Nonseasonchar erledigt. Auch in der Wahl des Schwierigkeitsgrades ist man frei und kann -zumindest theoretisch- direkt mit Qual VI loslegen.<br \/>\n<a name=\"Profil\u00fcbersicht\"><\/a><\/p>\n<h2>Profil\u00fcbersicht<\/h2>\n<p>&nbsp;<br \/>\nBei der Profil\u00fcbersicht ist ein neuer Reiter hinzugekommen, welcher sich ganz den Seasons widmet. Hier werden (aufgeteilt auf die Seasons) die erreichten Paragonlevel, die Menge an gesammeltem Gold und die Seasonchars der entsprechenden Season angezeigt.<br \/>\n<a href=\"http:\/\/135.181.204.8\/wordpress\/wp-content\/uploads\/2014\/08\/Seasons-aufgelistet.jpg\"><img loading=\"lazy\" decoding=\"async\" class=\"aligncenter size-large wp-image-561759 newsimage\" src=\"http:\/\/diablo3.ingame.de\/files\/2014\/08\/Seasons-aufgelistet-517x345.jpg\" alt=\"Seasons aufgelistet\" width=\"517\" height=\"345\"><\/a><br \/>\nEbenfalls neu hinzu gekommen sind beim Karrierereiter die erreichten Rekorde. So wird z.B. angezeigt, welches das h\u00f6chste erreichte Nephalemportal ist.<br \/>\n<a href=\"http:\/\/135.181.204.8\/wordpress\/wp-content\/uploads\/2014\/08\/Karriere-Rekorde.jpg\"><img loading=\"lazy\" decoding=\"async\" class=\"aligncenter size-large wp-image-561761 newsimage\" src=\"http:\/\/diablo3.ingame.de\/files\/2014\/08\/Karriere-Rekorde-517x348.jpg\" alt=\"Karriere - Rekorde\" width=\"517\" height=\"348\"><\/a><br \/>\nUnd nat\u00fcrlich erscheinen auch die Seasonhelden beim Reiter Helden, gekennzeichnet mit einem Blatt, dem Symbol der Seasons.<br \/>\n<a href=\"http:\/\/135.181.204.8\/wordpress\/wp-content\/uploads\/2014\/08\/alle-Helden.jpg\"><img loading=\"lazy\" decoding=\"async\" class=\"aligncenter size-large wp-image-561763 newsimage\" src=\"http:\/\/diablo3.ingame.de\/files\/2014\/08\/alle-Helden-517x349.jpg\" alt=\"alle Helden\" width=\"517\" height=\"349\"><\/a><br \/>\n<a name=\"Bestenlisten\"><\/a><\/p>\n<h2>Bestenlisten<\/h2>\n<p>&nbsp;<br \/>\n\u00dcber die Bestenlisten k\u00f6nnen sich Spieler mit anderen Spielern messen. Die Bestenlisten sind unterteilt in die drei Bereiche<\/p>\n<ul>\n<li>Grosse Nephalemportale<\/li>\n<li>Saisonale Erfolge<\/li>\n<li>Errungenschaften<\/li>\n<\/ul>\n<p>F\u00fcr alle drei Bereiche kann man auch z.B. nur die Leute aus seinem Clan oder einer Community, der man angeh\u00f6rt, anzeigen lassen. So sind auch Claninterne Wettk\u00e4mpfe m\u00f6glich.<\/p>\n<h3>Grosse Nephalemportale<\/h3>\n<p>Bei der Rubrik <em>Gro\u00dfe Nephalemportale<\/em> werden, getrennt nach SC und HC, die 1000 Spieler aufgelistet, welche die Nephalemportale mit den h\u00f6chsten Stufen abgeschlossen haben.<br \/>\n<img loading=\"lazy\" decoding=\"async\" class=\"aligncenter size-large wp-image-561595 newsimage\" src=\"http:\/\/diablo3.ingame.de\/files\/2014\/08\/Grosse-Nephalemportale-517x352.jpg\" alt=\"Grosse Nephalemportale\" width=\"517\" height=\"352\"><br \/>\nJe h\u00f6her die Stufe, desto besser die Platzierung. Bei gleicher Stufe entscheidet die ben\u00f6tigte Zeit \u00fcber den genauen Platz. Diese Liste wird laufend aktuell gehalten und wer am Ende des Season das h\u00f6chste Gro\u00dfe Nephalemportal bezwungen hat, kann sich mit dem ersten Platz br\u00fcsten.<\/p>\n<h3>Saisonale Erfolge<\/h3>\n<p>Wer die meisten <em>Saisonale Erfolge<\/em> bzw. die meisten Punkte durch saisonale Erfolge sammeln konnte, wird in dieser Liste aufgef\u00fchrt.<br \/>\n<img loading=\"lazy\" decoding=\"async\" class=\"aligncenter size-large wp-image-561593 newsimage\" src=\"http:\/\/diablo3.ingame.de\/files\/2014\/08\/Saisonale-Erfolge-517x347.jpg\" alt=\"Saisonale Erfolge\" width=\"517\" height=\"347\"><br \/>\nEs ist unerheblich, wie schnell die Punkte gesammelt werden. Am Ende der Season ist nur die Summe an Punkten f\u00fcr die Platzierung entscheidend. Nur bei Punktegleichstand liegt derjenige vorne, der den Endpunktestand zuerst erreicht hat. Man kann sich somit etwas Zeit beim sammeln der Punkte lassen.<\/p>\n<h3>Errungenschaften<\/h3>\n<p>In den Seasons wird es neue, seasonexklusive Errungenschaften geben. Diese reichen von &#8222;Bezwinge Mathael auf Stufe 70 und Qual VI&#8220; bis &#8222;Schlie\u00dfe Akt I-V auf Maximalstufe in unter 1 Stunde ab&#8220; und sollen unterschiedliche Spieler mit unterschiedlichen Spielstilen die M\u00f6glichkeit geben, in ihrem Gebiet zu gl\u00e4nzen. Ebenso sollen die Errungenschaften dazu dienen, Spieler dazu zu bringen, andere Spielstile auszuprobieren.<br \/>\n<img loading=\"lazy\" decoding=\"async\" class=\"aligncenter size-large wp-image-561597 newsimage\" src=\"http:\/\/diablo3.ingame.de\/files\/2014\/08\/Errungenschaften-517x352.jpg\" alt=\"Errungenschaften\" width=\"517\" height=\"352\"><br \/>\nBei den Errungenschaften werden die ersten 1000 Spieler (inklusive eines Zeitstempels) aufgelistet, welche die entsprechenden Errungenschaften als erstes erreicht haben. Hier ist also Eile angesagt, wenn man in einer der Listen verweigt werden will.<br \/>\n<a name=\"Seasonsnmm\"><\/a><\/p>\n<h2>Seasons &#8230; nicht mit mir!<\/h2>\n<p>&nbsp;<br \/>\nWer keine Lust darauf hat von vorne anzufangen, oder wem die Zeit fehlt, um innerhalb einer Season neue Charaktere hoch zu ziehen, profitiert ebenfalls von den Seasons. Denn nach dem Ende einer Diablo 3 Season werden deren seasonspezifische legend\u00e4re Gegenst\u00e4nde in den Nonseason-Droppool \u00fcbernommen. Die Teilnahme an den Seasons ist nicht verpflichtend. Man kann auch weiterhin mit seinen altbew\u00e4hrten Helden gegen die Schergen antreten und hat auch hier die M\u00f6glichkeit, sich \u00fcber die Bestenlisten mit anderen Leuten zu messen.<br \/>\nInzwischen gibt es keine seasonspezifischen Gegenst\u00e4nde mehr, aber wer wei\u00df, was die Zukunft bringt.<br \/>\n<a name=\"Leveln\"><\/a><\/p>\n<h2>Leveln<\/h2>\n<p>&nbsp;<br \/>\n<img loading=\"lazy\" decoding=\"async\" class=\"alignright size-full wp-image-561683 newsimage\" src=\"http:\/\/135.181.204.8\/wordpress\/wp-content\/uploads\/2014\/08\/Season-Lvl70.jpg\" alt=\"Season Lvl70\" width=\"237\" height=\"363\"><br \/>\nWer bei einer Season von Anfang an vorne dabei sein will und keinen Bekannten hat, der einen ziehen kann, sollte sich schnell eine Strategie zurecht legen, mit der man m\u00f6glichst flott auf Level 70 gelangen kann, wo f\u00fcr viele Spieler das Spiel erst richtig anf\u00e4ngt. Erfahrungsgem\u00e4\u00df kommt man mit folgendem Vorgehen in ca. 8 Stunden solo von 0 auf Level 70, wer es schneller angehen will sollte unseren sehr ausf\u00fchrlichen <a href=\"http:\/\/diablo3.ingame.de\/diablo-3\/diablo-3-leveling-guide\/\" target=\"_blank\" rel=\"noopener noreferrer\">Diablo 3 Leveling Guide lesen:<\/a><br \/>\nIn Summe erh\u00e4lt man am schnellsten durch das Abschlie\u00dfen von Bounties Erfahrung. Hier sollte man Bounties w\u00e4hlen, bei denen man viele Gegner t\u00f6ten muss, da man so nebenher noch Erfahrung von den Monstern erh\u00e4lt.<\/p>\n<ul>\n<li>Level 01-30: Starten auf Schwer (haupts\u00e4chlich auf viel Schaden achten)<\/li>\n<li>Level 31-50: Erh\u00f6hen auf Qual 1 (durch gro\u00dfen Ansprung an ausgeteiltem Schaden (Waffen + Skillauswahl) m\u00f6glich)<\/li>\n<li>Level 51-60: Eventuell auf Schwer zur\u00fcck (je nach Ausr\u00fcstungsstand)<\/li>\n<li>Level 61-65: Wieder auf Torment oder zumindest Meister (je nach Ausr\u00fcstungsstand)<\/li>\n<li>Level 65-70: Langsam wieder zur\u00fcck auf Meister oder Profi (wieder je nach Ausr\u00fcstungsstand)<\/li>\n<\/ul>\n<p>Alternativ kann man bestimmte Bounties auf Qual VI farmen. Diese Quests sind z.B.:<\/p>\n<ul>\n<li>Akt 1 &#8211; Cemetery of the Forsaken &#8211; Jar of Souls<\/li>\n<li>Akt 1 &#8211; Cemetery of the Forsaken &#8211; The Matriarch&#8217;s Bones<\/li>\n<li>Akt 2 &#8211; Howling Plateau &#8211; A Miner&#8217;s Gold<\/li>\n<li>Akt 5 &#8211; Westmarch Commons &#8211; The Miser&#8217;s Will<\/li>\n<\/ul>\n<p>Die Monster l\u00e4sst man einfach stehen und konzentriert sich auf das Abschlie\u00dfen der Quest. Somit ist es ratsam, die Z\u00e4higkeit m\u00f6glichst hoch zu halten, um nicht bei jedem zweiten Gegner zu Boden zu gehen. F\u00e4higkeiten wie <a href=\"http:\/\/eu.battle.net\/d3\/en\/class\/wizard\/active\/teleport\" target=\"_blank\" rel=\"noopener noreferrer\">Teleport<\/a> beim Wizzard oder <a href=\"http:\/\/eu.battle.net\/d3\/de\/class\/barbarian\/active\/leap\" target=\"_blank\" rel=\"noopener noreferrer\">Sprung<\/a> beim Barbaren helfen, blockierende Gegner zu \u00fcberwinden, CC-F\u00e4higkeiten wie <a href=\"http:\/\/eu.battle.net\/d3\/en\/class\/wizard\/active\/frost-nova\" target=\"_blank\" rel=\"noopener noreferrer\">Frost Nova<\/a> oder <a href=\"http:\/\/eu.battle.net\/d3\/de\/class\/barbarian\/active\/ground-stomp\" target=\"_blank\" rel=\"noopener noreferrer\">Aufstampfen<\/a> k\u00f6nnen f\u00fcr eine kurze Verschnaufpause sorgen.<br \/>\nDie Bounties muss man nicht abschlie\u00dfen, die Erfahrung der Quest alleine reicht aus.<br \/>\nHier hat Blizzard jedoch gegengesteuert und das Auftreten der Quests als Bounties reduziert oder Elitemobs in die entsprechenden Gebiete gepflanzt.<br \/>\nNat\u00fcrlich gibt es noch weitere M\u00f6glichkeiten, den Erfahrungsbalken schneller nach rechts springen zu lassen. So kann die Erfahrungsausbeute durch Splitbounties oder den Erfahrungsbonus durch das Spielen zusammen mit anderen Nephalem weiter nach oben geschraubt werden.<br \/>\nUnd mit der Zeit werden sich sicher noch weitere Wege zeigen, wie man bei einer Season ganz schnell ganz vorne mitmischen kann.<br \/>\n<a name=\"Seasonreise\"><\/a><\/p>\n<h2>Seasonreise<\/h2>\n<p>Die Seasonreise bietet den Spielern jede Season aufs neue die M\u00f6glichkeit, verschiedene Aufgaben zu meistern und als Belohnung z.B. Portraitrahmen oder sogar weitere (bis zu 4 zus\u00e4tzliche) Truhenf\u00e4cher zu erhalten.<br \/>\nDie Seasonreise besteht aus 4 Etappen und anschlie\u00dfend 5 weiteren Stufen (Schl\u00e4chter, Champion, Zerst\u00f6rer, Eroberer und W\u00e4chter), die es zu meistern gilt.<br \/>\nIn den ersten 4 Etappen m\u00fcssen eher einfache Aufgaben gemeistert werden. Dazu z\u00e4hlen z.B. das Leveln eines Chars auf Stufe 70 oder das Entziehen einer legend\u00e4ren Eigenschaft mit Kanais W\u00fcrfel.<br \/>\nNach dem Abschluss von Etappe II, III und IV erh\u00e4lt man je ein Beutelchen, das 2 oder mehr Setgegenst\u00e4nde enth\u00e4lt. Welches Set h\u00e4ngt davon ab, mit welcher Klasse man den Beutel \u00f6ffnet und welches Set in der aktuellen Season f\u00fcr die jeweiligen Klassen aktiv ist.<br \/>\nNach Abschluss von Etappe IV erh\u00e4lt man zus\u00e4tzlich kosmetische Belohungen wie Portraitrahmen, Gef\u00e4hrten, Flaggen o.\u00e4.:<br \/>\n<a href=\"http:\/\/diablo3.ingame.de\/files\/2017\/09\/Etappe-IV.jpg\"><img loading=\"lazy\" decoding=\"async\" class=\"aligncenter size-large wp-image-578709\" src=\"http:\/\/diablo3.ingame.de\/files\/2017\/09\/Etappe-IV-680x462.jpg\" alt=\"\" width=\"680\" height=\"462\"><\/a><br \/>\nNach dem Abschluss der Stufe Eroberer, kann man ein zus\u00e4tzliches Truhenfach freischalten:<br \/>\n<img loading=\"lazy\" decoding=\"async\" class=\"aligncenter size-full wp-image-578708\" src=\"http:\/\/diablo3.ingame.de\/files\/2017\/09\/Beutetruhenfach.jpg\" alt=\"\" width=\"380\" height=\"204\">Auf diese Weise k\u00f6nnen in den Seasons 4 Truhenf\u00e4cher frei geschalten werden. Erreicht man in einer Season den Abschluss von Eroberer nicht, kann man dieses in der darauffolgenden Season nachholen.<br \/>\nWer es dann noch genau wissen will, kann noch die letzte Stufe meistern und damit die Seasonreise abschlie\u00dfen. Hier werden die Anforderungen nochmals nach oben geschraubt. Hat man diese ebenfalls abgearbeitet, ist die Seasonreise abgeschlossen:<br \/>\n<a href=\"http:\/\/diablo3.ingame.de\/files\/2017\/09\/W\u00e4chter.jpg\"><img loading=\"lazy\" decoding=\"async\" class=\"aligncenter size-large wp-image-578710\" src=\"http:\/\/diablo3.ingame.de\/files\/2017\/09\/W\u00e4chter-680x462.jpg\" alt=\"\" width=\"680\" height=\"462\"><\/a>F\u00fcr Profispieler stellen diese Aufgaben keine Probleme dar. Wer jedoch nur ab und an mal in den Kampf gegen die b\u00f6sen M\u00e4chte zieht, hat mit der ein oder anderen Aufgabe zu k\u00e4mpfen.<br \/>\n&nbsp;<br \/>\n<a name=\"Seasonende\"><\/a><\/p>\n<h2>Seasonende<\/h2>\n<p>&nbsp;<br \/>\nNach Ende einer Season werden eure Seasonhelden zu Nonseasonhelden konvertiert. Aus den Seasonhelden werden somit Nonseasonhelden, welche nicht an der n\u00e4chsten Season teilnehmen k\u00f6nnen. Durch Seasonchars ist es nicht m\u00f6glich, die Anzahl an Charslots (bei einer normalen RoS-Version sind dies 12 St\u00fcck) zu erh\u00f6hen, da man beim Erstellen des Seasonchars einen verf\u00fcgbaren Slot belegt.<br \/>\nDie Ausr\u00fcstung, Gold, Paragonerfahrung sowie Handwerksmaterialien und die w\u00e4hrend der Season gefundenen Pl\u00e4ne und Rezepte bleiben erhalten.<br \/>\nEbenfalls \u00fcbernommen werden Handwerkerstufen und Beutetruhenerweiterungen. Solltet ihr in Nonseason den Schmied erst auf Stufe 3 gelevelt haben und w\u00e4hrend der Season erreicht euer Schmied Stufe 10, dann wird nach dem Ende der Season euer Nonseasonschmied ebenfalls Stufe 10 haben.<br \/>\nAuch Errungenschaften, welche ihr w\u00e4hrend der Season erreicht, werden auch bei den Nonseasonerrungenschaften abgehakt.<br \/>\nZu guter Letzt bleiben euch auch die Gegenst\u00e4nde aus eurer Seasontruhe nach Ende der Season erhalten. Diese erhaltet ihr auf dem Postweg zugeschickt und habt nach Ende der Season 30 Tage Zeit diese in eure Truhe zu transferieren. Nach Ablauf der 30 Tage werden nicht abgeholte Gegenst\u00e4nde gel\u00f6scht.<br \/>\nAbrufen k\u00f6nnt ihr die Items, indem ihr ingame das Briefsymbol unten links anklickt.<br \/>\n<img loading=\"lazy\" decoding=\"async\" class=\"aligncenter size-large wp-image-561795 newsimage\" src=\"http:\/\/diablo3.ingame.de\/files\/2014\/08\/Gegenst\u00e4nde-transferieren-1-517x413.jpg\" alt=\"Gegenst\u00e4nde transferieren 1\" width=\"387\" height=\"309\"><br \/>\n<img loading=\"lazy\" decoding=\"async\" class=\"aligncenter size-large wp-image-561793 newsimage\" src=\"http:\/\/diablo3.ingame.de\/files\/2014\/08\/Gegenst\u00e4nde-transferieren-2-517x1002.jpg\" alt=\"Gegenst\u00e4nde transferieren 2\" width=\"517\" height=\"1002\"><br \/>\nDie Gegenst\u00e4nde werden dann ins Inventar eures aktuellen Chars gelegt (und nicht direkt in die Truhe).<br \/>\n<a name=\"\u00dcberblick\"><\/a><\/p>\n<h2>Seasons im \u00dcberblick<\/h2>\n<p>&nbsp;<\/p>\n<ul>\n<li><a href=\"http:\/\/diablo3.ingame.de\/diablo-3\/seasons\/season-1\/\">Season 1 (29.08.2014-04.02.2015)<\/a><\/li>\n<li><a href=\"http:\/\/diablo3.ingame.de\/diablo-3\/seasons\/season-2\/\">Season 2 (13.02.2015-05.04.2015)<\/a><\/li>\n<li><a href=\"http:\/\/diablo3.ingame.de\/diablo-3\/seasons\/season-3\/\">Season 3 (10.04.2015-23.08.2015)<\/a><\/li>\n<li><a href=\"http:\/\/diablo3.ingame.de\/diablo-3\/seasons\/season-4\/\" target=\"_blank\" rel=\"noopener noreferrer\">Season 4 (28.08.2015-30.12.2015)<\/a><\/li>\n<li>Season 5 (15.01.2016-15.04.2016)<\/li>\n<li>Season 6 (29.04.2016-22.07.2016)<\/li>\n<li>Season 7 (05.08.2016-14.10.2016)<\/li>\n<li>Season 8 (21.10.2016-30.12.2016)<\/li>\n<li>Season 9 (06.01.2017-17.03.2017)<\/li>\n<li>Season 10 (31.03.2017-23.06.2017)<\/li>\n<li>Season 11 (20.07.2017-20.10.2017)<\/li>\n<li>Season 12 (09.11.2017-11.02.2018)<\/li>\n<li>Season 13 (23.02.2018-03.06.2018)<\/li>\n<li>Season 14 (15.06.2018-16.09.2018)<\/li>\n<li>Season 15 (21.09.2018-06.01.2019)<\/li>\n<li>Season 16 (18.01.2019-12.05.2019)<\/li>\n<li>Season 17 (17.05.2019-18.08.2019)<\/li>\n<li>Season 18 (23.08.2019-10.11.2019)<\/li>\n<li>Season 19 (22.011.2019-01.03.2020)<\/li>\n<li>Season 20 (13.03.2020-21.06.2020)<\/li>\n<li>Season 21 (03.07.2020-08.11.2020)<\/li>\n<li>Season 22 (20.11.2020-??.??.2021)<\/li>\n<\/ul>\n<p>Stand: 01.04.2020<\/p>\n","protected":false},"excerpt":{"rendered":"<p>Hier k\u00f6nnt ihr alles \u00fcber die mit Patch 2.1.0 eingef\u00fchrten Diablo 3 Seasons in Erfahrung bringen. Inhaltsverzeichnis: Seasonchar erstellen Profil\u00fcbersicht Bestenlisten Seasons &#8230; nicht mit mir! Leveln Seasonreise Seasonende Seasons im \u00dcberblick Die Diablo 3 Seasons bieten den Spielern die Gelegenheit, mit Ihren Charakteren in regelm\u00e4\u00dfigen Abst\u00e4nden von vorne zu beginnnen. In den Seasons m\u00fcssen&hellip; <a class=\"more-link\" href=\"https:\/\/planetdiablo.eu\/de\/diablo-3\/seasons\/\"><span class=\"screen-reader-text\">Diablo 3 Seasons<\/span> weiterlesen<\/a><\/p>\n","protected":false},"author":847,"featured_media":561749,"parent":47,"menu_order":25,"comment_status":"closed","ping_status":"open","template":"","meta":{"footnotes":""},"class_list":["post-561113","page","type-page","status-publish","has-post-thumbnail","hentry","entry"],"_links":{"self":[{"href":"https:\/\/planetdiablo.eu\/de\/wp-json\/wp\/v2\/pages\/561113","targetHints":{"allow":["GET"]}}],"collection":[{"href":"https:\/\/planetdiablo.eu\/de\/wp-json\/wp\/v2\/pages"}],"about":[{"href":"https:\/\/planetdiablo.eu\/de\/wp-json\/wp\/v2\/types\/page"}],"author":[{"embeddable":true,"href":"https:\/\/planetdiablo.eu\/de\/wp-json\/wp\/v2\/users\/847"}],"replies":[{"embeddable":true,"href":"https:\/\/planetdiablo.eu\/de\/wp-json\/wp\/v2\/comments?post=561113"}],"version-history":[{"count":1,"href":"https:\/\/planetdiablo.eu\/de\/wp-json\/wp\/v2\/pages\/561113\/revisions"}],"predecessor-version":[{"id":585252,"href":"https:\/\/planetdiablo.eu\/de\/wp-json\/wp\/v2\/pages\/561113\/revisions\/585252"}],"up":[{"embeddable":true,"href":"https:\/\/planetdiablo.eu\/de\/wp-json\/wp\/v2\/pages\/47"}],"wp:featuredmedia":[{"embeddable":true,"href":"https:\/\/planetdiablo.eu\/de\/wp-json\/wp\/v2\/media\/561749"}],"wp:attachment":[{"href":"https:\/\/planetdiablo.eu\/de\/wp-json\/wp\/v2\/media?parent=561113"}],"curies":[{"name":"wp","href":"https:\/\/api.w.org\/{rel}","templated":true}]}}