{"id":561117,"date":"2014-08-27T10:29:17","date_gmt":"2014-08-27T08:29:17","guid":{"rendered":"http:\/\/diablo3.ingame.de\/?page_id=561117"},"modified":"2021-04-14T08:20:49","modified_gmt":"2021-04-14T07:20:49","slug":"greater-rifts","status":"publish","type":"page","link":"https:\/\/planetdiablo.eu\/de\/diablo-3\/greater-rifts\/","title":{"rendered":"Diablo 3 &#8211; Greater Rifts"},"content":{"rendered":"<p>Mit Patch 2.1.0 hielten Greater Rifts \/ Gro\u00dfe Nephalemportale Einzug in die Welt von Diablo 3. Durch die Greater Rifts (oder kurz Grifts) kann man seine Chars an die Grenzen f\u00fchren und sich mit anderen Spielern vergleichen. Im Gegensatz zu den normalen Rifts k\u00e4mpft man bei den Greater Rifts nicht nur gegen Horden an Monstern und einen Riftw\u00e4chter, sondern auch gegen die Zeit. Denn nur wer die Herausforderung in der vorgegebenen Zeit meistert, kann zur n\u00e4chst h\u00f6heren Stufe aufsteigen.<\/p>\n<h2>Inhaltsverzeichnis:<\/h2>\n<ul>\n<li><a href=\"#K1\">Schl\u00fcsselstein ergattern<\/a><\/li>\n<li><a href=\"#K2\">Gro\u00dfes Nephalemportal betreten<\/a><\/li>\n<li><a href=\"#K3\">Gro\u00dfes Nephalemportal bestreiten<\/a><\/li>\n<li><a href=\"#K4\">Legend\u00e4re Edelsteine<\/a><\/li>\n<li><a href=\"#K5\">Urshi<\/a><\/li>\n<li><a href=\"#K6\">Riftfortschritt<\/a><\/li>\n<\/ul>\n<p><a name=\"K1\"><\/a><\/p>\n<h2>Schl\u00fcsselstein ergattern<\/h2>\n<p>&nbsp;<br \/>\nUm ein Greater Rift betreten zu k\u00f6nnen, ben\u00f6tigt man zuerst einen <em>Gro\u00dfen Portalschl\u00fcssel<\/em>. Diesen kann man von einem Riftw\u00e4chter der normalen Rifts erlangen. Voraussetzung daf\u00fcr ist, dass ihr mit einem Char der Stufe 70 und mindestens auf Schwierigkeitsstufe Qual 1 spielt.<br \/>\n<img loading=\"lazy\" decoding=\"async\" class=\"aligncenter size-full wp-image-576888\" src=\"http:\/\/diablo3.ingame.de\/files\/2016\/12\/Grosser-Portalschl\u00fcssel.jpg\" alt=\"\" width=\"402\" height=\"296\"><br \/>\n<a name=\"K2\"><\/a><\/p>\n<h2>Gro\u00dfes Nephalemportal betreten<\/h2>\n<p>&nbsp;<br \/>\nDen gro\u00dfen Portalschl\u00fcssel k\u00f6nnt ihr nun f\u00fcr ein Gro\u00dfens Nephalemportal \/ Greater Rift verwenden. Dazu geht ihr wieder zum Obelisken in der Stadt und klickt diesen an.<br \/>\n<a href=\"http:\/\/diablo3.ingame.de\/files\/2016\/12\/Portalwahl.jpg\"><img loading=\"lazy\" decoding=\"async\" class=\"aligncenter size-thumbnail wp-image-576891\" src=\"http:\/\/diablo3.ingame.de\/files\/2016\/12\/Portalwahl-220x440.jpg\" alt=\"\" width=\"220\" height=\"440\"><\/a><br \/>\nNun k\u00f6nnt ihr erneut ein &#8222;normales&#8220; Nephalemportal starten&#8230;<br \/>\n<a href=\"http:\/\/diablo3.ingame.de\/files\/2016\/12\/Nephalemportal.jpg\"><img loading=\"lazy\" decoding=\"async\" class=\"aligncenter size-thumbnail wp-image-576890\" src=\"http:\/\/diablo3.ingame.de\/files\/2016\/12\/Nephalemportal-220x440.jpg\" alt=\"\" width=\"220\" height=\"440\"><\/a><br \/>\n&#8230; oder ein Gro\u00dfes Nephalemportal&#8230;<br \/>\n<a href=\"http:\/\/diablo3.ingame.de\/files\/2016\/12\/Grosses-Nephalemportal.jpg\"><img loading=\"lazy\" decoding=\"async\" class=\"aligncenter size-thumbnail wp-image-576889\" src=\"http:\/\/diablo3.ingame.de\/files\/2016\/12\/Grosses-Nephalemportal-220x440.jpg\" alt=\"\" width=\"220\" height=\"440\"><\/a><br \/>\nBeim gro\u00dfen Nephalemportal k\u00f6nnt ihr die Stufe im Dropdownmen\u00fc ausw\u00e4hlen. Die Stufenauswahl ist nach oben hin begrenzt durch die Stufen, die ihr bereits erfolgreich absolviert habt und zus\u00e4tzlich 1-2 Stufen.<br \/>\n<a href=\"http:\/\/diablo3.ingame.de\/files\/2016\/12\/Stufenwahl.jpg\"><img loading=\"lazy\" decoding=\"async\" class=\"aligncenter size-thumbnail wp-image-576892\" src=\"http:\/\/diablo3.ingame.de\/files\/2016\/12\/Stufenwahl-220x440.jpg\" alt=\"\" width=\"220\" height=\"440\"><\/a><br \/>\nFalls ihr bereit seid, ein bisschen Gold f\u00fcr eine zus\u00e4tzliche Aufwertung eines legend\u00e4ren Edelsteins nach erfolgreichem Abschluss des Gro\u00dfen Nephalemportals auszugeben, k\u00f6nnt ihr dies \u00fcber die Checkbox &#8222;Aufgewertetes Nephalemportal&#8220; tun. Unten auf dem Annehmenbutton wird angezeigt, wie viel Gold euch das kosten wird. Mit h\u00f6heren Stufen des Gro\u00dfen Nephalemportals, steigt der Goldbetrag an.<br \/>\n<a href=\"http:\/\/diablo3.ingame.de\/files\/2016\/12\/Aufgewertetes-Nephalemportal.jpg\"><img loading=\"lazy\" decoding=\"async\" class=\"aligncenter size-thumbnail wp-image-576887\" src=\"http:\/\/diablo3.ingame.de\/files\/2016\/12\/Aufgewertetes-Nephalemportal-220x440.jpg\" alt=\"\" width=\"220\" height=\"440\"><\/a><br \/>\nNun noch mit Annehmen best\u00e4tigen und ihr werdet direkt ins Gefecht teleportiert.<br \/>\nDrei Dinge m\u00fcsst ihr dabei beachten:<\/p>\n<ul>\n<li>Ihr werden, nachdem ihr auf Annehmen geklickt habt, direkt ins Nephalemportal teleportiert. Dort k\u00f6nnt ihr eure Ausr\u00fcstung nicht mehr ver\u00e4ndern und auch die F\u00e4higkeiten k\u00f6nnen w\u00e4hrend des Nephalemportals nicht ver\u00e4ndert werden.<\/li>\n<li>Solltet ihr in einer Party unterwegs sein, ben\u00f6tigt jeder Mitspieler ebenfalls einen Portalstein, um am Go\u00dfen Nephalemportal teilnehmen zu k\u00f6nnen.<\/li>\n<li>Der eingestellte Schwierigkeitsgrad hat keinen Einfluss auf die Schwierigkeit des Go\u00dfen Nephalemportals.<\/li>\n<\/ul>\n<p>Den HC-Spielern sei noch gesagt, dass ein Tod w\u00e4hrend des Nephalemportals \/ Greater Rifts zum permanenten Tod des Chars f\u00fchrt. \u00dcbernehmt euch also nicht!<br \/>\n<a name=\"K3\"><\/a><\/p>\n<h2>Gro\u00dfes Nephalemportal bestreiten<\/h2>\n<p>&nbsp;<br \/>\nNun habt ihr maximal 15 Minuten Zeit, ausreichend Gegner zu eliminieren (damit der Riftboss erscheint) und den Riftboss zu besiegen. Die Fortschrittsanzeige unterscheidet sich leicht von der Anzeige normaler Rifts. Zum einen wird durch das Sanduhrsymbol angezeigt, wie viel der 15 Minuten bereits verstrichen sind, zum anderen wird angezeigt, wie viel Prozent ihr bereits bis zum Erscheinen des Riftbosses erreicht habt.<br \/>\n<img loading=\"lazy\" decoding=\"async\" class=\"size-large wp-image-561716 newsimage aligncenter\" src=\"http:\/\/diablo3.ingame.de\/files\/2014\/08\/Greater-Rift-Progress-517x323.jpg\" alt=\"Diablo 3 Greater Rift Progress\" width=\"517\" height=\"323\"><br \/>\nJe nachdem, wie viel Z\u00e4higkeit die besiegten Gegner aufweisen, wird euer Fortschrittsbalken nach und nach gef\u00fcllt. Zus\u00e4tzlich erhaltet ihr nach dem Besiegen von Elitegegnern sogenannte Progression Orbs (lila), welche euch extra Fortschritt gew\u00e4hren. Auf Beute wartet ihr bei den Gegnern vergebens. Um sich auf das schnelle Abschlie\u00dfen des Greater Rifts zu konzentrieren, f\u00e4llt erst nach dem Besiegen des Riftbosses Beute. So seid ihr nicht dauernd durch diese Sternchen auf der Karte abgelenkt.<br \/>\n<img loading=\"lazy\" decoding=\"async\" class=\"size-large wp-image-561724 newsimage aligncenter\" src=\"http:\/\/diablo3.ingame.de\/files\/2014\/08\/Progression-Orbs-517x323.jpg\" alt=\"Diablo 3 Greater Rifts Progression Orbs\" width=\"517\" height=\"323\"><br \/>\nEbenfalls hilfreich f\u00fcr das schnelle Erreichen des Ziels sind Pylone. Bis zu vier unterschiedliche davon k\u00f6nnen beim Bestreiten des Grifts auftauchen. Normale Schreine hingegen k\u00f6nnen in den Greater Rifts nicht gefunden werden.<br \/>\nBei 100% angekommen erscheint (wie in normalen Rifts) der Riftboss, den es zu besiegen gilt, und alle anderen Gegner werden aus dem Rift entfernt. Auch der Riftboss muss innerhalb der 15 Minuten besiegt werden, um das Greater Rift erfolgreich zu beenden. Nach dem Sieg erhaltet ihr die verdiente Belohnung und Urshi, ein NPC, erscheint. Dazu mehr in einem sp\u00e4teren Kapitel. Bei der Belohnung k\u00f6nnen unter anderem Legend\u00e4re Edelsteine vorhanden sein. Mehr dazu im n\u00e4chsten Kapitel.<br \/>\nAuch wenn die Zeit vor dem Besiegen des Riftbosses abgelaufen ist, lohnt es sich weiter zu machen. Ihr erhaltet trotzdem den Drop des Riftbosses als Belohnung und Urshi erscheint auch in diesem Fall, gew\u00e4hrt jedoch kein Upgrade eines Legend\u00e4ren Edelsteins.<br \/>\nDer Tod ist f\u00fcr HC-Spieler auch in den Greater Rifts endg\u00fcltig. W\u00e4hlt also mit Bedacht, bis auf welche Stufe ihr euch wagt, um eure Helden nicht zu gef\u00e4hrden.<br \/>\nF\u00fcr SC-Spieler gilt, dass man nach dem Tod nur am letzten Speicherpunkt oder direkt bei der Leiche wiederauferstehen kann, nicht jedoch in der Stadt.<br \/>\nBeim ersten Tod kann man direkt wiederauferstehen und weiter k\u00e4mpfen, bei den weiteren Toden werden nach und nach mehr Sekunden pro Tod von der verbleibenden Zeit abgezogen. 5 Sekunden nach dem zweiten Tod, 10 Sekunden nach dem dritten Tod, 15 Sekunden nach dem vierten Tod und so weiter bis zu einem Cap von 30 Sekunden.<br \/>\nEin nachtr\u00e4gliches Betreten eines Greater Rifts ist nicht m\u00f6glich (z.B. durch teleportieren \u00fcber das Spielerbanner in der Stadt). Daher immer erst warten, bis die Party komplett ist.<br \/>\n<a name=\"K4\"><\/a><\/p>\n<h2>Legend\u00e4re Edelsteine<\/h2>\n<p>&nbsp;<br \/>\nLegend\u00e4re Edelsteine k\u00f6nnen (bis auf 2 Ausnahmen) nur durch das Abschlie\u00dfen von Greater Rifts erhalten werden. Sie k\u00f6nnen in gesockelte Ringe oder Amulette eingesetzt werden und bieten jeweils 2 besondere F\u00e4higkeiten. Die erste F\u00e4higkeit ist direkt verf\u00fcgbar, die zweite wird erst ab Stufe 25 des Edelsteines freigeschalten. Hier schon mal drei Beispiele solcher Edelsteine:<br \/>\n<img loading=\"lazy\" decoding=\"async\" class=\"size-full wp-image-561726 aligncenter\" src=\"http:\/\/diablo3.ingame.de\/files\/2014\/08\/Taeguk.jpg\" alt=\"Taeguk\" width=\"474\" height=\"464\"><br \/>\n<img loading=\"lazy\" decoding=\"async\" class=\"size-full wp-image-561706 aligncenter\" src=\"http:\/\/135.181.204.8\/wordpress\/wp-content\/uploads\/2014\/08\/Bane-of-the-Trapped.jpg\" alt=\"Bane of the Trapped\" width=\"474\" height=\"463\"><br \/>\n<img loading=\"lazy\" decoding=\"async\" class=\"size-full wp-image-561708 aligncenter\" src=\"http:\/\/135.181.204.8\/wordpress\/wp-content\/uploads\/2014\/08\/Gem-of-Efficacious-toxin.jpg\" alt=\"Diablo 3 Gem of Efficacious toxin\" width=\"474\" height=\"483\"><br \/>\n<a name=\"K5\"><\/a><br \/>\nNach jedem Abschluss eines Greater Rifts erh\u00e4lt man einen Legend\u00e4ren Edelstein, bis man im Besitz aller Edelsteine ist.<br \/>\nSobald ihr einen legend\u00e4ren Edelstein verkauft, im Inventar eines anderen Chars ablegt oder einfach weg schmei\u00dft, erh\u00e4lt man einen neuen Edelstein beim Abschluss des n\u00e4chsten GRifts.<br \/>\nMehr \u00fcber die legend\u00e4ren Edelsteine erfahrt ihr an dieser Stelle:<br \/>\n<a href=\"https:\/\/diablo3.ingame.de\/diablo-3\/gegenstande\/legendaere-edelsteine\/\">Legend\u00e4re Edelsteine und Aufwertungs-Rechner<\/a><\/p>\n<h2>Urshi<\/h2>\n<p>&nbsp;<br \/>\nNach dem erfolgreichen Beenden eines Greater Rifts erscheint Urshi, ein NPC. Bei ihr k\u00f6nnt ihr eure legend\u00e4ren Edelsteine aufwerten.<br \/>\nBeim Aufwerten der legend\u00e4ren Edelsteine habt ihr 3 Versuche, die ihr entweder auf unterschiedliche Edelsteine anwenden k\u00f6nnt, oder aber alle auf den gleichen Edelstein anwendet. Basierend auf der Qualit\u00e4tsstufe des legend\u00e4ren Edelsteins und dem Level des abgeschlossenen Gro\u00dfen Nephalemportals wird die Wahrscheinlichkeit einer erfolgreichen Aufwertung errechnet.<br \/>\n&nbsp;<br \/>\nStirbt man w\u00e4hrend des Gro\u00dfen Nephalemportals nicht, so erh\u00e4lt man einen zus\u00e4tzlichen Versuch f\u00fcr ein Upgrade.<br \/>\nHat man zu Beginn des Grifts den Haken beim aufgewerteten Grift gew\u00e4hlt, erh\u00e4lt man ebenfalls einen weiteren Versuch.<br \/>\nNun muss man noch zur\u00fcck in die Stadt und mit Orek sprechen und schon hat man das Greater Rift beendet:<br \/>\n<a href=\"https:\/\/diablo3.ingame.de\/files\/2018\/06\/Abschluss-Grift.jpg\"><img loading=\"lazy\" decoding=\"async\" class=\"aligncenter size-medium wp-image-579243\" src=\"https:\/\/diablo3.ingame.de\/files\/2018\/06\/Abschluss-Grift-500x337.jpg\" alt=\"\" width=\"500\" height=\"337\"><\/a><br \/>\nJe nachdem wie schnell ihr das Greater Rift abgeschlossen habt, kann es sein, dass mehrere Stufen \u00fcbersprungen werden k\u00f6nnen und ihr z.B. nach dem Beenden von Stufe 80 direkt mit Stufe 83 weiter machen k\u00f6nnt.<br \/>\n&nbsp;<br \/>\n<a name=\"K6\"><\/a><\/p>\n<h2>Riftfortschritt<\/h2>\n<p>&nbsp;<br \/>\nSobald ihr ein Greater Rift erfolgreich beendet habt, wird eure Leistung in den Bestenlisten festgehalten.<br \/>\nWenn ihr auf dem Charakterbildschirm unten rechts auf &#8222;Bestenlisten&#8220; klickt, gelangt ihr in den entsprechenden Bereich.<br \/>\n<a href=\"http:\/\/135.181.204.8\/wordpress\/wp-content\/uploads\/2014\/08\/Greater-Rift-Leaderboard.jpg\"><img loading=\"lazy\" decoding=\"async\" class=\"size-large wp-image-561712 newsimage aligncenter\" src=\"http:\/\/diablo3.ingame.de\/files\/2014\/08\/Greater-Rift-Leaderboard-517x353.jpg\" alt=\"Diablo 3 Greater Rift Leaderboard\" width=\"517\" height=\"353\"><\/a><br \/>\nDie Bestenlisten \/ Leaderboards sind getrennt nach Softcore und Hardcore, sowie nach Season und NonSeason und sind in folgende Sparten unterteilt:<\/p>\n<ul>\n<li>Solospieler pro Klasse<\/li>\n<li>Gruppe mit zwei Spielern<\/li>\n<li>Gruppe mit drei Spielern<\/li>\n<li>Gruppe mit vier Spielern<\/li>\n<\/ul>\n<p>Um den Stand innerhalb der Freundesliste oder des Clans ersichtlich zu machen, kann man von Region auf den entsprechenden Bereich umstellen.<\/p>\n","protected":false},"excerpt":{"rendered":"<p>Mit Patch 2.1.0 hielten Greater Rifts \/ Gro\u00dfe Nephalemportale Einzug in die Welt von Diablo 3. Durch die Greater Rifts (oder kurz Grifts) kann man seine Chars an die Grenzen f\u00fchren und sich mit anderen Spielern vergleichen. Im Gegensatz zu den normalen Rifts k\u00e4mpft man bei den Greater Rifts nicht nur gegen Horden an Monstern&hellip; <a class=\"more-link\" href=\"https:\/\/planetdiablo.eu\/de\/diablo-3\/greater-rifts\/\"><span class=\"screen-reader-text\">Diablo 3 &#8211; Greater Rifts<\/span> weiterlesen<\/a><\/p>\n","protected":false},"author":847,"featured_media":0,"parent":47,"menu_order":25,"comment_status":"closed","ping_status":"open","template":"","meta":{"footnotes":""},"class_list":["post-561117","page","type-page","status-publish","hentry","entry"],"_links":{"self":[{"href":"https:\/\/planetdiablo.eu\/de\/wp-json\/wp\/v2\/pages\/561117","targetHints":{"allow":["GET"]}}],"collection":[{"href":"https:\/\/planetdiablo.eu\/de\/wp-json\/wp\/v2\/pages"}],"about":[{"href":"https:\/\/planetdiablo.eu\/de\/wp-json\/wp\/v2\/types\/page"}],"author":[{"embeddable":true,"href":"https:\/\/planetdiablo.eu\/de\/wp-json\/wp\/v2\/users\/847"}],"replies":[{"embeddable":true,"href":"https:\/\/planetdiablo.eu\/de\/wp-json\/wp\/v2\/comments?post=561117"}],"version-history":[{"count":1,"href":"https:\/\/planetdiablo.eu\/de\/wp-json\/wp\/v2\/pages\/561117\/revisions"}],"predecessor-version":[{"id":582066,"href":"https:\/\/planetdiablo.eu\/de\/wp-json\/wp\/v2\/pages\/561117\/revisions\/582066"}],"up":[{"embeddable":true,"href":"https:\/\/planetdiablo.eu\/de\/wp-json\/wp\/v2\/pages\/47"}],"wp:attachment":[{"href":"https:\/\/planetdiablo.eu\/de\/wp-json\/wp\/v2\/media?parent=561117"}],"curies":[{"name":"wp","href":"https:\/\/api.w.org\/{rel}","templated":true}]}}