{"id":561143,"date":"2014-07-30T20:27:45","date_gmt":"2014-07-30T18:27:45","guid":{"rendered":"http:\/\/diablo3.ingame.de\/?page_id=561143"},"modified":"2014-07-30T20:27:45","modified_gmt":"2014-07-30T18:27:45","slug":"hack06","status":"publish","type":"page","link":"https:\/\/planetdiablo.eu\/de\/hilfe\/hackfaq\/hack06\/","title":{"rendered":"Diablo 2 Hack-FAQ &#8211; Weitere Infos"},"content":{"rendered":"<p><center><b>Hier bekommt ihr noch ein paar Zusatzinfos und eine Zusammenfassung<\/b><\/center><\/p>\n<ul>\n<li><a href=\"#down\">Gef\u00e4hrliche Downloads<\/a><\/li>\n<li><a href=\"#warden\">Warden &#8211; Blizzards Rache<\/a><\/li>\n<li><a href=\"#geruecht\">die Ger\u00fcchtek\u00fcche<\/a><\/li>\n<li><a href=\"#allgemein\">allgemeine Tipps<\/a><\/li>\n<li><a href=\"#neue\">neue Betr\u00fcgereien melden<\/a><\/li>\n<\/ul>\n<p><\/p>\n<p><a href=\"#top\"><img loading=\"lazy\" decoding=\"async\" src=\"http:\/\/diablo3.ingame.de\/files\/2014\/07\/top.gif\" alt=\"Seitenanfang\" align=\"Right\" border=\"0\" height=\"18\" width=\"25\"><\/a><a name=\"down\"><\/a><\/p>\n<h2><b><center>Gef\u00e4hrliche Downloads<\/center><\/b><\/h2>\n<\/p>\n<p>Wie in den vorangegangenen Kapiteln bereits mehrfach erw\u00e4hnt, sollte man von Downloads unbekannter Programme und (Browser)-Plugins die Finger lassen. Man trifft im BNet auch dauernd auf Werbe- oder Spam-Bots, die auf diverse Internetseiten verweisen, wo die neuesten, besten und &#8222;garantiert undetectable&#8220; Hacks heruntergeladen werden k\u00f6nnen. Aktuell wirbt jemand mit einer Internet-Adresse, \u00fcber die man mit Hilfe eines Tools angeblich die Mule-Games von Item-Shops erfahren und dort dann &#8222;abr\u00e4umen&#8220; kann, ebenso wie f\u00fcr ein &#8222;Anti-WNA-Tool&#8220; geworben wird, welches nat\u00fcrlich keins ist. Ein weiterer gibt die Internet Adresse seines Dupe Hackes bekannt, weil er mit D2 aufh\u00f6rt und den Hack nicht mehr braucht, usw.<\/p>\n<p>Nun, wer mit dem Gedanken an diese Downloads spielt, sollte fast schon mit einem &#8222;Ban&#8220; bestraft und eigentlich nicht gewarnt werden. Aber da dies ein zumindest halbwegs faires Forum ist, soll auch hierzu etwas gesagt werden.<\/p>\n<p>Zun\u00e4chst sollte jeder wissen, dass die angebotenen Hacks\/Downloads <b>grunds\u00e4tzlich<\/b> mit Viren, Trojaner, W\u00fcrmer oder sonstwas verseucht sein k\u00f6nnen. Man sollte sich da auch mit einem aktuellen Virenscanner nicht sicher f\u00fchlen. Ist gar ein KeyLogger integriert, der den BNet-Account und das Passwort \u00fcber das Internet an den Betr\u00fcger schickt (und wer wei\u00df, was sonst noch), hat man einen echten Volltreffer gelandet, denn Keylogger werden NICHT von Virenscannern erfasst.<\/p>\n<p>Solch infizierte Hacks sind seit 1.11 und der damit verbundenen Aktivierung von Warden h\u00e4ufiger geworden. Das Ziel ist hier nicht einen funktionierenden Hack zu verbreiten, sondern Accounts zu stehlen. Oft funktionieren diese Hacks gar nicht und man wundert sich, dass sp\u00e4testens in einigen Tagen das Einloggen wegen falschem Passwort nicht mehr funktioniert oder der Account leerger\u00e4umt wurde.<\/p>\n<p><center><span style=\"color:orange!important\"><b><u>Schutz<\/u><\/b><br \/>\n\t<br \/>\nKEINE D2 bezogene Downloads oder Plugins nutzen&#8230; 3x \u00fcberlegen woher ich mir welche Datei sauge und mich fragen ob das wirklich Not tut und wie &#8222;legal&#8220; diese Site ist.<\/span><\/center><\/p>\n<p><\/p>\n<p><a href=\"#top\"><img loading=\"lazy\" decoding=\"async\" src=\"http:\/\/diablo3.ingame.de\/files\/2014\/07\/top.gif\" alt=\"Seitenanfang\" align=\"Right\" border=\"0\" height=\"18\" width=\"25\"><\/a><a name=\"warden\"><\/a><\/p>\n<h2><b><center>Warden &#8211; Blizzards Rache<\/center><\/b><\/h2>\n<\/p>\n<p>Es gibt eine weitere Gefahr beim Einsatz von Hacks, \u00fcber die sich nicht jeder im Klaren ist. Seit dem Patch 1.11 wurde auf jedem D2-Battle.Net-Server ein Scan-System namens Warden aktiviert, welches in der Lage ist bestimmte Cheats oder Hacks wie beispielsweise den popul\u00e4ren Maphack zu erkennen. Dies f\u00fchrt dazu, dass der betroffene Account bei eindeutiger Hack-Erkennung von Blizzard gebannt wird. Unter Umst\u00e4nden wird sogar der CD-Key gebannt, so dass man mit diesem Key nicht mehr ins BNet hinein komm.<\/p>\n<p>Der CD-Key-Ban ist tempor\u00e4r f\u00fcr 1 Monat beim ersten &#8222;auffallen&#8220; und permanent beim zweiten &#8222;auffallen&#8220;. Account-Bans sind IMMER permanent und es sind nat\u00fcrlich alle darin befindlichen Charaktere und Items verloren, doch man kann noch neue Accounts anlegen. Nein, rechtlich hat man keine Chance und alles weitere steht <a href=\"http:\/\/diablo3.ingame.de\/forum\/threads\/956030-BNet-Your-account-has-been-closed\" target=\"_blank\" rel=\"noopener\">hier zu lesen<\/a><\/p>\n<p>Der Warden-Scanner wird von Blizzard regelm\u00e4\u00dfig auf neu auftauchende Hacks upgedatet. Neu erschienene Maphacks beispielsweise wurden bereits nach wenigen Stunden erkannt, was in der Vergangenheit zum Ban von zigtausenden Accounts gef\u00fchrt hatte. Aufgrund der Scan-Technik von Warden hilft dem Hacker hier auch nicht der Einsatz eines RootKits, wie aktuell in einer Meldung im Internet suggeriert wird. Wer sich auf das Spiel einl\u00e4sst wird obiges mit dem Ban seines Accounts\/CD-Keys \u00fcber kurz oder lang best\u00e4tigt bekommen.<\/p>\n<p><a href=\"#top\"><img loading=\"lazy\" decoding=\"async\" src=\"http:\/\/diablo3.ingame.de\/files\/2014\/07\/top.gif\" alt=\"Seitenanfang\" align=\"Right\" border=\"0\" height=\"18\" width=\"25\"><\/a><a name=\"geruecht\"><\/a><\/p>\n<h2><b><center>die Ger\u00fcchtek\u00fcche<\/center><\/b><\/h2>\n<\/p>\n<p>Es kursieren immer wieder neue und alte Ger\u00fcchte im BNet um neue Hacks &amp; Hilfstools, vor denen man sich in Acht nehmen sollte. Oft gibt es keine Best\u00e4tigung f\u00fcr deren Existenz, was aber nicht zwingend bedeuten muss dass sie nicht existieren. M\u00f6glicherweise sind bisher nur wenige davon betroffen gewesen oder gesch\u00e4digt worden, worunter die Glaubw\u00fcrdigkeit nat\u00fcrlich erst einmal leidet, doch man muss es ja nicht unbedingt darauf ankommen lassen. Im Zweifelsfall lieber vorsichtig sein.<\/p>\n<p>Weiterhin gibt es immer wieder Berichte von Hacks, die aus &#8222;fr\u00fcheren&#8220; Zeiten stammen, seit 1.11 aber nicht mehr funktionieren. Aber auch hier ist Vorsicht geboten. Die dunkle Programmiererfront ist immer flei\u00dfig dabei, neue Hacks zu entwickeln oder alte 1.11-tauglich zu machen.<\/p>\n<p><center><span style=\"color:orange!important\"><b><u>Schutz<\/u><\/b><br \/>\n\t<br \/>\nDer beste Schutz ist die Finger davon zu lassen und immer misstrauisch zu sein, anstatt sp\u00e4ter am eigenen Charakter\/Account festzustellen, dass sich das Ger\u00fccht bewahrheitet hat.<\/span><\/center><\/p>\n<p><a href=\"#top\"><img loading=\"lazy\" decoding=\"async\" src=\"http:\/\/diablo3.ingame.de\/files\/2014\/07\/top.gif\" alt=\"Seitenanfang\" align=\"Right\" border=\"0\" height=\"18\" width=\"25\"><\/a><a name=\"allgemein\"><\/a><\/p>\n<h2><b><center>allgemeine Tipps<\/center><\/b><\/h2>\n<\/p>\n<p><b><span style=\"color:red!important\">1: <\/span><\/b> Auch wenn \u00fcberall schon mehrmals erw\u00e4hnt:<\/p>\n<p><center><b><span style=\"color:limegreen!important\">! Blizzard verlangt NIE die Herausgabe des Passworts<br \/> und es wird NUR f\u00fcr das Einloggen ins BNet ben\u00f6tigt !<\/span><\/b><\/center><br \/>\n\t<br \/>\n<b><span style=\"color:red!important\">2: <\/span><\/b>Nutze bitte NICHT einen D2Loader um D2 ohne CD zu starten, die meisten sind &#8222;modifiziert&#8220; und erst dadurch bist Du wirklich angreifbar f\u00fcr diverse Hacks und Betrugsmethoden, da die meisten auf dem Loader &#8222;aufbauen&#8220;.<\/p>\n<p><b><span style=\"color:red!important\">3: <\/span><\/b>Prahle niemals mit Deinen wertvollen Items vor Freunden oder gar vor Unbekannten. Damit weckst Du nur deren Interesse und machst Dich selbst zu einem potentiellen Opfer f\u00fcr k\u00fcnftige Betrugs- oder Hack-Versuche.<\/p>\n<p><b><span style=\"color:red!important\">4: <\/span><\/b>Trade niemals Items \u00fcber den Boden, die man auch im Trade-Fenster traden kann. Anderenfalls brauchst Du dich nicht weiter zu beklagen, wenn Du auf diese leichtsinnige Weise bestohlen wirst.<\/p>\n<p><b><span style=\"color:red!important\">5: <\/span><\/b>Lege fr\u00fchzeitig mindestens einen zweiten Account an und verteile f\u00fcr Dich wertvolle Items gleichm\u00e4\u00dfig auf Deine Accounts. Wird ein Account gehackt, ist der Verlust nur halb so gro\u00df.<\/p>\n<p><b><span style=\"color:red!important\">6: <\/span><\/b>Nutzt Du mehrere Accounts, dann verwende f\u00fcr jeden Account ein anderes Passwort. Gelangt jemand an ein Passwort von Dir, kann er nur diesen einen Account hacken und nicht gleich alle. Der Verlust ist dann eher zu verschmerzen.<\/p>\n<p><b><span style=\"color:red!important\">7: <\/span><\/b>Verwende f\u00fcr Trades immer einen Account der NUR daf\u00fcr gedacht ist&#8230; der minimale Aufwand die zu tradenden Items vorher auf diesen zu mulen ist nichts gegen den Verlust eines &#8222;realen&#8220; Spiel- oder Muleaccounts.<\/p>\n<p><b><span style=\"color:red!important\">8: <\/span><\/b>Wenn Du zum Traden mit einem Fremden ein neues Game mit Passwort erstellst, verwende niemals das Passwort Deines Accounts oder eins Deiner &#8222;Standard-Passw\u00f6rter&#8220; dazu. Der Fremde k\u00f6nnte versuchen, sich mit Deinem Account und dem Game-Passwort einzuloggen bzw. Dich in zuk\u00fcnftigen Spielen &#8222;\u00fcberraschen&#8220;. War Game-Passwort = Account-Passwort, wird Dein Account sicher bald leerger\u00e4umt sein.<\/p>\n<p><\/p>\n<p><a href=\"#top\"><img loading=\"lazy\" decoding=\"async\" src=\"http:\/\/diablo3.ingame.de\/files\/2014\/07\/top.gif\" alt=\"Seitenanfang\" align=\"Right\" border=\"0\" height=\"18\" width=\"25\"><\/a><a name=\"neue\"><\/a><\/p>\n<h2><b><center>neue Betr\u00fcgereien melden<\/center><\/b><\/h2>\n<\/p>\n<p>Begegnen euch neue Tricks und Hacks, so k\u00f6nnt ihr sie <a href=\"http:\/\/diablo3.ingame.de\/forum\/threads\/1011220-BNet-Aufkl%C3%A4rung-amp-Schutz-vor-Betrug-im-Battle-Net\" target=\"_blank\" rel=\"noopener\">hier im Thread<\/a> bekanntmachen und wir werden sie mit einf\u00fcgen.<br \/>\n\t<\/p>\n<p><\/p>\n<p align=\"center\"><a href=\"\/hilfe\/hackfaq\/hack05\/\">[zur\u00fcck]<\/a> &#8211; <a href=\"#top\">[nach oben]<\/a><\/p>\n","protected":false},"excerpt":{"rendered":"<p>Hier bekommt ihr noch ein paar Zusatzinfos und eine Zusammenfassung Gef\u00e4hrliche Downloads Warden &#8211; Blizzards Rache die Ger\u00fcchtek\u00fcche allgemeine Tipps neue Betr\u00fcgereien melden Gef\u00e4hrliche Downloads Wie in den vorangegangenen Kapiteln bereits mehrfach erw\u00e4hnt, sollte man von Downloads unbekannter Programme und (Browser)-Plugins die Finger lassen. Man trifft im BNet auch dauernd auf Werbe- oder Spam-Bots, die&hellip; <a class=\"more-link\" href=\"https:\/\/planetdiablo.eu\/de\/hilfe\/hackfaq\/hack06\/\"><span class=\"screen-reader-text\">Diablo 2 Hack-FAQ &#8211; Weitere Infos<\/span> weiterlesen<\/a><\/p>\n","protected":false},"author":748,"featured_media":0,"parent":561049,"menu_order":0,"comment_status":"open","ping_status":"open","template":"","meta":{"footnotes":""},"class_list":["post-561143","page","type-page","status-publish","hentry","entry"],"_links":{"self":[{"href":"https:\/\/planetdiablo.eu\/de\/wp-json\/wp\/v2\/pages\/561143","targetHints":{"allow":["GET"]}}],"collection":[{"href":"https:\/\/planetdiablo.eu\/de\/wp-json\/wp\/v2\/pages"}],"about":[{"href":"https:\/\/planetdiablo.eu\/de\/wp-json\/wp\/v2\/types\/page"}],"author":[{"embeddable":true,"href":"https:\/\/planetdiablo.eu\/de\/wp-json\/wp\/v2\/users\/748"}],"replies":[{"embeddable":true,"href":"https:\/\/planetdiablo.eu\/de\/wp-json\/wp\/v2\/comments?post=561143"}],"version-history":[{"count":0,"href":"https:\/\/planetdiablo.eu\/de\/wp-json\/wp\/v2\/pages\/561143\/revisions"}],"up":[{"embeddable":true,"href":"https:\/\/planetdiablo.eu\/de\/wp-json\/wp\/v2\/pages\/561049"}],"wp:attachment":[{"href":"https:\/\/planetdiablo.eu\/de\/wp-json\/wp\/v2\/media?parent=561143"}],"curies":[{"name":"wp","href":"https:\/\/api.w.org\/{rel}","templated":true}]}}