{"id":561157,"date":"2014-07-30T20:43:38","date_gmt":"2014-07-30T18:43:38","guid":{"rendered":"http:\/\/diablo3.ingame.de\/?page_id=561157"},"modified":"2014-07-30T20:43:38","modified_gmt":"2014-07-30T18:43:38","slug":"hack04","status":"publish","type":"page","link":"https:\/\/planetdiablo.eu\/de\/hilfe\/hackfaq\/hack04\/","title":{"rendered":"Diablo 2 Hack-FAQ &#8211; Dupes &amp; more"},"content":{"rendered":"<p><center><b>Einiges Wissenswerte \u00fcber Dupes &amp; Co. &#8230; die negative Seite des Spiels<\/b><\/center><\/p>\n<ul>\n<li><a href=\"#vor\">Vorwort<\/a><\/li>\n<li><a href=\"#dupes\">Dupes<\/a><\/li>\n<li><a href=\"#mh\">MapHack<\/a><\/li>\n<li><a href=\"#bot\">Bots<\/a><\/li>\n<li><a href=\"#ith\">ITH-Items<\/a><\/li>\n<li><a href=\"#bugged\">Bugged-Items<\/a><\/li>\n<li><a href=\"#wirret\">Bugged-Wirrets-Bein<\/a><\/li>\n<li><a href=\"#shops\">Item-Shops<\/a><\/li>\n<\/ul>\n<p><\/p>\n<p><a href=\"#top\"><img loading=\"lazy\" decoding=\"async\" src=\"http:\/\/diablo3.ingame.de\/files\/2014\/07\/top.gif\" alt=\"Seitenanfang\" align=\"Right\" border=\"0\" height=\"18\" width=\"25\"><\/a><a name=\"vor\"><\/a><\/p>\n<h2><b><center>Vorwort<\/center><\/b><\/h2>\n<\/p>\n<p>Blizzard versprach damals, dass das Battle.Net durch die Speicherung der Charaktere auf ihren Servern absolut cheatsicher sei, anders noch als bei Diablo 1, wo die Charaktere lokal bei den Spielern gespeichert wurden. Leider konnten sie dieses Versprechen nicht einhalten. Das Gegenteil war sogar der Fall, im Gegenzug provozierten sie damit professionelle Hacker und Cheater nur noch mehr. Dadurch, dass nicht jeder cheaten kann, wie es bei Diablo 1 noch der Fall war, geht es nun leider auch auch um Geld, wobei Dupes f\u00fcr Real Cash \u00fcbers Internet verkauft werden.<\/p>\n<ul>\n<li><u><span class=\"small\">Alle<\/span><\/u><span class=\"small\"> Items, deren Stats nicht den offiziellen Listen entsprechen, sind definitiv ercheatete Items. Die offiziellen Listen sind hier: <a href=\"http:\/\/www.battle.net\/diablo2exp\/\" target=\"_blank\" rel=\"noopener\"><b>Arreat<br \/>\n    Summit<\/b><\/a><br \/><\/span><\/li>\n<li class=\"small\">Cheats &amp; Hacks zerst\u00f6ren jedes Spiel, benutzte sie nicht und Du kannst reinen Gewissens behaupten dich &#8222;Legit&#8220; im <b><a href=\"http:\/\/www.battle.net\" target=\"_blank\" rel=\"noopener\">Battle.Net<\/a><\/b> in der Welt von Diablo 2 durchgeboxt zu haben.<\/li>\n<li class=\"small\">Sollten sich Bugged oder Hacked Items in Deinem Besitz befinden, verkauf sie am besten gleich bei Charsi oder wirf sie weg, und verlasse das Game.<\/li>\n<\/ul>\n<p><a href=\"#top\"><img loading=\"lazy\" decoding=\"async\" src=\"http:\/\/diablo3.ingame.de\/files\/2014\/07\/top.gif\" alt=\"Seitenanfang\" align=\"Right\" border=\"0\" height=\"18\" width=\"25\"><\/a><a name=\"dupes\"><\/a><\/p>\n<h2><b><center>Dupes<\/center><\/b><\/h2>\n<\/p>\n<p>Damit werden Gegenst\u00e4nde bezeichnet, die durch einen Cheat verdoppelt (dupliziert) wurden. Bei raren und selbstgebauten (crafted) Gegenst\u00e4nden f\u00e4llt dies fr\u00fcher oder sp\u00e4ter auf&#8230; je mehr Kopien bestehen, desto schneller. Einige Spieler haben sich die M\u00fche gemacht, verbreitete Dupes in Listen aufzunehmen, um Spieler beim Handeln zu sch\u00fctzen. Diese Dupelisten gibt es z.B. <a href=\"http:\/\/diablo2.ingame.de\/trade\/dupeliste\/index.php\" target=\"_blank\" rel=\"noopener\">hier<\/a>. Bei Diablo 1 konnte man noch mit einigen Mausklicks dupen und es war recht verp\u00f6nt. Bei Diablo 2 jedoch geht es nur durch das Ausnutzen von Bugs im Servercode, direkte Serverangriffe oder Bugs im Spiel. Bei vielen Dupemethoden werden die Spiel-Server so in Mitleidenschaft gezogen, dass sich f\u00fcr alle &#8222;normal spielenden&#8220; der Ping drastisch erh\u00f6ht und ihnen damit das Spielvergn\u00fcgen genommen wird.<\/p>\n<p>Dupes k\u00f6nnen jedoch mittlerweile von Blizzard gel\u00f6scht werden. Zu diesem Zweck l\u00e4uft periodisch auf allen Servern ein sogenannter Dupe-Scanner, der bei Online-Accounts s\u00e4mtliche auf den Charakteren befindliche Gegenst\u00e4nde \u00fcberpr\u00fcft. Wird ein Gegenstand als Dupe erkannt, wird er gel\u00f6scht. Aus dem Inventar oder am betroffenen Charakter ist er dann einfach verschwunden. Infos hierzu finden sich auch in der Battle.net-FAQ unter <a href=\"http:\/\/www.battle.net\/forums\/thread.aspx?fn=d2-gameplay&amp;t=163465&amp;p=1&amp;\" target=\"_blank\" rel=\"noopener\">9. can socketed runes poof?<\/a><\/p>\n<p>Leider kann man als Spieler Dupes selber nicht erkennen, weil sie aussehen wie ihre Originale. High-Runen sind die begehrtesten Dupe-Objekte. Hat man eine High-Rune teuer getradet und verschwindet diese sp\u00e4ter aus dem Inventar, kann man sicher sein, sich ein Dupe eingehandelt zu haben. In diesem Fall hat man einfach Pech gehabt. Niemand wird f\u00fcr den Schaden aufkommen. Auch wenn sich die Duper scheinbar auf High-Runen beschr\u00e4nken&#8230; theoretisch k\u00f6nnte jedes Item ein Dupe sein.<\/p>\n<p><center><span style=\"color:orange!important\"><b><u>Schutz<\/u><\/b><br \/>\nVor Dupes kann man sich nur sch\u00fctzen, wenn man lediglich selbst gefundene Items, insbesondere High-Runen, verwendet oder nur mit Partnern tradet, bei denen man sicher ist, dass auch diese nicht mit Dupes hantieren. Eine andere Alternative bietet das Handeln \u00fcber seri\u00f6se Foren. Einen 100%igen Schutz gibt es allerdings nicht.<\/font><\/center><\/p>\n<p><\/p>\n<p><a href=\"#top\"><img loading=\"lazy\" decoding=\"async\" src=\"http:\/\/diablo3.ingame.de\/files\/2014\/07\/top.gif\" alt=\"Seitenanfang\" align=\"Right\" border=\"0\" height=\"18\" width=\"25\"><\/a><a name=\"mh\"><\/a><\/p>\n<h2><b><center>MapHack<\/center><\/b><\/h2>\n<\/p>\n<p>&#8222;Neuen&#8220; Spielern im BNet wird mit einer grossen Wahrscheinlichkeit als erstes einer der Maphacks angedreht und von vielen wird Maphack als was allt\u00e4gliches angesehen, dabei ist der Maphack einer der schlimmsten Cheats f\u00fcr Diablo 2 \u00fcberhaupt. Dessen Features sind ein Sammelsorium an Unfug, die weit \u00fcber das reine Aufdecken der Karte hinausgehen. Damit nimmt man nicht nur seinen Mitspielern den Spass am Spiel, sondern auch sich selbst. Gl\u00fccklicherweise geht Blizzard gegen MH-User vor, hat auch schon sehr viele <a href=\"http:\/\/forum2.ingame.de\/diablo2\/showthread.php?s=&amp;threadid=956030\" target=\"_blank\" rel=\"noopener\">Accounts gesperrt<\/a> und es gibt <u>keine<\/u> M\u00f6glichkeit wieder an diese gesperrten Accounts oder Keys heranzukommen oder sie wieder zu nutzen.<\/p>\n<p><\/p>\n<p><a href=\"#top\"><img loading=\"lazy\" decoding=\"async\" src=\"http:\/\/diablo3.ingame.de\/files\/2014\/07\/top.gif\" alt=\"Seitenanfang\" align=\"Right\" border=\"0\" height=\"18\" width=\"25\"><\/a><a name=\"bot\"><\/a><\/p>\n<h2><b><center>Bots<\/center><\/b><\/h2>\n<\/p>\n<p>Kaum zu glauben, aber manche Spieler sind sich nicht zu schade dazu, das Leveln ihrer Charaktere oder das Suchen von Items diversen &#8222;Find&#8220;-Bots zu \u00fcberlassen. Dies sind Programme, die pausenlos im BNet eingeloggt sind und das Spielen f\u00fcr den Spieler \u00fcbernehmen, wodurch sie den Reichtum des Cheaters ohne eigenes Zutun mehren. Die gefundenen Items werden dann als &#8222;legit&#8220; verkauft, da sie ja schliesslich nicht geduped wurden. Gl\u00fccklicherweise hat sich Blizzard entschlossen, diesen Bots besonders hart nachzugehen, da sie ja nicht zuletzt auch die Server stark belasten. Weit \u00fcber 100.000 Accounts &amp; Keys wurden bisher aufgrund der Nutzung von Bots f\u00fcr <u>immer<\/u> aus dem Bnet gebannt. Es gibt auch <u>keine<\/u> M\u00f6glichkeit wieder an diese Accounts\/Keys heranzukommen.<\/p>\n<p><center><span style=\"color:orange!important\"><b><u>Schutz<\/u><\/b><br \/>\nLasst die Finger von Bots, Cheats\/Hacks (MapHack)&#8230; ihr tut EUCH damit bestimmt keinen Gefallen und wenn man sowas n\u00f6tig hat, dann ist man entweder sehr Risikofreudig oder ein armer Looser.<\/font><\/center><\/p>\n<p><\/p>\n<p><a href=\"#top\"><img loading=\"lazy\" decoding=\"async\" src=\"http:\/\/diablo3.ingame.de\/files\/2014\/07\/top.gif\" alt=\"Seitenanfang\" align=\"Right\" border=\"0\" height=\"18\" width=\"25\"><\/a><a name=\"ith\"><\/a><\/p>\n<h2><b><center>ITH-Items<\/center><\/b><\/h2>\n<\/p>\n<p>Diese Ith-Items waren vor allem im Patch 1.09 verbreitet, mittlerweile existieren sie nicht mehr im BNet. Ith waren Runenwort-Gegenst\u00e4nde, deren Runen mit einem Hack entfernt wurden, um Platz f\u00fcr neue Runen\/Juwelen zu schaffen. Einige Bonis des Runenworts blieben dabei jedoch erhalten.<\/p>\n<p>Im folgenden Beispiel einer Ith Kriegspike wird erkl\u00e4rt, wie die Hacker dabei vorgehen:<\/p>\n<table cellpadding=\"0\" cellspacing=\"0\" border=\"0\" width=\"100%\">\n<tbody>\n<tr>\n<td>\n<ul>\n<li>\n<div align=\"left\">Zuerst wurde eine \u00e4therische Kriegspike mit &#8222;Stille&#8220; gesockelt und die Runen anschliessend mit einem Hack entfernt.<\/div>\n<\/li>\n<p><\/p>\n<li>\n<div align=\"left\">Dann wird die Kriegspike mit einer gedupten Zod verziert, um die \u00e4therische &#8222;Stille&#8220; Pike unzerst\u00f6rbar zu machen.<\/div>\n<\/li>\n<p><\/p>\n<li>\n<div align=\"left\">Die Zod wird danach ebenfalls wieder per Hack entfernt.<\/div>\n<\/li>\n<p><\/p>\n<li>\n<div align=\"left\">Nun ist die ehemals \u00e4therische &#8222;Stille&#8220; Kriegspike, unzerst\u00f6rbar und hat 6 freie Sockel.<\/div>\n<\/li>\n<p><\/p>\n<li>Auf diese Art wird &#8222;fast&#8220; jedes Ith Item hergestellt.<\/li>\n<\/ul>\n<\/td>\n<td width=\"133\">\n<div align=\"center\"><a href=\"javascript:fenster1()\"><img loading=\"lazy\" decoding=\"async\" src=\"http:\/\/135.181.204.8\/wordpress\/wp-content\/uploads\/2014\/07\/ithpike-klein.jpg\" alt=\"Klicken um zu vergr\u00f6ssern\" border=\"0\" height=\"150\" width=\"150\" style=\"margin-left:5px;\"><\/a><\/div>\n<\/td>\n<\/tr>\n<\/tbody>\n<\/table>\n<p>Die 6 freien Sockel werden dann meistens mit gedupten Juwelen verziert (meistens 40% erh\u00f6hter Schaden\/15 Maximalschaden und\/oder 40% erh\u00f6hter Schaden\/15% erh\u00f6hte Angriffsgeschwindigkeit). Diese beiden Arten Juwelen sind \u00fcbrigens in allen Farben 1000fach geduped, da sie die Maximalwerte f\u00fcr Juwelen haben. So ziemlich jedes Ith-Item ist entweder mit solchen gedupten Juwelen oder mit Ist und Ohm-Runen verziert, aber auch ungesockelte sind in Umlauf.<\/p>\n<p><\/p>\n<p><a href=\"#top\"><img loading=\"lazy\" decoding=\"async\" src=\"http:\/\/diablo3.ingame.de\/files\/2014\/07\/top.gif\" alt=\"Seitenanfang\" align=\"Right\" border=\"0\" height=\"18\" width=\"25\"><\/a><a name=\"bugged\"><\/a><\/p>\n<h2><b><center>Bugged-Items<\/center><\/b><\/h2>\n<\/p>\n<table cellpadding=\"0\" cellspacing=\"0\" border=\"0\" width=\"100%\">\n<tbody>\n<tr>\n<td>\n<p>Die Bezeichnung &#8222;Bugged&#8220; wurde eingef\u00fchrt, nachdem Hacker eine M\u00f6glichkeit gefunden hatten, Items miteinander verschmelzen zu lassen bzw. direkt aus dem open Battle.Net ins closed zu transferieren. Die Itemshop-Mafia nannte die Items dann Bugged, um es als Blizzard-eigenen Fehler auszugeben.<\/p>\n<p>Als Beispiel hier einmal das Sturmschild und seine Bugged Variante:<\/p>\n<\/td>\n<td width=\"133\">\n<div align=\"center\"><a href=\"javascript:fenster2()\"><img loading=\"lazy\" decoding=\"async\" src=\"http:\/\/135.181.204.8\/wordpress\/wp-content\/uploads\/2014\/07\/bugged-storm-klein.jpg\" alt=\"Klicken um zu vergr\u00f6ssern\" border=\"0\" height=\"150\" width=\"150\" style=\"margin-left:5px;\"><\/a><\/div>\n<\/td>\n<\/tr>\n<tr>\n<td>\n    <\/td>\n<td width=\"133\">&nbsp;<\/td>\n<\/tr>\n<tr>\n<td class=\"small\">Bugged Items dieser Sorte gibt es Dutzende. Hier noch ein<br \/>\n      Beispiel anhand der Verschmelzung der Unique R\u00fcstung Felsenfell und<br \/>\n      der Unique Armbrust Buriza-Do Kyanon :<\/td>\n<td width=\"133\"><a href=\"javascript:fenster3()\"><img loading=\"lazy\" decoding=\"async\" src=\"http:\/\/135.181.204.8\/wordpress\/wp-content\/uploads\/2014\/07\/buriarmor-klein.jpg\" alt=\"Klicken um zu vergr\u00f6ssern\" border=\"0\" height=\"150\" width=\"150\" style=\"margin-left:5px;\"><\/a><\/td>\n<\/tr>\n<tr>\n<td>\n    <\/td>\n<td width=\"133\">&nbsp;<\/td>\n<\/tr>\n<tr>\n<td>\n<p>Auch sehr verbreitet ist der &#8222;Ring der Einschn\u00fcrung&#8220;, welcher aber niemals legit im Battle.Net gedroppt ist, da er nie von Blizzard aktiviert wurde. Durch Hacker wurde er aus dem Open ins Closed Bnet transferiert, wo er dann in Unmengen gedupt wurde. Egal was man euch erz\u00e4hlt, dieser Ring ist in <u>keinem<\/u> Fall legit !<\/p>\n<\/td>\n<td width=\"133\"><a href=\"javascript:fenster4()\"><img loading=\"lazy\" decoding=\"async\" src=\"http:\/\/135.181.204.8\/wordpress\/wp-content\/uploads\/2014\/07\/conring-klein.jpg\" alt=\"Klicken um zu vergr\u00f6ssern\" border=\"0\" height=\"150\" width=\"150\" style=\"margin-left:5px;\"><\/a><\/td>\n<\/tr>\n<\/tbody>\n<\/table>\n<p><center>Alle diese Bugged Items sind definitiv keine Absicht oder ein Fehler von Blizzard.<\/center><\/p>\n<p><a href=\"#top\"><img loading=\"lazy\" decoding=\"async\" src=\"http:\/\/diablo3.ingame.de\/files\/2014\/07\/top.gif\" alt=\"Seitenanfang\" align=\"Right\" border=\"0\" height=\"18\" width=\"25\"><\/a><a name=\"wirret\"><\/a><\/p>\n<h2><b><center>Bugged-Wirrets-Bein<\/center><\/b><\/h2>\n<\/p>\n<p>Eine &#8222;Sonderstellung&#8220; nimmt das Bugged-Wirrets-Bein ein, wobei es sich um ein angeblich verbugtes Bein unseres jungen Freundes aus Tristram handeln soll. Dem unkundigen Jungspieler wird dieses Bein im Lager der J\u00e4gerinnen pr\u00e4sentiert und eine Geschichte drum gestrickt. Meist wird erz\u00e4hlt es w\u00fcrde unsichtbar machen, was nat\u00fcrlich Unfug ist&#8230; was wirklich passiert ist, das der &#8222;Erz\u00e4hler&#8220; in der N\u00e4he der Kiste steht (ist ja normal) und somit auch in der N\u00e4he von Warriv ;-). Nun erz\u00e4hlt er das es Unsichtbar macht und demonstriert es euch auch gleich. Was ihr nicht seht ist, das er Warriv anklickt und mit ihm nach Lut Gholein &#8222;reist&#8220;&#8230; f\u00fcr euch ist er Unsichtbar und ihr w\u00fcrdet nahezu jeden Preis zahlen um dieses &#8222;geile Item&#8220; zu bekommen. Tut es einfach nicht&#8230;. \ud83d\ude09 Da man das Bein ebenso sockeln kann gibt es \u00e4hnliches auch mit verbugten Schaden, usw. und ich denke dazu muss nun auch nicht mehr viel gesagt werden, gelle ?<\/p>\n<p><\/p>\n<p><a href=\"#top\"><img loading=\"lazy\" decoding=\"async\" src=\"http:\/\/diablo3.ingame.de\/files\/2014\/07\/top.gif\" alt=\"Seitenanfang\" align=\"Right\" border=\"0\" height=\"18\" width=\"25\"><\/a><a name=\"shops\"><\/a><\/p>\n<h2><b><center>Item-Shops<\/center><\/b><\/h2>\n<\/p>\n<p>Seit langem k\u00f6nnen Items im Internet in so genannte Itemshops gegen reales Geld erstanden werden. Wer sich auf ein solches Gesch\u00e4ft einl\u00e4sst, muss gegebenenfalls auch mit unangenehmen Konsequenzen rechnen. Die AGBs oder FAQs weisen manchmal darauf hin, dass High Runen <b>Dupes<\/b> sein k\u00f6nnten und diese bei Erwerb schnell weitergehandelt werden sollten.<\/p>\n<p>Hier mal ein kleines Beispiel aus der FAQ eines Item-Shops, das im Warenkorb alle seine Runen als legit ausweist:<\/p>\n<blockquote><p>\n<b>How do I know that these items are legit and won&#8217;t be deleted by The Scan?<\/b><br \/>\nItems with the &#8218;  &#8218; are known to be legit items. Items without the &#8218;  &#8218; are known to be dupes (not legit), and prices reflect this. We make this distinction so you can take the appropriate steps to protect those items that require it. For the most part, only some Jewels and Runes are not legit&#8230;\n\t<\/p><\/blockquote>\n<p>\nEs passiert durchaus, dass die gerade erstandene High Rune durch den Dupe Scanner entdeckt und gel\u00f6scht wird. Man ist dann nicht nur sein Geld, sondern auch gleich die Rune wieder los.<\/p>\n<p>Auch bei fertig gesockelten Gegenst\u00e4nden wie einer Enigma kann man sich nicht sicher sein. Gedupte Runen oder auch Juwele werden vom Scanner auch im gesockelten Zustand erkannt.<\/p>\n<p><center><span style=\"color:orange!important\"><b><u>Schutz<\/u><\/b><br \/>\nHier kann man sich nur sch\u00fctzen, wenn man von vorn herein die Finger aus solchen Gesch\u00e4ften l\u00e4sst. Der Hinweis in den ABGs\/FAQs, wie oben erw\u00e4hnt, l\u00e4sst schon darauf schlie\u00dfen, dass die Items mit illegalen Mitteln beschafft werden k\u00f6nnten, was von den Shops einfach in Kauf genommen und damit sogar unterst\u00fctzt wird.<\/font><\/center><br \/>\n\t<\/p>\n<p><\/p>\n<p align=\"center\"><a href=\"\/hilfe\/hackfaq\/hack03\/\">[zur\u00fcck]<\/a> &#8211; <a href=\"#top\">[nach oben]<\/a> &#8211; <a href=\"\/hilfe\/hackfaq\/hack05\/\">[weiter]<\/a><\/p>\n","protected":false},"excerpt":{"rendered":"<p>Einiges Wissenswerte \u00fcber Dupes &amp; Co. &#8230; die negative Seite des Spiels Vorwort Dupes MapHack Bots ITH-Items Bugged-Items Bugged-Wirrets-Bein Item-Shops Vorwort Blizzard versprach damals, dass das Battle.Net durch die Speicherung der Charaktere auf ihren Servern absolut cheatsicher sei, anders noch als bei Diablo 1, wo die Charaktere lokal bei den Spielern gespeichert wurden. Leider konnten&hellip; <a class=\"more-link\" href=\"https:\/\/planetdiablo.eu\/de\/hilfe\/hackfaq\/hack04\/\"><span class=\"screen-reader-text\">Diablo 2 Hack-FAQ &#8211; Dupes &amp; more<\/span> weiterlesen<\/a><\/p>\n","protected":false},"author":748,"featured_media":0,"parent":561049,"menu_order":0,"comment_status":"open","ping_status":"open","template":"","meta":{"footnotes":""},"class_list":["post-561157","page","type-page","status-publish","hentry","entry"],"_links":{"self":[{"href":"https:\/\/planetdiablo.eu\/de\/wp-json\/wp\/v2\/pages\/561157","targetHints":{"allow":["GET"]}}],"collection":[{"href":"https:\/\/planetdiablo.eu\/de\/wp-json\/wp\/v2\/pages"}],"about":[{"href":"https:\/\/planetdiablo.eu\/de\/wp-json\/wp\/v2\/types\/page"}],"author":[{"embeddable":true,"href":"https:\/\/planetdiablo.eu\/de\/wp-json\/wp\/v2\/users\/748"}],"replies":[{"embeddable":true,"href":"https:\/\/planetdiablo.eu\/de\/wp-json\/wp\/v2\/comments?post=561157"}],"version-history":[{"count":0,"href":"https:\/\/planetdiablo.eu\/de\/wp-json\/wp\/v2\/pages\/561157\/revisions"}],"up":[{"embeddable":true,"href":"https:\/\/planetdiablo.eu\/de\/wp-json\/wp\/v2\/pages\/561049"}],"wp:attachment":[{"href":"https:\/\/planetdiablo.eu\/de\/wp-json\/wp\/v2\/media?parent=561157"}],"curies":[{"name":"wp","href":"https:\/\/api.w.org\/{rel}","templated":true}]}}