{"id":561366,"date":"2014-08-12T21:52:50","date_gmt":"2014-08-12T19:52:50","guid":{"rendered":"http:\/\/diablo3.ingame.de\/?page_id=561366"},"modified":"2021-04-29T14:15:38","modified_gmt":"2021-04-29T12:15:38","slug":"die-kreuzritter","status":"publish","type":"page","link":"https:\/\/planetdiablo.eu\/de\/diablo-3\/die-charaktere\/die-kreuzritter\/","title":{"rendered":"Diablo 3 &#8211; Kreuzritter"},"content":{"rendered":"<h2>Inhalt<\/h2>\n<ol>\n<li><a href=\"#Allgemein\">Allgemeine \u00dcbersicht<\/a><\/li>\n<li><a href=\"#Skills\">Skills und Traits<\/a><\/li>\n<li><a href=\"#Zorn\">Das Lebens- und Zorn-System<\/a><\/li>\n<li><a href=\"#Lore\">Hintergr\u00fcnde und Artworks<\/a><\/li>\n<\/ol>\n<p>Die Kreuzritter stammen vom selben Orden wie die Paladine ab &#8211; sie sind eine Elite-Einheit der Paladine. \u00c4hnlich wie diese beherrschen sie zum Beispiel die F\u00e4higkeit magische H\u00e4mmer um sich herum zu schleudern oder direkt den Zorn der Himmel in mannigfacher Form auf die Gegner zu lenken. Als Spezialisten im Umgang mit Schilden und Flegeln setzen sie spezielle Varianten davon ein, welche nur Kreuzritter benutzen k\u00f6nnen.<\/p>\n<p><a name=\"Allgemein\"><\/a><\/p>\n<h2>Starteigenschaften<\/h2>\n<table>\n<tbody>\n<tr>\n<td>St\u00e4rke:<\/td>\n<td>10<\/td>\n<\/tr>\n<tr>\n<td>Geschicklichkeit:<\/td>\n<td>8<\/td>\n<\/tr>\n<tr>\n<td>Intelligenz:<\/td>\n<td>8<\/td>\n<\/tr>\n<tr>\n<td>Vitalit\u00e4t:<\/td>\n<td>9<\/td>\n<\/tr>\n<tr>\n<td>Lebensenergie:<\/td>\n<td>130<\/td>\n<\/tr>\n<tr>\n<td>Zorn:<\/td>\n<td>100<\/td>\n<\/tr>\n<\/tbody>\n<\/table>\n<p><a name=\"Skills\"><\/a><\/p>\n<h2>Skills und Traits<\/h2>\n<p><a href=\"\/diablo-3\/die-charaktere\/die-kreuzritter\/kreuzritter-skills\/\">Zu den Skills<\/a><br \/>\n<a href=\"\/diablo-3\/die-charaktere\/die-kreuzritter\/kreuzritter-traits\/\">Zu den Traits<\/a><br \/>\n<a name=\"Zorn\"><\/a><\/p>\n<h2>Das Lebens- und Zorn-System<\/h2>\n<p>Die Wichtigkeit einer Ressource wie Leben kann nicht oft genug betont werden. Auch wenn die Untoten in Sanktuario einen recht lebhaften Eindruck machen, ist ein toter Held leider nicht ansatzweise so effektiv. Wenn ihr Schaden erleidet, wird eure Lebenskugel leerer. Ist sie g\u00e4nzlich leer, ist euer Held tot.<\/p>\n<p><img decoding=\"async\" class=\"newsimage alignleft size-full wp-image-476521\" src=\"\/wp-content\/uploads\/2011\/08\/JLLV81C5IB4S1314617858576.gif\" width=\"194\"><\/p>\n<p>Daher solltet ihr unbedingt nach Lebenskugeln Ausschau halten, w\u00e4hrend ihr die Diener der H\u00f6lle dorthin zur\u00fcckschickt, wo sie hergekommen sind. Diese blutroten Sph\u00e4ren k\u00f6nnt ihr von fast allen besiegten Kreaturen erhalten. Lauft einfach \u00fcber sie hinweg, um sofort einen Prozentsatz eures Lebens wiederherzustellen. Nat\u00fcrlich k\u00f6nnt ihr, wie in den fr\u00fcheren Diablo-Spielen auch, Heiltr\u00e4nke in eurem Inventar mitnehmen. Aber nutzt sie weise! Sie verf\u00fcgen \u00fcber eine vergleichsweise lange Abklingzeit. Einige extra seltene Tr\u00e4nke bieten euch bei der Anwendung auch noch zus\u00e4tzlich F\u00e4higkeiten oder Eigenschaften.<\/p>\n<p><img decoding=\"async\" class=\"newsimage alignright size-full wp-image-476521\" src=\"\/wp-content\/uploads\/2014\/08\/kreuzritterzornkugel.gif\" width=\"194\"><br \/>\nKreuzritter sind heilige Krieger f\u00fcr Gerechtigkeit. Das himmlische Licht und die Heiligkeit ihres Zweckes verleihen ihnen den strafenden Zorn, der ihre Angriffe st\u00e4rkt. Sie nutzen diesen Zorn als Ressource, um ihre Gegnern mit kr\u00e4ftigen Nahkampfangriffen und brachialen Fernattacken zu bek\u00e4mpfen.<br \/>\nZorn wird, \u00e4hnlich wie bei Barbar und M\u00f6nch, durch diverse Fertigkeiten erzeugt. Im Gegensatz zu diesen regeneriert sie sich aber selbst &#8211; wenn auch nur langsam. Wenn Kreuzritter sich f\u00fcr den Kampf vorbereiten, beginnt ihr Zorn langsam, aber sicher aufzuflammen. Ein vom gerechtem Zorne \u00fcberkochender Kreuzritter ist beileibe ein gef\u00e4hrlicher Gegner: dann werden ganze Horden von Monstern mit Hilfe von himmlichen M\u00e4chten niedergestreckt. Zudem kann der Kreuzritter dabei sich und seine Gef\u00e4hrten mit heiligen Geboten in ihren F\u00e4higkeiten unterst\u00fctzen.<\/p>\n<p><a name=\"Lore\"><\/a><\/p>\n<h2>Hintergr\u00fcnde und Artwork<\/h2>\n<h3>Aus den Texten von Abd al-Hazir<\/h3>\n<p>Im \u00f6stlichen K\u00f6nigreich Kehjistan habe ich Ger\u00fcchte \u00fcber Krieger der Zakarum geh\u00f6rt, die Kreuzritter genannt werden. Die Einwohner waren diesbez\u00fcglich sehr verschwiegen, doch ich konnte kombinieren, dass dieser Orden vor zweihundert Jahren gegr\u00fcndet wurde, zur Zeit, als Rakkis seine Paladinarmee nach Westen f\u00fchrte. Doch diese Kreuzritter reisten gen Osten und hatten eine ganz andere Mission.<br \/>\nMeine Nachforschungen haben ergeben, dass ein hoher Geistlicher der Zakarum, Akkhan, die Verderbnis zu sp\u00fcren begann, die am Herzen seines Glaubens fra\u00df. Er wusste, dass sie mit der Zeit seine geliebte Kirche zerst\u00f6ren w\u00fcrde und dass er Handeln musste. Nach langem Beten kam Akkhan die Idee eines Kreuzritterordens.<br \/>\nAkkhan sammelte die frommsten, ehrgeizigsten und k\u00e4mpferischsten Zakarum-Gl\u00e4ubiger um sich. Er lehrte sie, die Macht des Lichts zu nutzen, wie es auch die neuen Paladine lernten. Doch diese Rekruten, diese Kreuzritter, gewannen einen Einblick in die Urkr\u00e4fte der Zakarum, wie ihn kein Paladin je erhalten h\u00e4tte.<\/p>\n<p><img decoding=\"async\" class=\"newsimage aligncenter size-full wp-image-476521\" src=\"\/wp-content\/uploads\/2014\/08\/artwork-class-crusader02-large.jpg\" width=\"100%\"><\/p>\n<p>ls die Kreuzritter alles gelernt hatten, was sie lernen konnten, entsandte Akkhan sie in die Welt. Sie sollten einen Weg finden, den Glauben der Zakarum von der Verderbnis zu reinigen, die sein Herz ergriffen hatte. Sie hatten kein klar umrissenes Ziel, und manche Geistlichen meinen, dass ihre M\u00fche vergebens und ihr Auftrag nie erf\u00fcllt werden k\u00f6nne. Doch die Kreuzritter lie\u00dfen sich nicht beirren.<br \/>\nDie Kreuzritter schworen, ihre Leben der Suche zu weihen. Keiner glaubte, dass er derjenige sein w\u00fcrde, der die Verderbnis fand, reinigte und so den Kreuzzug beendete. Die Kreuzritter glaubten, dass die Suche sie adelte und dass die Disziplin ihres Lebens und ihrer Reise das wahre Ziel war. Sie sollten in der Suche einen Sinn finden.<\/p>\n<p><a href=\"\/wp-content\/uploads\/2014\/08\/artwork-class-crusader07-large.jpg\"><img loading=\"lazy\" decoding=\"async\" class=\"newsimage alignright size-full wp-image-476521\" src=\"\/wp-content\/uploads\/2014\/08\/artwork-class-crusader07-large.jpg\" alt=\"\" width=\"200\" height=\"264\"><\/a><\/p>\n<p>Jeder einzelne Kreuzritter war ein Krieger von au\u00dfergew\u00f6hnlicher Kraft. Er beherrschte die Macht des Lichts, die Macht von Schwert und Schild und die Macht seiner selbst. Jeder hatte einen Eid abgelegt, als Kreuzritter zu leben und so zu sterben. Vor zweihundert Jahren machten sich die Kreuzritter mit ihren Knappen ins Sumpfland im Osten auf. Man hat nie wieder von ihnen geh\u00f6rt. Bis heute.<br \/>\nEs kursieren Ger\u00fcchte, dass die Kreuzritter zur\u00fcck sind und nach Westen ziehen wollen. Doch wer sind diese gro\u00dfen blonden Krieger? Sieh sehen ganz anders aus als die Kreuzritter, die vor zweihundert Jahren aus Travincal loszogen. Die Bewohner der Ruinen dieser uralten Stadt vermuten, dass etwas nicht mit rechten Dingen zugeht.<\/p>\n<p>Ich lernte unl\u00e4ngst einen zur\u00fcckgekehrten Kreuzritter kennen, und jetzt verstehe ich. Jeder Kreuzritter hatte einen Knappen. Wenn der Kreuzritter fiel, \u00fcbernahm der Knappe seine R\u00fcstung, seinen Rang im Orden und sogar seinen Namen! Als die erste Generation Kreuzritter fiel, nahmen Knappen ihre Identit\u00e4t an. Und so geht es seit zweihundert Jahren.<br \/>\nVon den urspr\u00fcnglichen 427 Kreuzrittern, die im Osten verschwanden, verbleiben 341. Wollen sie noch immer ihren Glauben wiederherstellen? Wie werden sie darauf reagieren, dass die Ursprungsstadt ihres Kreuzzugs zerst\u00f6rt ist? Werden sie gen Westen in die Westmark weiterziehen? Was bedeutet ihre R\u00fcckkehr?<\/p>\n","protected":false},"excerpt":{"rendered":"<p>Inhalt Allgemeine \u00dcbersicht Skills und Traits Das Lebens- und Zorn-System Hintergr\u00fcnde und Artworks Die Kreuzritter stammen vom selben Orden wie die Paladine ab &#8211; sie sind eine Elite-Einheit der Paladine. \u00c4hnlich wie diese beherrschen sie zum Beispiel die F\u00e4higkeit magische H\u00e4mmer um sich herum zu schleudern oder direkt den Zorn der Himmel in mannigfacher Form&hellip; <a class=\"more-link\" href=\"https:\/\/planetdiablo.eu\/de\/diablo-3\/die-charaktere\/die-kreuzritter\/\"><span class=\"screen-reader-text\">Diablo 3 &#8211; Kreuzritter<\/span> weiterlesen<\/a><\/p>\n","protected":false},"author":863,"featured_media":561378,"parent":445321,"menu_order":26,"comment_status":"closed","ping_status":"open","template":"","meta":{"footnotes":""},"class_list":["post-561366","page","type-page","status-publish","has-post-thumbnail","hentry","entry"],"_links":{"self":[{"href":"https:\/\/planetdiablo.eu\/de\/wp-json\/wp\/v2\/pages\/561366","targetHints":{"allow":["GET"]}}],"collection":[{"href":"https:\/\/planetdiablo.eu\/de\/wp-json\/wp\/v2\/pages"}],"about":[{"href":"https:\/\/planetdiablo.eu\/de\/wp-json\/wp\/v2\/types\/page"}],"author":[{"embeddable":true,"href":"https:\/\/planetdiablo.eu\/de\/wp-json\/wp\/v2\/users\/863"}],"replies":[{"embeddable":true,"href":"https:\/\/planetdiablo.eu\/de\/wp-json\/wp\/v2\/comments?post=561366"}],"version-history":[{"count":3,"href":"https:\/\/planetdiablo.eu\/de\/wp-json\/wp\/v2\/pages\/561366\/revisions"}],"predecessor-version":[{"id":582557,"href":"https:\/\/planetdiablo.eu\/de\/wp-json\/wp\/v2\/pages\/561366\/revisions\/582557"}],"up":[{"embeddable":true,"href":"https:\/\/planetdiablo.eu\/de\/wp-json\/wp\/v2\/pages\/445321"}],"wp:featuredmedia":[{"embeddable":true,"href":"https:\/\/planetdiablo.eu\/de\/wp-json\/wp\/v2\/media\/561378"}],"wp:attachment":[{"href":"https:\/\/planetdiablo.eu\/de\/wp-json\/wp\/v2\/media?parent=561366"}],"curies":[{"name":"wp","href":"https:\/\/api.w.org\/{rel}","templated":true}]}}