{"id":562134,"date":"2014-09-01T03:20:15","date_gmt":"2014-09-01T01:20:15","guid":{"rendered":"http:\/\/diablo3.ingame.de\/?page_id=562134"},"modified":"2014-09-01T03:20:15","modified_gmt":"2014-09-01T01:20:15","slug":"modding-guides","status":"publish","type":"page","link":"https:\/\/planetdiablo.eu\/de\/diablo-2\/modding-guides\/","title":{"rendered":"Diablo 2 Modding Tutorials &amp; Guides"},"content":{"rendered":"<p><img decoding=\"async\" src=\"http:\/\/diablo3.ingame.de\/files\/2014\/09\/modguide.jpg\" alt=\"Diablo 2 Modding Tutorials und Guides\" border=\"0\" class=\"wp-image aligncenter\"><\/p>\n<p>Hier findet ihr eine breite Auswahl an Diablo 2 Modding-Guides und Tutorials.<\/p>\n<p>Alle File-Guides, die mit <b>*<\/b> makiert sind, sind explizit f\u00fcr 1.10+ verfasst, bei den anderen<br \/>\nGuides k\u00f6nnten kleinere Abweichungen vorhanden sein. Falls ihr hier nicht das Gew\u00fcnschte findet, solltet ihr einen Blick in unser <a href=\"http:\/\/diablo3.ingame.de\/forum\/forums\/54-Forum-der-Modifikationen\">Modding-Forum<\/a> werfen.<br \/>\nDa kann nur noch frohes Modden von der Mod-Sektion und dem ganzen <span style=\"color:#ff5500\">in<\/span>Diablo.de Staff<br \/>\ngew\u00fcnscht werden. \ud83d\ude09<\/p>\n<ul>\n<li>\n    <a href=\"\/diablo-2\/modding-guides\/anfaengerguide\/\">Anf\u00e4ngerguide<\/a><\/li>\n<li>\n    <a href=\"\/diablo-2\/modding-guides\/armor\/\">Armor-Guide &#8211; Alles was mit R\u00fcstung zu tun hat<\/a><\/li>\n<li>\n    <a href=\"\/diablo-2\/modding-guides\/charlvl\/\">Charakter-Level Guide<\/a><\/li>\n<li>\n    <a href=\"\/diablo-2\/modding-guides\/charspez\/\">Charakterspezifische Gegenst\u00e4nde<\/a><\/li>\n<li>\n    <a href=\"\/diablo-2\/modding-guides\/charms\/\">Charm-Guide<\/a><\/li>\n<li>\n    <a href=\"\/diablo-2\/modding-guides\/charstats\/\">Charstats-Guide<\/a><\/li>\n<li>\n    <a href=\"\/diablo-2\/modding-guides\/chbg\/\">Critical Hit Bug Guide<\/a>*<\/li>\n<li>\n    <a href=\"\/diablo-2\/modding-guides\/cubemain\/\">Cubemain-Guide<\/a><\/li>\n<li>\n    <a href=\"\/diablo-2\/modding-guides\/ds1\/\">DS1 Map-Editor Guide<\/a><\/li>\n<li>\n    <a href=\"\/diablo-2\/modding-guides\/itemstats\/\">Eigenschaften auf Standarditems<\/a>\n  <\/li>\n<li>\n    <a href=\"\/diablo-2\/modding-guides\/formatierungen\/\">Formatierungs-Guide<\/a><\/li>\n<li>\n    <a href=\"\/diablo-2\/modding-guides\/gems\/\">Gems-Guide<\/a><\/li>\n<li>\n    <a href=\"\/diablo-2\/modding-guides\/druidenbug\/\">Lykanthropie Bug Guide<\/a>*<\/li>\n<li>\n    <a href=\"\/diablo-2\/modding-guides\/mmcl\/\">Magic Modifier Code List<\/a><\/li>\n<li>\n    <a href=\"\/diablo-2\/modding-guides\/magpfeile\/\">Magische Pfeile und Bolzen<\/a><\/li>\n<li>\n    <a href=\"\/diablo-2\/modding-guides\/missiles\/\">Missiles.txt<\/a><\/li>\n<li>\n    <a href=\"\/diablo-2\/modding-guides\/mpq2k\/\">mpq2k Guide<\/a><\/li>\n<li>\n    <a href=\"\/diablo-2\/modding-guides\/mpq2k2\/\">mpq2k und -direct-txt Guide<\/a><\/li>\n<li>\n    <a href=\"\/diablo-2\/modding-guides\/monsterguide\/\">Monsterguide<\/a><\/li>\n<li>\n    <a href=\"\/diablo-2\/modding-guides\/orientierungsguide\/\">Orientierungsguide: Zeigt alle wichtigen Tools, Datein und Literatur auf<\/a><\/li>\n<li>\n    <a href=\"\/diablo-2\/modding-guides\/runenwoerter\/\">Runenw\u00f6rter<\/a><\/li>\n<li>\n    <a href=\"\/diablo-2\/modding-guides\/inventory\/\">Stash-Guide<\/a><\/li>\n<li>\n    <a href=\"\/diablo-2\/modding-guides\/set1\/\">Set-Guide<\/a><\/li>\n<li>\n    <a href=\"\/diablo-2\/modding-guides\/set2\/\">Set-Guide 2<\/a><\/li>\n<li>\n    <a href=\"\/diablo-2\/modding-guides\/set3\/\">Setitems.txt<\/a>*<\/li>\n<li>\n    <a href=\"\/diablo-2\/modding-guides\/skilllevel\/\">Skill Level Guide<\/a>*<\/li>\n<li>\n    <a href=\"\/diablo-2\/modding-guides\/string\/\">Wie extrahiere ich die String-Dateien?<\/a><\/li>\n<li>\n    <a href=\"\/diablo-2\/modding-guides\/uniques\/\">Unique-Erstellung<\/a><\/li>\n<li>\n    <a href=\"\/diablo-2\/modding-guides\/uniques2\/\">Uniqueitems.txt<\/a>*<\/li>\n<li>\n    <a href=\"\/diablo-2\/modding-guides\/weapons\/\">Weapons.txt<\/a><\/li>\n<\/ul>\n","protected":false},"excerpt":{"rendered":"<p>Hier findet ihr eine breite Auswahl an Diablo 2 Modding-Guides und Tutorials. Alle File-Guides, die mit * makiert sind, sind explizit f\u00fcr 1.10+ verfasst, bei den anderen Guides k\u00f6nnten kleinere Abweichungen vorhanden sein. Falls ihr hier nicht das Gew\u00fcnschte findet, solltet ihr einen Blick in unser Modding-Forum werfen. Da kann nur noch frohes Modden von&hellip; <a class=\"more-link\" href=\"https:\/\/planetdiablo.eu\/de\/diablo-2\/modding-guides\/\"><span class=\"screen-reader-text\">Diablo 2 Modding Tutorials &amp; Guides<\/span> weiterlesen<\/a><\/p>\n","protected":false},"author":748,"featured_media":0,"parent":71,"menu_order":11,"comment_status":"open","ping_status":"open","template":"","meta":{"footnotes":""},"class_list":["post-562134","page","type-page","status-publish","hentry","entry"],"_links":{"self":[{"href":"https:\/\/planetdiablo.eu\/de\/wp-json\/wp\/v2\/pages\/562134","targetHints":{"allow":["GET"]}}],"collection":[{"href":"https:\/\/planetdiablo.eu\/de\/wp-json\/wp\/v2\/pages"}],"about":[{"href":"https:\/\/planetdiablo.eu\/de\/wp-json\/wp\/v2\/types\/page"}],"author":[{"embeddable":true,"href":"https:\/\/planetdiablo.eu\/de\/wp-json\/wp\/v2\/users\/748"}],"replies":[{"embeddable":true,"href":"https:\/\/planetdiablo.eu\/de\/wp-json\/wp\/v2\/comments?post=562134"}],"version-history":[{"count":0,"href":"https:\/\/planetdiablo.eu\/de\/wp-json\/wp\/v2\/pages\/562134\/revisions"}],"up":[{"embeddable":true,"href":"https:\/\/planetdiablo.eu\/de\/wp-json\/wp\/v2\/pages\/71"}],"wp:attachment":[{"href":"https:\/\/planetdiablo.eu\/de\/wp-json\/wp\/v2\/media?parent=562134"}],"curies":[{"name":"wp","href":"https:\/\/api.w.org\/{rel}","templated":true}]}}