{"id":562146,"date":"2014-09-01T03:40:38","date_gmt":"2014-09-01T01:40:38","guid":{"rendered":"http:\/\/diablo3.ingame.de\/?page_id=562146"},"modified":"2014-09-01T03:40:38","modified_gmt":"2014-09-01T01:40:38","slug":"charms","status":"publish","type":"page","link":"https:\/\/planetdiablo.eu\/de\/diablo-2\/modding-guides\/charms\/","title":{"rendered":"Diablo 2 Modding Guide &#8211; Unique-Charms erstellen"},"content":{"rendered":"<p>Brauchen tut man folgendes:<br \/>\n<span style=\"color:#FF0000!important\">itemtypes.txt <\/span>(Damit man Rare-Charms und Unique-Charms dropable macht)<br \/>\n<span style=\"color:#FF0000!important\">misc.txt<\/span>  (Damit man Unique-Charms m\u00f6glich macht)<br \/>\n<span style=\"color:#FF0000!important\">Uniqueitems.txt<\/span> (Damit man einen Unique-Charm einbauen kann)<br \/>\n<span style=\"color:#FF0000!important\">Ein Hirn zum denken und H\u00e4nde zum Tippen<\/span><br \/>\n<span style=\"color:#FF0000!important\">Microsoft Excel oder \u00e4hnliches Proggy<\/span>&#8211; Ich hab Excel benutzt<\/p>\n<p>So, als erstes \u00f6ffnen wir die <span style=\"color:#FF0000!important\">misc.txt<\/span> Hier werden folgende<br \/>\nVer\u00e4nderungen in den Reihen 98 (Small Charm), 99 (Medium Charm), 100 (Large Charm) gemacht.<\/p>\n<p>In Spalte AY (bitfield1) wird jeweils 1 eingetragen.<\/p>\n<p>Als n\u00e4chstes \u00f6ffnen wir die <span style=\"color:#FF0000!important\">itemtypes.txt<\/span>. Dort m\u00fcssen wir ein Paar kleine, aber wichtige Ver\u00e4nderungen durchf\u00fchren.<\/p>\n<p>Wenn man sucht, wird man sehen, dass die 3 Charm-Sorten in den Reihen 85 (Small Charm), 86 (Medium Charm), 87 (Large Charm) stehen und dann noch einmal Charm (Allgemein) in Reihe 15!<\/p>\n<p>Nun ver\u00e4ndern wir jeweils den Wert der Spalte P (Rare) auf 1.<\/p>\n<p>Und schon sind wir fertig. Jetzt  k\u00f6nnen Magische, Rare und auch Unique-Charms(Falls vorhanden) gedropt werden!<\/p>\n<p>Da noch keine Unique-Charms vorhanden sind, sollte man welche erstellen, gelle?<\/p>\n<p>Also hier mal ein Beispiel, aber ich gehe davon aus, dass ihr wisst, wie man Uniques erstellt:<\/p>\n<p>Wir wollen einen neuen Charm namen&#8217;s <span style=\"color:#00FF00!important\">D\u00f6nermann&#8217;s Wille<\/span> machen,<br \/>\nalso schreiben wir in der <span style=\"color:#FF0000!important\">UniqueItems.txt<\/span> in die n\u00e4chstbeste<br \/>\nfreie Reihe &#8222;D\u00f6nermann&#8217;s Wille&#8220;<\/p>\n<p>Dann stellen wir mit Hilfe <a href=\"\/diablo-2\/modding-guides\/uniques\/\">dieses Guides<\/a> die Werte nach unseren W\u00fcnschen ein.<\/p>\n<p><span style=\"color:#00FF00!important\">Kleine Zusatzinfo, damit ihr nicht nach dem 3-Stelligen Code der<br \/>\nCharms suchen m\u00fcsst: <br \/>\ncm1 ist der code f\u00fcr die kleinen Charms,<br \/>\ncm2 f\u00fcr die gro\u00dfen Charms und<br \/>\ncm3 f\u00fcr die riesigen Charms.<\/span> <\/p>\n<p>Dann erstellen wir noch den Eintrag in der patchstring.tbl:<br \/>\nKey: D\u00f6nermann&#8217;s Wille<br \/>\nRechts dann: D\u00d6nermann&#8217;s Wille <span style=\"color:#FF0000!important\">( \u00f6 ist ein Sonderzeichen deshalb m\u00fcssen wir  &#8222;\u00d6&#8220; eingeben. )<\/span><\/p>\n<p>So, und nun spielen bis ihr ihn findet, oder ihr baut ein Cuberecipe mit diesem Charm als Output.<\/p>\n<p>Und wenn ihr alles richtig gemacht habt, dann werdet ihr <a href=\"http:\/\/135.181.204.8\/wordpress\/wp-content\/uploads\/2014\/09\/uniquecharm.jpg\">so etwas<br \/>\noder so was \u00e4hnliches<\/a> im Inventar besitzen.<\/p>\n<p>Viel Spa\u00df noch damit, ich hoffe, dass ich half.<\/p>\n<p>PS: Ich hafte nicht f\u00fcr entstandene Sch\u00e4den, also sch\u00f6n Backups machen.<\/p>\n<p>Guide von Baalrunmaker<\/p>\n","protected":false},"excerpt":{"rendered":"<p>Brauchen tut man folgendes: itemtypes.txt (Damit man Rare-Charms und Unique-Charms dropable macht) misc.txt (Damit man Unique-Charms m\u00f6glich macht) Uniqueitems.txt (Damit man einen Unique-Charm einbauen kann) Ein Hirn zum denken und H\u00e4nde zum Tippen Microsoft Excel oder \u00e4hnliches Proggy&#8211; Ich hab Excel benutzt So, als erstes \u00f6ffnen wir die misc.txt Hier werden folgende Ver\u00e4nderungen in den&hellip; <a class=\"more-link\" href=\"https:\/\/planetdiablo.eu\/de\/diablo-2\/modding-guides\/charms\/\"><span class=\"screen-reader-text\">Diablo 2 Modding Guide &#8211; Unique-Charms erstellen<\/span> weiterlesen<\/a><\/p>\n","protected":false},"author":748,"featured_media":0,"parent":562134,"menu_order":0,"comment_status":"open","ping_status":"open","template":"","meta":{"footnotes":""},"class_list":["post-562146","page","type-page","status-publish","hentry","entry"],"_links":{"self":[{"href":"https:\/\/planetdiablo.eu\/de\/wp-json\/wp\/v2\/pages\/562146","targetHints":{"allow":["GET"]}}],"collection":[{"href":"https:\/\/planetdiablo.eu\/de\/wp-json\/wp\/v2\/pages"}],"about":[{"href":"https:\/\/planetdiablo.eu\/de\/wp-json\/wp\/v2\/types\/page"}],"author":[{"embeddable":true,"href":"https:\/\/planetdiablo.eu\/de\/wp-json\/wp\/v2\/users\/748"}],"replies":[{"embeddable":true,"href":"https:\/\/planetdiablo.eu\/de\/wp-json\/wp\/v2\/comments?post=562146"}],"version-history":[{"count":0,"href":"https:\/\/planetdiablo.eu\/de\/wp-json\/wp\/v2\/pages\/562146\/revisions"}],"up":[{"embeddable":true,"href":"https:\/\/planetdiablo.eu\/de\/wp-json\/wp\/v2\/pages\/562134"}],"wp:attachment":[{"href":"https:\/\/planetdiablo.eu\/de\/wp-json\/wp\/v2\/media?parent=562146"}],"curies":[{"name":"wp","href":"https:\/\/api.w.org\/{rel}","templated":true}]}}