{"id":562156,"date":"2014-09-01T03:55:28","date_gmt":"2014-09-01T01:55:28","guid":{"rendered":"http:\/\/diablo3.ingame.de\/?page_id=562156"},"modified":"2014-09-01T03:55:28","modified_gmt":"2014-09-01T01:55:28","slug":"druidenbug","status":"publish","type":"page","link":"https:\/\/planetdiablo.eu\/de\/diablo-2\/modding-guides\/druidenbug\/","title":{"rendered":"Diablo 2 Modding Guide &#8211; Fix des Lykanthropie-Bugs"},"content":{"rendered":"<p align=\"justify\">Beim Druiden gibts einen Bug, der daf\u00fcr verantwortlich ist, dass wenn man<br \/>\nLykanthropie auf einem hohen SLvl hat und sich dann in Werwolf\/Werb\u00e4r<br \/>\nverwandelt das Spiel crasht. Dieser <b>Druiden-Wandelform-Bug<\/b> h\u00e4ngt mal<br \/>\nwieder mit schlampiger Programmiererei zusammen und wird dadurch ausgel\u00f6st,<br \/>\ndass ein in den dlls eingestellter H\u00f6chstwert f\u00fcr den Skill-Level \u00fcberschritten<br \/>\nwird.<br \/>\nDieser kann jedoch recht einfach repariert werden:<\/p>\n<p><b>Version LoD 1.09d (die aktuellste derzeit)<\/b><\/p>\n<p><i>D2Client.dll<\/i><\/p>\n<table>\n<tr>\n<th>Offset\/Adresse<\/th>\n<th>Code<\/th>\n<\/tr>\n<tr>\n<td>A8B5E<\/td>\n<td>83 F8 XX<\/td>\n<\/tr>\n<tr>\n<td>A8B6F<\/td>\n<td>83 FF XX<\/td>\n<\/tr>\n<tr>\n<td>A8DCE<\/td>\n<td>83 F8 XX<\/td>\n<\/tr>\n<tr>\n<td>A8DDF<\/td>\n<td>83 FF XX<\/td>\n<\/tr>\n<\/table>\n<p><b>Version LoD 1.09b<\/b><\/p>\n<p><i>D2Client.dll<\/i><\/p>\n<table>\n<tr>\n<th>Offset\/Adresse<\/th>\n<th>Code<\/th>\n<\/tr>\n<tr>\n<td>A97DE<\/td>\n<td>83 F8 XX<\/td>\n<\/tr>\n<tr>\n<td>A97EF<\/td>\n<td>83 FF XX<\/td>\n<\/tr>\n<tr>\n<td>A9A4E<\/td>\n<td>83 F8 XX<\/td>\n<\/tr>\n<tr>\n<td>A9A5F<\/td>\n<td>83 FF XX<\/td>\n<\/tr>\n<\/table>\n<p align=\"justify\">Einfach die 14, die bei XX in den Original-Dateien steht durch h\u00f6here Werte<br \/>\nersetzen (z.B. 2D, enspricht 45).<\/p>\n<p><\/p>\n<p>Guide von Red Havoc<\/p>\n","protected":false},"excerpt":{"rendered":"<p>Beim Druiden gibts einen Bug, der daf\u00fcr verantwortlich ist, dass wenn man Lykanthropie auf einem hohen SLvl hat und sich dann in Werwolf\/Werb\u00e4r verwandelt das Spiel crasht. Dieser Druiden-Wandelform-Bug h\u00e4ngt mal wieder mit schlampiger Programmiererei zusammen und wird dadurch ausgel\u00f6st, dass ein in den dlls eingestellter H\u00f6chstwert f\u00fcr den Skill-Level \u00fcberschritten wird. Dieser kann jedoch&hellip; <a class=\"more-link\" href=\"https:\/\/planetdiablo.eu\/de\/diablo-2\/modding-guides\/druidenbug\/\"><span class=\"screen-reader-text\">Diablo 2 Modding Guide &#8211; Fix des Lykanthropie-Bugs<\/span> weiterlesen<\/a><\/p>\n","protected":false},"author":748,"featured_media":0,"parent":562134,"menu_order":0,"comment_status":"open","ping_status":"open","template":"","meta":{"footnotes":""},"class_list":["post-562156","page","type-page","status-publish","hentry","entry"],"_links":{"self":[{"href":"https:\/\/planetdiablo.eu\/de\/wp-json\/wp\/v2\/pages\/562156","targetHints":{"allow":["GET"]}}],"collection":[{"href":"https:\/\/planetdiablo.eu\/de\/wp-json\/wp\/v2\/pages"}],"about":[{"href":"https:\/\/planetdiablo.eu\/de\/wp-json\/wp\/v2\/types\/page"}],"author":[{"embeddable":true,"href":"https:\/\/planetdiablo.eu\/de\/wp-json\/wp\/v2\/users\/748"}],"replies":[{"embeddable":true,"href":"https:\/\/planetdiablo.eu\/de\/wp-json\/wp\/v2\/comments?post=562156"}],"version-history":[{"count":0,"href":"https:\/\/planetdiablo.eu\/de\/wp-json\/wp\/v2\/pages\/562156\/revisions"}],"up":[{"embeddable":true,"href":"https:\/\/planetdiablo.eu\/de\/wp-json\/wp\/v2\/pages\/562134"}],"wp:attachment":[{"href":"https:\/\/planetdiablo.eu\/de\/wp-json\/wp\/v2\/media?parent=562156"}],"curies":[{"name":"wp","href":"https:\/\/api.w.org\/{rel}","templated":true}]}}