{"id":562316,"date":"2014-09-01T16:03:03","date_gmt":"2014-09-01T14:03:03","guid":{"rendered":"http:\/\/diablo3.ingame.de\/?page_id=562316"},"modified":"2022-04-19T17:29:44","modified_gmt":"2022-04-19T15:29:44","slug":"inventory","status":"publish","type":"page","link":"https:\/\/planetdiablo.eu\/de\/diablo-2\/modding-guides\/inventory\/","title":{"rendered":"Diablo 2 Modding Guide &#8211; Truhe vergr\u00f6\u00dfern"},"content":{"rendered":"<p>Zuerst muss die <span style=\"color:#00FF00!important\">inventory.txt<\/span> aus der <span style=\"color:#00FF00!important\"><b>d2exp.mpq<\/b><\/span><br \/>\nmit dem MPQView extrahiert werden.<\/p>\n<p align=\"center\"><img decoding=\"async\" src=\"http:\/\/diablo3.ingame.de\/files\/2014\/09\/inv1.gif\" border=\"0\"><\/p>\n<p>Danach \u00f6ffnet man diese .txt Datei mit Excel und geht zu den Zeilen <span style=\"color:#00FF00!important\">15<\/span> und <span style=\"color:#00FF00!important\">31<\/span><br \/>\nwelche <span style=\"color:#00FF00!important\">Big Bank Page 1<\/span> bzw. <span style=\"color:#00FF00!important\">Big<br \/>\nBank Page2<\/span> hei\u00dfen. Dann muss man in die Spalten <span style=\"color:#00FF00!important\">F<br \/>\n(gridRows)<\/span> f\u00fcr die Anzahl der K\u00e4stchen der L\u00e4nge und <span style=\"color:#00FF00!important\">G<br \/>\n(gridCols)<\/span> f\u00fcr die Anzahl der K\u00e4stchen der H\u00f6he durch die gew\u00fcnschte<br \/>\nZahl ver\u00e4ndert werden. In diesem Beispiel durch <span style=\"color:#00FF00!important\">10<\/span>.<\/p>\n<p align=\"center\"><img decoding=\"async\" src=\"http:\/\/diablo3.ingame.de\/files\/2014\/09\/inv2.gif\" width=\"100%\" border=\"0\"><\/p>\n<p>Als n\u00e4chstes muss noch der Bereich, der im Spiel f\u00fcr die neuen K\u00e4stchen ben\u00f6tigt eingetragen werden. Dieser Bereich bezieht<br \/>\nsich auf das Fenster von der Kiste. Wenn er nicht angepasst wird, dann werden zwar die 10&#215;10 K\u00e4stchen unterst\u00fctzt, aber der vorgebene Bereich ist<br \/>\nzu klein, sodass durch das sp\u00e4tere Einf\u00fcgen der Grafik die K\u00e4stchen zu sehen, aber nicht alle Benutzbar sind. Um den Bereich einzustellen m\u00fcssen<br \/>\ndie Grenzen bei den Spalten <span style=\"color:#00FF00!important\">H (gridLeft)<\/span>, <span style=\"color:#00FF00!important\">I (gridRight)<\/span>, <span style=\"color:#00FF00!important\">J (gridTop)<\/span> und<br \/>\n<span style=\"color:#00FF00!important\">K (gridBottom)<\/span> ge\u00e4ndert werden. Die Angaben sind alle in Pixel.<br \/>\nF\u00fcr unser 10&#215;10 Beispiel w\u00e4re es folgenderma\u00dfen:<br \/>\n<span style=\"color:#00FF00!important\">H<\/span> &#8211;&gt; <span style=\"color:#00FF00!important\">16<\/span><br \/>\n<span style=\"color:#00FF00!important\">I<\/span> &#8211;&gt; <span style=\"color:#00FF00!important\">302<\/span><br \/>\n<span style=\"color:#00FF00!important\">J<\/span> &#8211;&gt; <span style=\"color:#00FF00!important\">82<\/span> (bleibt gleich, was sp\u00e4ter auch an der neuen Grafik nachvollzogen werden kann)<br \/>\n<span style=\"color:#00FF00!important\">K<\/span> &#8211;&gt; <span style=\"color:#00FF00!important\">371<\/span><\/p>\n<p>Dann speichert ihr ab und und packt diese Datei in die mpq in den Pfad <span style=\"color:#00FF00!important\">data\\global\\excel\\inventory.txt<\/span>.<\/p>\n<p align=\"center\">\n<img decoding=\"async\" src=\"http:\/\/diablo3.ingame.de\/files\/2014\/09\/inv3.gif\" border=\"0\"><\/p>\n<p>Diese gemoddete mpq kopiert ihr dann ins D2 Verzeichnis und startet kurz das<br \/>\nSpiel \u00fcber &#8222;Ausf\u00fchren&#8220; (bei dem Windows-Knopf in der linken unteren<br \/>\nEcke) mit folgendem Aufruf: <span style=\"color:#00FF00!important\">&#8222;C:\\Programme\\Diablo II\\Game.exe&#8220;<br \/>\n-txt<\/span> dann verlast ihr gleich wieder das Spiel, denn ihr habt somit eben<br \/>\ndie noch f\u00fcr die mpq ben\u00f6tigte inventory.bin Datei erstellt, welche sich dann<br \/>\nin eurem D2 Verzeichnis unter Diablo II\\data\\global\\excel befindet.<\/p>\n<p align=\"center\">\n<img decoding=\"async\" src=\"http:\/\/diablo3.ingame.de\/files\/2014\/09\/inv4.gif\" border=\"0\"><\/p>\n<p>Diese f\u00fcgt ihr zur mpq mit dem Pfad <span style=\"color:#00FF00!important\">data\\global\\excel\\inventory.bin<\/span><br \/>\nzus\u00e4tzlich mit der <a href=\"http:\/\/135.181.204.8\/wordpress\/wp-content\/uploads\/2014\/09\/TradeStash.zip\">Tradestash.dc6<\/a>,<br \/>\nwelche in <span style=\"color:#00FF00!important\">data\\excel\\ui\\PANEL\\tradestash.dc6<\/span><br \/>\nlandet. Dieses Bild muss sein, da sonst eure Kiste ein wenig komsich aussieht.<br \/>\nWenn nun diese drei Dateien in der patch_d2.mpq gepackt sind, ist euer Mod<br \/>\nfertig <img loading=\"lazy\" decoding=\"async\" alt=\"\" src=\"biggrin.gif\" width=\"15\" height=\"15\" border=\"0\"><\/p>\n<p>Anmerkung: die Zeilen <span style=\"color:#00FF00!important\">Bank Page 1<\/span> und <span style=\"color:#00FF00!important\">Bank<br \/>\nPage2<\/span> in der inventory.txt sind f\u00fcr Classic.<\/p>\n<p>Guide von TigerSeele<\/p>\n","protected":false},"excerpt":{"rendered":"<p>Zuerst muss die inventory.txt aus der d2exp.mpq mit dem MPQView extrahiert werden. Danach \u00f6ffnet man diese .txt Datei mit Excel und geht zu den Zeilen 15 und 31 welche Big Bank Page 1 bzw. Big Bank Page2 hei\u00dfen. Dann muss man in die Spalten F (gridRows) f\u00fcr die Anzahl der K\u00e4stchen der L\u00e4nge und G&hellip; <a class=\"more-link\" href=\"https:\/\/planetdiablo.eu\/de\/diablo-2\/modding-guides\/inventory\/\"><span class=\"screen-reader-text\">Diablo 2 Modding Guide &#8211; Truhe vergr\u00f6\u00dfern<\/span> weiterlesen<\/a><\/p>\n","protected":false},"author":748,"featured_media":0,"parent":562134,"menu_order":0,"comment_status":"closed","ping_status":"open","template":"","meta":{"footnotes":""},"class_list":["post-562316","page","type-page","status-publish","hentry","entry"],"_links":{"self":[{"href":"https:\/\/planetdiablo.eu\/de\/wp-json\/wp\/v2\/pages\/562316","targetHints":{"allow":["GET"]}}],"collection":[{"href":"https:\/\/planetdiablo.eu\/de\/wp-json\/wp\/v2\/pages"}],"about":[{"href":"https:\/\/planetdiablo.eu\/de\/wp-json\/wp\/v2\/types\/page"}],"author":[{"embeddable":true,"href":"https:\/\/planetdiablo.eu\/de\/wp-json\/wp\/v2\/users\/748"}],"replies":[{"embeddable":true,"href":"https:\/\/planetdiablo.eu\/de\/wp-json\/wp\/v2\/comments?post=562316"}],"version-history":[{"count":1,"href":"https:\/\/planetdiablo.eu\/de\/wp-json\/wp\/v2\/pages\/562316\/revisions"}],"predecessor-version":[{"id":585529,"href":"https:\/\/planetdiablo.eu\/de\/wp-json\/wp\/v2\/pages\/562316\/revisions\/585529"}],"up":[{"embeddable":true,"href":"https:\/\/planetdiablo.eu\/de\/wp-json\/wp\/v2\/pages\/562134"}],"wp:attachment":[{"href":"https:\/\/planetdiablo.eu\/de\/wp-json\/wp\/v2\/media?parent=562316"}],"curies":[{"name":"wp","href":"https:\/\/api.w.org\/{rel}","templated":true}]}}