{"id":562327,"date":"2014-09-01T16:22:14","date_gmt":"2014-09-01T14:22:14","guid":{"rendered":"http:\/\/diablo3.ingame.de\/?page_id=562327"},"modified":"2014-09-01T16:22:14","modified_gmt":"2014-09-01T14:22:14","slug":"charlvl","status":"publish","type":"page","link":"https:\/\/planetdiablo.eu\/de\/diablo-2\/modding-guides\/charlvl\/","title":{"rendered":"Diablo 2 Modding Guide &#8211; Charakter-Level erh\u00f6hen"},"content":{"rendered":"<p>Als erstes muss die <span style=\"color:#00FF00!important\">experience.txt<\/span> aus der <span style=\"color:#00FF00!important\"><b>d2exp.mpq<\/b><\/span> extrahiert werden.<\/p>\n<p align=\"center\"><img decoding=\"async\" src=\"http:\/\/diablo3.ingame.de\/files\/2014\/09\/inv1.gif\" border=\"0\"><\/p>\n<p>In der zweiten Zeile, welche <span style=\"color:#00FF00!important\">MaxLvl<\/span> hei\u00dft, wird der maximal erreichbare<br \/>\nLevel des Charakters festgelegt, dies kann f\u00fcr jeden Charakter verschieden<br \/>\nsein, jedoch sollte es aus Solidarit\u00e4tsgr\u00fcnden f\u00fcr jeden Charakter gleich<br \/>\nviele Level geben.<\/p>\n<p align=\"center\"><img decoding=\"async\" src=\"http:\/\/diablo3.ingame.de\/files\/2014\/09\/exp1.gif\" border=\"0\"><\/p>\n<p>Danach geht es am Ende der Liste mit Ver\u00e4ndern weiter, denn in der Spalte <span style=\"color:#00FF00!important\">A<\/span><br \/>\nwird der jeweilige Level genannt und in den anderen Spalten werden die<br \/>\nben\u00f6tigten Erfahrungspunkte eingetragen. Spalte <span style=\"color:#00FF00!important\">B= Amazone, C= Zauberin, D=<br \/>\nTotenbeschw\u00f6rer, E= Paladin, F= Barbar, G= Druide<\/span> und <span style=\"color:#00FF00!important\">H= Assassine<\/span>. So wird<br \/>\ndann f\u00fcr jedes Level ein bestimmter Wert festgelegt. Man muss aber vor allem<br \/>\nbeachten, wenn man neue Level hinzuf\u00fcgt, dass es immer um einige Punkte<br \/>\nzunimmt, da sonst das Spiel abst\u00fcrzt.<\/p>\n<p align=\"center\"><img decoding=\"async\" src=\"http:\/\/diablo3.ingame.de\/files\/2014\/09\/exp2.gif\" border=\"0\"><\/p>\n<p>So werden schlie\u00dflich immer weitere Zeilen angelegt, bis man alle Level, die<br \/>\nin Zeile B freigeschaltet wurden, definiert sind. Nur noch speichern und<br \/>\nletztendlich in die patch_d2.mpq einf\u00fcgen. Voil\u00e0, noch ein kleiner Schritt<br \/>\neures gro\u00dfen Modprojektes ist fertig.<br \/>\n<span style=\"color:#FF0000!important\">Achtung:<\/span> Nicht \u00fcber 5,000,000,000 Erfahrungspunkte gehen, da dies Maximum von<br \/>\nD2 ist, man kann zwar auch das beheben, doch das ist ein wenig komplizierter,<br \/>\nsodass man sich mit dieser Anzahl erst einmal begn\u00fcgen sollte.<\/p>\n<p><\/p>\n<p>\nGuide von TigerSeele<\/p>\n","protected":false},"excerpt":{"rendered":"<p>Als erstes muss die experience.txt aus der d2exp.mpq extrahiert werden. In der zweiten Zeile, welche MaxLvl hei\u00dft, wird der maximal erreichbare Level des Charakters festgelegt, dies kann f\u00fcr jeden Charakter verschieden sein, jedoch sollte es aus Solidarit\u00e4tsgr\u00fcnden f\u00fcr jeden Charakter gleich viele Level geben. Danach geht es am Ende der Liste mit Ver\u00e4ndern weiter, denn&hellip; <a class=\"more-link\" href=\"https:\/\/planetdiablo.eu\/de\/diablo-2\/modding-guides\/charlvl\/\"><span class=\"screen-reader-text\">Diablo 2 Modding Guide &#8211; Charakter-Level erh\u00f6hen<\/span> weiterlesen<\/a><\/p>\n","protected":false},"author":748,"featured_media":0,"parent":562134,"menu_order":0,"comment_status":"open","ping_status":"open","template":"","meta":{"footnotes":""},"class_list":["post-562327","page","type-page","status-publish","hentry","entry"],"_links":{"self":[{"href":"https:\/\/planetdiablo.eu\/de\/wp-json\/wp\/v2\/pages\/562327","targetHints":{"allow":["GET"]}}],"collection":[{"href":"https:\/\/planetdiablo.eu\/de\/wp-json\/wp\/v2\/pages"}],"about":[{"href":"https:\/\/planetdiablo.eu\/de\/wp-json\/wp\/v2\/types\/page"}],"author":[{"embeddable":true,"href":"https:\/\/planetdiablo.eu\/de\/wp-json\/wp\/v2\/users\/748"}],"replies":[{"embeddable":true,"href":"https:\/\/planetdiablo.eu\/de\/wp-json\/wp\/v2\/comments?post=562327"}],"version-history":[{"count":0,"href":"https:\/\/planetdiablo.eu\/de\/wp-json\/wp\/v2\/pages\/562327\/revisions"}],"up":[{"embeddable":true,"href":"https:\/\/planetdiablo.eu\/de\/wp-json\/wp\/v2\/pages\/562134"}],"wp:attachment":[{"href":"https:\/\/planetdiablo.eu\/de\/wp-json\/wp\/v2\/media?parent=562327"}],"curies":[{"name":"wp","href":"https:\/\/api.w.org\/{rel}","templated":true}]}}