{"id":562418,"date":"2014-09-08T03:30:56","date_gmt":"2014-09-08T01:30:56","guid":{"rendered":"http:\/\/diablo3.ingame.de\/?page_id=562418"},"modified":"2021-08-11T22:24:36","modified_gmt":"2021-08-11T20:24:36","slug":"kreuzritter-traits","status":"publish","type":"page","link":"https:\/\/planetdiablo.eu\/de\/diablo-3\/die-charaktere\/die-kreuzritter\/kreuzritter-traits\/","title":{"rendered":"Diablo 3 &#8211; Traits der Kreuzritter"},"content":{"rendered":"<p><i>Die Passive Fertigkeiten (engl. Traits f\u00fcr Charakterzug) sind Eigenschaften, die unabh\u00e4ngig von den Skills der Klasse ausgesucht werden k\u00f6nnen. Insgesamt kann man aus den nachfolgenden Traits auf Stufe 70 vier (in Classic drei) ausw\u00e4hlen, die dem Charakter dann zur Verf\u00fcgung stehen.<\/i><\/p>\n<p><a href=\"#Himmlische St\u00e4rke\">Himmlische St\u00e4rke<\/a> | <a href=\"#Inbrunst\">Inbrunst<\/a> | <a href=\"#Auf der Hut\">Auf der Hut<\/a> | <a href=\"#Rechtschaffenheit\">Rechtschaffenheit<\/a> | <a href=\"#Unbezwingbar\">Unbezwingbar<\/a> | <a href=\"#Fanatismus\">Fanatismus<\/a> | <a href=\"#Unzerst\u00f6rbar\">Unzerst\u00f6rbar<\/a> | <a href=\"#Heilige Mission\">Heilige Mission<\/a> | <a href=\"#Zornerf\u00fcllt\">Zornerf\u00fcllt<\/a> | <a href=\"#Himmlische Festung\">Himmlische Festung<\/a> | <a href=\"#Oberkommandant\">Oberkommandant<\/a> | <a href=\"#Standhalten\">Standhalten<\/a> | <a href=\"#Gebot ist Gebot\">Gebot ist Gebot<\/a> | <a href=\"#Eiserne Jungfrau\">Eiserne Jungfrau<\/a> | <a href=\"#Erneuerung\">Erneuerung<\/a> | <a href=\"#Pracht\">Pracht<\/a> | <a href=\"#Zermalmen\">Zermalmen<\/a> | <a href=\"#Turmhoher Schild\">Turmhoher Schild<\/a><\/p>\n<h2 id=\"Himmlische St\u00e4rke\">Himmlische St\u00e4rke<\/h2>\n<div><img decoding=\"async\" src=\"http:\/\/135.181.204.8\/wordpress\/wp-content\/uploads\/2014\/04\/x1_crusader_passive_heavenlystrength.png\" alt=\"Himmlische St\u00e4rke\" style=\"float:left!important;margin-right:40px;margin-bottom:10px\"><\/div>\n<ul style=\"margin-bottom:55px;margin-top:40px\">\n<li>Verf\u00fcgbar ab Level 10<\/li>\n<\/ul>\n<p>Ihr k\u00f6nnt eine Zweihandwaffe in Eurer Waffenhand f\u00fchren, w\u00e4hrend Ihr gleichzeitig einen Schild in Eurer Nebenhand tragt.<br \/>\nReduziert Euren verursachten Schaden um <span class=\"skcolor\">20%<\/span>.<\/p>\n<h2 id=\"Inbrunst\">Inbrunst<\/h2>\n<div><img decoding=\"async\" src=\"http:\/\/135.181.204.8\/wordpress\/wp-content\/uploads\/2014\/04\/x1_crusader_passive_fervor.png\" alt=\"Inbrunst\" style=\"float:left!important;margin-right:40px;margin-bottom:10px\"><\/div>\n<ul style=\"margin-bottom:55px;margin-top:40px\">\n<li>Verf\u00fcgbar ab Level 10<\/li>\n<\/ul>\n<p>Erh\u00f6ht Eure Angriffsgeschwindigkeit um <span class=\"skcolor\">15%<\/span> und reduziert alle Abklingzeiten um <span class=\"skcolor\">15%<\/span>, wenn Ihr eine Einhandwaffe verwendet.<\/p>\n<h2 id=\"Auf der Hut\">Auf der Hut<\/h2>\n<div><img decoding=\"async\" src=\"http:\/\/135.181.204.8\/wordpress\/wp-content\/uploads\/2014\/04\/x1_crusader_passive_vigilant.png\" alt=\"Auf der Hut\" style=\"float:left!important;margin-right:40px;margin-bottom:10px\"><\/div>\n<ul style=\"margin-bottom:55px;margin-top:40px\">\n<li>Verf\u00fcgbar ab Level 13<\/li>\n<\/ul>\n<p>Erh\u00f6ht die Lebensregeneration um <span class=\"skcolor\">2682<\/span>.<br \/>\nReduziert jeglichen erlittenen nicht physischen Schaden um <span class=\"skcolor\">20%<\/span>.<\/p>\n<h2 id=\"Rechtschaffenheit\">Rechtschaffenheit<\/h2>\n<div><img decoding=\"async\" src=\"http:\/\/135.181.204.8\/wordpress\/wp-content\/uploads\/2014\/04\/x1_crusader_passive_righteousness.png\" alt=\"Rechtschaffenheit\" style=\"float:left!important;margin-right:40px;margin-bottom:10px\"><\/div>\n<ul style=\"margin-bottom:55px;margin-top:40px\">\n<li>Verf\u00fcgbar ab Level 16<\/li>\n<\/ul>\n<p>Eure Prim\u00e4rfertigkeiten erzeugen zus\u00e4tzlich <span class=\"skcolor\">3<\/span> Zorn.<br \/>\nMaximaler Zorn um <span class=\"skcolor\">30<\/span> erh\u00f6ht.<\/p>\n<h2 id=\"Unbezwingbar\">Unbezwingbar<\/h2>\n<div><img decoding=\"async\" src=\"http:\/\/135.181.204.8\/wordpress\/wp-content\/uploads\/2014\/04\/x1_crusader_passive_insurmountable.png\" alt=\"Unbezwingbar\" style=\"float:left!important;margin-right:40px;margin-bottom:10px\"><\/div>\n<ul style=\"margin-bottom:55px;margin-top:40px\">\n<li>Verf\u00fcgbar ab Level 20<\/li>\n<\/ul>\n<p>Einen Angriff abzublocken erzeugt <span class=\"skcolor\">6<\/span> Zorn.<\/p>\n<h2 id=\"Fanatismus\">Fanatismus<\/h2>\n<div><img decoding=\"async\" src=\"http:\/\/135.181.204.8\/wordpress\/wp-content\/uploads\/2014\/04\/x1_crusader_passive_nephalemmajesty.png\" alt=\"Fanatismus\" style=\"float:left!important;margin-right:40px;margin-bottom:10px\"><\/div>\n<ul style=\"margin-bottom:55px;margin-top:40px\">\n<li>Verf\u00fcgbar ab Level 20<\/li>\n<\/ul>\n<p>Erh\u00f6ht die Angriffsgeschwindigkeit von &#8218;Bestrafen&#8216;, &#8218;Schlitzen&#8216;, &#8218;Niederstrecken&#8216; und &#8218;Gerechtigkeit&#8216; um <span class=\"skcolor\">15%<\/span>.<\/p>\n<h2 id=\"Unzerst\u00f6rbar\">Unzerst\u00f6rbar<\/h2>\n<div><img decoding=\"async\" src=\"http:\/\/135.181.204.8\/wordpress\/wp-content\/uploads\/2014\/04\/x1_crusader_passive_indestructible.png\" alt=\"Unzerst\u00f6rbar\" style=\"float:left!important;margin-right:40px;margin-bottom:10px\"><\/div>\n<ul style=\"margin-bottom:55px;margin-top:40px\">\n<li>Verf\u00fcgbar ab Level 25<\/li>\n<\/ul>\n<p>Wenn Ihr t\u00f6dlichen Schaden erleiden w\u00fcrdet, werdet Ihr stattdessen gegen Schaden immun. Au\u00dferdem wird Euer verursachter Schaden um <span class=\"skcolor\">35%<\/span> und Euer Leben pro get\u00f6tetem Gegner um <span class=\"skcolor\">107284<\/span> erh\u00f6ht. Dieser Effekt h\u00e4lt <span class=\"skcolor\">5<\/span> Sek. lang an.<\/p>\n<p>Dieser Effekt kann nur einmal alle <span class=\"skcolor\">60<\/span> Sek. auftreten.<\/p>\n<h2 id=\"Heilige Mission\">Heilige Mission<\/h2>\n<div><img decoding=\"async\" src=\"http:\/\/135.181.204.8\/wordpress\/wp-content\/uploads\/2014\/04\/x1_crusader_passive_holycause.png\" alt=\"Heilige Mission\" style=\"float:left!important;margin-right:40px;margin-bottom:10px\"><\/div>\n<ul style=\"margin-bottom:55px;margin-top:40px\">\n<li>Verf\u00fcgbar ab Level 27<\/li>\n<\/ul>\n<p>Der Schaden Eurer Waffe wird um <span class=\"skcolor\">10%<\/span> erh\u00f6ht.<br \/>\nImmer wenn Ihr Heiligschaden verursacht, werdet Ihr um bis zu <span class=\"skcolor\">1%<\/span> Eures maximalen Lebens geheilt.<\/p>\n<h2 id=\"Zornerf\u00fcllt\">Zornerf\u00fcllt<\/h2>\n<div><img decoding=\"async\" src=\"http:\/\/135.181.204.8\/wordpress\/wp-content\/uploads\/2014\/04\/x1_crusader_passive_wrathful.png\" alt=\"Zornerf\u00fcllt\" style=\"float:left!important;margin-right:40px;margin-bottom:10px\"><\/div>\n<ul style=\"margin-bottom:55px;margin-top:40px\">\n<li>Verf\u00fcgbar ab Level 30<\/li>\n<\/ul>\n<p>Jeder verbrauchte Punkt Zorn heilt Euch um <span class=\"skcolor\">1341<\/span>.<br \/>\nDer geheilte Wert wird um <span class=\"skcolor\">1%<\/span> Eures Bonus auf Heilkugelheilung erh\u00f6ht.<\/p>\n<h2 id=\"Himmlische Festung\">Himmlische Festung<\/h2>\n<div><img decoding=\"async\" src=\"http:\/\/135.181.204.8\/wordpress\/wp-content\/uploads\/2014\/04\/x1_crusader_passive_divinefortress.png\" alt=\"Himmlische Festung\" style=\"float:left!important;margin-right:40px;margin-bottom:10px\"><\/div>\n<ul style=\"margin-bottom:55px;margin-top:40px\">\n<li>Verf\u00fcgbar ab Level 30<\/li>\n<\/ul>\n<p>Eure R\u00fcstung wird um einen Prozentsatz erh\u00f6ht, der der Blockchance Eures Schilds entspricht.<\/p>\n<h2 id=\"Oberkommandant\">Oberkommandant<\/h2>\n<div><img decoding=\"async\" src=\"http:\/\/135.181.204.8\/wordpress\/wp-content\/uploads\/2014\/04\/x1_crusader_passive_lordcommander.png\" alt=\"Oberkommandant\" style=\"float:left!important;margin-right:40px;margin-bottom:10px\"><\/div>\n<ul style=\"margin-bottom:55px;margin-top:40px\">\n<li>Verf\u00fcgbar ab Level 35<\/li>\n<\/ul>\n<p>Reduziert die Abklingzeit von &#8218;Kavallerie&#8216; um <span class=\"skcolor\">25%<\/span> und die von &#8218;Bombardement&#8216; um <span class=\"skcolor\">35%<\/span>.<br \/>\nErh\u00f6ht den Schaden von &#8218;Phalanx&#8216; um <span class=\"skcolor\">20%<\/span>.<\/p>\n<h2 id=\"Standhalten\">Standhalten<\/h2>\n<div><img decoding=\"async\" src=\"http:\/\/135.181.204.8\/wordpress\/wp-content\/uploads\/2014\/04\/x1_crusader_passive_holdyourground.png\" alt=\"Standhalten\" style=\"float:left!important;margin-right:40px;margin-bottom:10px\"><\/div>\n<ul style=\"margin-bottom:55px;margin-top:40px\">\n<li>Verf\u00fcgbar ab Level 40<\/li>\n<\/ul>\n<p>Ihr k\u00f6nnt nicht mehr ausweichen, aber Eure Blockchance wird um <span class=\"skcolor\">30%<\/span> erh\u00f6ht.<\/p>\n<h2 id=\"Gebot ist Gebot\">Gebot ist Gebot<\/h2>\n<div><img decoding=\"async\" src=\"http:\/\/135.181.204.8\/wordpress\/wp-content\/uploads\/2014\/04\/x1_crusader_passive_longarmofthelaw.png\" alt=\"Gebot ist Gebot\" style=\"float:left!important;margin-right:40px;margin-bottom:10px\"><\/div>\n<ul style=\"margin-bottom:55px;margin-top:40px\">\n<li>Verf\u00fcgbar ab Level 45<\/li>\n<\/ul>\n<p>Erh\u00f6ht die Dauer des aktiven Effekts f\u00fcr alle Gebote um <span class=\"skcolor\">5<\/span> Sek.<\/p>\n<h2 id=\"Eiserne Jungfrau\">Eiserne Jungfrau<\/h2>\n<div><img decoding=\"async\" src=\"http:\/\/135.181.204.8\/wordpress\/wp-content\/uploads\/2014\/04\/x1_crusader_passive_ironmaiden.png\" alt=\"Eiserne Jungfrau\" style=\"float:left!important;margin-right:40px;margin-bottom:10px\"><\/div>\n<ul style=\"margin-bottom:55px;margin-top:40px\">\n<li>Verf\u00fcgbar ab Level 50<\/li>\n<\/ul>\n<p>Erh\u00f6ht Euren Dornenschaden um <span class=\"skcolor\">50%<\/span>.<\/p>\n<h2 id=\"Erneuerung\">Erneuerung<\/h2>\n<div><img decoding=\"async\" src=\"http:\/\/135.181.204.8\/wordpress\/wp-content\/uploads\/2014\/04\/x1_crusader_passive_renewal.png\" alt=\"Erneuerung\" style=\"float:left!important;margin-right:40px;margin-bottom:10px\"><\/div>\n<ul style=\"margin-bottom:55px;margin-top:40px\">\n<li>Verf\u00fcgbar ab Level 55<\/li>\n<\/ul>\n<p>Immer wenn Ihr einen Angriff blockt, erhaltet Ihr <span class=\"skcolor\">16093<\/span> Leben.<\/p>\n<h2 id=\"Pracht\">Pracht<\/h2>\n<div><img decoding=\"async\" src=\"http:\/\/135.181.204.8\/wordpress\/wp-content\/uploads\/2014\/04\/x1_crusader_passive_finery.png\" alt=\"Pracht\" style=\"float:left!important;margin-right:40px;margin-bottom:10px\"><\/div>\n<ul style=\"margin-bottom:55px;margin-top:40px\">\n<li>Verf\u00fcgbar ab Level 60<\/li>\n<\/ul>\n<p>Erhaltet <span class=\"skcolor\">1,5%<\/span> St\u00e4rke f\u00fcr jeden Edelstein, der in Eure Ausr\u00fcstung gesockelt ist.<\/p>\n<h2 id=\"Zermalmen\">Zermalmen<\/h2>\n<div><img decoding=\"async\" src=\"http:\/\/135.181.204.8\/wordpress\/wp-content\/uploads\/2014\/04\/x1_crusader_passive_blunt.png\" alt=\"Zermalmen\" style=\"float:left!important;margin-right:40px;margin-bottom:10px\"><\/div>\n<ul style=\"margin-bottom:55px;margin-top:40px\">\n<li>Verf\u00fcgbar ab Level 65<\/li>\n<\/ul>\n<p>Erh\u00f6ht den Schaden von &#8218;Gerechtigkeit&#8216; und &#8218;Gesegneter Hammer&#8216; um <span class=\"skcolor\">20%<\/span>.<\/p>\n<h2 id=\"Turmhoher Schild\">Turmhoher Schild<\/h2>\n<div><img decoding=\"async\" src=\"http:\/\/135.181.204.8\/wordpress\/wp-content\/uploads\/2014\/04\/x1_crusader_passive_toweringshield.png\" alt=\"Turmhoher Schild\" style=\"float:left!important;margin-right:40px;margin-bottom:10px\"><\/div>\n<ul style=\"margin-bottom:55px;margin-top:40px\">\n<li>Verf\u00fcgbar ab Level 70<\/li>\n<\/ul>\n<p>Erh\u00f6ht den Schaden von &#8218;Bestrafen&#8216;, &#8218;Schildsto\u00df&#8216; und &#8218;Gesegneter Schild&#8216; um <span class=\"skcolor\">20%<\/span>.<br \/>\nReduziert die Abklingzeit von &#8218;Glei\u00dfender Schild&#8216; um <span class=\"skcolor\">30%<\/span>.<\/p>\n<p>Stand: 08\/2016<\/p>\n","protected":false},"excerpt":{"rendered":"<p>Die Passive Fertigkeiten (engl. Traits f\u00fcr Charakterzug) sind Eigenschaften, die unabh\u00e4ngig von den Skills der Klasse ausgesucht werden k\u00f6nnen. Insgesamt kann man aus den nachfolgenden Traits auf Stufe 70 vier (in Classic drei) ausw\u00e4hlen, die dem Charakter dann zur Verf\u00fcgung stehen. Himmlische St\u00e4rke | Inbrunst | Auf der Hut | Rechtschaffenheit | Unbezwingbar | Fanatismus&hellip; <a class=\"more-link\" href=\"https:\/\/planetdiablo.eu\/de\/diablo-3\/die-charaktere\/die-kreuzritter\/kreuzritter-traits\/\"><span class=\"screen-reader-text\">Diablo 3 &#8211; Traits der Kreuzritter<\/span> weiterlesen<\/a><\/p>\n","protected":false},"author":863,"featured_media":0,"parent":561366,"menu_order":26,"comment_status":"closed","ping_status":"open","template":"","meta":{"footnotes":""},"class_list":["post-562418","page","type-page","status-publish","hentry","entry"],"_links":{"self":[{"href":"https:\/\/planetdiablo.eu\/de\/wp-json\/wp\/v2\/pages\/562418","targetHints":{"allow":["GET"]}}],"collection":[{"href":"https:\/\/planetdiablo.eu\/de\/wp-json\/wp\/v2\/pages"}],"about":[{"href":"https:\/\/planetdiablo.eu\/de\/wp-json\/wp\/v2\/types\/page"}],"author":[{"embeddable":true,"href":"https:\/\/planetdiablo.eu\/de\/wp-json\/wp\/v2\/users\/863"}],"replies":[{"embeddable":true,"href":"https:\/\/planetdiablo.eu\/de\/wp-json\/wp\/v2\/comments?post=562418"}],"version-history":[{"count":1,"href":"https:\/\/planetdiablo.eu\/de\/wp-json\/wp\/v2\/pages\/562418\/revisions"}],"predecessor-version":[{"id":583215,"href":"https:\/\/planetdiablo.eu\/de\/wp-json\/wp\/v2\/pages\/562418\/revisions\/583215"}],"up":[{"embeddable":true,"href":"https:\/\/planetdiablo.eu\/de\/wp-json\/wp\/v2\/pages\/561366"}],"wp:attachment":[{"href":"https:\/\/planetdiablo.eu\/de\/wp-json\/wp\/v2\/media?parent=562418"}],"curies":[{"name":"wp","href":"https:\/\/api.w.org\/{rel}","templated":true}]}}