{"id":562765,"date":"2014-09-25T19:36:46","date_gmt":"2014-09-25T17:36:46","guid":{"rendered":"http:\/\/diablo3.ingame.de\/?page_id=562765"},"modified":"2021-07-15T10:23:51","modified_gmt":"2021-07-15T08:23:51","slug":"reich-der-schaetze","status":"publish","type":"page","link":"https:\/\/planetdiablo.eu\/de\/diablo-3\/reich-der-schaetze\/","title":{"rendered":"Diablo 3 &#8211; Reich der Sch\u00e4tze \/ The Vault"},"content":{"rendered":"<p><a href=\"https:\/\/planetdiablo.eu\/de\/wp-content\/uploads\/2014\/09\/Portal.jpg\"><img loading=\"lazy\" decoding=\"async\" class=\"newsimage wp-image-562806 size-full aligncenter\" src=\"https:\/\/planetdiablo.eu\/de\/wp-content\/uploads\/2014\/09\/Portal.jpg\" alt=\"Diablo 3 Reich der Sch\u00e4tze - The Vault Portal\" width=\"461\" height=\"452\" \/><\/a><\/p>\n<p style=\"text-align: left;\">Allen Diablo-3-Spielern d\u00fcrften die Schatzgoblins (Treasure Goblins) ein Begriff sein. Sie wehren sich zwar nicht, sind aber schnell durch ein Portal verschwunden, wenn man sie nicht rechtzeitig erledigt bekommt. Dann ist Frust angesagt, da einem die potentiell reiche Beute entgeht.<br \/>\nSeit Diablo 3 Patch 2.1 besteht beim Kill eines Goblins die Chance, dass der Goblin ein Portal hinterl\u00e4\u00dft, durch das man ins Land der Goblins gelangt, das <em>Reich der Sch\u00e4tze<\/em>, oder wie es im Englischen heisst: <em>The Vault<\/em>.<br \/>\nSeit Patch 2.3 besteht zus\u00e4tzlich die Chance, ein Portal \u00fcber Kanais W\u00fcrfel zu \u00f6ffnen.<\/p>\n<p>Inhaltsverzeichnis:<\/p>\n<ul>\n<li><a href=\"#Portaloeffnen\">Portal \u00f6ffnen und betreten<\/a><\/li>\n<li><a href=\"#TheVault\">Das Reich der Sch\u00e4tze \/ The Vault<\/a><\/li>\n<li><a href=\"#Greed\">Gier \/ Greed<\/a><\/li>\n<li><a href=\"#TippsundTricks\">Tipps und Tricks<\/a><\/li>\n<\/ul>\n<p><a name=\"Portaloeffnen\"><\/a><\/p>\n<p><a name=\"Portaloeffnen\"><\/a><\/p>\n<p><a name=\"Portaloeffnen\"><\/a><\/p>\n<p><a name=\"Portaloeffnen\"><\/a><\/p>\n<p><a name=\"Portaloeffnen\"><\/a><\/p>\n<p><a name=\"Portaloeffnen\"><\/a><\/p>\n<p><a name=\"Portaloeffnen\"><\/a><\/p>\n<p><a name=\"Portaloeffnen\"><\/a><\/p>\n<p><a name=\"Portaloeffnen\"><\/a><\/p>\n<p><a name=\"Portaloeffnen\"><\/a><\/p>\n<p><a name=\"Portaloeffnen\"><\/a><\/p>\n<p><a name=\"Portaloeffnen\"><\/a><\/p>\n<p><a name=\"Portaloeffnen\"><\/a><\/p>\n<p><a name=\"Portaloeffnen\"><\/a><\/p>\n<p><a name=\"Portaloeffnen\"><\/a><\/p>\n<p><a name=\"Portaloeffnen\"><\/a><\/p>\n<p><a name=\"Portaloeffnen\"><\/a><\/p>\n<p><a name=\"Portaloeffnen\"><\/a><\/p>\n<p><a name=\"Portaloeffnen\"><\/a><\/p>\n<h2>Portal \u00f6ffnen und betreten<\/h2>\n<p><a name=\"Portaloeffnen\"><\/a><a name=\"Portaloeffnen\"><\/a><a name=\"Portaloeffnen\"><\/a><a name=\"Portaloeffnen\"><\/a><a name=\"Portaloeffnen\"><\/a><a name=\"Portaloeffnen\"><\/a><a name=\"Portaloeffnen\"><\/a><a name=\"Portaloeffnen\"><\/a><a name=\"Portaloeffnen\"><\/a><a name=\"Portaloeffnen\"><\/a><a name=\"Portaloeffnen\"><\/a><a name=\"Portaloeffnen\"><\/a><a name=\"Portaloeffnen\"><\/a><a name=\"Portaloeffnen\"><\/a><a name=\"Portaloeffnen\"><\/a><a name=\"Portaloeffnen\"><\/a><a name=\"Portaloeffnen\"><\/a><a name=\"Portaloeffnen\"><\/a><a name=\"Portaloeffnen\"><\/a><br \/>\n<img loading=\"lazy\" decoding=\"async\" class=\"aligncenter size-large wp-image-561406 newsimage\" src=\"http:\/\/diablo3.ingame.de\/files\/2014\/08\/Diablo-3-2.1-the-vault-portal-517x316.jpg\" alt=\"Diablo 3 2.1 Reich der Sch\u00e4tze - the vault portal\" width=\"517\" height=\"316\" \/><\/p>\n<h3>\u00d6ffnen \u00fcber einen Schatzgoblin<\/h3>\n<p>Das Portal zum Reich der Sch\u00e4tze \u00f6ffnet sich, nachdem man einen Schatzgoblin ins Jenseits bef\u00f6rdert hat. Voraussetzungen f\u00fcr das Erscheinen sind:<\/p>\n<ul>\n<li>man befindet sich im Abenteuermodus<\/li>\n<li>man befindet sich <strong>nicht<\/strong> in einem Nephalemportal (Rift) oder gro\u00dfen Nephalemportal (Greater Rift)<\/li>\n<li>man befindet sich in einem Spiel mit Stufe 70 (wird rechts oben angezeigt)<\/li>\n<li>man hat Gl\u00fcck und Geduld, denn nur selten erscheint das Portal<\/li>\n<\/ul>\n<p>Der Schwierigkeitsgrad, Goldfundbonus und Magiefundbonus beeinflussen die Wahrscheinlichkeit f\u00fcr das Auftreten eines Portales nicht.<\/p>\n<p>Auch f\u00fcr das Betreten des Portals bestehen ein paar Voraussetzungen:<\/p>\n<ul>\n<li>man muss sich zum Zeitpunkt des Erscheinens des Portals im selben Spiel befinden<\/li>\n<li>man muss <strong>nicht<\/strong> am Kill des Goblins beteiligt sein<\/li>\n<li>man muss sich <strong>nicht<\/strong> im gleichen Gebiet befinden<\/li>\n<li>man kann vor dem Betreten den Helden (Charakter) wechseln (nat\u00fcrlich nur wenn man nicht solo unterwegs ist)<\/li>\n<\/ul>\n<h3>\u00d6ffnen \u00fcber Kanais W\u00fcrfel<\/h3>\n<p>Hierzu muss ein <a href=\"http:\/\/eu.battle.net\/d3\/de\/item\/puzzle-ring\" target=\"_blank\" rel=\"noopener\">Flechtring<\/a> \/ <a href=\"http:\/\/us.battle.net\/d3\/en\/item\/puzzle-ring\" target=\"_blank\" rel=\"noopener\">Puzzle Ring<\/a> in den W\u00fcrfel gelegt werden und auf Transmutieren geklickt werden. Anschlie\u00dfend \u00f6ffnet sich in der Stadt ein Portal ins Reich der Sch\u00e4tze.<\/p>\n<p><a name=\"TheVault\"><\/a><\/p>\n<p><a name=\"TheVault\"><\/a><\/p>\n<p><a name=\"TheVault\"><\/a><\/p>\n<p><a name=\"TheVault\"><\/a><\/p>\n<p><a name=\"TheVault\"><\/a><\/p>\n<p><a name=\"TheVault\"><\/a><\/p>\n<p><a name=\"TheVault\"><\/a><\/p>\n<p><a name=\"TheVault\"><\/a><\/p>\n<p><a name=\"TheVault\"><\/a><\/p>\n<p><a name=\"TheVault\"><\/a><\/p>\n<p><a name=\"TheVault\"><\/a><\/p>\n<p><a name=\"TheVault\"><\/a><\/p>\n<p><a name=\"TheVault\"><\/a><\/p>\n<p><a name=\"TheVault\"><\/a><\/p>\n<p><a name=\"TheVault\"><\/a><\/p>\n<p><a name=\"TheVault\"><\/a><\/p>\n<p><a name=\"TheVault\"><\/a><\/p>\n<p><a name=\"TheVault\"><\/a><\/p>\n<p><a name=\"TheVault\"><\/a><\/p>\n<h2>Das Reich der Sch\u00e4tze \/ The Vault<\/h2>\n<p><a name=\"TheVault\"><\/a><a name=\"TheVault\"><\/a><a name=\"TheVault\"><\/a><a name=\"TheVault\"><\/a><a name=\"TheVault\"><\/a><a name=\"TheVault\"><\/a><a name=\"TheVault\"><\/a><a name=\"TheVault\"><\/a><a name=\"TheVault\"><\/a><a name=\"TheVault\"><\/a><a name=\"TheVault\"><\/a><a name=\"TheVault\"><\/a><a name=\"TheVault\"><\/a><a name=\"TheVault\"><\/a><a name=\"TheVault\"><\/a><a name=\"TheVault\"><\/a><a name=\"TheVault\"><\/a><a name=\"TheVault\"><\/a><a name=\"TheVault\"><\/a><\/p>\n<p>Sobald man das Portal hinter sich gelassen hat, kann man sich durch Horden von Monstern und &#8230; Truhen und Vasen k\u00e4mpfen. Diese werfen mit Unmengen an Gold und Edelsteinen um sich.<\/p>\n<p><img loading=\"lazy\" decoding=\"async\" class=\"aligncenter size-large wp-image-562839 newsimage\" src=\"http:\/\/diablo3.ingame.de\/files\/2014\/09\/greeds-eingang-517x231.jpg\" alt=\"Diablo 3 Reich der Sch\u00e4tze Screenshot 1\" width=\"517\" height=\"231\" \/><br \/>\n<img loading=\"lazy\" decoding=\"async\" class=\"aligncenter size-large wp-image-561400 newsimage\" src=\"http:\/\/diablo3.ingame.de\/files\/2014\/08\/Diablo-3-2.1-the-vault-dungeon-517x278.jpg\" alt=\"Diablo 3 Reich der Sch\u00e4tze Screenshot 2\" width=\"517\" height=\"278\" \/><\/p>\n<p>Hat man sich durch die Truhen geklickt und alles aufgesammelt, gelangt man am Ende des Dungeons zu einer Art Endgegner.<\/p>\n<p><a name=\"Greed\"><\/a><\/p>\n<p><a name=\"Greed\"><\/a><\/p>\n<p><a name=\"Greed\"><\/a><\/p>\n<p><a name=\"Greed\"><\/a><\/p>\n<p><a name=\"Greed\"><\/a><\/p>\n<p><a name=\"Greed\"><\/a><\/p>\n<p><a name=\"Greed\"><\/a><\/p>\n<p><a name=\"Greed\"><\/a><\/p>\n<p><a name=\"Greed\"><\/a><\/p>\n<p><a name=\"Greed\"><\/a><\/p>\n<p><a name=\"Greed\"><\/a><\/p>\n<p><a name=\"Greed\"><\/a><\/p>\n<p><a name=\"Greed\"><\/a><\/p>\n<p><a name=\"Greed\"><\/a><\/p>\n<p><a name=\"Greed\"><\/a><\/p>\n<p><a name=\"Greed\"><\/a><\/p>\n<p><a name=\"Greed\"><\/a><\/p>\n<p><a name=\"Greed\"><\/a><\/p>\n<p><a name=\"Greed\"><\/a><\/p>\n<h2>Gier \/ Greed<\/h2>\n<p><a name=\"Greed\"><\/a><a name=\"Greed\"><\/a><a name=\"Greed\"><\/a><a name=\"Greed\"><\/a><a name=\"Greed\"><\/a><a name=\"Greed\"><\/a><a name=\"Greed\"><\/a><a name=\"Greed\"><\/a><a name=\"Greed\"><\/a><a name=\"Greed\"><\/a><a name=\"Greed\"><\/a><a name=\"Greed\"><\/a><a name=\"Greed\"><\/a><a name=\"Greed\"><\/a><a name=\"Greed\"><\/a><a name=\"Greed\"><\/a><a name=\"Greed\"><\/a><a name=\"Greed\"><\/a><a name=\"Greed\"><\/a><br \/>\n<img loading=\"lazy\" decoding=\"async\" class=\"aligncenter size-large wp-image-562838 newsimage\" src=\"http:\/\/diablo3.ingame.de\/files\/2014\/09\/greed2-517x231.jpg\" alt=\"Gier - Endgegner im Reich der Sch\u00e4tze\" width=\"517\" height=\"231\" \/><\/p>\n<p>Dieser Endgegner bzw. diese Endgegnerin nennt sich Gier (Greed). Hier ist der Name Programm. Gier schickt die Goblins laufend aus, um in Sanktuario nach Sch\u00e4tzen zu suchen und in ihr Reich zu bringen. Will man ihrem Handwerk ein Ende setzen, muss man sich in einem kurzen Kampf beweisen und darf sich anschlie\u00dfend an noch mehr Belohnung in Form von Gold und anderem erfreuen. Der wohl interessanteste Part der Belohnung ist der Legend\u00e4re Edelstein <em>Gabe des Sammlers<\/em> (<em>Boon of the Hoarder<\/em>). Dieser kann ausschlie\u00dflich bei Gier droppen und ist beim ersten mal ein garantierter Drop:<\/p>\n<p><img loading=\"lazy\" decoding=\"async\" class=\"aligncenter size-full wp-image-562542\" src=\"http:\/\/135.181.204.8\/wordpress\/wp-content\/uploads\/2014\/09\/Gabe-des-Sammlers.jpg\" alt=\"Diablo 3 Gabe des Sammlers\" width=\"355\" height=\"408\" \/><\/p>\n<p>Hat man Gier besiegt, bekommt man einiges an Beute.<\/p>\n<p><img loading=\"lazy\" decoding=\"async\" class=\"aligncenter size-large wp-image-562805 newsimage\" src=\"http:\/\/diablo3.ingame.de\/files\/2014\/09\/Loot-Gier-517x338.jpg\" alt=\"Diablo 3 Gier Loot\" width=\"517\" height=\"338\" \/><br \/>\n<a name=\"TippsundTricks\"><\/a><\/p>\n<p><a name=\"TippsundTricks\"><\/a><\/p>\n<p><a name=\"TippsundTricks\"><\/a><\/p>\n<p><a name=\"TippsundTricks\"><\/a><\/p>\n<p><a name=\"TippsundTricks\"><\/a><\/p>\n<p><a name=\"TippsundTricks\"><\/a><\/p>\n<p><a name=\"TippsundTricks\"><\/a><\/p>\n<p><a name=\"TippsundTricks\"><\/a><\/p>\n<p><a name=\"TippsundTricks\"><\/a><\/p>\n<p><a name=\"TippsundTricks\"><\/a><\/p>\n<p><a name=\"TippsundTricks\"><\/a><\/p>\n<p><a name=\"TippsundTricks\"><\/a><\/p>\n<p><a name=\"TippsundTricks\"><\/a><\/p>\n<p><a name=\"TippsundTricks\"><\/a><\/p>\n<p><a name=\"TippsundTricks\"><\/a><\/p>\n<p><a name=\"TippsundTricks\"><\/a><\/p>\n<p><a name=\"TippsundTricks\"><\/a><\/p>\n<p><a name=\"TippsundTricks\"><\/a><\/p>\n<p><a name=\"TippsundTricks\"><\/a><\/p>\n<h2>Tipps und Tricks zum Reich der Sch\u00e4tze<\/h2>\n<p><a name=\"TippsundTricks\"><\/a><a name=\"TippsundTricks\"><\/a><a name=\"TippsundTricks\"><\/a><a name=\"TippsundTricks\"><\/a><a name=\"TippsundTricks\"><\/a><a name=\"TippsundTricks\"><\/a><a name=\"TippsundTricks\"><\/a><a name=\"TippsundTricks\"><\/a><a name=\"TippsundTricks\"><\/a><a name=\"TippsundTricks\"><\/a><a name=\"TippsundTricks\"><\/a><a name=\"TippsundTricks\"><\/a><a name=\"TippsundTricks\"><\/a><a name=\"TippsundTricks\"><\/a><a name=\"TippsundTricks\"><\/a><a name=\"TippsundTricks\"><\/a><a name=\"TippsundTricks\"><\/a><a name=\"TippsundTricks\"><\/a><a name=\"TippsundTricks\"><\/a><\/p>\n<h3>Farmroute<\/h3>\n<p>Will man gezielt nach dem Portal zum Reich der Sch\u00e4tze farmen, muss man m\u00f6glichst viele Goblins t\u00f6ten. Diese lassen sich unter anderem auf folgender Route finden:<\/p>\n<ul>\n<li>Kern des Arreat<\/li>\n<li>&#8211;&gt; Turm der Verfluchten 1<\/li>\n<li>&#8211;&gt; Turm der Verfluchten 2<\/li>\n<li>&#8211;&gt; Turm der Verdammten 1<\/li>\n<li>&#8211;&gt; Turm der Verdammten 2<\/li>\n<\/ul>\n<h3>Reine Farmspots<\/h3>\n<ul>\n<li>H\u00f6hlen von Araneae &#8211;&gt; direkt rechts oberhalb und links unterhalb des Wegpunktes nach gefangenem Goblin suchen<\/li>\n<li>N\u00f6rdliches Hochland &#8211;&gt; am oberen Rand nach Goblin suchen<\/li>\n<li>Kern des Arreat &#8211;&gt; 1 mal durchrennen<\/li>\n<\/ul>\n<p><a href=\"http:\/\/diablo3.ingame.de\/files\/2014\/09\/Farmspots.jpg\"><img loading=\"lazy\" decoding=\"async\" class=\"aligncenter size-large wp-image-562793 newsimage\" src=\"http:\/\/diablo3.ingame.de\/files\/2014\/09\/Farmspots-517x270.jpg\" alt=\"Diablo 3 Reich de Sch\u00e4tze Farmspots und Farmrouten\" width=\"517\" height=\"270\" \/><\/a><\/p>\n<p>Die zwei Spots sind sehr schnell abgechecked und auch der Kern des Arreat ist schnell durchschritten (immer bis zum Abgang gehen, denn manchmal versteckt sich der Goblin dort).<\/p>\n<p>Um nach dem Abklappern eines Spots schnell in den n\u00e4chsten Bereich zu kommen, kann man sich direkt zum n\u00e4chsten Wegpunkte teleportieren, nach dem letzten Wegpunkt direkt in die Stadt und dann das Spiel verlassen. Hier helfen die <a href=\"http:\/\/eu.battle.net\/d3\/de\/item\/homing-pads\" target=\"_blank\" rel=\"noopener\">Zielsuchplatten<\/a> (<a href=\"http:\/\/eu.battle.net\/d3\/en\/item\/homing-pads\" target=\"_blank\" rel=\"noopener\">Homing Pads<\/a>), da man direkt teleportieren kann und nicht erst alle Gegner platt machen muss.<\/p>\n<p>Dank Open World im Adventuremodus k\u00f6nnen nat\u00fcrlich zus\u00e4tzlich andere Gebiete aus anderen Akten mit genommen werden.<\/p>\n<p>Da man weder am Kill des Goblins beteiligt sein muss noch in der N\u00e4he sein muss, kann man getrennt nach den Goblins und dem Portal suchen. Da zus\u00e4tzlich der Schwierigkeitsgrad keinen Einfluss auf die Chance f\u00fcr das Auftauchen des Portals hat, kann man auch auf Normal auf die Suche gehen. Nebenher Kopfgelder (Bountys) zu machen schadet nat\u00fcrlich ebenfalls nicht.<\/p>\n<h3>Weitere Gaben des Sammlers erbeuten<\/h3>\n<p>Hat der aktuelle Held (Char) bereits eine Gabe des Sammlers (Boon of the Hoarder) in der Ausr\u00fcstung, dem Inventar oder der Truhe und das Portal erscheint, kann man trotzdem einen zweiten Edelstein erhalten.<br \/>\nEinfach den aktuellen Stein auf den Boden schmei\u00dfen, Gier erledigen und garantiert einen zweiten Stein bekommen. Dann aber nicht vergessen den ersten Stein schnell wieder aufzusammeln!<br \/>\nBefindet man sich beim Erscheinen des Portales mit anderen Spielern im Spiel, kann man den Helden wechseln und gelangt trotzdem noch in das Portal. Hier nat\u00fcrlich vorausgesetzt, die Mitspieler verlassen nicht vorher das Spiel. Also erst mit den anderen absprechen, wer wann den Helden wechselt, da ansonsten alle die gleiche Idee haben, das Spiel leer und somit geschlossen wird.<\/p>\n<h3>Gold in rauen Mengen<\/h3>\n<p>Da die Menge an Gold mit dem Schwierigkeitsgrad skaliert, ist es ratsam auf Qual 10 nach dem Portal zu suchen, wenn man auf das Gold aus ist.<\/p>\n","protected":false},"excerpt":{"rendered":"<p>Allen Diablo-3-Spielern d\u00fcrften die Schatzgoblins (Treasure Goblins) ein Begriff sein. Sie wehren sich zwar nicht, sind aber schnell durch ein Portal verschwunden, wenn man sie nicht rechtzeitig erledigt bekommt. Dann ist Frust angesagt, da einem die potentiell reiche Beute entgeht. Seit Diablo 3 Patch 2.1 besteht beim Kill eines Goblins die Chance, dass der Goblin&hellip; <a class=\"more-link\" href=\"https:\/\/planetdiablo.eu\/de\/diablo-3\/reich-der-schaetze\/\"><span class=\"screen-reader-text\">Diablo 3 &#8211; Reich der Sch\u00e4tze \/ The Vault<\/span> weiterlesen<\/a><\/p>\n","protected":false},"author":847,"featured_media":0,"parent":47,"menu_order":24,"comment_status":"closed","ping_status":"open","template":"","meta":{"footnotes":""},"class_list":["post-562765","page","type-page","status-publish","hentry","entry"],"_links":{"self":[{"href":"https:\/\/planetdiablo.eu\/de\/wp-json\/wp\/v2\/pages\/562765","targetHints":{"allow":["GET"]}}],"collection":[{"href":"https:\/\/planetdiablo.eu\/de\/wp-json\/wp\/v2\/pages"}],"about":[{"href":"https:\/\/planetdiablo.eu\/de\/wp-json\/wp\/v2\/types\/page"}],"author":[{"embeddable":true,"href":"https:\/\/planetdiablo.eu\/de\/wp-json\/wp\/v2\/users\/847"}],"replies":[{"embeddable":true,"href":"https:\/\/planetdiablo.eu\/de\/wp-json\/wp\/v2\/comments?post=562765"}],"version-history":[{"count":3,"href":"https:\/\/planetdiablo.eu\/de\/wp-json\/wp\/v2\/pages\/562765\/revisions"}],"predecessor-version":[{"id":586416,"href":"https:\/\/planetdiablo.eu\/de\/wp-json\/wp\/v2\/pages\/562765\/revisions\/586416"}],"up":[{"embeddable":true,"href":"https:\/\/planetdiablo.eu\/de\/wp-json\/wp\/v2\/pages\/47"}],"wp:attachment":[{"href":"https:\/\/planetdiablo.eu\/de\/wp-json\/wp\/v2\/media?parent=562765"}],"curies":[{"name":"wp","href":"https:\/\/api.w.org\/{rel}","templated":true}]}}