{"id":562964,"date":"2014-09-27T16:11:28","date_gmt":"2014-09-27T14:11:28","guid":{"rendered":"http:\/\/diablo3.ingame.de\/?page_id=562964"},"modified":"2023-04-13T23:13:51","modified_gmt":"2023-04-13T21:13:51","slug":"guides","status":"publish","type":"page","link":"https:\/\/planetdiablo.eu\/de\/diablo-2\/guides\/","title":{"rendered":"D2 Guides f\u00fcr D2 Resurrected + Legacy"},"content":{"rendered":"\n<p>Herzlich willkommen in der <strong>Diablo 2 Guide-Datenbank<\/strong>. Hier findet ihr eine umfangreiche Sammlung von rund 400 deutschen Diablo 2 Guides f\u00fcr D2 und D2 Resurrected auf Planetdiablo.eu oder anderen Seiten.<\/p>\n\n\n\n<h2 class=\"wp-block-heading\">Hinweise zu den Guides<\/h2>\n\n\n\n<p>Die Guides hier enthalten alle Spielarten von Charakterguides: Von superschnellen Massenvernichtern bis hin zu exotischen Builds f\u00fcr bestimmte Zwecke und sei es nur weil man eben schon immer mal einen Necro mit Pfeil und Bogen spielen wollte &#8230;<br>Sehr oft sind -im Gegensatz zu vielen anderen Guide-Plattformen auch Builds mit einfacher Ausr\u00fcstung erkl\u00e4rt so dass man auch dann eine Chance auf Spielspass hat wenn man nicht gleich mit den teuersten Items im Spiel beginnt. Ihr habt also eine grosse Auswahl, lasst Euch inspirieren!  \u00c0 propos:<\/p>\n\n\n\n<h2 class=\"wp-block-heading\">D2 und D2R \/ Meta-Guide<\/h2>\n\n\n\n<p>Auch D2R basiert im Wesentlichen auf den Patches 1.10+ des alten D2 Legacy.<br>Nat\u00fcrlich sind im Laufe weiterer Patches ab 2.3 \u00c4nderungen gekommen: Neue Runenw\u00f6rter hinzugekommen, haben sich Namen ge\u00e4ndert oder es wurden Bugs beseitigt was die Spielbarkeit der Klassen im Allgemeinen erh\u00f6ht hat.  Falls es also f\u00fcr Euren Wunsch f\u00fcr einen bestimmten Build noch keinen D2R Guide gibt, schaut nach ob es einen \u00e4lteren Guide ab Patch 1.10+ gibt. Mit der Hilfe von LastCorpses &#8222;<a href=\"https:\/\/planetdiablo.eu\/forum\/threads\/meta-guide-wie-man-aeltere-guides-auf-d2r-anwendet.1826517\/\">MetaGuide<\/a>&#8220;  (hier ebenfalls vorhanden) sind dann auch diese Guides gewinnbringend nutzbar.<\/p>\n\n\n\n<p>Guides vor Patch 1.10 sind veraltet und nur noch f\u00fcr Offline-Player interessant, die offline einen Patch vor 1.10 spielen.<\/p>\n\n\n\n<h2 class=\"wp-block-heading\">Neue Guides <\/h2>\n\n\n\n<p>&#8230; werden nachgeladen wenn Ihr die Seite mit einem einfachen &#8222;F5&#8220;-Tastendruck (oder Reload am Smartphone) aktualisiert. Dann holt sich die Seite hier die neuesten Eintr\u00e4ge (wenn es denn neuere gibt)<\/p>\n\n\n\n<div id=\"D2Builds\">\n<\/div>\n<script src=\"..\/..\/..\/d2dbneu\/guides\/bundle_1.js\"><\/script>\n   <script>\n      const main = document.querySelector('#D2Builds');\n      main.innerHTML = '';\n      new D2Guides({\n         target: main,\n         props:{\n            guides: guidelist\n         }\n      })\n   <\/script>\n","protected":false},"excerpt":{"rendered":"<p>Herzlich willkommen in der Diablo 2 Guide-Datenbank. Hier findet ihr eine umfangreiche Sammlung von rund 400 deutschen Diablo 2 Guides f\u00fcr D2 und D2 Resurrected auf Planetdiablo.eu oder anderen Seiten. Hinweise zu den Guides Die Guides hier enthalten alle Spielarten von Charakterguides: Von superschnellen Massenvernichtern bis hin zu exotischen Builds f\u00fcr bestimmte Zwecke und sei&hellip; <a class=\"more-link\" href=\"https:\/\/planetdiablo.eu\/de\/diablo-2\/guides\/\"><span class=\"screen-reader-text\">D2 Guides f\u00fcr D2 Resurrected + Legacy<\/span> weiterlesen<\/a><\/p>\n","protected":false},"author":748,"featured_media":582941,"parent":71,"menu_order":11,"comment_status":"closed","ping_status":"open","template":"","meta":{"footnotes":""},"class_list":["post-562964","page","type-page","status-publish","has-post-thumbnail","hentry","entry"],"_links":{"self":[{"href":"https:\/\/planetdiablo.eu\/de\/wp-json\/wp\/v2\/pages\/562964","targetHints":{"allow":["GET"]}}],"collection":[{"href":"https:\/\/planetdiablo.eu\/de\/wp-json\/wp\/v2\/pages"}],"about":[{"href":"https:\/\/planetdiablo.eu\/de\/wp-json\/wp\/v2\/types\/page"}],"author":[{"embeddable":true,"href":"https:\/\/planetdiablo.eu\/de\/wp-json\/wp\/v2\/users\/748"}],"replies":[{"embeddable":true,"href":"https:\/\/planetdiablo.eu\/de\/wp-json\/wp\/v2\/comments?post=562964"}],"version-history":[{"count":73,"href":"https:\/\/planetdiablo.eu\/de\/wp-json\/wp\/v2\/pages\/562964\/revisions"}],"predecessor-version":[{"id":587734,"href":"https:\/\/planetdiablo.eu\/de\/wp-json\/wp\/v2\/pages\/562964\/revisions\/587734"}],"up":[{"embeddable":true,"href":"https:\/\/planetdiablo.eu\/de\/wp-json\/wp\/v2\/pages\/71"}],"wp:featuredmedia":[{"embeddable":true,"href":"https:\/\/planetdiablo.eu\/de\/wp-json\/wp\/v2\/media\/582941"}],"wp:attachment":[{"href":"https:\/\/planetdiablo.eu\/de\/wp-json\/wp\/v2\/media?parent=562964"}],"curies":[{"name":"wp","href":"https:\/\/api.w.org\/{rel}","templated":true}]}}