{"id":563473,"date":"2014-09-28T16:41:55","date_gmt":"2014-09-28T14:41:55","guid":{"rendered":"http:\/\/diablo3.ingame.de\/?page_id=563473"},"modified":"2014-09-28T16:41:55","modified_gmt":"2014-09-28T14:41:55","slug":"allround-barbar_cf-skylax","status":"publish","type":"page","link":"https:\/\/planetdiablo.eu\/de\/diablo-2\/guides\/allround-barbar_cf-skylax\/","title":{"rendered":"Diablo 2 &#8211; Allround-Barbaren Guide von SkYlaX2 &#8211; Patch 1.08"},"content":{"rendered":"<h2>Allround-Barb-Guide (by CF-SkYlaX formerly GoZ_Obscurus)<\/h2>\n<ul>\n<li>1. Einleitung<\/li>\n<ul>\n<li>1.1 Vorgeschichte<\/li>\n<li>1.2 Auswahl<\/li>\n<\/ul>\n<p><\/p>\n<li>2. Skillverteilung<\/li>\n<ul>\n<li>2.1 Statuspunkte<\/li>\n<li>2.2 Fertigkeitenpunkte<\/li>\n<\/ul>\n<p><\/p>\n<li>3. Ausr\u00fcstung<\/li>\n<ul>\n<li>3.1 PvM-Items<\/li>\n<li>3.2    PvP-Zusatzausr\u00fcstung<\/li>\n<li>3.3    Zauber<\/li>\n<\/ul>\n<p><\/p>\n<li>4. Spielweise<\/li>\n<ul>\n<li>4.1 PvM-Spielweise<\/li>\n<ul>\n<li>4.1.1 Levelgebiete<\/li>\n<li>4.1.2 Partygesellschaft<\/li>\n<\/ul>\n<li>4.2 PvP-Spielweise<\/li>\n<\/ul>\n<p><\/p>\n<li>5. Pers\u00f6nliche Erfahrungen<\/li>\n<\/ul>\n<h2>1. Einleitung<\/h2>\n<h3>1.1 Vorgeschichte<\/h3>\n<p>\nIn meinem Guide m\u00f6chte ich versuchen, euch den seit Patch 1.08 etwas unbeliebten Barbaren etwas n\u00e4herzubringen. Mein Guide wendet sich sowohl an PvP- als auch PvM-Zocker, daher werden hier und da 2 verschiedene M\u00f6glichkeiten dargestellt, die aber nicht als absolut gelten und gern durch eure Vorschl\u00e4ge verbessert werden sollen!\n<\/p>\n<p>\nIn D2C gab es seit dem Patch auf 1.04 nur mehr 2 Barbvarianten:<br \/>\nDen Lanzenbarbaren, der sich als extrem schneller Levler auszeichnete, weil er durch seinen ungeheuren Damage verdammt schnell Monster t\u00f6ten konnte und dadurch vor allem als sog. Itemfinder gespielt wurde.<br \/>\nDie andre Barbvariante stellte der S\/S-Barb dar, der eher langsam levelte, aber bei richtiger Skillung im PvP nahezu unbesiegbar war!<br \/>\nAndre Barbvarianten wie Stangenwaffen-, Hammer-, Axt- oder Wurfwaffenbarbaren waren eher selten zu finden!\n<\/p>\n<h3>1.2 Auswahl<\/h3>\n<p>\nBevor ihr mit dem Leveln beginnt solltet ihr euch \u00fcberlegen, auf welche Waffengattung sich euer Barb konzentrieren soll! Ich w\u00fcrde euch vorschlagen, die Schwertbeherrschung zu w\u00e4hlen, da das Schwert einige herrausragende Vorteile gegen\u00fcber andren Waffen hat:\n<\/p>\n<ul>\n<li>es hat eine recht flotte Angriffsgeschwindigkeit<\/li>\n<li>es erlaubt, eine zweite Waffe bzw. ein zus\u00e4tzliches Schild zu tragen<\/li>\n<\/ul>\n<p>\nWenn ihr euch f\u00fcr eure Waffenbeherrschung entschieden habt, k\u00f6nnen wir anfangen:<\/p>\n<h2>2. Skillverteilung<\/h2>\n<\/p>\n<h3>2.1 Statuspunktverteilung<\/h3>\n<p>\nDer Barbar startet das Spiel mit folgenden Stats:<\/p>\n<table align=\"center\">\n<tbody>\n<tr>\n<td>St\u00e4rke<\/td>\n<td>(str)<\/td>\n<td>30<\/td>\n<\/tr>\n<tr>\n<td>Geschicklichkeit<\/td>\n<td>(dex)<\/td>\n<td>20<\/td>\n<\/tr>\n<tr>\n<td>Vitalit\u00e4t<\/td>\n<td>(vit)<\/td>\n<td>25<\/td>\n<\/tr>\n<tr>\n<td>Energie<\/td>\n<td>(ene)<\/td>\n<td>10<\/td>\n<\/tr>\n<\/tbody>\n<\/table>\n<p>F\u00fcr euren Schwertbarbaren habt ihr folgende Anforderungen an die St\u00e4rke:<\/p>\n<table>\n<tbody>\n<tr>\n<td>Kolossalklinge:<\/td>\n<td>189 str<\/td>\n<\/tr>\n<tr>\n<td>R\u00fcstung:<\/td>\n<td>170 str<\/td>\n<\/tr>\n<tr>\n<td>Helm:<\/td>\n<td>196 str<\/td>\n<\/tr>\n<tr>\n<td><\/td>\n<td> (bei Elite-Barb-Helm)<\/td>\n<\/tr>\n<\/tbody>\n<\/table>\n<p>\nDaraus ergibt sich, das ihr auf 189 (196, falls ihr einen o.g. Helm benutzen wollt) St\u00e4rkepunkte kommen m\u00fcsst, um diese Gegenst\u00e4nde zu tragen! Aber man sollte auf keinen Fall diese 196 Punkte investieren, da sich der Schaden durch mehr St\u00e4rke nur gering anhebt und man von Items sowieso St\u00e4rke bekommt! Also am Besten schon vor Beginn des Chars gute Items mit St\u00e4rke vorbereiten! Je mehr Punkte man bei der St\u00e4rke sparen kann, desto mehr Leben wird euer Barbar haben!\n<\/p>\n<p>\nFolgende Geschicklichkeitsanforderungen haben die grossen Eliteschwerter:\n<\/p>\n<table>\n<tbody>\n<tr>\n<td>Kolossalklinge:<\/td>\n<td>110 dex<\/td>\n<\/tr>\n<tr>\n<td>Kolossalschwert:<\/td>\n<td>95 dex<\/td>\n<\/tr>\n<\/tbody>\n<\/table>\n<p>\nWenn ihr die reine PvM-Variante anstrebt, dann reichen diese Werte aus, f\u00fcr die PvP-Variante sollte man 200 Punkte hineinstecken und noch m\u00f6glichst viel von den Items bekommen, damit im Duell auch die AR und die Blockchance hoch genung sind \ud83d\ude42<\/p>\n<p>\nWenn ihr eure Statuspunkte wie oben genannt verteilt, dann kommt ihr mit der PvP-Variante auf Level 90 auf zw. 180 und 230 Punkte in Vitalit\u00e4t, je nach Qualit\u00e4t eurer Items, was euch ca. 900 &#8211; 1100 Hitpoints einbringt. Ein Punkt in Vitalit\u00e4t gibt eurem Barb 4 Hitpoints und 1 Staminapunkt!<\/p>\n<p>\nIn Energie braucht ihr keine Punkte zu stecken, hier kommt ihr mit dem 1 Manapunkt pro Level und dem Mana von euren Items leicht aus!<\/p>\n<h3>2.2 Fertigkeitenpunkteverteilung<\/h3>\n<p>\nFolgende Skills sollten bei beiden Varianten auf das Maximum von 20 Punkten gebracht werden:\n<\/p>\n<ul>\n<li>Schwertbeherrschung (Mastery): Erh\u00f6ht AR und den Schaden, den euer Barb mit einem Schwert anrichtet<\/li>\n<li>Wirbelwind (WW): Euer Hauptangriffsskill in den Schwierigkeitsgraden Normal, NM (stellenweise) und Hell (eher selten)<\/li>\n<li>Kampfbefehle (Battle Orders, BO): Erh\u00f6ht euer Leben, Mana und Ausdauer und das euer Party!<\/li>\n<\/ul>\n<p>\nDie folgenden Skills sind au\u00dferdem f\u00fcr die PvM-Variante wichtig:\n<\/p>\n<ul>\n<li>Amok: Dieser Skill richtet neben dem physichen Schaden auch noch einen gro\u00dfen elementaren Schaden an, was euch vor allem in Hell sehr n\u00fctzlich sein wird! 20 Punkte hinein!<\/li>\n<li>Nat. Widerstand: Beim PvM sind Resistenzen in manchen Gebieten einfach   lebensnotwendig und man sollte daher zw. 5 und 10 Punktn investieren, je nach Qualit\u00e4t der Items!<\/li>\n<\/ul>\n<p>\nFolgende Fertigkeiten braucht die PvP-Variante zus\u00e4tzlich:\n<\/p>\n<ul>\n<li>Mehr Tempo: Seit den Schneller-laufen-Zaubern in LoD nicht mehr ganz so wichtig, aber wohin sonst mit den Punkten? \ud83d\ude09<\/li>\n<li>Schrei: Erh\u00f6ht den Verteidigungswert, und zwar besser als Eisenhaut! F\u00fcr PvP-Baba mit guter R\u00fcstung sind 20 Punkte Pflicht!<\/li>\n<\/ul>\n<p>\nFolgende Skills sind mit einem Punkt genug aufgewertet (au\u00dfer es steht oben anders):\n<\/p>\n<ul>\n<li>Hieb<\/li>\n<li>Sprung<\/li>\n<li>L\u00e4hmen<\/li>\n<li>Konzentrieren<\/li>\n<li>Sprungangriff<\/li>\n<li>Amok<\/li>\n<li>Mehr Ausdauer<\/li>\n<li>Eisenhaut<\/li>\n<li>Mehr Tempo<\/li>\n<li>Nat. Widerst.<\/li>\n<li>Heulen<\/li>\n<li>Schrei<\/li>\n<\/ul>\n<p>\nBeim Verteilen der Punkte w\u00fcrde ich in etwa folgendes Schema vorschlagen:<br \/>\nBis Level 24 alle Punkte au\u00dfer die f\u00fcr das Freischalten der o.g. Skills ben\u00f6tigten Punkte in die Schwertbeherrschung geben, beim Erreichen des 24. Levels muss in Punkt in BO, diese Skillung kann man bis 30 beibehalten oder die Schwertbeherrschung maxen. Ab 30 bis 49 wandern dann alle Punkte in den Kampfskill Wirbelwind. Ab 49 maxt man dann entweder die Beherrschung oder die BO, je nachdem wie man zw. 24 und 30 vorgegangen ist!<\/p>\n<p>\nAb dann muss man sich entweder f\u00fcr die PvP- oder PvM-Variante entscheiden und je nach Entscheidung die obigen Skills ausbauen!<\/p>\n<h2>3. Ausr\u00fcstung<\/h2>\n<p>\nIm Gegensatz zu der Zauberin steht und f\u00e4llt der Barbar mit seiner Ausr\u00fcstung\n<\/p>\n<h3>3.1 PvM-Ausr\u00fcstung<\/h3>\n<p>\nBei den PvM-Items sind vor allem Resistenzen wichtig, au\u00dferdem nat\u00fcrlich Life und Mana.<br \/>\nFolgende sollte, w.m., jeder PvM-Barb tragen:\n<\/p>\n<ul>\n<li>The Grandfather (Unique Kolossklinge):  Extrem selten und daher auch extrem wert voll. Da sich die meisten (mich eingeschlossen) dieses Superitem nicht leisten k\u00f6nnen,   muss man mal bei Larzuk, dem Schmied des 5. Aktes vorbeischauen und mit viel Gl\u00fcck ein Cruel-Schwert mit ca 450 Damage erkaufen! Jeder weitere Stat ist willkommen (meins ist unzerst\u00f6rbar :-)), aber eher selten. Nachdem Kauf l\u00e4sst man sich das Teil noch sockeln und setzt ne Shae-Rune und mit Gl\u00fcck noch eine weitere Rune oder Juwel ein. Dann hat man ein relativ brauchbares Schwert.<\/li>\n<li>Arcain&#8217;s Valor (Unique Balroghaut): Selbes Problem wie beim Grandfather, nur noch ein bi\u00dfchen extremer ;-). Also hat man 3 M\u00f6glichkeiten:\n<ul>\n<li>1. Man ertradet oder imbued oder findet eine gute R\u00fcstung mit Life und Verteidung<\/li>\n<li>2. Man kauft eine R\u00fcstung mit hoher Verteidigung bei Larzuk und l\u00e4sst sie sockeln.<\/li>\n<li>3. Man tr\u00e4gt (wie mein Barb) eine 4-fach gesockelte R\u00fcstung, die 4 perfekte Topase beinhaltet.<\/li>\n<\/ul>\n<p>F\u00fcr welche M\u00f6glichkeit man sich entscheidet ist Geschmackssache.<\/li>\n<li>Harlekin Crest (Unique Shako): Nicht gerade billig zu ertraden, mit  30 &#8211; 50 SoJ ist   man dabei. Als Alternativen steht ein mit Topas gesockelter Tarnhelm oder ein Lifehelm zur Debatte, ich habe mich f\u00fcr ersteres entschieden. Eine weitere Alternative w\u00e4re Tal Rasha&#8217;s Horadrim-Wappen, die Set-Totenmaske, die mit Leech und viel Life sowie Mana auftrumpfen kann.<\/li>\n<li>Dualleech-Ringe: Da diese Items in LoD nicht mehr droppen k\u00f6nnen, muss man hierbei auf D2C-Items zur\u00fcckgreifen. Nach M\u00f6glichkeit sollten sie auch Resis und Life\/Mana erh\u00f6hen. Wenn solcheRinge nicht zur Verf\u00fcgung stehen, dann greift man auf normale Mana- oder Lifeleecher zur\u00fcck, die mit den selben Attributen wie die Dualleecher ausgestattet sein sollten.<\/li>\n<li>Skill-Amulet: 1 oder 2 Skillpunkte sollten schon drauf sein und andre Stats wie Leech,   Resistenzen sowie Life\/Mana\/Dex\/Str sind sehr willkommen. Als gute Alternative kann man das Unique The Eye of Ettlich verwenden.<\/li>\n<li>Laying of Hands (Sch\u00fcler-Set, Dornen-Handschuhe): Wichtiges Item, da mit nur mit ihnen allein expen kann. Als Alternative kann man Sander&#8217;s Tabu oder andre 20% IAS-Handschuhe verwenden, die relativ billig zu bekommen sind.<\/li>\n<li>Rare Stiefel: Wichtige Attribute auf den Stiefeln sind: St\u00e4rke, 30% schneller laufen sowie schnellere Erholung nach Treffer.<\/li>\n<li>Rare G\u00fcrtel: Wichtige Attribute: Life, Mana, Dex, Str und schnellere Erholung nach Treffer<\/li>\n<\/ul>\n<h3>3.2 PvP-Zusatzausr\u00fcstung<\/h3>\n<p>\nNeben den oben genannten Ausr\u00fcstungsgegenst\u00e4nden braucht man im PvP noch ein paar zus\u00e4tzliche Dinge:\n<\/p>\n<ul>\n<li>Gerkes Zuflucht (Unique Pavese): Extrem gutes Schild: + 1 Vitalit\u00e4t\/Charakterlevel, 74% Abblockrate, Leben auff\u00fcllen + 15 sowie Schadensreduzierung um 15 machen diesen Schild zum wahrscheinlich besten Barbaren-Schild. Mit 5 -8 SoJ kann man sich diesen Schild ertraden oder auf einen Rare Schild mit \u00e4hnlichen Eigenschaften oder die Set-Schilde aus dem Sigons und Whistans-Set ausweichen, die relativ billig zu bekommen sind.<\/li>\n<li>Himmlisches-Set: Das Amulet und der Ring aus diesem Set geben dem Barbaren in Kombination einige gute Eigenschaften wie z.B. 12 AR\/Charakterlevel und + 75 zu Leben und sind so im PvP extrem n\u00fctzlich und noch dazu billig zu bekommen.<\/li>\n<li>Teleport: Ein Item (Ring, AMulet, Reif) mit Teleport ist im PvP extrem n\u00fctzlich.<\/li>\n<\/ul>\n<h3>3.3 Zauber<\/h3>\n<p>\nDie Zauber, die ein Barbar im Inventar haben sollte, sollten Life, Mana, evtl Chance und &#8211; besonders f\u00fcrs PvP &#8211; Skills und AR tragen! Wieviele Zauber man tr\u00e4gt, ist Geschmackssache, ich bevorzuge ein relativ leeres Inventar.\n<\/p>\n<h2>4. Spielweise<\/h2>\n<h3>4.1 PvM-Spielweise<\/h3>\n<p>\nBeim PvM geht es darum, m\u00f6glichst schnell und m\u00f6glichst sicher viele Monster zu t\u00f6ten um an Erfahrungspunkte zu gelangen.\n<\/p>\n<h3>4.1.1 Levelgebiete<\/h3>\n<p>\nMan sollte zu Beginn (bis ca Lvl 13) in Akt I verweilen und dort den Monstern im Dunkelwald auf den Deckel hauen, danach zieht man bis lvl 20 in den Akt II um, um bei Erreichen des 20. Levels in den 5. Akt zu wechseln, wo  man Quest 5 erledigt. Dies bringt den Barbaren auf Level 25,75, wo man stark genug ist, um mit einer Party an Baalruns teilzunehmen. Diese Runs macht man bis ca lvl 50, wobei man darauf achten sollte, den Quest nicht zu fr\u00fch zu erf\u00fcllen, um  dann nach NM zu wechseln  und sofort nach Akt 5 zu gehen.<br \/>\nDort wiederholt man die selbe Prozedur wie im Schwierigkeitsgrad Normal und zwar solange, bis man ca lvl 72 erreicht erreicht hat und dann gehts ab nach Hell.<br \/>\nAuch hier sollte man versuchen, m\u00f6glichst schnell nach Harrogath zu gelangen, um an den zahlreichen &#8222;Bloody-Runs&#8220; teilzunehmen. Denn das blutige Vorgebirge hat sich als ideales Gebite zum Leveln herausgestellt und man findet immer ein Spiel, in dem man in einer 8er-Party dieses Level s\u00e4ubern kann.<br \/>\nAuch wenn man immer  m\u00f6glichst schnell in den 5. Akt gelangen sollte, so sollte man doch immer die wichtigsten Quests erf\u00fcllen!<br \/>\nWenn man in einem guten Clan ist, kann man sich von lvl 1 an bis in den 5. Akt auf Hell &#8222;durchschleppen&#8220; lassen und dann dadurch sehr schnell aufsteigen (lvl 60 an einem Tag bei 3-4 Stunden spielen ist m\u00f6glich).<\/p>\n<h3>4.1.2 Partygesellschaft<\/h3>\n<p>\nGleich mal vorneweg: Es gibt keine andere Charakterklasse, mit der der Barbar absolut nicht zurecht kommt bzw. die ihn behindert (z.B. R\u00fccknahme-Paladin und Necro). Aber es gibt sehr wohl Charakterklassen, mit der er sehr gut harmoniert:<br \/>\n\n<\/p>\n<ul>\n<li>Paladin: Wenn der heilige Krieger mit Konzentrations- oder Fanatismusaura k\u00e4mpft, dann rockt euer Baba! \ud83d\ude09 Denn diese Auren erh\u00f6hen Schaden bzw. Schaden und Angriffsgeschwindigkeit. Und er profitiert von euren Kampfbefehlen, die sein Leben   gut verdoppeln k\u00f6nnen!<\/li>\n<li>Druide: Wenn der Herr \u00fcber die Natur den Eichbaumweiser beschw\u00f6rt, dann erh\u00f6ht ihr gegenseitig euer Leben, wenn er auf Herz des Wiesels gesetzt hat, dannerh\u00f6ht er euren Schaden.<\/li>\n<li>Necro: Zweischneidige Klinge: Er kann den Baba mit seinen Fl\u00fcchen unterst\u00fctzen, aber seine Diener F\u00fchren auf vielen Systemen zu starken Lags.<\/li>\n<\/ul>\n<p>\nAu\u00dferdem sollte man immer darauf achten, einige Zauberinnen in der Party zu haben, denn mit dem aktuellen Patch (v. 1.08) sind diese mit Feuerwand und Kettenblitz einfach zu stark und k\u00f6nnen mit einer Geschwindigkeit t\u00f6ten, mit der kein anderer Char mithalten kann.\n<\/p>\n<h3>4.2 PvP-Spielweise<\/h3>\n<p>\nBeim PvP kommen folgende Skills verst\u00e4rkt zum Einsatz:\n<\/p>\n<ul>\n<li>Wirbelwind<\/li>\n<li>Kampfbefehle<\/li>\n<li>Schrei<\/li>\n<li>Teleport (falls vorhanden)<\/li>\n<\/ul>\n<p>\nDen Rest muss man durch Praxis lernen, aber man wird am Anfang viel Lehrgeld in Form von Ohren zahlen m\u00fcssen! \ud83d\ude09<\/p>\n<h2>5. Pers\u00f6nliche Erfahrungen<\/h2>\n<p>\nMein Barbar ist im Moment auf lvl 91 (CF-SkYlaX, um die 65 in der Barb-Ladder) und hat auf Hell im Vorgebirge keine Probleme mit dem T\u00f6ten (Amok 20). Auch im PvP ist er nicht zu verachten, wobei meine PvP-Sachen lange noch nicht komplett sind \ud83d\ude09<\/p>\n<p align=\"center\">So, und nun w\u00fcnsche ich euch viel Spass beim Ausprobieren!<\/p>\n<h3>Abk\u00fcrzungen:<\/h3>\n<ul>\n<li>PvP = Player versus Player, also Duelle<\/li>\n<li>PvM = Player versus Monster, also normales Spielen<\/li>\n<li>D2C = Diablo 2 Classic (ohne Zusatzpacket)<\/li>\n<li>Barb, Baba = Kurzform f\u00fcr Barbar<\/li>\n<li>S\/S = Schwert und Schild<\/li>\n<li>Stats = englische Abk\u00fcrzung f\u00fcr Statuspunkte<\/li>\n<li>Char = Charakter (Spielfigur)<\/li>\n<li>Item = Ausr\u00fcstungsgegenstand<\/li>\n<li>AR = Attackrating oder Angriffswert (bestimmt die Chance auf Treffer bei einem Gegner)<\/li>\n<li>Hitpoints, HP = Lebenspunkte<\/li>\n<li>Skill = Fertigkeit<\/li>\n<li>NM = Schwierigkeitsgrad Nightmare, Alptraum<\/li>\n<li>Hell = Schwierigkeitsgrad H\u00f6lle<\/li>\n<li>LoD = Lord of Destruction, off. D2-Zusatzpacket<\/li>\n<li>BO = Battle Orders (Kampfbefehle)<\/li>\n<li>maxen = einen Skill auf Level 20 bringen<\/li>\n<li>SoJ = Stein von Jordan, unique Ring, der die g\u00e4ngige Handelsw\u00e4hrung darstellt<\/li>\n<li>Dualleech = Life und Mana-Absaugung auf 1 Item zugleich<\/li>\n<li>IAS = erh\u00f6hte Angriffsgeschwindigkeit<\/li>\n<li>lvl = Level<\/li>\n<li>Baalrun = Man rennt durch den Weltsteinturm um m\u00f6glichst schnell Baal zu t\u00f6ten<\/li>\n<\/ul>\n","protected":false},"excerpt":{"rendered":"<p>Allround-Barb-Guide (by CF-SkYlaX formerly GoZ_Obscurus) 1. Einleitung 1.1 Vorgeschichte 1.2 Auswahl 2. Skillverteilung 2.1 Statuspunkte 2.2 Fertigkeitenpunkte 3. Ausr\u00fcstung 3.1 PvM-Items 3.2 PvP-Zusatzausr\u00fcstung 3.3 Zauber 4. Spielweise 4.1 PvM-Spielweise 4.1.1 Levelgebiete 4.1.2 Partygesellschaft 4.2 PvP-Spielweise 5. Pers\u00f6nliche Erfahrungen 1. Einleitung 1.1 Vorgeschichte In meinem Guide m\u00f6chte ich versuchen, euch den seit Patch 1.08 etwas unbeliebten&hellip; <a class=\"more-link\" href=\"https:\/\/planetdiablo.eu\/de\/diablo-2\/guides\/allround-barbar_cf-skylax\/\"><span class=\"screen-reader-text\">Diablo 2 &#8211; Allround-Barbaren Guide von SkYlaX2 &#8211; Patch 1.08<\/span> weiterlesen<\/a><\/p>\n","protected":false},"author":748,"featured_media":0,"parent":562964,"menu_order":0,"comment_status":"open","ping_status":"open","template":"","meta":{"footnotes":""},"class_list":["post-563473","page","type-page","status-publish","hentry","entry"],"_links":{"self":[{"href":"https:\/\/planetdiablo.eu\/de\/wp-json\/wp\/v2\/pages\/563473","targetHints":{"allow":["GET"]}}],"collection":[{"href":"https:\/\/planetdiablo.eu\/de\/wp-json\/wp\/v2\/pages"}],"about":[{"href":"https:\/\/planetdiablo.eu\/de\/wp-json\/wp\/v2\/types\/page"}],"author":[{"embeddable":true,"href":"https:\/\/planetdiablo.eu\/de\/wp-json\/wp\/v2\/users\/748"}],"replies":[{"embeddable":true,"href":"https:\/\/planetdiablo.eu\/de\/wp-json\/wp\/v2\/comments?post=563473"}],"version-history":[{"count":0,"href":"https:\/\/planetdiablo.eu\/de\/wp-json\/wp\/v2\/pages\/563473\/revisions"}],"up":[{"embeddable":true,"href":"https:\/\/planetdiablo.eu\/de\/wp-json\/wp\/v2\/pages\/562964"}],"wp:attachment":[{"href":"https:\/\/planetdiablo.eu\/de\/wp-json\/wp\/v2\/media?parent=563473"}],"curies":[{"name":"wp","href":"https:\/\/api.w.org\/{rel}","templated":true}]}}