{"id":563667,"date":"2014-09-28T20:48:10","date_gmt":"2014-09-28T18:48:10","guid":{"rendered":"http:\/\/diablo3.ingame.de\/?page_id=563667"},"modified":"2022-05-17T11:32:24","modified_gmt":"2022-05-17T09:32:24","slug":"meister_elementar","status":"publish","type":"page","link":"https:\/\/planetdiablo.eu\/de\/diablo-2\/guides\/meister_elementar\/","title":{"rendered":"Diablo 2 &#8211; Elementar-Guide von Der Meister &#8211; Patch 1.08"},"content":{"rendered":"<p><center><\/p>\n<h1>Kleiner Elementarguide<\/h1>\n<p><\/center><\/p>\n<h2>Inhalt<\/h2>\n<ul>\n<li>1. <a href=\"#1\">Skills<\/a><\/li>\n<li>2. <a href=\"#2\">Statuspunkte<\/a><\/li>\n<li>3. <a href=\"#3\">Ausr\u00fcstung<\/a><\/li>\n<li>4. <a href=\"#4\">Spielweise<\/a><\/li>\n<li>5. <a href=\"#5\">Tornado-Aimingguide<\/a><\/li>\n<\/ul>\n<p>Dies ist meine Art einen Elementardruiden zu spielen, ich erhebe keine Anspr\u00fcche auf<br \/>\nVollst\u00e4ndigkeit oder Unfehlbarkeit, bin allerdings Level 79 und kommte in Hell wenn<br \/>\nes sein muss auch gut alleine zurecht, sogar alleine expen in halbvollen Spielen in<br \/>\nAkt5\/Hell ist drin und das mit einem Elementardruiden, als so falsch kann es nicht<br \/>\nsein.<\/p>\n<p>So, dann m\u00f6chte ich mal meine Erfahrungen mit dem Druiden weitergeben oder anders<br \/>\ngesagt einen Guide posten, der zeigt, wie man auch dem &#8222;schwachen&#8220; Elemenaltree des<br \/>\nDruiden Schaden entlockt.<br \/>\n<a name=\"1\"><\/a><\/p>\n<p><a name=\"1\"><\/p>\n<h2><b>1.<\/b> Skills<\/h2>\n<p><\/a><a name=\"1\"><\/a><\/p>\n<ul>\n<li><b><font color=\"#ff6060\">Summoning<\/font><\/b><\/li>\n<ul>\nLevel 1<\/p>\n<li><b><font color=\"#6060ff\">Raven<\/font><\/b><\/li>\n<dl>\n<dd>\n1 Punkt, mehr nicht, die Raben machen einfach zu wenig Schaden und lassen sich<br \/>\nnicht als Blocker einsetzen, f\u00fcr die ersten Level ganz hilfreich, mehr als 1 Punkt<br \/>\nist Verschwundung.<\/dd>\n<\/dl>\n<li><b><font color=\"#6060ff\">Poison Creeper<\/font><\/b><\/li>\n<dl>\n<dd>\nHier gilt das gleiche wie bei den Raben, 1 Punkt und fertig, da diese Druidenform<br \/>\nden Leech nicht zwingend ben\u00f6tigt kann wer mag hier auch Punkte sparen, f\u00fcr nur 2<br \/>\nbzw. 3 Skillpunkte finde ich den Bonus der Ranken aber gut.<\/dd>\n<\/dl>\n<p>Level 6<\/p>\n<li><b><font color=\"#6060ff\">Oak Sage<\/font><\/b><\/li>\n<dl>\n<dd>\nDer f\u00fcr den Elemtardruiden beste Geist, da er sowohl die Kreaturen als auch den<br \/>\nDruiden selber unterst\u00fctzt und viel Life schadet sicher nicht. 1 Punkt ist Pflicht,<br \/>\nwer Punkte \u00fcber hat sollte sie hier reinstecken.<\/dd>\n<\/dl>\n<li><b><font color=\"#6060ff\">Summon Spirit Wolf<\/font><\/b><\/li>\n<dl>\n<dd>\n1 Punkt ist Pflicht, alles weitere Verschwendung, mit +Skill in Ausr\u00fcstung kommt<br \/>\nman sp\u00e4ter auf 5+ und das ist alles was man braucht. Der passive Bonus ist nicht<br \/>\nwirklich lohnenswert.<\/dd>\n<\/dl>\n<p>Level 12<\/p>\n<li><b><font color=\"#6060ff\">Carrion Vine<\/font><\/b><\/li>\n<dl>\n<dd>\nWer mit Ranken spielt investiert hier 1 Punkt und erfreut sich am Leech, alles<br \/>\nmehr ist Verschwendung.<\/dd>\n<\/dl>\n<p>Level 18<\/p>\n<li><b><font color=\"#6060ff\">Heart of Wolverine<\/font><\/b><\/li>\n<dl>\n<dd>\nF\u00fcr diesen Druidentyp nicht angebracht, da die Kreaturen nicht f\u00fcr den Schaden da<br \/>\nsind, wer alleine spielt l\u00e4sst diesen Skill bleiben, f\u00fcr Partyspieler kann sich 1<br \/>\nPunkt rentieren wenn man in eine Party mit einem Druiden ger\u00e4t der Oak Sage schon<br \/>\ngemaxt hat.<\/dd>\n<\/dl>\n<li><b><font color=\"#6060ff\">Summon Dire Wolf<\/font><\/b><\/li>\n<dl>\n<dd>\nDiese W\u00f6lfe halten zu wenig aus um sp\u00e4ter noch von Nutzen zu sein, bis zum Grizzly<br \/>\nbenutzt man sie jedoch, und der passive Bonus wird f\u00fcr den Grizzly auch ben\u00f6tigt,<br \/>\nalso mindestens 3 Punkte, mehr als 7 halte ich f\u00fcr Verschwendung.<\/dd>\n<\/dl>\n<p>Level 24<\/p>\n<li><b><font color=\"#6060ff\">Solar Creeper<\/font><\/b><\/li>\n<dl>\n<dd>\nWer hier 1 Punkt investiert wird flexibel, auf gar keinen Fall mehr.<\/dd>\n<\/dl>\n<p>Level 30<\/p>\n<li><b><font color=\"#6060ff\">Spirit of Barbs<\/font><\/b><\/li>\n<dl>\n<dd>\nNichts, wirklich n\u00fctzlich wird dieser Skill erst ab 10+, nur daf\u00fcr fehlen sowohl<br \/>\ndie Skillpunkte als auch ohne Oak Sage das Leben.<\/dd>\n<\/dl>\n<li><b><font color=\"#6060ff\">Summon Grizzly<\/font><\/b><\/li>\n<dl>\n<dd>\nDie Kreatur f\u00fcr den Elemetardruiden, viel Life, ein idealer Blocker, 1 Punkt reicht<br \/>\njedoch aus, das Life wird durch Summon Dire Wolf und Oak Sage schon genug erh\u00f6ht,<br \/>\nder Stun Effekt ist sowieso da und der Schaden wird nicht dringend ben\u00f6tigt.<\/dd>\n<\/dl>\n<\/ul>\n<li><b><font color=\"#ff6060\">Elemental<\/font><\/b><\/li>\n<ul>\nLevel 1<\/p>\n<li><b><font color=\"#6060ff\">Fire Storm<\/font><\/b><\/li>\n<dl>\n<dd>\n1 Punkt muss leider sein, dieser Skill ist noch nicht mal am Anfang zu gebrauchen.<\/dd>\n<\/dl>\n<p>Level 6<\/p>\n<li><b><font color=\"#6060ff\">Molten Boulder<\/font><\/b><\/li>\n<dl>\n<dd>\nsiehe Fire Storm.<\/dd>\n<\/dl>\n<li><b><font color=\"#6060ff\">Arctic Blast<\/font><\/b><\/li>\n<dl>\n<dd>\nsiehe Fire Storm.<\/dd>\n<\/dl>\n<p>Level 12<\/p>\n<li><b><font color=\"#6060ff\">Fissure<\/font><\/b><\/li>\n<dl>\n<dd>\n1 Punkt, mehr nicht, bis bessere Elementalskills zur Verf\u00fcgung stehen ist dieser<br \/>\nzu gebrauchen da er f\u00fcr den Anfang einen netten Fl\u00e4chenschaden macht, Alternative:<br \/>\nselber kloppen.<\/dd>\n<\/dl>\n<li><b><font color=\"#6060ff\">Cyclone Armor<\/font><\/b><\/li>\n<dl>\n<dd>\n1 Punkt, da Resistenzen ein Problem sind ist dieser Skill vor allem in Hell sehr<br \/>\nn\u00fctzlich, 1 Punkt reicht aber v\u00f6llig.<\/dd>\n<\/dl>\n<p>Level 18<\/p>\n<li><b><font color=\"#6060ff\">Twister<\/font><\/b><\/li>\n<dl>\n<dd>\nsiehe Fire Storm.<\/dd>\n<\/dl>\n<p>Level 24<\/p>\n<li><b><font color=\"#6060ff\">Volcano<\/font><\/b><\/li>\n<dl>\n<dd>\n1 Punkt, h\u00e4tte gegen\u00fcber Armageddon bei sehr kompakten Gruppen Vorteile, diese sind<br \/>\naber bei dieser Spielart sowieso schon kein Problem.<\/dd>\n<\/dl>\n<li><b><font color=\"#6060ff\">Tornado<\/font><\/b><\/li>\n<dl>\n<dd>\nHauptangriffskill, je h\u00f6her desto besser, idealerweise erreicht man mit Items Level 27+.<\/dd>\n<\/dl>\n<p>Level 30<\/p>\n<li><b><font color=\"#6060ff\">Armageddon<\/font><\/b><\/li>\n<dl>\n<dd>\nViel Schaden, allerdings eher willk\u00fcrlich, nach Tornado maxen, da bequem einzusetzen<br \/>\nund n\u00fctzlich gegen Bossmonster, wenn gar nix anderes mehr hilft <img decoding=\"async\" src=\"http:\/\/forum.ingame.de\/diablo2\/images\/smilies\/wink.gif\" alt=\";)\" border=\"0\">.<\/dd>\n<\/dl>\n<li><b><font color=\"#6060ff\">Hurricane<\/font><\/b><\/li>\n<dl>\n<dd>\nVerlangsamt die Gegner und macht K\u00e4lteschaden, leicht zu zielen, daf\u00fcr ist der Schaden<br \/>\nnicht sehr hoch, nach Armageddon maxen, auf jeden Fall aber noch in Nightmare, auf Hell<br \/>\nwird jedes bisschen Elemtarschaden ben\u00f6tigt.<\/dd>\n<\/dl>\n<\/ul>\n<\/ul>\n<p><b>Skillpoints bis 30:<\/b> Sobald der entsprechende Skill zur Verf\u00fcgung steht einen<br \/>\nPunkt rein, Oak Sage kann man fr\u00fch 3-4 reinstecken, ab 18 3-5 in Summon Dire Wolf und<br \/>\nab 24 soweit m\u00f6glich in Tornado, den Rest aufsparen bis Hurricane und Armageddon frei<br \/>\nwerden, aber jedes Levelup einen Punkt in Tornado.<br \/>\n<a name=\"2\"><\/a><\/p>\n<p><a name=\"2\"><\/p>\n<h2><b>2.<\/b> Statuspunkte<\/h2>\n<p><\/a><a name=\"2\"><\/a><br \/>\n<b>Strength:<\/b> 70<br \/>\n<b>Dexteritiy:<\/b> Nix<br \/>\n<b>Vitality:<\/b> Alles<br \/>\n<b>Energy:<\/b> Wer zu Beginn mit Fissure spielt hat es mit 10 bis maximal 20 Punkten<br \/>\nhier investiert einfacher, sollte bei der (Mana-)Ausr\u00fcstung etwas fehlen ist es<br \/>\ndurch viele Punkte hier vielleicht zu kompensieren.<br \/>\n<a name=\"3\"><\/a><\/p>\n<p><a name=\"3\"><\/p>\n<h2><b>3.<\/b> Ausr\u00fcstung<\/h2>\n<p><\/a><a name=\"3\"><\/a><br \/>\nSoweit so gut, wer sich jetzt fragt, wie das funktionieren soll ist sicher in guter<br \/>\nGesellschaft und deswegen nun zum entscheidenden Teil, der Ausr\u00fcstung.<\/p>\n<ul>\n<li><b><font color=\"#ff6060\">Pflicht<\/font><\/b><\/li>\n<ul>\n<li><b><font color=\"#6060ff\">Ringe<\/font><\/b><\/li>\n<dl>\n<dd>\n2 SoJ sind wegen Mana und Skillpunkten fast nicht zu ersetzen.<\/dd>\n<\/dl>\n<li><b><font color=\"#6060ff\">R\u00fcstung<\/font><\/b><\/li>\n<dl>\n<dd>\nEine mit 4 perfekten Sch\u00e4deln gesockelte Gothicplate, deswegen die 70 Strength,<br \/>\nwer etwas findet das 75% Manaregeneration toppt darf es nat\u00fcrlich benutzen <img decoding=\"async\" src=\"http:\/\/forum.ingame.de\/diablo2\/images\/smilies\/wink.gif\" alt=\";)\" border=\"0\">.<br \/>\nKein Problem, man kann einfach eine normale wei\u00dfe, beim H\u00e4ndler kaufbare Gothic Plate<br \/>\nper Quest sockeln lassen, ich habe es mehrfach getestet und jedesmal 4 Sockel erhalten.<br \/>\nPerfekte Sch\u00e4del sind jetzt wo auch makellose gedroppt werden auch f\u00fcr weniger aktive<br \/>\nkein Problem. Wer ein halbwegs brauchbares Item findet d\u00fcrfte auch keine Probleme haben<br \/>\ndas f\u00fcr nen PS zu traden. Wer im Single spielt und keine Sch\u00e4del auf anderen Chars hat<br \/>\nbraucht allerdings seine Zeit f\u00fcr 4 perfekte Sch\u00e4del. Ist allerdings weniger schlimm als<br \/>\nes sich anh\u00f6rt, da es mit den Skills Tornado, Armageddon, Hurricane und Grizzly in Normal<br \/>\nsehr einfach wird, egal bei welcher Ausr\u00fcstung hier ist also Spielraum vorhanden.<\/dd>\n<\/dl>\n<li><b><font color=\"#6060ff\">Handschuhe<\/font><\/b><\/li>\n<dl>\n<dd>\nBei Manaproblemen Frostbrand, optimal ist aber Magefist wegen Fastest Cast, dass +1<br \/>\nFire Skills auch beim Druiden gilt ist eher zweitrangig.<\/dd>\n<\/dl>\n<li><b><font color=\"#6060ff\">Schild<\/font><\/b><\/li>\n<dl>\n<dd>\nWall of Eyeless f\u00fcr Gebiete ohne Gegner mit Elemental-\/Giftschaden, sonst ein<br \/>\nSchild mit 3 perfekten Diamanten f\u00fcr +57 auf alle Resis (RalOrtTal macht meines<br \/>\nWissens nur +43).<br \/>\nWall of Eyeless muss nicht unbedingt sein, und in der Zeit in der man 4 Sch\u00e4del hat,<br \/>\nhat man auch locker 3 perfekte Diamanten.<\/dd>\n<\/dl>\n<li><b><font color=\"#6060ff\">Waffe<\/font><\/b><\/li>\n<dl>\n<dd>\nEin Necrostab oder Zepter mit Fastest Cast und Mana wie z.B. Umes, alles weitere ist K\u00fcr <img decoding=\"async\" src=\"http:\/\/forum.ingame.de\/diablo2\/images\/smilies\/wink.gif\" alt=\";)\" border=\"0\">.<\/p>\n<p>Kann man sich mit etwas Geduld beim H\u00e4ndler kaufen.<\/dd>\n<\/dl>\n<\/ul>\n<li><b><font color=\"#ff6060\">K\u00fcr<\/font><\/b><\/li>\n<ul>\n<li><b><font color=\"#6060ff\">Amulett<\/font><\/b><\/li>\n<dl>\n<dd>\nIdeal ein +2 Druid Skills prismatisches Amulett mit Fast Cast, Mana und Lifebonus,<br \/>\nje n\u00e4her dran desto besser, ein magisches +3 Elementalskills reicht auch.<\/dd>\n<\/dl>\n<li><b><font color=\"#6060ff\">G\u00fcrtel<\/font><\/b><\/li>\n<dl>\n<dd>\nLenymo, Nightsmoke oder ein G\u00fcrtel mit +Mana +Life, Resis oder FHR sind auch n\u00fctzlich.<\/dd>\n<\/dl>\n<li><b><font color=\"#6060ff\">Helm<\/font><\/b><\/li>\n<dl>\n<dd>\nAm wichtigsten sind hier die Skills, ideal w\u00e4re ein +2 Druidskills, +3 Tornado,<br \/>\n+3 Armageddon, +3 Hurricane mit +Mana +Life +Resis, je n\u00e4her dran desto besser.<br \/>\nEinen perfekten Sch\u00e4del reinzusockeln kann auch nicht schaden.<\/dd>\n<\/dl>\n<li><b><font color=\"#6060ff\">Charms<\/font><\/b><\/li>\n<dl>\n<dd>\n+Elementalskills, +Mana, +Life oder mit resis sind im Inventar gerne gesehen.<\/dd>\n<\/dl>\n<\/ul>\n<\/ul>\n<p><b>Handschuhe+Ringe:<\/b> Wer&#8217;s nicht hat und nicht traden kann bekommt hier ein<br \/>\nProblem da gambeln flachf\u00e4llt. Alternativ kann man nur Statpunkte in Mana stecken<br \/>\nwas vorsichtigere Spielweise erzwingt. Da es im SP aber auch keinen Lag gibt sehe<br \/>\nich hier auch kein un\u00fcberwindbares Problem.<\/p>\n<p>Alle anderen Items nimmt man das beste was zur Verf\u00fcgung steht, Spitzenitems sind<br \/>\nhier nicht zwingend erforderlich, damit der Char funktioniert. Au\u00dferdem komme ich<br \/>\nin Akt 5 Hell auch in 4-5 Playergames noch alleine klar, in Bezug auf SP ist also<br \/>\nnoch genug Spielraum f\u00fcr schlechtere Items vorhanden. Und es glaubt doch nicht wirklich<br \/>\njemand, ich h\u00e4tte so einen Helm wie im Guide als ideal beschrieben oder?<br \/>\n<a name=\"4\"><\/a><\/p>\n<p><a name=\"4\"><\/p>\n<h2><b>4.<\/b> Spielweise<\/h2>\n<p><\/a><a name=\"4\"><\/a><br \/>\nIdeales Einsatzgebiet unseres Druiden ist gegen Monstergruppen ohne physische Immunit\u00e4ten,<br \/>\ndie man mit Grizzly fixiert und denen dann mit bis zu 7fach fastcast Tornados bei bis<br \/>\nzu 450 Durchschnittsschaden pro Tornado so richtig einheizt w\u00e4hrend Hurricane oder<br \/>\nArmageddon ihren Beitrag leisten. F\u00fcr die muss man zwar dicht ran, aber life ist im<br \/>\n4stelligen Bereich, der Grizzly h\u00e4lt auch gut was ab und um mit Tornado zu treffen ist<br \/>\neine kurze Distanz auch hilfreich, mit der Zeit entwickelt man sich automatisch zu einem<br \/>\nTornadokunstsch\u00fctzen . Mana ist kein Problem, da ein Tornado die fixen Kosten von 10<br \/>\nMana hat ist die Kugel erst nach mehr als einen halben Minute Dauercasten leer, wirklich<br \/>\naufh\u00f6ren zu schiessen tut man deswegen aber auch nicht und bei 3-5 Tornados pro Sekunde<br \/>\n(gesch\u00e4tzt) ist der ausgeteilte Schaden nicht zu verachten.<\/p>\n<p>Mein so aufgebauter Druide ist jetzt Level 79 Akt 5 Hell, kommt prima alleine zurecht<br \/>\nund ist dank Geist und dem gro\u00dfen Fl\u00e4chenschaden auch in einer Party gerne gesehen.<br \/>\nWirkliche Hindernisse sind nur die Bosse alleine ohne Party, deswegen gehe ich f\u00fcr<br \/>\nSP-Spieler darauf noch weiter ein:<\/p>\n<ul>\n<li><b><font color=\"#6060ff\">Akt 1<\/font><\/b><\/li>\n<dl>\n<dd>\nKeinerlei Probleme.<\/dd>\n<\/dl>\n<li><b><font color=\"#6060ff\">Akt 2<\/font><\/b><\/li>\n<dl>\n<dd>\nWurmgruft verlangt den Kunstsch\u00fctzen <img decoding=\"async\" src=\"http:\/\/forum.ingame.de\/diablo2\/images\/smilies\/wink.gif\" alt=\";)\" border=\"0\">.<br \/>\nDuriel macht Kummer, auf Normal mit Level 25+ einfach, auf Nightmare und Hell<br \/>\nempfehlen sich die Spirit Wolfs, 5 auf ihn casten, in der Zeit wo er sie totschl\u00e4gt<br \/>\nTornados und wenn nur noch 1 Wolf lebt sofort wieder neucasten, sobald man abhauen<br \/>\nmuss bleibt einem nur noch Armageddon und im Kreis laufen, Duriel l\u00e4uft hinterher<br \/>\nund wird dadurch gut getroffen, wirklich elegant ist dies aber nicht.<\/dd>\n<\/dl>\n<li><b><font color=\"#6060ff\">Akt 3<\/font><\/b><\/li>\n<dl>\n<dd>\nAuf Normal auch einfach, in Nightmare und Hell darf sowohl gegen der hohen Rat als<br \/>\nauch Mephisto der B\u00e4r nicht sterben, schnell immer wieder neu casten und mit Tornado<br \/>\nden Schaden machen.<\/dd>\n<\/dl>\n<li><b><font color=\"#6060ff\">Akt 4<\/font><\/b><\/li>\n<dl>\n<dd>\nDiablo ist f\u00fcr diese Art Druide eine harte Nuss, am besten wie gegen Duriel,<br \/>\naber erheblich schwieriger, der Schmied ist mit dieser 5 W\u00f6lfe Taktik einfach.<\/dd>\n<\/dl>\n<li><b><font color=\"#6060ff\">Akt 5<\/font><\/b><\/li>\n<dl>\n<dd>\nBaal nur mit hohem Level angehen, dann ist der relativ einfach zu schaffen, aber in<br \/>\nNightmare sind die Urahnen ein Riesenproblem, am besten erst bei Level 70+ versuchen,<br \/>\nin Hell habe ich keine Ahnung wie man die alleine schlagen soll.<\/p>\n<p>Alle anderen Gegner fallen wie die Raben <img decoding=\"async\" src=\"http:\/\/forum.ingame.de\/diablo2\/images\/smilies\/wink.gif\" alt=\";)\" border=\"0\">, ich hoffe geholfen zu haben <img decoding=\"async\" src=\"http:\/\/forum.ingame.de\/diablo2\/images\/smilies\/smile.gif\" alt=\":)\" border=\"0\">.<\/dd>\n<\/dl>\n<\/ul>\n<p><a name=\"5\"><\/a><\/p>\n<p><a name=\"5\"><\/p>\n<h2><b>5.<\/b> Tornado-Aimingguide<\/h2>\n<p><\/a><a name=\"5\"><\/a><br \/>\n<b>1.<\/b> So nah ran an die Monster, wie es die eigenen HP vertragen, die Position<br \/>\ndirekt hinter dem Grizzly bietet sich meistens an (f\u00fcr Hurricane oder Armageddon<br \/>\nmuss man sowieso nah ran).<\/p>\n<p><b>2.<\/b> Wenn man sieht wie der Tornado, in einem bestimmten Winkel abgeschossen,<br \/>\nfliegt und der Platz ist da einfach die eigene Position entsprechend \u00e4ndern.<\/p>\n<p><b>3.<\/b> Monster gruppieren (Horden), einer Java- oder Multizone sollte dies vertraut<br \/>\nsein, Gegner in einer Gruppe sammeln, ideal zum leveln wegen der Fl\u00e4chenwirkung von<br \/>\nTornado und eine gro\u00dfe Gruppe ist erheblich leichter zu treffen.<\/p>\n<p><b>4.<\/b> Bei niedriger Ping bzw. im Single trifft man durch direktes Klicken auf<br \/>\ndas Monster meistens wirklich, wenn dieses sich nicht bewegt , der Tornado fliegt<br \/>\nzwar zickzack jedoch schie\u00dft man ihn automatisch richtig ab, wenn man so nicht trifft -&gt;<\/p>\n<p><b>5.<\/b> Mit Tornado kann man bestimmte Winkel nicht treffen, daher die Position immer<br \/>\nso w\u00e4hlen, das man auch treffen kann, mit der Zeit macht man das automatisch.<\/p>\n<p>Frohes Metzeln.<\/p>\n","protected":false},"excerpt":{"rendered":"<p>Kleiner Elementarguide Inhalt 1. Skills 2. Statuspunkte 3. Ausr\u00fcstung 4. Spielweise 5. Tornado-Aimingguide Dies ist meine Art einen Elementardruiden zu spielen, ich erhebe keine Anspr\u00fcche auf Vollst\u00e4ndigkeit oder Unfehlbarkeit, bin allerdings Level 79 und kommte in Hell wenn es sein muss auch gut alleine zurecht, sogar alleine expen in halbvollen Spielen in Akt5\/Hell ist drin&hellip; <a class=\"more-link\" href=\"https:\/\/planetdiablo.eu\/de\/diablo-2\/guides\/meister_elementar\/\"><span class=\"screen-reader-text\">Diablo 2 &#8211; Elementar-Guide von Der Meister &#8211; Patch 1.08<\/span> weiterlesen<\/a><\/p>\n","protected":false},"author":748,"featured_media":0,"parent":562964,"menu_order":0,"comment_status":"closed","ping_status":"open","template":"","meta":{"footnotes":""},"class_list":["post-563667","page","type-page","status-publish","hentry","entry"],"_links":{"self":[{"href":"https:\/\/planetdiablo.eu\/de\/wp-json\/wp\/v2\/pages\/563667","targetHints":{"allow":["GET"]}}],"collection":[{"href":"https:\/\/planetdiablo.eu\/de\/wp-json\/wp\/v2\/pages"}],"about":[{"href":"https:\/\/planetdiablo.eu\/de\/wp-json\/wp\/v2\/types\/page"}],"author":[{"embeddable":true,"href":"https:\/\/planetdiablo.eu\/de\/wp-json\/wp\/v2\/users\/748"}],"replies":[{"embeddable":true,"href":"https:\/\/planetdiablo.eu\/de\/wp-json\/wp\/v2\/comments?post=563667"}],"version-history":[{"count":1,"href":"https:\/\/planetdiablo.eu\/de\/wp-json\/wp\/v2\/pages\/563667\/revisions"}],"predecessor-version":[{"id":585726,"href":"https:\/\/planetdiablo.eu\/de\/wp-json\/wp\/v2\/pages\/563667\/revisions\/585726"}],"up":[{"embeddable":true,"href":"https:\/\/planetdiablo.eu\/de\/wp-json\/wp\/v2\/pages\/562964"}],"wp:attachment":[{"href":"https:\/\/planetdiablo.eu\/de\/wp-json\/wp\/v2\/media?parent=563667"}],"curies":[{"name":"wp","href":"https:\/\/api.w.org\/{rel}","templated":true}]}}