{"id":563994,"date":"2014-09-29T15:40:24","date_gmt":"2014-09-29T13:40:24","guid":{"rendered":"http:\/\/diablo3.ingame.de\/?page_id=563994"},"modified":"2022-03-01T11:52:35","modified_gmt":"2022-03-01T09:52:35","slug":"baroness_alianda_tank","status":"publish","type":"page","link":"https:\/\/planetdiablo.eu\/de\/diablo-2\/guides\/baroness_alianda_tank\/","title":{"rendered":"Diablo 2 &#8211; Tanksorc Guide von Baroness Alianda &#8211; Patch 1.06"},"content":{"rendered":"<h1><b>Mundus Tank-Sorc Guide<\/b><\/h1>\n<p><i>Empfohlene Ausr\u00fcstung<\/i><\/p>\n<ul>\n<li>\n<div>2 Steine vom Jordan<\/div>\n<\/li>\n<li>\n<div>einmal Frostbrand Panzerhandschuhe<\/div>\n<\/li>\n<li>\n<div>eine gesockelte und mit perfekten Diamanten best\u00fcckte Pavese (44% Block)<\/div>\n<\/li>\n<li>\n<div>ein seltener Necro-Stab oder Szepter mit schnellster Zauberrate<\/div>\n<\/li>\n<li>\n<div>ein Leben spendendes prismatisches am besten mit + 1\/2 Skills belegtes<br \/>\nAmulett (auf Skills kann man verzichten, wichtiger ist Leben\/Mana\/Resists)<\/div>\n<\/li>\n<li>\n<div>ein Paar Schuhe mit schnellstem rennen\/gehen sowie Resistenzen<\/div>\n<\/li>\n<li>\n<div>eine R\u00fcstung mit mehr als 850 Armor Verteidigungswert, entweder<br \/>\nmit -40% oder mit -20% Anforderung<\/div>\n<\/li>\n<li>\n<div>ein Kriegsg\u00fcrtel mit Resistenzen und schnellster Erholung nach Treffern<\/div>\n<\/li>\n<li>\n<div>ein Helm mit Resistenzen<\/div>\n<\/li>\n<\/ul>\n<p>Alle die oben genannten Eigenschaften sollten Pflicht sein. Hier werden nun die<br \/>\nZusatzeigenschaften beschrieben, auf die man achten sollte, aber nicht unbedingt<br \/>\nnotwendig sind.<\/p>\n<ul type=\"SQUARE\">\n<li>Alle Gegenst\u00e4nde sollten einen sehr hohen Verteidigungswert haben<\/li>\n<li>Schadens- sowie Magieschadensreduzierende Eigenschaften<\/li>\n<li>Lebensspendende Eigenschaften<\/li>\n<li>Manaspendende Eigenschaften<\/li>\n<li>alle Resistenzen so verteilt dass man auch auf Hell auf max Blitzresistenz<br \/>\nkommt und die anderen auf 60% oder mehr bekommt<\/li>\n<li>2 schnelle oder eins schnellste Erholung\/en nach Treffer<\/li>\n<li>schnellste Zauberraten reicht einmal daher nicht mehr Steigerungswert<br \/>\n(st\u00f6rt aber ned wenn schneller)<\/li>\n<\/ul>\n<p><i>Hauptangriffszauber<\/i><\/p>\n<ul>\n<li>Static (Level 20)<\/li>\n<\/ul>\n<p><i>Passive Nebenangriffszauber<\/i><\/p>\n<ul>\n<li>Feuerwand (Level 10-15)<\/li>\n<li>Feuerbeherrschung (Level 5-10)<\/li>\n<\/ul>\n<p><i>Empfohlene Characterwerte<\/i><\/p>\n<ul>\n<li>St\u00e4rkewert : 136 ( 136 Erfordert dann R\u00fcstungen mit &#8211; 40 % oder &#8211; 20 %<br \/>\nAnforderung und man kann alles tragen ausser 170 St\u00e4rke Erfordernde R\u00fcstungen<br \/>\n) .<\/li>\n<li>Geschicklichkeit : Grundwert .<\/li>\n<li>Gesundheit : Alles rein damit .<\/li>\n<li>Energie : Grundwert .<\/li>\n<\/ul>\n<p>&nbsp;<\/p>\n<p>Weitere eingesetzte Fertigkeiten<\/p>\n<p><i><font color=\"#7DC5FF\">Eis:<\/font><\/i><\/p>\n<ul type=\"SQUARE\">\n<li><font color=\"#7DC5FF\">Eisblitz 1<\/font><\/li>\n<li><font color=\"#7DC5FF\">Eisstoss 1<\/font><\/li>\n<li><font color=\"#7DC5FF\">Eisr\u00fcstung 1<\/font><\/li>\n<li><font color=\"#7DC5FF\">Zitter-R\u00fcstung 20<\/font><\/li>\n<\/ul>\n<p>&nbsp;<\/p>\n<p><i><font color=\"#FBFF73\">Blitz:<\/font> <\/i><\/p>\n<ul type=\"SQUARE\">\n<li><font color=\"#FBFF73\">Combo-Blitz 1<\/font><\/li>\n<li><font color=\"#FBFF73\">Blitzschlag 1<\/font><\/li>\n<li><font color=\"#FBFF73\">Kettenblitz 1<\/font><\/li>\n<li><font color=\"#FBFF73\">Teleport 1<\/font><\/li>\n<li><font color=\"#FBFF73\">Telekinese 1<\/font><\/li>\n<li><font color=\"#FBFF73\">Static 20<\/font><\/li>\n<li><font color=\"#FBFF73\">Energieschild : 5 , Erlernen so ab ~ Level 60 oder<br \/>\nfr\u00fcher wenn der Manavorrat nicht zu gering ist<\/font><\/li>\n<li><font color=\"#FBFF73\">Blitz-Mastery 1<\/font><\/li>\n<\/ul>\n<p>&nbsp;<\/p>\n<p><i><font color=\"#FF534A\">Feuer:<\/font><\/i><\/p>\n<ul type=\"SQUARE\">\n<li><font color=\"#FF534A\">W\u00e4rme 20<\/font><\/li>\n<li><font color=\"#FF534A\">Inferno 1<\/font><\/li>\n<li><font color=\"#FF534A\">Feuersbrunst 1<\/font><\/li>\n<li><font color=\"#FF534A\">Feuerwand 10-15<\/font><\/li>\n<li><font color=\"#FF534A\">Feuer-Mastery 5-10<\/font><\/li>\n<\/ul>\n<p>&nbsp;<\/p>\n<p><i>Was Skille ich wann<\/i><br \/>\nAm besten skillt man die Tank so, dass erst alles f\u00fcr die Defensive<br \/>\n(Defensive und alle Zauber die nichts mit Offensive zu tun haben) auf den oben<br \/>\nstehenden Level gebracht wird und man die Offensive erst mit Level 74 ausskillt<br \/>\nwenn alles andere erledigt ist. Man ist bis dahin zwar Party abh\u00e4ngig aber man<br \/>\nhat immer einen guten Schutz.<br \/>\nWenn man jedoch lieber gerne alleine umher zieht, erlernt man die Angriffspr\u00fcche<br \/>\nden Nebenangriffszauber Feuerwand fr\u00fcher und bringt ihn aber direkt auf die<br \/>\noben beschriebenen Level damit man auch noch in Hell was ausrichtet damit. Hiermit<br \/>\nleidet jedoch die Defensive darunter, weil man sie erst sp\u00e4ter fertigskillen<br \/>\nkann. Am besten sollte man alle notwendigen Spr\u00fcche fr\u00fch erlernen, damit man<br \/>\nz. B. nicht auf Level 70 zuerst nicht Nova erlernen muss, um an Energieschild<br \/>\nranzukommen! Und der Anfang f\u00e4llt dann auch leichter. Am besten steigert man<br \/>\nW\u00e4rme sehr fr\u00fch auf Maximum, die Zitterr\u00fcstung kann bis Albtraum warten.<br \/>\nStatic sollte aber neben W\u00e4rme auch schnell gemaxt werden. Energieschild erst<br \/>\ndann, wenn man halbwegs mit dem Mana Vorrat auskommt. Am Anfang wird man unter<br \/>\nchronischem Manamangel leiden.<br \/>\n<i>Beschreibung<\/i><br \/>\nAnmerkung : Eine Tank kann zwar alleine Spielen, levelt aber sehr<br \/>\nviel schneller in 2er Party.<br \/>\nAm besten geht dies zusammen mit einer Tweaker-Sorc oder einer Amazone mit sehr<br \/>\nstarker Offensive (eine sogenannte Dex-Ama). Die Defensive wird in diesem Fall<br \/>\nvollst\u00e4ndig von dir \u00fcbernommen, indem du die Gegner blockst und verstatikst,<br \/>\nund die Sorc\/Ama den Gnadenschuss gibt. Mit dieser Kombination kann man das<br \/>\nChaos Sanktuarium in Rekordzeit leerfegen.<br \/>\n<i>Spielweise alleine<\/i><br \/>\nDie Tank kann (mit Ausnahme der Magier) mit jedem Gegnertyp alleine<br \/>\nfertig werden. Magier sind nur in Begleitung effektiv ausschaltbar, da sie nicht<br \/>\nin der Feuerwand stehen bleiben und Fernangriffe benutzen.<br \/>\nAndere Gegner werden durch dauerstatiken angelockt und mit der Feuerwand erledigt.<br \/>\nDies funktioniert am besten, wenn man eine 5-8 fache FW direkt neben sich hinzaubert.<br \/>\nSo werden die angreifenden Monster verbrannt und zus\u00e4tzlich von der Level<br \/>\n20 Zitterr\u00fcstung besch\u00e4digt und eingefroren. Gleichzeitig kann man<br \/>\nselber weiterstatiken und weitere Monster anlocken und schw\u00e4chen.<br \/>\nBei einer grosser Anzahl Gegner muss man sich evt. in einer Ecke verschanzen,<br \/>\num selber nicht zu viel Schaden zu erleiden.<br \/>\nEinzig die Manasaugenden Geister muss man einzeln gek\u00e4mpfen, da eine Tank<br \/>\nkeinen grossen Manavorrat zum angreifen hat.<br \/>\n<i>Spielweise in 2er Party mit Tweaker<br \/>\nSorceress oder Amazone<\/i><br \/>\nDas Chaos Sanktuarium kann ohne Problem gemeistert werden. Am besten<br \/>\nverwickelt man die Magier durch ranteleportieren in den Nahkampf. Monster d\u00fcrfen<br \/>\nbeim Teamspiel von allen Seiten angreifen, da sie durch dein Statikfeld extrem<br \/>\ngeschw\u00e4cht werden und die Tweakersorc oder Amazone sie innerhalb Sekunden t\u00f6ten<br \/>\nkann.<br \/>\nDer Friereffekt des Orbs oder des Etlich-unterst\u00fctzen Multischusses verlangsamt<br \/>\ndie Angriffe der Monster, so dass du weniger Schaden nimmst. Ausserdem bekommen<br \/>\ndie Monster durch drei verschiedene Elemente Schaden (Feuer, Blitz und Eis),<br \/>\nalso ist f\u00fcr jeden Typ Resitenzen was dabei. Eine Amazone teilt sogar physischen<br \/>\nSchaden aus.<br \/>\n<i>Pflichten<\/i><\/p>\n<p>Der Kollege muss immer hinter dir stehen (aber nicht <i>zu<\/i> Nah), so dass<br \/>\nman nicht zu lange einer \u00d0bermonsterung ausgesetzt ist, und mit seiner \u00fcberlegenen<br \/>\nOffensivkraft die Monster abr\u00e4umen.<br \/>\nDu must daf\u00fcr sorgen, dass keine Monster dein Partymitglied angreifen,<br \/>\nsowie alle Fernangriffe auf dich lenken, und mit Statikfeld die Gegner schw\u00e4chen.<br \/>\nDeswegen wird eine Tanksorc auch als intelligente Walky mit Static bezeichnet.<\/p>\n<p><i>Gefahren<\/i><br \/>\nVerfluchte Bossmonster (Verst\u00e4rkter Schaden), Bossmonster mit<br \/>\nGeistertreffer, Multiblitzer, Unheilbringer und Magier k\u00f6nnen dir gef\u00e4hrlich<br \/>\nwerden, und sollten nur mit \u00e4usserster Vorsicht angegriffen werden.<br \/>\n<i>Gegenmassnahme bei Unheilbringern<\/i><\/p>\n<p>Wenn man alleine spielt: Manatr\u00e4nke benutzen und einen Unheilbringer<br \/>\nnach dem anderen ausschalten.<br \/>\nIn Parties sind sie keine grosse Bedrohung.<\/p>\n<p><i>Vorteile<\/i><\/p>\n<p>Verseuchte WPs und TPs, egal ob Schmied oder ein Haufen kleiner Monster,<br \/>\nsind ungef\u00e4hrlich, als Tanksorc stirbt man nicht (Einzig bei einem Timeout,<br \/>\naber dagegen ist sowieso kein Kraut gewachsen).<br \/>\nKeine anstrengenden &#8222;rumteleportier, hoffentlich werd ich bloss nicht getroffen&#8220;<br \/>\nOrgien wie sie bei Tweakersorc \u00fcblich sind. In Party mit Tweaker \/ Amazone,<br \/>\nr\u00e4umt man den Flammenfluss oder das CS in Null komm ab.<br \/>\n<i>Hinweise<\/i><br \/>\nDie Feuerwand kann auf Rechnern mit wenig RAM zum laggen f\u00fchren, ist<br \/>\njedoch der von Mana Kosten\/Leistung her beste Skill. In Partyspielen killt nur<br \/>\ndie Tweaker\/Amazone die Monster (10 % mehr EXP f\u00fcr sie) da man in der Regel<br \/>\nnur blockt und verstatikt, deswegen geh\u00f6rt Big Diablo meistens der Tank Sorceress<br \/>\nalleine (Tweaker haben Angst vor dem roten Strahl, eine Tank hingegen kann darin<br \/>\nl\u00e4nger baden als jeder andere Char). Ausserdem sollte die Tank immer alle Regenerations-<br \/>\nund Lebens-Tr\u00e4nke bekommen.<br \/>\nAls Ausgleich stirbt eine Tweakersorc immer mal wieder, was einer Tank nicht<br \/>\npassiert.<br \/>\n<i>Einsch\u00e4tzung<\/i><br \/>\nBesonders geeignet f\u00fcr alles was mit PvM zu tun hat. Sehr n\u00fctzlich<br \/>\nf\u00fcr ein Party-Spiel und alleiniges Leveln ist auch kein Problem, nicht<br \/>\nmal in Hell 8 Player am Flammenfluss.<br \/>\nF\u00fcr Anf\u00e4nger geeignet, da eine Tank praktisch unzerst\u00f6rbar ist, sowie f\u00fcr<br \/>\nVeteranen die die Nase voll haben von Tweakern und Eisspr\u00fcchen.<br \/>\n<i>Fazit<\/i><br \/>\nEine sehr gelungene Sorceress in Barbarenmanier nur mit massenhaft<br \/>\nElementarsch\u00e4den, ausserdem ist sie nicht Uniqueabh\u00e4ngig.<br \/>\nEine Tank ist jedoch nicht f\u00fcr PvP geeignet. Aber dank viel Life und hohem<br \/>\nBlockwert und Verteidigung hat man eine gute Chance PK-Attacken auszuweichen<br \/>\nund nicht gleich am ersten WW draufzugehen.<br \/>\n<i>Stats meiner Tank Sorc<\/i><br \/>\n<img loading=\"lazy\" decoding=\"async\" src=\"http:\/\/diablo3.ingame.de\/files\/2014\/09\/sorc5.jpg\" width=\"270\" height=\"203\" align=\"RIGHT\"> Anmerkung: Eine<br \/>\nTank Sorceress muss nicht unbedingt mit Feuerwand gespielt werden, sondern kann<br \/>\ntheoretisch auch mit Blizzard oder Hydra funktionieren. Hauptsache ist, dass der<br \/>\nNebenangriffsspruch Passiv ist. Meine eigene Tank ist jedoch eine Feuerwand Sorceress<br \/>\nund eine Hydra\/Blizzard habe ich nicht getestet.<br \/>\nIch habe ausserdem keine Erfahrung mit Tank in Hardcore und weiss deswegen nicht,<br \/>\nob das Konzept auch dort so aufgeht.<\/p>\n","protected":false},"excerpt":{"rendered":"<p>Mundus Tank-Sorc Guide Empfohlene Ausr\u00fcstung 2 Steine vom Jordan einmal Frostbrand Panzerhandschuhe eine gesockelte und mit perfekten Diamanten best\u00fcckte Pavese (44% Block) ein seltener Necro-Stab oder Szepter mit schnellster Zauberrate ein Leben spendendes prismatisches am besten mit + 1\/2 Skills belegtes Amulett (auf Skills kann man verzichten, wichtiger ist Leben\/Mana\/Resists) ein Paar Schuhe mit schnellstem&hellip; <a class=\"more-link\" href=\"https:\/\/planetdiablo.eu\/de\/diablo-2\/guides\/baroness_alianda_tank\/\"><span class=\"screen-reader-text\">Diablo 2 &#8211; Tanksorc Guide von Baroness Alianda &#8211; Patch 1.06<\/span> weiterlesen<\/a><\/p>\n","protected":false},"author":748,"featured_media":0,"parent":562964,"menu_order":0,"comment_status":"closed","ping_status":"open","template":"","meta":{"footnotes":""},"class_list":["post-563994","page","type-page","status-publish","hentry","entry"],"_links":{"self":[{"href":"https:\/\/planetdiablo.eu\/de\/wp-json\/wp\/v2\/pages\/563994","targetHints":{"allow":["GET"]}}],"collection":[{"href":"https:\/\/planetdiablo.eu\/de\/wp-json\/wp\/v2\/pages"}],"about":[{"href":"https:\/\/planetdiablo.eu\/de\/wp-json\/wp\/v2\/types\/page"}],"author":[{"embeddable":true,"href":"https:\/\/planetdiablo.eu\/de\/wp-json\/wp\/v2\/users\/748"}],"replies":[{"embeddable":true,"href":"https:\/\/planetdiablo.eu\/de\/wp-json\/wp\/v2\/comments?post=563994"}],"version-history":[{"count":1,"href":"https:\/\/planetdiablo.eu\/de\/wp-json\/wp\/v2\/pages\/563994\/revisions"}],"predecessor-version":[{"id":585250,"href":"https:\/\/planetdiablo.eu\/de\/wp-json\/wp\/v2\/pages\/563994\/revisions\/585250"}],"up":[{"embeddable":true,"href":"https:\/\/planetdiablo.eu\/de\/wp-json\/wp\/v2\/pages\/562964"}],"wp:attachment":[{"href":"https:\/\/planetdiablo.eu\/de\/wp-json\/wp\/v2\/media?parent=563994"}],"curies":[{"name":"wp","href":"https:\/\/api.w.org\/{rel}","templated":true}]}}