{"id":564353,"date":"2014-10-01T15:12:05","date_gmt":"2014-10-01T13:12:05","guid":{"rendered":"http:\/\/diablo3.ingame.de\/?page_id=564353"},"modified":"2022-06-07T12:54:03","modified_gmt":"2022-06-07T10:54:03","slug":"werwolf_nano","status":"publish","type":"page","link":"https:\/\/planetdiablo.eu\/de\/diablo-2\/guides\/werwolf_nano\/","title":{"rendered":"Diablo 2 &#8211; Werwolf-Druiden Guide von Nano &#8211; Patch 1.08"},"content":{"rendered":"<h3>Werwold-Druidenguide<\/h3>\n<p>von Nano<\/p>\n<p>ich bem\u00fche mich mal einen einfachen Guide f\u00fcr einen Werwolfdruiden zu erstellen.<br \/>\nDieser Guide ist zwar aus sicht eines HC Spielers geschrieben, aber ich versuche<br \/>\nauch einige SC Elemente einzubauen. Erfahrung hab ich von meinem 86 Elementar<br \/>\nDruid und einem Lvl 86 Werwolf, beide HC Chars. Die Anfangsausr\u00fcstung ist denkbar<br \/>\neinfach f\u00fcr einen Werwolfdruiden, d.h. es kann auch leicht von einem Spieler<br \/>\nmit weniger guter Ausr\u00fcstung erstellt werden. Ich nenne vorab mal die Dinge<br \/>\ndie ihr braucht:<\/p>\n<p>&#8211; 2 Teile aus dem Sigons Set<br \/>\n&#8211; ab Lvl 30 einen Mana Leech Ring<br \/>\n&#8211; ab Start einen Life Leech Ring<br \/>\n&#8211; eine brauchbare Druidenwaffe (Hammer oder Stange)<\/p>\n<p>Ich werde sp\u00e4ter noch mal ausf\u00fchrlich darauf eingehen, aber ich wollte es vor<br \/>\nab schon mal erw\u00e4hnen. Ich erkl\u00e4re zuerst die Verteilung der Statuspunkte, dann<br \/>\ndie Skillung, dann die Items und zuletzt die Spielweise.<\/p>\n<p><b>Zu den Statuspunkten:<\/b><b><span style=\"font-family:Verdana\"> <\/span><\/b><span style=\"font-size:10.0pt;\nfont-family:Verdana\"><\/span><\/p>\n<p>St\u00e4rke: mind. 180 (f\u00fcr Ogerhammer inkl einer Hel Rune)<br \/>\nGeschicklichkeit: nix<br \/>\nVitalit\u00e4t: der ganze Rest<br \/>\nMana: nix<\/p>\n<p>Das ist allerdings so sehr schwer zu spielen, weil ohne Dex, ist nat\u00fcrlich die<br \/>\nAngriffsrate sehr gering, diese mu\u00df mit den Items und den ganzen Skills erh\u00f6ht<br \/>\nwerden, d.h. durch die Waffe und einen Ring oder anderen Ausr\u00fcstungsgegenst\u00e4nden.<br \/>\nDas ist das schwierigste in diesem Guide also sollte man sich dar\u00fcber m\u00f6glichst<br \/>\nviele Gedanken machen. Als SC Spieler kann man nat\u00fcrlich etwas in Dex investieren,<br \/>\nw\u00e4re aber auch in SC eine Verschwendung. Mana ist nicht notwendig, da reicht<br \/>\ndas wenige Mana was man hat, drei mal aus. Um die ganzen Lebewesen zu beschw\u00f6ren<br \/>\nmu\u00df man allerdings bei Beginn des Spieles immer zu dem NPC gehen, der Mana auff\u00fcllt,<br \/>\naber daran gew\u00f6hnt man sich schnell und das machen die meisten ja eh. Die 180<br \/>\nSt\u00e4rke sind vielleicht zu wenig. Es h\u00e4ngt davon ab ob ihr einen guten Hammer<br \/>\nfindet\/verzaubern k\u00f6nnt. Ich empfehle vielleicht ein paar (weitere 45) Statuspunkte<br \/>\naufzuheben um sie sp\u00e4ter evtl doch noch in St\u00e4rke packen zu k\u00f6nnen<\/p>\n<p><b>Zu den Skills:<\/b><b><span style=\"font-family:Verdana\"> <\/span><\/b><span style=\"font-size:10.0pt;\nfont-family:Verdana\"><\/span><\/p>\n<p><span style=\"color:white\">Gestaltwandlungs \u2013 Fertigkeiten<\/span><\/p>\n<p>Ist nat\u00fcrlich der wichtigste Baum des Druidens, hierauf entfallen die meisten<br \/>\nSkills.<\/p>\n<p>Werwolf: maxen, da es + auf Angriff und auf die Angriffsgeschwindigkeit gibt.<\/p>\n<p>Lykanthropie: maxen, da es +auf Life und auf die Dauer des mehr Zeit in der<br \/>\nTierform verschafft.<\/p>\n<p>Barbaren-Wut und Tollwut, w\u00fcrde ich beides nur mit einem Skillpoint versehen,<br \/>\nda die Angriffe zwar praktisch sind, aber ich finde den letzten am Sinnvollsten<br \/>\nund es sind einfach keine Skillpunkte mehr \u00fcbrig.<\/p>\n<p>Wut: maxen, ist der allerwichtigste Hauptangriff und wird ab Lvl 30 ausschlie\u00dflich<br \/>\nverwendet, er gibt plus auf dmg und kann bis maximal 5 Gegner gleichzeitig angreiffen,<br \/>\nbzw einen einzelnen Gegner 5 mal treffen.<\/p>\n<p><span style=\"color:white\">Herbeirufungs \u2013 Fertigkeiten<\/span><\/p>\n<p>Diese sind auch bei einem Werwolf wichtig, da es sich einfacher, sicherer, und<br \/>\nst\u00e4rker k\u00e4mpfen l\u00e4\u00dft.<\/p>\n<p>Kriecher (Ranken): Ich pers\u00f6nlich mag die Ranken, da sie die Teilweise l\u00e4stigen<br \/>\nGegnerk\u00f6rper beseitigen und das zus\u00e4tzliche Life Leech ganz n\u00fctzlich ist. Sie<br \/>\nsind nicht sehr wichtig und k\u00f6nnen auch gut zugunsten von anderen Skills weggelassen<br \/>\nwerden, aber ich mag die Ranke einfach. Den Sonnenkriecher (Mana Leech) w\u00fcrde<br \/>\nich allerdings weglassen. Achtung!: Es ist immer nur eine Ranke m\u00f6glich, nicht<br \/>\nein Gift-Kriecher und eine Aasranke gleichzeitig.<\/p>\n<p>Gift-Kriecher: 1 Skillpoint, ist am Anfang zum lvln ganz n\u00fctzlich<\/p>\n<p>Aasranke: 1 Skillpoint, sobald erh\u00e4ltlich w\u00e4hlen und immer eine dabei haben.<\/p>\n<p>Sprits (Eichbaum Wesen<br \/>\n): Sind sehr sehr wichtig. Ich in HC bevorzuge den Oak Sage, da er mir und meinen<br \/>\nParty Mitgliedern und meinen ganzen Wesen sehr viel Leben spendet. Allerdings<br \/>\nhat man nat\u00fcrlich als Wolf schon sehr sehr viel Leben und man k\u00f6nnte daher auch<br \/>\nden \u201eHerz des Wiesels\u201c bevorzugen. Das w\u00fcrde ich in SC evtl. tun, da die extra<br \/>\ndmg und vor allem der Angriffswert nat\u00fcrlich sehr praktisch sind. Einen von<br \/>\nbeidem mu\u00df man maxen. Damit kann man in Hell sicher auch gut ohne Sorc spielen.<br \/>\nDas ist wirklich eine schwere Entscheidung und jedem selbst \u00fcberlassen, ich<br \/>\ngehe da sp\u00e4ter in der Spielweise noch mal drauf ein. Achtung! Auch hier nur<br \/>\neiner auf einmal m\u00f6glich, keine 2 Spirtis gleichzeitig.<\/p>\n<p>Oak Sage: maxen in HC<\/p>\n<p>Herz des Wiesels: maxen in SC<\/p>\n<p>W\u00f6lfe\/B\u00e4ren: Auch dies ist eine schwere Entscheidung, den auch B\u00e4ren und W\u00f6lfe<br \/>\nkann man NICHT gleichzeitig haben, ich mu\u00df mich also zwischen dem B\u00e4r (mehr<br \/>\nSchaden mehr Leben) und den 3 W\u00f6lfen (3 mal Schaden, 3 mal Leben ^^) entscheiden.<br \/>\nManche bevorzugen die 3 W\u00f6lfe, weil sie individueller einsetzbar sind und mehrer<br \/>\nFeinde auf einmal ablenken. Au\u00dferdem braucht ein extra Starker Gegner in hell<br \/>\nnat\u00fcrlich 3 Schl\u00e4ge, da es ja auch 3 W\u00f6lfe sind<br \/>\n. Allerdings kosten die W\u00f6lfe nat\u00fcrlich auch 2 Skillpunkte mehr, die man wo<br \/>\nanders einsetzten k\u00f6nnte. Der B\u00e4r hingegen haut Gegner zur\u00fcck was ebenfalls<br \/>\neine n\u00fctzliche Eigenschaft ist. Ich verwende in hell nur noch den B\u00e4ren.<\/p>\n<p>Raben und Geisterw\u00f6lfe: 1 Skillpunkt<\/p>\n<p>Wolf des Entsetzens: 3 Skillpunkte oder 1 Skillpunkt wenn man lieber den B\u00e4ren<br \/>\nm\u00f6chte.<\/p>\n<p>Grizzly: 1 Skillpunkt, auf jeden FALL!, wegen der passiv Eigenschaften, die<br \/>\nsich auch auf die W\u00f6lfe auswirken.<\/p>\n<p><span style=\"color:white\">Elementar &#8211; Fertigkeiten<\/span><\/p>\n<p>W\u00fcrde ich ganz vernachl\u00e4ssigen, da sie wenig sinnvoll sind und es auch keine<br \/>\nSkillpunkte mehr frei sind. Das einzige was eine \u00dcberlegung wert w\u00e4re ist die<br \/>\nZyklon R\u00fcstung, diese funktioniert auch in Wolfsgestalt und h\u00e4lt Elementar Schaden<br \/>\nab. Das ist ja bekanntlich ein Schwachpunkt des Wolfes, sp\u00e4ter mehr dazu. Allerdings<br \/>\nkostet diese R\u00fcstung viele Skills, die man sich eigentlich nicht leisten kann,<br \/>\naber dadurch spielt es sich in HC leichter. Ich habe sie nicht.<\/p>\n<p>Zyklon-R\u00fcstung: eigentlich kein Skillpoint, aber durchaus vertretbar wenn doch.<\/p>\n<p><b>Skillpunktverteilung:<\/b><b><span style=\"font-family:Verdana\"> <\/span><\/b><span style=\"font-size:10.0pt;\nfont-family:Verdana\"><\/span><\/p>\n<p>Das wichtigste ist WUT, das sofort maxen, Lyk und Werwolf sollten zwischen 8<br \/>\nund 10 sein bis Lvl 30, danach erst mal so lassen und WUT maxen. Der gew\u00e4hlte<br \/>\nOak sollte ebenfalls bei Lvl 8 \u201310 sein, wenn man Lvl 30 hat. Dieser wird dann<br \/>\nnach WUT gemaxt. Nach dem Oak dann Lyk und Werwolf gleichm\u00e4\u00dfig aufbauen bis<br \/>\n20. Die W\u00f6lfe und der B\u00e4r, sowie die Ranken sollte man so bald erh\u00e4ltlich auf<br \/>\ndie erforderliche Anzahl an Skillpunkten bringen.<\/p>\n<p><b>Items:<\/b><b><span style=\"font-family:Verdana\"> <\/span><\/b><span style=\"font-size:10.0pt;\nfont-family:Verdana\"><\/span><\/p>\n<p>Allgemein: Man sollte mindestens 2 Gegenst\u00e4nde aus dem Sigon Set tragen, wegen<br \/>\nden 10% Life Leech. Au\u00dferdem ist der Schwachpunkt meines Druiden der Angriffswert<br \/>\nund vor allem die Resi. Man sollte also immer Gegenst\u00e4nde mit viel Resi und\/oder<br \/>\nAngriffswert, den unten genannten bevorzugen.<\/p>\n<p><span style=\"color:white\">Kopfbedeckung: <\/span>Ist leicht zu finden, sollte<br \/>\nein Reif oder eine Druidenkopfbedeckung sein mit + auf die wichtigen Skills<br \/>\noder gar mit +1 oder +2 zu allen.<\/p>\n<p><span style=\"color:white\">R\u00fcstung: <\/span>Hier trag ich Sigons, aber auch eine<br \/>\nR\u00fcstung mit viel Resi w\u00e4re sinnvoll, aber Sigons sieht einfach nur gut aus.<br \/>\nSp\u00e4ter eignet sich dann eine NefLum Runen R\u00fcstung mit +50 resi zu allem. Dazu<br \/>\nm\u00fc\u00dft ihr aber erst mal eine Lum Rune finden.<\/p>\n<p><span style=\"color:white\">G\u00fcrtel: <\/span>Auch hier trage ich Sigons. Ein G\u00fcrtel<br \/>\nmit erh\u00f6rter Angriffsgeschwindigkeit, Leben und\/oder viel Resi sind nicht schlecht.<\/p>\n<p><span style=\"color:white\">Handschuhe: <\/span>Mit erh\u00f6hter Angriffsgeschwindigkeit<br \/>\nund m\u00f6glichst viele Resi. St\u00e4rke kann auch nicht Schaden.<\/p>\n<p><span style=\"color:white\">Schuhe: <\/span>Mit erh\u00f6rter Laufgeschwindigkeit und<br \/>\nviel Resi. St\u00e4rke und Leben k\u00f6nnen auch nicht schaden. Sigons w\u00e4ren ebenfalls<br \/>\nOK.<\/p>\n<p><span style=\"color:white\">Ringe: <\/span>Ein Mana und ein Life Leech Ring. M\u00f6glichst<br \/>\nmit viel Angriffswert und\/oder Resi.<\/p>\n<p><span style=\"color:white\">Amu: <\/span>Ein Primsenamulett ( + auf alle Resi!)<br \/>\nist unvermeidlich.<\/p>\n<p><span style=\"color:white\">Waffe: <\/span><\/p>\n<p>Die Waffe ist das wichtigste, davon sollte man vorher ein paar auf Lager haben.<br \/>\nZu bemerken ist, das einige Waffen bei Druiden viel schneller sind als bei anderen<br \/>\nCharklassen, z.B. einige H\u00e4mmer (Ogerhammer) und Stangen. Das gilt aber nicht<br \/>\nf\u00fcr alle H\u00e4mmer!!!<\/p>\n<p>W\u00e4hlt eine Waffe mit viel Schaden und hoher Angriffsgeschwindigkeit und viel<br \/>\nAngriffswert. Eine Axt empfehle ich ausdr\u00fccklich nur f\u00fcr SC, die Statuswerte<br \/>\nsind den zus\u00e4tzlichen dmg einfach nicht wert, auch wenn er erheblich ausf\u00e4llt.<br \/>\nIn HC kann man sich das nicht leisten. Wahrscheinlich werdet ihr keinen guten<br \/>\nHammer finden und euch selber einen basteln m\u00fcssen per Runenwort. Bedenkt aber<br \/>\ndann das ihr 225 St\u00e4rke ben\u00f6tigt!! Da ihr ja dann keine Hel Rune mehr einbauen<br \/>\nk\u00f6nnt.<\/p>\n<p><span style=\"font-size:10.0pt;\nfont-family:Verdana\"><o:p><\/o:p><\/span><\/p>\n<p class=\"MsoNormal\"><span style=\"font-size:10.0pt;font-family:Verdana\"><!--[if !supportEmptyParas]-->&nbsp;<!--[endif]--><o:p><\/o:p><\/span><\/p>\n<p class=\"MsoNormal\"><span style=\"font-size:10.0pt;font-family:Verdana\"><span style=\"mso-spacerun: yes\"> <\/span>Hier zwei Set Items die einfach nur ideal<br \/>\ndaf\u00fcr sind: <\/span><\/p>\n<p>Hwanin&#8217;s Justice<br \/>\nBill<\/p>\n<p>Stangenwaffen-Klasse: Extrem Schnelle Angriffsgeschwindigkeit<br \/>\nZweihandschaden: 42 bis 159<br \/>\nReichweite: 3<br \/>\nBen\u00f6tigte St\u00e4rke: 95<br \/>\nBen\u00f6tigtes Level: 28<br \/>\n+330 zu Angriffswert<br \/>\nUnzerst\u00f6rbar<br \/>\n10% Chance, Level 3 Ice Blast auf Treffer zu zaubern.<br \/>\n40% Erh\u00f6hte Angriffsgeschwindigkeit<br \/>\n+200% Erh\u00f6hter Schaden<br \/>\nErh\u00f6ht um 5-25 Blitz-Schaden<\/p>\n<p>Und sp\u00e4ter:<\/p>\n<p>Immortal King&#8217;s Stone Crusher<br \/>\nOgre Maul<br \/>\nHammer-Klasse: Sehr Schnelle Angriffsgeschwindigkeit<br \/>\nZweihandschaden: 231 bis 318<br \/>\nReichweite: 2<br \/>\nBen\u00f6tigte St\u00e4rke: 225<br \/>\nBen\u00f6tigtes Level: 76<br \/>\nUnzerst\u00f6rbar<br \/>\n40% Erh\u00f6hte Angriffsgeschwindigkeit<br \/>\n+200% Schaden an D\u00e4monen<br \/>\n+200% Schaden an Untoten<br \/>\n35-40% Chance auf vernichtenden Schlag<br \/>\n+200% Erh\u00f6hter Schaden<\/p>\n<p><b>Zur Spielweise<\/b><b><span style=\"font-family:Verdana\"> <\/span><\/b><span style=\"font-size:10.0pt;\nfont-family:Verdana\"><\/span><\/p>\n<p><span style=\"mso-spacerun: yes\"> <\/span><br \/>\nDie Grundlegende Waffe ist, wie schwer zu erraten ist die Werwolfwandelform in<br \/>\nVerbindung mit einer guten Waffe und dem Angriff Wut. Dieser ist eine<br \/>\nKombination aus Waffenbeherrschung beim Barbaren und dem Eifer des Paladins.<br \/>\nGef\u00e4hrlich ist es vor allem dann f\u00fcr den Druiden wenn die Transformationszeit<br \/>\nabgelaufen ist, dann mu\u00df man sich m\u00f6glichst schnell wieder zur\u00fcckverwandeln,<br \/>\nalso immer vor gro\u00dfen Gegnern schnell die Wandelform erneuern. Bei schwereren<br \/>\nZwischengegnern ruhig etwas zur\u00fcckfallen, den kurz durch die W\u00f6lfe ablenken und<br \/>\ndann im sicheren Abstand die Transformation erneuern, nicht das ihr euch vor<br \/>\neinem Multiblitzer zur\u00fcckverwandelt.<br \/>\nDaran gew\u00f6hnt man sich aber schnell. Sp\u00e4testens ab nm oder hell beachtet man<br \/>\ndas gar nicht mehr.<br \/>\nSt\u00e4rke des Druiden ist auf jeden Fall sein Leben, das in Verbindung mit<br \/>\nLykantrophi verdoppelt werden kann. Mit dem Oak Sage sogar verdrei- bis<br \/>\nverdreieinhalbfacht werden. Alternativ wie schon erw\u00e4hnt kann man den Schaden<br \/>\nund den Angriffswert verdoppeln lassen mit dem Alternativspirit. Der Werwolf<br \/>\nkann in normal ohne Probleme alleine und schnell expen. Auch in nm hat er noch<br \/>\nkeine gr\u00f6\u00dferen Probleme und mit seinen Spirit ist er ein gern gesehener<br \/>\nPartygast. Ich empfehle ein zusammenspielen mit Sorc. und Pala.. Necro und Barb<br \/>\nsind eher unpraktisch, eine Amazone bringt ihm auch nicht viel. In hell wird es<br \/>\nschon schwerer. Der Druide als Werwolf kann eigentlich keinen Schaden anrichten<br \/>\ngegen Gegner die Imun sind gegen Physische Angriffe, daher ist das alleine<br \/>\nspielen in akt 5 nur im Gletscherweg, Hallen des Schmerzes und im Weltsteinturm<br \/>\nm\u00f6glich. Die beliebten Bloody runs kann er zwar mitmachen aber mehr als<br \/>\nZuschauer und Life Oak Spender. In HC hab ich damit aber keine Probleme, weil<br \/>\nman eigentlich immer in eine Party eingeladen wird.<br \/>\nZweite gro\u00dfe Schw\u00e4che des Druiden ist seine Resistenz. Weil er kein Schild<br \/>\ntr\u00e4gt leidet sie sehr und ist einer der wenigen Schwachpunkte die man m\u00f6glichst<br \/>\nmit guten Items abfedern sollte.<\/p>\n<p>So abschlie\u00dfend noch Worte zu AR: <o:p><\/o:p><\/p>\n<p class=\"MsoNormal\"><span style=\"font-size:10.0pt;font-family:Verdana\">&nbsp;<\/span><\/p>\n<p class=\"MsoNormal\"><span style=\"font-size:10.0pt;font-family:Verdana\">Die AR<br \/>\nist vor allem zwischen Lvl 30 und ca 60 sehr knapp, daher hab ich in meine<br \/>\nWaffe einen lila Stein und oder in den Helm einen Diamanten einbesockelt. Das<br \/>\nbringt sehr sehr viel AR weil das als Base AR gilt. Sehr n\u00fctzlich ist auch ein<br \/>\nCharm. Man sollte mindestens einen mit mehr als +50 AR tragen. <\/span><\/p>\n<p>Sp\u00e4ter wenn der Werwolf Skill richtig ausgebaut ist, spielt die AR \u00fcberhaupt<br \/>\nkeine Rolle mehr. Die Trefferwahrscheinlichkeit sollte aber immer h\u00f6her als 75%<br \/>\nliegen darauf sollte man unbedingt achten. Man kann dann ruhig auch auf<br \/>\nschnelle Schuhe verzichten und welche mit + auf Dex bevorzugen, den als Wolf<br \/>\nist man schon sehr sehr schnell. Auch die Handschuhe k\u00f6nnen ruhig mit +Dex<br \/>\nausgestatte sein. Man mu\u00df sich halt was einfallen lassen, sp\u00e4ter in hell wenn<br \/>\ndu daf\u00fcr deutlich mehr Life hast, wird sich diese M\u00fche doppelt und dreifach<br \/>\nauszahlen<\/p>\n","protected":false},"excerpt":{"rendered":"<p>Werwold-Druidenguide von Nano ich bem\u00fche mich mal einen einfachen Guide f\u00fcr einen Werwolfdruiden zu erstellen. Dieser Guide ist zwar aus sicht eines HC Spielers geschrieben, aber ich versuche auch einige SC Elemente einzubauen. Erfahrung hab ich von meinem 86 Elementar Druid und einem Lvl 86 Werwolf, beide HC Chars. Die Anfangsausr\u00fcstung ist denkbar einfach f\u00fcr&hellip; <a class=\"more-link\" href=\"https:\/\/planetdiablo.eu\/de\/diablo-2\/guides\/werwolf_nano\/\"><span class=\"screen-reader-text\">Diablo 2 &#8211; Werwolf-Druiden Guide von Nano &#8211; Patch 1.08<\/span> weiterlesen<\/a><\/p>\n","protected":false},"author":748,"featured_media":0,"parent":562964,"menu_order":0,"comment_status":"closed","ping_status":"open","template":"","meta":{"footnotes":""},"class_list":["post-564353","page","type-page","status-publish","hentry","entry"],"_links":{"self":[{"href":"https:\/\/planetdiablo.eu\/de\/wp-json\/wp\/v2\/pages\/564353","targetHints":{"allow":["GET"]}}],"collection":[{"href":"https:\/\/planetdiablo.eu\/de\/wp-json\/wp\/v2\/pages"}],"about":[{"href":"https:\/\/planetdiablo.eu\/de\/wp-json\/wp\/v2\/types\/page"}],"author":[{"embeddable":true,"href":"https:\/\/planetdiablo.eu\/de\/wp-json\/wp\/v2\/users\/748"}],"replies":[{"embeddable":true,"href":"https:\/\/planetdiablo.eu\/de\/wp-json\/wp\/v2\/comments?post=564353"}],"version-history":[{"count":1,"href":"https:\/\/planetdiablo.eu\/de\/wp-json\/wp\/v2\/pages\/564353\/revisions"}],"predecessor-version":[{"id":585745,"href":"https:\/\/planetdiablo.eu\/de\/wp-json\/wp\/v2\/pages\/564353\/revisions\/585745"}],"up":[{"embeddable":true,"href":"https:\/\/planetdiablo.eu\/de\/wp-json\/wp\/v2\/pages\/562964"}],"wp:attachment":[{"href":"https:\/\/planetdiablo.eu\/de\/wp-json\/wp\/v2\/media?parent=564353"}],"curies":[{"name":"wp","href":"https:\/\/api.w.org\/{rel}","templated":true}]}}