{"id":565958,"date":"2014-10-10T11:45:28","date_gmt":"2014-10-10T09:45:28","guid":{"rendered":"http:\/\/diablo3.ingame.de\/?page_id=565958"},"modified":"2021-03-21T12:59:59","modified_gmt":"2021-03-21T11:59:59","slug":"erfolge-abenteuer","status":"publish","type":"page","link":"https:\/\/planetdiablo.eu\/de\/diablo-3\/erfolge-komplettlosung\/erfolge-abenteuer\/","title":{"rendered":"Diablo 3 &#8211; Erfolge: Abenteuer"},"content":{"rendered":"<p><a name=\"top\"><\/a><\/p>\n<div>\n<table width=\"303px\">\n<tbody>\n<tr>\n<td align=\"center\"><a href=\"https:\/\/planetdiablo.eu\/diablo-3\/erfolge-komplettlosung\/\"><img loading=\"lazy\" decoding=\"async\" style=\"margin-bottom: -10px;\" src=\"https:\/\/planetdiablo.eu\/wp-content\/uploads\/2012\/09\/einf.png\" alt=\"Diablo 3 Achievements Einleitung\" width=\"250\" height=\"50\"><\/a><\/td>\n<td align=\"center\"><a href=\"https:\/\/planetdiablo.eu\/wp-content\/uploads\/2014\/10\/Allgemein.png\"><img loading=\"lazy\" decoding=\"async\" class=\"alignnone\" style=\"margin-bottom: -10px;\" src=\"https:\/\/planetdiablo.eu\/wp-content\/uploads\/2014\/10\/Allgemein.png\" alt=\"Achievements Allgemein\" width=\"250\" height=\"50\"><\/a><\/td>\n<td align=\"center\"><a href=\"https:\/\/planetdiablo.eu\/diablo-3\/erfolge-komplettlosung\/erfolge-abenteuer\/\"><img loading=\"lazy\" decoding=\"async\" style=\"margin-bottom: -10px;\" src=\"\/wp-content\/uploads\/2014\/10\/Abenteuermodus.png\" alt=\"Achievements Abenteuermodus\" width=\"250\" height=\"50\"><\/a><\/td>\n<\/tr>\n<tr>\n<td align=\"center\"><a href=\"https:\/\/planetdiablo.eu\/diablo-3\/erfolge-komplettlosung\/erfolge-kampagne\/\"><img loading=\"lazy\" decoding=\"async\" style=\"margin-bottom: -10px;\" src=\"https:\/\/planetdiablo.eu\/wp-content\/uploads\/2014\/10\/Kampagne.png\" alt=\"Achievements Kampagne\" width=\"250\" height=\"50\"><\/a><\/td>\n<td align=\"center\"><a href=\"https:\/\/planetdiablo.eu\/diablo-3\/erfolge-komplettlosung\/erfolge-co-op-modus\/\"><img loading=\"lazy\" decoding=\"async\" style=\"margin-bottom: -10px;\" src=\"https:\/\/planetdiablo.eu\/wp-content\/uploads\/2014\/10\/Coop-Modus.png\" alt=\"Achievements Coop-Modus\" width=\"250\" height=\"50\"><\/a><\/td>\n<td align=\"center\"><a href=\"https:\/\/planetdiablo.eu\/diablo-3\/erfolge-komplettlosung\/erfolge-hardcore-modus\/\"><img loading=\"lazy\" decoding=\"async\" style=\"margin-bottom: -10px;\" src=\"https:\/\/planetdiablo.eu\/wp-content\/uploads\/2014\/10\/Hardcore-Modus.png\" alt=\"Achievements Hardcore\" width=\"250\" height=\"50\"><\/a><\/td>\n<\/tr>\n<tr>\n<td align=\"center\"><a href=\"https:\/\/planetdiablo.eu\/diablo-3\/erfolge-komplettlosung\/erfolge-klassen\/\"><img loading=\"lazy\" decoding=\"async\" style=\"margin-bottom: -10px;\" src=\"https:\/\/planetdiablo.eu\/wp-content\/uploads\/2014\/10\/Klassen.png\" alt=\"Achievements Klassen\" width=\"250\" height=\"50\"><\/a><\/td>\n<td align=\"center\"><a href=\"https:\/\/planetdiablo.eu\/diablo-3\/erfolge-komplettlosung\/erfolge-herausforderungen\/\"><img loading=\"lazy\" decoding=\"async\" style=\"margin-bottom: -10px;\" src=\"https:\/\/planetdiablo.eu\/wp-content\/uploads\/2014\/10\/Herausforderungen.png\" alt=\"Achievements Herausforderungen\" width=\"250\" height=\"50\"><\/a><\/td>\n<td align=\"center\"><a href=\"https:\/\/planetdiablo.eu\/diablo-3\/erfolge-komplettlosung\/erfolge-handwerk\/\"><img loading=\"lazy\" decoding=\"async\" style=\"margin-bottom: -10px;\" src=\"https:\/\/planetdiablo.eu\/wp-content\/uploads\/2014\/10\/Handwerk.png\" alt=\"Achievements Handwerk\" width=\"250\" height=\"50\"><\/a><\/td>\n<\/tr>\n<tr>\n<td><a href=\"https:\/\/planetdiablo.eu\/diablo-3\/erfolge-komplettlosung\/erfolge-heldentat\/\"><img loading=\"lazy\" decoding=\"async\" style=\"margin-bottom: -10px;\" src=\"https:\/\/planetdiablo.eu\/wp-content\/uploads\/2014\/10\/Heldentaten.png\" alt=\"Achievements Heldentaten\" width=\"250\" height=\"50\"><\/a><\/td>\n<td><a href=\"https:\/\/planetdiablo.eu\/diablo-3\/erfolge-komplettlosung\/erfolge-saison\/\"><img loading=\"lazy\" decoding=\"async\" style=\"margin-bottom: -10px;\" src=\"https:\/\/planetdiablo.eu\/wp-content\/uploads\/2014\/10\/Saison.png\" alt=\"Achievements Saisons\" width=\"250\" height=\"50\"><\/a><\/td>\n<td><a href=\"https:\/\/planetdiablo.eu\/diablo-3\/erfolge-komplettlosung\/erfolge-errungenschaften\/\"><img loading=\"lazy\" decoding=\"async\" style=\"margin-bottom: -10px;\" src=\"https:\/\/planetdiablo.eu\/wp-content\/uploads\/2014\/10\/Errungenschaften.png\" alt=\"Achievements Errungenschaften\" width=\"250\" height=\"50\"><\/a><\/td>\n<\/tr>\n<\/tbody>\n<\/table>\n<\/div>\n<p><strong><span style=\"color: #cbbfab;\">Legende \u25bc<\/span><\/strong><\/p>\n<table class=\"d3tborder\">\n<thead class=\"d3thead\">\n<tr>\n<th width=\"15%\">Symbol<\/th>\n<th>Bedeutung<\/th>\n<\/tr>\n<\/thead>\n<tbody>\n<tr class=\"d3alt2\">\n<td align=\"center\"><img decoding=\"async\" src=\"https:\/\/planetdiablo.eu\/wp-content\/uploads\/2012\/08\/coop1.png\"><\/td>\n<td>Dieser Erfolg existiert in einer Coop-Version.<\/td>\n<\/tr>\n<tr class=\"d3alt1\">\n<td align=\"center\"><img decoding=\"async\" src=\"https:\/\/planetdiablo.eu\/wp-content\/uploads\/2012\/08\/selten.png\" alt=\"\"><\/td>\n<td>Bei diesem Erfolg lohnt es sich, sich mit anderen zusammenzutun. Wenn ihr eine seltene Bedingung findet, freut sich eure FL sicher \u00fcber eine Einladung.<\/td>\n<\/tr>\n<tr class=\"d3alt2\">\n<td align=\"center\"><img decoding=\"async\" src=\"https:\/\/planetdiablo.eu\/wp-content\/uploads\/2012\/08\/hc1.png\" alt=\"\"><\/td>\n<td>Dieser Erfolg existiert in einer Hardcore-Version.<\/td>\n<\/tr>\n<tr class=\"d3alt1\">\n<td align=\"center\">AxQy.z<\/td>\n<td>Verweis auf bestimmten Abschnitt einer Quest in der Questauswahl.<br \/>\nBeispiel: A2Q8.3 ist The Black Soulstone\/Soulstone Chamber in Akt II.<\/td>\n<\/tr>\n<tr class=\"d3alt2\">\n<td align=\"center\"><a href=\"https:\/\/planetdiablo.eu\/diablo-3\/erfolge-komplettlosung\/erfolge-allgemein\/#top\"><span style=\"color: #2e2927;\"><u><span style=\"color: #66ff66;\"> \u25b2<\/span><\/u><\/span><\/a><\/td>\n<td>Link zur\u00fcck zum Seitenanfang<\/td>\n<\/tr>\n<\/tbody>\n<\/table>\n<div style=\"text-align: center; margin-top: 15px;\"><span style=\"color: lightblue; font-size: large;\">~<a href=\"#kopf\">Kopfgelder<\/a>~ \u263c ~<a href=\"#genc\">Nephalemportale<\/a>~<\/span><\/div>\n<div><b><span style=\"color: #336633;\">Allgemein<\/span><\/b> <a href=\"#top\"><span style=\"color: #151515;\"><u><span style=\"color: #66ff66;\">\u25b2<\/span><\/u><\/span><\/a><\/div>\n<div class=\"infobox\" style=\"border-color: black;\"><img loading=\"lazy\" decoding=\"async\" class=\"newsimage\" style=\"float: left; margin-right: 20px;\" src=\"https:\/\/planetdiablo.eu\/wp-content\/uploads\/2014\/10\/Abenteuerlich.png\" width=\"64\" height=\"64\"><br \/>\n<img loading=\"lazy\" decoding=\"async\" class=\"newsimage\" style=\"float: right; margin-left: 20px;\" src=\"https:\/\/planetdiablo.eu\/wp-content\/uploads\/2014\/10\/abenteuerlich-bannerform.png\" width=\"64\" height=\"64\"><br \/>\n<b>Abenteuerlich<\/b> <span style=\"color: dimgray;\">Adventureland<\/span><\/p>\n<p><em>Schlie\u00dft die untern aufgef\u00fchrten Erfolge im Abenteuermodus ab.<\/em><\/p>\n<div align=\"center\">\n<table class=\"d3tborder\">\n<thead class=\"d3thead\">\n<tr>\n<th>Name<\/th>\n<th>Name (engl.)<\/th>\n<\/tr>\n<\/thead>\n<tbody>\n<tr class=\"d3alt1\">\n<td>Kopflose Gesellschaft<\/td>\n<td>Bounteous Maximus<\/td>\n<\/tr>\n<tr class=\"d3alt1\">\n<td>Vielleicht ein paar Dutzend<\/td>\n<td>Some Hordes<\/td>\n<\/tr>\n<tr class=\"d3alt1\">\n<td>Der Countdown l\u00e4uft<\/td>\n<td>Two Minute Warning<\/td>\n<\/tr>\n<tr class=\"d3alt1\">\n<td>Wer ist hier der Boss?<\/td>\n<td>You&#8217;re Not the Boss of Me<\/td>\n<\/tr>\n<tr class=\"d3alt1\">\n<td>Seid gesegnet<\/td>\n<td>Blessed Art Thou<\/td>\n<\/tr>\n<\/tbody>\n<\/table>\n<\/div>\n<p>Belohnung: Bannerform<\/p>\n<\/div>\n<p><a name=\"kopf\"><\/a><\/p>\n<div><b><span style=\"color: #336633;\">Kopfgelder<\/span><\/b> <a href=\"#top\"><span style=\"color: #151515;\"><u><span style=\"color: #66ff66;\">\u25b2<\/span><\/u><\/span><\/a><\/div>\n<div class=\"infobox\" style=\"border-color: black;\"><img loading=\"lazy\" decoding=\"async\" class=\"newsimage\" style=\"float: left; margin-right: 20px;\" src=\"https:\/\/planetdiablo.eu\/wp-content\/uploads\/2014\/10\/Ein-neuer-Anfang.png\" width=\"64\" height=\"64\"><br \/>\n<b>Ein neuer Anfang<\/b> <span style=\"color: dimgray;\">A new Start<\/span><\/p>\n<p><em>Schlie\u00dft 5 Kopfgelder ab.<\/em><\/p>\n<p><img loading=\"lazy\" decoding=\"async\" class=\"newsimage\" style=\"float: left; margin-right: 20px;\" src=\"https:\/\/planetdiablo.eu\/wp-content\/uploads\/2014\/10\/Pro-Kopf-Einkommen.png\" width=\"64\" height=\"64\"><br \/>\n<b>Pro-Kopf-Einkommen<\/b> <span style=\"color: dimgray;\">A trip to bountyful<\/span><\/p>\n<p><em>Schlie\u00dft 100 Kopfgelder ab.<\/em><\/p>\n<p><img loading=\"lazy\" decoding=\"async\" class=\"newsimage\" style=\"float: left; margin-right: 20px;\" src=\"https:\/\/planetdiablo.eu\/wp-content\/uploads\/2014\/10\/Kopfarbeit.png\" width=\"64\" height=\"64\"><br \/>\n<b>Kopfarbeit<\/b> <span style=\"color: dimgray;\">Batting 500<\/span><\/p>\n<p><em>Schlie\u00dft 500 Kopfgelder ab.<\/em><\/p>\n<p><img loading=\"lazy\" decoding=\"async\" class=\"newsimage\" style=\"float: left; margin-right: 20px;\" src=\"https:\/\/planetdiablo.eu\/wp-content\/uploads\/2014\/10\/Nur-die-besten-Kopfe.png\" width=\"64\" height=\"64\"><br \/>\n<b>Nur die besten K\u00f6pfe<\/b> <span style=\"color: dimgray;\">A Grand Bounty<\/span><\/p>\n<p><em>Schlie\u00dft 1.000 Kopfgelder ab.<\/em><\/p>\n<p><img loading=\"lazy\" decoding=\"async\" class=\"newsimage\" style=\"float: left; margin-right: 20px;\" src=\"https:\/\/planetdiablo.eu\/wp-content\/uploads\/2014\/10\/Total-verkopft.png\" width=\"64\" height=\"64\"><br \/>\n<b>Total Verkopft<\/b> <span style=\"color: dimgray;\">Bountiful Bounties<\/span><\/p>\n<p><em>Schlie\u00dft 2.500 Kopfgelder ab.<\/em><\/p>\n<p><img loading=\"lazy\" decoding=\"async\" class=\"newsimage\" style=\"float: left; margin-right: 20px;\" src=\"https:\/\/planetdiablo.eu\/wp-content\/uploads\/2014\/10\/Die-Kopfe-mussen-rollen.png\" width=\"64\" height=\"64\"><br \/>\n<b>Die K\u00f6pfe m\u00fcssen rollen<\/b> <span style=\"color: dimgray;\">Bouncing from Bounty to Bounty<\/span><\/p>\n<p><em>Schlie\u00dft 5.000 Kopfgelder ab.<\/em><\/p>\n<p><img loading=\"lazy\" decoding=\"async\" class=\"newsimage\" style=\"float: left; margin-right: 20px;\" src=\"https:\/\/planetdiablo.eu\/wp-content\/uploads\/2014\/10\/Um-Kopf-und-Kragen-gebracht.png\" width=\"64\" height=\"64\"><br \/>\n<b>Um Kopf und Kragen gebracht<\/b> <span style=\"color: dimgray;\">Bountyhunter Extraordinaire<\/span><\/p>\n<p><em>Schlie\u00dft 7.500 Kopfgelder ab.<\/em><\/p>\n<p><img loading=\"lazy\" decoding=\"async\" class=\"newsimage\" style=\"float: left; margin-right: 20px;\" src=\"https:\/\/planetdiablo.eu\/wp-content\/uploads\/2014\/10\/Kopflose-Gesellschaft.png\" width=\"64\" height=\"64\"><br \/>\n<img loading=\"lazy\" decoding=\"async\" class=\"newsimage\" style=\"float: right; margin-right: 20px;\" src=\"https:\/\/planetdiablo.eu\/wp-content\/uploads\/2014\/10\/Kopflose-Gesellschaft-Bannermuster.png\" width=\"64\" height=\"64\"><br \/>\n<b>Kopflose Gesellschaft<\/b> <span style=\"color: dimgray;\">Bounteous Maximus<\/span><\/p>\n<p><em>Schlie\u00dft 10.000 Kopfgelder ab.<\/em><\/p>\n<p>Belohnung: Bannermuster<\/p>\n<\/div>\n<p><a name=\"genc\"><\/a> &lt;div&#8220;&gt;<b><span style=\"color: #336633;\">Nephalemportale<\/span><\/b> <a href=\"#top\"><span style=\"color: #151515;\"><u><span style=\"color: #66ff66;\">\u25b2<\/span><\/u><\/span><\/a> &lt;\/div&#8220;&gt;<\/p>\n<div class=\"infobox\" style=\"border-color: black;\"><img loading=\"lazy\" decoding=\"async\" class=\"newsimage\" style=\"float: left; margin-right: 20px;\" src=\"https:\/\/planetdiablo.eu\/wp-content\/uploads\/2014\/10\/Wer-ist-hier-der-Boss.png\" width=\"64\" height=\"64\"><br \/>\n<b>Wer ist hier der Boss?<\/b> <span style=\"color: dimgray;\">You&#8217;re not the boss of me<\/span><\/p>\n<p><em>T\u00f6tet die unten aufgef\u00fchrten Bosse in Nephalemportalen.<\/em><\/p>\n<details>\n<summary>L\u00f6sung<\/summary>\n<div align=\"center\">\n<table class=\"d3tborder\">\n<thead class=\"d3thead\">\n<tr>\n<th>Name<\/th>\n<th>Name (engl.)<\/th>\n<\/tr>\n<\/thead>\n<tbody>\n<tr class=\"d3alt1\">\n<td>Erethon<\/td>\n<td>Erethon<\/td>\n<\/tr>\n<tr class=\"d3alt1\">\n<td>K\u00e4lteeinbruch<\/td>\n<td>Coldsnap<\/td>\n<\/tr>\n<tr class=\"d3alt1\">\n<td>Fleischschnitzer<\/td>\n<td>Man Carver<\/td>\n<\/tr>\n<tr class=\"d3alt1\">\n<td>Qu\u00e4ler<\/td>\n<td>Blighter<\/td>\n<\/tr>\n<tr class=\"d3alt1\">\n<td>Agnidox<\/td>\n<td>Agnidox<\/td>\n<\/tr>\n<tr class=\"d3alt1\">\n<td>Verdammnis<\/td>\n<td>Perdition<\/td>\n<\/tr>\n<tr class=\"d3alt1\">\n<td>Gier<\/td>\n<td>Voracity<\/td>\n<\/tr>\n<tr class=\"d3alt1\">\n<td>Perendi<\/td>\n<td>Perendi<\/td>\n<\/tr>\n<tr class=\"d3alt1\">\n<td>Die Binderin<\/td>\n<td>The Binder<\/td>\n<\/tr>\n<tr class=\"d3alt1\">\n<td>Raureif<\/td>\n<td>Rime<\/td>\n<\/tr>\n<tr class=\"d3alt1\">\n<td>Aschenglut<\/td>\n<td>Ember<\/td>\n<\/tr>\n<tr class=\"d3alt1\">\n<td>Steins\u00e4nger<\/td>\n<td>Stonesinger<\/td>\n<\/tr>\n<tr class=\"d3alt1\">\n<td>Kreuzritterk\u00f6nig<\/td>\n<td>Crusader King<\/td>\n<\/tr>\n<tr class=\"d3alt1\">\n<td>Knochenhexer<\/td>\n<td>Bone Warlock<\/td>\n<\/tr>\n<tr class=\"d3alt1\">\n<td>Tethrys<\/td>\n<td>Tethyrs<\/td>\n<\/tr>\n<tr class=\"d3alt1\">\n<td>Eskandiel<\/td>\n<td>Eskandiel<\/td>\n<\/tr>\n<tr class=\"d3alt1\">\n<td>Teufelsmaid<\/td>\n<td>Infernal Maiden<\/td>\n<\/tr>\n<tr class=\"d3alt1\">\n<td>Raiziel<\/td>\n<td>Raiziel<\/td>\n<\/tr>\n<tr class=\"d3alt1\">\n<td>Der W\u00fcrger<\/td>\n<td>The Choker<\/td>\n<\/tr>\n<tr class=\"d3alt1\">\n<td>Blutmaul<\/td>\n<td>Bloodmaw<\/td>\n<\/tr>\n<tr class=\"d3alt1\">\n<td>Sandformer<\/td>\n<td>Sand Shaper<\/td>\n<\/tr>\n<\/tbody>\n<\/table>\n<\/div>\n<\/details>\n<\/div>\n<div class=\"infobox\" style=\"border-color: black;\"><img loading=\"lazy\" decoding=\"async\" class=\"newsimage\" style=\"float: left; margin-right: 20px;\" src=\"https:\/\/planetdiablo.eu\/wp-content\/uploads\/2014\/10\/Seid-gesegnet.png\" width=\"64\" height=\"64\"><br \/>\n<b>Seid gesegnet<\/b> <span style=\"color: dimgray;\">Blessed art thou<\/span><\/p>\n<p><em>Erhaltet die Kraft der unten aufgef\u00fchrten Pylonen.<\/em><\/p>\n<ul>\n<li>Pylon der Macht<\/li>\n<li>Pylon der Verbindung<\/li>\n<li>Pylon des Kanalisierens<\/li>\n<li>Pylon des Schildes<\/li>\n<li>Pylon der Eile<\/li>\n<\/ul>\n<p>Um einen Pylon abzuhaken, muss dieser selber aktiviert werden. Aktiviert ein Gruppenmitglied einen Pylon, so z\u00e4hlt dies nicht.<\/p>\n<\/div>\n<div class=\"infobox\" style=\"border-color: black;\"><img loading=\"lazy\" decoding=\"async\" class=\"newsimage\" style=\"float: left; margin-right: 20px;\" src=\"https:\/\/planetdiablo.eu\/wp-content\/uploads\/2014\/10\/Neulich-im-Portal.png\" width=\"64\" height=\"64\"><br \/>\n<b>Neulich im Portal<\/b> <span style=\"color: dimgray;\">Just Riffing<\/span><\/p>\n<p><em>T\u00f6tet 500 Monster, w\u00e4hrend Ihr Euch in einem Nephalemportal befindet.<\/em><\/p>\n<p><img loading=\"lazy\" decoding=\"async\" class=\"newsimage\" style=\"float: left; margin-right: 20px;\" src=\"https:\/\/planetdiablo.eu\/wp-content\/uploads\/2014\/10\/Portale-Vernichtung.png\" width=\"64\" height=\"64\"><br \/>\n<b>Portale Vernichtung<\/b> <span style=\"color: dimgray;\">Riftual Sacrifice<\/span><\/p>\n<p><em>T\u00f6tet 10.000 Monster, w\u00e4hrend Ihr Euch in einem Nephalemportal befindet.<\/em><\/p>\n<p><img loading=\"lazy\" decoding=\"async\" class=\"newsimage\" style=\"float: left; margin-right: 20px;\" src=\"https:\/\/planetdiablo.eu\/wp-content\/uploads\/2014\/10\/Monsterdrescher.png\" width=\"64\" height=\"64\"><br \/>\n<b>Monsterdrescher<\/b> <span style=\"color: dimgray;\">Monster Mangler<\/span><\/p>\n<p><em>T\u00f6tet 50.000 Monster, w\u00e4hrend Ihr Euch in einem Nephalemportal befindet.<\/em><\/p>\n<p><img loading=\"lazy\" decoding=\"async\" class=\"newsimage\" style=\"float: left; margin-right: 20px;\" src=\"https:\/\/planetdiablo.eu\/wp-content\/uploads\/2014\/10\/Monstroses-Vergnugen.png\" width=\"64\" height=\"64\"><br \/>\n<b>Monstr\u00f6ses Vergn\u00fcgen<\/b> <span style=\"color: dimgray;\">Dedicated to Destruction<\/span><\/p>\n<p><em>T\u00f6tet 100.000 Monster, w\u00e4hrend Ihr Euch in einem Nephalemportal befindet.<\/em><\/p>\n<p><img loading=\"lazy\" decoding=\"async\" class=\"newsimage\" style=\"float: left; margin-right: 20px;\" src=\"https:\/\/planetdiablo.eu\/wp-content\/uploads\/2014\/10\/Vom-Aussterben-bedroht.png\" width=\"64\" height=\"64\"><br \/>\n<b>Vom Aussterben bedroht<\/b> <span style=\"color: dimgray;\">Bad time to be a beast<\/span><\/p>\n<p><em>T\u00f6tet 250.000 Monster, w\u00e4hrend Ihr Euch in einem Nephalemportal befindet.<\/em><\/p>\n<p><img loading=\"lazy\" decoding=\"async\" class=\"newsimage\" style=\"float: left; margin-right: 20px;\" src=\"https:\/\/planetdiablo.eu\/wp-content\/uploads\/2014\/10\/Portal-Fatal.png\" width=\"64\" height=\"64\"><br \/>\n<b>Portal Fatal<\/b> <span style=\"color: dimgray;\">Killin it<\/span><\/p>\n<p><em>T\u00f6tet 500.000 Monster, w\u00e4hrend Ihr Euch in einem Nephalemportal befindet.<\/em><\/p>\n<p><img loading=\"lazy\" decoding=\"async\" class=\"newsimage\" style=\"float: left; margin-right: 20px;\" src=\"https:\/\/planetdiablo.eu\/wp-content\/uploads\/2014\/10\/Tod-Tod-und-nochmals-Tod.png\" width=\"64\" height=\"64\"><br \/>\n<b>Tod, Tod und nochmals Tod<\/b> <span style=\"color: dimgray;\">Death, Death and More Death<\/span><\/p>\n<p><em>T\u00f6tet 750.000 Monster, w\u00e4hrend Ihr Euch in einem Nephalemportal befindet.<\/em><\/p>\n<p><img loading=\"lazy\" decoding=\"async\" class=\"newsimage\" style=\"float: right; margin-left: 20px;\" src=\"https:\/\/planetdiablo.eu\/wp-content\/uploads\/2014\/10\/Vielleicht-ein-paar-Dutzend-Bannersiegel.png\" width=\"64\" height=\"64\"><br \/>\n<img loading=\"lazy\" decoding=\"async\" class=\"newsimage\" style=\"float: left; margin-right: 20px;\" src=\"https:\/\/planetdiablo.eu\/wp-content\/uploads\/2014\/10\/Vielleicht-ein-paar-Dutzend.png\" width=\"64\" height=\"64\"><br \/>\n<b>Vielleicht ein paar Dutzend<\/b> <span style=\"color: dimgray;\">Some Hordes<\/span><\/p>\n<p><em>T\u00f6tet 1.000.000 Monster, w\u00e4hrend Ihr Euch in einem Nephalemportal befindet.<\/em><\/p>\n<p>Belohnung: Bannersiegel<\/p>\n<\/div>\n<div class=\"infobox\" style=\"border-color: black;\"><img loading=\"lazy\" decoding=\"async\" class=\"newsimage\" style=\"float: left; margin-right: 20px;\" src=\"https:\/\/planetdiablo.eu\/wp-content\/uploads\/2014\/10\/Portallaufer.png\" width=\"64\" height=\"64\"><br \/>\n<b>Portall\u00e4ufer<\/b> <span style=\"color: dimgray;\">Dashing through the rift<\/span><\/p>\n<p><em>Schlie\u00dft ein Nephalemportal innerhalb von 15 Minuten ab.<\/em><\/p>\n<p><img loading=\"lazy\" decoding=\"async\" class=\"newsimage\" style=\"float: left; margin-right: 20px;\" src=\"https:\/\/planetdiablo.eu\/wp-content\/uploads\/2014\/10\/Nie-genug-Zeit.png\" width=\"64\" height=\"64\"><br \/>\n<b>Nie genug Zeit<\/b> <span style=\"color: dimgray;\">Never enough time<\/span><\/p>\n<p><em>Schlie\u00dft ein Nephalemportal innerhalb von 10 Minuten ab.<\/em><\/p>\n<p><img loading=\"lazy\" decoding=\"async\" class=\"newsimage\" style=\"float: left; margin-right: 20px;\" src=\"https:\/\/planetdiablo.eu\/wp-content\/uploads\/2014\/10\/Jetzt-aber-los.png\" width=\"64\" height=\"64\"><br \/>\n<b>Jetzt aber los<\/b> <span style=\"color: dimgray;\">Lets make this quick<\/span><\/p>\n<p><em>Schlie\u00dft ein Nephalemportal innerhalb von 5 Minuten ab.<\/em><\/p>\n<p><img loading=\"lazy\" decoding=\"async\" class=\"newsimage\" style=\"float: left; margin-right: 20px;\" src=\"https:\/\/planetdiablo.eu\/wp-content\/uploads\/2014\/10\/Der-Countdown-lauft.png\" width=\"64\" height=\"64\"><br \/>\n<img loading=\"lazy\" decoding=\"async\" class=\"newsimage\" style=\"float: right; margin-left: 20px;\" src=\"https:\/\/planetdiablo.eu\/wp-content\/uploads\/2014\/10\/Der-Countdown-lauft-Bannersiegel.png\" width=\"64\" height=\"64\"><br \/>\n<b>Der Countdown l\u00e4uft<\/b> <span style=\"color: dimgray;\">Two minute warning<\/span><\/p>\n<p><em>Schlie\u00dft ein Nephalemportal innerhalb von 2 Minuten ab.<\/em><\/p>\n<p>Belohnung: Bannersiegel<\/p>\n<p><em>L\u00f6sung<\/em><\/p>\n<ul>\n<li>Die Zeit z\u00e4hlt vom Aktiviern des Rifts (einlegen des Keystones) bis zum Gespr\u00e4ch mit Orek nach dem T\u00f6ten des Riftbosses.<\/li>\n<li>Je nach Riftkarten und Monsterdichte kann es sein, dass mehrere Versuche von N\u00f6ten sind.<\/li>\n<li>Am einfachsten ist dies, wenn ein niedriglevliger Charakter ein Spiel auf Normal er\u00f6ffnet. Der niedriglevlige kann dabei am Nephalemstein stehenbleiben.<\/li>\n<li>Dar\u00fcber hinaus m\u00fcssen die Spieler der Gruppe schnell laufen und &#8222;nebenbei&#8220; t\u00f6ten k\u00f6nnen, z.B. durch Dots, AoE-Spells, Auren, etc. D\u00e4monenj\u00e4ger mit &#8222;Strafe&#8220; sind z.B. gut.<\/li>\n<li>Der Erfolg h\u00f6rt sich schwerer an als er ist!<\/li>\n<\/ul>\n<\/div>\n<div><em>geschrieben von Bukama und MrGracy, Stand: 10\/2014<\/em><\/div>\n","protected":false},"excerpt":{"rendered":"<p>Legende \u25bc Symbol Bedeutung Dieser Erfolg existiert in einer Coop-Version. Bei diesem Erfolg lohnt es sich, sich mit anderen zusammenzutun. Wenn ihr eine seltene Bedingung findet, freut sich eure FL sicher \u00fcber eine Einladung. Dieser Erfolg existiert in einer Hardcore-Version. AxQy.z Verweis auf bestimmten Abschnitt einer Quest in der Questauswahl. Beispiel: A2Q8.3 ist The Black&hellip; <a class=\"more-link\" href=\"https:\/\/planetdiablo.eu\/de\/diablo-3\/erfolge-komplettlosung\/erfolge-abenteuer\/\"><span class=\"screen-reader-text\">Diablo 3 &#8211; Erfolge: Abenteuer<\/span> weiterlesen<\/a><\/p>\n","protected":false},"author":847,"featured_media":0,"parent":529688,"menu_order":0,"comment_status":"open","ping_status":"open","template":"","meta":{"footnotes":""},"class_list":["post-565958","page","type-page","status-publish","hentry","entry"],"_links":{"self":[{"href":"https:\/\/planetdiablo.eu\/de\/wp-json\/wp\/v2\/pages\/565958","targetHints":{"allow":["GET"]}}],"collection":[{"href":"https:\/\/planetdiablo.eu\/de\/wp-json\/wp\/v2\/pages"}],"about":[{"href":"https:\/\/planetdiablo.eu\/de\/wp-json\/wp\/v2\/types\/page"}],"author":[{"embeddable":true,"href":"https:\/\/planetdiablo.eu\/de\/wp-json\/wp\/v2\/users\/847"}],"replies":[{"embeddable":true,"href":"https:\/\/planetdiablo.eu\/de\/wp-json\/wp\/v2\/comments?post=565958"}],"version-history":[{"count":25,"href":"https:\/\/planetdiablo.eu\/de\/wp-json\/wp\/v2\/pages\/565958\/revisions"}],"predecessor-version":[{"id":581128,"href":"https:\/\/planetdiablo.eu\/de\/wp-json\/wp\/v2\/pages\/565958\/revisions\/581128"}],"up":[{"embeddable":true,"href":"https:\/\/planetdiablo.eu\/de\/wp-json\/wp\/v2\/pages\/529688"}],"wp:attachment":[{"href":"https:\/\/planetdiablo.eu\/de\/wp-json\/wp\/v2\/media?parent=565958"}],"curies":[{"name":"wp","href":"https:\/\/api.w.org\/{rel}","templated":true}]}}