{"id":567502,"date":"2014-11-18T08:20:50","date_gmt":"2014-11-18T07:20:50","guid":{"rendered":"http:\/\/diablo3.ingame.de\/?page_id=567502"},"modified":"2023-02-23T11:04:53","modified_gmt":"2023-02-23T09:04:53","slug":"patches","status":"publish","type":"page","link":"https:\/\/planetdiablo.eu\/de\/diablo-2\/patches\/","title":{"rendered":"Diablo 2 mit LoD (Classic) &#8211; Patch Downloads + D2R Patchlist"},"content":{"rendered":"<p>Hier findet Ihr alle Patches zu <strong>Diablo 2 <\/strong>Classic mit <strong>Diablo 2 LoD<\/strong> in chronologischer Reihenfolge.\u00a0 Um auf die aktuelle Version zu patchen gen\u00fcgt der Download des aktuellsten Patches, die Patches bauen also nicht aufeinander auf.<br \/>\n<span style=\"color: #ff0000;\">Hinweis<\/span>: \u00c4ltere Patches als <strong>1.14d<\/strong> k\u00f6nnen nur offline gespielt werden. Das Battle.net setzt immer den neuesten verf\u00fcgbaren Patch voraus.<\/p>\n<p>D2R Patches sind als solche gekennzeichnet.<\/p>\n<ul>\n<li><a href=\"https:\/\/news.blizzard.com\/en-us\/diablo2\/23899624\/diablo-ii-resurrected-ladder-season-three-now-live\">D2R Patch 2.6<\/a><\/li>\n<li><a href=\"https:\/\/news.blizzard.com\/en-us\/diablo2\/23827590\/diablo-ii-resurrected-ladder-season-two-now-live\">D2R Patch 2.5<\/a><\/li>\n<li><a href=\"_wp_link_placeholder\" data-wplink-edit=\"true\">D2R Patch 2.4<\/a><\/li>\n<li><a href=\"#114d\">Patch 1.14d<\/a><\/li>\n<li><a href=\"#114c\">Patch 1.14c<\/a><\/li>\n<li><a href=\"#114b\">Patch 1.14b<\/a><\/li>\n<li><a href=\"#114a\">Patch 1.14a<\/a><\/li>\n<li><a href=\"#113d\">Patch 1.13d<\/a><\/li>\n<li><a href=\"#113\">Patch 1.13c<\/a><\/li>\n<li><a href=\"#112\">Patch 1.12<\/a><\/li>\n<li><a href=\"#111b\">Patch 1.11b<\/a><\/li>\n<li><a href=\"#111\">Patch 1.11<\/a><\/li>\n<li><a href=\"#110\">Patch 1.10<\/a><\/li>\n<li><a href=\"#109d\">Patch 1.09d<\/a><\/li>\n<li><a href=\"#109b\">Patch 1.09b<\/a><\/li>\n<li><a href=\"#109\">Patch 1.09<\/a><\/li>\n<li><a href=\"#108\">Patch 1.08<\/a><\/li>\n<\/ul>\n<p>Ab hier mit Lord of Destruction \ud83d\ude09<\/p>\n<p><img loading=\"lazy\" decoding=\"async\" class=\"alignnone size-medium wp-image-581275\" src=\"https:\/\/planetdiablo.eu\/de\/wp-content\/uploads\/2021\/03\/LoD-Install-Bildschirm-300x230.jpg\" alt=\"D2 LoD Install Screen\" width=\"300\" height=\"230\" srcset=\"https:\/\/planetdiablo.eu\/de\/wp-content\/uploads\/2021\/03\/LoD-Install-Bildschirm-300x230.jpg 300w, https:\/\/planetdiablo.eu\/de\/wp-content\/uploads\/2021\/03\/LoD-Install-Bildschirm.jpg 606w\" sizes=\"auto, (max-width: 300px) 100vw, 300px\" \/><\/p>\n<ul>\n<li><a href=\"#107\">Patch 1.07<\/a><\/li>\n<li><a href=\"#106b\">Patch 1.06b<\/a><\/li>\n<li><a href=\"#106\">Patch 1.06<\/a><\/li>\n<li><a href=\"#105\">Patch 1.05b<\/a><\/li>\n<li><a href=\"#104\">Patch 1.04b<\/a><\/li>\n<li><a href=\"#103\">Patch 1.03<\/a><\/li>\n<li><a href=\"#101\">Patch 1.01<\/a><\/li>\n<\/ul>\n<p>Es folgen nun die Downlink-Links zu den Patches (Am besten auf den Link rechts-klicken und &#8222;Ziel speichern unter..&#8220; w\u00e4hlen).<br \/>\nPC Version ist die f\u00fcr Windows \u00fcbliche exe Datei, f\u00fcr alle Mac User gilt der Patch unter MAC Version.<\/p>\n<p><span style=\"color: red;\">Beachtet bitte:<\/span> Wir linken die Patches direkt vom Blizzard FTP. Wenn der Download mal nicht startet, versucht es sp\u00e4ter noch einmal. Wir k\u00f6nnen nichts dran \u00e4ndern. Auf der Blizzard Homepage findet ihr auch Mirror Seiten. Euch bleibt nat\u00fcrlich auch die M\u00f6glichkeit das Autoupdate des Battle.nets zu nutzen.<\/p>\n<h2><a name=\"114d\"><\/a>Patch 1.14d<\/h2>\n<p>Diablo 2 Classic:<br \/>\n<a href=\"http:\/\/ftp.blizzard.com\/pub\/diablo2\/patches\/PC\/D2Patch_114d.exe\">PC Version<\/a> (~10 MB) &#8211;<br \/>\n<a href=\"http:\/\/ftp.blizzard.com\/pub\/diablo2\/patches\/Mac\/D2_Patcher_114d.app.zip\">MAC Version<\/a> (~11 MB)<\/p>\n<p>Diablo 2 Lord of Destruction:<br \/>\n<a href=\"http:\/\/ftp.blizzard.com\/pub\/diablo2exp\/patches\/PC\/LODPatch_114d.exe\">PC Version<\/a> (~7 MB) &#8211;<br \/>\n<a href=\"http:\/\/ftp.blizzard.com\/pub\/diablo2exp\/patches\/Mac\/LOD_Patcher_114d.app.zip\">MAC Version<\/a> (~6 MB)<\/p>\n<h2><a name=\"114c\"><\/a>Patch 1.14c<\/h2>\n<p>Diablo 2 Classic:<br \/>\n<a href=\"http:\/\/ftp.blizzard.com\/pub\/diablo2\/patches\/PC\/D2Patch_114c.exe\">PC Version<\/a> (~9 MB) &#8211;<br \/>\n<a href=\"http:\/\/ftp.blizzard.com\/pub\/diablo2\/patches\/Mac\/D2_Patcher_114c.app.zip\">MAC Version<\/a> (~9 MB)<\/p>\n<p>Diablo 2 Lord of Destruction:<br \/>\n<a href=\"http:\/\/ftp.blizzard.com\/pub\/diablo2exp\/patches\/PC\/LODPatch_114c.exe\">PC Version<\/a> (~4 MB) &#8211;<br \/>\n<a href=\"http:\/\/ftp.blizzard.com\/pub\/diablo2exp\/patches\/Mac\/LOD_Patcher_114c.app.zip\">MAC Version<\/a> (~5 MB)<\/p>\n<h2><a name=\"114b\"><\/a>Patch 1.14b<\/h2>\n<p>Diablo 2 Classic:<br \/>\n<a href=\"http:\/\/ftp.blizzard.com\/pub\/diablo2\/patches\/PC\/D2Patch_114b.exe\">PC Version<\/a> (~9 MB) &#8211;<br \/>\nMAC Version (nicht verf\u00fcgbar)<\/p>\n<p>Diablo 2 Lord of Destruction:<br \/>\n<a href=\"http:\/\/ftp.blizzard.com\/pub\/diablo2exp\/patches\/PC\/LODPatch_114b.exe\">PC Version<\/a> (~4 MB) &#8211;<br \/>\nMAC Version (nicht verf\u00fcgbar)<\/p>\n<h2><a name=\"114a\"><\/a>Patch 1.14a<\/h2>\n<p>Diablo 2 Classic:<br \/>\n<a href=\"http:\/\/ftp.blizzard.com\/pub\/diablo2\/patches\/PC\/D2Patch_114a.exe\">PC Version<\/a> (~9 MB) &#8211;<br \/>\nMAC Version (nicht verf\u00fcgbar)<\/p>\n<p>Diablo 2 Lord of Destruction:<br \/>\n<a href=\"http:\/\/ftp.blizzard.com\/pub\/diablo2exp\/patches\/PC\/LODPatch_114a.exe\">PC Version<\/a> (~4 MB) &#8211;<br \/>\nMAC Version (nicht verf\u00fcgbar)<\/p>\n<h2><a name=\"113d\"><\/a>Patch 1.13d<\/h2>\n<p>Diablo 2 Classic:<br \/>\n<a href=\"http:\/\/ftp.blizzard.com\/pub\/Diablo 2\/patches\/PC\/D2Patch_113d.exe\">PC Version<\/a> (~9 MB) &#8211;<br \/>\n<a href=\"http:\/\/ftp.blizzard.com\/pub\/Diablo 2\/patches\/Mac\/Diablo_II_1.13d_(Carbon).zip\">MAC Version<\/a> (~9 MB)<\/p>\n<p>Diablo 2 Lord of Destruction:<br \/>\n<a href=\"http:\/\/ftp.blizzard.com\/pub\/Diablo 2exp\/patches\/PC\/LODPatch_113d.exe\">PC Version<\/a> (~5 MB) &#8211;<br \/>\n<a href=\"http:\/\/ftp.blizzard.com\/pub\/Diablo 2exp\/patches\/Mac\/Diablo_II_LOD_1.13d_(Carbon).zip\">MAC Version<\/a> (~6 MB)<\/p>\n<p>Alle \u00c4nderungen, wie sie in der Patch Readme stehen ins Deutsche \u00fcbersetzt findet ihr<br \/>\n<a href=\"\/diablo-2\/die-deutschen-patchlogs\/patchlog-version-1-13d-27-oktober-2011\/\" target=\"_blank\" rel=\"noopener\">hier.<\/a><\/p>\n<h2><a name=\"113\"><\/a>Patch 1.13c<\/h2>\n<p>Diablo 2 Classic:<br \/>\n<a href=\"http:\/\/ftp.blizzard.com\/pub\/Diablo 2\/patches\/PC\/D2Patch_113c.exe\">PC Version<\/a> (~9 MB) &#8211;<br \/>\n<a href=\"http:\/\/ftp.blizzard.com\/pub\/Diablo 2\/patches\/Mac\/Diablo_II_1.13c_(Carbon).zip\">MAC Version<\/a> (~9 MB)<\/p>\n<p>Diablo 2 Lord of Destruction:<br \/>\n<a href=\"http:\/\/ftp.blizzard.com\/pub\/Diablo 2exp\/patches\/PC\/LODPatch_113c.exe\">PC Version<\/a> (~5 MB) &#8211;<br \/>\n<a href=\"http:\/\/ftp.blizzard.com\/pub\/Diablo 2exp\/patches\/Mac\/Diablo_II_LOD_1.13c_(Carbon).zip\">MAC Version<\/a> (~6 MB)<\/p>\n<p>Alle \u00c4nderungen, wie sie in der Patch Readme stehen ins Deutsche \u00fcbersetzt findet ihr<br \/>\n<a href=\"\/diablo-2\/die-deutschen-patchlogs\/patchlog-version-1-13-23-april-2010\/\" target=\"_blank\" rel=\"noopener\">hier.<\/a><\/p>\n<h2><a name=\"112\"><\/a>Patch 1.12<\/h2>\n<p>Diablo 2 Classic:<br \/>\n<a href=\"http:\/\/ftp.blizzard.com\/pub\/Diablo 2\/patches\/Mac\/D2%20Patcher%20112a%20(Carbon).zip\">MAC Version<\/a> (~9 MB)<\/p>\n<p>Diablo 2 Lord of Destruction:<br \/>\n<a href=\"http:\/\/ftp.blizzard.com\/pub\/Diablo 2exp\/patches\/Mac\/LOD%20Patcher%20112a%20(Carbon).zip\">MAC Version<\/a> (~5 MB)<\/p>\n<p>Alle \u00c4nderungen, wie sie in der Patch Readme stehen ins Deutsche \u00fcbersetzt findet ihr<br \/>\n<a href=\"\/diablo-2\/die-deutschen-patchlogs\/patchlog-version-1-12-17-juni-2008\/\" target=\"_blank\" rel=\"noopener\">hier.<\/a><\/p>\n<h2><a name=\"111b\"><\/a>Patch 1.11b<\/h2>\n<p>Diablo 2 Classic:<br \/>\n<a href=\"httP:\/\/ftp.blizzard.com\/pub\/Diablo 2\/patches\/PC\/D2Patch_111b.exe\">PC Version<\/a> (~11 MB) &#8211;<br \/>\n<a href=\"http:\/\/ftp.blizzard.com\/pub\/Diablo 2\/patches\/Mac\/D2_Patcher_111b.sit\">MAC Version<\/a> (~10 MB)<\/p>\n<p>Diablo 2 Lord of Destruction:<br \/>\n<a href=\"http:\/\/ftp.blizzard.com\/pub\/Diablo 2exp\/patches\/PC\/LODPatch_111b.exe\">PC Version<\/a> (6.5 MB) &#8211;<br \/>\n<a href=\"http:\/\/ftp.blizzard.com\/pub\/Diablo 2exp\/patches\/Mac\/LOD_Patcher_111b.sit\">MAC Version<\/a> (5.6 MB)<\/p>\n<p>Alle \u00c4nderungen, wie sie in der Patch Readme stehen ins Deutsche \u00fcbersetzt findet ihr<br \/>\n<a href=\"\/diablo-2\/die-deutschen-patchlogs\/patchlog-version-1-11-und-1-11b-01-august-2005\/\" target=\"_blank\" rel=\"noopener\">hier.<\/a><\/p>\n<h2><a name=\"111\"><\/a>Patch 1.11<\/h2>\n<p>Diablo 2 Classic:<br \/>\n<a href=\"httP:\/\/ftp.blizzard.com\/pub\/Diablo 2\/patches\/PC\/D2Patch_111.exe\">PC Version<\/a> (~11 MB) &#8211;<br \/>\n<a href=\"http:\/\/ftp.blizzard.com\/pub\/Diablo 2\/patches\/Mac\/D2_Patcher_111.sit\">MAC Version<\/a> (~10 MB)<\/p>\n<p>Diablo 2 Lord of Destruction:<br \/>\n<a href=\"http:\/\/ftp.blizzard.com\/pub\/Diablo 2exp\/patches\/PC\/LODPatch_111.exe\">PC Version<\/a> (6.5 MB) &#8211;<br \/>\n<a href=\"http:\/\/ftp.blizzard.com\/pub\/Diablo 2exp\/patches\/Mac\/LOD_Patcher_111.sit\">MAC Version<\/a> (5.6 MB)<\/p>\n<p>Alle \u00c4nderungen, wie sie in der Patch Readme stehen ins Deutsche \u00fcbersetzt findet ihr<br \/>\n<a href=\"\/diablo-2\/die-deutschen-patchlogs\/patchlog-version-1-11-und-1-11b-01-august-2005\/\" target=\"_blank\" rel=\"noopener\">hier.<\/a><\/p>\n<h2><a name=\"110\"><\/a>Patch 1.10<\/h2>\n<p>Diablo 2 Classic:<br \/>\n<a href=\"httP:\/\/ftp.blizzard.com\/pub\/Diablo 2\/patches\/PC\/D2Patch_110.exe\">PC Version<\/a> (~10 MB) &#8211;<br \/>\n<a href=\"http:\/\/ftp.blizzard.com\/pub\/Diablo 2\/patches\/Mac\/D2_Patcher_110.hqx\">MAC Version<\/a> (~13 MB)<\/p>\n<p>Diablo 2 Lord of Destruction:<br \/>\n<a href=\"http:\/\/ftp.blizzard.com\/pub\/Diablo 2exp\/patches\/PC\/LODPatch_110.exe\">PC Version<\/a> (5.10 MB) &#8211;<br \/>\n<a href=\"http:\/\/ftp.blizzard.com\/pub\/Diablo 2exp\/patches\/Mac\/LOD_Patcher_110.hqx\">MAC Version<\/a> (7.4 MB)<\/p>\n<p>Alle \u00c4nderungen, wie sie in der Patch Readme stehen ins Deutsche \u00fcbersetzt findet ihr<br \/>\n<a href=\"\/diablo-2\/die-deutschen-patchlogs\/patchlog-version-1-10-28-oktober-2003\/\" target=\"_blank\" rel=\"noopener\">hier.<\/a><\/p>\n<h2><a name=\"109d\"><\/a>Patch 1.09d<\/h2>\n<p>Diablo 2 Classic:<br \/>\n<a href=\"http:\/\/ftp.blizzard.com\/pub\/Diablo 2\/patches\/PC\/D2Patch_109d.exe\">PC Version<\/a> (5 MB) &#8211;<br \/>\n<a href=\"http:\/\/ftp.blizzard.com\/pub\/Diablo 2\/patches\/Mac\/Diablo_II_1.09d_Update.sit.hqx\">MAC Version<\/a> (8.89 MB)<\/p>\n<p>Diablo 2 Lord of Destruction:<br \/>\n<a href=\"http:\/\/ftp.blizzard.com\/pub\/Diablo 2exp\/patches\/PC\/LOD_109d.exe\">PC Version<\/a> (1.7 MB) &#8211;<br \/>\n<a href=\"http:\/\/ftp.blizzard.com\/pub\/Diablo 2exp\/patches\/Mac\/LOD_1.09d_Update.sit.hqx\">MAC Version<\/a> (4.7 MB)<\/p>\n<p>Alle \u00c4nderungen, wie sie in der Patch Readme stehen ins Deutsche \u00fcbersetzt findet ihr<br \/>\n<a href=\"\/diablo-2\/die-deutschen-patchlogs\/patchlog-version-1-09-inkl-b-c-d\/\" target=\"_blank\" rel=\"noopener\">hier.<\/a><\/p>\n<h2><a name=\"109b\"><\/a>Patch 1.09b<\/h2>\n<p>Diablo 2 Classic:<br \/>\n<a href=\"http:\/\/ftp.blizzard.com\/pub\/Diablo 2\/patches\/PC\/D2Patch_109b.exe\">PC Version<\/a> (5 MB) &#8211;<br \/>\n<a href=\"http:\/\/ftp.blizzard.com\/pub\/Diablo 2\/patches\/Mac\/Diablo-II-v109b-Update.hqx\">MAC Version<\/a> (8.89 MB)<\/p>\n<p>Diablo 2 Lord of Destruction:<br \/>\n<a href=\"http:\/\/ftp.blizzard.com\/pub\/Diablo 2exp\/patches\/PC\/LOD_109b.exe\">PC Version<\/a> (1.7 MB) &#8211;<br \/>\n<a href=\"http:\/\/ftp.blizzard.com\/pub\/Diablo 2exp\/patches\/Mac\/Diablo-II-LOD-v109b-Update.hqx\">MAC Version<\/a> (4.7 MB)<\/p>\n<p>Alle \u00c4nderungen, wie sie in der Patch Readme stehen ins Deutsche \u00fcbersetzt findet ihr<br \/>\n<a href=\"\/diablo-2\/die-deutschen-patchlogs\/patchlog-version-1-09-inkl-b-c-d\/\" target=\"_blank\" rel=\"noopener\">hier.<\/a><\/p>\n<h2><a name=\"109\"><\/a>Patch 1.09<\/h2>\n<p>Diablo 2 Classic:<br \/>\n<a href=\"http:\/\/ftp.blizzard.com\/pub\/Diablo 2\/patches\/PC\/D2Patch_109.exe\">PC Version<\/a> (5 MB) &#8211;<br \/>\n<a href=\"http:\/\/ftp.blizzard.com\/pub\/Diablo 2\/patches\/Mac\/Diablo_II_1.09_Update.hqx\">MAC Version<\/a> (8.8 MB)<\/p>\n<p>Diablo 2 Lord of Destruction:<br \/>\n<a href=\"http:\/\/ftp.blizzard.com\/pub\/Diablo 2exp\/patches\/PC\/LOD_109.exe\">PC Version<\/a> (1.8 MB) &#8211;<br \/>\n<a href=\"http:\/\/ftp.blizzard.com\/pub\/Diablo 2exp\/patches\/Mac\/Diablo_II_LOD_v109_Update.hqx\">MAC Version<\/a> (4.7 MB)<\/p>\n<p>Alle \u00c4nderungen, wie sie in der Patch Readme stehen ins Deutsche \u00fcbersetzt findet ihr<br \/>\n<a href=\"\/diablo-2\/die-deutschen-patchlogs\/patchlog-version-1-09-inkl-b-c-d\/\" target=\"_blank\" rel=\"noopener\">hier.<\/a><\/p>\n<h2><a name=\"108\"><\/a>Patch 1.08<\/h2>\n<p>Diablo 2 Classic:<br \/>\n<a href=\"http:\/\/ftp.blizzard.com\/pub\/Diablo 2\/patches\/PC\/D2Patch_108.exe\"> (4.9 MB) &#8211;<br \/>\n<\/a><a href=\"http:\/\/ftp.blizzard.com\/pub\/Diablo 2\/patches\/Mac\/diablo%20ii%20v108b%20update.hqx\">MAC Version<\/a> (8.9 MB)<\/p>\n<p>Diablo 2 Lord of Destruction:<br \/>\n<a href=\"http:\/\/ftp.blizzard.com\/pub\/Diablo 2exp\/patches\/PC\/LOD_108.exe\">PC Version<\/a> (1.2 MB) &#8211;<br \/>\n<a href=\"http:\/\/ftp.blizzard.com\/pub\/Diablo 2exp\/patches\/Mac\/Diablo%20II%20LoD%20v108%20Update.hqx\">MAC Version<\/a> (4.7 MB)<\/p>\n<p>Alle \u00c4nderungen, wie sie in der Patch Readme stehen ins Deutsche \u00fcbersetzt findet ihr<br \/>\n<a href=\"\/diablo-2\/die-deutschen-patchlogs\/patchlog-version-1-08\/\" target=\"_blank\" rel=\"noopener\">hier.<\/a><\/p>\n<h2><a name=\"107\"><\/a>Patch 1.07<\/h2>\n<p>1.07 ist in 1.08 enthalten. Es gibt keinen seperaten Download daf\u00fcr.<\/p>\n<p>Alle \u00c4nderungen, wie sie in der Patch Readme stehen ins Deutsche \u00fcbersetzt findet ihr<br \/>\n<a href=\"\/diablo-2\/die-deutschen-patchlogs\/patchlog-version-1-07\/\" target=\"_blank\" rel=\"noopener\">hier.<\/a><\/p>\n<h2><a name=\"106b\"><\/a>Patch 1.06b<\/h2>\n<p>nur noch Classic Patches vorhanden!<\/p>\n<p>Diablo 2 Classic:<br \/>\n<a href=\"http:\/\/ftp.blizzard.com\/pub\/Diablo 2\/patches\/PC\/D2Patch_106b.exe\">PC Version<\/a> (2.6 MB) &#8211;<br \/>\n<a href=\"http:\/\/ftp.blizzard.com\/pub\/Diablo 2\/patches\/Mac\/Diablo%20II%20v1.06b-Mac.hqx\">MAC Version<\/a> (4.1 MB)<\/p>\n<p>Alle \u00c4nderungen, wie sie in der Patch Readme stehen ins Deutsche \u00fcbersetzt findet ihr<br \/>\n<a href=\"\/diablo-2\/die-deutschen-patchlogs\/patchlog-version-1-06\/\" target=\"_blank\" rel=\"noopener\">hier.<\/a><\/p>\n<h2><a name=\"106\"><\/a>Patch 1.06<\/h2>\n<p>Diablo 2 Classic:<br \/>\n<a href=\"http:\/\/ftp.blizzard.com\/pub\/Diablo 2\/patches\/PC\/D2Patch_106.exe\">PC Version<\/a> (2.6 MB) &#8211;<br \/>\n<a href=\"http:\/\/ftp.blizzard.com\/pub\/Diablo 2\/patches\/Mac\/Diablo_II_1.06_Update.sit.hqx\">MAC Version<\/a> (4.2 MB)<\/p>\n<p>Alle \u00c4nderungen, wie sie in der Patch Readme stehen ins Deutsche \u00fcbersetzt findet ihr<br \/>\n<a href=\"\/spiel\/patchlog\/patch_106.php\" target=\"_blank\" rel=\"noopener\">hier.<\/a><\/p>\n<h2><a name=\"105\"><\/a>Patch 1.05b<\/h2>\n<p>Diablo 2 Classic:<br \/>\n<a href=\"http:\/\/ftp.blizzard.com\/pub\/Diablo 2\/patches\/PC\/D2Patch_105b.exe\">PC Version<\/a> (2.6 MB) &#8211;<br \/>\n<a href=\"http:\/\/ftp.blizzard.com\/pub\/Diablo 2\/patches\/Mac\/Diablo_II_1.05b_Update.sit.hqx\">MAC Version<\/a> (4.1 MB)<\/p>\n<p>Alle \u00c4nderungen, wie sie in der Patch Readme stehen ins Deutsche \u00fcbersetzt findet ihr<br \/>\n<a href=\"\/diablo-2\/die-deutschen-patchlogs\/patchlog-version-1-05-und-1-05b\/\" target=\"_blank\" rel=\"noopener\">hier.<\/a><\/p>\n<h2><a name=\"104\"><\/a>Patch 1.04b<\/h2>\n<p>Diablo 2 Classic:<br \/>\n<a href=\"http:\/\/ftp.blizzard.com\/pub\/Diablo 2\/patches\/PC\/D2Patch_104b.exe\">PC Version<\/a> (2.5 MB) &#8211;<br \/>\n<a href=\"http:\/\/ftp.blizzard.com\/pub\/Diablo 2\/patches\/Mac\/Diablo_II_1.04_Update.sit.hqx\">MAC Version<\/a> (4.1 MB)<\/p>\n<p>Alle \u00c4nderungen, wie sie in der Patch Readme stehen ins Deutsche \u00fcbersetzt findet ihr<br \/>\n<a href=\"\/diablo-2\/die-deutschen-patchlogs\/patchlog-version-1-04-und-1-04b\/\" target=\"_blank\" rel=\"noopener\">hier.<\/a><\/p>\n<h2><a name=\"103\"><\/a>Patch 1.03<\/h2>\n<p>Diablo 2 Classic:<br \/>\n<a href=\"http:\/\/ftp.blizzard.com\/pub\/Diablo 2\/patches\/PC\/D2Patch_103.exe\">PC Version<\/a> (1.1 MB) &#8211;<br \/>\n<a href=\"http:\/\/ftp.blizzard.com\/pub\/Diablo 2\/patches\/Mac\/Diablo_II_1.03c_Update.sit.hqx\">MAC Version<\/a> (3.8 MB)<\/p>\n<p>Alle \u00c4nderungen, wie sie in der Patch Readme stehen ins Deutsche \u00fcbersetzt findet ihr<br \/>\n<a href=\"\/diablo-2\/die-deutschen-patchlogs\/patchlog-version-1-03\/\" target=\"_blank\" rel=\"noopener\">hier.<\/a><\/p>\n<h2><a name=\"101\"><\/a>Patch 1.01<\/h2>\n<p>Diablo 2 Classic:<br \/>\n<a href=\"http:\/\/ftp.blizzard.com\/pub\/Diablo 2\/patches\/PC\/D2Patch_101.exe\">PC Version<\/a> (0.7 MB)<\/p>\n<p>Alle \u00c4nderungen, wie sie in der Patch Readme stehen ins Deutsche \u00fcbersetzt findet ihr<br \/>\n<a href=\"\/diablo-2\/die-deutschen-patchlogs\/patchlog-version-1-01\/\" target=\"_blank\" rel=\"noopener\">hier.<\/a><\/p>\n","protected":false},"excerpt":{"rendered":"<p>Hier findet Ihr alle Patches zu Diablo 2 Classic mit Diablo 2 LoD in chronologischer Reihenfolge.\u00a0 Um auf die aktuelle Version zu patchen gen\u00fcgt der Download des aktuellsten Patches, die Patches bauen also nicht aufeinander auf. Hinweis: \u00c4ltere Patches als 1.14d k\u00f6nnen nur offline gespielt werden. Das Battle.net setzt immer den neuesten verf\u00fcgbaren Patch voraus.&hellip; <a class=\"more-link\" href=\"https:\/\/planetdiablo.eu\/de\/diablo-2\/patches\/\"><span class=\"screen-reader-text\">Diablo 2 mit LoD (Classic) &#8211; Patch Downloads + D2R Patchlist<\/span> weiterlesen<\/a><\/p>\n","protected":false},"author":748,"featured_media":0,"parent":71,"menu_order":11,"comment_status":"closed","ping_status":"open","template":"","meta":{"footnotes":""},"class_list":["post-567502","page","type-page","status-publish","hentry","entry"],"_links":{"self":[{"href":"https:\/\/planetdiablo.eu\/de\/wp-json\/wp\/v2\/pages\/567502","targetHints":{"allow":["GET"]}}],"collection":[{"href":"https:\/\/planetdiablo.eu\/de\/wp-json\/wp\/v2\/pages"}],"about":[{"href":"https:\/\/planetdiablo.eu\/de\/wp-json\/wp\/v2\/types\/page"}],"author":[{"embeddable":true,"href":"https:\/\/planetdiablo.eu\/de\/wp-json\/wp\/v2\/users\/748"}],"replies":[{"embeddable":true,"href":"https:\/\/planetdiablo.eu\/de\/wp-json\/wp\/v2\/comments?post=567502"}],"version-history":[{"count":9,"href":"https:\/\/planetdiablo.eu\/de\/wp-json\/wp\/v2\/pages\/567502\/revisions"}],"predecessor-version":[{"id":586578,"href":"https:\/\/planetdiablo.eu\/de\/wp-json\/wp\/v2\/pages\/567502\/revisions\/586578"}],"up":[{"embeddable":true,"href":"https:\/\/planetdiablo.eu\/de\/wp-json\/wp\/v2\/pages\/71"}],"wp:attachment":[{"href":"https:\/\/planetdiablo.eu\/de\/wp-json\/wp\/v2\/media?parent=567502"}],"curies":[{"name":"wp","href":"https:\/\/api.w.org\/{rel}","templated":true}]}}