{"id":569690,"date":"2015-04-04T18:56:50","date_gmt":"2015-04-04T16:56:50","guid":{"rendered":"http:\/\/diablo3.ingame.de\/?page_id=569690"},"modified":"2015-04-04T18:56:50","modified_gmt":"2015-04-04T16:56:50","slug":"season-3","status":"publish","type":"page","link":"https:\/\/planetdiablo.eu\/de\/diablo-3\/seasons\/season-3\/","title":{"rendered":"Diablo 3 Season 3"},"content":{"rendered":"<p>Zeitraum der Season: 10.04.2015 &#8211; 23.08.2015<br \/>\nVersion: 2.2.0<\/p>\n<p>F\u00fcr Season 3 gibt es neben neuen und \u00fcberarbeiteten legend\u00e4ren Gegenst\u00e4nden den legend\u00e4ren <em>Unersch\u00f6pflichen Trank der Verst\u00e4rkung<\/em>, zwei neue legend\u00e4re Juwele und jeder Seasonspieler der Season 3 kann zwei neue Transmogs, eine Flagge und einen Portraitrahmen freischalten.<\/p>\n<p>Weitere allgemeine Informationen zu den Seasons findet ihr im Artikel \u00fcber die <a href=\"http:\/\/diablo3.ingame.de\/diablo-3\/seasons\/\" title=\"Diablo 3 Seasons\" target=\"_blank\" rel=\"noopener\">Diablo 3 &#8211; Seasons<\/a>.<\/p>\n<h2>Legend\u00e4re Tr\u00e4nke<\/h2>\n<p><img loading=\"lazy\" decoding=\"async\" alt=\"Diablo 3: Season 3 - Legendaries\" width=\"64\" height=\"64\" style=\"float:left; margin-right:1em;\" src=\"http:\/\/diablo3.ingame.de\/files\/2015\/04\/Unersch\u00f6pflicher-Trank-der-Verj\u00fcngung.png\"><\/p>\n<h3><a href=\"http:\/\/eu.battle.net\/d3\/de\/item\/bottomless-potion-of-amplification\" rel=\"nofollow\"><span class=\"d3legendary\">Unersch\u00f6pflicher Trank der Verst\u00e4rkung<\/span><\/a> \/ <a href=\"http:\/\/eu.battle.net\/d3\/en\/item\/bottomless-potion-of-amplification\" rel=\"nofollow\"><span class=\"d3legendary\">Bottomless Potion of Amplification<\/span><\/a><\/h3>\n<p>Trank<\/p>\n<ul>\n<li><span class=\"d3legendary\">Legend\u00e4re Eigenschaft:<br \/>\nErh\u00f6ht die Heilung aus allen Quellen 5 Sekunden lang um 20-25%.<\/span><\/li>\n<\/ul>\n<h2>Legend\u00e4re Edelsteine<\/h2>\n<p><img loading=\"lazy\" decoding=\"async\" alt=\"Diablo 3: Season 3 - Legendaries\" width=\"64\" height=\"64\" style=\"float:left; margin-right:1em;\" src=\"http:\/\/diablo3.ingame.de\/files\/2015\/04\/Eisglanz.png\"><\/p>\n<h3><a href=\"http:\/\/eu.battle.net\/d3\/de\/item\/iceblink\" rel=\"nofollow\"><span class=\"d3legendary\">Eisglanz<\/span><\/a> \/ <a href=\"http:\/\/eu.battle.net\/d3\/en\/item\/iceblink\" rel=\"nofollow\"><span class=\"d3legendary\">Iceblink<\/span><\/a><\/h3>\n<p>Legend\u00e4rer Edelstein<\/p>\n<ul>\n<li><span class=\"d3legendary\">Legend\u00e4re Eigenschaft:\n<ul>\n<li>Eure K\u00e4ltefertigkeiten unterk\u00fchlen Gegner und Eure Unterk\u00fchlungseffekte verlangsamen Gegner zus\u00e4tzlich um 5%<\/li>\n<li>Kritische Trefferchance bei unterk\u00fchlten und eingefrorenen Gegnern um 10% erh\u00f6ht <span class=\"d3-color-red\">(Ben\u00f6tigt Edelsteinstufe 25)<\/span><\/li>\n<\/ul>\n<p><\/span><\/li>\n<\/ul>\n<p><img loading=\"lazy\" decoding=\"async\" alt=\"Diablo 3: Season 3 - Legendaries\" width=\"64\" height=\"64\" style=\"float:left; margin-right:1em;\" src=\"http:\/\/diablo3.ingame.de\/files\/2015\/04\/Zerst\u00f6rungsschutz.png\"><\/p>\n<h3><a href=\"http:\/\/eu.battle.net\/d3\/de\/item\/mutilation-guard\" rel=\"nofollow\"><span class=\"d3legendary\">Zerst\u00f6rungsschutz<\/span><\/a> \/ <a href=\"http:\/\/eu.battle.net\/d3\/en\/item\/mutilation-guard\" rel=\"nofollow\"><span class=\"d3legendary\">Mutilation Guard<\/span><\/a><\/h3>\n<p>Legend\u00e4rer Edelstein<\/p>\n<ul>\n<li><span class=\"d3legendary\">Legend\u00e4re Eigenschaft:\n<ul>\n<li>Nahkampfschaden wird um 10% reduziert<\/li>\n<li>Wenn Ihr \u00fcber weniger als 30% Eures Lebens verf\u00fcgt, k\u00f6nnt Ihr Euch ungehindert durch Gegner bewegen <span class=\"d3-color-red\">(Ben\u00f6tigt Edelsteinstufe 25)<\/span><\/li>\n<\/ul>\n<p><\/span><\/li>\n<\/ul>\n<h2>Neue und \u00fcberarbeitete Legendaries<\/h2>\n<p><img loading=\"lazy\" decoding=\"async\" alt=\"Diablo 3: Season 3 - Legendaries\" width=\"64\" height=\"64\" style=\"float:left; margin-right:1em;\" src=\"http:\/\/diablo3.ingame.de\/files\/2015\/04\/Nagelring.png\"><\/p>\n<h3><a href=\"http:\/\/eu.battle.net\/d3\/de\/item\/nagelring\" rel=\"nofollow\"><span class=\"d3legendary\">Nagelring<\/span><\/a> \/ <a href=\"http:\/\/eu.battle.net\/d3\/en\/item\/nagelring\" rel=\"nofollow\"><span class=\"d3legendary\">Nagelring<\/span><\/a><\/h3>\n<p>Legend\u00e4rer Ring<\/p>\n<ul>\n<li><span class=\"d3legendary\">Legend\u00e4re Eigenschaft:<br \/>\nBeschw\u00f6rt alle 10-12 Sek. einen Irren der Gefallenen an die Seite des Spielercharakters.<\/span><\/li>\n<\/ul>\n<hr \/>\n<p><img loading=\"lazy\" decoding=\"async\" alt=\"Diablo 3: Season 3 - Legendaries\" width=\"64\" height=\"64\" style=\"float:left; margin-right:1em;\" src=\"http:\/\/diablo3.ingame.de\/files\/2015\/04\/Obsidianring.png\"><\/p>\n<h3><a href=\"http:\/\/eu.battle.net\/d3\/de\/item\/obsidian-ring-of-the-zodiac\" rel=\"nofollow\"><span class=\"d3legendary\">Obsidianring des Tierkreises<\/span><\/a> \/ <a href=\"http:\/\/eu.battle.net\/d3\/en\/item\/obsidian-ring-of-the-zodiac\" rel=\"nofollow\"><span class=\"d3legendary\">Obsidian Ring of the Zodiac<\/span><\/a><\/h3>\n<p>Legend\u00e4rer Ring<\/p>\n<ul>\n<li><span class=\"d3legendary\">Legend\u00e4re Eigenschaft:<br \/>\nReduziert die verbleibende Abklingzeit einer Eurer Fertigkeiten um 1 Sek., wenn ein Ressourcen verbrauchender Angriff einen Gegner trifft.<\/span><\/li>\n<\/ul>\n<h4>D\u00e4monenj\u00e4ger<\/h4>\n<p><img loading=\"lazy\" decoding=\"async\" alt=\"Diablo 3: Season 3 - Legendaries\" width=\"32\" height=\"64\" style=\"float:left; margin-right:1em;\" src=\"http:\/\/diablo3.ingame.de\/files\/2015\/04\/Dead-mans-legacy.png\"><\/p>\n<h3><a href=\"http:\/\/eu.battle.net\/d3\/de\/item\/dead-mans-legacy\" rel=\"nofollow\"><span class=\"d3legendary\">Verm\u00e4chtnis des toten Mannes<\/span><\/a> \/ <a href=\"http:\/\/eu.battle.net\/d3\/en\/item\/dead-mans-legacy\" rel=\"nofollow\"><span class=\"d3legendary\">Dead Man&#8217;s Legacy<\/span><\/a><\/h3>\n<legend\u00e4rer K\u00f6cher\n\n\n<ul>\n<li><span class=\"d3legendary\">Legend\u00e4re Eigenschaft:<br \/>\n&#8218;Mehrfachschuss&#8216; trifft Gegner, die weniger als 50\u201360% Leben haben, zweimal.<\/span><\/li>\n<\/ul>\n<hr \/>\n<h4>Barbar<\/h4>\n<p><img loading=\"lazy\" decoding=\"async\" alt=\"Diablo 3: Season 3 - Legendaries\" width=\"64\" height=\"64\" style=\"float:left; margin-right:1em;\" src=\"http:\/\/diablo3.ingame.de\/files\/2015\/04\/dread-iron.png\"><\/p>\n<h3><a href=\"http:\/\/eu.battle.net\/d3\/de\/item\/dread-iron\" rel=\"nofollow\"><span class=\"d3legendary\">Schreckenseisen<\/span><\/a> \/ <a href=\"http:\/\/eu.battle.net\/d3\/en\/item\/dread-iron\" rel=\"nofollow\"><span class=\"d3legendary\">Dread Iron<\/span><\/a><\/h3>\n<p>Legend\u00e4rer m\u00e4chtiger G\u00fcrtel<\/p>\n<ul>\n<li><span class=\"d3legendary\">Legend\u00e4re Eigenschaft:<br \/>\n&#8218;Aufstampfen&#8216; erzeugt einen &#8218;Erdrutsch&#8216;.<\/span><\/li>\n<\/ul>\n<hr \/>\n<h4>Kreuzritter<\/h4>\n<p><img loading=\"lazy\" decoding=\"async\" alt=\"Diablo 3: Season 3 - Legendaries\" width=\"64\" height=\"64\" style=\"float:left; margin-right:1em;\" src=\"http:\/\/diablo3.ingame.de\/files\/2015\/04\/Haulls-Segen.png\"><\/p>\n<h3><a href=\"http:\/\/eu.battle.net\/d3\/de\/item\/blessed-of-haull\" rel=\"nofollow\"><span class=\"d3legendary\">Haulls Segen<\/span><\/a> \/ <a href=\"http:\/\/eu.battle.net\/d3\/en\/item\/blessed-of-haull\" rel=\"nofollow\"><span class=\"d3legendary\">Blessed of Haull<\/span><\/a><\/h3>\n<p>Legend\u00e4rer G\u00fcrtel<\/p>\n<ul>\n<li><span class=\"d3legendary\">Legend\u00e4re Eigenschaft:<br \/>\n&#8218;Gerechtigkeit&#8216; erzeugt einen &#8218;Gesegneten Hammer&#8216;, wenn ein Feind damit getroffen wird.<\/span><\/li>\n<\/ul>\n<hr \/>\n<h4>Zauberer<\/h4>\n<p><img loading=\"lazy\" decoding=\"async\" alt=\"Diablo 3: Season 3 - Legendaries\" width=\"32\" height=\"64\" style=\"float:left; margin-right:1em;\" src=\"http:\/\/diablo3.ingame.de\/files\/2015\/04\/Ranslors-Torheit1.png\"><\/p>\n<h3><a href=\"http:\/\/eu.battle.net\/d3\/de\/item\/ranslors-folly\" rel=\"nofollow\"><span class=\"d3legendary\">Ranslors Torheit<\/span><\/a> \/ <a href=\"http:\/\/eu.battle.net\/d3\/en\/item\/ranslors-folly\" rel=\"nofollow\"><span class=\"d3legendary\">Ranslor&#8217;s Folly<\/span><\/a><\/h3>\n<p>Legend\u00e4re Armschienen<\/p>\n<ul>\n<li><span class=\"d3legendary\">Legend\u00e4re Eigenschaft:<br \/>\n&#8218;Energiewirbel&#8216; zieht in regelm\u00e4\u00dfigen Abst\u00e4nden Gegner innerhalb von 30 Metern heran.<\/span><\/li>\n<\/ul>\n<hr \/>\n<h4>Hexendoktor<\/h4>\n<p><img loading=\"lazy\" decoding=\"async\" alt=\"Diablo 3: Season 3 - Legendaries\" width=\"64\" height=\"64\" style=\"float:left; margin-right:1em;\" src=\"http:\/\/diablo3.ingame.de\/files\/2015\/04\/Ring-des-kleinen-Mannes.png\"><\/p>\n<h3><a href=\"http:\/\/eu.battle.net\/d3\/de\/item\/the-short-mans-finger\" rel=\"nofollow\"><span class=\"d3legendary\">Ring des kleinen Mannes<\/span><\/a> \/ <a href=\"http:\/\/eu.battle.net\/d3\/en\/item\/the-short-mans-finger\" rel=\"nofollow\"><span class=\"d3legendary\">Little Man&#8217;s Finger<\/span><\/a><\/h3>\n<p>Legend\u00e4rer Ring<\/p>\n<ul>\n<li><span class=\"d3legendary\">Legend\u00e4re Eigenschaft:<br \/>\n&#8218;Koloss&#8216; beschw\u00f6rt nun drei kleinere Kolosse, die alle st\u00e4rker sind als der vorherige.<\/span><\/li>\n<\/ul>\n<hr \/>\n<h4>M\u00f6nch<\/h4>\n<p><img loading=\"lazy\" decoding=\"async\" alt=\"Diablo 3: Season 3 - Legendaries\" width=\"32\" height=\"64\" style=\"float:left; margin-right:1em;\" src=\"http:\/\/diablo3.ingame.de\/files\/2015\/04\/Geisterschellen.png\"><\/p>\n<h3><a href=\"http:\/\/eu.battle.net\/d3\/de\/item\/spirit-guards\" rel=\"nofollow\"><span class=\"d3legendary\">Geisterschellen<\/span><\/a> \/ <a href=\"http:\/\/eu.battle.net\/d3\/en\/item\/spirit-guards\" rel=\"nofollow\"><span class=\"d3legendary\">Spirit Guards<\/span><\/a><\/h3>\n<p>Legend\u00e4re Armschienen<\/p>\n<ul>\n<li><span class=\"d3legendary\">Legend\u00e4re Eigenschaft:<br \/>\nGeisteskrafterzeuger reduzieren 3 Sek. lang Euren erlittenen Schaden um 30\u201340%.<\/span><\/li>\n<\/ul>\n<h2>Kosmetische Belohnungen<\/h2>\n<h4>Transmogrifikationssets \u201eLegenden des Eroberers\u201c<\/h4>\n<p><img loading=\"lazy\" decoding=\"async\" src=\"http:\/\/diablo3.ingame.de\/files\/2015\/04\/Transmog.png\" alt=\"Transmog\" width=\"165\" height=\"240\" class=\"alignright size-full wp-image-569701 newsimage\" \/><\/p>\n<p>Durch die Teilnahme an der Season 3 kann man sich <em>Stulpen des Eroberers<\/em> und <em>K\u00fcrass des Eroberers<\/em> als Transmogs freischalten. Genauer gesagt muss man mindestens einen Helden auf Level 70 bringen, um die Transmogs zu erhalten.<\/p>\n<p>Mit diesen beiden Teilen ist, falls man in Season 1 und Season 2 flei\u00dfig gesammelt hat, das Transmogrifikationssets \u201eLegenden des Eroberers\u201c komplett.<\/p>\n<h4>Flagge und Portraitrahmen<\/h4>\n<p><img loading=\"lazy\" decoding=\"async\" src=\"http:\/\/diablo3.ingame.de\/files\/2015\/04\/Flagge.png\" alt=\"Flagge\" width=\"148\" height=\"275\" class=\"alignleft size-full wp-image-569700 newsimage\" \/><\/p>\n<p>Neben dem Transmogset gibt es f\u00fcr Seasonerfolgspunktesammler zwei weitere Belohnungen. Die erste ist eine <em>Flagge<\/em>, welche mit 100 saisonalen Erfolgspunkten freigeschalten wird. Diese Flagge kann auf dem R\u00fccken getragen werden und durch die Zubeh\u00f6rtfunktion aktiviert und deaktiviert werden.<br \/>\n<img loading=\"lazy\" decoding=\"async\" src=\"http:\/\/diablo3.ingame.de\/files\/2015\/04\/Rahmenportrait.png\" alt=\"Rahmenportrait\" width=\"141\" height=\"142\" class=\"alignright size-full wp-image-569704 newsimage\" \/><br \/>\nMit 400 saisonalen Erfolgspunkten wird ein saisonspezifischer Portr\u00e4trahmen freigeschaltet, der ebenfalls durch die Zubeh\u00f6rfunktion aktiviert werden kann.<\/p>\n<p>Im Laufe der Zeit werden noch weitere Daten zur laufenden Season hinzugef\u00fcgt, sp\u00e4ter nochmal vorbeischauen kann sich somit lohnen!<\/p>\n","protected":false},"excerpt":{"rendered":"<p>Zeitraum der Season: 10.04.2015 &#8211; 23.08.2015 Version: 2.2.0 F\u00fcr Season 3 gibt es neben neuen und \u00fcberarbeiteten legend\u00e4ren Gegenst\u00e4nden den legend\u00e4ren Unersch\u00f6pflichen Trank der Verst\u00e4rkung, zwei neue legend\u00e4re Juwele und jeder Seasonspieler der Season 3 kann zwei neue Transmogs, eine Flagge und einen Portraitrahmen freischalten. Weitere allgemeine Informationen zu den Seasons findet ihr im Artikel&hellip; <a class=\"more-link\" href=\"https:\/\/planetdiablo.eu\/de\/diablo-3\/seasons\/season-3\/\"><span class=\"screen-reader-text\">Diablo 3 Season 3<\/span> weiterlesen<\/a><\/p>\n","protected":false},"author":847,"featured_media":570280,"parent":561113,"menu_order":0,"comment_status":"open","ping_status":"open","template":"","meta":{"footnotes":""},"class_list":["post-569690","page","type-page","status-publish","has-post-thumbnail","hentry","entry"],"_links":{"self":[{"href":"https:\/\/planetdiablo.eu\/de\/wp-json\/wp\/v2\/pages\/569690","targetHints":{"allow":["GET"]}}],"collection":[{"href":"https:\/\/planetdiablo.eu\/de\/wp-json\/wp\/v2\/pages"}],"about":[{"href":"https:\/\/planetdiablo.eu\/de\/wp-json\/wp\/v2\/types\/page"}],"author":[{"embeddable":true,"href":"https:\/\/planetdiablo.eu\/de\/wp-json\/wp\/v2\/users\/847"}],"replies":[{"embeddable":true,"href":"https:\/\/planetdiablo.eu\/de\/wp-json\/wp\/v2\/comments?post=569690"}],"version-history":[{"count":0,"href":"https:\/\/planetdiablo.eu\/de\/wp-json\/wp\/v2\/pages\/569690\/revisions"}],"up":[{"embeddable":true,"href":"https:\/\/planetdiablo.eu\/de\/wp-json\/wp\/v2\/pages\/561113"}],"wp:featuredmedia":[{"embeddable":true,"href":"https:\/\/planetdiablo.eu\/de\/wp-json\/wp\/v2\/media\/570280"}],"wp:attachment":[{"href":"https:\/\/planetdiablo.eu\/de\/wp-json\/wp\/v2\/media?parent=569690"}],"curies":[{"name":"wp","href":"https:\/\/api.w.org\/{rel}","templated":true}]}}