{"id":572942,"date":"2015-08-15T18:12:45","date_gmt":"2015-08-15T16:12:45","guid":{"rendered":"http:\/\/diablo3.ingame.de\/?page_id=572942"},"modified":"2023-04-12T15:10:21","modified_gmt":"2023-04-12T13:10:21","slug":"kanais-wuerfel","status":"publish","type":"page","link":"https:\/\/planetdiablo.eu\/de\/diablo-3\/guides\/kanais-wuerfel\/","title":{"rendered":"Diablo 3: Kanais W\u00fcrfel"},"content":{"rendered":"<h2 id=\"top\">Inhaltsverzeichnis<\/h2>\n<ul>\n<li><a href=\"#FO\">Fundort von Kanais W\u00fcrfel<\/a><\/li>\n<li><a href=\"#FW\">F\u00e4higkeiten des W\u00fcrfels<\/a>\n<ul>\n<li><a href=\"#1\">Legend\u00e4re Eigenschaft extrahieren<\/a><\/li>\n<li><a href=\"#2\">Legend\u00e4ren Gegenstand umschmieden<\/a><\/li>\n<li><a href=\"#3\">Seltenen Gegenstand aufwerten<\/a><\/li>\n<li><a href=\"#4\">Setgegenstand umwandeln<\/a><\/li>\n<li><a href=\"#5\">Stufenanforderung entfernen<\/a><\/li>\n<li><a href=\"#6\">Edelsteine umwandeln<\/a><\/li>\n<li><a href=\"#7\">Handwerksmaterialien umwandeln<\/a><\/li>\n<li><a href=\"#9\">Uralten Gegenstand verbessern<\/a><\/li>\n<li><a href=\"#8\">Portale \u00f6ffnen<\/a><\/li>\n<\/ul>\n<\/li>\n<li><a href=\"#NH\">Namensherkunft von Kanais W\u00fcrfel<\/a><\/li>\n<\/ul>\n<h2 id=\"FO\">Fundort von Kanais W\u00fcrfel<\/h2>\n<p>Um Kanais W\u00fcrfel \/ Kanai&#8217;s Cube zu erhalten, m\u00fc\u00dft ihr im Abenteuermodus \/ Adventuremode in der Stadt mit dem altbekannten Zoltun Kulle reden. Dieser erz\u00e4hlt von einem m\u00e4chtigen Artefakt, welches es zu bergen gibt.<br \/>\nUm den W\u00fcrfel zu finden, m\u00fc\u00dft ihr euch zuerst in das Gebiet &#8222;Die Ruinen von Sescheron \/ the Ruins of Sescheron&#8220; begeben. Dabei handelt es sich um das im Patch 2.3.0 neu eingef\u00fchrte Gebiet im Akt III und der Wegpunkt befindet sich in der Karte rechts oben.<\/p>\n<p><a href=\"https:\/\/planetdiablo.eu\/de\/wp-content\/uploads\/2015\/08\/Ruinen-von-Sescheron-Karte.jpg\"><img loading=\"lazy\" decoding=\"async\" class=\"aligncenter wp-image-572946 size-full\" src=\"https:\/\/planetdiablo.eu\/de\/wp-content\/uploads\/2015\/08\/Ruinen-von-Sescheron-Karte.jpg\" alt=\"Ruinen von Sescheron Karte\" width=\"1074\" height=\"729\"><\/a><\/p>\n<p>Dort angelangt k\u00e4mpft ihr euch durch die Monster, bis ihr das Untergebiet &#8222;Das Sanktum der \u00c4ltesten \/ Elder Sanctum&#8220; findet, welches ihr sogleich betreten m\u00fc\u00dft.<\/p>\n<p><img loading=\"lazy\" decoding=\"async\" class=\"aligncenter wp-image-572947 size-full\" src=\"https:\/\/planetdiablo.eu\/de\/wp-content\/uploads\/2015\/08\/Das-Sanktum-der-Aeltesten.jpg\" alt=\"Das Sanktum der \u00c4ltesten\" width=\"1145\" height=\"787\"><\/p>\n<p>Im Sanktum der \u00c4ltesten angekommen geht es weiter mit der Suche nach einer H\u00f6hle, in dem sich der W\u00fcrfel befindet. Der Eingang zur H\u00f6hle sieht immer gleich aus:<\/p>\n<p><img loading=\"lazy\" decoding=\"async\" class=\"aligncenter wp-image-572948 size-full\" src=\"https:\/\/planetdiablo.eu\/de\/wp-content\/uploads\/2015\/08\/Eingang-zur-Hoehle.jpg\" alt=\"Eingang zur H\u00f6hle\" width=\"1205\" height=\"796\"><\/p>\n<p>Und in dieser H\u00f6hle befindet sich der W\u00fcrfel, der von einem kurz erscheinenden Barbaren freigegeben wird:<\/p>\n<p><img loading=\"lazy\" decoding=\"async\" class=\"aligncenter wp-image-572945 size-full\" src=\"https:\/\/planetdiablo.eu\/de\/wp-content\/uploads\/2015\/08\/Wuerfel-Pdest.jpg\" alt=\"Kanais W\u00fcrfel Podest\" width=\"1330\" height=\"856\"><\/p>\n<p>Nun den W\u00fcrfel einmal anklicken und ihr habt diesen von da an auch f\u00fcr die anderen Chars des Accounts (Season und Nonseason sowie Softcore und Hardcore bleiben getrennt) verf\u00fcgbar. Der W\u00fcrfel kann dann in jeder Stadt wie ein Handwerker angeklickt werden, um die F\u00e4higkeiten des W\u00fcrfels zu nutzen.<\/p>\n<p><a href=\"#top\">zur\u00fcck zum Inhaltsverzeichnis<\/a><\/p>\n<h2 id=\"FW\">F\u00e4higkeiten des W\u00fcrfels<\/h2>\n<p>Generell folgen alle F\u00e4higkeiten des W\u00fcrfels dem gleichen Prinzip: man legt Zutaten in Form von Materialien oder Gegenst\u00e4nden in den W\u00fcrfel und transmutiert diese zu einem anderen Gegenstand oder einem Portal. Die daf\u00fcr notwendigen verschiedenen Rezepte f\u00fcr den W\u00fcrfel (die &#8222;geheimen Rezepte&#8220; ausgenommen) sind \u00fcber das Buchsymbol im W\u00fcrfel einsehbar.<br \/>\nZum Verzaubern legt ihr alle notwendigen Zutaten in den W\u00fcrfel. Legt ihr zu viele Materialien in den W\u00fcrfel, werden diese nicht verbraucht und wandern wieder zur\u00fcck ins Inventar. Es ist somit nicht notwendig, die Anzahl an Materialien genau abzuz\u00e4hlen.<\/p>\n<p><a href=\"https:\/\/planetdiablo.eu\/de\/wp-content\/uploads\/2015\/08\/Materialien-in-den-Wuerfel-legen.jpg\"><img loading=\"lazy\" decoding=\"async\" class=\"aligncenter wp-image-572952 size-full\" src=\"https:\/\/planetdiablo.eu\/de\/wp-content\/uploads\/2015\/08\/Materialien-in-den-Wuerfel-legen.jpg\" alt=\"Materialien in den W\u00fcrfel legen\" width=\"1012\" height=\"996\"><\/a><\/p>\n<p>Klickt dann auf das Transmutierensymbol, um das Rezept anzuwenden. Es erfolgt bei einigen Rezepten eine Sicherheitsabfrage, da die Gegenst\u00e4nde daf\u00fcr zerst\u00f6rt werden.<\/p>\n<p><img loading=\"lazy\" decoding=\"async\" class=\"aligncenter wp-image-572953 size-full\" src=\"https:\/\/planetdiablo.eu\/de\/wp-content\/uploads\/2015\/08\/Sicherheitsabfrage.jpg\" alt=\"Sicherheitsabfrage\" width=\"605\" height=\"366\"><\/p>\n<p>Ist die Abfrage best\u00e4tigt, wird das Rezept ausgef\u00fchrt und im Beispiel kann von nun an die legend\u00e4re Eigenschaft des &#8222;Talisman von Aranoch&#8220; im Bereich Schmuck verwendet werden.<\/p>\n<p><a href=\"https:\/\/planetdiablo.eu\/de\/wp-content\/uploads\/2015\/08\/Neue-Eigenschaft-auswaehlen.jpg\"><img loading=\"lazy\" decoding=\"async\" class=\"aligncenter wp-image-572951 size-full\" src=\"https:\/\/planetdiablo.eu\/de\/wp-content\/uploads\/2015\/08\/Neue-Eigenschaft-auswaehlen.jpg\" alt=\"Neue Eigenschaft ausw\u00e4hlen\" width=\"1039\" height=\"995\"><\/a><\/p>\n<p>Folgende Rezepte sind verf\u00fcgbar:<\/p>\n<div style=\"clear: both;\"><\/div>\n<hr>\n<h3 id=\"1\">Legend\u00e4re Eigenschaft extrahieren<\/h3>\n<p>(Tal Rashas Archiv) \/ Extract legendary Power (Archive of Tal Rasha)<\/p>\n<p><a href=\"https:\/\/planetdiablo.eu\/de\/wp-content\/uploads\/2015\/08\/Legendaere-Eigenschaft-extrahieren.jpg\"><img loading=\"lazy\" decoding=\"async\" class=\"alignleft wp-image-572961 size-full\" src=\"https:\/\/planetdiablo.eu\/de\/wp-content\/uploads\/2015\/08\/Legendaere-Eigenschaft-extrahieren.jpg\" alt=\"Legend\u00e4re Eigenschaft extrahieren\" width=\"429\" height=\"993\"><\/a><\/p>\n<p>Man kann mit diesem Rezept die legend\u00e4re Eigenschaft eines legend\u00e4ren Gegenstandes extrahieren und als eine Art Passiv einsetzen. Dazu alle erforderlichen Zutaten in den W\u00fcrfel legen und diese transmutieren. Der legend\u00e4re Gegenstand wird beim Extrahieren zerst\u00f6rt. Die daf\u00fcr notwendigen Aktmaterialien erhaltet ihr f\u00fcr das Abschlie\u00dfen aller Kopfgelder eines Aktes.<\/p>\n<p>Die extrahierten Eigenschaften werden in die Kategorien R\u00fcstung, Waffe und Schmuck aufgeteilt. Ihr k\u00f6nnt gleichzeitig nur je eine Eigenschaft pro Kategorie ausgew\u00e4hlt haben.<br \/>\nDie Auswahl erfolgt in der Benutzeroberfl\u00e4che des W\u00fcrfels, dabei werden noch nicht extrahierte Eigenschaften ausgegraut und sind noch nicht anw\u00e4hlbar. Die aktuell ausgew\u00e4hlten Eigenschaften werden zus\u00e4tzlich in den Chardetails aufgelistet. Hat ein Char eine Eigenschaft extrahiert, kann diese auch von anderen Chars verwendet werden.<\/p>\n<p>Zu beachten ist, dass Chars nur die Eigenschaften der f\u00fcr sie tragbaren Gegenst\u00e4nde verwenden k\u00f6nnen &#8211; ein Kreuzritter kann somit keine Bogen-Fertigkeiten nutzen, ein DH kann keine Eigenschaften, die auf legend\u00e4ren 2-Hand-Nahkampfwaffen vorhanden w\u00e4ren, einsetzen.<\/p>\n<div style=\"clear: both;\"><\/div>\n<p><a href=\"#top\">zur\u00fcck zum Inhaltsverzeichnis<\/a><\/p>\n<hr>\n<h3 id=\"2\">Legend\u00e4ren Gegenstand umschmieden<\/h3>\n<p>(Kulls Gesetz) \/ Reforge Legendary (Law of Kulle)<\/p>\n<p><a href=\"https:\/\/planetdiablo.eu\/de\/wp-content\/uploads\/2015\/08\/Legendaeren-Gegenstand-umschmieden.jpg\"><img loading=\"lazy\" decoding=\"async\" class=\"alignleft wp-image-572960 size-full\" src=\"https:\/\/planetdiablo.eu\/de\/wp-content\/uploads\/2015\/08\/Legendaeren-Gegenstand-umschmieden.jpg\" alt=\"Legend\u00e4ren Gegenstand in Kanais W\u00fcrfel umschmieden\" width=\"426\" height=\"993\"><\/a><\/p>\n<p>Besitzt ihr einen legend\u00e4ren Gegenstand, dessen Stats nicht euren Erwartungen oder Bed\u00fcrfnissen entsprechen, k\u00f6nnt ihr in Kanais W\u00fcrfel die Stats des Gegenstandes neu ausw\u00fcrfeln lassen. Dabei kann eine nichturalte Version zu einer uralten Version werden, jedoch auch eine uralte Version zu einer nichturalten!<br \/>\nZum Umschmieden alle notwendigen Zutaten in den W\u00fcrfel legen und auf Transmutieren klicken.<\/p>\n<p>Die daf\u00fcr notwendigen Aktmaterialien erhaltet ihr f\u00fcr das Abschlie\u00dfen aller Kopfgelder eines Aktes.<\/p>\n<div style=\"clear: both;\"><\/div>\n<p><a href=\"#top\">zur\u00fcck zum Inhaltsverzeichnis<\/a><\/p>\n<hr>\n<h3 id=\"3\">Seltenen Gegenstand aufwerten<\/h3>\n<p>(Cains Hoffnung) \/ Upgrade Rare Item (Hope of Cain)<\/p>\n<p><a href=\"https:\/\/planetdiablo.eu\/de\/wp-content\/uploads\/2015\/08\/Seltenen-Gegenstand-aufwerten.jpg\"><img loading=\"lazy\" decoding=\"async\" class=\"alignleft wp-image-572959 size-full\" src=\"https:\/\/planetdiablo.eu\/de\/wp-content\/uploads\/2015\/08\/Seltenen-Gegenstand-aufwerten.jpg\" alt=\"Seltenen Gegenstand aufwerten\" width=\"423\" height=\"992\"><\/a><\/p>\n<p>Um aus der seltenen Version eines Gegenstandes eine legend\u00e4re Version herzustellen, m\u00fcssen ein seltener Gegenstand der Stufe 70 und die erforderlichen Gegenst\u00e4nde in den W\u00fcrfel gelegt werden. Mit dem Klick auf transmutieren wird der Gegenstand in einen legend\u00e4ren Gegenstand umgewandelt und kann sowohl zu einer uralten als auch einer nichturalten Version des Gegenstandes werden.<\/p>\n<p>Legt man z.B. ein rare <a href=\"https:\/\/eu.diablo3.com\/de-de\/artisan\/blacksmith\/recipe\/sovereign-ascended-headpiece\" target=\"_blank\" rel=\"noopener\">Aszendentenkopfst\u00fcck<\/a>, 25 Atem des Todes, je 50 wiederverwertbare Teile, Arkanstaub und Tr\u00fcbe Kristalle in den W\u00fcrfel, dann kann einer der <a href=\"https:\/\/eu.diablo3.com\/de-de\/item\/wizard-hat\/#type=legendary\" target=\"_blank\" rel=\"noopener\">7 H\u00fcte aus der Liste<\/a> dabei raus kommen:<\/p>\n<ul>\n<li style=\"list-style-type: none;\">\n<ul>\n<li><a href=\"https:\/\/eu.diablo3.com\/de-de\/item\/crown-of-the-primus-Unique_WizardHat_104_x1\" target=\"_blank\" rel=\"noopener\">Die Krone des Primus<\/a> \/ Crown of the Primus<\/li>\n<li><a href=\"https:\/\/eu.diablo3.com\/de-de\/item\/the-swami-P3_Unique_WizardHat_003\" target=\"_blank\" rel=\"noopener\">Der Swami<\/a> \/ The Swami<\/li>\n<li><a href=\"https:\/\/eu.diablo3.com\/de-de\/item\/dark-mages-shade-Unique_WizardHat_001_x1\" target=\"_blank\" rel=\"noopener\">Schemen des dunklen Magiers<\/a> \/ Dark Mages Shade<\/li>\n<li><a href=\"https:\/\/eu.diablo3.com\/de-de\/item\/the-magistrate-P68_Unique_WizardHat_103\" target=\"_blank\" rel=\"noopener\">Der Magistrat<\/a> \/ The Magistrate<\/li>\n<li><a href=\"https:\/\/eu.diablo3.com\/de-de\/item\/archmages-vicalyke-Unique_WizardHat_101_x1\" target=\"_blank\" rel=\"noopener\">Kamelaukion des Erzmagiers<\/a> \/ Archmages Vicalyke<\/li>\n<li><a href=\"https:\/\/eu.diablo3.com\/de-de\/item\/velvet-camaral-Unique_WizardHat_102_x1\" target=\"_blank\" rel=\"noopener\">Samtkalotte<\/a> \/ Velvet Camaral<\/li>\n<li><a href=\"https:\/\/eu.diablo3.com\/de-de\/item\/storm-crow-Unique_WizardHat_004_x1\" target=\"_blank\" rel=\"noopener\">Sturmkr\u00e4he<\/a> \/ Storm Crow<\/li>\n<\/ul>\n<\/li>\n<\/ul>\n<div style=\"clear: both;\"><\/div>\n<p><a href=\"#top\">zur\u00fcck zum Inhaltsverzeichnis<\/a><\/p>\n<hr>\n<h3 id=\"4\">Setgegenstand umwandeln<\/h3>\n<p>(Nilfurs Fertigkeit) \/ Convert Set Item (Skill of Nilfur)<\/p>\n<p><a href=\"https:\/\/planetdiablo.eu\/de\/wp-content\/uploads\/2015\/08\/Setgegenstand-umwandeln.jpg\"><img loading=\"lazy\" decoding=\"async\" class=\"alignleft wp-image-572958 size-full\" src=\"https:\/\/planetdiablo.eu\/de\/wp-content\/uploads\/2015\/08\/Setgegenstand-umwandeln.jpg\" alt=\"Setgegenstand umwandeln\" width=\"424\" height=\"990\"><\/a><\/p>\n<p>Wenn ein Setgegenstand fehlt, ein anderer jedoch mehrfach vorhanden ist oder ein Setgegenstand nicht in den gew\u00fcnschten Stats vorhanden ist, kann im W\u00fcrfel Abhilfe geschafft werden. Legt man einen Setgegenstand und die erforderlichen Materialien in Kanais W\u00fcrfel und klickt transmutieren, verwandelt sich der Setgegenstand in ein zuf\u00e4lliges Setteil des ausgew\u00e4hlten Sets. Mit mehreren Versuchen kann so das noch fehlende Setteil erhalten werden oder ein Setteil mit den gew\u00fcnschten Stats. Dabei k\u00f6nnen nur nichturalte Versionen erstellt werden!<br \/>\nDas Rezept funktioniert nicht bei Sets mit nur 2 Gegenst\u00e4nden!<\/p>\n<div style=\"clear: both;\"><\/div>\n<p><a href=\"#top\">zur\u00fcck zum Inhaltsverzeichnis<\/a><\/p>\n<hr>\n<h3 id=\"5\">Stufenanforderung entfernen<\/h3>\n<p>(Cathans Werk) \/ Remove Level Requirement (Work of Cathan)<\/p>\n<p><a href=\"https:\/\/planetdiablo.eu\/de\/wp-content\/uploads\/2015\/08\/Stufenanforderung-entfernen.jpg\"><img loading=\"lazy\" decoding=\"async\" class=\"alignleft wp-image-572957 size-full\" src=\"https:\/\/planetdiablo.eu\/de\/wp-content\/uploads\/2015\/08\/Stufenanforderung-entfernen.jpg\" alt=\"Stufenanforderung entfernen\" width=\"425\" height=\"993\"><\/a><\/p>\n<p>Um die Stufenanforderungen eines Gegenstandes auf Level 1 zu setzen, m\u00fcssen der entsprechende Gegenstand und ein <a href=\"https:\/\/eu.diablo3.com\/de-de\/item\/gem-of-ease-Unique_Gem_003_x1\" target=\"_blank\" rel=\"noopener\">Juwel der Leichtigkeit<\/a> \/ Gem of Ease der Stufe 25 oder h\u00f6her in den W\u00fcrfel gelegt werden. Beim Transmutieren wird das Juwel der Leichtigkeit zerst\u00f6rt, die Stufenanforderung des Gegenstandes wird auf 1 gesetzt.<\/p>\n<div style=\"clear: both;\"><\/div>\n<p><a href=\"#top\">zur\u00fcck zum Inhaltsverzeichnis<\/a><\/p>\n<hr>\n<h3 id=\"6\">Edelsteine umwandeln<\/h3>\n<p>(Radaments Finsternis) \/ Convert Gems (Darkness of Radament)<\/p>\n<p><a href=\"https:\/\/planetdiablo.eu\/de\/wp-content\/uploads\/2015\/08\/Edelsteine-umwandeln.jpg\"><img loading=\"lazy\" decoding=\"async\" class=\"alignleft wp-image-572956 size-full\" src=\"https:\/\/planetdiablo.eu\/de\/wp-content\/uploads\/2015\/08\/Edelsteine-umwandeln.jpg\" alt=\"Edelsteine umwandeln\" width=\"425\" height=\"994\"><\/a><\/p>\n<p>Um Engp\u00e4ssen einer bestimmten Edelsteinsorte entgegenzuwirken, k\u00f6nnen mit dem W\u00fcrfel Edelsteine in eine andere Sorte von Edelsteinen umgewandelt werden. Daf\u00fcr m\u00fcssen 9 Edelsteine und eine Essenz in den W\u00fcrfel gelegt werden und nach einem Klick auf transmutieren werden die Edelsteine umgewandelt. Die 9 Edelsteine verschwinden und es erscheinen 9 Edelsteine der gleichen Art wie die eingesetzte Essenz.<br \/>\nDie Essenzen, die f\u00fcr das Umwandeln erforderlich sind, k\u00f6nnen bei Kr\u00fcmelchen im versteckten Lager in Akt II gekauft werden:<\/p>\n<p><a href=\"https:\/\/planetdiablo.eu\/de\/wp-content\/uploads\/2015\/08\/Essenzen-kaufen.jpg\"><img loading=\"lazy\" decoding=\"async\" class=\"alignright wp-image-572954 size-full\" src=\"https:\/\/planetdiablo.eu\/de\/wp-content\/uploads\/2015\/08\/Essenzen-kaufen.jpg\" alt=\"Essenzen kaufen\" width=\"1115\" height=\"991\"><\/a><\/p>\n<div style=\"clear: both;\"><\/div>\n<p><a href=\"#top\">zur\u00fcck zum Inhaltsverzeichnis<\/a><\/p>\n<hr>\n<h3 id=\"7\">Handwerksmaterialien umwandeln<\/h3>\n<p>(Wut des Iben Fahd) \/ Convert Crafting Materials (Anger of Iben Fahd)<\/p>\n<p><a href=\"https:\/\/planetdiablo.eu\/de\/wp-content\/uploads\/2015\/08\/Handwerksmaterialien-umwandeln.jpg\"><img loading=\"lazy\" decoding=\"async\" class=\"alignleft wp-image-572955 size-full\" src=\"https:\/\/planetdiablo.eu\/de\/wp-content\/uploads\/2015\/08\/Handwerksmaterialien-umwandeln.jpg\" alt=\"Handwerksmaterialien umwandeln\" width=\"426\" height=\"992\"><\/a><\/p>\n<p>Besteht Mangel an einer Sorte von Handwerksmaterial und \u00dcberschuss an einer anderen Sorte, so k\u00f6nnen mit diesem Rezept z.B. <a href=\"https:\/\/eu.diablo3.com\/de-de\/item\/arcane-dust-Crafting_Magic_01\" target=\"_blank\" rel=\"noopener\">Arkanstaub<\/a> \/ Arcane Dust in <a href=\"https:\/\/eu.diablo3.com\/de-de\/item\/veiled-crystal-Crafting_Rare_01\" target=\"_blank\" rel=\"noopener\">Tr\u00fcbe Kristalle<\/a> \/ Veiled Crystal oder <a href=\"https:\/\/eu.diablo3.com\/de-de\/item\/reusable-parts-Crafting_AssortedParts_01\" target=\"_blank\" rel=\"noopener\">Wiederverwertbare Teile<\/a> \/ Reusable Parts umgewandelt werden.<br \/>\nUm Handwerksmaterialien umzuwandeln, m\u00fcssen 100 St\u00fcck des &#8222;\u00fcbersch\u00fcssigen&#8220; Handwerkmaterials und ein Gegenstand der gew\u00fcnschten Handwerksmaterialsorte (normal, magisch oder selten), sowie ein Atem des Todes in den W\u00fcrfel gelegt werden. Mit einem Klick auf Transmutation werden die gew\u00fcnschten Materialien hergestellt.<\/p>\n<div style=\"clear: both;\"><\/div>\n<p><a href=\"#top\">zur\u00fcck zum Inhaltsverzeichnis<\/a><\/p>\n<hr>\n<h3 id=\"9\">Uralten Gegenstand verbessern<\/h3>\n<p>(Caldesanns Verzweiflung) \/ Augment Ancient Item (Caldesann&#8217;s Despair)<\/p>\n<p><a href=\"https:\/\/planetdiablo.eu\/de\/wp-content\/uploads\/2016\/01\/Caldesanns-Verzweiflung.jpg\" rel=\"attachment wp-att-574639\"><img loading=\"lazy\" decoding=\"async\" class=\"alignleft wp-image-574639 size-full\" src=\"https:\/\/planetdiablo.eu\/de\/wp-content\/uploads\/2016\/01\/Caldesanns-Verzweiflung.jpg\" alt=\"Caldesanns Verzweiflung\" width=\"367\" height=\"898\"><\/a><\/p>\n<p>Mit diesem Rezept kann man uralte Gegenst\u00e4nde verbessern. Notwendig sind dazu ein uralter Gegenstand, ein legend\u00e4rer Edelstein und ein makellos k\u00f6niglicher Edelstein.<br \/>\nDie Zutaten kommen in den W\u00fcrfel und raus kommt ein verbesserter Gegenstand.<\/p>\n<p>F\u00fcr die unterschiedlichen Kategorien Waffe \/ R\u00fcstung \/ Schmuck gibt es Mindestlevel der legend\u00e4ren Edelsteine:<\/p>\n<ul>\n<li>Waffe: Level 30<\/li>\n<li>Schmuck: Level 40<\/li>\n<li>R\u00fcstung: Level 50<\/li>\n<\/ul>\n<p>Pro Level des Edelsteins erh\u00e4lt man 5 Statpunkte. Ein Level 30 Edelstein ergibt somit 150 Statpunkte, ein Level 50 Edelstein 250 Statpunkte.<\/p>\n<p>Ob es Intelligenz, St\u00e4rke Vitalit\u00e4t oder Geschicklichkeit wird, entscheidet die Art des Edelsteins, der in den W\u00fcrfel gelegt wird:<\/p>\n<ul>\n<li>Amethyst &#8211;&gt; Vitalit\u00e4t<\/li>\n<li>Smaragd &#8211;&gt; Geschicklichkeit<\/li>\n<li>Rubin &#8211;&gt; St\u00e4rke<\/li>\n<li>Topas &#8211;&gt; Intelligenz<\/li>\n<\/ul>\n<p>Ein so verzauberter Gegenstand kann anschlie\u00dfend erneut verzaubert werden. Hat men einen Gegenstand mit einem Level 50 Edelstein verzaubert, hat dieser 250 Statpunkte. Verzaubert man nun nochmals mit z.B. einem Level 60 Edelstein, erh\u00e4lt der Gegenstand 300 Statpunkte.<\/p>\n<div style=\"clear: both;\"><\/div>\n<p><a href=\"#top\">zur\u00fcck zum Inhaltsverzeichnis<\/a><\/p>\n<hr>\n<h3 id=\"8\">Portale \u00f6ffnen<\/h3>\n<p>Es gibt die M\u00f6glichkeit, mit Kanais W\u00fcrfel ein Portal ins NichtKuhLevel und ins Reich der Sch\u00e4tze \/ Vault zu \u00f6ffnen. F\u00fcr ersteres m\u00fc\u00dft ihr eine <a href=\"https:\/\/eu.diablo3.com\/de-de\/item\/bovine-bardiche-Unique_Polearm_101_x1\" target=\"_blank\" rel=\"noopener\">Rinderbardike<\/a> \/ Bovine Bardiche in den W\u00fcrfel legen, f\u00fcr zweiteres einen <a href=\"https:\/\/eu.diablo3.com\/de-de\/item\/puzzle-ring-Unique_Ring_004_x1\" target=\"_blank\" rel=\"noopener\">Flechtring<\/a> \/ Puzzle Ring.<\/p>\n<p><a href=\"#top\">zur\u00fcck zum Inhaltsverzeichnis<\/a><\/p>\n<h2 id=\"NH\">Namensherkunft<\/h2>\n<p>Blizzard ehrt mit diesem Item Kevin Kanai Griffith, einen ehemaligen Zeichner Blizzards. Im Oktober 2014 verlor Griffith den langen und harten Kampf gegen eine seltene Form des Krebs namens ASPS. Mit Kanais W\u00fcrfel dr\u00fccken die Entwickler dem Verstorbenen gegen\u00fcber ihre Wertsch\u00e4tzung aus.<\/p>\n<p><a href=\"#top\">zur\u00fcck zum Inhaltsverzeichnis<\/a><\/p>\n","protected":false},"excerpt":{"rendered":"<p>Inhaltsverzeichnis Fundort von Kanais W\u00fcrfel F\u00e4higkeiten des W\u00fcrfels Legend\u00e4re Eigenschaft extrahieren Legend\u00e4ren Gegenstand umschmieden Seltenen Gegenstand aufwerten Setgegenstand umwandeln Stufenanforderung entfernen Edelsteine umwandeln Handwerksmaterialien umwandeln Uralten Gegenstand verbessern Portale \u00f6ffnen Namensherkunft von Kanais W\u00fcrfel Fundort von Kanais W\u00fcrfel Um Kanais W\u00fcrfel \/ Kanai&#8217;s Cube zu erhalten, m\u00fc\u00dft ihr im Abenteuermodus \/ Adventuremode in der Stadt&hellip; <a class=\"more-link\" href=\"https:\/\/planetdiablo.eu\/de\/diablo-3\/guides\/kanais-wuerfel\/\"><span class=\"screen-reader-text\">Diablo 3: Kanais W\u00fcrfel<\/span> weiterlesen<\/a><\/p>\n","protected":false},"author":847,"featured_media":572832,"parent":519808,"menu_order":0,"comment_status":"closed","ping_status":"open","template":"","meta":{"footnotes":""},"class_list":["post-572942","page","type-page","status-publish","has-post-thumbnail","hentry","entry"],"_links":{"self":[{"href":"https:\/\/planetdiablo.eu\/de\/wp-json\/wp\/v2\/pages\/572942","targetHints":{"allow":["GET"]}}],"collection":[{"href":"https:\/\/planetdiablo.eu\/de\/wp-json\/wp\/v2\/pages"}],"about":[{"href":"https:\/\/planetdiablo.eu\/de\/wp-json\/wp\/v2\/types\/page"}],"author":[{"embeddable":true,"href":"https:\/\/planetdiablo.eu\/de\/wp-json\/wp\/v2\/users\/847"}],"replies":[{"embeddable":true,"href":"https:\/\/planetdiablo.eu\/de\/wp-json\/wp\/v2\/comments?post=572942"}],"version-history":[{"count":5,"href":"https:\/\/planetdiablo.eu\/de\/wp-json\/wp\/v2\/pages\/572942\/revisions"}],"predecessor-version":[{"id":587724,"href":"https:\/\/planetdiablo.eu\/de\/wp-json\/wp\/v2\/pages\/572942\/revisions\/587724"}],"up":[{"embeddable":true,"href":"https:\/\/planetdiablo.eu\/de\/wp-json\/wp\/v2\/pages\/519808"}],"wp:featuredmedia":[{"embeddable":true,"href":"https:\/\/planetdiablo.eu\/de\/wp-json\/wp\/v2\/media\/572832"}],"wp:attachment":[{"href":"https:\/\/planetdiablo.eu\/de\/wp-json\/wp\/v2\/media?parent=572942"}],"curies":[{"name":"wp","href":"https:\/\/api.w.org\/{rel}","templated":true}]}}