{"id":574176,"date":"2015-12-01T08:19:24","date_gmt":"2015-12-01T07:19:24","guid":{"rendered":"http:\/\/diablo3.ingame.de\/?page_id=574176"},"modified":"2021-04-26T09:46:15","modified_gmt":"2021-04-26T07:46:15","slug":"tipps-zum-extrahieren-aller-legendaeren-eigenschaften","status":"publish","type":"page","link":"https:\/\/planetdiablo.eu\/de\/diablo-3\/guides\/tipps-zum-extrahieren-aller-legendaeren-eigenschaften\/","title":{"rendered":"Diablo 3: legend\u00e4re Eigenschaften extrahieren"},"content":{"rendered":"<p><img loading=\"lazy\" decoding=\"async\" class=\"aligncenter wp-image-574179 size-full\" src=\"https:\/\/planetdiablo.eu\/de\/wp-content\/uploads\/2015\/11\/New-Power-Extracted.jpg\" alt=\"New Power Extracted\" width=\"994\" height=\"621\" \/><\/p>\n<p>Bukama hat einen Guide zum Sammeln aller legend\u00e4ren Eigenschaften f\u00fcr Kanais W\u00fcrfel erstellt, den wir euch nicht vorenthalten wollen.<\/p>\n<h2 id=\"top\">Inhaltsverzeichnis<\/h2>\n<ul>\n<li><a href=\"#1\">Einleitung<\/a><\/li>\n<li><a href=\"#2\">Grundlegendes<\/a><\/li>\n<li><a href=\"#3\">Allgemeine Tipps zum Farmen<\/a><\/li>\n<li><a href=\"#4\">Legend\u00e4re Gegenst\u00e4nde craften und Bloodshards gezielt verwenden<\/a><\/li>\n<li><a href=\"#5\">Ausblick auf Patch 2.4 \/ Infos vom PTR<\/a><\/li>\n<li><a href=\"#6\">Zusammenfassung<\/a><\/li>\n<\/ul>\n<h2 id=\"1\">Einleitung<\/h2>\n<p>Mit Patch 2.3.0 hat Blizzard Kanai&#8217;s Cube eingef\u00fchrt und mit ihm die M\u00f6glichkeit von nahezu allen legend\u00e4ren Gegenst\u00e4nden deren Eigenschaften zu extrahieren. Wie das ganze funktioniert k\u00f6nnt ihr im <a href=\"https:\/\/planetdiablo.eu\/diablo-3\/guides\/kanais-wuerfel\/\" target=\"_blank\" rel=\"noopener\">Artikel \u00fcber Kanai&#8217;s Cube<\/a> lesen.<\/p>\n<p>Nachdem ich wider erwarten das Season-Journal inklusive der letzten Stufe &#8222;Guardian&#8220; erfolgreich absolviert hatte frage ich mich, was ich mir als n\u00e4chstes Ziel f\u00fcr die Season setzen sollte. W\u00e4hrend Gildenpartner alle Conquests und Grift 80 anstrebten wusste ich, dass ich daf\u00fcr nicht die Zeit habe. Da ich zudem ein typischer Achievementj\u00e4ger und Sammler von Rezepten etc. bin war relativ schnell klar: Ich will versuchen alle Eigenschaften in Kanai&#8217;s Cube zu extrahieren. Ich m\u00f6chte die Gelegenheit nutzen denjenigen von euch, die das gleiche Ziel verfolgen, ein paar Tipps mit auf den Weg zu geben.<\/p>\n<h2 id=\"2\">Grundlegendes<\/h2>\n<p>Es k\u00f6nnen mit Patch 2.3 286 Eigenschaften extrahiert werden. Das bedeutet ihr braucht alleine zum extrahieren 286 Einheiten aller Bounty-Craftmaterialien jedes Aktes sowie 1.430 Death Breaths (DB). Dar\u00fcber hinaus ben\u00f6tigt ihr weitere Bountymaterialien, da einige der Gegenst\u00e4nde beim Schmied gecraftet werden m\u00fcssen. Auch Materialien der Uber-Monster werden ben\u00f6tigt, um einen Hellfirering zu craften und zu extrahieren.<\/p>\n<p>Ein paar legend\u00e4re Eigenschaften k\u00f6nnen nicht extrahiert werden, z.B. die der Gegenst\u00e4nde &#8222;<a href=\"https:\/\/eu.diablo3.com\/de-de\/item\/the-paddle-Unique_CombatStaff_2H_007_x1\" target=\"_blank\" rel=\"noopener\">Das Paddel \/ The Paddle<\/a>&#8222;, &#8222;<a href=\"https:\/\/eu.diablo3.com\/de-de\/item\/corrupted-ashbringer-Unique_Sword_2H_104_x1\" target=\"_blank\" rel=\"noopener\">Verderbter Aschenbringer \/ Corrupted Ashbringer<\/a>&#8220; oder dem &#8222;<a href=\"https:\/\/eu.diablo3.com\/de-de\/item\/pig-sticker-Unique_Dagger_007_x1\" target=\"_blank\" rel=\"noopener\">Schweinem\u00f6rder \/ Pigsticker<\/a>&#8222;.<br \/>\nDa jeder Charakter immer nur die Eigenschaften in Kanai&#8217;s Cube sieht, die er selber benutzen kann und eine vollst\u00e4ndige \u00dcbersicht fehlt empfehle ich beim Farmen die Seite: <a href=\"http:\/\/raylehnhoff.github.io\/Have-I-Cubed-This-Yet\/\" target=\"_blank\" rel=\"noopener\">Have I Cubed this Yet<\/a>. Hier k\u00f6nnt ihr bereits extrahierte oder in der Kiste lagernde Gegenst\u00e4nde markieren und seht wie weit ihr insgesamt seid und insbesondere welche Items euch fehlen.<\/p>\n<p>Dass der W\u00fcrfelinhalt je nach Charakter anders aussieht, kann man sch\u00f6n an folgender Gegen\u00fcbestellung sehen (je die zweite Seite der Waffen, links vom Zauberer, rechts vom M\u00f6nch):<\/p>\n<p><a href=\"https:\/\/planetdiablo.eu\/wp-content\/uploads\/2015\/11\/Cube-Gegenueberstellung.jpg\"><img loading=\"lazy\" decoding=\"async\" class=\"aligncenter wp-image-574189 size-full\" src=\"https:\/\/planetdiablo.eu\/de\/wp-content\/uploads\/2015\/11\/Cube-Gegenueberstellung.jpg\" alt=\"Kanai's Cube Gegen\u00fcberstellung Kanais W\u00fcrfel\" width=\"1262\" height=\"850\" \/><\/a><\/p>\n<h2 id=\"3\">Allgemeine Tipps zum Farmen<\/h2>\n<p>Wenn ihr das unversch\u00e4mte Gl\u00fcck habt, dass ihr alle Gegenst\u00e4nde beim normalen Spielen findet habt ihr es nat\u00fcrlich einfach und braucht gar nicht farmen. Im Allgemeinen werdet ihr viele Stunden damit verbringen DBs sowie Craftingmaterialien und Blood Shards (BS) zu farmen. Mit diesen k\u00f6nnen dann mit Hilfe von Kadala bzw. wiederum Kanai&#8217;s Cube Legendaries erworben werden.<\/p>\n<p>DBs droppen bekanntlich nur von Champions, Rares, Aktbossen, Nephalem Rift Guardians und einigen Goblins. Da Aktbosse und Goblins eher selten sind konzentriert man sich beim Farmen somit auf Nephalem Rifts und versucht in diesen m\u00f6glichst schnell Elitegruppen zu t\u00f6ten. Rifts beherbergen zudem immer noch relativ viele Schreine und Pylone die unter Verwendung der &#8222;<a href=\"https:\/\/eu.diablo3.com\/de-de\/item\/nemesis-bracers-Unique_Bracer_106_x1\" target=\"_blank\" rel=\"noopener\">Armschienen der Nemesis \/ Nemesis Bracers<\/a>&#8220; zus\u00e4tzliche Elitemonster spawnen lassen. Als Schwierigkeitsgrad sollte mindestens T8 gew\u00e4hlt werden, da ab diesem ein zus\u00e4ztlicher DB droppen kann.<\/p>\n<p>Welchen Charakter man zum Farmen nimmt kann jeder selbst entscheiden. Es gibt f\u00fcr (fast) alle Klassen entsprechende Builds, die sich verst\u00e4ndlicherweise alle um das <a href=\"https:\/\/eu.diablo3.com\/de-de\/artisan\/blacksmith\/recipe\/sages-apogee\" target=\"_blank\" rel=\"noopener\">Weisen-\/Sage-Set<\/a> und Nemesis Bracers drehen, mit dem bei jedem Drop eines DB ein weiterer dropt bzw. beim Anklicken eines Schreins ein Raremonster spawnen l\u00e4sst. Somit kann ein Elitemonster auf T8 bis zu drei DBs droppen. Wei\u00dfer Trash wird komplett ignoriert und es werden nur Elitemonster get\u00f6tet &#8211; w\u00e4hrend man die Elites in Greater Rifts hasst werdet ihr sie beim Farmen lieben!<\/p>\n<p>Ich pers\u00f6nlich empfinde den <a href=\"http:\/\/www.diablofans.com\/builds\/58546-deaths-breath-farming-with-manajumas-helltooth-and\" target=\"_blank\" rel=\"noopener\">Chicken-WD<\/a> als absolut perfekt, mit dem ich teilweise \u00fcber 300 DBs die Stunde farme, da das Huhn in einer unglaublichen Geschwindigkeit l\u00e4uft. Aber auch ein <a href=\"http:\/\/www.diablofans.com\/builds\/67112-2-3-deaths-breath-farmer-sages-fire-monk\" target=\"_blank\" rel=\"noopener\">Monk<\/a> oder Barbaren lassen sich gut daf\u00fcr nutzen. Einen Crusader zum Farmen hat den Vorteil, dass er \u00fcber die meisten klassenspezifischen Gegenst\u00e4nde aus allgemeinen Kategorien (Waffen und R\u00fcstungen) verf\u00fcgt die extrahiert werden m\u00fcssen und man so hier ein gro\u00dfes Einsparpotential hat. Auf <a href=\"http:\/\/www.diablofans.com\/builds\" target=\"_blank\" rel=\"noopener\">diablofans.com<\/a> sind Farm-Builds f\u00fcr verschiedene Klassen vorhanden.<\/p>\n<p>Da die Drops im Solospiel genau so h\u00e4ufig sind wie im Gruppenspiel, der Schwierigkeitsgrad jedoch geringer ist, erhaltet ihr folglich eine h\u00f6here Ausbeute, da ihr schneller die Gegner t\u00f6ten k\u00f6nnt. Doch das Gruppenspiel bietet den Vorteil, dass Mitspieler euch legend\u00e4re Gegenst\u00e4nde geben k\u00f6nnen. Wenn ihr also in Gruppen mit verschiedenen Klassen spielt k\u00f6nnt ihr mit Gl\u00fcck von den Drops eurer Mitspieler profitieren und somit das ein oder andere Item abstauben. Besonders bei popul\u00e4ren Klassen wie Barbaren, M\u00f6nchen oder Hexendoktoren kommen hier schnell einige Gegenst\u00e4nde zusammen, die ihr dann nicht anderweitig &#8222;finden&#8220; m\u00fcsst.<\/p>\n<h2 id=\"4\">Legend\u00e4re Gegenst\u00e4nde craften und Bloodshards gezielt verwenden<\/h2>\n<p>Mit einem gezielte Vorgehen kann man das Ziel alle Items zu erhalten schneller erreichen.<\/p>\n<p>Allgemeine Gegenst\u00e4nde (z.B. G\u00fcrtel oder einige Waffen) k\u00f6nnen von allen Klassen gefunden werden. Es gibt jedoch Legendaries in diesen Kategorien, die nur von (einer) speziellen Klasse(n) gefunden werden k\u00f6nnen. Zum Beispiel kann der &#8222;Defender of Westmarch&#8220; von allen Klassen gefunden werden, ist an sich aber ein Crusader-Item und f\u00e4llt somit beim Crusader unter den Smartloot. Dies bedeutet, dass ein Crusader eine deutlich h\u00f6here Chance hat diesen Schild zu finden. Beim Gambeln oder Craften sollte also so vorgegangen werden, dass man also die Gegenst\u00e4nde, die potentiell beim Spielen droppen k\u00f6nnen, als letztes versucht zu erhalten.<\/p>\n<p>Klassenspzeifische Gegenst\u00e4nde, zum Beispiel Mighty Weapons oder Voodo Masks, haben relativ wenig verschiedene Legendaries. Daher macht es hier am meisten Sinn diese mittels Kanai&#8217;s Cube zu craften anstatt in den \u00dcberkategorien (z.B. &#8222;Helm&#8220;) bei Kadala gro\u00dfartig Bloodshards zu verschwenden. Ihr m\u00fcsst immer bedenken: Beim Gambeln erhaltet ihr gr\u00f6\u00dftenteils gelbe und blaue Items, beim Craften erhaltet ihr zu 100% ein legend\u00e4res Item (wobei hier genau so Setgegenst\u00e4nde entstehen k\u00f6nnen wie beim Gambeln). Daraus folgt, dass das Ziel sein sollte, dass ihr mit den &#8222;geschenkten&#8220; Bloodshards tendenziell die klassenspezifischen Items auf den allgemeinen Slots (wie G\u00fcrtel, normale Schilde, etc.) versucht zu erhalten. Das teure Craften wird zielgerichtet in die Gegenstandskategorien eingesetzt wo nur wenige Gegenst\u00e4nde entstehen k\u00f6nnen.<\/p>\n<p>Ich m\u00f6chte auf die genaue Mathematik nicht eingehen, aber es ist relativ logisch, dass ich gezielter eines von ca. 10 Ceremonial Knifes craften kann, als es beim Gambeln von &#8222;1H-Waffe&#8220; zu erhalten.<\/p>\n<p>Bloodshards sollten daher auf Grund der Kosten pro Gegenstand nach folgender Reihenfolge verwendet werden:<\/p>\n<ul>\n<li>Klassenspezifische R\u00fcstungsgegenst\u00e4nde (Schilde, G\u00fcrtel, etc.)<\/li>\n<li>Klassenspezifische &#8222;Waffen&#8220; (z.B. Mojos, K\u00f6cher)<\/li>\n<li>Waffen<\/li>\n<li>Schmuck<\/li>\n<li>Allgemeine R\u00fcstungsgegenst\u00e4nde<\/li>\n<\/ul>\n<p>Beim Craften mittels Cains Cube k\u00f6nnt ihr mit Hilfe von je 50 wei\u00dfer, blauer und gelber Craftingmaterialien sowie 25 Death Breaths ein Stufe 70, anlegbaren, seltenen (rare) Gegenstand in ein legend\u00e4res der gleichen Klasse umwandeln. Dies bedeutet insbesondere ihr braucht einen Charakter aller Klassen, da ein Barbar keine M\u00f6nchitems craften kann. Er kann sie zwar extrahieren, aber nicht craften! Das Leveln geht auf T6 mit XP-Gear aber innerhalb von 15-30 Minuten, ist also euer geringstes Problem.<\/p>\n<p>Beim Craften solltet ihr wie folgt vorgehen, um eure hart erfarmten DBs sinnvoll einzusetzen. Die Reihenfolge ergibt sich in Kombination mit Bloodshards: Schmuck ist sehr teuer zu gambeln, R\u00fcstungsgegenst\u00e4nde sind dagegen relativ g\u00fcnstig. Schmuck von Klassen die ihr spielt steht deswegen weiter hinten in der Liste weil diese Season in meinen Augen sehr viel Schmuck dropt und die klasseneigenen Schmuckst\u00fccke dabei relativ h\u00e4ufig sind. Allgemeine Waffen und R\u00fcstungsgegenst\u00e4nde, die f\u00fcr alle Klassen gleicherma\u00dfen droppen k\u00f6nnen, werdet ihr vermutlich nie craften m\u00fcssen. Schmuckst\u00fccke tendenziell eher, insbesondere den &#8222;<a href=\"https:\/\/eu.diablo3.com\/de-de\/item\/the-star-of-azkaranth-Unique_Amulet_006_x1\" target=\"_blank\" rel=\"noopener\">Der Stern von Azkaranth \/ The Star of Azkaranth<\/a>&#8222;.<\/p>\n<ul>\n<li>Schmuck von Klassen mit denen ihr nicht spielt<\/li>\n<li>Klassenspezifische Waffen von Klassen mit denen ihr nicht spielt<\/li>\n<li>Klassenspezifische R\u00fcstungsgegenst\u00e4nde von Klassen mit denen ihr nicht spielt<\/li>\n<li>Klassenspezifische Waffen von Klassen mit denen ihr spielt<\/li>\n<li>Klassenspezifische R\u00fcstungsgegenst\u00e4nde von Klassen mit denen ihr spielt<\/li>\n<li>Schmuck von Klassen mit denen ihr spielt<\/li>\n<li>Allgemeine Schmuckst\u00fccke die f\u00fcr alle Klassen gleicherma\u00dfen droppen k\u00f6nnen<\/li>\n<li>Allgemeine Waffen die f\u00fcr alle Klassen gleicherma\u00dfen droppen k\u00f6nnen<\/li>\n<li>Allgemeine R\u00fcstungsgegenst\u00e4nde die f\u00fcr alle Klassen gleicherma\u00dfen droppen k\u00f6nnen<\/li>\n<\/ul>\n<h2 id=\"5\">Ausblick auf Patch 2.4 \/ Infos vom PTR<\/h2>\n<p>Mit dem kommenden Patch 2.4 wird es f\u00fcr bereits extrahierte Gegenst\u00e4nde ein kleines Symbol neben dem legend\u00e4ren Effekt geben, welches anzeigt ob man dieses Item bereits extrahiert hat. Eine Statistik gibt es leider nicht. Daher bin ich pers\u00f6nlich sehr froh, dass &#8222;Have I cubed this yet&#8220; auch mit dem kommenden Patch weiter betrieben und nicht, wie urspr\u00fcnglich geplant, eingestellt wird.<\/p>\n<p><a href=\"https:\/\/planetdiablo.eu\/wp-content\/uploads\/2015\/11\/Eigenschaft-bereits-extrahiert.jpg\"><img loading=\"lazy\" decoding=\"async\" class=\"aligncenter size-full wp-image-574178\" src=\"https:\/\/planetdiablo.eu\/wp-content\/uploads\/2015\/11\/Eigenschaft-bereits-extrahiert.jpg\" alt=\"Eigenschaft bereits extrahiert\" width=\"299\" height=\"280\" \/><\/a><\/p>\n<p>Zudem gibt es neben einigen neuen legend\u00e4ren Items auch ver\u00e4nderte. So \u00e4ndert sich z.B. der Effekt der Chest Armor &#8222;Heart of Iron&#8220;. Dieser muss neu extrahiert werden.<\/p>\n<h2 id=\"6\">Zusammenfassung<\/h2>\n<p>Alle legend\u00e4ren Gegenst\u00e4nde zu extrahieren ist prim\u00e4r reine Flei\u00dfarbeit. Ihr braucht Unmengen an DBs. Ich selber habe circa \u00fcber 20.000 davon in den W\u00fcrfel geworfen. Nat\u00fcrlich spielt das Gl\u00fcck hier eine extrem wichtige Rolle.<\/p>\n<p>Ich hoffe ihr k\u00f6nnt mir meinen Tipps eure Ausbeute steigern und verbleibe mit einem herzlichen &#8222;Viel Gl\u00fcck&#8220;!<\/p>\n<p>Meine letzten drei Items waren:<\/p>\n<ul>\n<li>Drittletztes: Deadly Rebirth (bekommen durch Drop eines Gildenpartners beim Farmen)<\/li>\n<li>Vorletztes: The Star of Azkaranth (gecubt)<\/li>\n<li>Letztes: Kridershot (gecubt)<\/li>\n<\/ul>\n","protected":false},"excerpt":{"rendered":"<p>Bukama hat einen Guide zum Sammeln aller legend\u00e4ren Eigenschaften f\u00fcr Kanais W\u00fcrfel erstellt, den wir euch nicht vorenthalten wollen. Inhaltsverzeichnis Einleitung Grundlegendes Allgemeine Tipps zum Farmen Legend\u00e4re Gegenst\u00e4nde craften und Bloodshards gezielt verwenden Ausblick auf Patch 2.4 \/ Infos vom PTR Zusammenfassung Einleitung Mit Patch 2.3.0 hat Blizzard Kanai&#8217;s Cube eingef\u00fchrt und mit ihm die&hellip; <a class=\"more-link\" href=\"https:\/\/planetdiablo.eu\/de\/diablo-3\/guides\/tipps-zum-extrahieren-aller-legendaeren-eigenschaften\/\"><span class=\"screen-reader-text\">Diablo 3: legend\u00e4re Eigenschaften extrahieren<\/span> weiterlesen<\/a><\/p>\n","protected":false},"author":847,"featured_media":0,"parent":519808,"menu_order":0,"comment_status":"closed","ping_status":"closed","template":"","meta":{"footnotes":""},"class_list":["post-574176","page","type-page","status-publish","hentry","entry"],"_links":{"self":[{"href":"https:\/\/planetdiablo.eu\/de\/wp-json\/wp\/v2\/pages\/574176","targetHints":{"allow":["GET"]}}],"collection":[{"href":"https:\/\/planetdiablo.eu\/de\/wp-json\/wp\/v2\/pages"}],"about":[{"href":"https:\/\/planetdiablo.eu\/de\/wp-json\/wp\/v2\/types\/page"}],"author":[{"embeddable":true,"href":"https:\/\/planetdiablo.eu\/de\/wp-json\/wp\/v2\/users\/847"}],"replies":[{"embeddable":true,"href":"https:\/\/planetdiablo.eu\/de\/wp-json\/wp\/v2\/comments?post=574176"}],"version-history":[{"count":3,"href":"https:\/\/planetdiablo.eu\/de\/wp-json\/wp\/v2\/pages\/574176\/revisions"}],"predecessor-version":[{"id":582464,"href":"https:\/\/planetdiablo.eu\/de\/wp-json\/wp\/v2\/pages\/574176\/revisions\/582464"}],"up":[{"embeddable":true,"href":"https:\/\/planetdiablo.eu\/de\/wp-json\/wp\/v2\/pages\/519808"}],"wp:attachment":[{"href":"https:\/\/planetdiablo.eu\/de\/wp-json\/wp\/v2\/media?parent=574176"}],"curies":[{"name":"wp","href":"https:\/\/api.w.org\/{rel}","templated":true}]}}