{"id":576149,"date":"2016-08-28T12:15:24","date_gmt":"2016-08-28T10:15:24","guid":{"rendered":"http:\/\/diablo3.ingame.de\/?page_id=576149"},"modified":"2021-04-19T09:29:20","modified_gmt":"2021-04-19T07:29:20","slug":"diablo-2-erfahrungs-calc","status":"publish","type":"page","link":"https:\/\/planetdiablo.eu\/de\/diablo-2\/calculatoren\/diablo-2-erfahrungs-calc\/","title":{"rendered":"Diablo 2 Erfahrungs Calc"},"content":{"rendered":"\n<p>Der Erfahrungskalkulator wird aktuell \u00fcberarbeitet und auf einen aktuellen Softwarestand gebracht. Sobald er wieder verf\u00fcgbar ist, k\u00f6nnt ihr ihn wie gewohnt hier finden.<\/p>\n","protected":false},"excerpt":{"rendered":"<p>Der Erfahrungskalkulator wird aktuell \u00fcberarbeitet und auf einen aktuellen Softwarestand gebracht. Sobald er wieder verf\u00fcgbar ist, k\u00f6nnt ihr ihn wie gewohnt hier finden.<\/p>\n","protected":false},"author":749,"featured_media":0,"parent":476179,"menu_order":0,"comment_status":"closed","ping_status":"closed","template":"tpl\/tpl__calc_d2_experience.php","meta":{"footnotes":""},"class_list":["post-576149","page","type-page","status-publish","hentry","entry"],"_links":{"self":[{"href":"https:\/\/planetdiablo.eu\/de\/wp-json\/wp\/v2\/pages\/576149","targetHints":{"allow":["GET"]}}],"collection":[{"href":"https:\/\/planetdiablo.eu\/de\/wp-json\/wp\/v2\/pages"}],"about":[{"href":"https:\/\/planetdiablo.eu\/de\/wp-json\/wp\/v2\/types\/page"}],"author":[{"embeddable":true,"href":"https:\/\/planetdiablo.eu\/de\/wp-json\/wp\/v2\/users\/749"}],"replies":[{"embeddable":true,"href":"https:\/\/planetdiablo.eu\/de\/wp-json\/wp\/v2\/comments?post=576149"}],"version-history":[{"count":1,"href":"https:\/\/planetdiablo.eu\/de\/wp-json\/wp\/v2\/pages\/576149\/revisions"}],"predecessor-version":[{"id":582308,"href":"https:\/\/planetdiablo.eu\/de\/wp-json\/wp\/v2\/pages\/576149\/revisions\/582308"}],"up":[{"embeddable":true,"href":"https:\/\/planetdiablo.eu\/de\/wp-json\/wp\/v2\/pages\/476179"}],"wp:attachment":[{"href":"https:\/\/planetdiablo.eu\/de\/wp-json\/wp\/v2\/media?parent=576149"}],"curies":[{"name":"wp","href":"https:\/\/api.w.org\/{rel}","templated":true}]}}