{"id":576908,"date":"2017-01-03T09:50:27","date_gmt":"2017-01-03T08:50:27","guid":{"rendered":"http:\/\/diablo3.ingame.de\/?page_id=576908"},"modified":"2023-04-24T16:44:18","modified_gmt":"2023-04-24T14:44:18","slug":"die-finsternis-in-tristram","status":"publish","type":"page","link":"https:\/\/planetdiablo.eu\/de\/diablo-3\/die-finsternis-in-tristram\/","title":{"rendered":"Die Finsternis in Tristram"},"content":{"rendered":"<p><a href=\"http:\/\/diablo3.ingame.de\/files\/2017\/01\/Die-Finsternis-in-Tristram.jpg\"><img loading=\"lazy\" decoding=\"async\" class=\"aligncenter wp-image-576910 size-full\" src=\"https:\/\/planetdiablo.eu\/de\/wp-content\/uploads\/2017\/01\/Die-Finsternis-in-Tristram.jpg\" alt=\"\" width=\"1920\" height=\"1200\" \/><\/a><\/p>\n<p>Anl\u00e4sslich des 20. Jubil\u00e4ums von Diablo spendiert uns Blizzard ein kleines Event f\u00fcr Diablo 3, bei dem man das alte Tristram erneut betreten kann, um gegen den Schl\u00e4chter, Lazarus und den damaligen Diablo in den Kampf zu ziehen: <strong>Die Finsternis in Tristram<\/strong> \/ <strong>The Darkening of Tristram<\/strong>. Dazu wird die Grafik etwas der damaligen Grafik angeglichen und auch die Sounds und die Musik, sowie einige Gegenst\u00e4nde aus der damaligen Zeit wurden implementiert. Das Event ist nichts gro\u00dfes und kommt nicht an das richtige Diablo 1 ran, einmal reinschnuppern und die 16 Ebenen bis Diablo durchspielen rentiert sich aber dennoch.<\/p>\n<p>Das Event ist <strong>nur im Januar<\/strong> jeden Jahres verf\u00fcgbar. Neben einigen Transmogs, Pets und Portraitrahmen k\u00f6nnen Banner freigeschalten werden. Zum Event gibt es eine Reihe an Erfolgen.<\/p>\n<h3>Inhalt<\/h3>\n<ul>\n<li>1. <a href=\"#1\">Starten des Ereignisses<\/a><\/li>\n<li>2. <a href=\"#2\">Portraitrahmen<\/a><\/li>\n<li>3. <a href=\"#3\">Pets<\/a><\/li>\n<li>4. <a href=\"#4\">Legend\u00e4rer Edelstein<\/a><\/li>\n<li>5. <a href=\"#5\">Transmogs<\/a><\/li>\n<li>6. <a href=\"#6\">Banner Siegel + Verzierung<\/a><\/li>\n<li>7. <a href=\"#7\">Weitere Erfolge<\/a><\/li>\n<li>8. <a href=\"#8\">Weitere &#8222;blaue&#8220; Gegenst\u00e4nde<\/a><\/li>\n<\/ul>\n<h2 id=\"1\">Starten des Ereignisses<\/h2>\n<p>Das Ereignis kann nur im Januar gespielt werden.<br \/>\nDer Einstieg zum Geburtstagsereignis befindet sich in Akt I &#8211; Die alten Ruinen (nur im Abenteuermodus!). W\u00e4hrend das Event verf\u00fcgbar ist, wird beim entsprechenden Wegpunkt ein Pentagramm als Hinweis aufgef\u00fchrt.<\/p>\n<p><img loading=\"lazy\" decoding=\"async\" class=\"alignleft wp-image-576912 size-full\" src=\"https:\/\/planetdiablo.eu\/de\/wp-content\/uploads\/2017\/01\/Pentagramm.jpg\" alt=\"\" width=\"482\" height=\"410\" \/><\/p>\n<p>Von dort aus muss man sich Richtung S\u00fcden bewegen, wo ein Portal nach &#8222;Tristram&#8220; wartet. Betritt man dieses Portal, landet man im &#8222;alten&#8220; Tristram, was man sofort an der ver\u00e4nderten Grafik erkennen kann.<\/p>\n<p><img loading=\"lazy\" decoding=\"async\" class=\"alignright wp-image-576913 size-full\" src=\"https:\/\/planetdiablo.eu\/de\/wp-content\/uploads\/2017\/01\/Portal-Tristram.jpg\" alt=\"\" width=\"696\" height=\"538\" \/><\/p>\n<h2 id=\"2\">Portraitrahmen<\/h2>\n<h4>Klassischer Engel<\/h4>\n<p>Der erste Portraitrahmen &#8222;<strong>Klassischer Engel<\/strong> \/ <strong>Classic Angel<\/strong>&#8220; muss ausserhalb Tristrams ergattert werden. Man muss den Erfolg &#8222;Ich sp\u00fcre eine Seele, die auf der Suche nach Antworten ist&#8220; (vielen eher gel\u00e4ufig unter dem englischen Original &#8222;I Sense a Soul in Search of Answers&#8220; gel\u00e4ufig). Dazu m\u00fcssen Temporale Initianden in Akt I gefunden werden. Diese tauchen in kleinen Gruppen unter anderem in folgenden Gebieten auf:<\/p>\n<ul>\n<li>Hain des Wehklagens \/ The Weeping Hollow<\/li>\n<li>Die schw\u00e4renden W\u00e4lder \/ Festering Woods<\/li>\n<li>Kathedrale &#8211; Ebene 1 + 2 + 4 \/ Cathedral &#8211; Ebene 1 + 2 + 4<\/li>\n<li>Hallen der Agonie &#8211; Ebene 1 + 2 + 3 \/ Halls of Agony &#8211; Ebene 1 + 2 + 3<\/li>\n<\/ul>\n<p>Die Kultisten k\u00f6nnen auch in anderen Gebieten in anderen Akten gefunden werden.<br \/>\nDie Gruppen droppen je 1 Schriftrolle &#8222;Geschreibsel eines Kultisten&#8220; und bestehen aus Kultisten in Geisterform:<\/p>\n<p><img loading=\"lazy\" decoding=\"async\" class=\"aligncenter wp-image-576917 size-full\" src=\"https:\/\/planetdiablo.eu\/de\/wp-content\/uploads\/2017\/01\/Temporaler-Initiand.jpg\" alt=\"\" width=\"676\" height=\"640\" \/><\/p>\n<p>Es kann vorkommen, dass man eine Seite mehrfach erh\u00e4lt. Diese kann mit anderen Spielern gehandelt werden.<br \/>\nHat man die folgenden 7 Seiten gesammelt, erh\u00e4lt man den oben erw\u00e4hnten Erfolg und damit auch den Portraitrahmen:<\/p>\n<p><a href=\"http:\/\/diablo3.ingame.de\/files\/2017\/01\/Geschreibsel-eines-Kultisten.jpg\"><img loading=\"lazy\" decoding=\"async\" class=\"aligncenter wp-image-576915 size-full\" src=\"https:\/\/planetdiablo.eu\/de\/wp-content\/uploads\/2017\/01\/Geschreibsel-eines-Kultisten.jpg\" alt=\"\" width=\"947\" height=\"1442\" \/><\/a><br \/>\n<img loading=\"lazy\" decoding=\"async\" class=\"aligncenter wp-image-576918 size-full\" src=\"https:\/\/planetdiablo.eu\/de\/wp-content\/uploads\/2017\/01\/Klassischer-Engel.jpg\" alt=\"\" width=\"435\" height=\"824\" \/><\/p>\n<hr \/>\n<h4>Klassischer D\u00e4mon<\/h4>\n<p>Den zweiten Portraitrahmen &#8222;<strong>Klassischer D\u00e4mon<\/strong> \/ <strong>Classic Demon<\/strong>&#8220; erh\u00e4lt man nach Abschluss des Erfolges &#8222;Besch\u00fctzer von Tristram \/ Protector of Tristram&#8220;. Hierf\u00fcr m\u00fcssen die folgenden 40 einzigartigen Gegner gefunden werden:<\/p>\n<ul>\n<li>Ebene 2: Schattenbiss, Moderschmaus der Hungrige<\/li>\n<li>Ebene 3: Wahnauge der Tote, Bruchkopf Krachschild<\/li>\n<li>Ebene 4: Gharbad der Schwache, Schwarzasche der Brennende, Rotzspritzer<\/li>\n<li>Ebene 5: Bluthaut Dunkelbogen, Schattenkr\u00e4he, Stinkfl\u00fcgel<\/li>\n<li>Ebene 6: Todesschatten Fleischhammer, Gallenschaum der Grubenmeister, Blutgerinne<\/li>\n<li>Ebene 7: F\u00e4ulnishorn Stahlkeule, Nachtfl\u00fcgel der Kalte, Blutstein<\/li>\n<li>Ebene 8: Baron Matsch, Feuerwunde der Grimmige, Zhar der Verr\u00fcckte<\/li>\n<li>Ebene 9: Bruchsturm, R\u00fcckgratbrecher, Schlicksabber<\/li>\n<li>Ebene 10: Der Schinder, Goldf\u00e4ule der Flamme, Schwarzsturm<\/li>\n<li>Ebene 11: Blauhorn, Zahnsucher<\/li>\n<li>Ebene 12: Viperflamme, L\u00f6wensch\u00e4del der Entschlossene, Ekelgrapsch<\/li>\n<li>Ebene 13: Kriegsherr des Blutes, Hexenmond, Rostweber<\/li>\n<li>Ebene 14: Stahlsch\u00e4del der J\u00e4ger, Sternauge die Hexe, Graukrieg der Schl\u00e4chter<\/li>\n<li>Ebene 15: Der Wesir<\/li>\n<li>Altarraum: Die Rote Vex, Schwarzjade<\/li>\n<li>Ebene 16: Sir Gorash<\/li>\n<\/ul>\n<p>Und die Liste nochmal mit den englischen Namen:<\/p>\n<ul>\n<li>Ebene 2: Shadowbite, Rotfeast the Hungry<\/li>\n<li>Ebene 3: Madeye the Dead, Brokenhead Bangshield<\/li>\n<li>Ebene 4: Gharbad the Weak, Blacklash the Burning, Snotspill<\/li>\n<li>Ebene 5: Bloodskin Darkbow, Shadowcrow, Foulwing<\/li>\n<li>Ebene 6: Deathshade Fleshmaul, Bilefroth the Pit Master, Bloodgutter<\/li>\n<li>Ebene 7: Blighthorn Steelmace, Nightwing the Cold, Gorestone<\/li>\n<li>Ebene 8: Baron Sludge, Firewound the Grim, Zhar the Mad<\/li>\n<li>Ebene 9: Brokenstorm, Breakspine, Oozedrool<\/li>\n<li>Ebene 10: The Flayer, Goldblight of the Flame, Blackstorm<\/li>\n<li>Ebene 11: Bluehorn, Fangspeir<\/li>\n<li>Ebene 12: Viperflame, Lionskull the Bent, Viletouch<\/li>\n<li>Ebene 13: Warlord of Blood, Witchmoon, Rustweaver<\/li>\n<li>Ebene 14: Steelskull the Hunter, Stareye the Witch, Graywar the Slayer<\/li>\n<li>Ebene 15: The Vizier<\/li>\n<li>Altarraum: Red Vex, Blackjade<\/li>\n<li>Ebene 16: Sir Gorash<\/li>\n<\/ul>\n<p>Einige der Gegner sind in jedem Spiel vorhanden, f\u00fcr andere muss man mehrere Spiele erstellen und auf Suche gehen.<\/p>\n<h2 id=\"3\">Pets<\/h2>\n<h4>Kronkalb<\/h4>\n<p>F\u00fcr das Pet &#8222;<strong>Kronkalb<\/strong>&#8220; muss man ein paar Schritte nacheinander durchf\u00fchren. Dazu gibt es einen separaten Guide:<\/p>\n<p><a href=\"https:\/\/planetdiablo.eu\/de\/diablo-3\/guides\/kronkalb\/\" target=\"_blank\" rel=\"noopener\">[GUIDE] Kronkalb (Pet)<\/a><\/p>\n<p><img loading=\"lazy\" decoding=\"async\" class=\"aligncenter wp-image-576737 size-full\" src=\"https:\/\/planetdiablo.eu\/de\/wp-content\/uploads\/2016\/11\/Kronkalb.jpg\" alt=\"\" width=\"472\" height=\"340\" \/><\/p>\n<hr \/>\n<h4>Schl\u00e4chter<\/h4>\n<p>Das Schl\u00e4chter-Pet erh\u00e4lt man, wenn man den Erfolg &#8222;En unheimlicher roter Schein tr\u00fcbt Euren Blick \/ An Eerie Red Glow Blurs Your Vision&#8220; abschlie\u00dft. Dazu muss das Event solo mit einem Level 1 Charakter durchgespielt werden.<\/p>\n<p><img loading=\"lazy\" decoding=\"async\" class=\"aligncenter wp-image-576981 size-full\" src=\"https:\/\/planetdiablo.eu\/de\/wp-content\/uploads\/2017\/01\/Schlachter.jpg\" alt=\"\" width=\"331\" height=\"327\" \/><\/p>\n<h2 id=\"4\">Legend\u00e4rer Edelstein<\/h2>\n<p>Wer das Event komplett bis zum Ende durchspielt und Diablo erledigt, erh\u00e4lt zur Belohnung einen legend\u00e4ren Edelstein, den &#8222;Roten Seelensplitter \/ Red Soul Shard&#8220; als garantierten Drop:<\/p>\n<p><img loading=\"lazy\" decoding=\"async\" class=\"aligncenter wp-image-576929 size-full\" src=\"https:\/\/planetdiablo.eu\/de\/wp-content\/uploads\/2017\/01\/Roter-Seelensplitter.jpg\" alt=\"\" width=\"472\" height=\"560\" \/><\/p>\n<p>Dieser legend\u00e4re Edelstein wird nicht in Schmuck oder Waffen gesockelt, sondern in die Kopfbedeckung.<\/p>\n<h2 id=\"5\">Transmogs<\/h2>\n<h4>Roter Seelensplitter<\/h4>\n<p>Ein Transmog erh\u00e4lt man durch den legend\u00e4ren Edelstein &#8222;Roten Seelensplitter \/ Red Soul Shard&#8220;. Das Transmog wird nicht freigeschalten, wenn man den Edelstein erh\u00e4lt, sondern erst, nachdem man den Edelstein in eine Kopfbedeckung gesockelt hat.<\/p>\n<p><img loading=\"lazy\" decoding=\"async\" class=\"aligncenter wp-image-576930 size-full\" src=\"https:\/\/planetdiablo.eu\/de\/wp-content\/uploads\/2017\/01\/Transmog-Roter-Seelensplitter.jpg\" alt=\"\" width=\"435\" height=\"958\" \/><\/p>\n<hr \/>\n<h4>Hackbeil des Schl\u00e4chters<\/h4>\n<p>Ein weiteres Transmog erh\u00e4lt man vom Schl\u00e4chter. Dieser dropt das &#8222;Hackbeil des Schl\u00e4chters \/ The Butcher&#8217;s Cleaver&#8220; (wobei es sich um ein blaues Item handelt, also nicht \u00fcbersehen!).<\/p>\n<p><a href=\"http:\/\/diablo3.ingame.de\/files\/2017\/01\/Hackbeil-des-Schl\u00e4chters.jpg\"><img loading=\"lazy\" decoding=\"async\" class=\"aligncenter wp-image-576928 size-full\" src=\"https:\/\/planetdiablo.eu\/de\/wp-content\/uploads\/2017\/01\/Hackbeil-des-Schlachters.jpg\" alt=\"\" width=\"923\" height=\"768\" \/><\/a><\/p>\n<hr \/>\n<h4>Wirts Bein<\/h4>\n<p>Wirts Bein \/ Wirt&#8217;s Leg kann gefunden werden, wenn man das Pet &#8222;Kronkalb&#8220; sucht. Daher hierf\u00fcr bitte die Anleitung f\u00fcr das Kronkalb studieren und bis zum entsprechenden Schritt abarbeiten:<\/p>\n<p><a href=\"http:\/\/diablo3.ingame.de\/diablo-3\/guides\/kronkalb\/\" target=\"_blank\" rel=\"noopener\">[GUIDE] Kronkalb (Pet)<\/a><\/p>\n<p><img loading=\"lazy\" decoding=\"async\" class=\"aligncenter wp-image-576925 size-full\" src=\"https:\/\/planetdiablo.eu\/de\/wp-content\/uploads\/2017\/01\/Wirts-Bein.jpg\" alt=\"\" width=\"424\" height=\"594\" \/><\/p>\n<h2 id=\"6\">Banner Siegel + Verzierung<\/h2>\n<p>Die Bannerverzierungen &#8222;Ogdens Schild \/ Ogden&#8217;s Sign (Bannersiegel) und Ogdens Br\u00e4u \/ Ogden&#8217;s Brew (Bannerverzierung) k\u00f6nnen mit Abschluss des Erfolges &#8222;Den Himmeln seid gedankt, Ihr seid zur\u00fcck&#8220; erhalten werden. Dazu m\u00fcssen die vier Bosse &#8222;Der Schl\u00e4chter \/ The Butcher&#8220;, &#8222;Skelettk\u00f6nig \/ Skeleton King&#8220;, &#8222;Erzbischof Lazarus \/ Arch-Bishop Lazarus&#8220; und &#8222;Der Dunkle F\u00fcrst \/ The Dark Lord&#8220; get\u00f6tet werden.<\/p>\n<p>Lazarus und den dunklen F\u00fcrsten aka Diablo muss man t\u00f6ten, wenn man das Event abschlie\u00dfen will. Die beiden anderen kann man dabei schon mal verpassen.<br \/>\nDer Schl\u00e4chter befindet sich in Ebene 2 in einem Raum, der von beiden Seiten mit einer T\u00fcr verschlossen ist. Der Skelettk\u00f6nig befindet sich in einem Dungeon namens &#8222;K\u00f6nig Leorics Gruft \/ King Leoric&#8217;s Tomb&#8220; in Ebene 3.<\/p>\n<h2 id=\"7\">weitere Erfolge<\/h2>\n<p>Neben den Erfolgen, die man abschlie\u00dfen muss, um die obigen kosmetischen Sachen zu erhalten, gibt es noch weitere Erfolge, die abgeschlossen werden wollen. Diese sind:<\/p>\n<ul>\n<li>Der dunkle Durchgang \/ The Dark Passage &#8211; kann in Ebene 2 als Dungeon erscheinen<\/li>\n<li>Die Kammer der Knochen \/ The Chamber of Bones &#8211; findet man immer als Dungeon in Ebene 6<\/li>\n<li>Die Hallen der Blinden \/ The Halls of the Blind &#8211; findet man immer als Dungeon in Ebene 7<\/li>\n<\/ul>\n<hr \/>\n<h2 id=\"8\">weitere &#8222;blaue&#8220; Gegenst\u00e4nde<\/h2>\n<p>Wer sich die alten Dungeons aus Tristrams Untergrund genauer angeschaut hat, dem sind vielleicht ein paar magische Gegenst\u00e4nde aufgefallen, die beim Schmied nicht automatisch mitzerlegt werden und die f\u00fcr Diablo 3 etwas ungewohnt aussehen. Dabei handelt es sich um folgende Gegenst\u00e4nde aus Diablo 1:<\/p>\n<div id='gallery-1' class='gallery galleryid-576908 gallery-columns-4 gallery-size-thumbnail'><figure class='gallery-item'>\n\t\t\t<div class='gallery-icon portrait'>\n\t\t\t\t<a href='https:\/\/planetdiablo.eu\/de\/wp-content\/uploads\/2017\/01\/Schleier-aus-Stahl.jpg'><img loading=\"lazy\" decoding=\"async\" width=\"110\" height=\"150\" src=\"https:\/\/planetdiablo.eu\/de\/wp-content\/uploads\/2017\/01\/Schleier-aus-Stahl.jpg\" class=\"attachment-thumbnail size-thumbnail\" alt=\"\" style=\"width:100%;height:136.29%;max-width:474px;\" \/><\/a>\n\t\t\t<\/div><\/figure><figure class='gallery-item'>\n\t\t\t<div class='gallery-icon portrait'>\n\t\t\t\t<a href='https:\/\/planetdiablo.eu\/de\/wp-content\/uploads\/2017\/01\/Ring-der-Wahrheit.jpg'><img loading=\"lazy\" decoding=\"async\" width=\"148\" height=\"150\" src=\"https:\/\/planetdiablo.eu\/de\/wp-content\/uploads\/2017\/01\/Ring-der-Wahrheit.jpg\" class=\"attachment-thumbnail size-thumbnail\" alt=\"\" style=\"width:100%;height:101.06%;max-width:473px;\" \/><\/a>\n\t\t\t<\/div><\/figure><figure class='gallery-item'>\n\t\t\t<div class='gallery-icon portrait'>\n\t\t\t\t<a href='https:\/\/planetdiablo.eu\/de\/wp-content\/uploads\/2017\/01\/Optisches-Amulett.jpg'><img loading=\"lazy\" decoding=\"async\" width=\"141\" height=\"150\" src=\"https:\/\/planetdiablo.eu\/de\/wp-content\/uploads\/2017\/01\/Optisches-Amulett.jpg\" class=\"attachment-thumbnail size-thumbnail\" alt=\"\" style=\"width:100%;height:106.36%;max-width:472px;\" \/><\/a>\n\t\t\t<\/div><\/figure><figure class='gallery-item'>\n\t\t\t<div class='gallery-icon portrait'>\n\t\t\t\t<a href='https:\/\/planetdiablo.eu\/de\/wp-content\/uploads\/2017\/01\/Lichthimmelband.jpg'><img loading=\"lazy\" decoding=\"async\" width=\"137\" height=\"150\" src=\"https:\/\/planetdiablo.eu\/de\/wp-content\/uploads\/2017\/01\/Lichthimmelband.jpg\" class=\"attachment-thumbnail size-thumbnail\" alt=\"\" style=\"width:100%;height:109.51%;max-width:473px;\" \/><\/a>\n\t\t\t<\/div><\/figure><figure class='gallery-item'>\n\t\t\t<div class='gallery-icon portrait'>\n\t\t\t\t<a href='https:\/\/planetdiablo.eu\/de\/wp-content\/uploads\/2017\/01\/Konigsschwert.jpg'><img loading=\"lazy\" decoding=\"async\" width=\"107\" height=\"150\" src=\"https:\/\/planetdiablo.eu\/de\/wp-content\/uploads\/2017\/01\/Konigsschwert.jpg\" class=\"attachment-thumbnail size-thumbnail\" alt=\"\" style=\"width:100%;height:140.47%;max-width:472px;\" \/><\/a>\n\t\t\t<\/div><\/figure><figure class='gallery-item'>\n\t\t\t<div class='gallery-icon portrait'>\n\t\t\t\t<a href='https:\/\/planetdiablo.eu\/de\/wp-content\/uploads\/2017\/01\/Harlekinskrone.jpg'><img loading=\"lazy\" decoding=\"async\" width=\"111\" height=\"150\" src=\"https:\/\/planetdiablo.eu\/de\/wp-content\/uploads\/2017\/01\/Harlekinskrone.jpg\" class=\"attachment-thumbnail size-thumbnail\" alt=\"\" style=\"width:100%;height:135.03%;max-width:471px;\" \/><\/a>\n\t\t\t<\/div><\/figure><figure class='gallery-item'>\n\t\t\t<div class='gallery-icon portrait'>\n\t\t\t\t<a href='https:\/\/planetdiablo.eu\/de\/wp-content\/uploads\/2017\/01\/Griswolds-Schneide.jpg'><img loading=\"lazy\" decoding=\"async\" width=\"117\" height=\"150\" src=\"https:\/\/planetdiablo.eu\/de\/wp-content\/uploads\/2017\/01\/Griswolds-Schneide.jpg\" class=\"attachment-thumbnail size-thumbnail\" alt=\"\" style=\"width:100%;height:128.24%;max-width:471px;\" \/><\/a>\n\t\t\t<\/div><\/figure><figure class='gallery-item'>\n\t\t\t<div class='gallery-icon portrait'>\n\t\t\t\t<a href='https:\/\/planetdiablo.eu\/de\/wp-content\/uploads\/2017\/01\/Gottliche-Platte.jpg'><img loading=\"lazy\" decoding=\"async\" width=\"110\" height=\"150\" src=\"https:\/\/planetdiablo.eu\/de\/wp-content\/uploads\/2017\/01\/Gottliche-Platte.jpg\" class=\"attachment-thumbnail size-thumbnail\" alt=\"\" style=\"width:100%;height:136.86%;max-width:472px;\" \/><\/a>\n\t\t\t<\/div><\/figure><figure class='gallery-item'>\n\t\t\t<div class='gallery-icon portrait'>\n\t\t\t\t<a href='https:\/\/planetdiablo.eu\/de\/wp-content\/uploads\/2017\/01\/Erzengelstab.jpg'><img loading=\"lazy\" decoding=\"async\" width=\"117\" height=\"150\" src=\"https:\/\/planetdiablo.eu\/de\/wp-content\/uploads\/2017\/01\/Erzengelstab.jpg\" class=\"attachment-thumbnail size-thumbnail\" alt=\"\" style=\"width:100%;height:127.97%;max-width:472px;\" \/><\/a>\n\t\t\t<\/div><\/figure><figure class='gallery-item'>\n\t\t\t<div class='gallery-icon portrait'>\n\t\t\t\t<a href='https:\/\/planetdiablo.eu\/de\/wp-content\/uploads\/2017\/01\/Die-untote-Krone.jpg'><img loading=\"lazy\" decoding=\"async\" width=\"122\" height=\"150\" src=\"https:\/\/planetdiablo.eu\/de\/wp-content\/uploads\/2017\/01\/Die-untote-Krone.jpg\" class=\"attachment-thumbnail size-thumbnail\" alt=\"\" style=\"width:100%;height:122.88%;max-width:472px;\" \/><\/a>\n\t\t\t<\/div><\/figure><figure class='gallery-item'>\n\t\t\t<div class='gallery-icon portrait'>\n\t\t\t\t<a href='https:\/\/planetdiablo.eu\/de\/wp-content\/uploads\/2017\/01\/Arkaines-Heldenmut.jpg'><img loading=\"lazy\" decoding=\"async\" width=\"103\" height=\"150\" src=\"https:\/\/planetdiablo.eu\/de\/wp-content\/uploads\/2017\/01\/Arkaines-Heldenmut.jpg\" class=\"attachment-thumbnail size-thumbnail\" alt=\"\" style=\"width:100%;height:145.11%;max-width:470px;\" \/><\/a>\n\t\t\t<\/div><\/figure>\n\t\t<\/div>\n\n<p>Im Inventar sehen die Gegenst\u00e4nde folgenderma\u00dfen aus:<\/p>\n<p><img loading=\"lazy\" decoding=\"async\" class=\"aligncenter wp-image-577055 size-full\" src=\"https:\/\/planetdiablo.eu\/de\/wp-content\/uploads\/2017\/01\/Gegenstande-Tristramevent.jpg\" alt=\"\" width=\"387\" height=\"260\" \/><\/p>\n<p>Die folgenden 4 St\u00fcck k\u00f6nnen z.B. bei den Lila Bossen aus dem Erfolg &#8222;Besch\u00fctzer von Tristram \/ Protector of Tristram&#8220; gefunden werden:<\/p>\n<ul>\n<li>K\u00f6nigsschwert<\/li>\n<li>Harlekinskrone<\/li>\n<li>G\u00f6ttliche Platte<\/li>\n<li>Erzengelstab<\/li>\n<\/ul>\n<p>Die Untote Krone erh\u00e4lt man, wenn man sich dem Skelettk\u00f6nig stellt.<\/p>\n<p>Griswolds Schneide findet man in Ebene 10. Hier muss man nach einem Amboss suchen. Wird dieser angeklickt, fallen einem einige Handwerksmaterialien und das Schwert vor die F\u00fc\u00dfe.<\/p>\n<p>Den Schleier aus Stahl findet man bei Lachdanans Leiche in Ebene 14. Die Leiche anklicken und man bekommt den Schleier aus Stahl.<\/p>\n<p>Das Optische Amulett ist in der Halle der Blinden zu finden. Dort befindet sich am Ende eine Pr\u00e4chtige Truhe, die das Amulett enth\u00e4lt.<\/p>\n<p>Das Lichthimmelband droppt neben einigen Edelsteinen aus einem magischen Stein.<\/p>\n<p>Arkaines Heldenmut erh\u00e4lt man auf Ebene 5 im Blutevent am Ende von einem R\u00fcstungsst\u00e4nder.<\/p>\n<hr \/>\n<p><em>Stand: 31.01.2017<\/em><\/p>\n","protected":false},"excerpt":{"rendered":"<p>Anl\u00e4sslich des 20. Jubil\u00e4ums von Diablo spendiert uns Blizzard ein kleines Event f\u00fcr Diablo 3, bei dem man das alte Tristram erneut betreten kann, um gegen den Schl\u00e4chter, Lazarus und den damaligen Diablo in den Kampf zu ziehen: Die Finsternis in Tristram \/ The Darkening of Tristram. Dazu wird die Grafik etwas der damaligen Grafik&hellip; <a class=\"more-link\" href=\"https:\/\/planetdiablo.eu\/de\/diablo-3\/die-finsternis-in-tristram\/\"><span class=\"screen-reader-text\">Die Finsternis in Tristram<\/span> weiterlesen<\/a><\/p>\n","protected":false},"author":847,"featured_media":0,"parent":47,"menu_order":0,"comment_status":"closed","ping_status":"closed","template":"","meta":{"footnotes":""},"class_list":["post-576908","page","type-page","status-publish","hentry","entry"],"_links":{"self":[{"href":"https:\/\/planetdiablo.eu\/de\/wp-json\/wp\/v2\/pages\/576908","targetHints":{"allow":["GET"]}}],"collection":[{"href":"https:\/\/planetdiablo.eu\/de\/wp-json\/wp\/v2\/pages"}],"about":[{"href":"https:\/\/planetdiablo.eu\/de\/wp-json\/wp\/v2\/types\/page"}],"author":[{"embeddable":true,"href":"https:\/\/planetdiablo.eu\/de\/wp-json\/wp\/v2\/users\/847"}],"replies":[{"embeddable":true,"href":"https:\/\/planetdiablo.eu\/de\/wp-json\/wp\/v2\/comments?post=576908"}],"version-history":[{"count":2,"href":"https:\/\/planetdiablo.eu\/de\/wp-json\/wp\/v2\/pages\/576908\/revisions"}],"predecessor-version":[{"id":587783,"href":"https:\/\/planetdiablo.eu\/de\/wp-json\/wp\/v2\/pages\/576908\/revisions\/587783"}],"up":[{"embeddable":true,"href":"https:\/\/planetdiablo.eu\/de\/wp-json\/wp\/v2\/pages\/47"}],"wp:attachment":[{"href":"https:\/\/planetdiablo.eu\/de\/wp-json\/wp\/v2\/media?parent=576908"}],"curies":[{"name":"wp","href":"https:\/\/api.w.org\/{rel}","templated":true}]}}