{"id":578689,"date":"2018-06-05T11:49:05","date_gmt":"2018-06-05T09:49:05","guid":{"rendered":"http:\/\/diablo3.ingame.de\/?page_id=578689"},"modified":"2018-06-05T11:49:05","modified_gmt":"2018-06-05T09:49:05","slug":"spielmodi","status":"publish","type":"page","link":"https:\/\/planetdiablo.eu\/de\/diablo-3\/spielmodi\/","title":{"rendered":"Diablo 3 &#8211; Spielmodi"},"content":{"rendered":"<p>Die Spielmodi k\u00f6nnen in drei Kategorien aufgeteilt werden:<\/p>\n<ul>\n<li><a href=\"#Kampagne\">Kampagne<\/a> + <a href=\"#Abenteuermodus\">Abenteuermodus<\/a> + <a href=\"#Herausforderungsportale\">Herausforderungsportale<\/a><\/li>\n<li><a href=\"#Softcore\">Softcore + Hardcore<\/a><\/li>\n<li><a href=\"#Nonseason\">Nonseason + Season<\/a><\/li>\n<\/ul>\n<p>W\u00e4hrend man mit der Kampagne direkt loslegen kann, muss man f\u00fcr den Zugang zum Abenteuermodus zuerst die Kampagne beenden. Und bevor man ein Herausforderungsportal starten kann, muss ein Go\u00dfes Nephalemportal erfolgreich absolviert werden.<br \/>\n<a name=\"Kampagne\"><\/a><\/p>\n<h2>Kampagne<\/h2>\n<p><img loading=\"lazy\" decoding=\"async\" class=\"aligncenter size-medium wp-image-578720\" src=\"http:\/\/diablo3.ingame.de\/files\/2017\/09\/Kampagne.jpg\" alt=\"\" width=\"412\" height=\"229\" \/><br \/>\nDie Kampagne aus Diablo 3 bietet neuen Spielern die M\u00f6glichkeit, sich nach und nach mit der Welt Sanktuarios vertraut zu machen und die geschichtlichen Hintergr\u00fcnde kennen zu lernen. Und nat\u00fcrlich ist die Kampagne auch f\u00fcr jene Spieler Pflicht, die bereits bei Diablo 1 oder Diablo 2 Wert auf die Story gelegt oder sogar das ein oder anderen Buch dazu verschlungen haben.<br \/>\nDie Kampagne besteht aus Akt I bis Akt V, wobei Akt V nur mit der Erweiterung Reaper of Souls spielbar ist.<br \/>\nW\u00e4hrend man anfangs noch einen mysteri\u00f6sen gefallenen Stern untersucht, steht man in sp\u00e4teren Akten Gegnern wie Ghom, Diablo oder Malthael gegen\u00fcber.<br \/>\nUm die Kampagne zu spielen, muss bei den Spieleinstellungen Kampagne ausgew\u00e4hlt sein:<br \/>\n<a href=\"http:\/\/diablo3.ingame.de\/files\/2017\/10\/Kampagne.jpg\"><img loading=\"lazy\" decoding=\"async\" class=\"aligncenter size-large wp-image-578830\" src=\"http:\/\/diablo3.ingame.de\/files\/2017\/10\/Kampagne-680x457.jpg\" alt=\"\" width=\"680\" height=\"457\" \/><\/a><\/p>\n<h4>Spielfortschritt<\/h4>\n<p>Immer wieder erreicht man einen Speicherpunkt, an dem der Spielfortschritt gespeichert wird:<br \/>\n<img loading=\"lazy\" decoding=\"async\" class=\"aligncenter size-full wp-image-578832\" src=\"http:\/\/diablo3.ingame.de\/files\/2017\/10\/Speicherpunkt.jpg\" alt=\"\" width=\"525\" height=\"157\" \/><br \/>\nSp\u00e4ter kann man dann \u00fcber das Men\u00fc Kampagne &#8211; \u00c4ndern ein anderes Kapitel oder Unterkapitel aus der Kampagne ausw\u00e4hlen (Voraussetzung: dieses musste bereits einmal erreicht werden).<br \/>\n<img loading=\"lazy\" decoding=\"async\" class=\"aligncenter size-full wp-image-578831\" src=\"http:\/\/diablo3.ingame.de\/files\/2017\/10\/Questauswahl.jpg\" alt=\"\" width=\"579\" height=\"672\" \/><\/p>\n<h4>Bossk\u00e4mpfe<\/h4>\n<p>Diese m\u00fcssen ohne Tod absolviert werden. Stirbt man w\u00e4hrend eines Bosskampfes, muss man den Kampf komplett von vorne beginnen. W\u00e4hrend man sich somit bis zu den Bossen durchsterben kann, k\u00f6nnen Bosse erst besiegt werden, wenn man stark genug dazu ist (oder jemanden kennt, der einem unter die Arme greift).<br \/>\nAusnahmen bilden hier Spiele mit mehr als einem Spieler. Hier k\u00f6nnen die anderen Mitspieler den Toten Spieler wiederbeleben und dieser kann anschlie\u00dfend weiter am Kampf mitwirken. Erst wenn alle Spieler gleichzeitig tot sind, ist der Bosskampf gescheitert.<br \/>\nDer erste Bosskampf findet im Akt I gegen den Skelettk\u00f6nig statt. Wenn man in einer Party unterwegs ist, und ein Spieler betritt die Kammer des Skelettk\u00f6nigs, erhalten alle anderen Spieler eine Anfrage, ob sie am Bosskampf mit teilnehmen wollen. Haben alle zu- oder abgesagt, beginnt der Bosskampf. Ein sp\u00e4teres Hinzusto\u00dfen einzelner Spieler ist nicht m\u00f6glich.<br \/>\nMan kann jedoch, nachdem alle Spieler tot sind, den Kampf gegen den Boss erneut angehen.<br \/>\nW\u00e4hrend eines Bosskampfes kann man das Gebiet, in dem sich der Boss befindet, nicht mehr verlassen. Eine Flucht (eventuell besonders im Hardcoremodus interessant) ist daher nicht m\u00f6glich. Auch das Teleportieren in die Stadt ist w\u00e4hrend des Kampfes nicht m\u00f6glich.<br \/>\nUnd es gibt noch eine weitere Einschr\u00e4nkung: w\u00e4hrend des Bosskampfes k\u00f6nnen die Fertigkeiten nicht ver\u00e4ndert werden.<\/p>\n<h4>Stadtportal<\/h4>\n<p>Sobald ihr \u00fcber das Stadtportal verf\u00fcgt, k\u00f6nnt ihr an jeder Stelle ein Stadtportal erstellen und mit Hilfe dieses Portals zur\u00fcck in die Stadt gelangen und anschlie\u00dfend wieder zum Standort, an dem<br \/>\nihr das Portal erstellt habt.<br \/>\n<img loading=\"lazy\" decoding=\"async\" class=\"aligncenter size-medium wp-image-578874\" src=\"http:\/\/diablo3.ingame.de\/files\/2017\/10\/Stadtportal-beschw\u00f6ren-500x545.jpg\" alt=\"\" width=\"500\" height=\"545\" \/><br \/>\nF\u00fcr das &#8222;Beschw\u00f6ren&#8220; des Stadtportals ben\u00f6tigt ihr 4 Sekunden. Falls ihr w\u00e4hrend dieser Zeit angegriffen werdet, m\u00fcsst ihr von vorne beginnen. Als &#8222;Notausstieg&#8220; f\u00fcr HC-Spieler ist das Stadtportal somit nicht geeignet.<br \/>\nVon der Stadt aus k\u00f6nnt ihr euer Portal betreten und gelangt zu der Stelle, an der ihr euer Stadtportal erstellt habt (im Beispiel zur Eben 1 der Kathedrale aus Akt I):<br \/>\n<img loading=\"lazy\" decoding=\"async\" class=\"aligncenter size-medium wp-image-578875\" src=\"http:\/\/diablo3.ingame.de\/files\/2017\/10\/Stadtportal-500x438.jpg\" alt=\"\" width=\"500\" height=\"438\" \/><\/p>\n<h4>Wegpunkte<\/h4>\n<p>Um die Reise durch die Weiten Sanktuarios zu erleichtern, wurden vor Urzeiten Wegpunkte in vielen Gebieten eingerichtet. Mit ihrer Hilfe kann man direkt zwischen 2 Punkten reisen.<br \/>\n<img loading=\"lazy\" decoding=\"async\" class=\"aligncenter size-medium wp-image-578876\" src=\"http:\/\/diablo3.ingame.de\/files\/2017\/10\/Wegpunkt-Akt-I-500x323.jpg\" alt=\"\" width=\"500\" height=\"323\" \/><br \/>\nEine \u00dcbersicht \u00fcber die m\u00f6glichen Wegpunkte k\u00f6nnt ihr \u00fcber die Karten der einzelnen Akte erhalten:<br \/>\n<a href=\"http:\/\/diablo3.ingame.de\/files\/2017\/10\/Karte-Akt-I.jpg\"><img loading=\"lazy\" decoding=\"async\" class=\"aligncenter size-large wp-image-578873\" src=\"http:\/\/diablo3.ingame.de\/files\/2017\/10\/Karte-Akt-I-680x460.jpg\" alt=\"\" width=\"680\" height=\"460\" \/><\/a><br \/>\nKlickt einfach auf einen Wegpunkt und euer Char wird zum entsprechenden Wegpunkt bef\u00f6rdert.<br \/>\nDie Karte aus dem Kampagnenmodus kann von der Karte aus dem Abenteuermodus abweichen, da im Abenteuermodus nachtr\u00e4glich weitere Gebiete durch Patches hinzugekommen sind.<br \/>\nAu\u00dferdem ist die Karte im Kampagnemodus anfangs leer und nur die entdeckten Wegpunkte kommen hinzu. Im Abenteuermodus sind von Anfang an alle Wegpunkte frei geschalten.<\/p>\n<h4>Diablo 3 Starter Edition<\/h4>\n<p>Wer die Kampagne anspielen m\u00f6chte, ohne gleich Diablo 3 kaufen zu m\u00fcssen, der kann dies mit der Diablo 3 Starter Edition kostenlos machen. Mehr dazu unter folgendem Link:<br \/>\n<a href=\"https:\/\/diablo3.ingame.de\/diablo-3\/starter-edition\/\">Diablo 3 Starter Edition<\/a><br \/>\n<a name=\"Abenteuermodus\"><\/a><\/p>\n<h2>Abenteuermodus<\/h2>\n<p><img loading=\"lazy\" decoding=\"async\" class=\"aligncenter size-full wp-image-578718\" src=\"http:\/\/diablo3.ingame.de\/files\/2017\/09\/Abenteuermodus.jpg\" alt=\"\" width=\"412\" height=\"229\" \/><br \/>\nIm Abenteuermodus kann man sich frei in allen Akten von Diablo 3 bewegen und diverse &#8222;Aufgaben&#8220; erledigen. Der Abenteuermodus ist nur mit der Erweiterung Reaper of Souls verf\u00fcgbar und wird accountweit frei geschalten, sobald die Kampagne beendet wurde.<br \/>\nEine Ausnahme gibt es hiervon f\u00fcr die Season. W\u00e4hrend der Season kann auch ohne den Abschluss der Kampagne der Abenteuermodus betreten werden.<br \/>\n&nbsp;<\/p>\n<h4>Stadtportal<\/h4>\n<p>Mit dem Stadtportal k\u00f6nnt ihr an jeder Stelle Sanktuarios ein Stadtportal erstellen und mit Hilfe dieses Portals zur\u00fcck in die Stadt gelangen und anschlie\u00dfend wieder zum Standort, an dem ihr<br \/>\ndas Portal erstellt habt.<br \/>\n<img loading=\"lazy\" decoding=\"async\" class=\"aligncenter size-medium wp-image-578874\" src=\"http:\/\/diablo3.ingame.de\/files\/2017\/10\/Stadtportal-beschw\u00f6ren-500x545.jpg\" alt=\"\" width=\"500\" height=\"545\" \/><br \/>\nF\u00fcr das &#8222;Beschw\u00f6ren&#8220; des Stadtportals ben\u00f6tigt ihr 4 Sekunden. Falls ihr w\u00e4hrend dieser Zeit angegriffen werdet, m\u00fc\u00dft ihr von vorne beginnen. Als &#8222;Notausstieg&#8220; f\u00fcr HC-Spieler ist das Stadtportal somit nicht geeignet.<br \/>\nVon der Stadt aus k\u00f6nnt ihr euer Portal betreten und gelangt zu der Stelle, an der ihr euer Stadtportal erstellt habt (im Beispiel zur Eben 1 der Kathedrale aus Akt I):<br \/>\n<img loading=\"lazy\" decoding=\"async\" class=\"aligncenter size-medium wp-image-578875\" src=\"http:\/\/diablo3.ingame.de\/files\/2017\/10\/Stadtportal-500x438.jpg\" alt=\"\" width=\"500\" height=\"438\" \/><\/p>\n<h4>Wegpunkte<\/h4>\n<p>Im Gegensatz zur Kampagne sind im Abenteuermodus st\u00e4ndig alle Wegpunkte anw\u00e4hlbar. Man kann zwischen allen Akten hin und her springen. Dazu kann die Karte verwendet werden. Diese ist in 3 Ebenen unterteilt:<br \/>\nDie Karte der aktuellen Ebene (gro\u00dfe Version der Minimap), die Karte eines Aktes und die Weltkarte.<br \/>\nMit &#8211; und + bei Kartenstufe, kann man zwischen den unterschiedlichen Ebenen wechseln und ein Reiseziel ausw\u00e4hlen:<br \/>\n<a href=\"https:\/\/diablo3.ingame.de\/files\/2018\/06\/Karte.jpg\"><img loading=\"lazy\" decoding=\"async\" class=\"aligncenter size-medium wp-image-579247\" src=\"https:\/\/diablo3.ingame.de\/files\/2018\/06\/Karte-500x340.jpg\" alt=\"\" width=\"500\" height=\"340\" \/><\/a>Im Abenteuermodus muss man nicht erst zu einem Wegpunkt gehen, um zu einem anderen Wegpunkt zu gelangen. Man kann von jedem Platz aus durch den entsprechenden Shortkey (Standard: m) ein Ziel auf der Karte ausw\u00e4hlen. Man muss jedoch 4 Sekunden warten, bis sich der Charakter zum entsprechenden Wegpunkt teleportiert (au\u00dfer man befindet sich in einer der St\u00e4dte, dann wird man direkt teleportiert). Wird man in dieser Zeit von einem Gegner angegriffen oder f\u00fchrt selber eine Aktivit\u00e4t aus, muss man wieder von vorne beginnen.<br \/>\nGeht man jedoch direkt zu einem Wegpunkt und sucht sich von dort aus ein Ziel aus, wird man ohne Verz\u00f6gerung auf die Reise geschickt.<br \/>\n&nbsp;<\/p>\n<h4>Kopfgelder \/ Bountys<\/h4>\n<p>Kopfgelder bzw. Bountys sind in Sanktuario verstreute kleine Aufgaben, f\u00fcr deren Erf\u00fcllung es Gold und Erfahrung gibt.<br \/>\nN\u00e4heres zu diesem Thema erfahrt ihr auf dieser Seite:<br \/>\n<a href=\"https:\/\/diablo3.ingame.de\/diablo-3\/kopfgelder\/\">Kopfgelder<\/a><\/p>\n<h4>Nephalemportale \/ Rifts<\/h4>\n<p>Nephalemportale bestehen aus mehreren Ebenen, auf denen man sich durch Monsterhorden k\u00e4mpfen muss und am Ende einem Riftw\u00e4chter gegen\u00fcbersteht, den es zu besiegen gilt.<br \/>\nMehr zu den Nephalemportale \/ Rifts erfahrt ihr auf dieser Seite:<br \/>\n<a href=\"https:\/\/diablo3.ingame.de\/diablo-3\/rifts\/\">Rifts<\/a><br \/>\n&nbsp;<\/p>\n<h4>Gro\u00dfe Nephalemportale \/ Greater Rifts<\/h4>\n<p>Alles \u00fcber die Gro\u00dfen Nephalemportale \/ Greater Rifts \/ Grifts erfahrt ihr auf dieser Seite:<br \/>\n<a href=\"https:\/\/diablo3.ingame.de\/diablo-3\/greater-rifts\/\">Greater Rifts<\/a><br \/>\n&nbsp;<\/p>\n<h4>Kanais W\u00fcrfel<\/h4>\n<p>Kanais W\u00fcrfel stellt ein m\u00e4chtiges Werkzeug dar, um die Ausr\u00fcstung zu verbessern. Mehr dazu auf dieser Seite:<br \/>\n<a href=\"https:\/\/diablo3.ingame.de\/diablo-3\/guides\/kanais-wuerfel\/\">Kanais W\u00fcrfel<\/a><br \/>\n&nbsp;<br \/>\n<a name=\"Herausforderungsportale\"><\/a><\/p>\n<h2>Herausforderungsportale<\/h2>\n<p><img loading=\"lazy\" decoding=\"async\" class=\"aligncenter size-medium wp-image-578719\" src=\"http:\/\/diablo3.ingame.de\/files\/2017\/09\/Herausforderungsportal.jpg\" alt=\"\" width=\"412\" height=\"229\" \/><br \/>\nNeben den GRifts und deren Leaderboards gibt es mit den Herausforderungsportalen einen extra Spielmodus, bei dem sich die Spieler untereinander messen k\u00f6nnen.<br \/>\nVoraussetzung daf\u00fcr ist, dass man bereits ein Gro\u00dfes Nephalemportal mit einem beliebigen Helden abgeschlossen haben muss!<br \/>\nIn einem w\u00f6chentlichen Rhythmus wird ein abgeschlossenes gro\u00dfes Nephalemportal irgendeines Spielers per Zufall ausgew\u00e4hlt und als Herausforderungsportal eingestellt. Nun kann jeder Spieler versuchen, die Zeit dieses Spielers zu unterbieten. Parallel dazu gibt es eine Rangliste mit den besten Zeiten f\u00fcr das Herausforderungsportal.<br \/>\nDas Rift und der Char sind dabei komplett statisch. Oder anders formuliert: die Monster und Pylone stehen immer an genau derselben Position; die Gegenst\u00e4nde, Edelsteine und Fertigkeiten der Chars k\u00f6nnen nicht ver\u00e4ndert werden.<br \/>\nStartet man ein Herausforderungsportal, gelangt man zum Herausforderungsplatz; hier befinden sich Edira (mit ihr muss man nach Abschluss des Portals sprechen), ein Seelenspiegel (mit dem man sich den Char genauer anschauen kann) und der Herausforderungsobelisk.<br \/>\n<img loading=\"lazy\" decoding=\"async\" class=\"aligncenter size-large wp-image-578724\" src=\"http:\/\/diablo3.ingame.de\/files\/2017\/09\/Herausforderungsplatz-680x560.jpg\" alt=\"\" width=\"680\" height=\"560\" \/><br \/>\nLinks befindet sich noch ein gro\u00dfer Gegner und rechts befinden sich mehrere kleine Gegner, falls man die Fertigkeiten testen will. Sind die Gegner tot, erscheinen sie direkt wieder, um weiter testen zu k\u00f6nnen.<br \/>\nKlickt man auf den Herausforderungsobelisken, wird das Portal gestartet. Dabei wird rechts das Ziel und der aktuelle Fortschritt angezeigt:<br \/>\n<img loading=\"lazy\" decoding=\"async\" class=\"aligncenter size-full wp-image-578725\" src=\"http:\/\/diablo3.ingame.de\/files\/2017\/09\/Zwischenstand.jpg\" alt=\"\" width=\"401\" height=\"414\" \/><br \/>\nAnhand der Zahl unten kann man absch\u00e4tzen wie gut man im Vergleich zur Vorgabezeit liegt. Ist die Zeit gr\u00fcn, hat man sich einen Vorsprung erarbeitet; ist die Zeit rot, hinkt man der Vorgabe etwas hinterher.<br \/>\nAls Belohnung f\u00fcr das Abschlie\u00dfen des Portals in der vorgegebenen Zeit, erh\u00e4lt man eine Belohnung in Form einer Truhe. Diese beinhaltet Gold, Blutsplitter, Arkanstaub, Tr\u00fcbe Kristalle, Wiederverwertbare Teile und legend\u00e4re Materialien, die man ansonsten nur aus den Kopfgeldtruhen erhalten kann.<br \/>\n<img loading=\"lazy\" decoding=\"async\" class=\"aligncenter size-full wp-image-578721\" src=\"http:\/\/diablo3.ingame.de\/files\/2017\/09\/Belohnung-abholen.jpg\" alt=\"\" width=\"637\" height=\"753\" \/><img loading=\"lazy\" decoding=\"async\" class=\"aligncenter size-large wp-image-578722\" src=\"http:\/\/diablo3.ingame.de\/files\/2017\/09\/Belohnung-680x258.jpg\" alt=\"\" width=\"680\" height=\"258\" \/><br \/>\nDie Belohnung kann mit einem Nonseason- oder Seasonchar, mit einem Softcore- oder Hardcorechar per Post abgeholt werden.<br \/>\nPro Woche kann man diese Belohnung nur ein Mal erhalten; man kann das Herausforderungsportal jedoch mehrmals spielen, um neben der Truhe eventuell noch einen Platz in der Bestenliste zu ergattern.\u00a0 <a href=\"http:\/\/diablo3.ingame.de\/files\/2017\/09\/Bestenliste.jpg\"><img loading=\"lazy\" decoding=\"async\" class=\"aligncenter size-large wp-image-578723\" src=\"http:\/\/diablo3.ingame.de\/files\/2017\/09\/Bestenliste-680x404.jpg\" alt=\"\" width=\"680\" height=\"404\" \/><\/a><\/p>\n<h4>Reihenfolge der Fertigkeiten \u00e4ndern:<\/h4>\n<p>Wenn jemand immer mit z.B. Teleport auf der 1 spielt und nun kommt ein Herausforderungsportal, bei dem diese Fertigkeit auf Taste 2 liegt, kann man dies &#8222;korrigieren&#8220;. Bei ge\u00f6ffnetem Fertigkeitenmen\u00fc k\u00f6nnen die Fertigkeiten unten in der Fertigkeitenleiste (per Drag and Drop) vertauscht werden.<br \/>\n<a name=\"Softcore\"><\/a><\/p>\n<h2>Softcore \/ Hardcore<\/h2>\n<p>Die Modi Softcore und Hardcore unterscheiden sich nur in einem kleinen aber entscheidenden Detail:<br \/>\nStirbt der Char im Softcoremodus, steht er nach kurzer Zeit wieder auf und k\u00e4mpft weiter. Die Ausr\u00fcstungsgegenst\u00e4nde nehmen dabei etwas Schaden, was aber nicht ins Gewicht f\u00e4llt, da sich die Reparaturkosten in Grenzen halten.<br \/>\n&nbsp;<br \/>\n<a href=\"http:\/\/diablo3.ingame.de\/files\/2017\/09\/Tod-SC.jpg\"><img loading=\"lazy\" decoding=\"async\" class=\"aligncenter size-large wp-image-578715\" src=\"http:\/\/diablo3.ingame.de\/files\/2017\/09\/Tod-SC-680x383.jpg\" alt=\"\" width=\"680\" height=\"383\" \/><\/a><br \/>\nStirbt ein Char im Hardcoremodus, bleibt dieser tot und kann nicht mehr weitergespielt werden. Neben der Ausr\u00fcstung, die der Char zu diesem Zeitpunkt getragen hat, geht auch der gesamte Inhalt des Inventars verloren.<br \/>\n<a href=\"http:\/\/diablo3.ingame.de\/files\/2017\/09\/Tod-HC.jpg\"><img loading=\"lazy\" decoding=\"async\" class=\"aligncenter size-large wp-image-578714\" src=\"http:\/\/diablo3.ingame.de\/files\/2017\/09\/Tod-HC-680x355.jpg\" alt=\"\" width=\"680\" height=\"355\" \/><\/a><br \/>\nIm Hardcoremodus muss somit mehr Wert auf Toughness und eine vorausschauende Spielweise gelegt werden. Falls Ihr Tipps zum Thema ben\u00f6tigt oder Euch mit anderen HClern austauschen m\u00f6chtet, k\u00f6nnt Ihr das in unserem HC-Forum machen:<br \/>\n<a href=\"http:\/\/diablo3.ingame.de\/forum\/forums\/3154-Hardcore-Forum\"><span class=\"forumtitle\">Hardcore-Forum<\/span><\/a><br \/>\nWollt Ihr einen HC-Char erstellen, m\u00fcsst ihr bei der Charakterauswahl ein entsprechendes Kreuzchen setzen:<br \/>\n<img loading=\"lazy\" decoding=\"async\" class=\"aligncenter size-medium wp-image-578716\" src=\"http:\/\/diablo3.ingame.de\/files\/2017\/09\/HC-Char-erstellen-500x217.jpg\" alt=\"\" width=\"500\" height=\"217\" \/><br \/>\nGestorbene Hardcorechars m\u00fcssen nicht gel\u00f6scht werden, um Platz f\u00fcr einen neuen Char zu schaffen. Sie k\u00f6nnen in die Ahnenhalle verschoben werden. So kann der Held zumindest dort und in den Erinnerungen weiterleben:<br \/>\n<a href=\"http:\/\/diablo3.ingame.de\/files\/2017\/09\/Gefallener-Held.jpg\"><img loading=\"lazy\" decoding=\"async\" class=\"aligncenter size-large wp-image-578713\" src=\"http:\/\/diablo3.ingame.de\/files\/2017\/09\/Gefallener-Held-680x605.jpg\" alt=\"\" width=\"680\" height=\"605\" \/><\/a><br \/>\nDie gemeinsame Truhe und die erlernten legend\u00e4ren Eigenschaften in Kanais W\u00fcrfel werden in SC und HC separat gehalten. Ihr k\u00f6nnte somit keine Gegenst\u00e4nde zwischen SC und HC tauschen. Und die legend\u00e4ren Eigenschaften m\u00fcssen in SC und HC separat freigeschalten werden. Ebenso haben SC und HC ein getrenntes Paragonlevel sowie getrennte Gold-, Material- und Blutscherbenvorr\u00e4te.<br \/>\n<a name=\"Nonseason\"><\/a><\/p>\n<h2>Nonseason \/ Season<\/h2>\n<p>Wem es auf Dauer zu langweilig wird, seine Chars nach und nach langsam zu verbessern, f\u00fcr den ist die Saison\/ Season genau das Richtige. In einer Season f\u00e4ngt man komplett bei Null an. Die Chars m\u00fcssen neu gelevelt werden, Items und Gold m\u00fcssen neu gesammelt werden.<br \/>\nSeasons starten in regelm\u00e4\u00dfigen Abst\u00e4nden neu (in der Regel nach ca. 3 Monaten), der in der Season erreichte Fortschritt wird nach Ende einer Season auf Nonseason \u00fcbertragen. W\u00e4hrend einer Season ist es nicht m\u00f6glich, Gegenst\u00e4nde, Gold, Chars oder Sonstiges von Season auf Nonseason zu transferieren. Gleiches gilt auch f\u00fcr die umgekehrte Richtung.<br \/>\nMehr zu den Seasons erfahrt Ihr im entsprechenden Bereich:<br \/>\n<a href=\"https:\/\/diablo3.ingame.de\/diablo-3\/seasons\/\">Seasons<\/a><\/p>\n","protected":false},"excerpt":{"rendered":"<p>Die Spielmodi k\u00f6nnen in drei Kategorien aufgeteilt werden: Kampagne + Abenteuermodus + Herausforderungsportale Softcore + Hardcore Nonseason + Season W\u00e4hrend man mit der Kampagne direkt loslegen kann, muss man f\u00fcr den Zugang zum Abenteuermodus zuerst die Kampagne beenden. Und bevor man ein Herausforderungsportal starten kann, muss ein Go\u00dfes Nephalemportal erfolgreich absolviert werden. Kampagne Die Kampagne&hellip; <a class=\"more-link\" href=\"https:\/\/planetdiablo.eu\/de\/diablo-3\/spielmodi\/\"><span class=\"screen-reader-text\">Diablo 3 &#8211; Spielmodi<\/span> weiterlesen<\/a><\/p>\n","protected":false},"author":847,"featured_media":0,"parent":47,"menu_order":0,"comment_status":"closed","ping_status":"closed","template":"","meta":{"footnotes":""},"class_list":["post-578689","page","type-page","status-publish","hentry","entry"],"_links":{"self":[{"href":"https:\/\/planetdiablo.eu\/de\/wp-json\/wp\/v2\/pages\/578689","targetHints":{"allow":["GET"]}}],"collection":[{"href":"https:\/\/planetdiablo.eu\/de\/wp-json\/wp\/v2\/pages"}],"about":[{"href":"https:\/\/planetdiablo.eu\/de\/wp-json\/wp\/v2\/types\/page"}],"author":[{"embeddable":true,"href":"https:\/\/planetdiablo.eu\/de\/wp-json\/wp\/v2\/users\/847"}],"replies":[{"embeddable":true,"href":"https:\/\/planetdiablo.eu\/de\/wp-json\/wp\/v2\/comments?post=578689"}],"version-history":[{"count":0,"href":"https:\/\/planetdiablo.eu\/de\/wp-json\/wp\/v2\/pages\/578689\/revisions"}],"up":[{"embeddable":true,"href":"https:\/\/planetdiablo.eu\/de\/wp-json\/wp\/v2\/pages\/47"}],"wp:attachment":[{"href":"https:\/\/planetdiablo.eu\/de\/wp-json\/wp\/v2\/media?parent=578689"}],"curies":[{"name":"wp","href":"https:\/\/api.w.org\/{rel}","templated":true}]}}