{"id":579239,"date":"2018-06-05T13:47:09","date_gmt":"2018-06-05T11:47:09","guid":{"rendered":"https:\/\/diablo3.ingame.de\/?page_id=579239"},"modified":"2018-06-05T13:47:09","modified_gmt":"2018-06-05T11:47:09","slug":"rifts","status":"publish","type":"page","link":"https:\/\/planetdiablo.eu\/de\/diablo-3\/rifts\/","title":{"rendered":"Diablo 3 &#8211; Rifts"},"content":{"rendered":"<p>Nephalemportale \/ Rifts bestehen aus mehreren Ebenen, auf denen man sich durch Monsterhorden k\u00e4mpfen muss und am Ende einem Riftw\u00e4chter gegen\u00fcbersteht, den es zu besiegen gilt.<br \/>\nEin Nephalemportal kann in jeder Stadt am Obelisken gestartet werden. Den Obelisk anklicken, Nephalemportal ausw\u00e4hlen und auf Annehmen klicken:<br \/>\n<img loading=\"lazy\" decoding=\"async\" class=\"aligncenter size-full wp-image-579266\" src=\"https:\/\/diablo3.ingame.de\/files\/2018\/06\/Rift-starten.jpg\" alt=\"\" width=\"441\" height=\"752\" \/><br \/>\nNun \u00f6ffnet sich ein Portal zu einem Nephalemportal, welches man betreten kann. Die Schwierigkeit des Nephalemportals richtet sich nach dem aktuell eingestellten Schwierigkeitsgrad. Diese kann wie \u00fcblich w\u00e4hrend des Spiels nach unten gestellt, nicht aber erh\u00f6ht werden.<br \/>\nNun m\u00fcssen Gegner get\u00f6tet werden, um den Fortschrittsbalken nach und nach auf 100% zu bekommen, wobei man sich daf\u00fcr Zeit lassen kann, da keine Zeitvorgabe besteht:<br \/>\n<img loading=\"lazy\" decoding=\"async\" class=\"aligncenter size-full wp-image-579262\" src=\"https:\/\/diablo3.ingame.de\/files\/2018\/06\/Fortschritt.jpg\" alt=\"\" width=\"426\" height=\"304\" \/><br \/>\nJe nach Z\u00e4higkeit geben die Monster mehr oder weniger Fortschritt.<br \/>\nElitemonster und Champions lassen nach ihrem Ableben orangene Progression Orbs liegen, welche beim Einsammeln f\u00fcr je ca. 1% Fortschritt sorgen:<br \/>\n<img loading=\"lazy\" decoding=\"async\" class=\"aligncenter size-full wp-image-579265\" src=\"https:\/\/diablo3.ingame.de\/files\/2018\/06\/Rift-Progress-Orbs.jpg\" alt=\"\" width=\"803\" height=\"421\" \/><br \/>\nNeben den normalen Schreinen k\u00f6nnen in Nephalemportalen auch Pylone erscheinen. Diese gew\u00e4hren einen st\u00e4rkeren Effekt als die Schreine und k\u00f6nnen das Erreichen des Ziels deutlich vereinfachen:<br \/>\n<img loading=\"lazy\" decoding=\"async\" class=\"aligncenter size-full wp-image-579263\" src=\"https:\/\/diablo3.ingame.de\/files\/2018\/06\/Pylone.jpg\" alt=\"\" width=\"565\" height=\"512\" \/><br \/>\nNachdem man 100% erreicht hat, erscheint der Riftw\u00e4chter, den es dann zu besiegen gilt:<br \/>\n<img loading=\"lazy\" decoding=\"async\" class=\"aligncenter size-full wp-image-579267\" src=\"https:\/\/diablo3.ingame.de\/files\/2018\/06\/Riftw\u00e4chter.jpg\" alt=\"\" width=\"670\" height=\"437\" \/><br \/>\nNachdem der Riftw\u00e4chter erlegt wurde, m\u00fcsst ihr zur\u00fcck in die Stadt und dort mit Orek sprechen, um das Rift abzuschlie\u00dfen; daf\u00fcr erhaltet ihr eine kleine Belohnung in Form von Gold und Erfahrung.<br \/>\n<img loading=\"lazy\" decoding=\"async\" class=\"aligncenter size-large wp-image-579264\" src=\"https:\/\/diablo3.ingame.de\/files\/2018\/06\/Rift-abgeschlossen-680x734.jpg\" alt=\"\" width=\"680\" height=\"734\" \/><br \/>\nNun muss man 30 Sekunden warten, bis der Obelisk erneut verwendet werden kann. In der Zeit kann man z.B. schon mal die neuen Legend\u00e4ren Gegenst\u00e4nde identifizieren, wei\u00dfe, blaue und gelbe Gegenst\u00e4nde zerlegen und seine Ausr\u00fcstung reparieren. Diese Zeitspanne soll es eventuellen Mitspielern erm\u00f6glichen, den Loot aus dem Dungeon zu bergen, bevor das Rift geschlossen wird.<br \/>\nNeben einer erh\u00f6hten Chance auf legend\u00e4re Gegenst\u00e4nde in Nephalemportalen ist besonders der Drop des Riftw\u00e4chters interessant f\u00fcr die Spieler. Dieser kann n\u00e4mlich Portalsteine f\u00fcr <a href=\"https:\/\/diablo3.ingame.de\/diablo-3\/greater-rifts\/\">Gro\u00dfe Nephalemportale \/ Greater Rifts<\/a> beinhalten, welche man ansonsten auf keine andere Weise erhalten kann.<br \/>\nDie Menge an Portalsteinen h\u00e4ngt dabei vom aktuellen Schwierigkeitsgrad ab:<\/p>\n<table width=\"720\">\n<tbody>\n<tr>\n<td width=\"80\">Normal<\/td>\n<td width=\"80\">Schwer<\/td>\n<td width=\"80\">Profi<\/td>\n<td width=\"80\">Meister<\/td>\n<td width=\"80\">Qual 1<\/td>\n<td width=\"80\">Qual 2<\/td>\n<td width=\"80\">Qual 3<\/td>\n<td width=\"80\">Qual 4<\/td>\n<td width=\"80\">Qual 5<\/td>\n<\/tr>\n<tr>\n<td>100%<\/td>\n<td>105%<\/td>\n<td>110%<\/td>\n<td>115%<\/td>\n<td>120%<\/td>\n<td>125%<\/td>\n<td>131%<\/td>\n<td>138%<\/td>\n<td>144%<\/td>\n<\/tr>\n<tr>\n<td>Qual 6<\/td>\n<td>Qual 7<\/td>\n<td>Qual 8<\/td>\n<td>Qual 9<\/td>\n<td>Qual 10<\/td>\n<td>Qual 11<\/td>\n<td>Qual 12<\/td>\n<td>Qual 13<\/td>\n<td><\/td>\n<\/tr>\n<tr>\n<td>151%<\/td>\n<td>160%<\/td>\n<td>170%<\/td>\n<td>180%<\/td>\n<td>190%<\/td>\n<td>200%<\/td>\n<td>212%<\/td>\n<td>225%<\/td>\n<td><\/td>\n<\/tr>\n<\/tbody>\n<\/table>\n<p>(wobei z.B. 110% bedeuten, dass man 1 Portalstein sicher bekommt und 10% Chance hat einen zweiten zu erhalten)<br \/>\nAuch werden die Rifts am Anfang einer Season gerne zum Leveln genutzt (haupts\u00e4chlich in Gruppen, aber auch Solo).<\/p>\n","protected":false},"excerpt":{"rendered":"<p>Nephalemportale \/ Rifts bestehen aus mehreren Ebenen, auf denen man sich durch Monsterhorden k\u00e4mpfen muss und am Ende einem Riftw\u00e4chter gegen\u00fcbersteht, den es zu besiegen gilt. Ein Nephalemportal kann in jeder Stadt am Obelisken gestartet werden. Den Obelisk anklicken, Nephalemportal ausw\u00e4hlen und auf Annehmen klicken: Nun \u00f6ffnet sich ein Portal zu einem Nephalemportal, welches man&hellip; <a class=\"more-link\" href=\"https:\/\/planetdiablo.eu\/de\/diablo-3\/rifts\/\"><span class=\"screen-reader-text\">Diablo 3 &#8211; Rifts<\/span> weiterlesen<\/a><\/p>\n","protected":false},"author":847,"featured_media":0,"parent":47,"menu_order":0,"comment_status":"closed","ping_status":"closed","template":"","meta":{"footnotes":""},"class_list":["post-579239","page","type-page","status-publish","hentry","entry"],"_links":{"self":[{"href":"https:\/\/planetdiablo.eu\/de\/wp-json\/wp\/v2\/pages\/579239","targetHints":{"allow":["GET"]}}],"collection":[{"href":"https:\/\/planetdiablo.eu\/de\/wp-json\/wp\/v2\/pages"}],"about":[{"href":"https:\/\/planetdiablo.eu\/de\/wp-json\/wp\/v2\/types\/page"}],"author":[{"embeddable":true,"href":"https:\/\/planetdiablo.eu\/de\/wp-json\/wp\/v2\/users\/847"}],"replies":[{"embeddable":true,"href":"https:\/\/planetdiablo.eu\/de\/wp-json\/wp\/v2\/comments?post=579239"}],"version-history":[{"count":0,"href":"https:\/\/planetdiablo.eu\/de\/wp-json\/wp\/v2\/pages\/579239\/revisions"}],"up":[{"embeddable":true,"href":"https:\/\/planetdiablo.eu\/de\/wp-json\/wp\/v2\/pages\/47"}],"wp:attachment":[{"href":"https:\/\/planetdiablo.eu\/de\/wp-json\/wp\/v2\/media?parent=579239"}],"curies":[{"name":"wp","href":"https:\/\/api.w.org\/{rel}","templated":true}]}}