{"id":579240,"date":"2018-06-05T11:50:28","date_gmt":"2018-06-05T09:50:28","guid":{"rendered":"https:\/\/diablo3.ingame.de\/?page_id=579240"},"modified":"2018-06-05T11:50:28","modified_gmt":"2018-06-05T09:50:28","slug":"kopfgelder","status":"publish","type":"page","link":"https:\/\/planetdiablo.eu\/de\/diablo-3\/kopfgelder\/","title":{"rendered":"Diablo 3 &#8211; Kopfgelder"},"content":{"rendered":"<p>Kopfgelder bzw. Bountys sind kleine Aufgaben, f\u00fcr deren Erf\u00fcllung es Gold und Erfahrung gibt. In jedem Akt (hier Akt V als Beispiel) werden 5 Kopfgelder angeboten, ersichtlich am gelben Ausrufezeichen auf der Karte beim entsprechenden Wegpunkt:<br \/>\n<a href=\"https:\/\/diablo3.ingame.de\/files\/2018\/06\/Karte.jpg\"><img loading=\"lazy\" decoding=\"async\" class=\"aligncenter size-medium wp-image-579247\" src=\"https:\/\/diablo3.ingame.de\/files\/2018\/06\/Karte-500x340.jpg\" alt=\"\" width=\"500\" height=\"340\" \/><\/a>Die Auswahl an Kopfgeldern variiert in jedem Spiel, es werden zuf\u00e4llig 5 St\u00fcck aus einem Pool an Kopfgeldern ausgew\u00e4hlt.<br \/>\nReist man zu einem Wegpunkt, bei dem ein Kopfgeld angeboten wird, wird die aufgabe rechts unter der Minimap angezeigt:<br \/>\n<img loading=\"lazy\" decoding=\"async\" class=\"aligncenter size-full wp-image-579256\" src=\"https:\/\/diablo3.ingame.de\/files\/2018\/06\/Questziel-Kopfgeld.jpg\" alt=\"\" width=\"391\" height=\"498\" \/><br \/>\nErledigte Aufgaben werden abgehakt und wenn man alle Aufgaben erledigt hat, erh\u00e4lt man daf\u00fcr Gold und Erfahrung:<br \/>\n<img loading=\"lazy\" decoding=\"async\" class=\"aligncenter size-full wp-image-579253\" src=\"https:\/\/diablo3.ingame.de\/files\/2018\/06\/Kopfgeld-errungen.jpg\" alt=\"\" width=\"470\" height=\"238\" \/><br \/>\nAuf der Karte kann man erkennen, welche Kopfgelder des Aktes man bereits erledigt hat und welche noch offen sind; diese sind mit einem gr\u00fcnen Haken am Wegpunkt gekennzeichnet und werden unten mit einem roten Siegel versehen:<br \/>\n<img loading=\"lazy\" decoding=\"async\" class=\"aligncenter size-full wp-image-579254\" src=\"https:\/\/diablo3.ingame.de\/files\/2018\/06\/Kopfgelder-abgeschlossen.jpg\" alt=\"\" width=\"629\" height=\"714\" \/><br \/>\nSobald man alle 5 Kopfgelder eines Aktes abgeschlossen hat, kann man zur\u00fcck in die Stadt des Aktes reisen und sich dort von Tyrael eine Belohnung abholen:<br \/>\n<img loading=\"lazy\" decoding=\"async\" class=\"aligncenter size-full wp-image-579257\" src=\"https:\/\/diablo3.ingame.de\/files\/2018\/06\/zur\u00fcck-zu-Tyrael.jpg\" alt=\"\" width=\"388\" height=\"134\" \/><br \/>\nDie Belohnung besteht aus Gold und Erfahrung und aus einer gro\u00dfen Horadrischen Truhe, welche unter anderem Blutscherben, Materialien und (f\u00fcr die meisten wohl das Wichtigste) legend\u00e4re Materialien enth\u00e4lt:<br \/>\n<img loading=\"lazy\" decoding=\"async\" class=\"aligncenter size-full wp-image-579255\" src=\"https:\/\/diablo3.ingame.de\/files\/2018\/06\/Kopfgelder-komplett.jpg\" alt=\"\" width=\"472\" height=\"239\" \/><br \/>\n<img loading=\"lazy\" decoding=\"async\" class=\"aligncenter size-full wp-image-579252\" src=\"https:\/\/diablo3.ingame.de\/files\/2018\/06\/Gro\u00dfe-Horadrische-Truhe.jpg\" alt=\"\" width=\"471\" height=\"327\" \/><br \/>\nDie H\u00f6he der Belohnung ist vom Schwierigkeitsgrad abh\u00e4ngig, je h\u00f6her der Schwierigkeitsgrad, desto h\u00f6her f\u00e4llt auch die Belohnung aus.<br \/>\nHat man auf diese Weise einen Akt abgearbeitet, kann man mit den anderen Akten weiter machen. Will man erneut im gleichen Akt die Kopfgelder absolvieren, muss man dazu ein neues Spiel erstellen.<br \/>\nUm das Erf\u00fcllen der Aufgaben etwas zu erleichtern, wird bei einigen Kopfgeldern nach einer Weile (ca. eine Minute) die Position des Ziels angezeigt. Zum einen zeigt auf der Minimap ein gelber Pfeil in die Richtung des Ziels. Und auf der Karte wird zus\u00e4tzlich die Position des Ziels (im Beispiel Braluk Grimlow) als gelber Kreis angezeigt:<br \/>\n<a href=\"https:\/\/diablo3.ingame.de\/files\/2018\/08\/Ziel.jpg\"><img loading=\"lazy\" decoding=\"async\" class=\"aligncenter size-large wp-image-579468\" src=\"https:\/\/diablo3.ingame.de\/files\/2018\/08\/Ziel-680x481.jpg\" alt=\"\" width=\"680\" height=\"481\" \/><\/a>Sobald das Ziel in Sichtweite kommt, wird es auf der Minimap als Totenkopf dargestellt.<br \/>\nWenn auf einer Ebene komplett alle Monster erlegt werden m\u00fcssen, werden die letzten 15 St\u00fcck als Totenkopf auf der Karte angezeigt, um zu verhindern, dass man an den letzten Monstern dauernd vorbei l\u00e4uft.<br \/>\nNur Aufgaben, bei denen z.B. 5 Gefangene des Kults befreit werden m\u00fcssen, werden die Positionen dieser Gefangenen erst angezeigt, wenn man sich relativ nahe bei den Gefangenen befindet.<br \/>\n&nbsp;<br \/>\nDa vor allem die Legend\u00e4ren Materialien f\u00fcr das <a href=\"https:\/\/diablo3.ingame.de\/diablo-3\/guides\/kanais-wuerfel\/#2\">Optimieren seiner Ausr\u00fcstung<\/a> und das <a href=\"https:\/\/diablo3.ingame.de\/diablo-3\/guides\/kanais-wuerfel\/#1\">Extrahieren legend\u00e4rer Eigenschaften<\/a> sehr begehrt sind, ist es von Interesse, die Kopfgelder schnell abschlie\u00dfen zu k\u00f6nnen. Dazu gibt es dann f\u00fcr die einzelnen Klassen spezielle Farmbuilds, mit denen Kopfgelder auch auf Qual 13 schnell abgeschlossen werden k\u00f6nnen.<br \/>\nEs geht sogar so weit, dass man versucht sich die Kopfgelder in einer 4er-Gruppe (z.B. in \u00f6ffentlichen Spielen oder speziell darauf ausgelegten Communities) aufzuteilen (jeder Spieler macht erst mal alleine die Kopfgelder eines Aktes) um so noch schneller an die Horadrischen Truhen zu kommen.<br \/>\nDie Anzahl an legend\u00e4ren Materialien aus einer horadrischen Truhe richtet sich nach dem Schwierigkeitsgrad, der gespielt wird:<\/p>\n<table style=\"border-collapse: collapse; width: 540pt;\" border=\"0\" width=\"720\" cellspacing=\"0\" cellpadding=\"0\">\n<colgroup>\n<col style=\"width: 60pt;\" span=\"9\" width=\"80\" \/> <\/colgroup>\n<tbody>\n<tr style=\"height: 15.0pt;\">\n<td class=\"xl67\" style=\"height: 15.0pt; width: 60pt;\" width=\"80\" height=\"20\">normal<\/td>\n<td class=\"xl68\" style=\"border-left: none; width: 60pt;\" width=\"80\">schwer<\/td>\n<td class=\"xl68\" style=\"border-left: none; width: 60pt;\" width=\"80\">Profi<\/td>\n<td class=\"xl68\" style=\"border-left: none; width: 60pt;\" width=\"80\">Meister<\/td>\n<td class=\"xl68\" style=\"border-left: none; width: 60pt;\" width=\"80\">Qual 1<\/td>\n<td class=\"xl68\" style=\"border-left: none; width: 60pt;\" width=\"80\">Qual 2<\/td>\n<td class=\"xl68\" style=\"border-left: none; width: 60pt;\" width=\"80\">Qual 3<\/td>\n<td class=\"xl68\" style=\"border-left: none; width: 60pt;\" width=\"80\">Qual 4<\/td>\n<td class=\"xl69\" style=\"border-left: none; width: 60pt;\" width=\"80\">Qual 5<\/td>\n<\/tr>\n<tr style=\"height: 15.0pt;\">\n<td class=\"xl74\" style=\"height: 15.0pt; border-top: none;\" height=\"20\">3<\/td>\n<td class=\"xl75\" style=\"border-top: none; border-left: none;\">3<\/td>\n<td class=\"xl75\" style=\"border-top: none; border-left: none;\">3<\/td>\n<td class=\"xl75\" style=\"border-top: none; border-left: none;\">3<\/td>\n<td class=\"xl75\" style=\"border-top: none; border-left: none;\">6<\/td>\n<td class=\"xl75\" style=\"border-top: none; border-left: none;\">6<\/td>\n<td class=\"xl75\" style=\"border-top: none; border-left: none;\">6<\/td>\n<td class=\"xl75\" style=\"border-top: none; border-left: none;\">6<\/td>\n<td class=\"xl76\" style=\"border-top: none; border-left: none;\">6<\/td>\n<\/tr>\n<tr style=\"height: 15.0pt;\">\n<td class=\"xl71\" style=\"height: 15.0pt; border-top: none;\" height=\"20\">Qual 6<\/td>\n<td class=\"xl72\" style=\"border-top: none; border-left: none;\">Qual 7<\/td>\n<td class=\"xl72\" style=\"border-top: none; border-left: none;\">Qual 8<\/td>\n<td class=\"xl72\" style=\"border-top: none; border-left: none;\">Qual 9<\/td>\n<td class=\"xl72\" style=\"border-top: none; border-left: none;\">Qual 10<\/td>\n<td class=\"xl72\" style=\"border-top: none; border-left: none;\">Qual 11<\/td>\n<td class=\"xl72\" style=\"border-top: none; border-left: none;\">Qual 12<\/td>\n<td class=\"xl72\" style=\"border-top: none; border-left: none;\">Qual 13<\/td>\n<td class=\"xl70\" style=\"border-top: none; border-left: none;\"><\/td>\n<\/tr>\n<tr style=\"height: 15.0pt;\">\n<td class=\"xl77\" style=\"height: 15.0pt; border-top: none;\" height=\"20\">6<\/td>\n<td class=\"xl78\" style=\"border-top: none; border-left: none;\">8<\/td>\n<td class=\"xl78\" style=\"border-top: none; border-left: none;\">8<\/td>\n<td class=\"xl78\" style=\"border-top: none; border-left: none;\">8<\/td>\n<td class=\"xl78\" style=\"border-top: none; border-left: none;\">10<\/td>\n<td class=\"xl78\" style=\"border-top: none; border-left: none;\">12<\/td>\n<td class=\"xl78\" style=\"border-top: none; border-left: none;\">14<\/td>\n<td class=\"xl78\" style=\"border-top: none; border-left: none;\">16<\/td>\n<td class=\"xl73\" style=\"border-top: none; border-left: none;\"><\/td>\n<\/tr>\n<\/tbody>\n<\/table>\n<p>&nbsp;<br \/>\nWer noch ein paar weiterf\u00fchrende Tips w\u00fcnscht, kann sich den In-Depth Bounty-Guide von Bukama und Mojito zu Gem\u00fcte f\u00fchren:<a id=\"thread_title_1792654\" class=\"title\" href=\"https:\/\/diablo3.ingame.de\/forum\/threads\/1792654-In-Depth-Bounty-Guide-Tipps-und-Code-of-Conduct-f\u00fcr-Public-Bounties\"><\/a><br \/>\n<a href=\"https:\/\/diablo3.ingame.de\/forum\/threads\/1792654-In-Depth-Bounty-Guide-Tipps-und-Code-of-Conduct-f%C3%BCr-Public-Bounties\">In-Depth Bounty-Guide<\/a><\/p>\n","protected":false},"excerpt":{"rendered":"<p>Kopfgelder bzw. Bountys sind kleine Aufgaben, f\u00fcr deren Erf\u00fcllung es Gold und Erfahrung gibt. In jedem Akt (hier Akt V als Beispiel) werden 5 Kopfgelder angeboten, ersichtlich am gelben Ausrufezeichen auf der Karte beim entsprechenden Wegpunkt: Die Auswahl an Kopfgeldern variiert in jedem Spiel, es werden zuf\u00e4llig 5 St\u00fcck aus einem Pool an Kopfgeldern ausgew\u00e4hlt.&hellip; <a class=\"more-link\" href=\"https:\/\/planetdiablo.eu\/de\/diablo-3\/kopfgelder\/\"><span class=\"screen-reader-text\">Diablo 3 &#8211; Kopfgelder<\/span> weiterlesen<\/a><\/p>\n","protected":false},"author":847,"featured_media":0,"parent":47,"menu_order":0,"comment_status":"closed","ping_status":"closed","template":"","meta":{"footnotes":""},"class_list":["post-579240","page","type-page","status-publish","hentry","entry"],"_links":{"self":[{"href":"https:\/\/planetdiablo.eu\/de\/wp-json\/wp\/v2\/pages\/579240","targetHints":{"allow":["GET"]}}],"collection":[{"href":"https:\/\/planetdiablo.eu\/de\/wp-json\/wp\/v2\/pages"}],"about":[{"href":"https:\/\/planetdiablo.eu\/de\/wp-json\/wp\/v2\/types\/page"}],"author":[{"embeddable":true,"href":"https:\/\/planetdiablo.eu\/de\/wp-json\/wp\/v2\/users\/847"}],"replies":[{"embeddable":true,"href":"https:\/\/planetdiablo.eu\/de\/wp-json\/wp\/v2\/comments?post=579240"}],"version-history":[{"count":0,"href":"https:\/\/planetdiablo.eu\/de\/wp-json\/wp\/v2\/pages\/579240\/revisions"}],"up":[{"embeddable":true,"href":"https:\/\/planetdiablo.eu\/de\/wp-json\/wp\/v2\/pages\/47"}],"wp:attachment":[{"href":"https:\/\/planetdiablo.eu\/de\/wp-json\/wp\/v2\/media?parent=579240"}],"curies":[{"name":"wp","href":"https:\/\/api.w.org\/{rel}","templated":true}]}}