{"id":579434,"date":"2018-08-21T14:15:25","date_gmt":"2018-08-21T12:15:25","guid":{"rendered":"https:\/\/diablo3.ingame.de\/?page_id=579434"},"modified":"2024-11-19T15:33:34","modified_gmt":"2024-11-19T13:33:34","slug":"starter-edition","status":"publish","type":"page","link":"https:\/\/planetdiablo.eu\/de\/diablo-3\/starter-edition\/","title":{"rendered":"Diablo 3 Starter Edition"},"content":{"rendered":"<p>Blizzard bietet allen Noch-Nicht-Diablo3-S\u00fcchtigen die M\u00f6glichkeit, Diablo 3 kostenlos (in stark abgespecktem Umfang) anzuspielen.<\/p>\n<h2>Vorbereitungen<\/h2>\n<p>F\u00fcr das Spielen der Starter Edition wird ein (kostenloser) Battle.net-Account ben\u00f6tigt. Wer noch keinen Battle.net-Account besitzt, kann &gt;&gt; <a href=\"https:\/\/eu.battle.net\/account\/activation\/landing.html?product=D3&amp;d3Gateway\">hier<\/a> &lt;&lt; einen Account erstellen und die App anschlie\u00dfend herunter laden und installieren. Sobald ein Battle.net-Account vorhanden ist, kann die Starter Edition \u00fcber die Accounteinstellungen aktiviert werden. Das sollte dann so aussehen:<br \/><img loading=\"lazy\" decoding=\"async\" class=\"aligncenter wp-image-579440 size-full\" src=\"https:\/\/planetdiablo.eu\/de\/wp-content\/uploads\/2018\/08\/Starter-Edition-aktivieren.jpg\" alt=\"\" width=\"893\" height=\"432\" \/><br \/>Der Client f\u00fcr die Diablo 3 Starter Edition kann dann \u00fcber die <a href=\"https:\/\/www.blizzard.com\/de-de\/apps\/battle.net\/desktop\">Battle.net-App<\/a> installiert und anschlie\u00dfend gestartet werden.https:\/\/diablo3.ingame.de\/files\/2012\/06\/Diablo-3-Logo.png<\/p>\n<h2>Spielstart und erste Schritte<\/h2>\n<p>Nach dem ersten Start des Spiels startet das Intro (welches mit ESC beendet werden kann). Anschlie\u00dfend landet man bei der Charaktererstellung. Auf der linken Seite kann ein Charakter (Barbar, Zauberer, &#8230;) ausgew\u00e4hlt werden. Auf der rechten Seite werden einige Informationen zu den unterschiedlichen Charakteren angezeigt. Nach der Auswahl des Charakters kann das Geschlecht festgelegt und ein Name vergeben werden:<br \/><img loading=\"lazy\" decoding=\"async\" class=\"aligncenter wp-image-579435 size-full\" src=\"https:\/\/planetdiablo.eu\/de\/wp-content\/uploads\/2018\/08\/Charakter-erstellen.jpg\" alt=\"Charaktererstellung\" width=\"960\" height=\"600\" \/><br \/>Bei der Starter Edition k\u00f6nnen keine Kreuzritter oder Totenbeschw\u00f6rer erstellt werden, da diese nur mit der Erweiterung &#8222;Reaper of Souls&#8220; bzw. dem DLC &#8222;R\u00fcckkehr des Totenbeschw\u00f6rers&#8220; gespielt werden k\u00f6nnen. Weitere Einschr\u00e4nkungen sind, dass man keine Hardcore-Helden und keine Saisonalen Helden erstellen kann.<br \/>Mit einem Klick auf &#8222;Helden erstellen&#8220; wird der Held erstellt und es erscheinen diverse Fenster \u00fcber Upgrade M\u00f6glichkeiten und Infos zum aktuellen Patch und der aktuellen Season. und anschlie\u00dfend landet man im Spielmen\u00fc.<\/p>\n<h4>Einschr\u00e4nkungen<\/h4>\n<p>Zus\u00e4tzlich zu den erw\u00e4hnten Einschr\u00e4nkungen st\u00f6\u00dft man auf folgende Einschr\u00e4nkungen in der Starter Edition:<\/p>\n<ul>\n<li>der Abenteuermodus ist nicht spielbar<\/li>\n<li>Herausforderungsportale k\u00f6nnen nicht gespielt werden<\/li>\n<li>es kann nur auf der Schwierigkeitsstufe &#8222;Normal&#8220; gespielt werden<\/li>\n<li>es k\u00f6nnen insgesamt nur 4 Charaktere gleichzeitig erstellt werden<\/li>\n<\/ul>\n<h4>Einstellungen<\/h4>\n<p>Zu Beginn sollte man noch einen Blick auf die Optionen werfen. Die Einstellungen bei Grafik und Sound kann man nach Belieben einstellen.<br \/>Interessant wird es bei den Gameplayeinstellungen. Zu Beginn sind folgende Einstellungen zu empfehlen:<br \/><a href=\"https:\/\/diablo3.ingame.de\/files\/2018\/08\/Starteinstellungen.jpg\"><img loading=\"lazy\" decoding=\"async\" class=\"aligncenter wp-image-579436 size-full\" src=\"https:\/\/planetdiablo.eu\/de\/wp-content\/uploads\/2018\/08\/Starteinstellungen.jpg\" alt=\"Einstellungen\" width=\"1429\" height=\"956\" \/><\/a>Im Bereich HUD werden bis auf Schadenszahlen und Heilungszahlen alle H\u00e4kchen aktiviert. So kann man die Lebensbalken von allen Monstern und die der Verb\u00fcndeten sehen. Ebenso ist zu sehen, \u00fcber wie viel Leben die Gegner verf\u00fcgen. Die Schadenszahlen und die Zahlen f\u00fcr Heilung bleiben vorerst noch deaktiviert. Diese verwirren zu Beginn und man verliert vor lauter Zahlen schnell den \u00dcberblick.<br \/>Im Bereich Interface werden die erweiterten Tooltips und der Wahlmodus aktiviert; ggf. kann man auch noch die Uhr aktivieren, welche dann neben der Minimap angezeigt wird.<br \/>Der aktivierte Wahlmodus erlaubt es, die Fertigkeiten des Charakters (mit wenigen Einschr\u00e4nkungen) frei \u00fcber die f\u00fcr die Ausf\u00fchrung der Fertigkeiten vergebenen Tasten (Standard: 1-4 und linke sowie rechte Maustaste) zu verteilen.<br \/>Die erweiterten Tooltips geben dem Spieler bei der Anzeige der Fertigkeiten detailliertere Informationen \u00fcber die Wirkungsweise der Fertigkeiten. Erh\u00e4lt man ohne diese beim Magischen Geschoss nur die Info, dass ein arkanes Geschoss auf die Gegner geschleudert wird, &#8230;<img loading=\"lazy\" decoding=\"async\" class=\"aligncenter wp-image-579438 size-full\" src=\"https:\/\/planetdiablo.eu\/de\/wp-content\/uploads\/2018\/08\/ohne-erweiterte-Tooltips.jpg\" alt=\"erweiterte Tooltips\" width=\"471\" height=\"262\" \/>&#8230; kann man mit aktivierten erweiterten Tooltips bereits deutlich mehr \u00fcber die Fertigkeit erfahren:<br \/><img loading=\"lazy\" decoding=\"async\" class=\"aligncenter wp-image-579439 size-full\" src=\"https:\/\/planetdiablo.eu\/de\/wp-content\/uploads\/2018\/08\/mit-erweiterten-Tooltips.jpg\" alt=\"erweiterte Tooltips\" width=\"471\" height=\"262\" \/><br \/>Sobald man sich an den Charakter gew\u00f6hnt hat, k\u00f6nnen dann auch die Schadenszahlen und die Zahlenwerte f\u00fcr die Heilung angezeigt werden:<br \/><a href=\"https:\/\/diablo3.ingame.de\/files\/2018\/08\/Fortgeschrittene-Einstellungen.jpg\"><img loading=\"lazy\" decoding=\"async\" class=\"aligncenter wp-image-579437 size-full\" src=\"https:\/\/planetdiablo.eu\/de\/wp-content\/uploads\/2018\/08\/Fortgeschrittene-Einstellungen.jpg\" alt=\"Einstellungen\" width=\"1429\" height=\"956\" \/><\/a>Ebenso empfiehlt es sich, dass man die automatische Deaktivierung der Videosequenzen aktiviert, sobald man selbige nicht mehr sehen mag. So muss man diese w\u00e4hrend des Spieles nicht laufend selber beenden.<br \/>\u00a0<\/p>\n<h2>Die Kampagne<\/h2>\n<p>Hat man diese Einstellungen vorgenommen, kann die Kampagne bis nach dem Tod des Skelettk\u00f6nigs gespielt werden.<br \/>Nach und nach kann man neue Gebiete bereisen und nach jedem Levelaufstieg weitere Fertigkeiten einsetzen und st\u00e4rkere Ausr\u00fcstung tragen. Aber auch die Gegner werden mit jedem Level, das man aufsteigt, st\u00e4rker.<br \/>Bei Diablo 3 wachsen die Gegner mit dem Charakter mit. Je h\u00f6her das Level des Charakters, desto h\u00f6her ist das Level der Gegner, auf die man trifft. So weisen die Auferstandenen zu Beginn der Kampagne vor den Toren Neu Tristrams mit einem Level 1 Charakter 2 bis 3 Lebenspunkte auf. Mit einem Level 13 Charakter steigen diese Werte bereits bis auf z.B. 82 bis 115 an:<br \/><a href=\"https:\/\/diablo3.ingame.de\/files\/2018\/08\/Monsterleben.jpg\"><img loading=\"lazy\" decoding=\"async\" class=\"aligncenter wp-image-579446 size-full\" src=\"https:\/\/planetdiablo.eu\/de\/wp-content\/uploads\/2018\/08\/Monsterleben.jpg\" alt=\"\" width=\"954\" height=\"812\" \/><\/a>In der Starteredition kann der Charakter bis Level 13 gelevelt werden. Anschlie\u00dfend kann man keine weitere Erfahrung sammeln.<br \/><img loading=\"lazy\" decoding=\"async\" class=\"aligncenter wp-image-579445 size-full\" src=\"https:\/\/planetdiablo.eu\/de\/wp-content\/uploads\/2018\/08\/Level-Cap-13.jpg\" alt=\"\" width=\"769\" height=\"145\" \/><br \/>Nachdem man die Kampagne bis zum Sieg \u00fcber den Skelettk\u00f6nig gespielt hat, erscheint folgende Mitteilung:<br \/><img loading=\"lazy\" decoding=\"async\" class=\"aligncenter wp-image-579444 size-full\" src=\"https:\/\/planetdiablo.eu\/de\/wp-content\/uploads\/2018\/08\/Ende-Starter-Edition.jpg\" alt=\"\" width=\"582\" height=\"607\" \/><br \/>Danach kann man die bereisten Gebiete weiterhin erforschen, Gold und Gegenst\u00e4nde sammeln und Monster kloppen. Was jedoch nach kurzer Zeit langweilig wird.<br \/>Entscheidet man sich f\u00fcr den Kauf von Diablo 3, so werden alle in der Starter Edition erspielten Fortschritte (Charaktere, Gold, Truheninhalt, Erfolge, &#8230;) mit ins Spiel \u00fcbernommen.<\/p>\n<h2>Sidenote<\/h2>\n<p>Der Umfang, welcher in der Starter Edition geboten wird, entspricht \u00fcbrigens dem Umfang der Beta zu Diablo 3. Wer damals dabei war, kann sich sicher an zahllose Runs auf den Skelettk\u00f6nig oder auf die Skelettgruppe direkt davor erinnern. Und das nur, um eventuell ein kleines Upgrade der Ausr\u00fcstung zu erhalten.<\/p>\n\n\n<p><\/p>\n","protected":false},"excerpt":{"rendered":"<p>Blizzard bietet allen Noch-Nicht-Diablo3-S\u00fcchtigen die M\u00f6glichkeit, Diablo 3 kostenlos (in stark abgespecktem Umfang) anzuspielen. Vorbereitungen F\u00fcr das Spielen der Starter Edition wird ein (kostenloser) Battle.net-Account ben\u00f6tigt. Wer noch keinen Battle.net-Account besitzt, kann &gt;&gt; hier &lt;&lt; einen Account erstellen und die App anschlie\u00dfend herunter laden und installieren. Sobald ein Battle.net-Account vorhanden ist, kann die Starter Edition&hellip; <a class=\"more-link\" href=\"https:\/\/planetdiablo.eu\/de\/diablo-3\/starter-edition\/\"><span class=\"screen-reader-text\">Diablo 3 Starter Edition<\/span> weiterlesen<\/a><\/p>\n","protected":false},"author":847,"featured_media":0,"parent":47,"menu_order":0,"comment_status":"closed","ping_status":"closed","template":"","meta":{"footnotes":""},"class_list":["post-579434","page","type-page","status-publish","hentry","entry"],"_links":{"self":[{"href":"https:\/\/planetdiablo.eu\/de\/wp-json\/wp\/v2\/pages\/579434","targetHints":{"allow":["GET"]}}],"collection":[{"href":"https:\/\/planetdiablo.eu\/de\/wp-json\/wp\/v2\/pages"}],"about":[{"href":"https:\/\/planetdiablo.eu\/de\/wp-json\/wp\/v2\/types\/page"}],"author":[{"embeddable":true,"href":"https:\/\/planetdiablo.eu\/de\/wp-json\/wp\/v2\/users\/847"}],"replies":[{"embeddable":true,"href":"https:\/\/planetdiablo.eu\/de\/wp-json\/wp\/v2\/comments?post=579434"}],"version-history":[{"count":2,"href":"https:\/\/planetdiablo.eu\/de\/wp-json\/wp\/v2\/pages\/579434\/revisions"}],"predecessor-version":[{"id":589404,"href":"https:\/\/planetdiablo.eu\/de\/wp-json\/wp\/v2\/pages\/579434\/revisions\/589404"}],"up":[{"embeddable":true,"href":"https:\/\/planetdiablo.eu\/de\/wp-json\/wp\/v2\/pages\/47"}],"wp:attachment":[{"href":"https:\/\/planetdiablo.eu\/de\/wp-json\/wp\/v2\/media?parent=579434"}],"curies":[{"name":"wp","href":"https:\/\/api.w.org\/{rel}","templated":true}]}}