{"id":580439,"date":"2019-11-20T08:42:28","date_gmt":"2019-11-20T07:42:28","guid":{"rendered":"https:\/\/diablo3.ingame.de\/?page_id=580439"},"modified":"2023-03-13T09:46:09","modified_gmt":"2023-03-13T07:46:09","slug":"diablo-4-2","status":"publish","type":"page","link":"https:\/\/planetdiablo.eu\/de\/diablo-4-2\/","title":{"rendered":"Diablo 4"},"content":{"rendered":"<p><img loading=\"lazy\" decoding=\"async\" class=\"aligncenter wp-image-579995 size-full\" src=\"https:\/\/planetdiablo.eu\/de\/wp-content\/uploads\/2019\/11\/diablo-4-logo-1.jpg\" alt=\"\" width=\"1650\" height=\"928\" \/><\/p>\n<p>Diablo 4 ist das vierte &#8211; mit Diablo:Immortal f\u00fcnfte &#8211; Spiel der beliebten Diablo-Reihe von Blizzard. Auch dieses Mal geht es darum, Sanktuario vor dem ultimativen B\u00f6sen zu sch\u00fctzen &#8211; in Diablo 4 in Form von Lilith.<\/p>\n<p>Diablo 4 soll am <strong>6.6.2023<\/strong> ver\u00f6ffentlicht werden, wobei es die M\u00f6glichkeit gibt, \u00fcber die Deluxe Edition oder die Ultimate Edition bereits bis zu 4 Tage fr\u00fcher in die neuen Abenteuer Sanktuarios einzutauchen. Die ebenfalls fr\u00fcher verf\u00fcgbare Vorbesteller &#8211; Beta l\u00e4uft vom 17. bis 19. M\u00e4rz und die Offene Beta f\u00fcr alle vom 24. bis 26. M\u00e4rz.<\/p>\n<p>Anders als in den vorherigen Versionen, aber vergleichbar zu Diablo: Immortal wird Diablo 4 Open World Elelemente haben, wobei es seitens der Entwickler heisst, dass man die Kampagne bzw. einen Gro\u00dfteil des Spiels auch alleine spielen kann &#8211; Weltbosse mal ausgenommen.<\/p>\n<p>F\u00fcr Euch haben wir ein paar Infos zusammengestellt:<\/p>\n<p><a href=\"https:\/\/planetdiablo.eu\/de\/diablo-4-2\/primaerstats-der-charakterklassen\/\">Die Prim\u00e4rstats der Charakterklassen<\/a><\/p>\n<p>&#8211; Steigerung und Auswirkungen<\/p>\n<p><a href=\"https:\/\/planetdiablo.eu\/de\/diablo-4-2\/diablo-4-grundlagen-des-skillsystems\/\">Grundlegendes zum Skillsystem in Diablo 4<\/a><\/p>\n<p>&#8211; Wie sieht es mit den Clustern aus? Welche Systematiki gibt es=<\/p>\n<p><a href=\"https:\/\/planetdiablo.eu\/de\/diablo-4-2\/diablo-4-regionen-von-sanktuario\/\">Die Startregionen in Diablo 4<\/a><\/p>\n<p>&#8211; Alle Regionen ausf\u00fchrlich vorgestellt, soweit vorhanden auch mit Video.<\/p>\n<p>Diese Liste erg\u00e4nzen wir im Lauf der n\u00e4chsten Wochen regelm\u00e4ssig.<br \/>\nImmer wieder mal vorbei schauen lohnt sich somit.<\/p>\n","protected":false},"excerpt":{"rendered":"<p>Diablo 4 ist das vierte &#8211; mit Diablo:Immortal f\u00fcnfte &#8211; Spiel der beliebten Diablo-Reihe von Blizzard. Auch dieses Mal geht es darum, Sanktuario vor dem ultimativen B\u00f6sen zu sch\u00fctzen &#8211; in Diablo 4 in Form von Lilith. Diablo 4 soll am 6.6.2023 ver\u00f6ffentlicht werden, wobei es die M\u00f6glichkeit gibt, \u00fcber die Deluxe Edition oder die&hellip; <a class=\"more-link\" href=\"https:\/\/planetdiablo.eu\/de\/diablo-4-2\/\"><span class=\"screen-reader-text\">Diablo 4<\/span> weiterlesen<\/a><\/p>\n","protected":false},"author":847,"featured_media":0,"parent":0,"menu_order":11,"comment_status":"closed","ping_status":"closed","template":"","meta":{"footnotes":""},"class_list":["post-580439","page","type-page","status-publish","hentry","entry"],"_links":{"self":[{"href":"https:\/\/planetdiablo.eu\/de\/wp-json\/wp\/v2\/pages\/580439","targetHints":{"allow":["GET"]}}],"collection":[{"href":"https:\/\/planetdiablo.eu\/de\/wp-json\/wp\/v2\/pages"}],"about":[{"href":"https:\/\/planetdiablo.eu\/de\/wp-json\/wp\/v2\/types\/page"}],"author":[{"embeddable":true,"href":"https:\/\/planetdiablo.eu\/de\/wp-json\/wp\/v2\/users\/847"}],"replies":[{"embeddable":true,"href":"https:\/\/planetdiablo.eu\/de\/wp-json\/wp\/v2\/comments?post=580439"}],"version-history":[{"count":9,"href":"https:\/\/planetdiablo.eu\/de\/wp-json\/wp\/v2\/pages\/580439\/revisions"}],"predecessor-version":[{"id":587122,"href":"https:\/\/planetdiablo.eu\/de\/wp-json\/wp\/v2\/pages\/580439\/revisions\/587122"}],"wp:attachment":[{"href":"https:\/\/planetdiablo.eu\/de\/wp-json\/wp\/v2\/media?parent=580439"}],"curies":[{"name":"wp","href":"https:\/\/api.w.org\/{rel}","templated":true}]}}