{"id":581279,"date":"2021-03-23T13:20:27","date_gmt":"2021-03-23T12:20:27","guid":{"rendered":"https:\/\/planetdiablo.eu\/de\/?page_id=581279"},"modified":"2023-02-15T13:03:37","modified_gmt":"2023-02-15T11:03:37","slug":"planetdiablo-discord-community","status":"publish","type":"page","link":"https:\/\/planetdiablo.eu\/de\/planetdiablo-discord-community\/","title":{"rendered":"Die Planetdiablo Discord Community"},"content":{"rendered":"<div class=\"wp-block-image\">\n<figure class=\"aligncenter size-full\"><img loading=\"lazy\" decoding=\"async\" width=\"960\" height=\"540\" src=\"https:\/\/planetdiablo.eu\/de\/wp-content\/uploads\/2023\/02\/discord-invite-hintergrund.webp\" alt=\"plaentdiablo discord server Einladung Hintergrund\" class=\"wp-image-586437\" srcset=\"https:\/\/planetdiablo.eu\/de\/wp-content\/uploads\/2023\/02\/discord-invite-hintergrund.webp 960w, https:\/\/planetdiablo.eu\/de\/wp-content\/uploads\/2023\/02\/discord-invite-hintergrund-720x405.webp 720w, https:\/\/planetdiablo.eu\/de\/wp-content\/uploads\/2023\/02\/discord-invite-hintergrund-768x432.webp 768w\" sizes=\"auto, (max-width: 960px) 100vw, 960px\" \/><\/figure>\n<\/div>\n\n\n<p><\/p>\n\n\n\n<p>F\u00fcr den kleinen Chat zwischendurch, f\u00fcr die spontane Suche nach offenen Spielen innerhalb der Community, f\u00fcr organsisierte Baalruns, f\u00fcr Gamechats,  f\u00fcr ein paar Infos oder einfach nur um zu chillen oder zu quatschen, der DiscordServer von <strong>planetdiablo<\/strong> ist f\u00fcr Euch da.<br><br>Seit Neuerem auch mit exklusivem D2R Cain Bot von ZAG der euch gerne erz\u00e4hlt welche Werte Uniques oder Runenw\u00f6rter in beliebigen Rohlingen annehmen k\u00f6nnen und auch deren Durchschnittsschaden errechnet.<\/p>\n\n\n\n<p>Klickt auf das Widget hier (Button: Connect) um auf unseren Discordserver zu kommen. Ihr k\u00f6nnt das im Browser machen oder die Discord-App f\u00fcr den Computer oder das Mobilger\u00e4t installieren (empfohlen).<\/p>\n\n\n\n<p><strong>Tipp<\/strong>: Am Anfang k\u00f6nnt ihr noch nicht viel machen. Erst wenn Ihr im Channel &#8222;<strong>Regeln<\/strong>&#8220; unsere Regeln abgenickt habt, kann es richtig losgehen. <\/p>\n\n\n\n<p><strong>Pro-Tipp<\/strong>: Falls Ihr bereits einen Discord-Account habt, k\u00f6nnt Ihr nur f\u00fcr unseren Server Euren Nickname \u00e4ndern. Klickt mit der rechten Maustaste auf (unseren) Servernamen und w\u00e4hlt aus dem Men\u00fc &#8222;Nickname \u00e4ndern&#8220; (change nickname) aus. Die \u00c4nderung gilt nur f\u00fcr unseren Server. Praktisch wenn man schon in anderen Communitys mit anderer Zielsetzung unterwegs ist und dort einen passenden Nicknamen hat der hier nicht so richtig reinpassen w\u00fcrde.<\/p>\n\n\n\n<p>Viel Spa\u00df dabei!<\/p>\n\n\n\n<p>Hinweis: Discord ist ein amerikanisches Unternehmen mit einer eigenen Datenschutzerkl\u00e4rung. Wenn Ihr unserem Server beitretet, akzeptiert ihr deren <a href=\"https:\/\/discord.com\/privacy\">Datenschutzbestimmungen <\/a>die von unseren abweichen.<br>Immerhin k\u00f6nnt Ihr ein paar Einstellungen vornehmen <a href=\"https:\/\/support.discord.com\/hc\/de\/articles\/360004109911-Datenschutzbestimmungen\">wie hier geschildert.<\/a><\/p>\n\n\n<p><iframe loading=\"lazy\" src=\"https:\/\/discord.com\/widget?id=809465274885341214&amp;theme=dark\" allowtransparency=\"true\" sandbox=\"allow-popups allow-popups-to-escape-sandbox allow-same-origin allow-scripts\" width=\"350\" height=\"500\" frameborder=\"0\"><\/iframe><\/p>\n\n\n<p><\/p>\n","protected":false},"excerpt":{"rendered":"<p>F\u00fcr den kleinen Chat zwischendurch, f\u00fcr die spontane Suche nach offenen Spielen innerhalb der Community, f\u00fcr organsisierte Baalruns, f\u00fcr Gamechats, f\u00fcr ein paar Infos oder einfach nur um zu chillen oder zu quatschen, der DiscordServer von planetdiablo ist f\u00fcr Euch da. Seit Neuerem auch mit exklusivem D2R Cain Bot von ZAG der euch gerne erz\u00e4hlt&hellip; <a class=\"more-link\" href=\"https:\/\/planetdiablo.eu\/de\/planetdiablo-discord-community\/\"><span class=\"screen-reader-text\">Die Planetdiablo Discord Community<\/span> weiterlesen<\/a><\/p>\n","protected":false},"author":762,"featured_media":0,"parent":0,"menu_order":11,"comment_status":"closed","ping_status":"closed","template":"","meta":{"footnotes":""},"class_list":["post-581279","page","type-page","status-publish","hentry","entry"],"_links":{"self":[{"href":"https:\/\/planetdiablo.eu\/de\/wp-json\/wp\/v2\/pages\/581279","targetHints":{"allow":["GET"]}}],"collection":[{"href":"https:\/\/planetdiablo.eu\/de\/wp-json\/wp\/v2\/pages"}],"about":[{"href":"https:\/\/planetdiablo.eu\/de\/wp-json\/wp\/v2\/types\/page"}],"author":[{"embeddable":true,"href":"https:\/\/planetdiablo.eu\/de\/wp-json\/wp\/v2\/users\/762"}],"replies":[{"embeddable":true,"href":"https:\/\/planetdiablo.eu\/de\/wp-json\/wp\/v2\/comments?post=581279"}],"version-history":[{"count":15,"href":"https:\/\/planetdiablo.eu\/de\/wp-json\/wp\/v2\/pages\/581279\/revisions"}],"predecessor-version":[{"id":586438,"href":"https:\/\/planetdiablo.eu\/de\/wp-json\/wp\/v2\/pages\/581279\/revisions\/586438"}],"wp:attachment":[{"href":"https:\/\/planetdiablo.eu\/de\/wp-json\/wp\/v2\/media?parent=581279"}],"curies":[{"name":"wp","href":"https:\/\/api.w.org\/{rel}","templated":true}]}}