{"id":581893,"date":"2021-03-30T13:58:28","date_gmt":"2021-03-30T12:58:28","guid":{"rendered":"https:\/\/planetdiablo.eu\/de\/?page_id=581893"},"modified":"2023-02-22T19:24:15","modified_gmt":"2023-02-22T17:24:15","slug":"diablo-2-runen","status":"publish","type":"page","link":"https:\/\/planetdiablo.eu\/de\/diablo-2\/diablo-2-runen\/","title":{"rendered":"Diablo 2 &#8211; Runen"},"content":{"rendered":"\n<p>Diese Seite ist f\u00fcr <strong>D2 Legacy<\/strong>. F\u00fcr <strong>D2 Resurrected<\/strong> empfehlen wir die zuk\u00fcnftig gepflegte<a href=\"https:\/\/planetdiablo.eu\/d2dbneu\/itemdb\/runes.php\"> D2R Runenliste<\/a>.<\/p>\n\n\n\n<p>Diese Auflistung gibt einen \u00dcberblick \u00fcber alle Runen, die in Diablo 2 LoD verf\u00fcgbar sind. Runen entfalten ihre Wirkung erst, wenn sie in einen Gegenstand gesockelt werden. Welche Eigenschaften das sind k\u00f6nnt ihr der folgenden Tabelle entnehmen. Zur Nutzung der Runen muss das entsprechend der Rune erforderliche Charlevel ber\u00fccksichtigt werden.<\/p>\n\n\n\n<p>Runen k\u00f6nnen zur n\u00e4chst h\u00f6heren Stufe aufgewertet werden. Was dazu notwendig ist,  k\u00f6nnt ihr ebenfalls der Tabelle entnehmen.<\/p>\n\n\n\n<p>Je nachdem, ob man die Runen in einen Helm, eine Waffe, eine R\u00fcstung oder in einen Schild sockelt, ergeben sich andere Eigenschaften. Bei den Eigenschaften in der Tabelle steht W f\u00fcr Waffe, R f\u00fcr R\u00fcstung, S f\u00fcr Schild, H f\u00fcr Helm.<\/p>\n\n\n\n<p>In der D2DB Datenbank f\u00fcr D2R haben wir eine etwas komfortablere Version dieser <a href=\"https:\/\/planetdiablo.eu\/d2dbneu\/itemdb\/runes.php\">Runenliste<\/a> f\u00fcr Euch. Ihr k\u00f6nnt Sie an Stelle dieser Liste nutzen, solange sich an den Runeneigenschaften oder an den Runen durch D2R selbst nichts \u00e4ndert.<\/p>\n\n\n\n<figure class=\"wp-block-table is-style-stripes\"><table><tbody><tr><td>Rune<\/td><td>Clvl<\/td><td class=\"has-text-align-center\" data-align=\"center\">Aufwertung<\/td><td>Eigenschaften<\/td><\/tr><tr><td><img decoding=\"async\" src=\"https:\/\/planetdiablo.eu\/de\/wp-content\/uploads\/2014\/06\/INVREL.gif\"> El<\/td><td>11<\/td><td class=\"has-text-align-center\" data-align=\"center\">&#8211;<\/td><td>W: +50 zu Angriffswert<br>+1 zu Lichtradius<br>R\/S\/H: +15 Verteidigung<br>+1 zu Lichtradius<\/td><\/tr><tr><td><img decoding=\"async\" src=\"https:\/\/planetdiablo.eu\/de\/wp-content\/uploads\/2014\/06\/INVRELD.gif\"> Eld<\/td><td>11<\/td><td class=\"has-text-align-center\" data-align=\"center\">3x EL<\/td><td>W: +75% Schaden an Untoten<br>+50 zu Angriffswert gegen Untote<br>R\/H: 15 langsamer Ausdauerabsaugung<br>S: 7% erh\u00f6hte Chance beim Blocken<\/td><\/tr><tr><td><img decoding=\"async\" src=\"https:\/\/planetdiablo.eu\/de\/wp-content\/uploads\/2021\/03\/invrtir.gif\"> Tir<\/td><td>13<\/td><td class=\"has-text-align-center\" data-align=\"center\">3x Eld<\/td><td>W\/R\/S\/H: 2 zu Mana nach jedem Volltreffer<\/td><\/tr><tr><td><img decoding=\"async\" src=\"https:\/\/planetdiablo.eu\/de\/wp-content\/uploads\/2021\/03\/invrnef.gif\"> Nef<\/td><td>13<\/td><td class=\"has-text-align-center\" data-align=\"center\">3x TIR<\/td><td>W: Wegsto\u00dfung<br>R\/S\/H: +30 Verteidigung gegen Geschoss<\/td><\/tr><tr><td><img decoding=\"async\" src=\"https:\/\/planetdiablo.eu\/de\/wp-content\/uploads\/2014\/06\/INVRETH.gif\"> Eth<\/td><td>15<\/td><td class=\"has-text-align-center\" data-align=\"center\">3x Nef<\/td><td>W: -25% Ziel-Verteidigung<br>R\/S\/H: Mana Generierung 15%<\/td><\/tr><tr><td><img decoding=\"async\" src=\"https:\/\/planetdiablo.eu\/de\/wp-content\/uploads\/2014\/06\/INVRITH.gif\"> Ith<\/td><td>15<\/td><td class=\"has-text-align-center\" data-align=\"center\">3x Eth<\/td><td>W: +9 zu max. Schaden<br>R\/S\/H: 15% erlittener Schaden geht auf Mana<\/td><\/tr><tr><td><img decoding=\"async\" src=\"https:\/\/planetdiablo.eu\/de\/wp-content\/uploads\/2014\/06\/INVRTAL.gif\"> Tal<\/td><td>17<\/td><td class=\"has-text-align-center\" data-align=\"center\">3x Ith<\/td><td>W: +75 Gift-Schaden, Dauer 5 Sekunden<br>R\/S\/H: Gift-Widerstand +30%<\/td><\/tr><tr><td><img decoding=\"async\" src=\"https:\/\/planetdiablo.eu\/de\/wp-content\/uploads\/2014\/06\/INVRRAL.gif\"> Ral<\/td><td>19<\/td><td class=\"has-text-align-center\" data-align=\"center\">3x Tal<\/td><td>W: Erh\u00f6ht um 5-30 Feuer-Schaden<br>R\/S\/H: Feuer-Widerstand +30%<\/td><\/tr><tr><td><img decoding=\"async\" src=\"https:\/\/planetdiablo.eu\/de\/wp-content\/uploads\/2014\/06\/INVRORT.gif\"> Ort<\/td><td>21<\/td><td class=\"has-text-align-center\" data-align=\"center\">3x Ral<\/td><td>W: Erh\u00f6ht um 1-50 Blitz-Schaden<br>R\/S\/H: Blitz-Widerstand +30%<\/td><\/tr><tr><td><img decoding=\"async\" src=\"https:\/\/planetdiablo.eu\/de\/wp-content\/uploads\/2014\/06\/INVRTHUL.gif\"> Thul<\/td><td>23<\/td><td class=\"has-text-align-center\" data-align=\"center\">3x Ort<\/td><td>W: Erh\u00f6ht um 3-14 K\u00e4lte-Schaden<br>R\/S\/H: K\u00e4lte-Widerstand +30%<\/td><\/tr><tr><td><img decoding=\"async\" src=\"https:\/\/planetdiablo.eu\/de\/wp-content\/uploads\/2014\/06\/INVRAMN.gif\"> Amn<\/td><td>25<\/td><td class=\"has-text-align-center\" data-align=\"center\">3x Thul<br>+ l\u00e4dierter Topas<\/td><td>W: 7% abgesaugtes Leben pro Treffer<br>R\/S\/H: Angreifer erleidet Schaden von 14<\/td><\/tr><tr><td><img decoding=\"async\" src=\"https:\/\/planetdiablo.eu\/de\/wp-content\/uploads\/2014\/06\/INVRSOL.gif\"> Sol<\/td><td>27<\/td><td class=\"has-text-align-center\" data-align=\"center\">3x Amn<br>+ l\u00e4dierter Amethyst<\/td><td>W: +9 zu min. Schaden<br>R\/S\/H: Schaden reduziert um 7<\/td><\/tr><tr><td><img decoding=\"async\" src=\"https:\/\/planetdiablo.eu\/de\/wp-content\/uploads\/2014\/06\/INVRSHAEL.gif\"> Shael<\/td><td>29<\/td><td class=\"has-text-align-center\" data-align=\"center\">3x Sol<br>+ l\u00e4dierter Saphir<\/td><td>W: +20% erh\u00f6hte Angriffsgeschwindigkeit<br>R\/H: +20% schnellere Erholung nach Treffer<br>S: +20% schnellere Abblockrate<\/td><\/tr><tr><td><img decoding=\"async\" src=\"https:\/\/planetdiablo.eu\/de\/wp-content\/uploads\/2014\/06\/INVRDOL.gif\"> Dol<\/td><td>31<\/td><td class=\"has-text-align-center\" data-align=\"center\">3x Shael<br>+ l\u00e4dierter Rubin<\/td><td>W: Treffer veranlassen Monster zur Flucht 25%<br>R\/S\/H: Leben wieder auff\u00fcllen +7<\/td><\/tr><tr><td><img decoding=\"async\" src=\"https:\/\/planetdiablo.eu\/de\/wp-content\/uploads\/2014\/06\/INVRHEL.gif\"> Hel<\/td><td>&#8211;<\/td><td class=\"has-text-align-center\" data-align=\"center\">3x Dol<br>+ l\u00e4dierter Smaragd<\/td><td>W: Anforderungen -20%<br>R\/S\/H: Anforderungen -15%<\/td><\/tr><tr><td><img decoding=\"async\" src=\"https:\/\/planetdiablo.eu\/de\/wp-content\/uploads\/2014\/06\/INVRIO.gif\"> Io<\/td><td>35<\/td><td class=\"has-text-align-center\" data-align=\"center\">3x Hel<br>+ l\u00e4dierter Diamant<\/td><td>W: +10 zu Vitalit\u00e4t<br>R\/S\/H: +10 zu Vitalit\u00e4t<\/td><\/tr><tr><td><img decoding=\"async\" src=\"https:\/\/planetdiablo.eu\/de\/wp-content\/uploads\/2014\/06\/INVRLUM.gif\"> Lum<\/td><td>37<\/td><td class=\"has-text-align-center\" data-align=\"center\">3x Io<br>+ fehlerhafter Topas<\/td><td>W: +10 zu Energie<br>R\/S\/H: +10 zu Energie<\/td><\/tr><tr><td><img decoding=\"async\" src=\"https:\/\/planetdiablo.eu\/de\/wp-content\/uploads\/2014\/06\/INVRKO.gif\"> Ko<\/td><td>39<\/td><td class=\"has-text-align-center\" data-align=\"center\">3x Lum<br>+ fehlerhafter Amethyst<\/td><td>W: +10 zu Geschicklichkeit<br>R\/S\/H: +10 zu Geschicklichkeit<\/td><\/tr><tr><td><img decoding=\"async\" src=\"https:\/\/planetdiablo.eu\/de\/wp-content\/uploads\/2014\/06\/INVRFAL.gif\"> Fal<\/td><td>41<\/td><td class=\"has-text-align-center\" data-align=\"center\">3x Ko<br>+ fehlerhafter Saphir<\/td><td>W: +10 zu St\u00e4rke<br>R\/S\/H: +10 zu St\u00e4rke<\/td><\/tr><tr><td><img decoding=\"async\" src=\"https:\/\/planetdiablo.eu\/de\/wp-content\/uploads\/2014\/06\/INVRLEM.gif\"> Lem<\/td><td>43<\/td><td class=\"has-text-align-center\" data-align=\"center\">3x Fal<br>+ fehlerhafter Rubin<\/td><td>W: 75% Extra Gold von Monstern<br>R\/S\/H: 50% Extra Gold von Monstern<\/td><\/tr><tr><td><img decoding=\"async\" src=\"https:\/\/planetdiablo.eu\/de\/wp-content\/uploads\/2014\/06\/INVRPUL.gif\"> Pul<\/td><td>45<\/td><td class=\"has-text-align-center\" data-align=\"center\">3x Lem<br>+ fehlerhafter Smaragd<\/td><td>W: +75% erh\u00f6hter Schaden gegen D\u00e4monen<br>+100 zu Angriffswert gegen D\u00e4monen<br>R\/S\/H: +30% Verbesserte Verteidigung<\/td><\/tr><tr><td><img decoding=\"async\" src=\"https:\/\/planetdiablo.eu\/de\/wp-content\/uploads\/2014\/06\/INVRUM.gif\"> Um<\/td><td>47<\/td><td class=\"has-text-align-center\" data-align=\"center\">2x Pul<br>+ fehlerhafter Diamant<\/td><td>W: 25% Chance auf offene Wunden<br>R\/H: Alle Widerstandsarten +15%<br>S: Alle Widerstandsarten +22%<\/td><\/tr><tr><td><img decoding=\"async\" src=\"https:\/\/planetdiablo.eu\/de\/wp-content\/uploads\/2014\/06\/INVRMAL.gif\"> Mal<\/td><td>49<\/td><td class=\"has-text-align-center\" data-align=\"center\">2x Um<br>+ Topas<\/td><td>W: Verhindert Monsterheilung<br>R\/S\/H: Magie-Schaden reduziert um 7<\/td><\/tr><tr><td><img decoding=\"async\" src=\"https:\/\/planetdiablo.eu\/de\/wp-content\/uploads\/2014\/06\/INVRIST.gif\"> Ist<\/td><td>51<\/td><td class=\"has-text-align-center\" data-align=\"center\">2x  Mal<br>+ Amethyst<\/td><td>W: 30% bessere Chance magischen Gegenstand zu erhalten<br>R\/S\/H: 25% bessere Chance magischen Gegenstand zu erhalten<\/td><\/tr><tr><td><img decoding=\"async\" src=\"https:\/\/planetdiablo.eu\/de\/wp-content\/uploads\/2014\/06\/INVRGUL.gif\"> Gul<\/td><td>53<\/td><td class=\"has-text-align-center\" data-align=\"center\">2x Ist<br>+ Saphir<\/td><td>W: 20% Bonus zu Angriffswert<br>R\/S\/H: +5% zu Maximaler Gift-Widerstand<\/td><\/tr><tr><td><img decoding=\"async\" src=\"https:\/\/planetdiablo.eu\/de\/wp-content\/uploads\/2014\/06\/INVRVEX.gif\"> Vex<\/td><td>55<\/td><td class=\"has-text-align-center\" data-align=\"center\">2x Gul<br>+ Rubin<\/td><td>W: 7% abgesaugtes Mana pro Treffer<br>R\/S\/H: +5% zu Maximaler Feuer-Widerstand<\/td><\/tr><tr><td><img decoding=\"async\" src=\"https:\/\/planetdiablo.eu\/de\/wp-content\/uploads\/2014\/06\/INVROHM.gif\"> Ohm<\/td><td>57<\/td><td class=\"has-text-align-center\" data-align=\"center\">2x Vex<br>+ Smaragd<\/td><td>W: +50% erh\u00f6hter Schaden<br>R\/S\/H: +5% zu Maximaler K\u00e4lte-Widerstand<\/td><\/tr><tr><td><img decoding=\"async\" src=\"https:\/\/planetdiablo.eu\/de\/wp-content\/uploads\/2014\/06\/INVRLO.gif\"> Lo<\/td><td>59<\/td><td class=\"has-text-align-center\" data-align=\"center\">2x Ohm<br>+ Diamant<\/td><td>W: 20% Todesschlag<br>R\/S\/H: +5% zu Maximaler Blitz-Widerstand<\/td><\/tr><tr><td><img decoding=\"async\" src=\"https:\/\/planetdiablo.eu\/de\/wp-content\/uploads\/2014\/06\/INVRSUR.gif\"> Sur<\/td><td>61<\/td><td class=\"has-text-align-center\" data-align=\"center\">2x Lo<br>+ makelloser Topas<\/td><td>W: Treffer blendet Ziel<br>R\/H: +5% zu Mana<br>S: +50 zu Mana<\/td><\/tr><tr><td><img decoding=\"async\" src=\"https:\/\/planetdiablo.eu\/de\/wp-content\/uploads\/2014\/06\/INVRBER.gif\"> Ber<\/td><td>63<\/td><td class=\"has-text-align-center\" data-align=\"center\">2x Sur<br>makelloser Amethyst<\/td><td>W: 20% Chance auf vernichtenden Schlag<br>R\/S\/H: Schaden reduziert um 8%<\/td><\/tr><tr><td><img decoding=\"async\" src=\"https:\/\/planetdiablo.eu\/de\/wp-content\/uploads\/2014\/06\/INVRJAH.gif\"> Jah<\/td><td>65<\/td><td class=\"has-text-align-center\" data-align=\"center\">2x Ber<br>makelloser Saphir<\/td><td>W: Verteidigung des Ziels ignorieren<br>R\/S: +5% zu Leben<br>H: +50 zu Leben<\/td><\/tr><tr><td><img decoding=\"async\" src=\"https:\/\/planetdiablo.eu\/de\/wp-content\/uploads\/2014\/06\/INVRCHAM.gif\"> Cham<\/td><td>67<\/td><td class=\"has-text-align-center\" data-align=\"center\">2x Jah<br>makelloser Rubin<\/td><td>W: Friert das Ziel ein<br>R\/S\/H: Einfrieren nicht m\u00f6glich<\/td><\/tr><tr><td><img decoding=\"async\" src=\"https:\/\/planetdiablo.eu\/de\/wp-content\/uploads\/2014\/06\/INVRZOD.gif\"> Zod<\/td><td>69<\/td><td class=\"has-text-align-center\" data-align=\"center\">2x Cham<br>makelloser Smaragd<\/td><td>W: Unzerst\u00f6rbar<br>R\/S\/H: Unzerst\u00f6rbar<\/td><\/tr><\/tbody><\/table><figcaption class=\"wp-element-caption\">Runenliste<\/figcaption><\/figure>\n\n\n\n<p>F\u00fcr bestimmte Kombinationen aus Runen gibt es sogenannte Runenw\u00f6rter. Welche das sind und was diese bewirken k\u00f6nnt ihr auf der Seite zu den <a href=\"https:\/\/planetdiablo.eu\/diablo2\/itemdb\/runeword_index.php\">Runenw\u00f6rtern <\/a>nachschauen.<\/p>\n\n\n\n<p>F\u00fcr Diablo 2 Resurrected haben wir selbstverst\u00e4ndliche eine aktualisierte Version der <a href=\"https:\/\/planetdiablo.eu\/d2dbneu\/itemdb\/runeword_index.php\">Runenw\u00f6rter<\/a>.<\/p>\n","protected":false},"excerpt":{"rendered":"<p>Diese Seite ist f\u00fcr D2 Legacy. F\u00fcr D2 Resurrected empfehlen wir die zuk\u00fcnftig gepflegte D2R Runenliste. Diese Auflistung gibt einen \u00dcberblick \u00fcber alle Runen, die in Diablo 2 LoD verf\u00fcgbar sind. Runen entfalten ihre Wirkung erst, wenn sie in einen Gegenstand gesockelt werden. Welche Eigenschaften das sind k\u00f6nnt ihr der folgenden Tabelle entnehmen. Zur Nutzung&hellip; <a class=\"more-link\" href=\"https:\/\/planetdiablo.eu\/de\/diablo-2\/diablo-2-runen\/\"><span class=\"screen-reader-text\">Diablo 2 &#8211; Runen<\/span> weiterlesen<\/a><\/p>\n","protected":false},"author":847,"featured_media":0,"parent":71,"menu_order":0,"comment_status":"closed","ping_status":"closed","template":"","meta":{"footnotes":""},"class_list":["post-581893","page","type-page","status-publish","hentry","entry"],"_links":{"self":[{"href":"https:\/\/planetdiablo.eu\/de\/wp-json\/wp\/v2\/pages\/581893","targetHints":{"allow":["GET"]}}],"collection":[{"href":"https:\/\/planetdiablo.eu\/de\/wp-json\/wp\/v2\/pages"}],"about":[{"href":"https:\/\/planetdiablo.eu\/de\/wp-json\/wp\/v2\/types\/page"}],"author":[{"embeddable":true,"href":"https:\/\/planetdiablo.eu\/de\/wp-json\/wp\/v2\/users\/847"}],"replies":[{"embeddable":true,"href":"https:\/\/planetdiablo.eu\/de\/wp-json\/wp\/v2\/comments?post=581893"}],"version-history":[{"count":12,"href":"https:\/\/planetdiablo.eu\/de\/wp-json\/wp\/v2\/pages\/581893\/revisions"}],"predecessor-version":[{"id":586573,"href":"https:\/\/planetdiablo.eu\/de\/wp-json\/wp\/v2\/pages\/581893\/revisions\/586573"}],"up":[{"embeddable":true,"href":"https:\/\/planetdiablo.eu\/de\/wp-json\/wp\/v2\/pages\/71"}],"wp:attachment":[{"href":"https:\/\/planetdiablo.eu\/de\/wp-json\/wp\/v2\/media?parent=581893"}],"curies":[{"name":"wp","href":"https:\/\/api.w.org\/{rel}","templated":true}]}}