{"id":581918,"date":"2021-03-30T20:19:19","date_gmt":"2021-03-30T19:19:19","guid":{"rendered":"https:\/\/planetdiablo.eu\/de\/?page_id=581918"},"modified":"2023-03-03T22:58:57","modified_gmt":"2023-03-03T20:58:57","slug":"diablo-2-zeichen-der-absolution","status":"publish","type":"page","link":"https:\/\/planetdiablo.eu\/de\/diablo-2\/diablo-2-zeichen-der-absolution\/","title":{"rendered":"Diablo 2 &#8211; Zeichen der Absolution"},"content":{"rendered":"\n<p>Wer sich beim Leveln seines Chars mal verskillt oder wer im Laufe des Ausr\u00fcstens seine Fertigkeiten oder Statuspunkte mehrmals neu vergeben will, hat schnell seine drei Gelegenheiten \u00fcber die Quest &#8222;H\u00f6hle des B\u00f6sen&#8220; bei Akara in Akt I aufgebraucht. Mit Patch 1.13 wurde eine weitere M\u00f6glichkeit eingef\u00fchrt, wie man unendlich oft seine Fertigkeiten und seine Stats zur\u00fcck setzen kann. Aber man muss ein bisschen was daf\u00fcr tun.<\/p>\n\n\n\n<p>Auf dem Schwierigkeitsgrad H\u00f6lle kann man von den Aktbossen folgende Essenzen erhalten:<\/p>\n\n\n\n<ul class=\"wp-block-list\">\n<li><img decoding=\"async\" style=\"\" src=\"https:\/\/planetdiablo.eu\/de\/wp-content\/uploads\/2021\/03\/EdL.gif\"> <strong> Verdorbene Essenz <\/strong>des Leidens \/ Twisted Essence of Suffering<br>zu finden bei Andariel und Duriel<\/li>\n\n\n\n<li><img decoding=\"async\" src=\"https:\/\/planetdiablo.eu\/de\/wp-content\/uploads\/2021\/03\/EdH.gif\"> <strong>Geladene Essenz<\/strong> des Hasses \/ Charged Essence of Hatred<br>zu finden bei Mephisto<\/li>\n\n\n\n<li><img decoding=\"async\" src=\"https:\/\/planetdiablo.eu\/de\/wp-content\/uploads\/2021\/03\/EoT.gif\"> <strong>Brennende Essenz<\/strong> des Schreckens \/ Burning Essence of Terror<br>zu finden bei Diablo<\/li>\n\n\n\n<li><img decoding=\"async\" src=\"https:\/\/planetdiablo.eu\/de\/wp-content\/uploads\/2021\/03\/EdZ.gif\"><strong> Eiternde Essenz<\/strong> der Zerst\u00f6rung \/ Festering Essence of Destruction<br>zu finden bei Baal<\/li>\n<\/ul>\n\n\n\n<p>Voraussichtlich sind mehrere Anl\u00e4ufe erforderlich um an die Essenzen zu kommen. <\/p>\n\n\n\n<p>Diese vier Essenzen legt man dann in den Horadrimw\u00fcrfel und klickt auf Verwandeln. Dadurch erh\u00e4lt man ein &#8222;Zeichen der Absolution \/ Token of Absolution&#8220;: <img decoding=\"async\" src=\"https:\/\/planetdiablo.eu\/de\/wp-content\/uploads\/2021\/03\/ZdA.gif\"><br>Rechtsklickt man nun auf das Zeichen der Absolution, werden alle Fertigkeiten- und Statuspunkte zur\u00fcck gesetzt.<\/p>\n","protected":false},"excerpt":{"rendered":"<p>Wer sich beim Leveln seines Chars mal verskillt oder wer im Laufe des Ausr\u00fcstens seine Fertigkeiten oder Statuspunkte mehrmals neu vergeben will, hat schnell seine drei Gelegenheiten \u00fcber die Quest &#8222;H\u00f6hle des B\u00f6sen&#8220; bei Akara in Akt I aufgebraucht. Mit Patch 1.13 wurde eine weitere M\u00f6glichkeit eingef\u00fchrt, wie man unendlich oft seine Fertigkeiten und seine&hellip; <a class=\"more-link\" href=\"https:\/\/planetdiablo.eu\/de\/diablo-2\/diablo-2-zeichen-der-absolution\/\"><span class=\"screen-reader-text\">Diablo 2 &#8211; Zeichen der Absolution<\/span> weiterlesen<\/a><\/p>\n","protected":false},"author":847,"featured_media":0,"parent":71,"menu_order":0,"comment_status":"closed","ping_status":"closed","template":"","meta":{"footnotes":""},"class_list":["post-581918","page","type-page","status-publish","hentry","entry"],"_links":{"self":[{"href":"https:\/\/planetdiablo.eu\/de\/wp-json\/wp\/v2\/pages\/581918","targetHints":{"allow":["GET"]}}],"collection":[{"href":"https:\/\/planetdiablo.eu\/de\/wp-json\/wp\/v2\/pages"}],"about":[{"href":"https:\/\/planetdiablo.eu\/de\/wp-json\/wp\/v2\/types\/page"}],"author":[{"embeddable":true,"href":"https:\/\/planetdiablo.eu\/de\/wp-json\/wp\/v2\/users\/847"}],"replies":[{"embeddable":true,"href":"https:\/\/planetdiablo.eu\/de\/wp-json\/wp\/v2\/comments?post=581918"}],"version-history":[{"count":4,"href":"https:\/\/planetdiablo.eu\/de\/wp-json\/wp\/v2\/pages\/581918\/revisions"}],"predecessor-version":[{"id":586901,"href":"https:\/\/planetdiablo.eu\/de\/wp-json\/wp\/v2\/pages\/581918\/revisions\/586901"}],"up":[{"embeddable":true,"href":"https:\/\/planetdiablo.eu\/de\/wp-json\/wp\/v2\/pages\/71"}],"wp:attachment":[{"href":"https:\/\/planetdiablo.eu\/de\/wp-json\/wp\/v2\/media?parent=581918"}],"curies":[{"name":"wp","href":"https:\/\/api.w.org\/{rel}","templated":true}]}}