{"id":583283,"date":"2021-09-17T15:17:35","date_gmt":"2021-09-17T13:17:35","guid":{"rendered":"https:\/\/planetdiablo.eu\/de\/?page_id=583283"},"modified":"2022-03-01T11:39:31","modified_gmt":"2022-03-01T09:39:31","slug":"der-d2-trade-beginner-guide","status":"publish","type":"page","link":"https:\/\/planetdiablo.eu\/de\/diablo-2\/der-d2-trade-beginner-guide\/","title":{"rendered":"Der D2 Trade Beginner Guide"},"content":{"rendered":"\n<p><mark style=\"background-color:rgba(0, 0, 0, 0);color:#cf1909\" class=\"has-inline-color\">von planetdiablo.eu<\/mark><\/p>\n\n\n\n<p>Mit Diablo 2 Resurrected kommt (wieder) eine M\u00f6glichkeit ins Spiel welche viele Spieler sehr sch\u00e4tzen: Den ingame-Handel zwischen den Spielern mit im Spiel gefundenen Items. Ziel dieses Guides ist es, Euch als D2 oder D2R-Beginner einen allgemeinen \u00dcberblick \u00fcber die (Spiel-)Mechanismen, die den Handel in D2 bzw. D2 Resurrected pr\u00e4gen, zu erm\u00f6glichen. Denn alles was n\u00fctzlich ist, kann gehandelt werden und wird auch gehandelt.<\/p>\n\n\n\n<p><a href=\"#trade\">Warum \u00fcberhaupt  handeln bzw. traden?<\/a><br><a href=\"#tausch\">Geld, Gold oder was?<\/a><br>I<a href=\"#itemfind\">tems finden<\/a><br><a href=\"#usefulness\">Welche Items sind begehrt?<\/a><br><a href=\"#itemallg\">Die Bewertung von Items<\/a><br><a href=\"#white\">Wei\u00dfe Items<\/a><br><a href=\"#grey\">Graue Items<\/a><br><a href=\"#blue\">Blaue Items<\/a><br><a href=\"#rare\">Gelbe Items<\/a><a href=\"#rare\"><\/a><br><a href=\"#uniques\">Uniques und Sets<\/a><br><a href=\"#charms\">Kleine, grosse und Riesenzauber<\/a><br><a href=\"#runes\">Runen und Juwelen<\/a><br><a href=\"#token\">Token und Essenzen, Craft- oder \u00dcTrist-Key-Sets<\/a>  <br><a href=\"#sammel\">Sammelguide nach Items, Klassen etc.<\/a><\/p>\n\n\n\n<p><a href=\"#preisliste\">Die planetdiablo Preisliste<\/a><br><a href=\"#bnettrades\">Handeln im Battle.net<\/a><br><a href=\"#handeln\">Handeln im Forum<\/a><\/p>\n\n\n\n<h2 class=\"wp-block-heading\">Warum \u00fcberhaupt handeln bzw. traden?<\/h2>\n\n\n\n<p>Gute Items (= Gegenst\u00e4nde) fallen selten und oft f\u00e4llt nicht das Gew\u00fcnschte. Eine L\u00f6sung dieses Problems ist, mit Items die man nicht ben\u00f6tigt zu handeln (zu traden) und sich auf diesem Weg ein ben\u00f6tigtes Item zu beschaffen. Das kann den Spiel- und Charakterfortschritt erheblich erleichtern.<\/p>\n\n\n\n<p>Allerdings muss jeder Spieler f\u00fcr sich selbst herausfinden wo seine pers\u00f6nliche Grenze ist: Wer viel handelt, ben\u00f6tigt viel Zeit f\u00fcr das Suchen, Kaufen und Verkaufen und Verwalten der Items. Die geht dann von der reinen Spielezeit ab. Die meisten Spieler handeln daher nur gelegentlich und nicht st\u00e4ndig. Andere Spieler geniessen den Handelsaspekt des Spiels. Das sind meist die Spieler die das Spiel und seine Mechanismen sehr gut kennen und ihre Charaktere fast blind beherrschen.<\/p>\n\n\n\n<p>Nat\u00fcrlich kann man Items die man nicht ben\u00f6tigt, im Spiel an Freunde verschenken oder wird von ihnen mit Items bedacht. Diese M\u00f6glichkeit hat aber nicht jeder und je nach Anspruch kann das auch nicht ausreichend sein.<\/p>\n\n\n\n<h2 class=\"wp-block-heading\" id=\"tausch\">Geld, Gold, Runen oder was?<\/h2>\n\n\n\n<p>Nun, das ist zun\u00e4chst einmal die pers\u00f6nliche Entscheidung des Einzelnen. Wer bei uns im Forum tradet, macht in aller Regel ein reines Tauschgesch\u00e4ft: Item gegen Items bzw. Ingame-Gold, wobei ein &#8222;Gold-Trade&#8220; eher selten vorkommt. Getradet werden Items gegen Runen, andere Items oder PG&#8217;s (Perfect Gems), das sind die perfekten Versionen von Edelsteinen oder Sch\u00e4deln in Diablo 2.<\/p>\n\n\n\n<p>Handeln gegen Echtgeld, Kryptogeld oder anderen au\u00dferhalb des Spiels liegenden Werten bzw. W\u00e4hrungen oder w\u00e4hrungsgleichen Systemen wird bei uns n<strong>icht geduldet<\/strong>. Wir wollen dass das Spiel ein Spiel bleibt. Mehr zu unseren Traderegeln und der Blacklist <a href=\"https:\/\/planetdiablo.eu\/de\/trade\/traderegeln-blacklist\/\">hier<\/a>.<\/p>\n\n\n\n<h2 class=\"wp-block-heading\" id=\"itemfind\">Items finden<\/h2>\n\n\n\n<p>Items droppen von Monstern die man erlegt hat oder aus Kisten oder Truhen oder liegen unter Steinen oder Leichen oder als Questbelohnung. Sie k\u00f6nnen zudem bei H\u00e4ndlern in D2 gekauft werden oder im Gl\u00fccksspiel erworben werden. In D2R gibt es normalerweise kein &#8222;Smart-Loot&#8220; (Teilweise Ausnahme: Questbelohnungen), das heisst, der Spieler kann mit jeder Klasse alle Gegenst\u00e4nde die es im Spiel gibt, finden. Welche Qualit\u00e4t er findet ist abh\u00e4ngig von folgenden Faktoren:<\/p>\n\n\n\n<p>Je h\u00f6her der Schwierigkeitsgrad, desto besser die Items<br>Je h\u00f6her das Monsterlevel, desto besser die Items<\/p>\n\n\n\n<p>Verk\u00fcrzt gesagt und wenig \u00fcberraschend: Auf dem Schwiergkeitsgrad &#8222;H\u00f6lle&#8220; in Akt 5 k\u00f6nnen mehr und bessere Items gefunden werden als im Schwierigkeitsgrad &#8222;Normal&#8220; in Akt 1.<\/p>\n\n\n\n<p>Die Droprate von magischen Items kann durch den MagicFind Wert erh\u00f6ht werden was das Finden von guten Items durchaus erleichtern kann. Der Magic-Find-Wert ist ein Stat der auf magischen Items vorkommen kann. Es gibt eine Reihe von Spielern welche einen sogenannten MF-Char (<a href=\"https:\/\/planetdiablo.eu\/de\/diablo-2\/guides\/nobbie_mfguide\/\" target=\"_blank\" rel=\"noreferrer noopener\">MF-Guide<\/a>) erstellen der mit mehreren hundert Prozent an MagicFind-Bonus ausgestattet ist und die dementsprechend mehr magische Items finden.<br>Das ist ziemlich effizient, denn besonderes Uniques &#8211; als Unterklasse magischer Items &#8211; droppen mit festen und zumeist brauchbaren Stats. Wer sich daf\u00fcr interessiert, findet bei unserem Drop-Calculator ein handliches Werkzeug.<\/p>\n\n\n\n<p>Der MF-Wert eines Chars wirkt sich aber nicht auf das Gl\u00fccksspiel aus.<\/p>\n\n\n\n<h2 class=\"wp-block-heading\" id=\"usefulness\">Welche Items sind begehrt und was kosten sie?<\/h2>\n\n\n\n<p>Grunds\u00e4tzlich gilt: Es gibt keine allgemeine Abstufung der Werthaltigkeit von Items f\u00fcr den Handel. Die \u00fcblichen \u00f6konomischen Grunds\u00e4tze kommen auch hier zum Tragen:<br>1. Wie begehrt ist das Item? Seltenheit an sich ergibt keinen besonderen Tradewert. <br>2. Die Knappheit (Angebot und Nachfrage) ist es welche ein Item teurer machen kann als andere.<br>3. Der Zeitpunkt des Handelns: F\u00fcnf Stunden vor Schluss der Ladder wird man kaum noch was zu einem sehr guten Preis verkaufen k\u00f6nnen, f\u00fcnf Tage nach Ladderbeginn aber meistens schon. Hier gilt es auf die inneren Dynamiken des Spiels zu achten: Hat man z.B. am ersten Tag einer Ladder ein Item gefunden welches normalerweise nur f\u00fcr sehr spezielle Builds ben\u00f6tigt wird, wird man ein, zwei Wochen warten m\u00fcssen bis sich das Item verkaufen l\u00e4sst. Vorher besteht oft kein Interesse.<\/p>\n\n\n\n<p>Wei\u00dfe oder graue Items k\u00f6nnen genauso gut oder genauso begehrt sein wie blaue, gelbe (rare) Items oder gar goldene Items (Uniques) oder gr\u00fcne Items (Set-Teile). Es kommt darauf an was das Item von sich aus anbietet und was man daraus machen kann. Unterschiede im Preis ergeben sich aus einer Vielzahl von Faktoren. Es l\u00e4sst sich allenfalls sagen dass Items, die f\u00fcr den Schwierigkeitsgrad &#8222;Normal&#8220; tauglich sind, g\u00fcnstiger sind als solche f\u00fcr den Schwierigkeitsgrad &#8222;H\u00f6lle&#8220;. <\/p>\n\n\n\n<p>Die n\u00fctzlichsten Items sind nat\u00fcrlich die begehrtesten. N\u00fctzlich und zunehmend teuer sind Items vor allem dann wenn sie die f\u00fcr ihren Itemtyp m\u00f6glichen Werte der Perfektion n\u00e4hern. Ein anderer preisbildender Aspekt ist die Effizienz des Items. Als Beispiele k\u00f6nnen R\u00fcstungen dienen: Begehrt von den meisten Charakterklassen sind z.B. Archonr\u00fcstungen, D\u00e4mmerschleier oder Drahtvliese weil sie sehr hohe Verteidigungswerte bei vergleichsweise geringen Anforderungen bieten. Zwar verlangt auch ein Brustpanzer wenig, aber er liefert auch nur geringe Verteidigungswerte.<\/p>\n\n\n\n<p>Im Einzelnen:<\/p>\n\n\n\n<h2 class=\"wp-block-heading\" id=\"white\">Wei\u00dfe Items<\/h2>\n\n\n\n<p>Wei\u00dfe Items fallen h\u00e4ufig und viele dieser Items sind gew\u00f6hnlich nicht viel wert. Ausnahmen: Sie verf\u00fcgen \u00fcber so genannte <a href=\"https:\/\/planetdiablo.eu\/de\/diablo-2\/autostaffgut\/\">Automods oder Staffmods<\/a> (Erkl\u00e4rung). Oder sie eignen sich &#8211; insbesondere in den Exceptional- oder Eliteversionen &#8211; als Grundlage f\u00fcr begehrte Runenw\u00f6rter wenn man die weissen Items mit Sockeln versieht. Nat\u00fcrlich k\u00f6nnen auch weisse Items mit Modifikatoren als Grundlage f\u00fcr Runwenw\u00f6rter geeignet sein.<\/p>\n\n\n\n<p>Freilich ist der Weg dahin etwas m\u00fchsam: Man muss das Item erst einmal mit der richtigen Anzahl an Sockeln versehen (z.B. Larzuk Quest oder <a href=\"https:\/\/planetdiablo.eu\/de\/diablo-2\/tips\/horadrimwuerfel\/#socket\">Sockelrezept<\/a>). Hierbei gibt es aber einiges zu beachten wenn man nicht eine wertvolle Sockelquest oder zus\u00e4tzliche Items (Sockelrezept) verschwenden will. Definitiv nichts f\u00fcr blutige Anf\u00e4nger. Diese verkaufen das Item eben in Weiss und nehmen daf\u00fcr ggf. kleinere Abstriche im Verkaufspreis hin.<\/p>\n\n\n\n<p>Aber auch wenn Modifikatoren vorhanden sind: Nicht jeder Auto- oder Staffmod f\u00fchrt automatisch zu einem begehrten und damit teuren Item. Das Item sollte zumindest die Qualit\u00e4tsstufe &#8222;exceptional&#8220; oder gar &#8222;elite&#8220; haben sowie \u00fcber Automods oder Staffmods verf\u00fcgen welche die jeweilige Charklasse auch gerne verwendet &#8211; je nach Charbuild. Es braucht mindestens ein paar Spieltage bis man daf\u00fcr ein Gef\u00fchl entwickelt und deutlich l\u00e4ngere Zeit bis man ein Item zuverl\u00e4ssig einsch\u00e4tzen kann. Im Zweifel lieber im Forum nachgucken.<\/p>\n\n\n\n<h2 class=\"wp-block-heading\" id=\"grey\">Graue Items<\/h2>\n\n\n\n<p>Graue Items kommen in drei Varianten vor: Als \u00e4therische Items, als gesockelte Items und als gesockelte \u00e4therische Items.<\/p>\n\n\n\n<p>\u00c4therische Items sind solche die nicht reparabel sind, das heisst, sie nutzen sich ab und sind nach mehr oder weniger langer Zeit nicht mehr zu gebrauchen. Sie eignen sich daher in aller Regel nicht f\u00fcr den Spieler selbst, sondern eher f\u00fcr den S\u00f6ldner\/ die S\u00f6ldnerin des Spielers. Bei diesen nutzen sich diese Items n\u00e4mlich nicht ab. Wer es sich als Spieler leisten kann eine &#8222;Zod&#8220; Rune zu sockeln oder ein Runenwort verwendet welches ebenfalls ein Item unzerst\u00f6rbar macht, kann diese Items ebenfalls dauerhaft verwenden.<\/p>\n\n\n\n<p>\u00c4therische Items sind definitiv nicht nutzlos: Je nach Itemtyp verf\u00fcgen sie \u00fcber 50% mehr Grundschaden oder \u00fcber 50% mehr Verteidigung, was sie zu begehrten Items f\u00fcr eben S\u00f6ldner oder gut ausgestattete Spieler macht.<\/p>\n\n\n\n<h2 class=\"wp-block-heading\">Gesockelte Items<\/h2>\n\n\n\n<p>Gesockelte Items k\u00f6nnen, je nach Anzahl der Sockel und des Itemtyps, sehr wertvoll sein (siehe oben).<br>Ihre Wert erhalten Sie haupts\u00e4chlich \u00fcber diese Faktoren:<\/p>\n\n\n\n<ol class=\"wp-block-list\"><li>Itemqualit\u00e4t (normal, exceptional, elite) sowie zus\u00e4tzliche Modifikatoren wie &#8222;enhanced damage&#8220; ( bis 15%) oder &#8222;enhanced Defense&#8220; (bis 15%). Letztere Werte nahe der Perfektion k\u00f6nnen ein Item unglaublich teuer machen, wenn ..<\/li><li>die genau richtige Anzahl von Sockeln f\u00fcr ein n\u00fctzliches und begehrtes Runenwort, welches in den Itemtyp gesockelt werden kann, vorhanden sind. Graue Items mit nur einem Sockel eignen sich nicht f\u00fcr ein Runenwort und sind deshalb &#8211; rein aus dieser Perspektive gesehen- kaum etwas wert.<\/li><\/ol>\n\n\n\n<h2 class=\"wp-block-heading\">\u00c4therische gesockelte Items<\/h2>\n\n\n\n<p>Siehe oben, f\u00fcr S\u00f6ldner oder gut betuchte Spieler welche das Item durch ein Runenwort bzw. eine &#8222;Zod&#8220; Rune unzerst\u00f6rbar machen k\u00f6nnen.<\/p>\n\n\n\n<h2 class=\"wp-block-heading\">Magische Gegenst\u00e4nde<\/h2>\n\n\n\n<p>Magische Gegenst\u00e4nde sind blau gekennzeichnete, gelbe (rare) oder goldene (Uniques) oder Setitems (gr\u00fcn). Auch wenn diese \u00fcber Sockel verf\u00fcgen sollten oder diese hinzugef\u00fcgt werden, k\u00f6nnen diese NICHT als Grundlage f\u00fcr Runenw\u00f6rter genommen werden was deren N\u00fctzlichkeit etwas einschr\u00e4nkt. Daf\u00fcr k\u00f6nnen sie gute oder sehr gute Affixe (Modifier) enthalten. Neben festen Affixen (vor allem bei Uniques) gibt es eine Reihe von Modifikatoren die mal besser, mal schlechter rollen k\u00f6nnen. Begehrt ist nat\u00fcrlich die Kombination perfekter Stats, \u00e4hnlich wie bei wei\u00dfen oder grauen Items, was diese Items aussergew\u00f6hnlich teuer machen kann.<\/p>\n\n\n\n<h2 class=\"wp-block-heading\" id=\"blue\">Blaue Items<\/h2>\n\n\n\n<div class=\"wp-block-image\"><figure class=\"aligncenter size-full\"><img loading=\"lazy\" decoding=\"async\" width=\"409\" height=\"124\" src=\"https:\/\/planetdiablo.eu\/de\/wp-content\/uploads\/2021\/08\/blue1.jpg\" alt=\"\" class=\"wp-image-583291\"\/><\/figure><\/div>\n\n\n\n<p>Blaue magische Items haben die geringste Anzahl an m\u00f6glichen Affixen (Prefix und Suffix) von insgesamt zwei. Tendenziell sind diese am Trademarkt die g\u00fcnstigsten Items. Es gibt aber Ausnahmen, n\u00e4mlich wenn blaue Items Stats haben die f\u00fcr bestimmte Builds wichtig sind und nur auf blauen Items in dieser H\u00f6he m\u00f6glich sind. Als Beispiel k\u00f6nnen Barbarenhelme mit +6 zu Battle Order oder Zauberinst\u00e4be mit +6 zu Verzaubern dienen. Solche Items k\u00f6nnen unfassbar wertvoll bzw. teuer sein. Auch k\u00f6nnen Waffen mit +450% enhanced Damage gefunden werden oder Amulette oder Ringe mit einer guten Wertekombination.<\/p>\n\n\n\n<h2 class=\"wp-block-heading\" id=\"rare\">Gelbe (seltene) Items<\/h2>\n\n\n\n<figure class=\"wp-block-image size-full\"><img loading=\"lazy\" decoding=\"async\" width=\"614\" height=\"360\" src=\"https:\/\/planetdiablo.eu\/de\/wp-content\/uploads\/2021\/08\/rare1.jpg\" alt=\"\" class=\"wp-image-583292\"\/><\/figure>\n\n\n\n<p>Diese k\u00f6nnen bis zu sechs Affixe aufweisen. Ihren Wert erhalten diese Items vor allem aus der Kombination vieler und guter und gut gerollter Stats wie z.B. Boni zu Fertigkeiten, erh\u00f6hter Schaden, erh\u00f6hte Angriffsgeschwindigkeit, erh\u00f6hte Erholungs- oder Blockrate, Widerst\u00e4nde, Bonus zu Magic-Find, hohe Mainstat-Boni usw.<\/p>\n\n\n\n<h2 class=\"wp-block-heading\" id=\"uniques\">Uniques und Sets<\/h2>\n\n\n\n<figure class=\"wp-block-image size-full\"><img loading=\"lazy\" decoding=\"async\" width=\"674\" height=\"375\" src=\"https:\/\/planetdiablo.eu\/de\/wp-content\/uploads\/2021\/08\/uniques1.jpg\" alt=\"\" class=\"wp-image-583293\"\/><\/figure>\n\n\n\n<p>Alles im Spiel muss sich an den Uniques messen. Was meinen wir damit? Es gibt eine gro\u00dfe Auswahl an Uniques in Diablo 2 und Diablo 2 Resurrected, f\u00fcr jede Schwierigkeitsstufe und fast jede Anwendung. Sie sind generell f\u00fcr ihr Itemlevel als &#8222;brauchbar mit ordentlichen Stats&#8220; einzustufen. <\/p>\n\n\n\n<p>Da Uniques mit festen Stats und \u00fcberwiegend festen Werten droppen und deshalb- trotz ihrer Bezeichnung als &#8222;einzigartig&#8220; &#8211; relativ h\u00e4ufig in ungef\u00e4hr vergleichbarer Qualit\u00e4t vorhanden sind, dienen sie, abh\u00e4ngig von ihrer Verf\u00fcgbarkeit, als Grundlage f\u00fcr die Bewertung der Preise auf dem Trademarkt.<\/p>\n\n\n\n<p>Damit ist gemeint, dass sich alle anderen Items auch preislich daran messen m\u00fcssen ob sie ein Unique welches sich f\u00fcr den gedachten Anwendungsfall ebenso eignet und in ausreichender Zahl verf\u00fcgbar ist, toppen k\u00f6nnen.<\/p>\n\n\n\n<h2 class=\"wp-block-heading\" id=\"charms\">Kleine, grosse, Riesenzauber <\/h2>\n\n\n\n<p><\/p>\n\n\n\n<figure class=\"wp-block-image size-full\"><img loading=\"lazy\" decoding=\"async\" width=\"620\" height=\"155\" src=\"https:\/\/planetdiablo.eu\/de\/wp-content\/uploads\/2021\/08\/charms-giant.jpg\" alt=\"\" class=\"wp-image-583294\"\/><\/figure>\n\n\n\n<p>Zauber m\u00fcssen im Inventar\/Rucksack des Spielers getragen werden um ihre Wirkung zu entfalten. Spieler suchen sich &#8211; sofern sie die Wahl haben &#8211; daher sorgf\u00e4ltig aus was sie mit sich herumtragen. Bis zu zwei Affixe gleichzeitig sind m\u00f6glich.<\/p>\n\n\n\n<p>Kleine (Ein Inventarfeld) und gro\u00dfe Zauber (zwei Inventarfelder) bietem im allgemeinen Boni auf Stats wie + zu (min-\/max) Schaden oder Elementarschaden, Leben, Geschicklichkeit, St\u00e4rke, Energie, Widerst\u00e4nde etc. Daneben Boni auf schnellere Erholung nach Treffer, schnellere Bewegungsbeschwindigkeit etc. Diese zwei Werte, m\u00f6glichst hoch gerollt, sind sehr begehrt und entsprechend teuer. Riesenzauber (3 Inventarfelder) k\u00f6nnen auch + zu einem bestimmten Skill enthalten, neben einem weiteren Stat ( so genannte Skiller).<\/p>\n\n\n\n<p>Ausnahmen: Unique Zauber<\/p>\n\n\n\n<p>Unique Zauber sind sehr begehrt da sie mehr als zwei, zudem n\u00fctzliche, Stats aufweisen.<\/p>\n\n\n\n<p>Der kleine unique Zauber Annihilus (Anni oder Vernichtikus) gibt +1 zu allen Fertigkeiten, Boni auf Erfahrung und allres sowie 10-20 zu allen Attributen. Ihn gibt es aber nur wenn man \u00dcberDiablo erlegt.<\/p>\n\n\n\n<p>Der gro\u00dfe Unique-Zauber H\u00f6llenfeuerfackel gibt es im Hellfire-Quest abzuholen. Keine ganz leichte Aufgabe, daf\u00fcr wird der Spieler mit +3 zu allen Fertigkeiten und anderen n\u00fctzlichen Stats belohnt. Leider k\u00f6nnen die +3 Fertigkeiten f\u00fcr alle Charakterklassen rollen &#8211; wenn man Pech hat muss man viele \u00dc-Trist-Runs machen bis man eine Fackel f\u00fcr eigene Zwecke erh\u00e4lt.<\/p>\n\n\n\n<p>Der im Spiel findbare Unique-Riesenzauber &#8222;Gheeds Gl\u00fcck&#8220; belohnt mit geringeren H\u00e4ndlerpreisen sowie einem Bonus auf MagicFind und einem hohen Bonus auf Extragold. Alle drei unique Zauber sind begehrt und sollten nicht unter Wert verkauft werden.<\/p>\n\n\n\n<h2 class=\"wp-block-heading\" id=\"runes\">Runen und Juwelen<\/h2>\n\n\n\n<p>Runen sind neben PG&#8217;s (Perfekte Edelsteine) die wohl g\u00e4ngigste W\u00e4hrung im Spiel. Je h\u00f6her das Level einer Rune ist, desto seltener f\u00e4llt sie und desto teurer wird sie, tendenziell. Zum Teil wird deren Wert auch durch ihre N\u00fctzlichkeit bestimmt: Eine &#8222;Zod&#8220; Rune ist, obgleich die h\u00f6chste und seltenste Rune im Spiel, nicht so viel Wert wie eine &#8222;Sur&#8220; oder &#8222;Ber&#8220; Rune. Grund: Diese Runen kommen in einigen begehrten Runenw\u00f6rtern vor und werden entsprechend h\u00e4ufiger nachgefragt, die &#8222;Zod&#8220; bleibt hier exotisch und wird eher seltener eingesetzt.<\/p>\n\n\n\n<p>Juwelen sind Items, die \u00e4hnlich wie Runen, in Items gesockelt werden k\u00f6nnen. Sie ergeben aber kein &#8222;Juwelenwort&#8220; sondern stehen f\u00fcr sich selbst. Juwelen gibt es nur in magischer Ausf\u00fchrung von einfachen blauen bis hin zu Unique Juwelen (Regenbogenfacetten) Sie werden meist dazu genutzt, den Charakter an der ein oder anderen Stelle zu pushen, sei es mit erh\u00f6hter Angriffsgeschwindigkeit, schnellerer Erholung nach Treffer, erh\u00f6htem (min-max) Schaden usw. Begehrt sind vor allem perfekt oder nahezu perfekt gerollte Juwelen. Auch Juwelen k\u00f6nnen regelm\u00e4ssig H\u00f6chstpreise erzielen.<\/p>\n\n\n\n<h2 class=\"wp-block-heading\" id=\"token\">Token und Essenzen, Craft- oder \u00dcTrist-Key-Sets<\/h2>\n\n\n\n<p>Alles was n\u00fctzlich ist, kann gehandelt werden und wird auch gehandelt (siehe oben). Token der Absolution, welche einen Respec der Stats und Skills erm\u00f6glichen wenn man seine Akara-Resets bereits verbraucht hat, ebenso wie (einzelne) Essenzen die man von Diablo, Baal, Andariel, Mephisto oder Duriel erhalten kann (H\u00f6lle) und aus denen man sich die Token der Absolution zusammenbaut. So genannte Craft-Packs (Crap-Juwelen, Edelsteine und Runen) welche das Craften von Items erm\u00f6glichen ebenso wie \u00dcTrist-Key-Sets die meist aus 3&#215;3 Schl\u00fcsseln bestehen.<\/p>\n\n\n\n<p>Man kann sogar ingame-Gold handeln wenn man zuviel davon hat und jemand findet der es einem abnimmt weil dem oder der das Geld f\u00fcr das ingame-Gl\u00fccksspiel ausgegangen ist.<\/p>\n\n\n\n<h2 class=\"wp-block-heading\" id=\"sammel\">\u00dcbersicht im Detail &#8211; Der Sammelguide<\/h2>\n\n\n\n<p>Wesentlich spezieller geht es bei dem <a href=\"https:\/\/planetdiablo.eu\/forum\/threads\/der-sammelguide.1229501\/\">Sammelguide <\/a>von DFens666zu. Alles zu Rohlingen, Itemtypen und was f\u00fcr die jeweilige Klasse tauglich ist. St\u00f6bert mal rein, mit dieser Einf\u00fchrung und seinen Einsch\u00e4tzungen seid Ihr gut ger\u00fcstet.<\/p>\n\n\n\n<h2 class=\"wp-block-heading\" id=\"preisliste\">Die planetdiablo Preisliste<\/h2>\n\n\n\n<p>Seit Jahren pflegen wir, erstellt aus den Trades bei uns, eine Preisliste, die ungef\u00e4hr auch den Wert dessen widerspiegelt was man in den Weiten des Spiels und ggf. anderswo f\u00fcr Items zahlt. Nat\u00fcrlich ist das immer nur eine Momentaufnahme &#8211; aber wenn man sich als Spieler daran orientiert, macht man nicht viel falsch und erf\u00e4hrt auch erst mal, was ein Item \u00fcberhaupt wert sein kann bzw. ob sich der Aufwand des Handelns mit einem gefundenen Item \u00fcberhaupt lohnt.<br>Wer sich nicht sicher ist, kann im jeweiligen Marktplatz eine Anfrage zur Wertsch\u00e4tzung eines Items stellen. Wir helfen gerne \ud83d\ude09<\/p>\n\n\n\n<h2 class=\"wp-block-heading\" id=\"bnettrades\">Handeln ingame \/ im Battle.net<\/h2>\n\n\n\n<p>Man kann problemlos im Spiel selbst handeln indem man ein Spiel aufmacht mit einem Titel wie: &#8222;O 2 Ist n Harle&#8220; was \u00fcbersetzt bedeutet: Ich bin hier im Spiel und biete zwei Ist Runen (oder vergleichbares in Runen) an und h\u00e4tte daf\u00fcr gerne den unique Tschako (Kopfbedeckung) &#8222;Harlekinskrone&#8220;. Allerdings m\u00fcsste man st\u00e4ndig im Spiel bleiben um mit Interessenten schreiben oder handeln zu k\u00f6nnen.<\/p>\n\n\n\n<p>F\u00fcr den schnellen Trade zwischendurch ist das was, etwa, wenn man recht sicher weiss dass das angebotene Item schnell  zu einem guten Kurs weggeht. <\/p>\n\n\n\n<p>Andererseits sollte man auch ein etwas dickeres Fell haben: Die \u00fcblichen Leute mit &#8222;Was ist letzte Preis Alter?&#8220; gibts  auch hier und Leute die einem eigene Items andrehen wollen zu einem unterirdischen Kurs gibt es nat\u00fcrlich auch.<\/p>\n\n\n\n<p>Aufpassen sollte man auch bei Scam-Versuchen: Beliebt ist die Methode (gerade bei dem oben genannten Tschako&#8230;) ein Item das genauso aussieht wie das Gewollte zu verkaufen.<\/p>\n\n\n\n<p>Nat\u00fcrlich hat sich der Interessent das Item vorher angeschaut und festgestellt dass es sich tats\u00e4chlich um eine Harlekinskrone handelt &#8211; aber dann nicht mitbekommen dass das Item kurz vor Trade blitzschnell ausgetauscht wurde! Aufpassen also bei flackernden Items im Tradefenster!<\/p>\n\n\n\n<h2 class=\"wp-block-heading\" id=\"handeln\">Handeln im Forum<\/h2>\n\n\n\n<p>Wir haben eine gut gepflegte Trade-Sektion im Forum. Der Vorteil des Forenhandelns liegt auf der Hand<\/p>\n\n\n\n<ol class=\"wp-block-list\"><li>Einhaltung der <a href=\"https:\/\/planetdiablo.eu\/de\/trade\/traderegeln-blacklist\/\">Traderegeln<\/a><\/li><li>Nachvollziehbarkeit von Trades<\/li><li>Verl\u00e4ssliche Tradepartner<\/li><li>Vertretbarer Aufwand<\/li><\/ol>\n\n\n\n<p><br>Wer im Forum tradet hat Probleme mit nervigen Leuten oder Scammern eher nicht. Etwas sicherer ist es allemal als Handeln mit wildfremden Leuten &#8211; das kann gut gehen, muss aber nicht \ud83d\ude09<\/p>\n\n\n\n<p><mark style=\"background-color:rgba(0, 0, 0, 0)\" class=\"has-inline-color has-blue-color\">Geschrieben von DameVenusia Aug. 2021<\/mark><\/p>\n","protected":false},"excerpt":{"rendered":"<p>von planetdiablo.eu Mit Diablo 2 Resurrected kommt (wieder) eine M\u00f6glichkeit ins Spiel welche viele Spieler sehr sch\u00e4tzen: Den ingame-Handel zwischen den Spielern mit im Spiel gefundenen Items. Ziel dieses Guides ist es, Euch als D2 oder D2R-Beginner einen allgemeinen \u00dcberblick \u00fcber die (Spiel-)Mechanismen, die den Handel in D2 bzw. D2 Resurrected pr\u00e4gen, zu erm\u00f6glichen. Denn&hellip; <a class=\"more-link\" href=\"https:\/\/planetdiablo.eu\/de\/diablo-2\/der-d2-trade-beginner-guide\/\"><span class=\"screen-reader-text\">Der D2 Trade Beginner Guide<\/span> weiterlesen<\/a><\/p>\n","protected":false},"author":762,"featured_media":583286,"parent":71,"menu_order":0,"comment_status":"closed","ping_status":"closed","template":"","meta":{"footnotes":""},"class_list":["post-583283","page","type-page","status-publish","has-post-thumbnail","hentry","entry"],"_links":{"self":[{"href":"https:\/\/planetdiablo.eu\/de\/wp-json\/wp\/v2\/pages\/583283","targetHints":{"allow":["GET"]}}],"collection":[{"href":"https:\/\/planetdiablo.eu\/de\/wp-json\/wp\/v2\/pages"}],"about":[{"href":"https:\/\/planetdiablo.eu\/de\/wp-json\/wp\/v2\/types\/page"}],"author":[{"embeddable":true,"href":"https:\/\/planetdiablo.eu\/de\/wp-json\/wp\/v2\/users\/762"}],"replies":[{"embeddable":true,"href":"https:\/\/planetdiablo.eu\/de\/wp-json\/wp\/v2\/comments?post=583283"}],"version-history":[{"count":23,"href":"https:\/\/planetdiablo.eu\/de\/wp-json\/wp\/v2\/pages\/583283\/revisions"}],"predecessor-version":[{"id":585244,"href":"https:\/\/planetdiablo.eu\/de\/wp-json\/wp\/v2\/pages\/583283\/revisions\/585244"}],"up":[{"embeddable":true,"href":"https:\/\/planetdiablo.eu\/de\/wp-json\/wp\/v2\/pages\/71"}],"wp:featuredmedia":[{"embeddable":true,"href":"https:\/\/planetdiablo.eu\/de\/wp-json\/wp\/v2\/media\/583286"}],"wp:attachment":[{"href":"https:\/\/planetdiablo.eu\/de\/wp-json\/wp\/v2\/media?parent=583283"}],"curies":[{"name":"wp","href":"https:\/\/api.w.org\/{rel}","templated":true}]}}