{"id":583736,"date":"2022-01-24T16:55:23","date_gmt":"2022-01-24T14:55:23","guid":{"rendered":"https:\/\/planetdiablo.eu\/de\/?page_id=583736"},"modified":"2022-02-01T12:14:24","modified_gmt":"2022-02-01T10:14:24","slug":"diablo-2-arealevel-85-gebiete","status":"publish","type":"page","link":"https:\/\/planetdiablo.eu\/de\/diablo-2-arealevel-85-gebiete\/","title":{"rendered":"Diablo 2 &#8211; Arealevel-85-Gebiete"},"content":{"rendered":"\n<h2 class=\"wp-block-heading\" id=\"inhalt\">Inhalt<\/h2>\n\n\n\n<p><a href=\"#allgemeines-uber-alvl\">Allgemeines \u00fcber Alvl<\/a><br><a href=\"#ubersicht-der-gebiete\">\u00dcbersicht der Gebiete<\/a><br><a href=\"#gebiete-in-akt-1\">Gebiete in Akt 1<\/a><br><a href=\"#gebiete-in-akt-2\">Gebiete in Akt 2<\/a><br><a href=\"#gebiete-in-akt-3\">Gebiete in Akt 3<\/a><br><a href=\"#gebiete-in-akt-4\">Gebiete in Akt 4<\/a><br><a href=\"#gebiete-in-akt-5\">Gebiete in Akt 5<\/a><\/p>\n\n\n\n<h2 class=\"wp-block-heading\" id=\"allgemeines-uber-alvl\">Allgemeines \u00fcber Alvl<\/h2>\n\n\n\n<p><strong>Was bedeutet Arealevel 85 \u00fcberhaupt?<\/strong><br>Alvl ist das was viele Leute f\u00e4lschlicherweise oft als TC85 \/ TC87 \/ TCetc bezeichnen. Das Arealevel eines Gebiets gibt vor, welches Level die Monster in diesem haben. In einem Alvl85 Gebiet h\u00e4tten sie damit Lvl 85. Monster ab Level 80 droppen aber schon aus der TC84 oder TC87, daher ist die Verwendung TC85 etc falsch (die gibt es nicht mal).<br>F\u00fcr uns bedeutet das jetzt genau: Die TC gibt vor welche Grunditems von dem Monster gedroppt werden k\u00f6nnen, das Level des Monster gibt an, ob auch die entsprechenden Uniques generiert werden k\u00f6nnen. Ein Beispiel zu Monsterlvl und TC:<br>Diablo H\u00f6lle und Greifenauge. Diablo hat ein Mlvl von 94 und droppt aus TC84. Greifenauge hat qlvl84. Diablos Mlvl ist zwar h\u00f6her als das Qlvl von Greifenauge, da das Grunditem Diadem aber erst in der TC87 zu finden ist, kann Diablo das Item nicht droppen.<\/p>\n\n\n\n<p><strong>Welche Items k\u00f6nnen in einem Alvl85 Gebiet droppen?<\/strong><br>Generell k\u00f6nnen die Monster in diesen Gebieten alle Runen, Rohlinge und Setitems droppen. Bei den Uniques gibt es ein paar Ausnahmen, da einige ein Qlvl \u00fcber 85 haben. Diese k\u00f6nnen dann nur von Champions oder Bosspacks gedroppt werden, da sie ein h\u00f6heres Mlvl haben (Champions +2, Bossmonster und Diener +3)<br><br>Uniques die nur von Champions oder Bosspacks dropbar sind:<br><a rel=\"noreferrer noopener\" href=\"https:\/\/planetdiablo.eu\/diablo2\/itemdb\/uniquesearch.php?text=Mang Songs Lektion\" target=\"_blank\">Mang Songs Lektion<\/a>, <a rel=\"noreferrer noopener\" href=\"https:\/\/planetdiablo.eu\/diablo2\/itemdb\/uniquesearch.php?text=Krone der \u00c4onen\" target=\"_blank\">Krone der \u00c4onen<\/a>, <a rel=\"noreferrer noopener\" href=\"https:\/\/planetdiablo.eu\/diablo2\/itemdb\/uniquesearch.php?text=Tyraels Macht\" target=\"_blank\">Tyraels Macht<\/a>, <a rel=\"noreferrer noopener\" href=\"https:\/\/planetdiablo.eu\/diablo2\/itemdb\/uniquesearch.php?text=Grabr\u00e4uber\" target=\"_blank\">Grabr\u00e4uber<\/a>, <a rel=\"noreferrer noopener\" href=\"https:\/\/planetdiablo.eu\/diablo2\/itemdb\/uniquesearch.php?text=Sturmgei\u00dfel\" target=\"_blank\">Sturmgei\u00dfel<\/a>, <a rel=\"noreferrer noopener\" href=\"https:\/\/planetdiablo.eu\/diablo2\/itemdb\/uniquesearch.php?text=Blauzorn\" target=\"_blank\">Blauzorn<\/a>, <a rel=\"noreferrer noopener\" href=\"https:\/\/planetdiablo.eu\/diablo2\/itemdb\/uniquesearch.php?text=Spinnenmonster-Netz\" target=\"_blank\">Spinnenmonster-Netz<\/a><\/p>\n\n\n\n<h2 class=\"wp-block-heading\" id=\"ubersicht-der-gebiete\">\u00dcbersicht der Gebiete <\/h2>\n\n\n\n<figure class=\"wp-block-table is-style-stripes\"><table><thead><tr><th>Gebietsname<\/th><th>zu finden in\/im<\/th><\/tr><\/thead><tbody><tr><td>Akt 1 &#8211; Das Mausoleum<\/td><td>Friedhof<\/td><\/tr><tr><td>Akt 1 &#8211; Unterirdischer Durchgang &#8211; Ebene 2<\/td><td>Feld der Steine<\/td><\/tr><tr><td>Akt 1 &#8211; Die Grube &#8211; Ebene 1+2<\/td><td>Tamo Hochland<\/td><\/tr><tr><td>Akt 2 &#8211; Steingrab &#8211; Ebene 1 + 2<\/td><td>Felsige \u00d6de<\/td><\/tr><tr><td>Akt 2 &#8211; Wurmgruft &#8211; Ebene 3<\/td><td>Ferne Oase<\/td><\/tr><tr><td>Akt 2 &#8211; Alte Tunnel<\/td><td>Vergessene Stadt<\/td><\/tr><tr><td>Akt 3 &#8211; Spinnenmonstergruft<\/td><td>Spinnenwald<\/td><\/tr><tr><td>Akt 3 &#8211; Sumpfloch &#8211; Ebene 1 &#8211; 3<\/td><td>Schinderdschungel<\/td><\/tr><tr><td>Akt 3 \u2013 Verlassenes Heiligtum<\/td><td>Basar von Kurast<\/td><\/tr><tr><td>Akt 3 \u2013 Zerfallener Tempel<\/td><td>Basar von Kurast<\/td><\/tr><tr><td>Akt 3 &#8211; Kanalisation &#8211; Ebene 1 + 2<\/td><td>Basar von Kurast<br>Ober Kurast<\/td><\/tr><tr><td>Akt 3 \u2013 Vergessener Reliquienschrein<\/td><td>Ober Kurast<\/td><\/tr><tr><td>Akt 3 &#8211; Vergessener Tempel<\/td><td>Ober Kurast<\/td><\/tr><tr><td>Akt 3 &#8211; Zerfallenes Heiligtum<\/td><td>Damm von Kurast<\/td><\/tr><tr><td>Akt 3 &#8211; Verlassener Reliquienschrein<\/td><td>Damm von Kurast<\/td><\/tr><tr><td>Akt 4 &#8211; Flammenfluss<\/td><td>WP Flammenfluss<\/td><\/tr><tr><td>Akt 4 &#8211; Das Chaossanktuarium<\/td><td>WP Flammenfluss<\/td><\/tr><tr><td>Akt 5 \u2013 Abaddon<\/td><td>Eishochland<\/td><\/tr><tr><td>Akt 5 \u2013 Grube von Acheron<\/td><td>Arreathochebene<\/td><\/tr><tr><td>Akt 5 \u2013 Flockenh\u00f6hle<\/td><td>Gletscherweg<\/td><\/tr><tr><td>Akt 5 &#8211; Infernogrube<\/td><td>Gefrorene Tundra<\/td><\/tr><tr><td>Akt 5 \u2013 Eiskeller<\/td><td>Der Weg der Urahnen<\/td><\/tr><tr><td>Akt 5 &#8211; Weltensteinturm &#8211; Ebene 1 &#8211; 3<\/td><td>WP Weltsteinturm<\/td><\/tr><tr><td>Akt 5 &#8211; Thron der Zerst\u00f6rung<\/td><td>WP Weltsteinturm<\/td><\/tr><\/tbody><\/table><\/figure>\n\n\n\n<h2 class=\"wp-block-heading\" id=\"die-gebiete-im-detail\">Die Gebiete im Detail<\/h2>\n\n\n\n<h2 class=\"wp-block-heading\" id=\"gebiete-in-akt-1\">Gebiete in Akt 1<\/h2>\n\n\n\n<p><strong>Akt 1 &#8211; Das Mausoleum \/ The Mausoleum<\/strong><\/p>\n\n\n\n<ul class=\"wp-block-list\"><li>Wo: vom WP Kalte Ebene dem Weg bis zum Friedhof folgen<\/li><li>Monster:<br>&#8211; Hungriger Toter (Blitzimmun)<br>&#8211; Skelettkrieger (Blitzimmun)<\/li><li>Anzahl der Champs + Bosse: 4-5<\/li><li>Super Unique Monster: keine<\/li><li>Sonstiges: Goldene Truhe<\/li><li>Empfehlung:<\/li><\/ul>\n\n\n\n<p><strong>Akt 1 &#8211; Unterirdischer Durchgang \/ Underground Passage &#8211; Ebene 2<\/strong><\/p>\n\n\n\n<ul class=\"wp-block-list\"><li>Wo: vom WP Feld der Steine in den Unterirdischen Durchgang gehen<\/li><li>Monster:<br>&#8211; B\u00f6se J\u00e4gerin (K\u00e4lteimmun)<br>&#8211; Gefallener Schamane + Gefallene (Feuerimmun)<br>&#8211; Missgestaltete (Blitzimmun)<br>&#8211; Schl\u00e4chter (Feuerimmun)<br>&#8211; Skelett-Bogensch\u00fctze (Giftimmun)<\/li><li>Anzahl der Champs + Bosse: 2-3<\/li><li>Super Unique Monster: keine<\/li><li>Sonstiges: Goldene Truhe<\/li><li>Empfehlung:<\/li><li><\/li><\/ul>\n\n\n\n<p><strong>Akt 1 &#8211; Die Grube \/ The Pit &#8211; Ebene 1 + 2<\/strong><\/p>\n\n\n\n<ul class=\"wp-block-list\"><li>Wo: vom WP \u00c4u\u00dferes Kloster zur\u00fcck ins Tamo-Hochland gehen und dem Weg folgen, oder vom WP Schwarzmoor ins Tamo-Hochland gehen<\/li><li>Monster:<br>&#8211; Dunkler Bogensch\u00fctze (Blitzimmun)<br>&#8211; Dunkle Schleicherin (K\u00e4lteimmun)<br>&#8211; Knochenkrieger (K\u00e4lteimmun)<br>&#8211; Teuflischer Schmana + Teuflische (Feuerimmun)<\/li><li>Anzahl der Champs + Bosse: 6-8 + 2-3<\/li><li>Super Unique Monster: keine<\/li><li>Sonstiges: Goldene Truhe<\/li><li>Empfehlung:<\/li><\/ul>\n\n\n\n<hr class=\"wp-block-separator\"\/>\n\n\n\n<h2 class=\"wp-block-heading\" id=\"gebiete-in-akt-2\">Gebiete in Akt 2<\/h2>\n\n\n\n<p>A<strong>kt 2 &#8211; Steingrab \/ Stony Tomb &#8211; Ebene 1 + 2<\/strong><\/p>\n\n\n\n<ul class=\"wp-block-list\"><li>Wo: von Lut Gholein in die Felsige \u00d6de gehen<\/li><li>Monster:<br>&#8211; Dungsoldat (Blitzimmun)<br>&#8211; Horror (Blitzimmun)<br>&#8211; Magier der brennenden Toten (Blitz) (Blitzimmun)<br>&#8211; Magier der brennenden Toten (Gift) (Giftimmun)<br>&#8211; Verfallener (Giftimmun)<\/li><li>Anzahl der Champs + Bosse: 6-8 + 1-2<\/li><li>Super Unique Monster: <a href=\"http:\/\/d2wissen.d2chars.de\/monster\/110\/showmonster-x.html?monster=1014\" target=\"_blank\" rel=\"noreferrer noopener\">Kriecharm<\/a> (K\u00e4lteimmun, Giftimmun)<\/li><li>Sonstiges:<\/li><li>Empfehlung:<\/li><\/ul>\n\n\n\n<p><strong>Akt 2 &#8211; Wurmgruft \/ Maggot Lair \u2013 Ebene 3<\/strong><\/p>\n\n\n\n<ul class=\"wp-block-list\"><li>Wo: vom WP Ferne Oase in die Wurmgruft gehen<\/li><li>Monster:<br>&#8211; Sand- \/Felswurm (Giftimmun)<br>&#8211; Schwarze Heuschrecken (Physisch Immun)<br>&#8211; Skarab\u00e4us (Blitzimmun)<br>&#8211; Todesk\u00e4fer (Blitzimmun)<\/li><li>Anzahl der Champs + Bosse: 4-5<\/li><li>Super Unique Monster: <a href=\"http:\/\/d2wissen.d2chars.de\/monster\/110\/showmonster-x.html?monster=1015\" target=\"_blank\" rel=\"noreferrer noopener\">Kaltwurm der Gr\u00e4ber<\/a> (K\u00e4lteimmun, Giftimmun)<\/li><li>Sonstiges: Goldene Truhe<\/li><li>Empfehlung:<\/li><\/ul>\n\n\n\n<p><strong>Akt 2 \u2013 Alte Tunnel \/ Ancient Tunnels<\/strong><\/p>\n\n\n\n<ul class=\"wp-block-list\"><li>Wo: vom WP Vergessene Stadt erreichbar<\/li><li>Monster:<br>&#8211; Einbalsamierter (Giftimmun)<br>&#8211; Eindringling (Feuerimmun)<br>&#8211; Horrormagier (Blitz) (Blitzimmun)<br>&#8211; Pestbringer (Magie Immun)<\/li><li>Anzahl der Champs + Bosse: 6-8<\/li><li>Super Unique Monster: keine<\/li><li>Sonstiges: Goldene Truhe<\/li><li>Empfehlung:<\/li><\/ul>\n\n\n\n<hr class=\"wp-block-separator\"\/>\n\n\n\n<h2 class=\"wp-block-heading\" id=\"gebiete-in-akt-3\">Gebiete in Akt 3<\/h2>\n\n\n\n<p><strong>Akt 3 &#8211; Spinnenmonstergruft \/ Arachnid Lair<\/strong><\/p>\n\n\n\n<ul class=\"wp-block-list\"><li>Wo: direkt neben dem WP Spinnenwald<\/li><li>Monster:<br>&#8211; Flammenspinne (Feuerimmun)<br>&#8211; Giftspinne (Giftimmun)<br>&#8211; Riesenmur\u00e4ne (Giftimmun)<br>&#8211; Teufel (Blitzimmun)<\/li><li>Anzahl der Champs + Bosse: 4-5<\/li><li>Super Unique Monster: keine<\/li><li>Sonstiges: Goldene Truhe<\/li><li>Empfehlung:<\/li><\/ul>\n\n\n\n<p><strong>Akt 3 &#8211; Sumpfloch \/ Swampy Pit &#8211; Ebene 1 &#8211; 3<\/strong><\/p>\n\n\n\n<ul class=\"wp-block-list\"><li>Wo: direkt neben dem WP Schinderdschungel<\/li><li>Monster:<br>&#8211; D\u00fcsternis (Blitzimmun)<br>&#8211; Erhaltener Toter (Giftimmun)<br>&#8211; Fetisch Schamane (Feuerimmun)<br>&#8211; Fetische + Fetische (Blasrohr) (Blitzimmun)<br>&#8211; Teufel (Blitzimmun)<br>&#8211; untoter Seelent\u00f6ter + untote stygische Puppe (Giftimmun)<br>&#8211; Wasserw\u00e4chter (Giftimmun)<br>&#8211; Ertrunkene Kadaver (Feuerimmun)<br>&#8211; Schinder (K\u00e4lteimmun)<\/li><li>Anzahl der Champs + Bosse: 5-6 + 5 + 2-3<\/li><li>Super Unique Monster: keine<\/li><li>Sonstiges: Goldene Truhe<\/li><li>Empfehlung:<\/li><\/ul>\n\n\n\n<p><strong>Verlassenes Heiligtum \/ Disused Fane<\/strong><\/p>\n\n\n\n<ul class=\"wp-block-list\"><li>Wo: ein Tempel im Basar von Kurast, vom WP Basar von Kurast erreichbar<\/li><li>Monster:<br>&#8211; Fleischj\u00e4ger (K\u00e4lteimmun)<br>&#8211; Heulbestien (Magieimmun)<br>&#8211; Nachtf\u00fcrst (K\u00e4lteimmun)<br>&#8211; Spinnenmagier (Feuerimmun)<\/li><li>Anzahl der Champs + Bosse: 2<\/li><li>Super Unique Monster: keine<\/li><li>Sonstiges: &#8211;<\/li><li>Empfehlung:<\/li><\/ul>\n\n\n\n<p><strong>Zerfallener Tempel \/ Ruined Temple<\/strong><\/p>\n\n\n\n<ul class=\"wp-block-list\"><li>Wo: ein Tempel im Basar von Kurast, vom WP Basar von Kurast erreichbar<\/li><li>Monster:<br>&#8211; Fleischj\u00e4ger (K\u00e4lteimmun)<br>&#8211; Heulbestien (Magieimmun)<br>&#8211; Nachtf\u00fcrst (K\u00e4lteimmun)<br>&#8211; Spinnenmagier (Feuerimmun)<\/li><li>Anzahl der Champs + Bosse: 2<\/li><li>Super Unique Monster: <a href=\"http:\/\/d2wissen.d2chars.de\/monster\/110\/showmonster-x.html?monster=1024\" target=\"_blank\" rel=\"noreferrer noopener\">Kampfmaid Sarina<\/a> (Feuerimmun)<\/li><li>Sonstiges: &#8211;<\/li><li>Empfehlung:<\/li><\/ul>\n\n\n\n<p><strong>Die Kanalisation \/ Sewers &#8211; Ebene 1 + 2<\/strong><\/p>\n\n\n\n<ul class=\"wp-block-list\"><li>Wo: vom WP Basar von Kurast oder Ober Kurast erreichbar<\/li><li>Monster:<br>&#8211; D\u00fcstertier (K\u00e4lteimmun)<br>&#8211; Erhaltener Toter (Giftimmun)<br>&#8211; Fresser (Giftimmun)<br>&#8211; Horadrim-Vorfahre (Magieimmun)<br>&#8211; Horror (Blitzimmun)<br>&#8211; Stygischer W\u00e4chter (Giftimmun)<br>&#8211; untoter Seelent\u00f6ter (Giftimmun)<\/li><li>Anzahl der Champs + Bosse: 6-7<\/li><li>Super Unique Monster: <a href=\"http:\/\/d2wissen.d2chars.de\/monster\/110\/showmonster-x.html?monster=1025\" target=\"_blank\" rel=\"noreferrer noopener\">Eisfalke Riftfl\u00fcgel<\/a> (K\u00e4lteimmun)<\/li><li>Sonstiges: Goldene Truhen<\/li><li>Empfehlung:<\/li><\/ul>\n\n\n\n<p><strong>Vergessener Reliquienschrein \/ Forgotten Reliquary<\/strong><\/p>\n\n\n\n<ul class=\"wp-block-list\"><li>Wo: ein Tempel in Ober Kurast, vom WP Ober Kurast erreichbar<\/li><li>Monster:<br>&#8211; Fleischj\u00e4ger (K\u00e4lteimmun)<br>&#8211; Heulbestien (Magieimmun)<br>&#8211; Nachtf\u00fcrst (K\u00e4lteimmun)<br>&#8211; Spinnenmagier (Feuerimmun)<\/li><li>Anzahl der Champs + Bosse: 2<\/li><li>Super Unique Monster: keine<\/li><li>Sonstiges: &#8211;<\/li><li>Empfehlung:<\/li><\/ul>\n\n\n\n<p><strong>Vergessener Tempel \/ Forgotten Temple<\/strong><\/p>\n\n\n\n<ul class=\"wp-block-list\"><li>Wo: Tempel in Ober Kurast, vom WP Ober Kurast erreichbar<\/li><li>Monster:<br>&#8211; Blutaucher (Feuerimmun)<br>&#8211; Fleisch-Bogensch\u00fctze (K\u00e4lteimmun)<br>&#8211; Knochenk\u00e4fer (Blitzimmun)<br>&#8211; Natternmagier (K\u00e4lteimmun)<\/li><li>Anzahl der Champs + Bosse: 2<\/li><li>Super Unique Monster: keine<\/li><li>Sonstiges: &#8211;<\/li><li>Empfehlung:<\/li><\/ul>\n\n\n\n<p><strong>Zerfallenes Heiligtum \/ Ruined Fane<\/strong><\/p>\n\n\n\n<ul class=\"wp-block-list\"><li>Wo: Tempel auf dem Damm von Kurast, vom WP Ober Kurast oder Travincal erreichbar<\/li><li>Monster:<br>&#8211; Blutaucher (Feuerimmun)<br>&#8211; Fleisch-Bogensch\u00fctze (K\u00e4lteimmun)<br>&#8211; Knochenk\u00e4fer (Blitzimmun)<br>&#8211; Natternmagier (K\u00e4lteimmun)<\/li><li>Anzahl der Champs + Bosse: 2<\/li><li>Super Unique Monster: keine<\/li><li>Sonstiges: &#8211;<\/li><li>Empfehlung:<\/li><\/ul>\n\n\n\n<p><strong>Verlassener Reliquienschrein \/ Disused Reliquary<\/strong><\/p>\n\n\n\n<ul class=\"wp-block-list\"><li>Wo: Tempel auf dem Damm von Kurast, vom WP Ober Kurast oder Travincal erreichbar<\/li><li>Monster:<br>&#8211; Blutaucher (Feuerimmun)<br>&#8211; Fleisch-Bogensch\u00fctze (K\u00e4lteimmun)<br>&#8211; Knochenk\u00e4fer (Blitzimmun)<br>&#8211; Natternmagier (K\u00e4lteimmun)<\/li><li>Anzahl der Champs + Bosse: 2<\/li><li>Super Unique Monster: keine<\/li><li>Sonstiges: &#8211;<\/li><li>Empfehlung:<\/li><\/ul>\n\n\n\n<hr class=\"wp-block-separator\"\/>\n\n\n\n<h2 class=\"wp-block-heading\" id=\"gebiete-in-akt-4\">Gebiete in Akt 4<\/h2>\n\n\n\n<p><strong>Flammenfluss \/ River of Flame<\/strong><\/p>\n\n\n\n<ul class=\"wp-block-list\"><li>Wo: vom WP Flammenfluss oder Stadt der Verdammten erreichbar<\/li><li>Monster:<br>&#8211; Blutwurm (Giftimmun)<br>&#8211; Grotesker + Grotesker Lindwurm (K\u00e4lteimmun)<br>&#8211; Grubenf\u00fcrst (Feuerimmun)<br>&#8211; Ritter des Abgrundes (Blitzimmun)<br>&#8211; Teufelsmaul (Giftimmun)<br>&#8211; Urdar<br>&#8211; W\u00fcrger (Blitzimmun)<\/li><li>Anzahl der Champs + Bosse: 6-7<\/li><li>Super Unique Monster: keine<\/li><li>Sonstiges: &#8211;<\/li><li>Empfehlung:<\/li><\/ul>\n\n\n\n<p><strong>Das Chaossanktuarium \/ Chaos Sanctum<\/strong><\/p>\n\n\n\n<ul class=\"wp-block-list\"><li>Wo: vom WP Flammenfluss erreichbar<\/li><li>Monster:<br>&#8211; Giftf\u00fcrst (Feuerimmun)<br>&#8211; Ritter der Verdammnis (Feuerimmun)<br>&#8211; Ritter des Vergessens (K\u00e4lteimmun)<br>&#8211; Sturmrufer (Blitzimmun)<\/li><li>Anzahl der Champs + Bosse: 6-7<\/li><li>Super Unique Monster: <a href=\"http:\/\/d2wissen.d2chars.de\/monster\/110\/showmonster-x.html?monster=243\" target=\"_blank\" rel=\"noreferrer noopener\">Diablo<\/a>, <a href=\"http:\/\/d2wissen.d2chars.de\/monster\/110\/showmonster-x.html?klasse=3006\" target=\"_blank\" rel=\"noreferrer noopener\">F\u00fcrst de Seis<\/a> (K\u00e4lteimmun), <a href=\"http:\/\/d2wissen.d2chars.de\/monster\/110\/showmonster-x.html?klasse=3006\" target=\"_blank\" rel=\"noreferrer noopener\">Gro\u00dfwesir des Chaos<\/a> (Blitzimmun), <a href=\"http:\/\/d2wissen.d2chars.de\/monster\/110\/showmonster-x.html?klasse=3006\" target=\"_blank\" rel=\"noreferrer noopener\">Vergifter der Seelen<\/a> (Feuerimmun)<\/li><li>Sonstiges: &#8211;<\/li><li>Empfehlung:<\/li><\/ul>\n\n\n\n<hr class=\"wp-block-separator\"\/>\n\n\n\n<h2 class=\"wp-block-heading\" id=\"gebiete-in-akt-5\">Gebiete in Akt 5<\/h2>\n\n\n\n<p><strong>Abaddon \/ Abaddon<\/strong><\/p>\n\n\n\n<ul class=\"wp-block-list\"><li>Wo: Rotes Portal im Eishochland, vom WP Eishochland erreichbar<\/li><li>Monster:<br>&#8211; Balrog (Feuerimmun)<br>&#8211; Blutf\u00fcrst (Physisch Immun)<br>&#8211; D\u00e4monen-Kobold (Feuerimmun)<br>&#8211; Dunkler Schamane + Dunkle Kreatur<br>&#8211; H\u00f6llenbrut (Feuerimmun)<br>&#8211; H\u00f6llenhexe (K\u00e4lteimmun)<br>&#8211; H\u00f6llische Verf\u00fchrerin<br>&#8211; Horror-Bogensch\u00fctze (Giftimmun)<br>&#8211; untote stygische Puppe (Giftimmun)<br>&#8211; W\u00fcrger (Blitzimmun)<\/li><li>Anzahl der Champs + Bosse: 3-4<\/li><li>Super Unique Monster: keine<\/li><li>Sonstiges: Goldene Truhe<\/li><li>Empfehlung:<\/li><\/ul>\n\n\n\n<p><strong>Grube von Acheron \/ Pit of Acheron<\/strong><\/p>\n\n\n\n<ul class=\"wp-block-list\"><li>Wo: Rotes Portal in der Arreat-Hochebene, vom WP Arreat-Hochebene erreichbar<\/li><li>Monster:<br>&#8211; Balrog (Feuerimmun)<br>&#8211; Blutf\u00fcrst (Physisch Immun)<br>&#8211; D\u00e4monen-Kobold (Feuerimmun)<br>&#8211; H\u00f6llen-Clan (K\u00e4lteimmun)<br>&#8211; H\u00f6llische Verf\u00fchrerin<br>&#8211; Magier der brennenden Toten (Feuer) (Feuerimmun, Giftimmun)<br>&#8211; Salamander (Feuerimmun)<br>&#8211; Schl\u00e4ger<br>&#8211; Teufelsmaul (Giftimmun)<br>&#8211; Vernichter (Magieimmun)<\/li><li>Anzahl der Champs + Bosse: 3-4<\/li><li>Super Unique Monster: keine<\/li><li>Sonstiges: Goldene Truhe<\/li><li>Empfehlung:<\/li><\/ul>\n\n\n\n<p><strong>Flockenh\u00f6hle \/ Drifter Cavern<\/strong><\/p>\n\n\n\n<ul class=\"wp-block-list\"><li>Wo: vom WP Gletscherweg erreichbar<\/li><li>Monster:<br>&#8211; Abschaum (K\u00e4lteimmun)<br>&#8211; Dunkler Bogensch\u00fctze (K\u00e4lteimmun)<br>&#8211; Frost-Schrecken (K\u00e4lteimmun)<br>&#8211; Geister (Physisch Immun, Giftimmun)<br>&#8211; Infizierter (Blitzimmun)<br>&#8211; Knochenmagier (K\u00e4lte) (K\u00e4lteimmun, Giftimmun)<br>&#8211; Mond-F\u00fcrst (Feuerimmun)<br>&#8211; Nacht-Clan (K\u00e4lteimmun)<br>&#8211; Sukkubus<br>&#8211; Ungl\u00e4ubiger (K\u00e4lteimmun)<\/li><li>Anzahl der Champs + Bosse: 6-8<\/li><li>Super Unique Monster: keine<\/li><li>Sonstiges: Goldene Truhe<\/li><li>Empfehlung:<\/li><\/ul>\n\n\n\n<p><strong>Infernogrube \/ Infernal Pit<\/strong><\/p>\n\n\n\n<ul class=\"wp-block-list\"><li>Wo: Rotes Portal in der Gefrorenen Tundra, vom WP Gefrorene Tundra erreichbar<\/li><li>Monster:<br>&#8211; Balrog (Feuerimmun)<br>&#8211; Blutf\u00fcrst (K\u00e4lteimmun)<br>&#8211; Blutherrscher (K\u00e4lteimmun)<br>&#8211; Feuerkeiler (Feuerimmun)<br>&#8211; H\u00f6llenhexe (K\u00e4lteimmun)<br>&#8211; Nacht-F\u00fcrst (Blitzimmun)<br>&#8211; Ritter der Verdammnis (Feuerimmun)<br>&#8211; Ritter des Vergessens (K\u00e4lteimmun)<br>&#8211; Salamander (Feuerimmun)<br>&#8211; Stygische Puppe (Blasrohr) (Feuerimmun)<br>&#8211; Unheilige Kadaver (Giftimmun)<br>&#8211; Verzehrter Feuerkeiler (Feuerimmun)<\/li><li>Anzahl der Champs + Bosse: 2-3<\/li><li>Super Unique Monster: keine<\/li><li>Sonstiges: Goldene Truhe<\/li><li>Empfehlung:<\/li><\/ul>\n\n\n\n<p><strong>Eiskeller \/ Icy Cellar<\/strong><\/p>\n\n\n\n<ul class=\"wp-block-list\"><li>Wo: vom WP Weg der Urahnen erreichbar<\/li><li>Monster:<br>&#8211; Abschaum (K\u00e4lteimmun)<br>&#8211; D\u00fcsternis (Blitzimmun, Giftimmun)<br>&#8211; D\u00fcstertier (Blitzimmun)<br>&#8211; Frost-Kriecher (K\u00e4lteimmun)<br>&#8211; Frost-Schrecken (K\u00e4lteimmun)<br>&#8211; Geist (Physisch Immun, Giftimmun)<br>&#8211; Grubenviper (K\u00e4lteimmun , Giftimmun)<br>&#8211; H\u00f6llenf\u00fcrst (Blitzimmun)<br>&#8211; H\u00f6llische Verf\u00fchrerin (Physisch Immun)<br>&#8211; Sirene (K\u00e4lteimmun)<br>&#8211; Untote stygische Puppe (Giftimmun)<\/li><li>Anzahl der Champs + Bosse: 6-8<\/li><li>Super Unique Monster: <a href=\"http:\/\/d2wissen.d2chars.de\/monster\/110\/showmonster-x.html?monster=1053\" target=\"_blank\" rel=\"noreferrer noopener\">Schnappzapp Schmetter<\/a> (K\u00e4lteimmun)<\/li><li>Sonstiges: Goldene Truhe<\/li><li>Empfehlung:<\/li><\/ul>\n\n\n\n<p><strong>Weltenstein-Turm Level \/ Worldstone Keep  &#8211; Ebene 1 &#8211; 3<\/strong><\/p>\n\n\n\n<ul class=\"wp-block-list\"><li>Wo: vom WP Weltenstein-Turm Level 2 erreichbar<\/li><li>Monster:<br>&#8211; Drohwurm (Giftimmun)<br>&#8211; Eindringling (K\u00e4lteimmun)<br>&#8211; Fanatiker (Blitzimmun)<br>&#8211; Fleischbestie (K\u00e4lteimmun)<br>&#8211; Fleischschleimer (K\u00e4lteimmun)<br>&#8211; Ghul-F\u00fcrst (K\u00e4lteimmun)<br>&#8211; Hierofant<br>&#8211; Schwarzer Lanzentr\u00e4ger (Blitzimmun)<br>&#8211; Seelent\u00f6ter-Schamane + Seelent\u00f6ter + Seelent\u00f6ter (Blasrohr) (Feuerimmun)<br>&#8211; Stinkender Entweiher (Giftimmun)<br>&#8211; Todes-F\u00fcrst (Feuerimmun)<br>&#8211; Unheilige Kadaver (Giftimmun)<br>&#8211; <strong>Lvl 2<\/strong><br>&#8211; Gro\u00dfe H\u00f6llenbrut (K\u00e4lteimmun)<br>&#8211; Horadrim-Vorfahr (Magieimmun)<br>&#8211; Horrormagier (Gift)<br>&#8211; Kadaver (Giftimmun)<br>&#8211; Natternmagier (Giftimmun)<br>&#8211; Schwarze Seele (Blitzimmun , Giftimmun)<br>&#8211; Seelent\u00f6ter (Feuerimmun)<br>&#8211; Stahlk\u00e4fer (Blitzimmun)<br>&#8211; Teufel (Blitzimmun)<br>&#8211; Tobs\u00fcchtige Eisbrut (K\u00e4lteimmun)<br>&#8211; <strong>Lvl 3<\/strong><br>&#8211; Blutherrscher (K\u00e4lteimmun)<br>&#8211; D\u00e4monen-Geist (Feuerimmun)<br>&#8211; Feuerkeiler (Feuerimmun)<br>&#8211; Gespenst (Physisch Immun, Giftimmun)<br>&#8211; H\u00f6llische Verf\u00fchrerin (Physisch Immun)<br>&#8211; Horrormagier (Blitz) (Blitzimmun, Giftimmun)<br>&#8211; Ranziger Entweiher (Giftimmun)<br>&#8211; Ritter der Verdammnis (Feuerimmun)<br>&#8211; Ritter des Vergessens (K\u00e4lteimmun)<br>&#8211; Seelent\u00f6ter (Blosrohr) (Feuerimmun)<br>&#8211; Sturmrufer (Blitzimmun)<br>&#8211; Todes-F\u00fcrst (Feuerimmun)<br>&#8211; Verzehrter Feuerkeiler (Feuerimmun)<br>&#8211; Zornw\u00fcrmer (K\u00e4lteimmun)<\/li><li>Anzahl der Champs + Bosse: 6-8 + 6-8 + 6-8<\/li><li>Super Unique Monster: keine<\/li><li>Sonstiges: &#8211;<\/li><li>Empfehlung:<\/li><\/ul>\n\n\n\n<p><strong>Thron der Zerst\u00f6rung \/ Throne of Destruction<\/strong><\/p>\n\n\n\n<ul class=\"wp-block-list\"><li>Wo: vom WP Weltenstein-Turm Level 2 erreichbar<\/li><li>Monster:<br>&#8211; Angreifer (Feuerimmun)<br>&#8211; Brennende Seele (Blitzimmun, Giftimmun)<br>&#8211; Diener der Zerst\u00f6rung (Feuerimmun)<br>&#8211; Dunkler F\u00fcrst (K\u00e4lteimmun)<br>&#8211; Entwirrer (Magieimmun)<br>&#8211; Giftf\u00fcrst (Giftimmun)<br>&#8211; Grubenf\u00fcrst (Feuerimmun)<br>&#8211; H\u00f6llenhexe (K\u00e4lteimmun)<br>&#8211; Horadrim-Vorfahr (Magieimmun)<br>&#8211; Natternmagier (Giftimmun)<br>&#8211; Ratsmitglied<br>&#8211; Ritter der Verdammnis (Feuerimmun)<br>&#8211; Ritter des Vergessens (K\u00e4lteimmun)<br>&#8211; Todes-F\u00fcrst (Feuerimmun)<br>&#8211; Todes-Magier (K\u00e4lte) (K\u00e4lteimmun)<br>&#8211; Untote Seelent\u00f6ter (Giftimmun)<br>&#8211; Verdrehter<\/li><li>Anzahl der Champs + Bosse: 4-5<\/li><li>Super Unique Monster: <a href=\"http:\/\/d2wissen.d2chars.de\/monster\/110\/showmonster-x.html?gebiet=131&amp;monster=1061\" target=\"_blank\" rel=\"noreferrer noopener\">Colenzo der Vernichter<\/a> (Feuerimmun), <a href=\"http:\/\/d2wissen.d2chars.de\/monster\/110\/showmonster-x.html?gebiet=131&amp;monster=1062\" target=\"_blank\" rel=\"noreferrer noopener\">Achmel der Verfluchte<\/a> (Magieimmun), <a href=\"http:\/\/d2wissen.d2chars.de\/monster\/110\/showmonster-x.html?gebiet=131&amp;monster=1063\" target=\"_blank\" rel=\"noreferrer noopener\">Batuc der Blutige<\/a>, <a href=\"http:\/\/d2wissen.d2chars.de\/monster\/110\/showmonster-x.html?gebiet=131&amp;monster=1064\" target=\"_blank\" rel=\"noreferrer noopener\">Ventar der Unheilige<\/a> (Giftimmun), <a href=\"http:\/\/d2wissen.d2chars.de\/monster\/110\/showmonster-x.html?gebiet=131&amp;monster=1065\" target=\"_blank\" rel=\"noreferrer noopener\">Lister der Qu\u00e4ler<\/a> (Feuerimmun)<\/li><li>Sonstiges: Weg zu <a href=\"http:\/\/d2wissen.d2chars.de\/monster\/110\/showmonster-x.html?gebiet=132&amp;monster=544\" target=\"_blank\" rel=\"noreferrer noopener\">Baal<\/a><\/li><li>Empfehlung:<\/li><\/ul>\n\n\n\n<hr class=\"wp-block-separator\"\/>\n\n\n\n<p>Stand: 31.01.2022 \/ Patch 2.4 &#8211; Quelle <a rel=\"noreferrer noopener\" href=\"https:\/\/planetdiablo.eu\/forum\/threads\/d2-r-patch-2-4-ueberblick-und-infos-zu-allen-arealvl-85-gebieten.1814304\/\" target=\"_blank\">Thread von Grimbadul<\/a><\/p>\n","protected":false},"excerpt":{"rendered":"<p>Inhalt Allgemeines \u00fcber Alvl\u00dcbersicht der GebieteGebiete in Akt 1Gebiete in Akt 2Gebiete in Akt 3Gebiete in Akt 4Gebiete in Akt 5 Allgemeines \u00fcber Alvl Was bedeutet Arealevel 85 \u00fcberhaupt?Alvl ist das was viele Leute f\u00e4lschlicherweise oft als TC85 \/ TC87 \/ TCetc bezeichnen. Das Arealevel eines Gebiets gibt vor, welches Level die Monster in diesem&hellip; <a class=\"more-link\" href=\"https:\/\/planetdiablo.eu\/de\/diablo-2-arealevel-85-gebiete\/\"><span class=\"screen-reader-text\">Diablo 2 &#8211; Arealevel-85-Gebiete<\/span> weiterlesen<\/a><\/p>\n","protected":false},"author":847,"featured_media":0,"parent":0,"menu_order":6,"comment_status":"closed","ping_status":"closed","template":"","meta":{"footnotes":""},"class_list":["post-583736","page","type-page","status-publish","hentry","entry"],"_links":{"self":[{"href":"https:\/\/planetdiablo.eu\/de\/wp-json\/wp\/v2\/pages\/583736","targetHints":{"allow":["GET"]}}],"collection":[{"href":"https:\/\/planetdiablo.eu\/de\/wp-json\/wp\/v2\/pages"}],"about":[{"href":"https:\/\/planetdiablo.eu\/de\/wp-json\/wp\/v2\/types\/page"}],"author":[{"embeddable":true,"href":"https:\/\/planetdiablo.eu\/de\/wp-json\/wp\/v2\/users\/847"}],"replies":[{"embeddable":true,"href":"https:\/\/planetdiablo.eu\/de\/wp-json\/wp\/v2\/comments?post=583736"}],"version-history":[{"count":26,"href":"https:\/\/planetdiablo.eu\/de\/wp-json\/wp\/v2\/pages\/583736\/revisions"}],"predecessor-version":[{"id":583770,"href":"https:\/\/planetdiablo.eu\/de\/wp-json\/wp\/v2\/pages\/583736\/revisions\/583770"}],"wp:attachment":[{"href":"https:\/\/planetdiablo.eu\/de\/wp-json\/wp\/v2\/media?parent=583736"}],"curies":[{"name":"wp","href":"https:\/\/api.w.org\/{rel}","templated":true}]}}