{"id":585401,"date":"2022-04-27T11:05:37","date_gmt":"2022-04-27T09:05:37","guid":{"rendered":"https:\/\/planetdiablo.eu\/de\/?page_id=585401"},"modified":"2022-04-28T12:02:57","modified_gmt":"2022-04-28T10:02:57","slug":"ueber-uns","status":"publish","type":"page","link":"https:\/\/planetdiablo.eu\/de\/ueber-uns\/","title":{"rendered":"\u00dcber uns"},"content":{"rendered":"\n<p>Seit dem Jahr 2000 gibt es das Forum und die Webseite und seit 2021 den Discord-Server. Heute l\u00e4uft alles unter planetdiablo.eu, fr\u00fcher waren unsere Inhalte &#8211; nacheinander unter den Domains diablo2.de | indiablo.de | diablo2.ingame.de | oder diablo3.ingame.de verf\u00fcgbar.<br><br>Im Fr\u00fchjahr 2021 beschloss die Firma inwave GmbH, welche diese Seite und Community urspr\u00fcnglich gr\u00fcndete, sich ziemlich pl\u00f6tzlich vom Forum und der Webseite zu trennen weil sich der Betrieb des Forums bzw. der Webseite nicht mehr lohnte.<br><br>Wir, ein paar Enthusiasten rund um die Diablo Serie und insbesondere dieser gewachsenen Community hier, haben kurzfristig die Inhalte \u00fcbernommen die uns die inwave GmbH freundlicherweise zur Verf\u00fcgung gestellt hat.<br>So k\u00f6nnen wir auf mittlerweile 22 Jahre Community zur\u00fcckblicken, die immer noch aktiv ist!<br><br>Freilich muss so eine Seite auch irgendwie betrieben werden und daf\u00fcr brauchts das allseits bekannte Mittel namens Geld. Wir haben also einen <a href=\"https:\/\/planetdiablo.eu\/de\/ueber-uns\/der-verein-tristram-e-v\/\" data-type=\"page\" data-id=\"585559\">Verein <\/a>gegr\u00fcndet und zwar den Tristram e.V. mit Sitz in Stuttgart. Aber der Sitz ist nur f\u00fcr die Verwaltung, von der Struktur her ist es ein Online-Verein mit Absprachen im Chat oder im Channel oder im Forum oder wo wir sonst miteinander reden, quatschen und schreiben.<br>Unsere Vereinssatzung <a href=\"https:\/\/planetdiablo.eu\/de\/wp-content\/uploads\/2022\/04\/Satzung-Verein-Tristram2022.pdf\">findet Ihr hier<\/a>.<br><br>Gerne w\u00fcrden wir Euch als Mitglied f\u00fcr den Verein gewinnen denn die Diablo Reihe lebt durch D2 Classic, D2:Resurrected, Diablo 3, k\u00fcnftig Diablo 4 und auch Diablo:Immortal (Do you guys not have phones? \u2026) wobei wir uns derzeit eher wenig um mobile Inhalte oder um Konsoleninhalte k\u00fcmmern.<br><br>Die Schwelle um Mitglied zu werden ist niedrig, kaum Verwaltungskram und g\u00fcnstige Preise \ud83d\ude42<\/p>\n\n\n\n<p>Den Mitgliedsantrag findet Ihr hier \ud83d\ude42<br>Ihr d\u00fcrft uns auch gerne direkt mit Geld unterst\u00fctzen ( zur Kontoverbindung: <a href=\"https:\/\/planetdiablo.eu\/de\/ueber-uns\/spenden-oder-betraege\/\" data-type=\"page\" data-id=\"585562\">hier lang<\/a>)<br>oder einfach nur &#8211; Teil der Community hier sein. Je mehr Ihr uns unterst\u00fctzt, desto mehr k\u00f6nnen wir Euch bieten.<\/p>\n\n\n\n<p>Warum Unterst\u00fctzung?<\/p>\n\n\n\n<p>Wir wollen diese Webseite werbefrei und cookiefrei halten &#8211; mit Ausnahme der erforderlichen Cookies (eingeloggt sein etc.). Da aber schon der Serverbetrieb ein bisschen was kostet (eine mittlere drei-bis knapp vierstellige Summe im Jahr, je nachdem) muss das irgendwie finanziert werden, deswegen das Donation- Mitgliedsschafts- bzw. Spendenmodell.<br><br>Dadurch ergibt sich vielleicht auch die M\u00f6glichkeit kleinere Goodies f\u00fcr Wettbewerbe oder Ereignisse auszuschreiben und \u00e4hnliches. Nat\u00fcrlich nur wenn was \u00fcbrig bleibt.<br>Bis dahin verweisen wir auf diese kleine Seite. Nunja, das ist ein bisschen wie das Henne-Ei Problem.  Ohne Unterst\u00fctzer m\u00fcssen wir uns keine Gedanken machen, ohne Goodies mag jemand vielleicht nicht spenden. Schreibt uns doch was dazu \ud83d\ude42 <a href=\"https:\/\/planetdiablo.eu\/forum\/threads\/tristram-und-die-donation-communication-was-brauchts-ihr-und-wos-noeoed.1817748\/\">ins Forum<\/a>.<br><br><br>Wir wollen keine Gewinne mit der Seite erzielen. Dies ist und bleibt ein privates Projekt mit dem Fokus auf der Diablo-Serie. Habt Ihr noch Fragen? Dann stellt sie doch im KFA \ud83d\ude42<br>Achja, unser Impressum findet Ihr <a href=\"https:\/\/planetdiablo.eu\/de\/ueber-uns\/impressum\/\">hier<\/a>.<\/p>\n\n\n\n<p>Beste Gr\u00fcsse DV \/ Andreas<\/p>\n\n\n\n<p>1. Vorsitzender des Tristram e.V. und Freizeitadmin<\/p>\n","protected":false},"excerpt":{"rendered":"<p>Seit dem Jahr 2000 gibt es das Forum und die Webseite und seit 2021 den Discord-Server. Heute l\u00e4uft alles unter planetdiablo.eu, fr\u00fcher waren unsere Inhalte &#8211; nacheinander unter den Domains diablo2.de | indiablo.de | diablo2.ingame.de | oder diablo3.ingame.de verf\u00fcgbar. Im Fr\u00fchjahr 2021 beschloss die Firma inwave GmbH, welche diese Seite und Community urspr\u00fcnglich gr\u00fcndete, sich&hellip; <a class=\"more-link\" href=\"https:\/\/planetdiablo.eu\/de\/ueber-uns\/\"><span class=\"screen-reader-text\">\u00dcber uns<\/span> weiterlesen<\/a><\/p>\n","protected":false},"author":762,"featured_media":0,"parent":0,"menu_order":0,"comment_status":"closed","ping_status":"closed","template":"","meta":{"footnotes":""},"class_list":["post-585401","page","type-page","status-publish","hentry","entry"],"_links":{"self":[{"href":"https:\/\/planetdiablo.eu\/de\/wp-json\/wp\/v2\/pages\/585401","targetHints":{"allow":["GET"]}}],"collection":[{"href":"https:\/\/planetdiablo.eu\/de\/wp-json\/wp\/v2\/pages"}],"about":[{"href":"https:\/\/planetdiablo.eu\/de\/wp-json\/wp\/v2\/types\/page"}],"author":[{"embeddable":true,"href":"https:\/\/planetdiablo.eu\/de\/wp-json\/wp\/v2\/users\/762"}],"replies":[{"embeddable":true,"href":"https:\/\/planetdiablo.eu\/de\/wp-json\/wp\/v2\/comments?post=585401"}],"version-history":[{"count":11,"href":"https:\/\/planetdiablo.eu\/de\/wp-json\/wp\/v2\/pages\/585401\/revisions"}],"predecessor-version":[{"id":585676,"href":"https:\/\/planetdiablo.eu\/de\/wp-json\/wp\/v2\/pages\/585401\/revisions\/585676"}],"wp:attachment":[{"href":"https:\/\/planetdiablo.eu\/de\/wp-json\/wp\/v2\/media?parent=585401"}],"curies":[{"name":"wp","href":"https:\/\/api.w.org\/{rel}","templated":true}]}}