{"id":585559,"date":"2022-04-27T13:00:48","date_gmt":"2022-04-27T11:00:48","guid":{"rendered":"https:\/\/planetdiablo.eu\/de\/?page_id=585559"},"modified":"2022-04-27T20:17:06","modified_gmt":"2022-04-27T18:17:06","slug":"der-verein-tristram-e-v","status":"publish","type":"page","link":"https:\/\/planetdiablo.eu\/de\/ueber-uns\/der-verein-tristram-e-v\/","title":{"rendered":"Der Verein  Tristram e.V."},"content":{"rendered":"\n<p>Ihr wollt Mitglied werden? <a href=\"https:\/\/planetdiablo.eu\/de\/ueber-uns\/mitglied-werden\/\" data-type=\"page\" data-id=\"585627\">Hier lang!<\/a><\/p>\n\n\n\n<p>Was es \u00fcber uns zu sagen gibt haben wir teilweise schon <a href=\"https:\/\/planetdiablo.eu\/de\/ueber-uns\/\" data-type=\"page\" data-id=\"585401\">dort <\/a>erledigt. In unserer stark datengetriebenen Zeit ist es uns &#8211; und wie wir wissen auch Euch- wichtig, dass Ihr (und wir) nicht \u00fcberall getrackt und mit Werbung geflutet werdet. <\/p>\n\n\n\n<p>In den vergangenen zwei Jahrzehnten gab es immer wieder mal Zeiten wo unsere Seite wegen massiver Werbeskripte oder Datenweiterleitungen nur schwer zu bedienen oder zu laden war.  Es war uns daher besonders wichtig, neben unserer inhaltlichen Zielsetzung die Webseite und das Forum werbefrei und &#8211; mit Ausnahme von erforderlichen Elementen- auch cookie- und trackingfrei zu halten.<\/p>\n\n\n\n<p><br>Unsere <strong>Satzung <\/strong>die <a href=\"https:\/\/planetdiablo.eu\/de\/wp-content\/uploads\/2022\/04\/Satzung-Verein-Tristram2022.pdf\">Ihr hier runterladen k\u00f6nnt<\/a>, wird inhaltlich noch ein wenig genauer und umschreibt unsere Ziele wie folgt:<\/p>\n\n\n\n<p>&#8222;Zweck des Vereins ist die F\u00f6rderung der Spielfreude und des Spielbetriebs im Freizeitbereich betreffend die bisherigen und k\u00fcnftigen elektronischen und sonstigen Spiele der \u201eDiablo\u201c Reihe, urspr\u00fcnglich entwickelt von der US-amerikanischen Firma Blizzard North, sp\u00e4ter Blizzard Entertainment Inc. , im folgenden: Spieleanbieter.<br>Der Zweck wird verwirklicht insbesondere durch:<\/p>\n\n\n\n<p>Information \u00fcber die Spiele und Spielinhalte;<br>Information \u00fcber begleitende Materialien wie B\u00fccher etc.;<br>Einer Online-Datenbank soweit m\u00f6glich;<br>Betrieb eines Online-Forums;  <br>und\/oder sonstiger Online-Kommunikationsplattformen, <br>ggf. der Betrieb eines E-Mailverteilers <br>und\/oder Herausgabe eines Periodikums in Form eines Printmediums<\/p>\n\n\n\n<p><br><br>Ebenso ist es ein Ziel des Vereins, faire Spielbedingungen zu f\u00f6rdern, sich z.B. an den jeweiligen Nutzungsbestimmungen des Spieleanbieters im Hinblick auf eine faire Spielweise zu orientieren (&#8230;)&#8220;<\/p>\n\n\n\n<p><strong>Warum jetzt unbedingt ein Verein?<\/strong><br>Nunja, eine permanente Struktur ist hier sinnvoll und wer m\u00f6chte schon auf das pers\u00f6nliche Konto einer Person \u00fcberweisen von der man nur vage vermutet dass das Geld bestimmungsgem\u00e4\u00df verwendet wird? <br><br>Nat\u00fcrlich kostet, wie bereits erw\u00e4hnt, so ein Serverbetrieb eine beachtliche Menge Geld. Wenn also Eure Daten (und Eure Seelen &#8230;) nicht verkauft werden, brauchen wir ein anderes Finanzierungsmodell, sei es durch Spenden oder durch Mitgliedsbeitr\u00e4ge. Wir hoffen dass Ihr das versteht <a href=\"https:\/\/planetdiablo.eu\/de\/ueber-uns\/spenden-oder-betraege\/\">und uns unterst\u00fctzt<\/a>.<br><br>Und so ist es f\u00fcr alle Seiten transparenter.<\/p>\n\n\n\n<p><\/p>\n\n\n\n<p><\/p>\n","protected":false},"excerpt":{"rendered":"<p>Ihr wollt Mitglied werden? Hier lang! Was es \u00fcber uns zu sagen gibt haben wir teilweise schon dort erledigt. In unserer stark datengetriebenen Zeit ist es uns &#8211; und wie wir wissen auch Euch- wichtig, dass Ihr (und wir) nicht \u00fcberall getrackt und mit Werbung geflutet werdet. In den vergangenen zwei Jahrzehnten gab es immer&hellip; <a class=\"more-link\" href=\"https:\/\/planetdiablo.eu\/de\/ueber-uns\/der-verein-tristram-e-v\/\"><span class=\"screen-reader-text\">Der Verein  Tristram e.V.<\/span> weiterlesen<\/a><\/p>\n","protected":false},"author":762,"featured_media":0,"parent":585401,"menu_order":6,"comment_status":"closed","ping_status":"closed","template":"","meta":{"footnotes":""},"class_list":["post-585559","page","type-page","status-publish","hentry","entry"],"_links":{"self":[{"href":"https:\/\/planetdiablo.eu\/de\/wp-json\/wp\/v2\/pages\/585559","targetHints":{"allow":["GET"]}}],"collection":[{"href":"https:\/\/planetdiablo.eu\/de\/wp-json\/wp\/v2\/pages"}],"about":[{"href":"https:\/\/planetdiablo.eu\/de\/wp-json\/wp\/v2\/types\/page"}],"author":[{"embeddable":true,"href":"https:\/\/planetdiablo.eu\/de\/wp-json\/wp\/v2\/users\/762"}],"replies":[{"embeddable":true,"href":"https:\/\/planetdiablo.eu\/de\/wp-json\/wp\/v2\/comments?post=585559"}],"version-history":[{"count":12,"href":"https:\/\/planetdiablo.eu\/de\/wp-json\/wp\/v2\/pages\/585559\/revisions"}],"predecessor-version":[{"id":585672,"href":"https:\/\/planetdiablo.eu\/de\/wp-json\/wp\/v2\/pages\/585559\/revisions\/585672"}],"up":[{"embeddable":true,"href":"https:\/\/planetdiablo.eu\/de\/wp-json\/wp\/v2\/pages\/585401"}],"wp:attachment":[{"href":"https:\/\/planetdiablo.eu\/de\/wp-json\/wp\/v2\/media?parent=585559"}],"curies":[{"name":"wp","href":"https:\/\/api.w.org\/{rel}","templated":true}]}}