{"id":585567,"date":"2022-04-27T16:20:16","date_gmt":"2022-04-27T14:20:16","guid":{"rendered":"https:\/\/planetdiablo.eu\/de\/?page_id=585567"},"modified":"2022-04-27T16:25:59","modified_gmt":"2022-04-27T14:25:59","slug":"datenschutz","status":"publish","type":"page","link":"https:\/\/planetdiablo.eu\/de\/ueber-uns\/datenschutz\/","title":{"rendered":"Datenschutz"},"content":{"rendered":"\n<p><strong>Datenschutzerkl\u00e4rung<\/strong><\/p>\n\n\n\n<p>In dieser Datenschutzerkl\u00e4rung informieren wir Sie \u00fcber die Verarbeitung personenbezogener Daten bei der Nutzung dieser Website. Wir schicken vorweg, dass wir  grossen Wert auf Datensparsamkeit legen und weder trackende Cookies noch Werbecookies auf der Webseite oder im Forum verwenden sofern diese nicht f\u00fcr die Funktionalit\u00e4t der Webseite und insbesondere des Forums (Status eingeloggt) erforderlich sind.<\/p>\n\n\n\n<p><strong>Verantwortlicher<\/strong><\/p>\n\n\n\n<p>Verantwortlich f\u00fcr die Datenverarbeitung ist der Betreiber der Webseite, der Verein <a href=\"https:\/\/planetdiablo.eu\/de\/ueber-uns\/impressum\/\" data-type=\"page\" data-id=\"585631\">Tristram e.V. <\/a><br><\/p>\n\n\n\n<p><strong>Datenschutzbeauftragter<\/strong><br><br>Es besteht kein Anla\u00df nach der DSGVO einen Datenschutzbeauftragten zu benennen.<br><\/p>\n\n\n\n<p><strong>Personenbezogene Daten<\/strong><\/p>\n\n\n\n<p>Personenbezogene Daten sind alle Informationen, die sich auf eine identifizierte oder identifizierbare nat\u00fcrliche Person (im Folgenden &#8222;betroffene Person&#8220;) beziehen. Als identifizierbar wird eine nat\u00fcrliche Person angesehen, die direkt oder indirekt, insbesondere mittels Zuordnung zu einer Kennung wie einem Namen, zu einer Kennnummer, zu Standortdaten, zu einer Online-Kennung oder zu einem oder mehreren besonderen Merkmalen identifiziert werden kann, die Ausdruck der physischen, physiologischen, genetischen, psychischen, wirtschaftlichen, kulturellen oder sozialen Identit\u00e4t dieser nat\u00fcrlichen Person sind.<\/p>\n\n\n\n<p><strong>Daten beim Websiteaufruf<\/strong><\/p>\n\n\n\n<p>Wenn Sie diese Website nur nutzen, um sich zu informieren und keine Daten angeben, dann verarbeiten wir nur die Daten, die zur Anzeige der Website auf dem von Ihnen verwendeten internetf\u00e4higen Ger\u00e4t erforderlich sind. Das sind insbesondere:<\/p>\n\n\n\n<ul class=\"wp-block-list\"><li>IP-Adresse<\/li><li>Datum und Uhrzeit der Anfrage<\/li><li>jeweils \u00fcbertragene Datenmenge<\/li><li>die Website, von der die Anforderung kommt<\/li><li>Browsertyp und Browserversion<\/li><li>Betriebssystem<\/li><\/ul>\n\n\n\n<p>Rechtsgrundlage f\u00fcr die Verarbeitung dieser Daten sind berechtigte Interessen gem\u00e4\u00df Art. 6 Abs. 1 UAbs. 1 Buchstabe f) DSGVO, um die Darstellung der Website grunds\u00e4tzlich zu erm\u00f6glichen.<\/p>\n\n\n\n<p>Dar\u00fcber hinaus k\u00f6nnen Sie verschiedene Leistungen auf der Website nutzen, bei der weitere personenbezogene und nicht personenbezogene Daten verarbeitet werden.<\/p>\n\n\n\n<p>Dies gilt insbesondere wenn Sie sich im Forum einloggen, was notwendig ist um die Funktionalit\u00e4t eines Forums sicherzustellen oder wenn Sie uns per Mail oder \u00fcber ein Kontaktformular eine Nachricht zukommen lassen.<\/p>\n\n\n\n<p><strong>Ihre Rechte<\/strong><\/p>\n\n\n\n<p>Als betroffene Person haben Sie folgende Rechte:<\/p>\n\n\n\n<ul class=\"wp-block-list\"><li>Sie haben ein Auskunftsrecht bez\u00fcglich der Sie betreffenden personenbezogenen Daten, die der Verantwortliche verarbeitet (Art. 15 DSGVO),<\/li><li>Sie haben das Recht auf Berichtigung der Sie betreffenden Daten, wenn diese unrichtig oder unvollst\u00e4ndig gespeichert werden (Art. 16 DSGVO),<\/li><li>Sie haben das Recht auf L\u00f6schung (Art. 17 DSGVO),<\/li><li>Sie haben das Recht, die Einschr\u00e4nkung der Verarbeitung Ihrer personenbezogenen Daten zu verlangen (Art. 18 DSGVO),<\/li><li>Sie haben das Recht auf Daten\u00fcbertragbarkeit (Art. 20 DSGVO),<\/li><li>Sie haben ein Widerspruchsrecht gegen die Verarbeitung Sie betreffender personenbezogener Daten (Art. 21 DSGVO),<\/li><li>Sie haben das Recht nicht einer ausschlie\u00dflich auf einer automatisierten Verarbeitung \u2013 einschlie\u00dflich Profiling \u2013 beruhenden Entscheidung unterworfen zu werden, die Ihnen gegen\u00fcber rechtliche Wirkung entfaltet oder sie in \u00e4hnlicher Weise erheblich beeintr\u00e4chtigt (Art. 22 DSGVO),<\/li><li>Sie haben das Recht, sich bei einem vermuteten Versto\u00df gegen das Datenschutzrecht bei der zust\u00e4ndigen Aufsichtsbeh\u00f6rde zu beschweren (Art. 77 DSGVO). Zust\u00e4ndig ist die Aufsichtsbeh\u00f6rde an Ihrem \u00fcblichen Aufenthaltsort, Arbeitsplatz oder am Ort des vermuteten Versto\u00dfes.<br><br>Ein Kontaktformular f\u00fcr die Anfrage nach Art. 15 DSGVO haben wir f\u00fcr Sie vorbereitet. Hierbei ist es zwingend notwendig &#8211; wenn Sie User unseres Forums sind z.B. &#8211; dass Sie die bei uns zur Kontaktaufnahme hinterlegte E-Mail-Adresse verwenden (eindeutige User-Identifizierung).<br><br>In anderen F\u00e4llen reicht die Angabe einer von Ihnen in Kommunikation mit uns verwendeten Mailadresse.<br><br><\/li><\/ul>\n<noscript class=\"ninja-forms-noscript-message\">\n\tHinweis: F\u00fcr diesen Inhalt ist JavaScript erforderlich.<\/noscript>\n<div id=\"nf-form-3-cont\" class=\"nf-form-cont\" aria-live=\"polite\" aria-labelledby=\"nf-form-title-3\" aria-describedby=\"nf-form-errors-3\" role=\"form\">\n\n    <div class=\"nf-loading-spinner\"><\/div>\n\n<\/div>\n        <!-- That data is being printed as a workaround to page builders reordering the order of the scripts loaded-->\n        <script>var formDisplay=1;var nfForms=nfForms||[];var form=[];form.id='3';form.settings={\"objectType\":\"Form Setting\",\"editActive\":true,\"title\":\"Anfrage auf Datenauskunft nach Art. 15 DSGVO\",\"created_at\":\"2018-05-22 14:52:39\",\"form_title\":\"Data Export Request\",\"default_label_pos\":\"above\",\"show_title\":\"1\",\"clear_complete\":\"1\",\"hide_complete\":\"1\",\"logged_in\":\"0\",\"wrapper_class\":\"\",\"element_class\":\"\",\"key\":\"\",\"add_submit\":\"0\",\"currency\":\"\",\"unique_field_error\":\"A form with this value has already been submitted.\",\"not_logged_in_msg\":\"\",\"sub_limit_msg\":\"The form has reached its submission limit.\",\"calculations\":[],\"container_styles_show_advanced_css\":\"0\",\"title_styles_show_advanced_css\":\"0\",\"row_styles_show_advanced_css\":\"0\",\"row-odd_styles_show_advanced_css\":\"0\",\"success-msg_styles_show_advanced_css\":\"0\",\"error_msg_styles_show_advanced_css\":\"0\",\"save_progress_allow_multiple\":\"\",\"save_progress_table_legend\":\"Load saved progress\",\"save_progress_table_columns\":[{\"errors\":[],\"max_options\":0,\"label\":\"Column Title\",\"field\":\"{field}\",\"order\":0,\"settingModel\":{\"settings\":false,\"hide_merge_tags\":false,\"error\":false,\"name\":\"save_progress_table_columns\",\"type\":\"option-repeater\",\"label\":\"Save Table Columns <a href=\\\"#\\\" class=\\\"nf-add-new\\\">Add New<\\\/a>\",\"width\":\"full\",\"group\":\"primary\",\"columns\":{\"field\":{\"header\":\"Field Key\",\"default\":\"\"}},\"value\":[{\"label\":\"Column Title\",\"field\":\"{field}\",\"order\":0}],\"tmpl_row\":\"tmpl-nf-save-progress-table-columns-repeater-row\"}}],\"conditions\":[],\"mp_breadcrumb\":\"1\",\"mp_progress_bar\":\"1\",\"mp_display_titles\":\"0\",\"breadcrumb_container_styles_show_advanced_css\":\"0\",\"breadcrumb_buttons_styles_show_advanced_css\":\"0\",\"breadcrumb_button_hover_styles_show_advanced_css\":\"0\",\"breadcrumb_active_button_styles_show_advanced_css\":\"0\",\"progress_bar_container_styles_show_advanced_css\":\"0\",\"progress_bar_fill_styles_show_advanced_css\":\"0\",\"part_titles_styles_show_advanced_css\":\"0\",\"navigation_container_styles_show_advanced_css\":\"0\",\"previous_button_styles_show_advanced_css\":\"0\",\"next_button_styles_show_advanced_css\":\"0\",\"navigation_hover_styles_show_advanced_css\":\"0\",\"formContentData\":[\"antrag_auf_datenexport_1651055422709\",\"email_1526653801502\",\"abschicken_1651055362288\"],\"allow_public_link\":0,\"embed_form\":\"\",\"changeEmailErrorMsg\":\"Bitte gib eine g\\u00fcltige E-Mail-Adresse ein.\",\"changeDateErrorMsg\":\"Bitte gib ein g\\u00fcltiges Datum ein!\",\"confirmFieldErrorMsg\":\"Diese Felder m\\u00fcssen \\u00fcbereinstimmen!\",\"fieldNumberNumMinError\":\"Die eingegebene Zahl ist zu klein.\",\"fieldNumberNumMaxError\":\"Die eingegebene Zahl ist zu gross.\",\"fieldNumberIncrementBy\":\"Bitte erh\\u00f6hen in Schritten von\",\"formErrorsCorrectErrors\":\"Bitte korrigiere die Fehler, bevor du das Formular sendest.\",\"validateRequiredField\":\"Dies ist ein Pflichtfeld.\",\"honeypotHoneypotError\":\"Honeypot-Fehler\",\"fieldsMarkedRequired\":\"Felder mit einem <span class=\\\"ninja-forms-req-symbol\\\">*<\\\/span> sind Pflichtfelder\",\"repeatable_fieldsets\":\"\",\"drawerDisabled\":false,\"ninjaForms\":\"Ninja Forms\",\"fieldTextareaRTEInsertLink\":\"Link einf\\u00fcgen\",\"fieldTextareaRTEInsertMedia\":\"Medien einf\\u00fcgen\",\"fieldTextareaRTESelectAFile\":\"Eine Datei ausw\\u00e4hlen\",\"formHoneypot\":\"Falls du ein Mensch bist und dieses Feld siehst, dann lasse es bitte leer.\",\"fileUploadOldCodeFileUploadInProgress\":\"Datei-Upload l\\u00e4uft.\",\"fileUploadOldCodeFileUpload\":\"DATEI-UPLOAD\",\"currencySymbol\":\"&euro;\",\"thousands_sep\":\".\",\"decimal_point\":\",\",\"siteLocale\":\"de_DE\",\"dateFormat\":\"d\\\/m\\\/Y\",\"startOfWeek\":\"1\",\"of\":\"von\",\"previousMonth\":\"Vorheriger Monat\",\"nextMonth\":\"N\\u00e4chster Monat\",\"months\":[\"Januar\",\"Februar\",\"M\\u00e4rz\",\"April\",\"Mai\",\"Juni\",\"Juli\",\"August\",\"September\",\"Oktober\",\"November\",\"Dezember\"],\"monthsShort\":[\"Jan.\",\"Feb.\",\"M\\u00e4rz\",\"Apr.\",\"Mai\",\"Juni\",\"Juli\",\"Aug\",\"Sep.\",\"Okt.\",\"Nov.\",\"Dez.\"],\"weekdays\":[\"Sonntag\",\"Montag\",\"Dienstag\",\"Mittwoch\",\"Donnerstag\",\"Freitag\",\"Samstag\"],\"weekdaysShort\":[\"So.\",\"Mo.\",\"Di.\",\"Mi.\",\"Do.\",\"Fr.\",\"Sa.\"],\"weekdaysMin\":[\"So.\",\"Mo.\",\"Di.\",\"Mi.\",\"Do.\",\"Fr.\",\"Sa.\"],\"recaptchaConsentMissing\":\"reCaptcha validation couldn&#039;t load.\",\"recaptchaMissingCookie\":\"reCaptcha v3 validation couldn&#039;t load the cookie needed to submit the form.\",\"recaptchaConsentEvent\":\"Accept reCaptcha cookies before sending the form.\",\"currency_symbol\":\"\",\"beforeForm\":\"\",\"beforeFields\":\"\",\"afterFields\":\"\",\"afterForm\":\"\"};form.fields=[{\"objectType\":\"Field\",\"objectDomain\":\"fields\",\"editActive\":false,\"order\":999,\"idAttribute\":\"id\",\"type\":\"html\",\"label\":\"Antrag auf Datenexport\",\"default\":\"<p>Benutze dieses Formular um etwas \\u00fcber die von Dir von uns ggf. gesammelten Daten zu erfahren.<br>Oder schreib uns einfach eine Mail.<br><\\\/p>\",\"container_class\":\"\",\"element_class\":\"\",\"wrap_styles_show_advanced_css\":0,\"label_styles_show_advanced_css\":0,\"element_styles_show_advanced_css\":0,\"key\":\"antrag_auf_datenexport_1651055422709\",\"cellcid\":\"c4613\",\"drawerDisabled\":false,\"created_at\":\"2018-05-22 14:52:39\",\"field_label\":\"HTML\",\"field_key\":\"html_1526653797195\",\"id\":10,\"beforeField\":\"\",\"afterField\":\"\",\"value\":\"<p>Benutze dieses Formular um etwas \\u00fcber die von Dir von uns ggf. gesammelten Daten zu erfahren.<br>Oder schreib uns einfach eine Mail.<br><\\\/p>\",\"label_pos\":\"above\",\"parentType\":\"html\",\"element_templates\":[\"html\",\"input\"],\"old_classname\":\"\",\"wrap_template\":\"wrap\"},{\"objectType\":\"Field\",\"objectDomain\":\"fields\",\"editActive\":false,\"order\":999,\"idAttribute\":\"id\",\"type\":\"email\",\"label\":\"Email\",\"key\":\"email_1526653801502\",\"label_pos\":\"above\",\"required\":1,\"default\":\"{wp:user_email}\",\"placeholder\":\"\",\"container_class\":\"\",\"element_class\":\"\",\"admin_label\":\"\",\"help_text\":\"\",\"custom_name_attribute\":\"email\",\"wrap_styles_show_advanced_css\":0,\"label_styles_show_advanced_css\":0,\"element_styles_show_advanced_css\":0,\"cellcid\":\"c4698\",\"drawerDisabled\":false,\"created_at\":\"2018-05-22 14:52:39\",\"field_label\":\"Email\",\"field_key\":\"email_1526653801502\",\"personally_identifiable\":1,\"value\":\"\",\"id\":11,\"beforeField\":\"\",\"afterField\":\"\",\"parentType\":\"email\",\"element_templates\":[\"email\",\"input\"],\"old_classname\":\"\",\"wrap_template\":\"wrap\"},{\"objectType\":\"Field\",\"objectDomain\":\"fields\",\"editActive\":false,\"order\":999,\"idAttribute\":\"id\",\"type\":\"submit\",\"label\":\"Abschicken\",\"processing_label\":\"Processing\",\"container_class\":\"\",\"element_class\":\"\",\"key\":\"abschicken_1651055362288\",\"wrap_styles_show_advanced_css\":0,\"element_styles_show_advanced_css\":0,\"submit_element_hover_styles_show_advanced_css\":0,\"cellcid\":\"c4771\",\"created_at\":\"2018-05-22 14:52:39\",\"drawerDisabled\":false,\"field_label\":\"Submit\",\"field_key\":\"submit_1526653802436\",\"id\":12,\"beforeField\":\"\",\"afterField\":\"\",\"value\":\"\",\"label_pos\":\"above\",\"parentType\":\"textbox\",\"element_templates\":[\"submit\",\"button\",\"input\"],\"old_classname\":\"\",\"wrap_template\":\"wrap-no-label\"}];nfForms.push(form);<\/script>\n        ","protected":false},"excerpt":{"rendered":"<p>Datenschutzerkl\u00e4rung In dieser Datenschutzerkl\u00e4rung informieren wir Sie \u00fcber die Verarbeitung personenbezogener Daten bei der Nutzung dieser Website. Wir schicken vorweg, dass wir grossen Wert auf Datensparsamkeit legen und weder trackende Cookies noch Werbecookies auf der Webseite oder im Forum verwenden sofern diese nicht f\u00fcr die Funktionalit\u00e4t der Webseite und insbesondere des Forums (Status eingeloggt) erforderlich&hellip; <a class=\"more-link\" href=\"https:\/\/planetdiablo.eu\/de\/ueber-uns\/datenschutz\/\"><span class=\"screen-reader-text\">Datenschutz<\/span> weiterlesen<\/a><\/p>\n","protected":false},"author":762,"featured_media":0,"parent":585401,"menu_order":12,"comment_status":"closed","ping_status":"closed","template":"","meta":{"footnotes":""},"class_list":["post-585567","page","type-page","status-publish","hentry","entry"],"_links":{"self":[{"href":"https:\/\/planetdiablo.eu\/de\/wp-json\/wp\/v2\/pages\/585567","targetHints":{"allow":["GET"]}}],"collection":[{"href":"https:\/\/planetdiablo.eu\/de\/wp-json\/wp\/v2\/pages"}],"about":[{"href":"https:\/\/planetdiablo.eu\/de\/wp-json\/wp\/v2\/types\/page"}],"author":[{"embeddable":true,"href":"https:\/\/planetdiablo.eu\/de\/wp-json\/wp\/v2\/users\/762"}],"replies":[{"embeddable":true,"href":"https:\/\/planetdiablo.eu\/de\/wp-json\/wp\/v2\/comments?post=585567"}],"version-history":[{"count":5,"href":"https:\/\/planetdiablo.eu\/de\/wp-json\/wp\/v2\/pages\/585567\/revisions"}],"predecessor-version":[{"id":585653,"href":"https:\/\/planetdiablo.eu\/de\/wp-json\/wp\/v2\/pages\/585567\/revisions\/585653"}],"up":[{"embeddable":true,"href":"https:\/\/planetdiablo.eu\/de\/wp-json\/wp\/v2\/pages\/585401"}],"wp:attachment":[{"href":"https:\/\/planetdiablo.eu\/de\/wp-json\/wp\/v2\/media?parent=585567"}],"curies":[{"name":"wp","href":"https:\/\/api.w.org\/{rel}","templated":true}]}}