{"id":585583,"date":"2022-04-27T16:43:40","date_gmt":"2022-04-27T14:43:40","guid":{"rendered":"https:\/\/planetdiablo.eu\/de\/?page_id=585583"},"modified":"2022-04-27T16:52:04","modified_gmt":"2022-04-27T14:52:04","slug":"goodies-fuer-unterstuetzer","status":"publish","type":"page","link":"https:\/\/planetdiablo.eu\/de\/ueber-uns\/goodies-fuer-unterstuetzer\/","title":{"rendered":"Goodies f\u00fcr Unterst\u00fctzer"},"content":{"rendered":"\n<p>Wer uns unterst\u00fctzt soll auch was davon haben. Nun, da w\u00e4re zum einen diese Webseite, dieses Forum und der Discordserver welche wir Euch zur Nutzung anbieten k\u00f6nnen.<\/p>\n\n\n\n<p>Dar\u00fcber hinaus wollen wir uns aber weiter erkenntlich zeigen denn schlie\u00dflich lebt dieses Projekt nur von Eurer Uterst\u00fctzung (neben unserer T\u00e4tigkeit, versteht sich).<br>Nun Kochtopfsets, eine sch\u00f6ne Armbanduhr oder eine Mini-Kaffeemaschine haben wir gerade nicht zur Hand.<\/p>\n\n\n\n<p>Wir wollen aber Nutzern des Forums (sofern diese das wollen) die uns mit mindestens 20 Euro f\u00fcr ein Jahr unterst\u00fctzen, mit dem Usertitel &#8222;Unterst\u00fctzer&#8220; f\u00fcr dieses Jahr auszeichnen. Mitglieder des Vereins bekommen ebenfalls ein Tag wie &#8222;Mitglied&#8220; oder &#8222;Clubmember&#8220;.<\/p>\n\n\n\n<p><br>Einige weitere Nutzungserleichterungen oder Erweiterungen sind geplant. User die uns als Mitglied oder Spender unterst\u00fctzen bekommen zudem einen hochrangigen Nutzertitel (sofern gew\u00fcnscht) auf unserem Discord-Server der ihnen Rechte einr\u00e4umt welche sich andere erst hart erarbeiten m\u00fcssen.  \ud83d\ude09<\/p>\n\n\n\n<p>Gerne nehmen wir Eure <a href=\"https:\/\/planetdiablo.eu\/forum\/threads\/tristram-und-die-donation-communication-was-brauchts-ihr-und-wos-noeoed.1817748\/\">Vorschl\u00e4ge <\/a>entgegen. Blo\u00df, Kochtopfsets gibts bei uns definitiv nicht \ud83d\ude09<\/p>\n\n\n\n<p><br><\/p>\n","protected":false},"excerpt":{"rendered":"<p>Wer uns unterst\u00fctzt soll auch was davon haben. Nun, da w\u00e4re zum einen diese Webseite, dieses Forum und der Discordserver welche wir Euch zur Nutzung anbieten k\u00f6nnen. Dar\u00fcber hinaus wollen wir uns aber weiter erkenntlich zeigen denn schlie\u00dflich lebt dieses Projekt nur von Eurer Uterst\u00fctzung (neben unserer T\u00e4tigkeit, versteht sich).Nun Kochtopfsets, eine sch\u00f6ne Armbanduhr oder&hellip; <a class=\"more-link\" href=\"https:\/\/planetdiablo.eu\/de\/ueber-uns\/goodies-fuer-unterstuetzer\/\"><span class=\"screen-reader-text\">Goodies f\u00fcr Unterst\u00fctzer<\/span> weiterlesen<\/a><\/p>\n","protected":false},"author":762,"featured_media":0,"parent":585401,"menu_order":8,"comment_status":"closed","ping_status":"closed","template":"","meta":{"footnotes":""},"class_list":["post-585583","page","type-page","status-publish","hentry","entry"],"_links":{"self":[{"href":"https:\/\/planetdiablo.eu\/de\/wp-json\/wp\/v2\/pages\/585583","targetHints":{"allow":["GET"]}}],"collection":[{"href":"https:\/\/planetdiablo.eu\/de\/wp-json\/wp\/v2\/pages"}],"about":[{"href":"https:\/\/planetdiablo.eu\/de\/wp-json\/wp\/v2\/types\/page"}],"author":[{"embeddable":true,"href":"https:\/\/planetdiablo.eu\/de\/wp-json\/wp\/v2\/users\/762"}],"replies":[{"embeddable":true,"href":"https:\/\/planetdiablo.eu\/de\/wp-json\/wp\/v2\/comments?post=585583"}],"version-history":[{"count":5,"href":"https:\/\/planetdiablo.eu\/de\/wp-json\/wp\/v2\/pages\/585583\/revisions"}],"predecessor-version":[{"id":585667,"href":"https:\/\/planetdiablo.eu\/de\/wp-json\/wp\/v2\/pages\/585583\/revisions\/585667"}],"up":[{"embeddable":true,"href":"https:\/\/planetdiablo.eu\/de\/wp-json\/wp\/v2\/pages\/585401"}],"wp:attachment":[{"href":"https:\/\/planetdiablo.eu\/de\/wp-json\/wp\/v2\/media?parent=585583"}],"curies":[{"name":"wp","href":"https:\/\/api.w.org\/{rel}","templated":true}]}}