{"id":585614,"date":"2022-04-27T15:13:50","date_gmt":"2022-04-27T13:13:50","guid":{"rendered":"https:\/\/planetdiablo.eu\/de\/?page_id=585614"},"modified":"2022-04-27T15:36:21","modified_gmt":"2022-04-27T13:36:21","slug":"mitgliedsbeitraege-fuer-tristram-e-v","status":"publish","type":"page","link":"https:\/\/planetdiablo.eu\/de\/ueber-uns\/mitgliedsbeitraege-fuer-tristram-e-v\/","title":{"rendered":"Mitgliedsbeitr\u00e4ge f\u00fcr Tristram e.V."},"content":{"rendered":"\n<p>Liebe Mitglieder, wir wollen Euch das Zahlen der Mitgliedsbeitr\u00e4ge so einfach wie m\u00f6glich machen und haben Euch einen QR-Code f\u00fcr den Mindest-Mitgliedsbeitrag vorbereitet. Ihr d\u00fcrft auch gerne mehr zahlen, das ist erlaubt \ud83d\ude42 <br><\/p>\n\n\n\n<div class=\"wp-block-image\"><figure class=\"aligncenter size-full\"><img loading=\"lazy\" decoding=\"async\" width=\"200\" height=\"400\" src=\"https:\/\/planetdiablo.eu\/de\/wp-content\/uploads\/2022\/04\/tristram_mitgliedsbeitrag_24.png\" alt=\"\" class=\"wp-image-585615\"\/><\/figure><\/div>\n\n\n\n<p>Wer mit dem Code nichts anfangen kann oder will, verwendet einfach unsere Bankverbindung wie <a href=\"https:\/\/planetdiablo.eu\/de\/ueber-uns\/spenden-oder-betraege\/\">Ihr sie hier findet<\/a>.<\/p>\n\n\n\n<p><strong>Vergesst nicht, Eure Mitgliedsnummer oder Euren Namen auf der \u00dcberweisung mit anzugeben, sonst k\u00f6nnen wir die Beitragszahlung nicht zuordnen.<\/strong><\/p>\n","protected":false},"excerpt":{"rendered":"<p>Liebe Mitglieder, wir wollen Euch das Zahlen der Mitgliedsbeitr\u00e4ge so einfach wie m\u00f6glich machen und haben Euch einen QR-Code f\u00fcr den Mindest-Mitgliedsbeitrag vorbereitet. Ihr d\u00fcrft auch gerne mehr zahlen, das ist erlaubt \ud83d\ude42 Wer mit dem Code nichts anfangen kann oder will, verwendet einfach unsere Bankverbindung wie Ihr sie hier findet. Vergesst nicht, Eure Mitgliedsnummer&hellip; <a class=\"more-link\" href=\"https:\/\/planetdiablo.eu\/de\/ueber-uns\/mitgliedsbeitraege-fuer-tristram-e-v\/\"><span class=\"screen-reader-text\">Mitgliedsbeitr\u00e4ge f\u00fcr Tristram e.V.<\/span> weiterlesen<\/a><\/p>\n","protected":false},"author":762,"featured_media":0,"parent":585401,"menu_order":7,"comment_status":"closed","ping_status":"closed","template":"","meta":{"footnotes":""},"class_list":["post-585614","page","type-page","status-publish","hentry","entry"],"_links":{"self":[{"href":"https:\/\/planetdiablo.eu\/de\/wp-json\/wp\/v2\/pages\/585614","targetHints":{"allow":["GET"]}}],"collection":[{"href":"https:\/\/planetdiablo.eu\/de\/wp-json\/wp\/v2\/pages"}],"about":[{"href":"https:\/\/planetdiablo.eu\/de\/wp-json\/wp\/v2\/types\/page"}],"author":[{"embeddable":true,"href":"https:\/\/planetdiablo.eu\/de\/wp-json\/wp\/v2\/users\/762"}],"replies":[{"embeddable":true,"href":"https:\/\/planetdiablo.eu\/de\/wp-json\/wp\/v2\/comments?post=585614"}],"version-history":[{"count":3,"href":"https:\/\/planetdiablo.eu\/de\/wp-json\/wp\/v2\/pages\/585614\/revisions"}],"predecessor-version":[{"id":585619,"href":"https:\/\/planetdiablo.eu\/de\/wp-json\/wp\/v2\/pages\/585614\/revisions\/585619"}],"up":[{"embeddable":true,"href":"https:\/\/planetdiablo.eu\/de\/wp-json\/wp\/v2\/pages\/585401"}],"wp:attachment":[{"href":"https:\/\/planetdiablo.eu\/de\/wp-json\/wp\/v2\/media?parent=585614"}],"curies":[{"name":"wp","href":"https:\/\/api.w.org\/{rel}","templated":true}]}}