{"id":586346,"date":"2023-02-01T09:35:11","date_gmt":"2023-02-01T07:35:11","guid":{"rendered":"https:\/\/planetdiablo.eu\/de\/?page_id=586346"},"modified":"2023-02-20T17:26:51","modified_gmt":"2023-02-20T15:26:51","slug":"rites-of-sanctuary","status":"publish","type":"page","link":"https:\/\/planetdiablo.eu\/de\/rites-of-sanctuary\/","title":{"rendered":"Altar der Riten"},"content":{"rendered":"\n<p class=\"has-white-color has-text-color\">Hier erfahrt ihr alles rund um den Altar der Riten von Sanktuario \/ Rites of Sanctuary aus Season 28 \/ Patch 2.7.5.<\/p>\n\n\n\n<ul class=\"wp-block-list\">\n<li><a href=\"#Standort\">Standort Altar<\/a><\/li>\n\n\n\n<li><a href=\"#Siegel\">Die Siegel<\/a><\/li>\n\n\n\n<li><a href=\"#Kosten\">Kosten<\/a><\/li>\n\n\n\n<li><a href=\"#Mechaniken\">Mechaniken<\/a><\/li>\n\n\n\n<li><a href=\"#Tipps\">Tipps und Tricks<\/a><\/li>\n<\/ul>\n\n\n\n<h2 class=\"wp-block-heading\" id=\"Standort\">Standort Altar<\/h2>\n\n\n\n<p>Vorab noch ein Bild zum Ort, an dem der Altar steht (nur in Season!):<\/p>\n\n\n\n<figure class=\"wp-block-image size-full\"><img loading=\"lazy\" decoding=\"async\" width=\"587\" height=\"501\" src=\"https:\/\/planetdiablo.eu\/de\/wp-content\/uploads\/2023\/02\/Position-Altar.jpg\" alt=\"\" class=\"wp-image-586407\" srcset=\"https:\/\/planetdiablo.eu\/de\/wp-content\/uploads\/2023\/02\/Position-Altar.jpg 587w, https:\/\/planetdiablo.eu\/de\/wp-content\/uploads\/2023\/02\/Position-Altar-475x405.jpg 475w\" sizes=\"auto, (max-width: 587px) 100vw, 587px\" \/><\/figure>\n\n\n\n<p>Der Altar befindet sich somit nicht in den Schw\u00e4renden W\u00e4ldern \/ Festering Woods, wie man das aufgrund der Ank\u00fcndigung annehmen k\u00f6nnte, sondern in Neu Tristram. Sobald man das erste mal mit dem Char nach Neu Tristram geht, erscheint eine Quest, die einen an den Alter heranf\u00fchren soll.<\/p>\n\n\n\n<h2 class=\"wp-block-heading\" id=\"Siegel\">Die Siegel<\/h2>\n\n\n\n<p class=\"Siegel\">Folgende Siegel k\u00f6nnen am Altar frrei geschalten werden:<\/p>\n\n\n\n<figure class=\"wp-block-table\"><table><tbody><tr><td>Siegel \/ Seal<\/td><td>Kraft<\/td><td>Power<\/td><\/tr><tr><td>A<\/td><td>Die Dauer Eures Blutrausch-Timers und der gew\u00e4hrte Bonus sind verdoppelt.<\/td><td>Your Kill Streak timer duration and reward bonus are doubled.<\/td><\/tr><tr><td>B<\/td><td>Brunnen der Reflexion halten die ganze Saison lang an und werden beim Tod nicht entfernt.<\/td><td>Pools of Reflection last for the entire Season and are not removed by death.<\/td><\/tr><tr><td>C<\/td><td>Gegenst\u00e4nde haben keine Stufenvoraussetzungen.<\/td><td>Items have no level requirement.<\/td><\/tr><tr><td>D<\/td><td>+200 Schaden<\/td><td>+200 Damage<\/td><\/tr><tr><td>E<\/td><td>+25% Geschoss-Schadensreduktion<\/td><td>+25% Missile Damage Reduction<\/td><\/tr><tr><td>F<\/td><td>+25 % Bewegungsgeschwindigkeit (unbegrenzt)<\/td><td>+25% Movement Speed (Uncapped)<\/td><\/tr><tr><td>G<\/td><td>Erh\u00f6ht den Schaden gegen Elitegegner um 15 %.<\/td><td>Increase damage against elites by 15%.<\/td><\/tr><tr><td>H<\/td><td>Das Aufsammeln von Heilkugeln gew\u00e4hrt 7 Sek. lang einen Schild in H\u00f6he von 5 % Eures maximalen Lebens. Bis zu 5-mal stapelbar.<\/td><td>Picking up Health Globes grants a shield for 5% of your maximum health for 7 seconds. Max stacks 5.<\/td><\/tr><tr><td>I<\/td><td>+25% Nachkampf-Schadensreduktion.<\/td><td>+25% Melee Damage Reduction.<\/td><\/tr><tr><td>J<\/td><td>Erh\u00f6ht euren h\u00f6chsten Elementarschadensbonus um 10 %.<\/td><td>Increases your highest elemental skill damage bonus by 10%.<\/td><\/tr><tr><td>K<\/td><td>Erh\u00f6ht den Schaden gegen Elitegegner um 20 %.<\/td><td>Increase damage against elites by 20%.<\/td><\/tr><tr><td>L<\/td><td>+20% Schaden<\/td><td>+20% Damage<\/td><\/tr><tr><td>M<\/td><td>Verdoppelt die Menge an fallen gelassenem Atem des Todes.<\/td><td>Double the amount of Death&#8217;s Breaths that drop.<\/td><\/tr><tr><td>N<\/td><td>Kritische Treffer gew\u00e4hren Ressourcen: Mana: 15 Hass: 5 Zorn: 5 Arkankraft: 3 Wut: 3 Geisteskraft: 5 Essenz: 5.<\/td><td>Critical hits grant resource: Mana: 15, Hatred: 5, Wrath: 5, Arcane Power: 3, Fury: 3, Spirit: 5, Essence: 5.<\/td><\/tr><tr><td>O<\/td><td>Verdoppelt die Menge an W\u00fcrfelchen, die aus abgeschlossenen Kopfgeldern erhalten werden.<\/td><td>Double the amount of Bounty Caches that drop from completing bounties.<\/td><\/tr><tr><td>P<\/td><td>Fortschrittskugeln aus Nephalemportalen und Gro\u00dfen Nephalemportalen innerhalb von 60&nbsp;Metern werden automatisch aufgesammelt.<\/td><td>Progress orbs from Nephalem and Greater Rifts are automatically picked up within 60 yards.<\/td><\/tr><tr><td>Q<\/td><td>Verringert den erlittenen Schaden durch Elitegegner um 25 %.<\/td><td>Reduces the damage taken from elites by 25%.<\/td><\/tr><tr><td>R<\/td><td>+30% Schaden<\/td><td>+30% Damage<\/td><\/tr><tr><td>S<\/td><td>Gew\u00e4hrt Immunit\u00e4t gegen Kontrollverlusteffekte.<\/td><td>Gain immunity to crowd-controlling effects.<\/td><\/tr><tr><td>T<\/td><td>Ihr k\u00f6nnt Euch durch Gegner hindurchbewegen.<\/td><td>Gain passability.<\/td><\/tr><tr><td>U<\/td><td>Gef\u00e4hrten sammeln Atem des Todes auf.<\/td><td>Pets pick up Death&#8217;s Breath.<\/td><\/tr><tr><td>V<\/td><td>Elitegegner lassen eine zus\u00e4tzliche Fortschrittskugel fallen.<\/td><td>Elite packs drop one additional progress orb.<\/td><\/tr><tr><td>W<\/td><td>Erh\u00f6ht den Schaden gegen Bosse um 25 %.<\/td><td>Increase damage done to Bosses by 25%.<\/td><\/tr><tr><td>X<\/td><td>Gef\u00e4hrten sammeln gew\u00f6hnliche, magische und seltene Gegenst\u00e4nde auf und verwerten sie wieder.<\/td><td>Pets pick up and salvage common, magic, and rare items.<\/td><\/tr><tr><td>Y<\/td><td>Erh\u00f6ht Eure Ausweichchance um 15 %.<\/td><td>Increase your chance to Dodge by 15%.<\/td><\/tr><tr><td>Z<\/td><td>Verdoppelt die Chance, bei Kadala einen legend\u00e4ren Gegenstand zu finden.<\/td><td>Double the chance to find a legendary item purchased from Kadala.<\/td><\/tr><tr><td>Potion AA<\/td><td>Wenn Ihr Euren Heiltrank trinkt, manifestiert Ihr auf dem Boden einen von drei Runenkreisen, die erh\u00f6hten Schaden, erh\u00f6hte Abklingzeitreduktion oder erh\u00f6hte Ressourcenkostenreduktion gew\u00e4hren.<\/td><td>When you drink your health potion, you manifest one of three runic circles on the ground that grant increased damage, increased cooldown reduction, or increased resource cost reduction.<\/td><\/tr><tr><td>Potion AB<\/td><td>Wenn Ihr Euren Heiltrank trinkt, verursachen alle Gegner im Umkreis von 25 Metern 25 % weniger Schaden.<\/td><td>When you drink your health potion, all enemies within 25 yards deal 25% less damage.<\/td><\/tr><tr><td>Potion AC<\/td><td>Wenn Ihr Euren Heiltrank trinkt, erhaltet Ihr einen zuf\u00e4lligen Schreineffekt oder den Effekt des Pylonen der Dimensionsmacht.<\/td><td>When you drink your health potion, gain a random shrine or the Dimensional Power pylon effect.<\/td><\/tr><tr><td>AD<\/td><td>Wenn ein archaischer Gegenstand fallengelassen wird, wird zus\u00e4tzlich ein zweiter zuf\u00e4lliger archaischer Gegenstand fallengelassen.<\/td><td>When a primal item drops, a second random primal item drops as well.<\/td><\/tr><\/tbody><\/table><\/figure>\n\n\n\n<hr class=\"wp-block-separator has-alpha-channel-opacity\"\/>\n\n\n\n<h2 class=\"wp-block-heading\" id=\"Kosten\">Kosten<\/h2>\n\n\n\n<p>Und um die einzelnen Siegel frei zu schalten, muss man Siegelpunkte sammeln. Diese kosten je nach Stufe folgendes (damit ihr die Sachen schneller findet, sind in der letzten Spalte &#8222;Fundorte&#8220; der Gegenst\u00e4nde oder wie man an die Gegenst\u00e4nde ran kommt aufgef\u00fchrt &#8211; pro Gegenstand ein mal):<\/p>\n\n\n\n<figure class=\"wp-block-table\"><table><tbody><tr><td><\/td><td>Kosten<\/td><td>Cost<\/td><td>Fundort<\/td><\/tr><tr><td>1<\/td><td>10 Wiederverwertbare Teile<\/td><td>10 Reusable Parts<\/td><td>normalen Gegenstand zerlegen<\/td><\/tr><tr><td>2<\/td><td>1 Makelloser Diamant (oder besser),<br>15 Arkanstaub,<br>20 Wiederverwertbare Teile<\/td><td>1 Flawless Diamond (or greater), 15 Arcane Dust, 20 Resuable Parts<\/td><td>Edelstein aus Truhen oder von Gegnern, Arkane Dust <\/td><\/tr><tr><td>3<\/td><td>1 Gro\u00dfer Portalschl\u00fcssel,<br>10 Atem des Todes<\/td><td>1 Greater Rift Key, 10 Death&#8217;s Breaths<\/td><td>Schl\u00fcssel von einem Riftw\u00e4chter, Atem des Todes von Elitegegnern und Goblins<\/td><\/tr><tr><td>4<\/td><td>Kopfschutz aus einem beliebigen klassenspezifischen Set<\/td><td>Any Class Specific Set Helm<\/td><td>Truhen \/ Gegner<\/td><\/tr><tr><td>5<\/td><td>20 Vergessene Seelen,<br>10 Runen aus Khanduras,<br>10 Nachtschatten aus Caldeum,<br>10 Wandteppiche aus Arreat, 10 Verderbtes Engelsfleisch,<br>10 Heiliges Wasser aus Westmark<\/td><td>20 Forgotten Souls, 10 Khanduran Runes, 10 Caldeum Nightshade, 10 Arreat War Tapestry, 10 Corrupted Angel Flesh, 10 Westmarch Holy Water<\/td><td>Die Seelen durch das Zerlegen von Legend\u00e4ren Gegenst\u00e4nden, die anderen 5 Zutaten durch das Abschlie\u00dfen von Kopfgeldern in den 5 Akten<\/td><\/tr><tr><td>6<\/td><td>1 Leorics Bedauern,<br>1 Phiole der F\u00e4ulnis,<br>1 G\u00f6tze des Terrors,<br>1 Herz des Schreckens<\/td><td>1 Leoric&#8217;s Regret, 1 Vial of Putridness, 1 Idol of Terror, 1 Heart of Fright<\/td><td>Schl\u00fcsselh\u00fcter Akt I &#8211; IV &#8211;&gt; Maschinen &#8211;&gt; Portale in Neu Tristram &#8211;&gt; Drop von Uberbossen <\/td><\/tr><tr><td>7<\/td><td>Wickeltuch des Seelenernters<\/td><td>Reaper&#8217;s Wraps<\/td><td>Plan ist Drop von Malthael<\/td><\/tr><tr><td>8<\/td><td>30 Vergessene Seelen<\/td><td>30 Forgotten Souls<\/td><td><\/td><\/tr><tr><td>9<\/td><td>1.100 Blutsplitter<\/td><td>1,100 Bloodshards<\/td><td>Abschlie\u00dfen von Nephalem Portalen oder von Blutgoblins oder aus Belohnungstruhen<\/td><\/tr><tr><td>10<\/td><td>1 Makelloser k\u00f6niglicher Rubin, <br>20 Atem des Todes,<br>Ring des k\u00f6niglichen Prunks<\/td><td>1 Flawless Royal Ruby, 20 Death&#8217;s Breaths, Ring of Royal Grandeur<\/td><td>Den Ring gibt es aus den Kopgeldtruhen aus Akt I und mit etwas niedrigerer Wahrscheinlichkeit aus Akt IV<\/td><\/tr><tr><td>11<\/td><td>1 Makelloser k\u00f6niglicher Smaragd,<br>30 Runen aus Khanduras,<br>30 Nachtschatten aus Caldeum,<br>30 Wandteppiche aus Arreat, <br>30 Verderbtes Engelsfleisch,<br>30 Heiliges Wasser aus Westmark<\/td><td>1 Flawless Royal Emerald, 30 Khanduran Runes, 30 Caldeum Nightshade, 30 Arreat War Tapestry, 30 Corrupted Angel Flesh, 30 Westmarch Holy Water<\/td><td><\/td><\/tr><tr><td>12<\/td><td>20 Gro\u00dfe Portalschl\u00fcssel,<br>1 Ramaladnis Gabe<\/td><td>20 Greater Rift Keys, 1 Ramaladni&#8217;s Gift<\/td><td>Ramaladnis Gabe ist ein legend\u00e4rer Verbauchsgegenstand (Zufallsdrop)<\/td><\/tr><tr><td>13<\/td><td>1.300 Blutsplitter<\/td><td>1,300 Bloodshards<\/td><td><\/td><\/tr><tr><td>14<\/td><td>Erstarrter Schrei<\/td><td>Petrified Scream<\/td><td>Der Erstarrte Schrei ist ein legend\u00e4rer Schl\u00fcssel (Zufallsdrop)<\/td><\/tr><tr><td>15<\/td><td>Herausforderungsportaltruhe<\/td><td>Challenge Rift Cache<\/td><td>Abschlie\u00dfen eines w\u00f6chentlich wechselnden Herausforderungsportals<\/td><\/tr><tr><td>16<\/td><td>250 Vergessene Seelen<\/td><td>250 Forgotten Souls<\/td><td><\/td><\/tr><tr><td>17<\/td><td>1.400 Blutsplitter<\/td><td>1,400 Bloodshards<\/td><td><\/td><\/tr><tr><td>18<\/td><td>Uraltes H\u00f6llenfeueramulett<\/td><td>Ancient Hellfire Amulet<\/td><td>Plan von Kr\u00fcmelchen (Akt II), Zutaten von den Uberbossen, Craften beim Juwelier<\/td><\/tr><tr><td>19<\/td><td>4 Seiten aus dem Folianten der Setportale f\u00fcr eure Klasse. Weitere Informationen findet ihr in der Tabelle unten.<\/td><td>Four Tome of Set Dungeon Pages from your class. See the chart below for more information.<\/td><td>siehe unten <\/td><\/tr><tr><td>20<\/td><td>Uralter Flechtring,<br>50 Runen aus Khanduras,<br>50 Nachtschatten aus Caldeum,<br>50 Wandteppiche aus Arreat,<br>50 Verderbtes Engelsfleisch,<br>50 Heiliges Wasser aus Westmark<\/td><td>Ancient Puzzle Ring, 50 Khanduran Runes, 50 Caldeum Nightshade, 50 Arreat War Tapestry, 50 Corrupted Angel Flesh, 50 Westmarch Holy Water<\/td><td>Der Felchtring ist ein Zufallsdrop<\/td><\/tr><tr><td>21<\/td><td>500 Atem des Todes,<br>300 Vergessene Seelen<\/td><td>500 Death&#8217;s Breaths, 300 Forgotten Souls<\/td><td><\/td><\/tr><tr><td>22<\/td><td>1.500 Blutsplitter<\/td><td>1,500 Bloodshards<\/td><td><\/td><\/tr><tr><td>23<\/td><td>Fl\u00fcstern der Bu\u00dfe (Rang 125)<\/td><td>Whisper of Atonement Rank 125<\/td><td>Erstarrter Schrei &#8211;&gt; Hallender Alptraum &#8211;&gt; Drop als Belohnung; Stufe 125 ist die h\u00f6chste Stufe<\/td><\/tr><tr><td>24<\/td><td>Beliebige verst\u00e4rkte Waffe<\/td><td>Any Augmented Weapon<\/td><td>Mit Caldesanns Verzweiflung (Seite 10 im W\u00fcrfel); Edelstein muss mindesten Stufe 30 sein<\/td><\/tr><tr><td>25<\/td><td>Hirtenstab<\/td><td>Staff of Herding<\/td><td><a href=\"https:\/\/planetdiablo.eu\/de\/der-hirtenstab\/\" data-type=\"URL\" data-id=\"https:\/\/planetdiablo.eu\/de\/der-hirtenstab\/\" target=\"_blank\" rel=\"noreferrer noopener\">siehe Guide<\/a><\/td><\/tr><tr><td>26<\/td><td>1.600 Blutsplitter<\/td><td>1,600 Bloodshards<\/td><td>Hierzu muss man mindestens Grift 110 solo abgeschlossen habe, da man ansonsten nicht so viele Blutscherben sammeln kann!<\/td><\/tr><tr><td>P1<\/td><td>55 Archaische Aschen<\/td><td>55 Primordial Ashes<\/td><td>Primals zerlegen<\/td><\/tr><tr><td>P2<\/td><td>110 Archaische Aschen<\/td><td>110 Primordial Ashes<\/td><td>Primals zerlegen<\/td><\/tr><tr><td>P3<\/td><td>165 Archaische Aschen<\/td><td>165 Primordial Ashes<\/td><td>Primals zerlegen<\/td><\/tr><\/tbody><\/table><\/figure>\n\n\n\n<p>Sobald man alle Siegel und Tr\u00e4nke frei geschalten hat, erh\u00e4lt man als Belohnung die Wings of Terror.<\/p>\n\n\n\n<figure class=\"wp-block-image size-full\"><img loading=\"lazy\" decoding=\"async\" width=\"628\" height=\"422\" src=\"https:\/\/planetdiablo.eu\/de\/wp-content\/uploads\/2023\/01\/d3-wings-of-terror-P275.webp\" alt=\"\" class=\"wp-image-586341\" srcset=\"https:\/\/planetdiablo.eu\/de\/wp-content\/uploads\/2023\/01\/d3-wings-of-terror-P275.webp 628w, https:\/\/planetdiablo.eu\/de\/wp-content\/uploads\/2023\/01\/d3-wings-of-terror-P275-603x405.webp 603w\" sizes=\"auto, (max-width: 628px) 100vw, 628px\" \/><\/figure>\n\n\n\n<p>Und zu den Seiten aus Punkt 19:<\/p>\n\n\n\n<p>Geht in Akt I zum Wegpunkt &#8222;Innenhof von Leorics Anwesen&#8220; und dann nach links zu &#8222;Leorics Anwesen&#8220;. Dort dann weiter in die &#8222;Die K\u00f6niglichen Gem\u00e4cher&#8220; und zum Foliant der Setportale:<\/p>\n\n\n\n<figure class=\"wp-block-image size-full\"><img loading=\"lazy\" decoding=\"async\" width=\"365\" height=\"639\" src=\"https:\/\/planetdiablo.eu\/de\/wp-content\/uploads\/2023\/02\/Weg-zum-Pult.jpg\" alt=\"\" class=\"wp-image-586444\" srcset=\"https:\/\/planetdiablo.eu\/de\/wp-content\/uploads\/2023\/02\/Weg-zum-Pult.jpg 365w, https:\/\/planetdiablo.eu\/de\/wp-content\/uploads\/2023\/02\/Weg-zum-Pult-231x405.jpg 231w\" sizes=\"auto, (max-width: 365px) 100vw, 365px\" \/><\/figure>\n\n\n\n<figure class=\"wp-block-image size-full\"><img loading=\"lazy\" decoding=\"async\" width=\"504\" height=\"527\" src=\"https:\/\/planetdiablo.eu\/de\/wp-content\/uploads\/2023\/02\/Folaint-der-Setportale.jpg\" alt=\"\" class=\"wp-image-586445\" srcset=\"https:\/\/planetdiablo.eu\/de\/wp-content\/uploads\/2023\/02\/Folaint-der-Setportale.jpg 504w, https:\/\/planetdiablo.eu\/de\/wp-content\/uploads\/2023\/02\/Folaint-der-Setportale-387x405.jpg 387w\" sizes=\"auto, (max-width: 504px) 100vw, 504px\" \/><\/figure>\n\n\n\n<p>Klickt man diesen an, w\u00e4hrend man ein komplettes Klassen Set tr\u00e4gt bzw. sobald man den 6er-Bonus des Sets aktiv hat, f\u00e4llt ein Foliant, den man einsammeln kann. Nun muss man mit den 4 &#8222;alten&#8220; Sets einer Klasse (folgende funktionieren nicht, da es f\u00fcr diese kein Setdungeon gibt: Horde der Neunzig Wilden, Aegis der Tapferkeit, Getriebe des Schreckens, Muster der Gerechtigkeit, Mundunugus Ornat, Der Typhonschleier, Maskerade des Brennenden Karnevals) jeweils einen Folainten sammeln, und dann diese vier am Altar opfern.<br>Und das sind die Nummern der Foliante der einzelnen Klassen:<\/p>\n\n\n\n<figure class=\"wp-block-table\"><table><tbody><tr><td><strong>Barbar<\/strong><\/td><td>12, 14, 18, 22<\/td><\/tr><tr><td><strong>Kreuzritter<\/strong><\/td><td>31, 35, 37, 40<\/td><\/tr><tr><td><strong>D\u00e4monenj\u00e4ger<\/strong><\/td><td>52, 56, 60, 63<\/td><\/tr><tr><td><strong>M\u00f6nch<\/strong><\/td><td>71, 74, 78, 83<\/td><\/tr><tr><td><strong>Totenbeschw\u00f6rer<\/strong><\/td><td>85, 86, 90, 92<\/td><\/tr><tr><td><strong>Hexendoktor<\/strong><\/td><td>93, 97, 101, 106<\/td><\/tr><tr><td><strong>Zauberer<\/strong><\/td><td>112, 121, 126, 130<\/td><\/tr><\/tbody><\/table><\/figure>\n\n\n\n<hr class=\"wp-block-separator has-alpha-channel-opacity\"\/>\n\n\n\n<h2 class=\"wp-block-heading\" id=\"Mechaniken\">Mechaniken<\/h2>\n\n\n\n<p>Der Altar bzw. die Siegel sind aufgebaut wie ein Skillbaum bzw. wie dessen Wurzeln. <\/p>\n\n\n\n<figure class=\"wp-block-image size-full\"><img loading=\"lazy\" decoding=\"async\" width=\"783\" height=\"897\" src=\"https:\/\/planetdiablo.eu\/de\/wp-content\/uploads\/2023\/02\/Altar-leer-1.jpg\" alt=\"\" class=\"wp-image-586411\" srcset=\"https:\/\/planetdiablo.eu\/de\/wp-content\/uploads\/2023\/02\/Altar-leer-1.jpg 783w, https:\/\/planetdiablo.eu\/de\/wp-content\/uploads\/2023\/02\/Altar-leer-1-354x405.jpg 354w, https:\/\/planetdiablo.eu\/de\/wp-content\/uploads\/2023\/02\/Altar-leer-1-768x880.jpg 768w\" sizes=\"auto, (max-width: 783px) 100vw, 783px\" \/><\/figure>\n\n\n\n<p>Man muss die einzelnen Siegel der Reihe nach von oben nach unten\/links\/rechts aktivieren.<\/p>\n\n\n\n<p>Klickt man ein Siegel an, wird links angezeigt, was man daf\u00fcr opfern muss. Handelt es sich um Materialien, dann muss man anschlie\u00dfend einfach auf den Button darunter dr\u00fccken (vorausgesetzt man besitzt ausreichend Material). Ist das Opfer aber ein Gegenstand, wie z.B. der Sethelm, so muss man auf den Button klicken und der Mauszeiger verwandelt sich in das Zerlegensymbol, das man vom Schmied kennt. Au\u00dferdem werden im Inventar alle nicht relevanten Items ausgegraut. Nun klickt man im Inventar auf den Gegenstand, den man opfern will und das Siegel ist frei geschalten. So wird vermieden, dass ausversehen der falsche Gegenstand zerlegt wird, wenn man gerade mehrere davon im Inventar liegen hat.<\/p>\n\n\n\n<p>Nach aktuellem Stand gibt es den Altar nur in der Season 28, aber es wird bereits gemunkelt, dass der Altar im Anschluss in Nonseason \u00fcbernommen wird.<\/p>\n\n\n\n<hr class=\"wp-block-separator has-alpha-channel-opacity\"\/>\n\n\n\n<h2 class=\"wp-block-heading\" id=\"Tipps\">Tipps und Tricks<\/h2>\n\n\n\n<p>Will man bei den ersten sein, die alle Siegel frei geschalten haben, sollt man die Challenge Rift Kiste nicht f\u00fcr die Mats \u00f6ffnen sondern direkt f\u00fcr Stufe 15 nutzen, da man ansonsten bis Dienstag warten muss, bis man wieder die M\u00f6glichkeit hat, eine zu bekommen.<\/p>\n\n\n\n<p>Edelsteine kann man schnell bekommen, wenn man die Kopfgelder der Bosse macht, von denen aus jedem Akt immer eines aktiv sein sollte (ausser in Akt IV). Nachdem der Boss besiegt wurde, erscheint eine Truhe, die einige Edelsteine enth\u00e4lt.<br>Maghda (Akt II) bietet sich genauso an wie Zoltun Kull (Akt II), da sie sehr nahe am Wegpunkt liegen bzw. der Weg immer gleich ist und die beiden Gegner leicht zu besiegen sind.<\/p>\n\n\n\n<p>Ansonsten sind die Fundorte bzw. die Art und Weise wie man an die einzelnen Sachen kommt oben aufgef\u00fchrt.<\/p>\n","protected":false},"excerpt":{"rendered":"<p>Hier erfahrt ihr alles rund um den Altar der Riten von Sanktuario \/ Rites of Sanctuary aus Season 28 \/ Patch 2.7.5. Standort Altar Vorab noch ein Bild zum Ort, an dem der Altar steht (nur in Season!): Der Altar befindet sich somit nicht in den Schw\u00e4renden W\u00e4ldern \/ Festering Woods, wie man das aufgrund&hellip; <a class=\"more-link\" href=\"https:\/\/planetdiablo.eu\/de\/rites-of-sanctuary\/\"><span class=\"screen-reader-text\">Altar der Riten<\/span> weiterlesen<\/a><\/p>\n","protected":false},"author":847,"featured_media":586411,"parent":0,"menu_order":0,"comment_status":"closed","ping_status":"closed","template":"","meta":{"footnotes":""},"class_list":["post-586346","page","type-page","status-publish","has-post-thumbnail","hentry","entry"],"_links":{"self":[{"href":"https:\/\/planetdiablo.eu\/de\/wp-json\/wp\/v2\/pages\/586346","targetHints":{"allow":["GET"]}}],"collection":[{"href":"https:\/\/planetdiablo.eu\/de\/wp-json\/wp\/v2\/pages"}],"about":[{"href":"https:\/\/planetdiablo.eu\/de\/wp-json\/wp\/v2\/types\/page"}],"author":[{"embeddable":true,"href":"https:\/\/planetdiablo.eu\/de\/wp-json\/wp\/v2\/users\/847"}],"replies":[{"embeddable":true,"href":"https:\/\/planetdiablo.eu\/de\/wp-json\/wp\/v2\/comments?post=586346"}],"version-history":[{"count":26,"href":"https:\/\/planetdiablo.eu\/de\/wp-json\/wp\/v2\/pages\/586346\/revisions"}],"predecessor-version":[{"id":586468,"href":"https:\/\/planetdiablo.eu\/de\/wp-json\/wp\/v2\/pages\/586346\/revisions\/586468"}],"wp:featuredmedia":[{"embeddable":true,"href":"https:\/\/planetdiablo.eu\/de\/wp-json\/wp\/v2\/media\/586411"}],"wp:attachment":[{"href":"https:\/\/planetdiablo.eu\/de\/wp-json\/wp\/v2\/media?parent=586346"}],"curies":[{"name":"wp","href":"https:\/\/api.w.org\/{rel}","templated":true}]}}